{"id":5548,"date":"2023-02-28T13:36:33","date_gmt":"2023-02-28T16:36:33","guid":{"rendered":"https:\/\/fepale.org\/site\/?page_id=5548"},"modified":"2025-03-20T15:01:47","modified_gmt":"2025-03-20T18:01:47","slug":"agenda-lechera","status":"publish","type":"page","link":"https:\/\/fepale.org\/site\/agenda-lechera\/","title":{"rendered":"Agenda Lechera 2025"},"content":{"rendered":"\n<section id=\"gmbbce4ad\" class=\"wp-block-gutentor-m4 section-gmbbce4ad gutentor-module gutentor-advanced-columns has-color-bg has-custom-bg\"><div class=\"grid-container\"><div class=\"grid-row\">\n<div id=\"col-gm57c898\" class=\"wp-block-gutentor-m4-col col-gm57c898 gutentor-single-column  grid-lg-4 grid-md-12 grid-12\"><div id=\"section-gm57c898\" class=\"section-gm57c898 gutentor-col-wrap\">\n<div class=\"wp-block-uagb-image uagb-block-d83e8968 wp-block-uagb-image--layout-default wp-block-uagb-image--effect-zoomin wp-block-uagb-image--align-none is-style-default\"><figure class=\"wp-block-uagb-image__figure\"><img decoding=\"async\" srcset=\"https:\/\/fepale.org\/site\/wp-content\/uploads\/2025\/03\/24514041214.jpg ,https:\/\/fepale.org\/site\/wp-content\/uploads\/2025\/03\/24514041214.jpg 780w, https:\/\/fepale.org\/site\/wp-content\/uploads\/2025\/03\/24514041214.jpg 360w\" sizes=\"auto, (max-width: 480px) 150px\" src=\"https:\/\/fepale.org\/site\/wp-content\/uploads\/2025\/03\/24514041214.jpg\" alt=\"\" class=\"uag-image-7839\" width=\"1000\" height=\"540\" title=\"24514041214\" loading=\"lazy\" role=\"img\"\/><\/figure><\/div>\n<\/div><\/div>\n\n\n\n<div id=\"col-gm192f8a\" class=\"wp-block-gutentor-m4-col col-gm192f8a gutentor-single-column  grid-lg-8 grid-md-12 grid-12\"><div id=\"section-gm192f8a\" class=\"section-gm192f8a gutentor-col-wrap\">\n<div class=\"wp-block-stackable-heading stk-block-heading stk-block-heading--v2 stk-block stk-5b2adf6\" id=\"6-encuentro-panamericano-de-jovenes-lecheros-br-del-3-4-y-5-de-setiembre-de-2025\" data-block-id=\"5b2adf6\"><h3 class=\"stk-block-heading__text\">6\u00b0 Encuentro Panamericano de J\u00f3venes Lecheros<br>Del 3, 4 y 5 de setiembre de 2025<\/h3><\/div>\n\n\n\n<p><a href=\"https:\/\/fepale.org\/site\/2025\/03\/14\/jovenes-2025\/\" data-type=\"URL\" target=\"_blank\" rel=\"noreferrer noopener\">M\u00c1S INFO AQU\u00cd<\/a><\/p>\n<\/div><\/div>\n<\/div><\/div><\/section>\n\n\n\n<div class=\"wp-block-stackable-spacer stk-block-spacer stk--no-padding stk-block stk-d46ea3f\" data-block-id=\"d46ea3f\"><\/div>\n\n\n\n<section id=\"g-09rrr9o\" class=\"wp-block-gutentor-m4 section-g-09rrr9o gutentor-module gutentor-advanced-columns has-color-bg has-custom-bg\"><div class=\"grid-container\"><div class=\"grid-row\">\n<div id=\"col-g-bffrrt6\" class=\"wp-block-gutentor-m4-col col-g-bffrrt6 gutentor-single-column  grid-lg-4 grid-md-12 grid-12\"><div id=\"section-g-bffrrt6\" class=\"section-g-bffrrt6 gutentor-col-wrap\">\n<div class=\"wp-block-uagb-image uagb-block-87c0737e wp-block-uagb-image--layout-default wp-block-uagb-image--effect-zoomin wp-block-uagb-image--align-none is-style-default\"><figure class=\"wp-block-uagb-image__figure\"><img decoding=\"async\" srcset=\"https:\/\/fepale.org\/site\/wp-content\/uploads\/2025\/03\/20112554100.jpg ,https:\/\/fepale.org\/site\/wp-content\/uploads\/2025\/03\/20112554100.jpg 780w, https:\/\/fepale.org\/site\/wp-content\/uploads\/2025\/03\/20112554100.jpg 360w\" sizes=\"auto, (max-width: 480px) 150px\" src=\"https:\/\/fepale.org\/site\/wp-content\/uploads\/2025\/03\/20112554100.jpg\" alt=\"\" class=\"uag-image-7838\" width=\"1000\" height=\"540\" title=\"20112554100\" loading=\"lazy\" role=\"img\"\/><\/figure><\/div>\n<\/div><\/div>\n\n\n\n<div id=\"col-g-uet591c\" class=\"wp-block-gutentor-m4-col col-g-uet591c gutentor-single-column  grid-lg-8 grid-md-12 grid-12\"><div id=\"section-g-uet591c\" class=\"section-g-uet591c gutentor-col-wrap\">\n<div class=\"wp-block-stackable-heading stk-block-heading stk-block-heading--v2 stk-block stk-1090389\" id=\"idf-world-dairy-summit-santiago-chile-br-del-20-dede-2025\" data-block-id=\"1090389\"><h3 class=\"stk-block-heading__text\">IDF World Dairy Summit, Santiago Chile<br>Del 20 al 23 de octubre de 2025<\/h3><\/div>\n\n\n\n<p><a href=\"https:\/\/www.idfwds2025.com\/\" data-type=\"URL\" target=\"_blank\" rel=\"noreferrer noopener\">M\u00c1S INFO AQU\u00cd<\/a><\/p>\n<\/div><\/div>\n<\/div><\/div><\/section>\n","protected":false},"excerpt":{"rendered":"","protected":false},"author":1,"featured_media":5948,"parent":0,"menu_order":0,"comment_status":"closed","ping_status":"closed","template":"","meta":{"qubely_global_settings":"","qubely_interactions":"","_uag_custom_page_level_css":"","kk_blocks_editor_width":"","_kiokenblocks_attr":"","_kiokenblocks_dimensions":"","footnotes":""},"class_list":["post-5548","page","type-page","status-publish","has-post-thumbnail","hentry"],"featured_image_urls_v2":{"full":["https:\/\/fepale.org\/site\/wp-content\/uploads\/2023\/09\/622.jpg",1920,1225,false],"thumbnail":["https:\/\/fepale.org\/site\/wp-content\/uploads\/2023\/09\/622-150x150.jpg",150,150,true],"medium":["https:\/\/fepale.org\/site\/wp-content\/uploads\/2023\/09\/622-300x191.jpg",300,191,true],"medium_large":["https:\/\/fepale.org\/site\/wp-content\/uploads\/2023\/09\/622-768x490.jpg",768,490,true],"large":["https:\/\/fepale.org\/site\/wp-content\/uploads\/2023\/09\/622-1024x653.jpg",770,491,true],"1536x1536":["https:\/\/fepale.org\/site\/wp-content\/uploads\/2023\/09\/622-1536x980.jpg",1536,980,true],"2048x2048":["https:\/\/fepale.org\/site\/wp-content\/uploads\/2023\/09\/622.jpg",1920,1225,false],"qubely_landscape":["https:\/\/fepale.org\/site\/wp-content\/uploads\/2023\/09\/622-1200x750.jpg",1200,750,true],"qubely_portrait":["https:\/\/fepale.org\/site\/wp-content\/uploads\/2023\/09\/622-540x320.jpg",540,320,true],"qubely_thumbnail":["https:\/\/fepale.org\/site\/wp-content\/uploads\/2023\/09\/622-140x100.jpg",140,100,true],"gridlove-a4":["https:\/\/fepale.org\/site\/wp-content\/uploads\/2023\/09\/622-370x150.jpg",370,150,true],"gridlove-a4-orig":["https:\/\/fepale.org\/site\/wp-content\/uploads\/2023\/09\/622-370x236.jpg",370,236,true],"gridlove-a3-orig":["https:\/\/fepale.org\/site\/wp-content\/uploads\/2023\/09\/622-270x172.jpg",270,172,true],"gridlove-b6":["https:\/\/fepale.org\/site\/wp-content\/uploads\/2023\/09\/622-285x300.jpg",285,300,true],"gridlove-b7":["https:\/\/fepale.org\/site\/wp-content\/uploads\/2023\/09\/622-335x300.jpg",335,300,true],"gridlove-b8":["https:\/\/fepale.org\/site\/wp-content\/uploads\/2023\/09\/622-385x300.jpg",385,300,true],"gridlove-b9":["https:\/\/fepale.org\/site\/wp-content\/uploads\/2023\/09\/622-435x300.jpg",435,300,true],"gridlove-b12":["https:\/\/fepale.org\/site\/wp-content\/uploads\/2023\/09\/622-585x300.jpg",585,300,true],"gridlove-d3":["https:\/\/fepale.org\/site\/wp-content\/uploads\/2023\/09\/622-270x300.jpg",270,300,true],"gridlove-d3-orig":["https:\/\/fepale.org\/site\/wp-content\/uploads\/2023\/09\/622-270x172.jpg",270,172,true],"gridlove-d4":["https:\/\/fepale.org\/site\/wp-content\/uploads\/2023\/09\/622-370x300.jpg",370,300,true],"gridlove-d4-orig":["https:\/\/fepale.org\/site\/wp-content\/uploads\/2023\/09\/622-370x236.jpg",370,236,true],"gridlove-d5":["https:\/\/fepale.org\/site\/wp-content\/uploads\/2023\/09\/622-470x300.jpg",470,300,true],"gridlove-d6":["https:\/\/fepale.org\/site\/wp-content\/uploads\/2023\/09\/622-570x300.jpg",570,300,true],"gridlove-d6-orig":["https:\/\/fepale.org\/site\/wp-content\/uploads\/2023\/09\/622-570x364.jpg",570,364,true],"gridlove-cover":["https:\/\/fepale.org\/site\/wp-content\/uploads\/2023\/09\/622-1200x400.jpg",1200,400,true],"gridlove-single":["https:\/\/fepale.org\/site\/wp-content\/uploads\/2023\/09\/622-740x472.jpg",740,472,true],"gridlove-thumbnail":["https:\/\/fepale.org\/site\/wp-content\/uploads\/2023\/09\/622-80x60.jpg",80,60,true]},"post_excerpt_stackable_v2":"<p>6\u00b0 Encuentro Panamericano de J\u00f3venes LecherosDel 3, 4 y 5 de setiembre de 2025 M\u00c1S INFO AQU\u00cd IDF World Dairy Summit, Santiago ChileDel 20 al 23 de octubre de 2025 M\u00c1S INFO AQU\u00cd<\/p>\n","category_list_v2":"","author_info_v2":{"name":"PabloQ","url":"https:\/\/fepale.org\/site\/author\/pabloq\/"},"comments_num_v2":"0 comentarios","uagb_featured_image_src":{"full":["https:\/\/fepale.org\/site\/wp-content\/uploads\/2023\/09\/622.jpg",1920,1225,false],"thumbnail":["https:\/\/fepale.org\/site\/wp-content\/uploads\/2023\/09\/622-150x150.jpg",150,150,true],"medium":["https:\/\/fepale.org\/site\/wp-content\/uploads\/2023\/09\/622-300x191.jpg",300,191,true],"medium_large":["https:\/\/fepale.org\/site\/wp-content\/uploads\/2023\/09\/622-768x490.jpg",768,490,true],"large":["https:\/\/fepale.org\/site\/wp-content\/uploads\/2023\/09\/622-1024x653.jpg",770,491,true],"1536x1536":["https:\/\/fepale.org\/site\/wp-content\/uploads\/2023\/09\/622-1536x980.jpg",1536,980,true],"2048x2048":["https:\/\/fepale.org\/site\/wp-content\/uploads\/2023\/09\/622.jpg",1920,1225,false],"qubely_landscape":["https:\/\/fepale.org\/site\/wp-content\/uploads\/2023\/09\/622-1200x750.jpg",1200,750,true],"qubely_portrait":["https:\/\/fepale.org\/site\/wp-content\/uploads\/2023\/09\/622-540x320.jpg",540,320,true],"qubely_thumbnail":["https:\/\/fepale.org\/site\/wp-content\/uploads\/2023\/09\/622-140x100.jpg",140,100,true],"gridlove-a4":["https:\/\/fepale.org\/site\/wp-content\/uploads\/2023\/09\/622-370x150.jpg",370,150,true],"gridlove-a4-orig":["https:\/\/fepale.org\/site\/wp-content\/uploads\/2023\/09\/622-370x236.jpg",370,236,true],"gridlove-a3-orig":["https:\/\/fepale.org\/site\/wp-content\/uploads\/2023\/09\/622-270x172.jpg",270,172,true],"gridlove-b6":["https:\/\/fepale.org\/site\/wp-content\/uploads\/2023\/09\/622-285x300.jpg",285,300,true],"gridlove-b7":["https:\/\/fepale.org\/site\/wp-content\/uploads\/2023\/09\/622-335x300.jpg",335,300,true],"gridlove-b8":["https:\/\/fepale.org\/site\/wp-content\/uploads\/2023\/09\/622-385x300.jpg",385,300,true],"gridlove-b9":["https:\/\/fepale.org\/site\/wp-content\/uploads\/2023\/09\/622-435x300.jpg",435,300,true],"gridlove-b12":["https:\/\/fepale.org\/site\/wp-content\/uploads\/2023\/09\/622-585x300.jpg",585,300,true],"gridlove-d3":["https:\/\/fepale.org\/site\/wp-content\/uploads\/2023\/09\/622-270x300.jpg",270,300,true],"gridlove-d3-orig":["https:\/\/fepale.org\/site\/wp-content\/uploads\/2023\/09\/622-270x172.jpg",270,172,true],"gridlove-d4":["https:\/\/fepale.org\/site\/wp-content\/uploads\/2023\/09\/622-370x300.jpg",370,300,true],"gridlove-d4-orig":["https:\/\/fepale.org\/site\/wp-content\/uploads\/2023\/09\/622-370x236.jpg",370,236,true],"gridlove-d5":["https:\/\/fepale.org\/site\/wp-content\/uploads\/2023\/09\/622-470x300.jpg",470,300,true],"gridlove-d6":["https:\/\/fepale.org\/site\/wp-content\/uploads\/2023\/09\/622-570x300.jpg",570,300,true],"gridlove-d6-orig":["https:\/\/fepale.org\/site\/wp-content\/uploads\/2023\/09\/622-570x364.jpg",570,364,true],"gridlove-cover":["https:\/\/fepale.org\/site\/wp-content\/uploads\/2023\/09\/622-1200x400.jpg",1200,400,true],"gridlove-single":["https:\/\/fepale.org\/site\/wp-content\/uploads\/2023\/09\/622-740x472.jpg",740,472,true],"gridlove-thumbnail":["https:\/\/fepale.org\/site\/wp-content\/uploads\/2023\/09\/622-80x60.jpg",80,60,true]},"uagb_author_info":{"display_name":"PabloQ","author_link":"https:\/\/fepale.org\/site\/author\/pabloq\/"},"uagb_comment_info":0,"uagb_excerpt":null,"_links":{"self":[{"href":"https:\/\/fepale.org\/site\/wp-json\/wp\/v2\/pages\/5548","targetHints":{"allow":["GET"]}}],"collection":[{"href":"https:\/\/fepale.org\/site\/wp-json\/wp\/v2\/pages"}],"about":[{"href":"https:\/\/fepale.org\/site\/wp-json\/wp\/v2\/types\/page"}],"author":[{"embeddable":true,"href":"https:\/\/fepale.org\/site\/wp-json\/wp\/v2\/users\/1"}],"replies":[{"embeddable":true,"href":"https:\/\/fepale.org\/site\/wp-json\/wp\/v2\/comments?post=5548"}],"version-history":[{"count":66,"href":"https:\/\/fepale.org\/site\/wp-json\/wp\/v2\/pages\/5548\/revisions"}],"predecessor-version":[{"id":7844,"href":"https:\/\/fepale.org\/site\/wp-json\/wp\/v2\/pages\/5548\/revisions\/7844"}],"wp:featuredmedia":[{"embeddable":true,"href":"https:\/\/fepale.org\/site\/wp-json\/wp\/v2\/media\/5948"}],"wp:attachment":[{"href":"https:\/\/fepale.org\/site\/wp-json\/wp\/v2\/media?parent=5548"}],"curies":[{"name":"wp","href":"https:\/\/api.w.org\/{rel}","templated":true}]}}