{"id":2244,"date":"2021-03-24T12:20:02","date_gmt":"2021-03-24T15:20:02","guid":{"rendered":"https:\/\/fepale.org\/site\/?page_id=2244"},"modified":"2021-03-24T13:18:11","modified_gmt":"2021-03-24T16:18:11","slug":"declaraciones-feple","status":"publish","type":"page","link":"https:\/\/fepale.org\/site\/declaraciones-feple\/","title":{"rendered":"Declaraciones FEPALE"},"content":{"rendered":"\n<div class=\"wp-block-ugb-blog-posts ugb-blog-posts ugb-223886f ugb-blog-posts--v2 ugb-blog-posts--design-basic ugb-blog-posts--columns-3 ugb-main-block ugb--has-bottom-separator\"><style>.ugb-223886f .ugb-blog-posts__title a:hover{color:#38ac65 !important}.ugb-223886f .ugb-blog-posts__title{font-size:15px !important}<\/style><div class=\"ugb-bottom-separator\"><div class=\"ugb-separator-wrapper\"><svg viewbox=\"0 0 1600 200\" filter=\"url(#wave-2-shadow_svg__a)\" enablebackground=\"new 0 0 1600 200\" xmlns=\"http:\/\/www.w3.org\/2000\/svg\" class=\"ugb-separator__shadow\" preserveaspectratio=\"none\" aria-hidden=\"true\"><filter id=\"wave-2-shadow_svg__a\"><feGaussianBlur in=\"SourceAlpha\" stddeviation=\"4\"><\/feGaussianBlur><feComponentTransfer><feFuncA type=\"linear\" slope=\"0.4\"><\/feFuncA><\/feComponentTransfer><feMerge><feMergeNode><\/feMergeNode><feMergeNode in=\"SourceGraphic\"><\/feMergeNode><\/feMerge><\/filter><path class=\"wave-2-shadow_svg__st2\" d=\"M1432.2 67.4c-88.8-16.7-156-5.3-204 8.5s-147.1 62.2-223.1 73.9c-75.4 11.6-164-7.5-275-27.9S571 88.1 456 98.1c-119.7 10.4-224.7 52-294.4 73-94.5 28.5-171.6-3-171.6-3v10s77.1 31.5 171.6 3c69.7-21 174.7-62.6 294.4-73 115-10 163.1 3.4 274.1 23.8 111 20.4 199.6 39.5 275 27.9 76-11.7 175.1-60.1 223.1-73.9s115.2-25.2 204-8.5c91 17.1 124.8 34.2 177.8 24.2v-10c-53 10-86.8-7.1-177.8-24.2z\"><\/path><\/svg><svg viewbox=\"0 0 1600 200\" xmlns=\"http:\/\/www.w3.org\/2000\/svg\" class=\"ugb-separator__layer-1\" preserveaspectratio=\"none\" aria-hidden=\"true\"><path class=\"wave-2_svg__st2\" d=\"M1432.2 67.4c-88.8-16.7-156-5.3-204 8.5s-147.1 62.2-223.1 73.9c-75.4 11.6-164-7.5-275-27.9S571 88.1 456 98.1c-119.7 10.4-224.7 52-294.4 73-94.5 28.5-171.6-3-171.6-3V210h1620V91.6c-53 10-86.8-7.1-177.8-24.2z\"><\/path><\/svg><\/div><\/div><div class=\"ugb-inner-block\"><div class=\"ugb-block-content\"><article class=\"ugb-blog-posts__item\"><div class=\"ugb-blog-posts__content\"><figure class=\"ugb-blog-posts__featured-image ugb--shadow-3\"><a href=\"https:\/\/fepale.org\/site\/2025\/07\/15\/declaracion-de-monterrey-de-la-federacion-panamericana-de-lecheria-marzo-2025\/\"><img loading=\"lazy\" decoding=\"async\" width=\"770\" height=\"535\" src=\"https:\/\/fepale.org\/site\/wp-content\/uploads\/2021\/03\/1214578-1.jpg\" class=\"attachment-large size-large wp-post-image\" alt=\"\" \/><\/a><\/figure><h5 class=\"ugb-blog-posts__title\"><a href=\"https:\/\/fepale.org\/site\/2025\/07\/15\/declaracion-de-monterrey-de-la-federacion-panamericana-de-lecheria-marzo-2025\/\">DECLARACI\u00d3N DE MONTERREY DE LA FEDERACI\u00d3N PANAMERICANA DE LECHER\u00cdA &#8211; (MARZO 2025)<\/a><\/h5><\/div><\/article><article class=\"ugb-blog-posts__item\"><div class=\"ugb-blog-posts__content\"><figure class=\"ugb-blog-posts__featured-image ugb--shadow-3\"><a href=\"https:\/\/fepale.org\/site\/2024\/04\/23\/resolucion-etiquetado-2024-abril-2024\/\"><img loading=\"lazy\" decoding=\"async\" width=\"770\" height=\"535\" src=\"https:\/\/fepale.org\/site\/wp-content\/uploads\/2021\/03\/1214578-1.jpg\" class=\"attachment-large size-large wp-post-image\" alt=\"\" \/><\/a><\/figure><h5 class=\"ugb-blog-posts__title\"><a href=\"https:\/\/fepale.org\/site\/2024\/04\/23\/resolucion-etiquetado-2024-abril-2024\/\">DECLARACI\u00d3N DE LA FEDERACI\u00d3N PANAMERICANA DE LECHER\u00cdA FEPALE EN RELACI\u00d3N A LOS SISTEMAS DE ETIQUETADO NUTRICIONAL FRONTAL DE ALIMENTOS &#8211; (ABRIL 2024)<\/a><\/h5><\/div><\/article><article class=\"ugb-blog-posts__item\"><div class=\"ugb-blog-posts__content\"><figure class=\"ugb-blog-posts__featured-image ugb--shadow-3\"><a href=\"https:\/\/fepale.org\/site\/2023\/12\/05\/declaracion-de-santo-domingo\/\"><img loading=\"lazy\" decoding=\"async\" width=\"770\" height=\"535\" src=\"https:\/\/fepale.org\/site\/wp-content\/uploads\/2021\/03\/1214578-1.jpg\" class=\"attachment-large size-large wp-post-image\" alt=\"\" \/><\/a><\/figure><h5 class=\"ugb-blog-posts__title\"><a href=\"https:\/\/fepale.org\/site\/2023\/12\/05\/declaracion-de-santo-domingo\/\">DECLARACI\u00d3N DE SANTO DOMINGO &#8211; (NOVIEMBRE 2023)<\/a><\/h5><\/div><\/article><article class=\"ugb-blog-posts__item\"><div class=\"ugb-blog-posts__content\"><figure class=\"ugb-blog-posts__featured-image ugb--shadow-3\"><a href=\"https:\/\/fepale.org\/site\/2023\/04\/24\/principios-de-compromiso-para-los-esfuerzos-de-sostenibilidad-relacionados-con-eventos-internacionales-del-clima-sistemas-alimentarios-y-del-comercio\/\"><img loading=\"lazy\" decoding=\"async\" width=\"770\" height=\"535\" src=\"https:\/\/fepale.org\/site\/wp-content\/uploads\/2021\/03\/1214578-1.jpg\" class=\"attachment-large size-large wp-post-image\" alt=\"\" \/><\/a><\/figure><h5 class=\"ugb-blog-posts__title\"><a href=\"https:\/\/fepale.org\/site\/2023\/04\/24\/principios-de-compromiso-para-los-esfuerzos-de-sostenibilidad-relacionados-con-eventos-internacionales-del-clima-sistemas-alimentarios-y-del-comercio\/\">PRINCIPIOS DE COMPROMISO PARA LOS ESFUERZOS DE SOSTENIBILIDAD RELACIONADOS CON EVENTOS INTERNACIONALES DEL CLIMA, SISTEMAS ALIMENTARIOS Y DEL COMERCIO<\/a><\/h5><\/div><\/article><article class=\"ugb-blog-posts__item\"><div class=\"ugb-blog-posts__content\"><figure class=\"ugb-blog-posts__featured-image ugb--shadow-3\"><a href=\"https:\/\/fepale.org\/site\/2023\/03\/16\/declaracion-si-a-la-verdadera-leche-marzo2023\/\"><img loading=\"lazy\" decoding=\"async\" width=\"770\" height=\"535\" src=\"https:\/\/fepale.org\/site\/wp-content\/uploads\/2021\/03\/1214578-1.jpg\" class=\"attachment-large size-large wp-post-image\" alt=\"\" \/><\/a><\/figure><h5 class=\"ugb-blog-posts__title\"><a href=\"https:\/\/fepale.org\/site\/2023\/03\/16\/declaracion-si-a-la-verdadera-leche-marzo2023\/\">DECLARACI\u00d3N &#8211; \u00a1SI A LA VERDADERA LECHE!  (MARZO 2023)<\/a><\/h5><\/div><\/article><article class=\"ugb-blog-posts__item\"><div class=\"ugb-blog-posts__content\"><figure class=\"ugb-blog-posts__featured-image ugb--shadow-3\"><a href=\"https:\/\/fepale.org\/site\/2021\/03\/24\/resolucion-etiquetado-frontal-noviembre-2019\/\"><img loading=\"lazy\" decoding=\"async\" width=\"770\" height=\"535\" src=\"https:\/\/fepale.org\/site\/wp-content\/uploads\/2021\/03\/1214578-1.jpg\" class=\"attachment-large size-large wp-post-image\" alt=\"\" \/><\/a><\/figure><h5 class=\"ugb-blog-posts__title\"><a href=\"https:\/\/fepale.org\/site\/2021\/03\/24\/resolucion-etiquetado-frontal-noviembre-2019\/\">RESOLUCI\u00d3N \u2013 ETIQUETADO FRONTAL (NOVIEMBRE 2019)<\/a><\/h5><\/div><\/article><article class=\"ugb-blog-posts__item\"><div class=\"ugb-blog-posts__content\"><figure class=\"ugb-blog-posts__featured-image ugb--shadow-3\"><a href=\"https:\/\/fepale.org\/site\/2021\/03\/24\/resolucion-indicaciones-geograficas-noviembre-2017\/\"><img loading=\"lazy\" decoding=\"async\" width=\"770\" height=\"535\" src=\"https:\/\/fepale.org\/site\/wp-content\/uploads\/2021\/03\/1214578-1.jpg\" class=\"attachment-large size-large wp-post-image\" alt=\"\" \/><\/a><\/figure><h5 class=\"ugb-blog-posts__title\"><a href=\"https:\/\/fepale.org\/site\/2021\/03\/24\/resolucion-indicaciones-geograficas-noviembre-2017\/\">RESOLUCION \u2013 INDICACIONES GEOGR\u00c1FICAS (NOVIEMBRE 2017)<\/a><\/h5><\/div><\/article><article class=\"ugb-blog-posts__item\"><div class=\"ugb-blog-posts__content\"><figure class=\"ugb-blog-posts__featured-image ugb--shadow-3\"><a href=\"https:\/\/fepale.org\/site\/2021\/03\/24\/declaracion-de-la-habana-noviembre-2017\/\"><img loading=\"lazy\" decoding=\"async\" width=\"770\" height=\"535\" src=\"https:\/\/fepale.org\/site\/wp-content\/uploads\/2021\/03\/1214578-1.jpg\" class=\"attachment-large size-large wp-post-image\" alt=\"\" \/><\/a><\/figure><h5 class=\"ugb-blog-posts__title\"><a href=\"https:\/\/fepale.org\/site\/2021\/03\/24\/declaracion-de-la-habana-noviembre-2017\/\">DECLARACI\u00d3N DE LA HABANA \u2013 (NOVIEMBRE 2017)<\/a><\/h5><\/div><\/article><article class=\"ugb-blog-posts__item\"><div class=\"ugb-blog-posts__content\"><figure class=\"ugb-blog-posts__featured-image ugb--shadow-3\"><a href=\"https:\/\/fepale.org\/site\/2021\/03\/24\/declaracion-de-puerto-varas-cas-fepale-abril-2016\/\"><img loading=\"lazy\" decoding=\"async\" width=\"770\" height=\"535\" src=\"https:\/\/fepale.org\/site\/wp-content\/uploads\/2021\/03\/1214578-1.jpg\" class=\"attachment-large size-large wp-post-image\" alt=\"\" \/><\/a><\/figure><h5 class=\"ugb-blog-posts__title\"><a href=\"https:\/\/fepale.org\/site\/2021\/03\/24\/declaracion-de-puerto-varas-cas-fepale-abril-2016\/\">DECLARACI\u00d3N DE PUERTO VARAS \u2013 CAS\/FEPALE (ABRIL 2016)<\/a><\/h5><\/div><\/article><article class=\"ugb-blog-posts__item\"><div class=\"ugb-blog-posts__content\"><figure class=\"ugb-blog-posts__featured-image ugb--shadow-3\"><a href=\"https:\/\/fepale.org\/site\/2021\/03\/24\/conclusiones-del-13er-congreso-panamericano-de-la-leche-septiembre-2014\/\"><img loading=\"lazy\" decoding=\"async\" width=\"770\" height=\"535\" src=\"https:\/\/fepale.org\/site\/wp-content\/uploads\/2021\/03\/1214578-1.jpg\" class=\"attachment-large size-large wp-post-image\" alt=\"\" \/><\/a><\/figure><h5 class=\"ugb-blog-posts__title\"><a href=\"https:\/\/fepale.org\/site\/2021\/03\/24\/conclusiones-del-13er-congreso-panamericano-de-la-leche-septiembre-2014\/\">CONCLUSIONES DEL 13ER. CONGRESO PANAMERICANO DE LA LECHE (SEPTIEMBRE 2014)<\/a><\/h5><\/div><\/article><article class=\"ugb-blog-posts__item\"><div class=\"ugb-blog-posts__content\"><figure class=\"ugb-blog-posts__featured-image ugb--shadow-3\"><a href=\"https:\/\/fepale.org\/site\/2021\/03\/24\/declaracion-de-panama-importancia-del-consumo-de-leche-noviembre-2013\/\"><img loading=\"lazy\" decoding=\"async\" width=\"770\" height=\"535\" src=\"https:\/\/fepale.org\/site\/wp-content\/uploads\/2021\/03\/1214578-1.jpg\" class=\"attachment-large size-large wp-post-image\" alt=\"\" \/><\/a><\/figure><h5 class=\"ugb-blog-posts__title\"><a href=\"https:\/\/fepale.org\/site\/2021\/03\/24\/declaracion-de-panama-importancia-del-consumo-de-leche-noviembre-2013\/\">DECLARACI\u00d3N DE PANAM\u00c1 \u2013 IMPORTANCIA DEL CONSUMO DE LECHE (NOVIEMBRE 2013)<\/a><\/h5><\/div><\/article><article class=\"ugb-blog-posts__item\"><div class=\"ugb-blog-posts__content\"><figure class=\"ugb-blog-posts__featured-image ugb--shadow-3\"><a href=\"https:\/\/fepale.org\/site\/2021\/03\/24\/resolucion-uso-de-nombres-genericos-noviembre-2013\/\"><img loading=\"lazy\" decoding=\"async\" width=\"770\" height=\"535\" src=\"https:\/\/fepale.org\/site\/wp-content\/uploads\/2021\/03\/1214578-1.jpg\" class=\"attachment-large size-large wp-post-image\" alt=\"\" \/><\/a><\/figure><h5 class=\"ugb-blog-posts__title\"><a href=\"https:\/\/fepale.org\/site\/2021\/03\/24\/resolucion-uso-de-nombres-genericos-noviembre-2013\/\">RESOLUCI\u00d3N \u2013 USO DE NOMBRES GEN\u00c9RICOS (NOVIEMBRE 2013)<\/a><\/h5><\/div><\/article><article class=\"ugb-blog-posts__item\"><div class=\"ugb-blog-posts__content\"><figure class=\"ugb-blog-posts__featured-image ugb--shadow-3\"><a href=\"https:\/\/fepale.org\/site\/2021\/03\/24\/declaracion-de-asuncion-junio-2012\/\"><img loading=\"lazy\" decoding=\"async\" width=\"770\" height=\"535\" src=\"https:\/\/fepale.org\/site\/wp-content\/uploads\/2021\/03\/1214578-1.jpg\" class=\"attachment-large size-large wp-post-image\" alt=\"\" \/><\/a><\/figure><h5 class=\"ugb-blog-posts__title\"><a href=\"https:\/\/fepale.org\/site\/2021\/03\/24\/declaracion-de-asuncion-junio-2012\/\">DECLARACI\u00d3N DE ASUNCI\u00d3N (JUNIO 2012)<\/a><\/h5><\/div><\/article><article class=\"ugb-blog-posts__item\"><div class=\"ugb-blog-posts__content\"><figure class=\"ugb-blog-posts__featured-image ugb--shadow-3\"><a href=\"https:\/\/fepale.org\/site\/2021\/03\/24\/declaracion-de-punta-del-este-la-importancia-y-relevancia-que-tiene-la-leche-como-alimento-insustituible-en-la-nutricion-del-ser-humano-noviembre-2011\/\"><img loading=\"lazy\" decoding=\"async\" width=\"770\" height=\"535\" src=\"https:\/\/fepale.org\/site\/wp-content\/uploads\/2021\/03\/1214578-1.jpg\" class=\"attachment-large size-large wp-post-image\" alt=\"\" \/><\/a><\/figure><h5 class=\"ugb-blog-posts__title\"><a href=\"https:\/\/fepale.org\/site\/2021\/03\/24\/declaracion-de-punta-del-este-la-importancia-y-relevancia-que-tiene-la-leche-como-alimento-insustituible-en-la-nutricion-del-ser-humano-noviembre-2011\/\">DECLARACI\u00d3N DE PUNTA DEL ESTE \u2013 LA IMPORTANCIA Y RELEVANCIA QUE TIENE LA LECHE COMO ALIMENTO INSUSTITUIBLE EN LA NUTRICI\u00d3N DEL SER HUMANO (NOVIEMBRE 2011)<\/a><\/h5><\/div><\/article><article class=\"ugb-blog-posts__item\"><div class=\"ugb-blog-posts__content\"><figure class=\"ugb-blog-posts__featured-image ugb--shadow-3\"><a href=\"https:\/\/fepale.org\/site\/2021\/03\/24\/declaracion-de-lugo-si-a-la-verdadera-leche-octubre-2010\/\"><img loading=\"lazy\" decoding=\"async\" width=\"770\" height=\"535\" src=\"https:\/\/fepale.org\/site\/wp-content\/uploads\/2021\/03\/1214578-1.jpg\" class=\"attachment-large size-large wp-post-image\" alt=\"\" \/><\/a><\/figure><h5 class=\"ugb-blog-posts__title\"><a href=\"https:\/\/fepale.org\/site\/2021\/03\/24\/declaracion-de-lugo-si-a-la-verdadera-leche-octubre-2010\/\">DECLARACI\u00d3N DE LUGO \u2013 S\u00cd A LA VERDADERA LECHE (OCTUBRE 2010)<\/a><\/h5><\/div><\/article><article class=\"ugb-blog-posts__item\"><div class=\"ugb-blog-posts__content\"><figure class=\"ugb-blog-posts__featured-image ugb--shadow-3\"><a href=\"https:\/\/fepale.org\/site\/2021\/03\/24\/declaracion-de-belo-horizonte-marzo-2010\/\"><img loading=\"lazy\" decoding=\"async\" width=\"770\" height=\"535\" src=\"https:\/\/fepale.org\/site\/wp-content\/uploads\/2021\/03\/1214578-1.jpg\" class=\"attachment-large size-large wp-post-image\" alt=\"\" \/><\/a><\/figure><h5 class=\"ugb-blog-posts__title\"><a href=\"https:\/\/fepale.org\/site\/2021\/03\/24\/declaracion-de-belo-horizonte-marzo-2010\/\">DECLARACI\u00d3N DE BELO HORIZONTE (MARZO, 2010)<\/a><\/h5><\/div><\/article><article class=\"ugb-blog-posts__item\"><div class=\"ugb-blog-posts__content\"><figure class=\"ugb-blog-posts__featured-image ugb--shadow-3\"><a href=\"https:\/\/fepale.org\/site\/2021\/03\/24\/declaracion-de-apoyo-a-chile-marzo-2010\/\"><img loading=\"lazy\" decoding=\"async\" width=\"770\" height=\"535\" src=\"https:\/\/fepale.org\/site\/wp-content\/uploads\/2021\/03\/1214578-1.jpg\" class=\"attachment-large size-large wp-post-image\" alt=\"\" \/><\/a><\/figure><h5 class=\"ugb-blog-posts__title\"><a href=\"https:\/\/fepale.org\/site\/2021\/03\/24\/declaracion-de-apoyo-a-chile-marzo-2010\/\">DECLARACI\u00d3N DE APOYO A CHILE (MARZO, 2010)<\/a><\/h5><\/div><\/article><article class=\"ugb-blog-posts__item\"><div class=\"ugb-blog-posts__content\"><figure class=\"ugb-blog-posts__featured-image ugb--shadow-3\"><a href=\"https:\/\/fepale.org\/site\/2021\/03\/24\/declaracion-de-mexico-la-leche-como-alimento-basico-para-la-salud-humana\/\"><img loading=\"lazy\" decoding=\"async\" width=\"770\" height=\"535\" src=\"https:\/\/fepale.org\/site\/wp-content\/uploads\/2021\/03\/1214578-1.jpg\" class=\"attachment-large size-large wp-post-image\" alt=\"\" \/><\/a><\/figure><h5 class=\"ugb-blog-posts__title\"><a href=\"https:\/\/fepale.org\/site\/2021\/03\/24\/declaracion-de-mexico-la-leche-como-alimento-basico-para-la-salud-humana\/\">DECLARACI\u00d3N DE M\u00c9XICO \u2013 LA LECHE COMO ALIMENTO B\u00c1SICO PARA LA SALUD HUMANA<\/a><\/h5><\/div><\/article><article class=\"ugb-blog-posts__item\"><div class=\"ugb-blog-posts__content\"><figure class=\"ugb-blog-posts__featured-image ugb--shadow-3\"><a href=\"https:\/\/fepale.org\/site\/2021\/03\/24\/declaracion-en-conjunto-de-fepale-y-otros-organismos-internacionales-una-agenda-lechera-global-para-la-accion\/\"><img loading=\"lazy\" decoding=\"async\" width=\"770\" height=\"535\" src=\"https:\/\/fepale.org\/site\/wp-content\/uploads\/2021\/03\/1214578-1.jpg\" class=\"attachment-large size-large wp-post-image\" alt=\"\" \/><\/a><\/figure><h5 class=\"ugb-blog-posts__title\"><a href=\"https:\/\/fepale.org\/site\/2021\/03\/24\/declaracion-en-conjunto-de-fepale-y-otros-organismos-internacionales-una-agenda-lechera-global-para-la-accion\/\">DECLARACI\u00d3N EN CONJUNTO DE FEPALE Y OTROS ORGANISMOS INTERNACIONALES \u2013 UNA AGENDA LECHERA GLOBAL PARA LA ACCI\u00d3N<\/a><\/h5><\/div><\/article><\/div><\/div><\/div>\n","protected":false},"excerpt":{"rendered":"<p>DECLARACI\u00d3N DE MONTERREY DE LA FEDERACI\u00d3N PANAMERICANA DE LECHER\u00cdA &#8211; (MARZO 2025) DECLARACI\u00d3N DE LA FEDERACI\u00d3N PANAMERICANA DE LECHER\u00cdA FEPALE EN RELACI\u00d3N A LOS SISTEMAS DE ETIQUETADO NUTRICIONAL FRONTAL DE ALIMENTOS &#8211; (ABRIL 2024) DECLARACI\u00d3N DE SANTO DOMINGO &#8211; (NOVIEMBRE 2023) PRINCIPIOS DE COMPROMISO PARA LOS ESFUERZOS DE SOSTENIBILIDAD RELACIONADOS CON EVENTOS INTERNACIONALES DEL CLIMA, [&hellip;]<\/p>\n","protected":false},"author":1,"featured_media":2246,"parent":0,"menu_order":0,"comment_status":"closed","ping_status":"closed","template":"","meta":{"qubely_global_settings":"","qubely_interactions":"","_uag_custom_page_level_css":"","kk_blocks_editor_width":"","_kiokenblocks_attr":"","_kiokenblocks_dimensions":"","footnotes":""},"class_list":["post-2244","page","type-page","status-publish","has-post-thumbnail","hentry"],"featured_image_urls_v2":{"full":["https:\/\/fepale.org\/site\/wp-content\/uploads\/2021\/03\/25477810.jpg",1200,900,false],"thumbnail":["https:\/\/fepale.org\/site\/wp-content\/uploads\/2021\/03\/25477810-150x150.jpg",150,150,true],"medium":["https:\/\/fepale.org\/site\/wp-content\/uploads\/2021\/03\/25477810-300x225.jpg",300,225,true],"medium_large":["https:\/\/fepale.org\/site\/wp-content\/uploads\/2021\/03\/25477810-768x576.jpg",768,576,true],"large":["https:\/\/fepale.org\/site\/wp-content\/uploads\/2021\/03\/25477810-1024x768.jpg",770,578,true],"1536x1536":["https:\/\/fepale.org\/site\/wp-content\/uploads\/2021\/03\/25477810.jpg",1200,900,false],"2048x2048":["https:\/\/fepale.org\/site\/wp-content\/uploads\/2021\/03\/25477810.jpg",1200,900,false],"qubely_landscape":["https:\/\/fepale.org\/site\/wp-content\/uploads\/2021\/03\/25477810-1200x750.jpg",1200,750,true],"qubely_portrait":["https:\/\/fepale.org\/site\/wp-content\/uploads\/2021\/03\/25477810-540x320.jpg",540,320,true],"qubely_thumbnail":["https:\/\/fepale.org\/site\/wp-content\/uploads\/2021\/03\/25477810-140x100.jpg",140,100,true],"gridlove-a4":["https:\/\/fepale.org\/site\/wp-content\/uploads\/2021\/03\/25477810-370x150.jpg",370,150,true],"gridlove-a4-orig":["https:\/\/fepale.org\/site\/wp-content\/uploads\/2021\/03\/25477810-370x278.jpg",370,278,true],"gridlove-a3-orig":["https:\/\/fepale.org\/site\/wp-content\/uploads\/2021\/03\/25477810-270x203.jpg",270,203,true],"gridlove-b6":["https:\/\/fepale.org\/site\/wp-content\/uploads\/2021\/03\/25477810-285x300.jpg",285,300,true],"gridlove-b7":["https:\/\/fepale.org\/site\/wp-content\/uploads\/2021\/03\/25477810-335x300.jpg",335,300,true],"gridlove-b8":["https:\/\/fepale.org\/site\/wp-content\/uploads\/2021\/03\/25477810-385x300.jpg",385,300,true],"gridlove-b9":["https:\/\/fepale.org\/site\/wp-content\/uploads\/2021\/03\/25477810-435x300.jpg",435,300,true],"gridlove-b12":["https:\/\/fepale.org\/site\/wp-content\/uploads\/2021\/03\/25477810-585x300.jpg",585,300,true],"gridlove-d3":["https:\/\/fepale.org\/site\/wp-content\/uploads\/2021\/03\/25477810-270x300.jpg",270,300,true],"gridlove-d3-orig":["https:\/\/fepale.org\/site\/wp-content\/uploads\/2021\/03\/25477810-270x203.jpg",270,203,true],"gridlove-d4":["https:\/\/fepale.org\/site\/wp-content\/uploads\/2021\/03\/25477810-370x300.jpg",370,300,true],"gridlove-d4-orig":["https:\/\/fepale.org\/site\/wp-content\/uploads\/2021\/03\/25477810-370x278.jpg",370,278,true],"gridlove-d5":["https:\/\/fepale.org\/site\/wp-content\/uploads\/2021\/03\/25477810-470x300.jpg",470,300,true],"gridlove-d6":["https:\/\/fepale.org\/site\/wp-content\/uploads\/2021\/03\/25477810-570x300.jpg",570,300,true],"gridlove-d6-orig":["https:\/\/fepale.org\/site\/wp-content\/uploads\/2021\/03\/25477810-570x428.jpg",570,428,true],"gridlove-cover":["https:\/\/fepale.org\/site\/wp-content\/uploads\/2021\/03\/25477810-1200x400.jpg",1200,400,true],"gridlove-single":["https:\/\/fepale.org\/site\/wp-content\/uploads\/2021\/03\/25477810-740x555.jpg",740,555,true],"gridlove-thumbnail":["https:\/\/fepale.org\/site\/wp-content\/uploads\/2021\/03\/25477810-80x60.jpg",80,60,true]},"post_excerpt_stackable_v2":"<p>DECLARACI\u00d3N DE MONTERREY DE LA FEDERACI\u00d3N PANAMERICANA DE LECHER\u00cdA &#8211; (MARZO 2025)DECLARACI\u00d3N DE LA FEDERACI\u00d3N PANAMERICANA DE LECHER\u00cdA FEPALE EN RELACI\u00d3N A LOS SISTEMAS DE ETIQUETADO NUTRICIONAL FRONTAL DE ALIMENTOS &#8211; (ABRIL 2024)DECLARACI\u00d3N DE SANTO DOMINGO &#8211; (NOVIEMBRE 2023)PRINCIPIOS DE COMPROMISO PARA LOS ESFUERZOS DE SOSTENIBILIDAD RELACIONADOS CON EVENTOS INTERNACIONALES DEL CLIMA, SISTEMAS ALIMENTARIOS Y DEL COMERCIODECLARACI\u00d3N &#8211; \u00a1SI A LA VERDADERA LECHE! (MARZO 2023)RESOLUCI\u00d3N \u2013 ETIQUETADO FRONTAL (NOVIEMBRE 2019)RESOLUCION \u2013 INDICACIONES GEOGR\u00c1FICAS (NOVIEMBRE 2017)DECLARACI\u00d3N DE LA HABANA \u2013 (NOVIEMBRE 2017)DECLARACI\u00d3N DE PUERTO VARAS \u2013 CAS\/FEPALE (ABRIL 2016)CONCLUSIONES DEL 13ER. CONGRESO PANAMERICANO DE LA LECHE (SEPTIEMBRE 2014)DECLARACI\u00d3N DE PANAM\u00c1 \u2013&hellip;<\/p>\n","category_list_v2":"","author_info_v2":{"name":"PabloQ","url":"https:\/\/fepale.org\/site\/author\/pabloq\/"},"comments_num_v2":"0 comentarios","uagb_featured_image_src":{"full":["https:\/\/fepale.org\/site\/wp-content\/uploads\/2021\/03\/25477810.jpg",1200,900,false],"thumbnail":["https:\/\/fepale.org\/site\/wp-content\/uploads\/2021\/03\/25477810-150x150.jpg",150,150,true],"medium":["https:\/\/fepale.org\/site\/wp-content\/uploads\/2021\/03\/25477810-300x225.jpg",300,225,true],"medium_large":["https:\/\/fepale.org\/site\/wp-content\/uploads\/2021\/03\/25477810-768x576.jpg",768,576,true],"large":["https:\/\/fepale.org\/site\/wp-content\/uploads\/2021\/03\/25477810-1024x768.jpg",770,578,true],"1536x1536":["https:\/\/fepale.org\/site\/wp-content\/uploads\/2021\/03\/25477810.jpg",1200,900,false],"2048x2048":["https:\/\/fepale.org\/site\/wp-content\/uploads\/2021\/03\/25477810.jpg",1200,900,false],"qubely_landscape":["https:\/\/fepale.org\/site\/wp-content\/uploads\/2021\/03\/25477810-1200x750.jpg",1200,750,true],"qubely_portrait":["https:\/\/fepale.org\/site\/wp-content\/uploads\/2021\/03\/25477810-540x320.jpg",540,320,true],"qubely_thumbnail":["https:\/\/fepale.org\/site\/wp-content\/uploads\/2021\/03\/25477810-140x100.jpg",140,100,true],"gridlove-a4":["https:\/\/fepale.org\/site\/wp-content\/uploads\/2021\/03\/25477810-370x150.jpg",370,150,true],"gridlove-a4-orig":["https:\/\/fepale.org\/site\/wp-content\/uploads\/2021\/03\/25477810-370x278.jpg",370,278,true],"gridlove-a3-orig":["https:\/\/fepale.org\/site\/wp-content\/uploads\/2021\/03\/25477810-270x203.jpg",270,203,true],"gridlove-b6":["https:\/\/fepale.org\/site\/wp-content\/uploads\/2021\/03\/25477810-285x300.jpg",285,300,true],"gridlove-b7":["https:\/\/fepale.org\/site\/wp-content\/uploads\/2021\/03\/25477810-335x300.jpg",335,300,true],"gridlove-b8":["https:\/\/fepale.org\/site\/wp-content\/uploads\/2021\/03\/25477810-385x300.jpg",385,300,true],"gridlove-b9":["https:\/\/fepale.org\/site\/wp-content\/uploads\/2021\/03\/25477810-435x300.jpg",435,300,true],"gridlove-b12":["https:\/\/fepale.org\/site\/wp-content\/uploads\/2021\/03\/25477810-585x300.jpg",585,300,true],"gridlove-d3":["https:\/\/fepale.org\/site\/wp-content\/uploads\/2021\/03\/25477810-270x300.jpg",270,300,true],"gridlove-d3-orig":["https:\/\/fepale.org\/site\/wp-content\/uploads\/2021\/03\/25477810-270x203.jpg",270,203,true],"gridlove-d4":["https:\/\/fepale.org\/site\/wp-content\/uploads\/2021\/03\/25477810-370x300.jpg",370,300,true],"gridlove-d4-orig":["https:\/\/fepale.org\/site\/wp-content\/uploads\/2021\/03\/25477810-370x278.jpg",370,278,true],"gridlove-d5":["https:\/\/fepale.org\/site\/wp-content\/uploads\/2021\/03\/25477810-470x300.jpg",470,300,true],"gridlove-d6":["https:\/\/fepale.org\/site\/wp-content\/uploads\/2021\/03\/25477810-570x300.jpg",570,300,true],"gridlove-d6-orig":["https:\/\/fepale.org\/site\/wp-content\/uploads\/2021\/03\/25477810-570x428.jpg",570,428,true],"gridlove-cover":["https:\/\/fepale.org\/site\/wp-content\/uploads\/2021\/03\/25477810-1200x400.jpg",1200,400,true],"gridlove-single":["https:\/\/fepale.org\/site\/wp-content\/uploads\/2021\/03\/25477810-740x555.jpg",740,555,true],"gridlove-thumbnail":["https:\/\/fepale.org\/site\/wp-content\/uploads\/2021\/03\/25477810-80x60.jpg",80,60,true]},"uagb_author_info":{"display_name":"PabloQ","author_link":"https:\/\/fepale.org\/site\/author\/pabloq\/"},"uagb_comment_info":0,"uagb_excerpt":"DECLARACI\u00d3N DE MONTERREY DE LA FEDERACI\u00d3N PANAMERICANA DE LECHER\u00cdA &#8211; (MARZO 2025) DECLARACI\u00d3N DE LA FEDERACI\u00d3N PANAMERICANA DE LECHER\u00cdA FEPALE EN RELACI\u00d3N A LOS SISTEMAS DE ETIQUETADO NUTRICIONAL FRONTAL DE ALIMENTOS &#8211; (ABRIL 2024) DECLARACI\u00d3N DE SANTO DOMINGO &#8211; (NOVIEMBRE 2023) PRINCIPIOS DE COMPROMISO PARA LOS ESFUERZOS DE SOSTENIBILIDAD RELACIONADOS CON EVENTOS INTERNACIONALES DEL CLIMA,&hellip;","_links":{"self":[{"href":"https:\/\/fepale.org\/site\/wp-json\/wp\/v2\/pages\/2244","targetHints":{"allow":["GET"]}}],"collection":[{"href":"https:\/\/fepale.org\/site\/wp-json\/wp\/v2\/pages"}],"about":[{"href":"https:\/\/fepale.org\/site\/wp-json\/wp\/v2\/types\/page"}],"author":[{"embeddable":true,"href":"https:\/\/fepale.org\/site\/wp-json\/wp\/v2\/users\/1"}],"replies":[{"embeddable":true,"href":"https:\/\/fepale.org\/site\/wp-json\/wp\/v2\/comments?post=2244"}],"version-history":[{"count":1,"href":"https:\/\/fepale.org\/site\/wp-json\/wp\/v2\/pages\/2244\/revisions"}],"predecessor-version":[{"id":4672,"href":"https:\/\/fepale.org\/site\/wp-json\/wp\/v2\/pages\/2244\/revisions\/4672"}],"wp:featuredmedia":[{"embeddable":true,"href":"https:\/\/fepale.org\/site\/wp-json\/wp\/v2\/media\/2246"}],"wp:attachment":[{"href":"https:\/\/fepale.org\/site\/wp-json\/wp\/v2\/media?parent=2244"}],"curies":[{"name":"wp","href":"https:\/\/api.w.org\/{rel}","templated":true}]}}