{"id":5368,"date":"2026-01-27T10:33:39","date_gmt":"2026-01-27T13:33:39","guid":{"rendered":"https:\/\/fepale.org\/capacitacion\/?post_type=product&#038;p=5368"},"modified":"2026-02-11T13:40:55","modified_gmt":"2026-02-11T16:40:55","slug":"gestion-operativa-y-financiera-para-lecheria-con-excel-nivel-1-inicio-6-de-abril-2026","status":"publish","type":"product","link":"https:\/\/fepale.org\/capacitacion\/producto\/gestion-operativa-y-financiera-para-lecheria-con-excel-nivel-1-inicio-6-de-abril-2026\/","title":{"rendered":"Gesti\u00f3n Operativa y Financiera para Lecher\u00eda con Excel &#8211; Nivel 1 &#8211; Inicio 6 de abril 2026"},"content":{"rendered":"<h4>Gesti\u00f3n Operativa y Financiera para Lecher\u00eda con Excel &#8211; Nivel 1<\/h4>\n<p><strong>Inicio 6 de abril 2026<\/strong><\/p>\n<h4>Presentaci\u00f3n:<\/h4>\n<p data-start=\"319\" data-end=\"361\"><strong data-start=\"319\" data-end=\"361\">\u00bfTom\u00e1s decisiones con n\u00fameros o a ojo?<\/strong><\/p>\n<p data-start=\"363\" data-end=\"557\">Este curso propone una <strong data-start=\"386\" data-end=\"423\">soluci\u00f3n concreta para la gesti\u00f3n<\/strong>, pensada para quienes necesitan ordenar informaci\u00f3n, analizarla y tomar mejores decisiones en su actividad profesional o empresarial.<\/p>\n<p data-start=\"559\" data-end=\"840\">Durante la cursada se construye un <strong data-start=\"594\" data-end=\"649\">sistema de gesti\u00f3n en Excel completamente funcional<\/strong>, dise\u00f1ado para ser utilizado desde el d\u00eda siguiente a finalizar el curso. No se trata solo de aprender Excel, sino de <strong data-start=\"768\" data-end=\"839\">pasar de los datos sueltos a un modelo de gesti\u00f3n claro y operativo<\/strong>.<\/p>\n<p data-start=\"842\" data-end=\"1292\">Como parte del recorrido, el curso brinda una <strong data-start=\"888\" data-end=\"988\">introducci\u00f3n pr\u00e1ctica al uso de 9 herramientas de Inteligencia Artificial aplicadas a la gesti\u00f3n<\/strong>, orientadas a facilitar el an\u00e1lisis de informaci\u00f3n, optimizar tiempos, mejorar la interpretaci\u00f3n de resultados y apoyar la toma de decisiones. Las herramientas de IA se presentan como un complemento al sistema de gesti\u00f3n, con un enfoque pr\u00e1ctico y accesible, sin requerir conocimientos t\u00e9cnicos previos.<\/p>\n<p data-start=\"1294\" data-end=\"1590\">Desde el inicio del curso se accede a <strong data-start=\"1332\" data-end=\"1361\">la totalidad del material<\/strong>, lo que permite avanzar a ritmo propio. El participante puede elegir entre una <strong data-start=\"1441\" data-end=\"1477\">cursada cronol\u00f3gica de 6 semanas<\/strong> o una <strong data-start=\"1484\" data-end=\"1535\">cursada totalmente asincr\u00f3nica de hasta 3 meses<\/strong>, manteniendo en ambos casos el acompa\u00f1amiento docente.<\/p>\n<p data-start=\"1592\" data-end=\"1915\">El curso se desarrolla en un aula virtual con espacios de intercambio y comunicaci\u00f3n permanente. Las consultas se realizan de manera asincr\u00f3nica exclusivamente a trav\u00e9s del <b data-path-to-node=\"1,0\" data-index-in-node=\"174\">correo electr\u00f3nico y el foro<\/b>. Adem\u00e1s, se contar\u00e1 con un <b data-path-to-node=\"1,0\" data-index-in-node=\"230\">grupo de WhatsApp destinado \u00fanicamente a la difusi\u00f3n<\/b> de materiales y recomendaciones; por favor, ten en cuenta que este canal <b data-path-to-node=\"1,0\" data-index-in-node=\"356\">no est\u00e1 habilitado para recibir mensajes de los alumnos<\/b>. En caso de ser necesario, existe la posibilidad de coordinar instancias de consulta directa v\u00eda Zoom.<\/p>\n<p data-start=\"1917\" data-end=\"2269\">La propuesta est\u00e1 pensada para quienes buscan <strong data-start=\"1963\" data-end=\"1987\">resultados concretos<\/strong>, herramientas aplicables y un enfoque de gesti\u00f3n real, tanto para uso propio como para su aplicaci\u00f3n profesional con terceros. No es Excel acad\u00e9mico ni teor\u00eda aislada: es <strong data-start=\"2159\" data-end=\"2268\">gesti\u00f3n aplicada, con criterio, tecnolog\u00eda e inteligencia artificial al servicio de la toma de decisiones<\/strong>.<\/p>\n<h4 data-start=\"1917\" data-end=\"2269\">Programa:<\/h4>\n<ol>\n<li>Introducci\u00f3n a la gesti\u00f3n y material nivelatorio de Excel: plan de cuentas o rubros, crear una base de datos (algunos trucos y tipos de datos, archivos y formatos)<\/li>\n<\/ol>\n<p><img loading=\"lazy\" decoding=\"async\" class=\" wp-image-5147 aligncenter\" src=\"https:\/\/fepale.org\/capacitacion\/wp-content\/uploads\/2025\/04\/1-300x66.jpg\" alt=\"\" width=\"391\" height=\"86\" srcset=\"https:\/\/fepale.org\/capacitacion\/wp-content\/uploads\/2025\/04\/1-300x66.jpg 300w, https:\/\/fepale.org\/capacitacion\/wp-content\/uploads\/2025\/04\/1-768x169.jpg 768w, https:\/\/fepale.org\/capacitacion\/wp-content\/uploads\/2025\/04\/1-600x132.jpg 600w, https:\/\/fepale.org\/capacitacion\/wp-content\/uploads\/2025\/04\/1.jpg 913w\" sizes=\"auto, (max-width: 391px) 100vw, 391px\" \/><\/p>\n<p>&nbsp;<\/p>\n<p>2.F\u00f3rmulas y funciones: HOY, SUBTOTALES y sus ventajas, fijar filas para tener resultados a la vista,etc.<\/p>\n<p><img loading=\"lazy\" decoding=\"async\" class=\" wp-image-5148 aligncenter\" src=\"https:\/\/fepale.org\/capacitacion\/wp-content\/uploads\/2025\/04\/2-300x94.jpg\" alt=\"\" width=\"357\" height=\"112\" srcset=\"https:\/\/fepale.org\/capacitacion\/wp-content\/uploads\/2025\/04\/2-300x94.jpg 300w, https:\/\/fepale.org\/capacitacion\/wp-content\/uploads\/2025\/04\/2-768x242.jpg 768w, https:\/\/fepale.org\/capacitacion\/wp-content\/uploads\/2025\/04\/2-600x189.jpg 600w, https:\/\/fepale.org\/capacitacion\/wp-content\/uploads\/2025\/04\/2.jpg 893w\" sizes=\"auto, (max-width: 357px) 100vw, 357px\" \/><\/p>\n<p>&nbsp;<\/p>\n<p style=\"text-align: center;\"><strong>UNIDADES 3 Y 4<\/strong><\/p>\n<p>3. Listas de rubros y cuentas, crear nombres de rangos y sus ventajas, insertar tablas, ordenar, Validaci\u00f3n de datos o c\u00f3mo escribir y no errar, etc.<\/p>\n<p><img loading=\"lazy\" decoding=\"async\" class=\"size-full wp-image-5375 aligncenter\" src=\"http:\/\/fepale.org\/capacitacion\/wp-content\/uploads\/2026\/01\/m3.jpg\" alt=\"\" width=\"300\" height=\"98\" \/><\/p>\n<p>&nbsp;<\/p>\n<p>4. Carga de datos y uso de cada columna, herramienta Filtros y su enorme importancia para realizar Imprimir informes filtrados. Formato condicional.<\/p>\n<p><img loading=\"lazy\" decoding=\"async\" class=\"size-medium wp-image-5370 aligncenter\" src=\"http:\/\/fepale.org\/capacitacion\/wp-content\/uploads\/2026\/01\/m4-300x97.jpg\" alt=\"\" width=\"300\" height=\"97\" srcset=\"https:\/\/fepale.org\/capacitacion\/wp-content\/uploads\/2026\/01\/m4-300x97.jpg 300w, https:\/\/fepale.org\/capacitacion\/wp-content\/uploads\/2026\/01\/m4-1024x332.jpg 1024w, https:\/\/fepale.org\/capacitacion\/wp-content\/uploads\/2026\/01\/m4-768x249.jpg 768w, https:\/\/fepale.org\/capacitacion\/wp-content\/uploads\/2026\/01\/m4-1080x350.jpg 1080w, https:\/\/fepale.org\/capacitacion\/wp-content\/uploads\/2026\/01\/m4-600x194.jpg 600w, https:\/\/fepale.org\/capacitacion\/wp-content\/uploads\/2026\/01\/m4.jpg 1401w\" sizes=\"auto, (max-width: 300px) 100vw, 300px\" \/><\/p>\n<p>&nbsp;<\/p>\n<p style=\"text-align: center;\"><strong>UNIDAD 5<\/strong><\/p>\n<p>5. Validaci\u00f3n din\u00e1mica de subrubros o productos, stock en tiempo real con avisos de reposici\u00f3n, compras u deudas por proveedor. Funciones SUMAR.SI, INDIRECTO, Tablas, etc.<\/p>\n<p><img loading=\"lazy\" decoding=\"async\" class=\" wp-image-5151 aligncenter\" src=\"https:\/\/fepale.org\/capacitacion\/wp-content\/uploads\/2025\/04\/5-300x84.jpg\" alt=\"\" width=\"336\" height=\"94\" srcset=\"https:\/\/fepale.org\/capacitacion\/wp-content\/uploads\/2025\/04\/5-300x84.jpg 300w, https:\/\/fepale.org\/capacitacion\/wp-content\/uploads\/2025\/04\/5-768x214.jpg 768w, https:\/\/fepale.org\/capacitacion\/wp-content\/uploads\/2025\/04\/5-600x167.jpg 600w, https:\/\/fepale.org\/capacitacion\/wp-content\/uploads\/2025\/04\/5.jpg 957w\" sizes=\"auto, (max-width: 336px) 100vw, 336px\" \/><\/p>\n<p>&nbsp;<\/p>\n<p><strong>EVALUACI\u00d3N PARCIAL:<\/strong> env\u00edo del trabajo realizado hasta la UNIDAD 5 (PARTE 1) inclusive.<\/p>\n<p><strong>UNIDAD OPCIONAL 1:<\/strong> introducci\u00f3n a las MACROS (AUTOMATIZACI\u00d3N DE TAREAS)<\/p>\n<p style=\"text-align: center;\"><strong>UNIDAD 6<\/strong><\/p>\n<p>6. Panel de control: separaci\u00f3n de ingresos, gastos directos, indirectos, impuestos, etc. Cada uno con sus f\u00f3rmulas. Tratamiento de los retiros y movimientos internos de dinero. Resumir y agrupar inteligentemente la informaci\u00f3n de la base de datos. Funciones SI, MIN, SUMAR.SI.CONJUNTO, etc.<\/p>\n<p><img loading=\"lazy\" decoding=\"async\" class=\" wp-image-5152 aligncenter\" src=\"https:\/\/fepale.org\/capacitacion\/wp-content\/uploads\/2025\/04\/6-300x87.jpg\" alt=\"\" width=\"341\" height=\"99\" srcset=\"https:\/\/fepale.org\/capacitacion\/wp-content\/uploads\/2025\/04\/6-300x87.jpg 300w, https:\/\/fepale.org\/capacitacion\/wp-content\/uploads\/2025\/04\/6-768x222.jpg 768w, https:\/\/fepale.org\/capacitacion\/wp-content\/uploads\/2025\/04\/6-600x174.jpg 600w, https:\/\/fepale.org\/capacitacion\/wp-content\/uploads\/2025\/04\/6.jpg 785w\" sizes=\"auto, (max-width: 341px) 100vw, 341px\" \/><\/p>\n<p>&nbsp;<\/p>\n<p style=\"text-align: center;\"><strong>UNIDAD 7<\/strong><\/p>\n<p>7. F\u00f3rmulas l\u00f3gicas: SI, MAX, f\u00f3rmulas anidadas y Formato condicional para controlar errores. Saldos de cuentas en tiempo real. Porcentajes de incidencia de cada rubro sobre los ingresos. Deudas y pendientes.<br \/>\nProyecci\u00f3n de saldos. Consultas desde-hasta. Resultados. Imprimir resumen.<\/p>\n<p style=\"text-align: center;\"><img loading=\"lazy\" decoding=\"async\" class=\"size-medium wp-image-5371 aligncenter\" src=\"http:\/\/fepale.org\/capacitacion\/wp-content\/uploads\/2026\/01\/m7-300x202.jpg\" alt=\"\" width=\"300\" height=\"202\" srcset=\"https:\/\/fepale.org\/capacitacion\/wp-content\/uploads\/2026\/01\/m7-300x202.jpg 300w, https:\/\/fepale.org\/capacitacion\/wp-content\/uploads\/2026\/01\/m7-1024x689.jpg 1024w, https:\/\/fepale.org\/capacitacion\/wp-content\/uploads\/2026\/01\/m7-768x516.jpg 768w, https:\/\/fepale.org\/capacitacion\/wp-content\/uploads\/2026\/01\/m7-600x403.jpg 600w, https:\/\/fepale.org\/capacitacion\/wp-content\/uploads\/2026\/01\/m7.jpg 1032w\" sizes=\"auto, (max-width: 300px) 100vw, 300px\" \/><\/p>\n<p>&nbsp;<\/p>\n<p><strong>UNIDAD 8<\/strong><\/p>\n<p>8. GR\u00c1FICOS: gr\u00e1fico de torta (\u00bfen qu\u00e9 se van nuestros ingresos?). Gr\u00e1fico de columnas con series separadas. Gr\u00e1ficos combinados: graficar distintos tipos de datos como grasa, prote\u00edna, RCS, UFC, litros por d\u00eda por animal en producci\u00f3n, etc. Comando C\u00e1mara para ver datos din\u00e1micos en otras hojas o gr\u00e1ficos, Tablas din\u00e1micas de subrubros, seguimiento de par\u00e1metros productivos, grasa, prote\u00edna, UFC, RCS, etc.<\/p>\n<p>&nbsp;<\/p>\n<p><img loading=\"lazy\" decoding=\"async\" class=\" wp-image-5154 aligncenter\" src=\"https:\/\/fepale.org\/capacitacion\/wp-content\/uploads\/2025\/04\/8-300x213.jpg\" alt=\"\" width=\"363\" height=\"258\" srcset=\"https:\/\/fepale.org\/capacitacion\/wp-content\/uploads\/2025\/04\/8-300x213.jpg 300w, https:\/\/fepale.org\/capacitacion\/wp-content\/uploads\/2025\/04\/8-768x544.jpg 768w, https:\/\/fepale.org\/capacitacion\/wp-content\/uploads\/2025\/04\/8-400x284.jpg 400w, https:\/\/fepale.org\/capacitacion\/wp-content\/uploads\/2025\/04\/8-600x425.jpg 600w, https:\/\/fepale.org\/capacitacion\/wp-content\/uploads\/2025\/04\/8.jpg 899w\" sizes=\"auto, (max-width: 363px) 100vw, 363px\" \/><\/p>\n<p>&nbsp;<\/p>\n<p><strong>EVALUACI\u00d3N FINAL:<\/strong> env\u00edo del trabajo final realizado hasta la UNIDAD 8 (PARTE 2) inclusive.<\/p>\n<p><strong>La UNIDAD OPCIONAL 2<\/strong> incluye: cierres mensuales automatizados en moneda constante, seguridad y protecci\u00f3n de datos y tablas din\u00e1micas de subrubros o insumos.<\/p>\n<p>&nbsp;<\/p>\n<p><img loading=\"lazy\" decoding=\"async\" class=\" wp-image-5155 aligncenter\" src=\"https:\/\/fepale.org\/capacitacion\/wp-content\/uploads\/2025\/04\/9-300x81.jpg\" alt=\"\" width=\"352\" height=\"95\" srcset=\"https:\/\/fepale.org\/capacitacion\/wp-content\/uploads\/2025\/04\/9-300x81.jpg 300w, https:\/\/fepale.org\/capacitacion\/wp-content\/uploads\/2025\/04\/9-768x208.jpg 768w, https:\/\/fepale.org\/capacitacion\/wp-content\/uploads\/2025\/04\/9-600x163.jpg 600w, https:\/\/fepale.org\/capacitacion\/wp-content\/uploads\/2025\/04\/9.jpg 873w\" sizes=\"auto, (max-width: 352px) 100vw, 352px\" \/><\/p>\n<p>&nbsp;<\/p>\n<p>&nbsp;<\/p>\n<h4 data-start=\"340\" data-end=\"357\"><strong data-start=\"344\" data-end=\"357\">Modalidad<\/strong><\/h4>\n<p data-start=\"359\" data-end=\"468\"><strong data-start=\"359\" data-end=\"371\">On-line:<\/strong><br data-start=\"371\" data-end=\"374\" \/>El curso se realiza en modalidad a distancia (e-learning), 100 % online, a trav\u00e9s de internet.<\/p>\n<p data-start=\"470\" data-end=\"559\"><strong data-start=\"470\" data-end=\"494\">Opciones de cursada:<\/strong><br data-start=\"494\" data-end=\"497\" \/>El participante podr\u00e1 elegir entre dos modalidades de cursada:<\/p>\n<ul data-start=\"561\" data-end=\"797\">\n<li data-start=\"561\" data-end=\"668\">\n<p data-start=\"563\" data-end=\"668\"><strong data-start=\"563\" data-end=\"587\">Cursada cronol\u00f3gica:<\/strong> con una duraci\u00f3n de <strong data-start=\"608\" data-end=\"621\">6 semanas<\/strong>, siguiendo el orden sugerido de los m\u00f3dulos.<\/p>\n<\/li>\n<li data-start=\"669\" data-end=\"797\">\n<p data-start=\"671\" data-end=\"797\"><strong data-start=\"671\" data-end=\"695\">Cursada asincr\u00f3nica:<\/strong> con una duraci\u00f3n m\u00e1xima de <strong data-start=\"723\" data-end=\"734\">3 meses<\/strong>, permitiendo avanzar de manera totalmente aut\u00f3noma y flexible.<\/p>\n<\/li>\n<\/ul>\n<p data-start=\"799\" data-end=\"1015\">En <strong data-start=\"802\" data-end=\"823\">ambas modalidades<\/strong>, <strong data-start=\"825\" data-end=\"917\">la totalidad de los contenidos estar\u00e1 disponible desde el primer d\u00eda de inicio del curso<\/strong>, permitiendo que cada participante avance a su propio ritmo, de acuerdo con la modalidad elegida.<\/p>\n<p data-start=\"1017\" data-end=\"1347\"><strong data-start=\"1017\" data-end=\"1034\">Aula Virtual:<\/strong><br data-start=\"1034\" data-end=\"1037\" \/>Se trabajar\u00e1 en una plataforma web especialmente dise\u00f1ada para el curso (aula virtual), desde donde se podr\u00e1 acceder desde el inicio a todos los materiales del curso: contenidos te\u00f3ricos, documentos, videos, enlaces de inter\u00e9s y actividades, as\u00ed como interactuar con el docente y el resto de los participantes.<\/p>\n<p data-start=\"1349\" data-end=\"1695\"><strong data-start=\"1349\" data-end=\"1373\">Foro y comunicaci\u00f3n:<\/strong><br data-start=\"1373\" data-end=\"1376\" \/>En la plataforma funcionar\u00e1 un foro por curso para el intercambio entre participantes y con el docente. Adem\u00e1s, se brindar\u00e1 el <strong data-start=\"1503\" data-end=\"1537\">correo electr\u00f3nico del docente<\/strong> para consultas directas.<br data-start=\"1562\" data-end=\"1565\" \/>De forma opcional, los participantes podr\u00e1n <strong data-start=\"1609\" data-end=\"1654\">solicitar encuentros de consulta v\u00eda Zoom<\/strong> con el docente, coordinados previamente.<\/p>\n<p data-start=\"1697\" data-end=\"1914\"><strong data-start=\"1697\" data-end=\"1709\">Docente:<\/strong><br data-start=\"1709\" data-end=\"1712\" \/>El tutor docente acompa\u00f1ar\u00e1 a los participantes durante toda la cursada, respondiendo dudas y consultas, realizando devoluciones sobre los trabajos y ampliando los contenidos en los aspectos de inter\u00e9s.<\/p>\n<p data-start=\"1916\" data-end=\"2176\"><strong data-start=\"1916\" data-end=\"1929\">Horarios:<\/strong><br data-start=\"1929\" data-end=\"1932\" \/>La cursada es <strong data-start=\"1946\" data-end=\"1961\">asincr\u00f3nica<\/strong>, por lo que el participante podr\u00e1 acceder al aula virtual en los d\u00edas y horarios que le resulten m\u00e1s convenientes. En la modalidad cronol\u00f3gica se recomienda respetar el orden y los tiempos sugeridos de cada m\u00f3dulo.<\/p>\n<p data-start=\"2178\" data-end=\"2424\"><strong data-start=\"2178\" data-end=\"2201\">Trabajos pr\u00e1cticos:<\/strong><br data-start=\"2201\" data-end=\"2204\" \/>Durante el desarrollo del curso se trabajar\u00e1 sobre una planilla Excel, avanzando m\u00f3dulo a m\u00f3dulo. Se contemplar\u00e1 una <strong data-start=\"2321\" data-end=\"2343\">entrega intermedia<\/strong> y una <strong data-start=\"2350\" data-end=\"2367\">entrega final<\/strong>, que ser\u00e1n corregidas y retroalimentadas por el docente.<\/p>\n<h4>Docente:<\/h4>\n<p><strong>Martin Aboaf Petit de Murat<\/strong><\/p>\n<p>IBM Senior Programmer \u2013 Microsoft Excel Expert Specialist \u2013 Certified Microsoft Innovative Educator<br \/>\nDocente ISEA-SRA, Cambio Rural, ACHA, AACREA, Fund. Libertad, INAFCI y FEPALE \u2013 Consultor de la C\u00e1mara Nicarag\u00fcense del Sector L\u00e1cteo. Ex Asesor de la Subsecretar\u00eda de Lecher\u00eda de la Naci\u00f3n \u2013 Consultor:\u00a0<a href=\"http:\/\/www.todoagro.com.ar\/\">www.todoagro.com.ar<\/a><\/p>\n<p>LinkedIn:\u00a0<a href=\"http:\/\/ar.linkedin.com\/in\/mapdm\">http:\/\/ar.linkedin.com\/in\/mapdm<\/a><\/p>\n<p>Twitter:\u00a0<a href=\"https:\/\/twitter.com\/ExcelAgro\">https:\/\/twitter.com\/ExcelAgro<\/a><\/p>\n<p>Instagram:\u00a0<a href=\"https:\/\/www.instagram.com\/excelparaelagro\/\">https:\/\/www.instagram.com\/excelparaelagro\/<\/a><\/p>\n<p>Facebook:\u00a0<a href=\"http:\/\/www.facebook.com\/Excel.para.el.Agro\">www.facebook.com\/Excel.para.el.Agro<\/a>.<\/p>\n<h4>Costos:<\/h4>\n<p><strong>Costo del curso USD 150<\/strong><\/p>\n<p><strong>Costo Socios FEPALE USD 120<\/strong><\/p>\n<p><a href=\"https:\/\/fepale.org\/capacitacion\/politica_devoluciones_reembolsos_cursos_fepale\/\" target=\"_blank\" rel=\"noopener\">Pol\u00edtica de devoluciones y reembolsos para cursos organizados por FEPALE \u2013 INSTITUTO PANAMERICANO DE CAPACITACION PARA EL SECTOR LACTEO<\/a><\/p>\n<p style=\"text-align: center;\"><a href=\"https:\/\/forms.gle\/BVivLPDqCC2g3UKw8\" target=\"_blank\" rel=\"noopener\"><strong>FORMULARIO DE INSCRIPCI\u00d3N AQU\u00cd<\/strong><\/a><\/p>\n","protected":false},"excerpt":{"rendered":"<p><strong>Organizan:<\/strong><\/p>\n<p><img loading=\"lazy\" decoding=\"async\" class=\"alignnone size-medium wp-image-5156\" src=\"https:\/\/fepale.org\/capacitacion\/wp-content\/uploads\/2025\/04\/logofepaleexcel.fw_-300x93.png\" alt=\"\" width=\"300\" height=\"93\" srcset=\"https:\/\/fepale.org\/capacitacion\/wp-content\/uploads\/2025\/04\/logofepaleexcel.fw_-300x93.png 300w, https:\/\/fepale.org\/capacitacion\/wp-content\/uploads\/2025\/04\/logofepaleexcel.fw_-1024x319.png 1024w, https:\/\/fepale.org\/capacitacion\/wp-content\/uploads\/2025\/04\/logofepaleexcel.fw_-768x239.png 768w, https:\/\/fepale.org\/capacitacion\/wp-content\/uploads\/2025\/04\/logofepaleexcel.fw_-1536x478.png 1536w, https:\/\/fepale.org\/capacitacion\/wp-content\/uploads\/2025\/04\/logofepaleexcel.fw_-2048x638.png 2048w, https:\/\/fepale.org\/capacitacion\/wp-content\/uploads\/2025\/04\/logofepaleexcel.fw_-1080x336.png 1080w, https:\/\/fepale.org\/capacitacion\/wp-content\/uploads\/2025\/04\/logofepaleexcel.fw_-600x187.png 600w\" sizes=\"auto, (max-width: 300px) 100vw, 300px\" \/><\/p>\n","protected":false},"featured_media":5374,"template":"","meta":[],"pwb-brand":[],"product_brand":[],"product_cat":[73],"product_tag":[],"class_list":{"0":"post-5368","1":"product","2":"type-product","3":"status-publish","4":"has-post-thumbnail","6":"product_cat-cursos-a-distancia","8":"first","9":"instock","10":"shipping-taxable","11":"purchasable","12":"product-type-simple"},"brands":[],"_links":{"self":[{"href":"https:\/\/fepale.org\/capacitacion\/wp-json\/wp\/v2\/product\/5368","targetHints":{"allow":["GET"]}}],"collection":[{"href":"https:\/\/fepale.org\/capacitacion\/wp-json\/wp\/v2\/product"}],"about":[{"href":"https:\/\/fepale.org\/capacitacion\/wp-json\/wp\/v2\/types\/product"}],"wp:featuredmedia":[{"embeddable":true,"href":"https:\/\/fepale.org\/capacitacion\/wp-json\/wp\/v2\/media\/5374"}],"wp:attachment":[{"href":"https:\/\/fepale.org\/capacitacion\/wp-json\/wp\/v2\/media?parent=5368"}],"wp:term":[{"taxonomy":"pwb-brand","embeddable":true,"href":"https:\/\/fepale.org\/capacitacion\/wp-json\/wp\/v2\/pwb-brand?post=5368"},{"taxonomy":"product_brand","embeddable":true,"href":"https:\/\/fepale.org\/capacitacion\/wp-json\/wp\/v2\/product_brand?post=5368"},{"taxonomy":"product_cat","embeddable":true,"href":"https:\/\/fepale.org\/capacitacion\/wp-json\/wp\/v2\/product_cat?post=5368"},{"taxonomy":"product_tag","embeddable":true,"href":"https:\/\/fepale.org\/capacitacion\/wp-json\/wp\/v2\/product_tag?post=5368"}],"curies":[{"name":"wp","href":"https:\/\/api.w.org\/{rel}","templated":true}]}}