{"id":5317,"date":"2025-10-27T11:10:44","date_gmt":"2025-10-27T14:10:44","guid":{"rendered":"https:\/\/fepale.org\/capacitacion\/?post_type=product&#038;p=5317"},"modified":"2025-10-27T11:14:33","modified_gmt":"2025-10-27T14:14:33","slug":"biogas-uso-agronomico-y-gestion-de-residuos-pecuarios-en-sistemas-lecheros-inicio-27-de-octubre-2025","status":"publish","type":"product","link":"https:\/\/fepale.org\/capacitacion\/producto\/biogas-uso-agronomico-y-gestion-de-residuos-pecuarios-en-sistemas-lecheros-inicio-27-de-octubre-2025\/","title":{"rendered":"Biog\u00e1s, uso Agron\u00f3mico y Gesti\u00f3n de Residuos Pecuarios en Sistemas Lecheros \u2013 Inicio 27 de octubre 2025"},"content":{"rendered":"<p>Biog\u00e1s, uso Agron\u00f3mico y Gesti\u00f3n de Residuos Pecuarios en Sistemas Lecheros \u2013 Inicio 27 de octubre 2025<\/p>\n<p>&nbsp;<\/p>\n<div id=\"sconnect-is-installed\" style=\"display: none;\">2.14.0.0<\/div>\n<div id=\"sconnect-is-installed\" style=\"display: none;\">2.14.0.0<\/div>\n<div id=\"sconnect-is-installed\" style=\"display: none;\">2.14.0.0<\/div>\n","protected":false},"excerpt":{"rendered":"<p>&nbsp;<\/p>\n<div id=\"sconnect-is-installed\" style=\"display: none;\">2.14.0.0<\/div>\n<div id=\"sconnect-is-installed\" style=\"display: none;\">2.14.0.0<\/div>\n<div id=\"sconnect-is-installed\" style=\"display: none;\">2.14.0.0<\/div>\n","protected":false},"featured_media":5318,"template":"","meta":[],"pwb-brand":[],"product_brand":[],"product_cat":[89],"product_tag":[],"class_list":{"0":"post-5317","1":"product","2":"type-product","3":"status-publish","4":"has-post-thumbnail","6":"product_cat-sin-categoria","8":"first","9":"instock","10":"shipping-taxable","11":"purchasable","12":"product-type-simple"},"brands":[],"_links":{"self":[{"href":"https:\/\/fepale.org\/capacitacion\/wp-json\/wp\/v2\/product\/5317","targetHints":{"allow":["GET"]}}],"collection":[{"href":"https:\/\/fepale.org\/capacitacion\/wp-json\/wp\/v2\/product"}],"about":[{"href":"https:\/\/fepale.org\/capacitacion\/wp-json\/wp\/v2\/types\/product"}],"wp:featuredmedia":[{"embeddable":true,"href":"https:\/\/fepale.org\/capacitacion\/wp-json\/wp\/v2\/media\/5318"}],"wp:attachment":[{"href":"https:\/\/fepale.org\/capacitacion\/wp-json\/wp\/v2\/media?parent=5317"}],"wp:term":[{"taxonomy":"pwb-brand","embeddable":true,"href":"https:\/\/fepale.org\/capacitacion\/wp-json\/wp\/v2\/pwb-brand?post=5317"},{"taxonomy":"product_brand","embeddable":true,"href":"https:\/\/fepale.org\/capacitacion\/wp-json\/wp\/v2\/product_brand?post=5317"},{"taxonomy":"product_cat","embeddable":true,"href":"https:\/\/fepale.org\/capacitacion\/wp-json\/wp\/v2\/product_cat?post=5317"},{"taxonomy":"product_tag","embeddable":true,"href":"https:\/\/fepale.org\/capacitacion\/wp-json\/wp\/v2\/product_tag?post=5317"}],"curies":[{"name":"wp","href":"https:\/\/api.w.org\/{rel}","templated":true}]}}