{"id":5312,"date":"2025-10-23T09:10:18","date_gmt":"2025-10-23T12:10:18","guid":{"rendered":"https:\/\/fepale.org\/capacitacion\/?post_type=product&#038;p=5312"},"modified":"2026-03-11T18:08:25","modified_gmt":"2026-03-11T21:08:25","slug":"diplomado-en-produccion-lechera-en-sistemas-pastoriles","status":"publish","type":"product","link":"https:\/\/fepale.org\/capacitacion\/producto\/diplomado-en-produccion-lechera-en-sistemas-pastoriles\/","title":{"rendered":"Diplomado en Producci\u00f3n Lechera en Sistemas Pastoriles &#8211; Inicio 8 de junio 2026"},"content":{"rendered":"<h4>Inicio 8 de junio, 2026<\/h4>\n<p><strong>Carga Horaria:<\/strong> 130 horas<\/p>\n<p><strong>M\u00f3dulos:<\/strong> 12<\/p>\n<p><strong>Modalidad:<\/strong> Virtual en plataforma Moodle.<\/p>\n<h4><strong>Alianza Estrat\u00e9gica: <\/strong><\/h4>\n<h4><strong>Universidad Zamorano<br \/>\nFederaci\u00f3n Panamericana de Lecher\u00eda (FEPALE)<\/strong><\/h4>\n<p>El <strong>Diplomado en Producci\u00f3n Lechera en Sistemas Pastoriles<\/strong> es una iniciativa conjunta y estrat\u00e9gica entre la <strong>Universidad Zamorano<\/strong> y la <strong>Federaci\u00f3n Panamericana de Lecher\u00eda (FEPALE)<\/strong>.<\/p>\n<p>Esta alianza de instituciones l\u00edderes tiene un objetivo fundamental: <strong>fortalecer las capacidades t\u00e9cnicas, financieras y de sostenibilidad<\/strong> <strong>de los sistemas lecheros en pastoreo de Am\u00e9rica Latina<\/strong>.<\/p>\n<p>La uni\u00f3n de la excelencia acad\u00e9mica y el liderazgo sectorial garantiza una curr\u00edcula que integra fundamentos t\u00e9cnicos, innovaci\u00f3n, sostenibilidad y gesti\u00f3n empresarial para desarrollar <strong>empresas lecheras eficientes<\/strong>.<\/p>\n<p>El mismo se desarrollar\u00e1 en <strong>formato virtual (e \u2013 learning)<\/strong> favoreciendo la posibilidad de organizar los tiempos sin dejar las obligaciones de trabajo o estudio.<\/p>\n<p><img loading=\"lazy\" decoding=\"async\" class=\"alignnone size-medium wp-image-5331\" src=\"http:\/\/fepale.org\/capacitacion\/wp-content\/uploads\/2025\/10\/Imagen1-300x56.png\" alt=\"\" width=\"300\" height=\"56\" srcset=\"https:\/\/fepale.org\/capacitacion\/wp-content\/uploads\/2025\/10\/Imagen1-300x56.png 300w, https:\/\/fepale.org\/capacitacion\/wp-content\/uploads\/2025\/10\/Imagen1-1024x192.png 1024w, https:\/\/fepale.org\/capacitacion\/wp-content\/uploads\/2025\/10\/Imagen1-768x144.png 768w, https:\/\/fepale.org\/capacitacion\/wp-content\/uploads\/2025\/10\/Imagen1-1536x288.png 1536w, https:\/\/fepale.org\/capacitacion\/wp-content\/uploads\/2025\/10\/Imagen1-2048x384.png 2048w, https:\/\/fepale.org\/capacitacion\/wp-content\/uploads\/2025\/10\/Imagen1-1080x202.png 1080w, https:\/\/fepale.org\/capacitacion\/wp-content\/uploads\/2025\/10\/Imagen1-600x112.png 600w\" sizes=\"auto, (max-width: 300px) 100vw, 300px\" \/><\/p>\n<h4><strong>Datos Clave y Estructura del Programa:<\/strong><\/h4>\n<p>Este diplomado tiene una duraci\u00f3n de <strong>130 horas acad\u00e9micas<\/strong> y est\u00e1 estructurado en <strong>13 m\u00f3dulos. <\/strong>\u00a0El programa dar\u00e1 inicio el <strong>8 de junio 2026<\/strong>.<\/p>\n<h4><strong>Modalidad de Estudio: 100% Virtual Asincr\u00f3nica (E-learning):<\/strong><\/h4>\n<p>El diplomado se ofrece exclusivamente en <strong>modalidad virtual (E-learning)<\/strong>, bajo un formato <strong>asincr\u00f3nico<\/strong> que garantiza la flexibilidad, permiti\u00e9ndote avanzar a tu propio ritmo sin sacrificar la calidad educativa ni la interacci\u00f3n.<\/p>\n<ul>\n<li><strong>Aula Virtual y Plataforma Web:<\/strong> Se trabajar\u00e1 en una plataforma Web especialmente dise\u00f1ada (aula virtual), donde tendr\u00e1s acceso a documentos, videos, enlaces de inter\u00e9s, y se facilitar\u00e1 la interacci\u00f3n continua con docentes y compa\u00f1eros.<\/li>\n<li><strong>Horarios Flexibles:<\/strong> La modalidad es asincr\u00f3nica. El participante puede acceder a los contenidos en los horarios que <strong>mejor le convenga<\/strong>, respetando la cronolog\u00eda establecida del programa.<\/li>\n<li><strong>Foro y Consulta Docente:<\/strong> Se desarrollar\u00e1 un foro en la plataforma para fomentar el contacto entre participantes y docentes. Los docentes estar\u00e1n disponibles para responder dudas, consultas y ampliar contenidos de inter\u00e9s.<\/li>\n<li><strong>Dedicaci\u00f3n Semanal:<\/strong> Se estima una dedicaci\u00f3n de<strong> 8 horas de estudio por semana<\/strong> para completar el programa de <strong>13 semanas<\/strong>.<\/li>\n<li><strong>Evaluaci\u00f3n:<\/strong> Se realizar\u00e1 una <strong>evaluaci\u00f3n final obligatoria<\/strong> para la aprobaci\u00f3n y obtenci\u00f3n del <strong>Diploma<\/strong>.<\/li>\n<\/ul>\n<p>&nbsp;<\/p>\n<h4><strong>Objetivos:<\/strong><\/h4>\n<p>El objetivo central es dotar a los participantes de las herramientas para transformar sus sistemas lecheros en modelos m\u00e1s productivos, eficientes, rentables y sostenibles.<\/p>\n<p>&nbsp;<\/p>\n<h4><strong>\u00a0<\/strong><strong>Enfoque en Liderazgo y Sostenibilidad:<\/strong><\/h4>\n<ul>\n<li><strong>Ganader\u00eda Clim\u00e1ticamente Inteligente:<\/strong> Estrategias de mitigaci\u00f3n y adaptaci\u00f3n en sistemas lecheros: captura de carbono, reducci\u00f3n de emisiones de metano y manejo eficiente de recursos h\u00eddricos.<\/li>\n<li><strong>Integraci\u00f3n de Sistemas Silvopastoriles:<\/strong> Dise\u00f1o y manejo como estrategia de resiliencia, diversificaci\u00f3n de ingresos y aporte a la sostenibilidad ambiental y social.<\/li>\n<li><strong>Planificaci\u00f3n Financiera:<\/strong> Modelos de costos y m\u00e1rgenes, an\u00e1lisis de riesgo y toma de decisiones para la rentabilidad sostenible.<\/li>\n<\/ul>\n<p>&nbsp;<\/p>\n<h4><strong>Objetivos Espec\u00edficos:<\/strong><\/h4>\n<ul>\n<li>Brindar conocimientos t\u00e9cnicos actualizados en producci\u00f3n lechera en sistemas pastoriles (tropicales y templados).<\/li>\n<li>Fortalecer capacidades en sostenibilidad, cambio clim\u00e1tico y bienestar animal.<\/li>\n<li>Incorporar herramientas de planificaci\u00f3n financiera y gesti\u00f3n empresarial.<\/li>\n<li>Promover la innovaci\u00f3n tecnol\u00f3gica y la diversificaci\u00f3n productiva.<\/li>\n<li>Impulsar la formaci\u00f3n de l\u00edderes en el sector lechero.<\/li>\n<\/ul>\n<p>&nbsp;<\/p>\n<h4><strong>Dirigido a:<\/strong><\/h4>\n<p>El diplomado est\u00e1 dirigido a <strong>productores lecheros, t\u00e9cnicos, consultores, acad\u00e9micos, l\u00edderes de asociaciones y profesionales<\/strong> vinculados al sector agropecuario.<\/p>\n<p>Para aprovechar mejor los contenidos del diplomado, es importante contar con experiencia o estudios previos.<\/p>\n<h4>Contenido del Diplomado:<\/h4>\n<h4>M\u00f3dulo 0:<\/h4>\n<ul>\n<li>Perspectivas de la lecher\u00eda.<\/li>\n<li>Oferta y demanda mundial, exportadores e importadores, protagonistas y desaf\u00edos.<\/li>\n<\/ul>\n<h4>M\u00f3dulo 1:<\/h4>\n<ul>\n<li>El sistema de producci\u00f3n pastoril.<\/li>\n<li>Fundamentos del sistema, piezas, presupuestaci\u00f3n y modelizaci\u00f3n.<\/li>\n<\/ul>\n<h4>M\u00f3dulo 2:<\/h4>\n<ul>\n<li>El ambiente y el sistema pastoril.<\/li>\n<li>Sostenibilidad, ganader\u00eda regenerativa, regulaciones y lecher\u00eda org\u00e1nica.<\/li>\n<\/ul>\n<h4>M\u00f3dulo 3:<\/h4>\n<ul>\n<li>Fertilidad de suelos.<\/li>\n<li>Teor\u00eda y aplicaci\u00f3n pr\u00e1ctica.<\/li>\n<\/ul>\n<h4>M\u00f3dulo 4:<\/h4>\n<ul>\n<li>Ecofisiolog\u00eda de las pasturas.<\/li>\n<li>Comprensi\u00f3n de la fisiolog\u00eda para el manejo efectivo.<\/li>\n<\/ul>\n<h4>M\u00f3dulo 5:<\/h4>\n<ul>\n<li>Producci\u00f3n de forrajes.<\/li>\n<li>Selecci\u00f3n y establecimiento de cultivos forrajeros y conservaci\u00f3n de forrajes.<\/li>\n<\/ul>\n<h4>M\u00f3dulo 6:<\/h4>\n<ul>\n<li>Aprovechamiento de los forrajes.<\/li>\n<li>Gesti\u00f3n de pasturas, administraci\u00f3n de la producci\u00f3n y la cosecha.<\/li>\n<\/ul>\n<h4>M\u00f3dulo 7:<\/h4>\n<ul>\n<li>Aprovechamiento de los forrajes.<\/li>\n<li>Formaci\u00f3n del personal operativo y grupos de discusi\u00f3n.<\/li>\n<\/ul>\n<h4>M\u00f3dulo 8:<\/h4>\n<ul>\n<li>Nutrici\u00f3n en pastoreo.<\/li>\n<li>Dise\u00f1o de dietas para vacas en pastoreo.<\/li>\n<\/ul>\n<h4>M\u00f3dulo 9:<\/h4>\n<ul>\n<li>Estrategias de bienestar animal en sistemas pastoriles.<\/li>\n<li>Evaluaci\u00f3n del comportamiento animal en pastoreo, indicadores de bienestar, protocolos de salud preventiva y su impacto en la productividad y calidad de la leche.<\/li>\n<\/ul>\n<h4>M\u00f3dulo 10:<\/h4>\n<ul>\n<li>Ganader\u00eda clim\u00e1ticamente inteligente.<\/li>\n<li>Estrategias de mitigaci\u00f3n y adaptaci\u00f3n en sistemas lecheros tropicales: captura de carbono, reducci\u00f3n de emisiones de metano y manejo eficiente de recursos h\u00eddricos.<\/li>\n<\/ul>\n<h4>M\u00f3dulo 11:<\/h4>\n<ul>\n<li>Planificaci\u00f3n financiera y sostenibilidad econ\u00f3mica de la empresa lechera.<\/li>\n<li>Modelos de costos y m\u00e1rgenes en sistemas pastoriles, an\u00e1lisis de riesgo, esquemas de cofinanciamiento y toma de decisiones para la rentabilidad sostenible.<\/li>\n<\/ul>\n<h4>M\u00f3dulo 12:<\/h4>\n<ul>\n<li>Integraci\u00f3n de sistemas silvopastoriles y diversificaci\u00f3n productiva.<\/li>\n<li>Dise\u00f1o y manejo de sistemas silvopastoriles como estrategia de resiliencia, diversificaci\u00f3n de ingresos y aporte a la sostenibilidad ambiental y social.<\/li>\n<\/ul>\n<p><strong>Evaluaci\u00f3n Final.<\/strong><\/p>\n<h4>Nuestro Equipo Docente de Alto Nivel:<\/h4>\n<p><strong>Celia Trejo, Ph.D. <img loading=\"lazy\" decoding=\"async\" class=\"wp-image-5320 alignright\" src=\"http:\/\/fepale.org\/capacitacion\/wp-content\/uploads\/2025\/10\/celiaweb-300x300.png\" alt=\"\" width=\"71\" height=\"71\" srcset=\"https:\/\/fepale.org\/capacitacion\/wp-content\/uploads\/2025\/10\/celiaweb-300x300.png 300w, https:\/\/fepale.org\/capacitacion\/wp-content\/uploads\/2025\/10\/celiaweb-150x150.png 150w, https:\/\/fepale.org\/capacitacion\/wp-content\/uploads\/2025\/10\/celiaweb-400x408.png 400w, https:\/\/fepale.org\/capacitacion\/wp-content\/uploads\/2025\/10\/celiaweb-100x100.png 100w, https:\/\/fepale.org\/capacitacion\/wp-content\/uploads\/2025\/10\/celiaweb.png 408w\" sizes=\"auto, (max-width: 71px) 100vw, 71px\" \/><\/strong><\/p>\n<p>Directora. Profesor Asociada. Jefe de Ganado de Carne. Ph.D. En Ciencias Animales<\/p>\n<p><strong>Marielena Moncada, Ph.D.<img loading=\"lazy\" decoding=\"async\" class=\" wp-image-5321 alignright\" src=\"http:\/\/fepale.org\/capacitacion\/wp-content\/uploads\/2025\/10\/marielenaweb-300x300.png\" alt=\"\" width=\"71\" height=\"71\" srcset=\"https:\/\/fepale.org\/capacitacion\/wp-content\/uploads\/2025\/10\/marielenaweb-300x300.png 300w, https:\/\/fepale.org\/capacitacion\/wp-content\/uploads\/2025\/10\/marielenaweb-150x150.png 150w, https:\/\/fepale.org\/capacitacion\/wp-content\/uploads\/2025\/10\/marielenaweb-400x408.png 400w, https:\/\/fepale.org\/capacitacion\/wp-content\/uploads\/2025\/10\/marielenaweb-100x100.png 100w, https:\/\/fepale.org\/capacitacion\/wp-content\/uploads\/2025\/10\/marielenaweb.png 409w\" sizes=\"auto, (max-width: 71px) 100vw, 71px\" \/> <\/strong><\/p>\n<p>Profesora asociada. Jefe de Ganado Lechero- Ph.D. en Ciencias Animales<\/p>\n<p><strong>Ing. Carlos E. Batallas<img loading=\"lazy\" decoding=\"async\" class=\" wp-image-5322 alignright\" src=\"http:\/\/fepale.org\/capacitacion\/wp-content\/uploads\/2025\/10\/foto-carlos-2-300x225.jpg\" alt=\"\" width=\"75\" height=\"56\" srcset=\"https:\/\/fepale.org\/capacitacion\/wp-content\/uploads\/2025\/10\/foto-carlos-2-300x225.jpg 300w, https:\/\/fepale.org\/capacitacion\/wp-content\/uploads\/2025\/10\/foto-carlos-2-768x576.jpg 768w, https:\/\/fepale.org\/capacitacion\/wp-content\/uploads\/2025\/10\/foto-carlos-2-510x382.jpg 510w, https:\/\/fepale.org\/capacitacion\/wp-content\/uploads\/2025\/10\/foto-carlos-2-74x55.jpg 74w, https:\/\/fepale.org\/capacitacion\/wp-content\/uploads\/2025\/10\/foto-carlos-2-111x83.jpg 111w, https:\/\/fepale.org\/capacitacion\/wp-content\/uploads\/2025\/10\/foto-carlos-2-215x161.jpg 215w, https:\/\/fepale.org\/capacitacion\/wp-content\/uploads\/2025\/10\/foto-carlos-2-600x450.jpg 600w, https:\/\/fepale.org\/capacitacion\/wp-content\/uploads\/2025\/10\/foto-carlos-2.jpg 1024w\" sizes=\"auto, (max-width: 75px) 100vw, 75px\" \/><\/strong><\/p>\n<p>Sc en Nutrici\u00f3n de Rumiantes.<\/p>\n<p><strong>Gonzalo Tu\u00f1on, MSc, PhD<img loading=\"lazy\" decoding=\"async\" class=\" wp-image-5323 alignright\" src=\"http:\/\/fepale.org\/capacitacion\/wp-content\/uploads\/2025\/10\/foto-Gonzalo-225x300.jpg\" alt=\"\" width=\"65\" height=\"87\" srcset=\"https:\/\/fepale.org\/capacitacion\/wp-content\/uploads\/2025\/10\/foto-Gonzalo-225x300.jpg 225w, https:\/\/fepale.org\/capacitacion\/wp-content\/uploads\/2025\/10\/foto-Gonzalo-768x1024.jpg 768w, https:\/\/fepale.org\/capacitacion\/wp-content\/uploads\/2025\/10\/foto-Gonzalo-600x800.jpg 600w, https:\/\/fepale.org\/capacitacion\/wp-content\/uploads\/2025\/10\/foto-Gonzalo.jpg 960w\" sizes=\"auto, (max-width: 65px) 100vw, 65px\" \/><\/strong><\/p>\n<p>Doctor en Ciencias Animales por la Universidad de Massey, Nueva Zelanda, y Teagasc, Irlanda.<\/p>\n<h4>Inversi\u00f3n:<\/h4>\n<p>El costo del Diplomado es de <strong>USD 900<\/strong><\/p>\n<p>Descuento para <strong>socios de FEPALE 15%<\/strong><\/p>\n<ul>\n<li><strong>Consultar por financiaci\u00f3n o pago en cuotas<\/strong><\/li>\n<\/ul>\n<p><strong>Pol\u00edtica<\/strong> <strong>de<\/strong> <strong>cancelaci\u00f3n:<\/strong><\/p>\n<p>&nbsp;<\/p>\n<p><strong>Pol\u00edtica de Cancelaci\u00f3n: <\/strong>Para solicitar una cancelaci\u00f3n y aplicar a la pol\u00edtica de reembolso, el participante deber\u00e1 enviar un correo a psanchez@zamorano.edu indicando los motivos y adjuntando los datos de inscripci\u00f3n.<\/p>\n<ul>\n<li><strong>Cancelaci\u00f3n entre una y dos semanas antes del inicio:<\/strong> Se reembolsar\u00e1 el <strong>50%<\/strong> del valor total del curso.<\/li>\n<li><strong>Cancelaci\u00f3n una semana o menos antes del inicio:<\/strong> No se realizar\u00e1 reembolso del monto pagado.<\/li>\n<li><strong>Cancelaci\u00f3n el d\u00eda de inicio o despu\u00e9s:<\/strong> No se aplicar\u00e1n devoluciones.<\/li>\n<\/ul>\n<h4>M\u00e1s informaci\u00f3n:<\/h4>\n<ul>\n<li><strong>Contacto Zamorano:<\/strong> Skarleth Oliva \/ <a href=\"mailto:soliva@zamorano.edu\">soliva@zamorano.edu<\/a> \u00a0\/ +504 9430-4868<\/li>\n<li><strong>Contacto FEPALE:<\/strong> Elena Sierra \/ <a href=\"mailto:infocapacita@fepale.org\">infocapacita@fepale.org<\/a><\/li>\n<li><strong>Sitio Web:<\/strong> www.zamorano.edu \/ <a href=\"https:\/\/fepale.org\/capacitacion\/\">https:\/\/fepale.org\/capacitacion\/<\/a><\/li>\n<li><strong>Link de inscripci\u00f3n aqu\u00ed: <\/strong><a href=\"https:\/\/forms.gle\/orB5tVtiNLc6MrPJA\">https:\/\/forms.gle\/orB5tVtiNLc6MrPJA<\/a><\/li>\n<\/ul>\n<p><a href=\"https:\/\/fepale.org\/capacitacion\/politica_devoluciones_reembolsos_cursos_fepale\/\" target=\"_blank\" rel=\"noopener\">Pol\u00edtica de devoluciones y reembolsos para cursos organizados por FEPALE \u2013 INSTITUTO PANAMERICANO DE CAPACITACION PARA EL SECTOR LACTEO<\/a><\/p>\n<p style=\"text-align: center;\"><a href=\"https:\/\/forms.gle\/RL7GzELx2kkzpuZT6\" target=\"_blank\" rel=\"noopener\"><strong>FORMULARIO DE INSCRIPCI\u00d3N<\/strong><\/a><\/p>\n","protected":false},"excerpt":{"rendered":"<p>Organizan:<\/p>\n<p><img loading=\"lazy\" decoding=\"async\" class=\"alignnone size-medium wp-image-5331\" src=\"http:\/\/fepale.org\/capacitacion\/wp-content\/uploads\/2025\/10\/Imagen1-300x56.png\" alt=\"\" width=\"300\" height=\"56\" srcset=\"https:\/\/fepale.org\/capacitacion\/wp-content\/uploads\/2025\/10\/Imagen1-300x56.png 300w, https:\/\/fepale.org\/capacitacion\/wp-content\/uploads\/2025\/10\/Imagen1-1024x192.png 1024w, https:\/\/fepale.org\/capacitacion\/wp-content\/uploads\/2025\/10\/Imagen1-768x144.png 768w, https:\/\/fepale.org\/capacitacion\/wp-content\/uploads\/2025\/10\/Imagen1-1536x288.png 1536w, https:\/\/fepale.org\/capacitacion\/wp-content\/uploads\/2025\/10\/Imagen1-2048x384.png 2048w, https:\/\/fepale.org\/capacitacion\/wp-content\/uploads\/2025\/10\/Imagen1-1080x202.png 1080w, https:\/\/fepale.org\/capacitacion\/wp-content\/uploads\/2025\/10\/Imagen1-600x112.png 600w\" sizes=\"auto, (max-width: 300px) 100vw, 300px\" \/><\/p>\n","protected":false},"featured_media":5329,"template":"","meta":[],"pwb-brand":[],"product_brand":[],"product_cat":[73],"product_tag":[],"class_list":{"0":"post-5312","1":"product","2":"type-product","3":"status-publish","4":"has-post-thumbnail","6":"product_cat-cursos-a-distancia","8":"first","9":"instock","10":"shipping-taxable","11":"purchasable","12":"product-type-simple"},"brands":[],"_links":{"self":[{"href":"https:\/\/fepale.org\/capacitacion\/wp-json\/wp\/v2\/product\/5312","targetHints":{"allow":["GET"]}}],"collection":[{"href":"https:\/\/fepale.org\/capacitacion\/wp-json\/wp\/v2\/product"}],"about":[{"href":"https:\/\/fepale.org\/capacitacion\/wp-json\/wp\/v2\/types\/product"}],"wp:featuredmedia":[{"embeddable":true,"href":"https:\/\/fepale.org\/capacitacion\/wp-json\/wp\/v2\/media\/5329"}],"wp:attachment":[{"href":"https:\/\/fepale.org\/capacitacion\/wp-json\/wp\/v2\/media?parent=5312"}],"wp:term":[{"taxonomy":"pwb-brand","embeddable":true,"href":"https:\/\/fepale.org\/capacitacion\/wp-json\/wp\/v2\/pwb-brand?post=5312"},{"taxonomy":"product_brand","embeddable":true,"href":"https:\/\/fepale.org\/capacitacion\/wp-json\/wp\/v2\/product_brand?post=5312"},{"taxonomy":"product_cat","embeddable":true,"href":"https:\/\/fepale.org\/capacitacion\/wp-json\/wp\/v2\/product_cat?post=5312"},{"taxonomy":"product_tag","embeddable":true,"href":"https:\/\/fepale.org\/capacitacion\/wp-json\/wp\/v2\/product_tag?post=5312"}],"curies":[{"name":"wp","href":"https:\/\/api.w.org\/{rel}","templated":true}]}}