{"id":5280,"date":"2025-10-06T14:19:28","date_gmt":"2025-10-06T17:19:28","guid":{"rendered":"https:\/\/fepale.org\/capacitacion\/?post_type=product&#038;p=5280"},"modified":"2026-01-27T10:07:17","modified_gmt":"2026-01-27T13:07:17","slug":"buenas-practicas-en-la-produccion-de-leche-y-su-impacto-en-la-rentabilidad-inicio-17-de-noviembre-2025","status":"publish","type":"product","link":"https:\/\/fepale.org\/capacitacion\/producto\/buenas-practicas-en-la-produccion-de-leche-y-su-impacto-en-la-rentabilidad-inicio-17-de-noviembre-2025\/","title":{"rendered":"Buenas Pr\u00e1cticas en la Producci\u00f3n de Leche y su Impacto en la Rentabilidad &#8211; Inicio 17 de noviembre 2025"},"content":{"rendered":"<h4><strong>PRESENTACI\u00d3N:\u00a0<\/strong><\/h4>\n<p>El concepto de calidad se lo define y se lo asocia a la capacidad de un bien o un servicio para satisfacer los requerimientos de un determinado cliente o consumidor. En este marco, la adopci\u00f3n de la calidad como filosof\u00eda de trabajo responde a estas demandas. De acuerdo a las tendencias actuales, los consumidores tienen inter\u00e9s en adquirir productos no s\u00f3lo de acuerdo a su calidad sino tambi\u00e9n a c\u00f3mo fueron producidos. La calidad entonces es reconocida en el producto en s\u00ed y en todo su proceso desde la producci\u00f3n primaria.<\/p>\n<p>En respuesta a estas demandas, este curso est\u00e1 destinado a profesionales del agro, productores, estudiantes avanzados de carreras agropecuarias y operarios de fincas lecheras con el objetivo del aseguramiento de la calidad de la leche en los establecimientos lecheros e introduce un cambio de paradigma: pasar de sistemas enfocados s\u00f3lo en la calidad final de la leche a sistemas proactivos basados en el control, el orden y la mejora de procesos, trabajando en la prevenci\u00f3n con capacidad de planificaci\u00f3n y anticipaci\u00f3n, y manteniendo una coherencia hacia las normas internacionales, buscando as\u00ed la excelencia de su eslab\u00f3n primario, la finca lechera.<\/p>\n<p>&nbsp;<\/p>\n<h4><strong>MODULO I\u00a0\u00a0\u00a0\u00a0\u00a0\u00a0\u00a0\u00a0 <\/strong><\/h4>\n<p><strong>\u00a0<\/strong><strong>FECHA:\u00a0 DEL 17 AL 23 DE NOVIEMBRE<\/strong><\/p>\n<p><strong>Exigencias de calidad para una lecher\u00eda sustentable.<\/strong><\/p>\n<p><strong>Objetivo: <\/strong>Conocer las tendencias de las nuevas demandas de los consumidores. Contar con herramientas de la calidad que permitan realizar un diagn\u00f3stico de la situaci\u00f3n inicial en un establecimiento.<\/p>\n<ol>\n<li>Exigencia de los mercados, tendencias de las nuevas demandas de los consumidores.<\/li>\n<li>Calidad de producto: diferentes visiones. Visi\u00f3n del productor, visi\u00f3n del industrial, visi\u00f3n del consumidor. La cadena l\u00e1ctea desde el productor hasta el consumidor y el rol de cada uno de sus integrantes.<\/li>\n<li>Herramientas de calidad para el diagn\u00f3stico, manejo e implementaci\u00f3n de las mismas.<\/li>\n<\/ol>\n<p><strong>\u00a0<\/strong><\/p>\n<h4><strong>MODULO II<\/strong><\/h4>\n<p><strong>FECHA: DEL 24 AL 30 DE NOVIEMBRE<\/strong><\/p>\n<p><strong>Fisiopatolog\u00eda de la lactancia y calidad de leche.<\/strong><\/p>\n<p><strong>Objetivo:<\/strong> Conocer el impacto de los diferentes pasos que constituyen una rutina de orde\u00f1o en la producci\u00f3n de leche de calidad y en el sistema de producci\u00f3n. Entender la importancia de c\u00f3mo impacta la mastitis sobre la calidad de leche y c\u00f3mo afecta al productor y a la industria l\u00e1ctea. Interpretar resultados de laboratorio como herramienta de diagn\u00f3stico pr\u00e1ctico en planes de mejora de la calidad de leche.<\/p>\n<ol>\n<li>Buenas pr\u00e1cticas en la rutina de orde\u00f1o para la obtenci\u00f3n de una leche de calidad. Aspectos relacionados al animal, a la calidad de leche, al operador y al equipo de orde\u00f1o.<\/li>\n<li>Programa de sanidad de ubre: objetivos de calidad, valores a alcanzar, indicadores. La mastitis y mecanismos de control.<\/li>\n<li>Muestreos de leche de vaca y tanque. Lectura e interpretaci\u00f3n de los resultados del laboratorio de calidad de leche.<\/li>\n<\/ol>\n<p><strong>\u00a0<\/strong><\/p>\n<h4><strong>MODULO III<\/strong><\/h4>\n<p><strong>\u00a0<\/strong><strong>FECHA: DEL 1 AL 7 DE DICIEMBRE<\/strong><\/p>\n<p><strong>Instalaciones y su impacto en la producci\u00f3n<\/strong><\/p>\n<p><strong>Objetivo: <\/strong>Entender la importancia que tienen los diferentes componentes que conforman las instalaciones del tambo sobre los animales, operadores, la leche producida y el medio ambiente. Aplicar buenas pr\u00e1cticas para el manejo de instalaciones y del medio ambiente.<\/p>\n<ol>\n<li>Dise\u00f1o de las instalaciones: Su relaci\u00f3n con el bienestar animal, el confort de los operarios, la calidad de leche, la eficiencia de la mano de obra y el cuidado del medio ambiente.<\/li>\n<li>Equipo de orde\u00f1o y frio, su impacto en la calidad de leche. Aspectos relacionados con su mantenimiento, control y uso.<\/li>\n<li>Instalaciones vinculadas al momento del orde\u00f1o. Caminos, bebederos, comederos, pasillos, corrales, sala de orde\u00f1o, estr\u00e9s cal\u00f3rico, pisos.<\/li>\n<\/ol>\n<p><strong>\u00a0<\/strong><\/p>\n<h4><strong>MODULO IV<\/strong><\/h4>\n<p><strong>\u00a0<\/strong><strong>FECHA: DEL 8 AL 14 DE DICIEMBRE<\/strong><\/p>\n<p><strong>An\u00e1lisis Econ\u00f3mico y Gesti\u00f3n para una Lecher\u00eda Eficiente<\/strong><\/p>\n<p><strong>Objetivo: <\/strong>Conocer los diferentes costos que impactan en los sistemas de producci\u00f3n de leche y analizar sus resultados para la toma de decisiones. Confecci\u00f3n de informes.<\/p>\n<ol>\n<li>El sistema tambo, su complejidad y relaci\u00f3n con los diferentes procesos que lo integran. Objetivos parciales y su relaci\u00f3n con un objetivo final.<\/li>\n<li>Sistema contable tradicional versus el sistema de los costos de la calidad. Puntos cr\u00edticos de control.<\/li>\n<li>Propuesta de trabajo: Tablero de control. An\u00e1lisis econ\u00f3mico viable. Confecci\u00f3n de informes.<\/li>\n<\/ol>\n<p><strong>EVALUACI\u00d3N\u00a0 FINAL OBLIGATORIA PARA CERTIFICACI\u00d3N: DEL 15 AL 21 DE DICIEMBRE<\/strong><\/p>\n<p><iframe loading=\"lazy\" title=\"Invitaci\u00f3n Ing. Pedro Serrano - Curso Buenas Pr\u00e1cticas en la Producci\u00f3n de Leche 2025\" width=\"563\" height=\"1000\" src=\"https:\/\/www.youtube.com\/embed\/i3WdoJWyKFE?feature=oembed\" frameborder=\"0\" allow=\"accelerometer; autoplay; clipboard-write; encrypted-media; gyroscope; picture-in-picture; web-share\" referrerpolicy=\"strict-origin-when-cross-origin\" allowfullscreen><\/iframe><\/p>\n<h4><strong>MODALIDAD:<\/strong><\/h4>\n<p><strong>On-line:<\/strong>\u00a0el curso se realizar\u00e1 en modalidad E-learning.<\/p>\n<p><strong>Aula virtual:<\/strong>\u00a0Se trabajar\u00e1 en una plataforma Web especialmente dise\u00f1ada para el curso (aula y plataforma virtual), donde se podr\u00e1 acceder a los documentos, videos, link de inter\u00e9s y se facilitar\u00e1 la interacci\u00f3n con los docentes y el resto de los participantes al curso.<\/p>\n<p><strong>Foro:<\/strong>\u00a0Se desarrollar\u00e1 un foro en la plataforma para fomentar el contacto entre los participantes y los docentes, habilitado para consultas de los participantes y para que los docentes dejen consignas para trabajar y debatir en conjunto.<\/p>\n<p><strong>Docentes:<\/strong>\u00a0Los docentes estar\u00e1n disponibles para responder dudas y consultas de los participantes y para ampliar contenidos de inter\u00e9s de los participantes.<\/p>\n<p><strong>Horarios:<\/strong>\u00a0El curso es en modalidad asincr\u00f3nica, el participante puede acceder en los horarios que mejor le convenga, siempre respetando la cronolog\u00eda del curso.<\/p>\n<p><strong>Evaluaciones:<\/strong>\u00a0En el curso se har\u00e1 una evaluaci\u00f3n final obligatoria para la aprobaci\u00f3n del mismo.<\/p>\n<p><strong>Dedicaci\u00f3n:<\/strong>\u00a0Cada participante deber\u00e1 destinar un m\u00e1ximo de 6 horas de trabajo por semana de curso y el curso est\u00e1 conformado de un programa de 5 semanas.<\/p>\n<h4>DOCENTE:<\/h4>\n<p><a href=\"http:\/\/fepale.org\/capacitacion\/wp-content\/uploads\/2025\/10\/CV-Docente-Pedro-Serrano.pdf\">CV-Docente-Pedro-Serrano<\/a><\/p>\n<h4><strong>CERTIFICACI\u00d3N:<\/strong><\/h4>\n<p>Aquel participante que apruebe las instancias de evaluaci\u00f3n de las distintas unidades recibir\u00e1:<\/p>\n<ul>\n<li>Certificado de Participaci\u00f3n y Aprobaci\u00f3n emitido por FEPALE.<\/li>\n<\/ul>\n<h4><strong>\u00a0<\/strong><strong>COSTO:<\/strong><\/h4>\n<p>Costo del Curso\u00a0<strong>USD 120<\/strong><\/p>\n<p>Socios de\u00a0<strong>FEPALE USD 90<\/strong><\/p>\n<p style=\"text-align: center;\"><a href=\"https:\/\/forms.gle\/mSHA8jPmCCszmTdT8\" target=\"_blank\" rel=\"noopener\"><strong>FORMULARIO DE INSCRIPCI\u00d3N AQU\u00cd<\/strong><\/a><\/p>\n","protected":false},"excerpt":{"rendered":"<p><strong>Organizan:<\/strong><\/p>\n<p><img loading=\"lazy\" decoding=\"async\" class=\"alignnone size-medium wp-image-5305\" src=\"http:\/\/fepale.org\/capacitacion\/wp-content\/uploads\/2025\/10\/logosfepaleuniarg-300x80.png\" alt=\"\" width=\"300\" height=\"80\" srcset=\"https:\/\/fepale.org\/capacitacion\/wp-content\/uploads\/2025\/10\/logosfepaleuniarg-300x80.png 300w, https:\/\/fepale.org\/capacitacion\/wp-content\/uploads\/2025\/10\/logosfepaleuniarg-470x127.png 470w, https:\/\/fepale.org\/capacitacion\/wp-content\/uploads\/2025\/10\/logosfepaleuniarg.png 478w\" sizes=\"auto, (max-width: 300px) 100vw, 300px\" \/><\/p>\n","protected":false},"featured_media":5283,"template":"","meta":[],"pwb-brand":[],"product_brand":[],"product_cat":[102],"product_tag":[],"class_list":{"0":"post-5280","1":"product","2":"type-product","3":"status-publish","4":"has-post-thumbnail","6":"product_cat-102","8":"first","9":"instock","10":"shipping-taxable","11":"product-type-simple"},"brands":[],"_links":{"self":[{"href":"https:\/\/fepale.org\/capacitacion\/wp-json\/wp\/v2\/product\/5280","targetHints":{"allow":["GET"]}}],"collection":[{"href":"https:\/\/fepale.org\/capacitacion\/wp-json\/wp\/v2\/product"}],"about":[{"href":"https:\/\/fepale.org\/capacitacion\/wp-json\/wp\/v2\/types\/product"}],"wp:featuredmedia":[{"embeddable":true,"href":"https:\/\/fepale.org\/capacitacion\/wp-json\/wp\/v2\/media\/5283"}],"wp:attachment":[{"href":"https:\/\/fepale.org\/capacitacion\/wp-json\/wp\/v2\/media?parent=5280"}],"wp:term":[{"taxonomy":"pwb-brand","embeddable":true,"href":"https:\/\/fepale.org\/capacitacion\/wp-json\/wp\/v2\/pwb-brand?post=5280"},{"taxonomy":"product_brand","embeddable":true,"href":"https:\/\/fepale.org\/capacitacion\/wp-json\/wp\/v2\/product_brand?post=5280"},{"taxonomy":"product_cat","embeddable":true,"href":"https:\/\/fepale.org\/capacitacion\/wp-json\/wp\/v2\/product_cat?post=5280"},{"taxonomy":"product_tag","embeddable":true,"href":"https:\/\/fepale.org\/capacitacion\/wp-json\/wp\/v2\/product_tag?post=5280"}],"curies":[{"name":"wp","href":"https:\/\/api.w.org\/{rel}","templated":true}]}}