{"id":5172,"date":"2025-04-29T15:05:28","date_gmt":"2025-04-29T18:05:28","guid":{"rendered":"https:\/\/fepale.org\/capacitacion\/?post_type=product&#038;p=5172"},"modified":"2026-01-27T10:09:31","modified_gmt":"2026-01-27T13:09:31","slug":"costo-del-litro-de-leche-con-uso-de-excel-inicio-13-de-octubre-2025","status":"publish","type":"product","link":"https:\/\/fepale.org\/capacitacion\/producto\/costo-del-litro-de-leche-con-uso-de-excel-inicio-13-de-octubre-2025\/","title":{"rendered":"Costo del litro de leche con uso de Excel &#8211; Inicio 13 de octubre 2025"},"content":{"rendered":"<h4>Costo del litro de leche con uso de Excel<\/h4>\n<p><strong>Inicio 13 de octubre 2025<\/strong><\/p>\n<h4>Presentaci\u00f3n:<\/h4>\n<p>En este desaf\u00edo hemos encarado un tema (resumidamente la obtenci\u00f3n del costo de producci\u00f3n del litro de leche) por dem\u00e1s discutido y sobre el cual hay una infinidad de estudios, an\u00e1lisis, ensayos etc. tantos como formas de verlo. Por lo tanto, es importante dejar en claro que no se pretende en este caso transmitir una verdad definitiva ni mucho menos, sino, simplemente aportar una herramienta que sirva para que, quienes a\u00fan no la tienen, mientras que se aprenden utilidades y funciones de Excel, puedan incorporarla a su trabajo diario, teniendo en cuenta fundamentalmente que al ser una herramienta \u201cabierta\u201d esta podr\u00e1 ampliarse, mejorarse, modificarse, etc., de forma que se acerque lo m\u00e1s posible a las necesidades de cada productor\/asesor\/estudiante. A partir de este a\u00f1o incorporamos una introducci\u00f3n a la Inteligencia Artificial con ejemplos concretos aplicados al agro, comparando 7 plataformas distintas.<br \/>\nEn concreto, si bien vamos a ver un ejemplo real de una explotaci\u00f3n lechera para poder mostrar el funcionamiento de las herramientas que vamos a ir armando, tanto los valores consignados como los rubros que se han incluido no deben ser tomados en cuenta al pie de la letra como datos comparativos reales, sino simplemente como datos que sirven para poder mostrar la forma de trabajar de las f\u00f3rmulas y c\u00e1lculos que va a realizar nuestra planilla. Cada uno cargar\u00e1 sus propios datos y en la moneda de cada pa\u00eds ya que, entre otras funciones, est\u00e1 previsto la unificaci\u00f3n posterior de todos los importes a una moneda \u00fanica (d\u00f3lar estadounidense) en funci\u00f3n de poder compararse con otros. La recomendaci\u00f3n es tratar de seguir el curso tal cual e ir anotando aparte qu\u00e9 cosas consideran que faltan en cuanto a rubros de gastos, c\u00e1lculos de eficiencia, etc.<br \/>\nFinalmente es importante que sepan que se debe trabajar sobre el libro de Excel de arranque que se les provee, ya que viene precargado, como veremos en las im\u00e1genes siguientes, con una infinidad de listas de insumos, alimentos, cultivos, laboreos, bienes de uso para calcular las amortizaciones, etc., etc. y, adem\u00e1s, entre los puntos m\u00e1s importantes, incluye tres \u201ccalculadoras\u201d pre armadas que les van a permitir, justamente, calcular los temas que suelen ser m\u00e1s complejos de obtener como son los costos de implantaci\u00f3n de pasturas\/praderas y\/o verdeos de verano o invierno, ma\u00edz para silo, etc., etc., o en otra les permitir\u00e1 agregar al costo de los insumos, los costos de labores, sean estas con equipos propios o de contratistas y, finalmente, la tercera \u201ccalculadora\u201d nos permitir\u00e1 calcular el costo diario por animal de cada una de las dietas o mezclas que estemos dando, todos datos que parten de las listas mencionadas antes y que luego transportaremos a la planilla principal:<\/p>\n<p><img loading=\"lazy\" decoding=\"async\" class=\"alignnone size-medium wp-image-5173\" src=\"https:\/\/fepale.org\/capacitacion\/wp-content\/uploads\/2025\/04\/1-2-300x64.jpg\" alt=\"\" width=\"300\" height=\"64\" srcset=\"https:\/\/fepale.org\/capacitacion\/wp-content\/uploads\/2025\/04\/1-2-300x64.jpg 300w, https:\/\/fepale.org\/capacitacion\/wp-content\/uploads\/2025\/04\/1-2-768x163.jpg 768w, https:\/\/fepale.org\/capacitacion\/wp-content\/uploads\/2025\/04\/1-2-600x128.jpg 600w, https:\/\/fepale.org\/capacitacion\/wp-content\/uploads\/2025\/04\/1-2.jpg 851w\" sizes=\"auto, (max-width: 300px) 100vw, 300px\" \/><\/p>\n<p><strong>Hoja de insumos agr\u00edcolas, laboreos y datos de rendimiento de algunos cultivos para facilitar los c\u00e1lculos de costos<\/strong><\/p>\n<p><img loading=\"lazy\" decoding=\"async\" class=\"alignnone size-medium wp-image-5174\" src=\"https:\/\/fepale.org\/capacitacion\/wp-content\/uploads\/2025\/04\/2-2-300x75.jpg\" alt=\"\" width=\"300\" height=\"75\" srcset=\"https:\/\/fepale.org\/capacitacion\/wp-content\/uploads\/2025\/04\/2-2-300x75.jpg 300w, https:\/\/fepale.org\/capacitacion\/wp-content\/uploads\/2025\/04\/2-2-600x150.jpg 600w, https:\/\/fepale.org\/capacitacion\/wp-content\/uploads\/2025\/04\/2-2.jpg 625w\" sizes=\"auto, (max-width: 300px) 100vw, 300px\" \/><\/p>\n<p><strong>Lista de alimentos con todos sus detalles composicionales y precios para poder calcular la suplementaci\u00f3n de los animales<\/strong><\/p>\n<p><img loading=\"lazy\" decoding=\"async\" class=\"alignnone size-medium wp-image-5175\" src=\"https:\/\/fepale.org\/capacitacion\/wp-content\/uploads\/2025\/04\/3-2-300x103.jpg\" alt=\"\" width=\"300\" height=\"103\" srcset=\"https:\/\/fepale.org\/capacitacion\/wp-content\/uploads\/2025\/04\/3-2-300x103.jpg 300w, https:\/\/fepale.org\/capacitacion\/wp-content\/uploads\/2025\/04\/3-2-768x263.jpg 768w, https:\/\/fepale.org\/capacitacion\/wp-content\/uploads\/2025\/04\/3-2-600x205.jpg 600w, https:\/\/fepale.org\/capacitacion\/wp-content\/uploads\/2025\/04\/3-2.jpg 917w\" sizes=\"auto, (max-width: 300px) 100vw, 300px\" \/><\/p>\n<p><strong>Calculadora de costos de implantaci\u00f3n de cultivos enlazadas a las tablas de datos agr\u00edcolas que vimos antes<\/strong><\/p>\n<p><img loading=\"lazy\" decoding=\"async\" class=\"alignnone size-medium wp-image-5176\" src=\"https:\/\/fepale.org\/capacitacion\/wp-content\/uploads\/2025\/04\/4-2-300x107.jpg\" alt=\"\" width=\"300\" height=\"107\" srcset=\"https:\/\/fepale.org\/capacitacion\/wp-content\/uploads\/2025\/04\/4-2-300x107.jpg 300w, https:\/\/fepale.org\/capacitacion\/wp-content\/uploads\/2025\/04\/4-2-559x200.jpg 559w, https:\/\/fepale.org\/capacitacion\/wp-content\/uploads\/2025\/04\/4-2.jpg 563w\" sizes=\"auto, (max-width: 300px) 100vw, 300px\" \/><\/p>\n<p><strong>Calculadora para sacar costos de suplementaci\u00f3n de las distintas categor\u00edas, enlazada a la tabla de alimentos<\/strong><\/p>\n<p><img loading=\"lazy\" decoding=\"async\" class=\"alignnone size-medium wp-image-5177\" src=\"https:\/\/fepale.org\/capacitacion\/wp-content\/uploads\/2025\/04\/5-2-300x99.jpg\" alt=\"\" width=\"300\" height=\"99\" srcset=\"https:\/\/fepale.org\/capacitacion\/wp-content\/uploads\/2025\/04\/5-2-300x99.jpg 300w, https:\/\/fepale.org\/capacitacion\/wp-content\/uploads\/2025\/04\/5-2-768x255.jpg 768w, https:\/\/fepale.org\/capacitacion\/wp-content\/uploads\/2025\/04\/5-2-600x199.jpg 600w, https:\/\/fepale.org\/capacitacion\/wp-content\/uploads\/2025\/04\/5-2.jpg 911w\" sizes=\"auto, (max-width: 300px) 100vw, 300px\" \/><\/p>\n<p><strong>Calculadora de amortizaciones de bienes, incluyendo cuota anual, cuota real de reposici\u00f3n y valor te\u00f3rico de venta del bien.<\/strong><br \/>\nDurante el curso vamos a armar una planilla en d\u00f3nde podremos ir guardando los costos estimados por mes y otros indicadores como precio de venta de la leche, valor del d\u00f3lar, producci\u00f3n individual, etc. y generar gr\u00e1ficos:<\/p>\n<p><img loading=\"lazy\" decoding=\"async\" class=\"alignnone size-medium wp-image-5178\" src=\"https:\/\/fepale.org\/capacitacion\/wp-content\/uploads\/2025\/04\/6-2-300x101.jpg\" alt=\"\" width=\"300\" height=\"101\" srcset=\"https:\/\/fepale.org\/capacitacion\/wp-content\/uploads\/2025\/04\/6-2-300x101.jpg 300w, https:\/\/fepale.org\/capacitacion\/wp-content\/uploads\/2025\/04\/6-2-768x260.jpg 768w, https:\/\/fepale.org\/capacitacion\/wp-content\/uploads\/2025\/04\/6-2-600x203.jpg 600w, https:\/\/fepale.org\/capacitacion\/wp-content\/uploads\/2025\/04\/6-2.jpg 869w\" sizes=\"auto, (max-width: 300px) 100vw, 300px\" \/><\/p>\n<p><strong>Variables para ir \u201ccerrando\u201d mensualmente los costos anualizados hasta tener un ciclo completo y gr\u00e1ficos din\u00e1micos<\/strong><\/p>\n<p><img loading=\"lazy\" decoding=\"async\" class=\"alignnone size-medium wp-image-5179\" src=\"https:\/\/fepale.org\/capacitacion\/wp-content\/uploads\/2025\/04\/7-2-300x206.jpg\" alt=\"\" width=\"300\" height=\"206\" srcset=\"https:\/\/fepale.org\/capacitacion\/wp-content\/uploads\/2025\/04\/7-2-300x206.jpg 300w, https:\/\/fepale.org\/capacitacion\/wp-content\/uploads\/2025\/04\/7-2-379x259.jpg 379w, https:\/\/fepale.org\/capacitacion\/wp-content\/uploads\/2025\/04\/7-2-600x412.jpg 600w, https:\/\/fepale.org\/capacitacion\/wp-content\/uploads\/2025\/04\/7-2.jpg 620w\" sizes=\"auto, (max-width: 300px) 100vw, 300px\" \/><br \/>\n<strong>% de incidencia de los grupos de costos sobre el precio venta del litro de leche<\/strong><\/p>\n<p><img loading=\"lazy\" decoding=\"async\" class=\"alignnone size-medium wp-image-5180\" src=\"https:\/\/fepale.org\/capacitacion\/wp-content\/uploads\/2025\/04\/8-2-300x198.jpg\" alt=\"\" width=\"300\" height=\"198\" srcset=\"https:\/\/fepale.org\/capacitacion\/wp-content\/uploads\/2025\/04\/8-2-300x198.jpg 300w, https:\/\/fepale.org\/capacitacion\/wp-content\/uploads\/2025\/04\/8-2-130x86.jpg 130w, https:\/\/fepale.org\/capacitacion\/wp-content\/uploads\/2025\/04\/8-2-187x124.jpg 187w, https:\/\/fepale.org\/capacitacion\/wp-content\/uploads\/2025\/04\/8-2-600x397.jpg 600w, https:\/\/fepale.org\/capacitacion\/wp-content\/uploads\/2025\/04\/8-2.jpg 620w\" sizes=\"auto, (max-width: 300px) 100vw, 300px\" \/><\/p>\n<p><strong>Evoluci\u00f3n de indicadores<\/strong><\/p>\n<p>Es importante tener en cuenta que todo ser\u00e1 adaptable a las necesidades de cada uno y que no pretendemos bajo ning\u00fan punto de vista proponer una verdad absoluta al respecto, sino plantear la discusi\u00f3n del tema y ofrecer una herramienta que facilite los c\u00e1lculos y la obtenci\u00f3n de esta crucial informaci\u00f3n, necesaria para todos los actores de la cadena, adem\u00e1s de aprender funciones y posibilidades de Excel que para algunos ser\u00e1n nuevas y podr\u00e1n luego ser aplicadas a otras planillas para mejorarlas.<br \/>\nEntonces, basado en que lo perfecto suele ser enemigo de lo bueno, trataremos de aportarles esta herramienta para, por lo menos, comenzar a trabajar el tema, luego, los l\u00edmites los pondr\u00e1 cada uno.<br \/>\nDicho esto, y yendo a lo pr\u00e1ctico, queremos que sepan que el curso se divide en ocho entregas semanales y que podr\u00e1n consultarme todas las veces que haga falta, preferentemente a la casilla de correo electr\u00f3nico: cursos@excelparaelagro.com.ar y que, el trabajo final para aprobar el curso no es m\u00e1s que el env\u00edo de lo realizado hasta la \u00faltima entrega inclusive.<\/p>\n<p>Dispondr\u00e1n tambi\u00e9n, adem\u00e1s del libro de Excel de arranque, de un material que recomiendo leer previamente y que se llama Diferencias entre versiones de Excel, y que, como el curso, abarca desde Excel 2007 hasta la \u00faltima versi\u00f3n: Excel 365.<br \/>\nAdem\u00e1s, est\u00e1n disponibles las traducciones de los nombres de las f\u00f3rmulas del castellano al ingl\u00e9s, y el c\u00f3digo ASCII, que muestra las combinaciones de teclas que se pueden usar en caso de que no tengamos algunos caracteres disponibles en nuestras PC o Notebooks.<br \/>\nPD: no queremos dejar de agradecer el aporte del Ing. Agr. Javier Linari, del Dr. Vet. Miguel \u00c1ngel Garc\u00eda y del Cdor. Roberto Soc\u00edn por su aporte a la elaboraci\u00f3n del presente curso<\/p>\n<p><img loading=\"lazy\" decoding=\"async\" class=\"alignnone size-medium wp-image-5181\" src=\"https:\/\/fepale.org\/capacitacion\/wp-content\/uploads\/2025\/04\/9-2-300x217.jpg\" alt=\"\" width=\"300\" height=\"217\" srcset=\"https:\/\/fepale.org\/capacitacion\/wp-content\/uploads\/2025\/04\/9-2-300x217.jpg 300w, https:\/\/fepale.org\/capacitacion\/wp-content\/uploads\/2025\/04\/9-2-768x555.jpg 768w, https:\/\/fepale.org\/capacitacion\/wp-content\/uploads\/2025\/04\/9-2-74x55.jpg 74w, https:\/\/fepale.org\/capacitacion\/wp-content\/uploads\/2025\/04\/9-2-600x434.jpg 600w, https:\/\/fepale.org\/capacitacion\/wp-content\/uploads\/2025\/04\/9-2.jpg 903w\" sizes=\"auto, (max-width: 300px) 100vw, 300px\" \/><\/p>\n<p><strong>Planilla final de c\u00e1lculo del costo de producci\u00f3n del litro de leche, con conversi\u00f3n a d\u00f3lares y porcentajes de incidencia sobre el precio de venta de cada uno (tambi\u00e9n es muy \u00fatil para plantear distintos escenarios y c\u00e1lculos de sensibilidad de variaci\u00f3n de distintos factores que hacen al costo y producci\u00f3n<\/strong>)<\/p>\n<h4>Modalidad:<\/h4>\n<p><strong>On \u2013 line:<\/strong> El curso se realizar en modalidad a distancia (e \u2013 learning), v\u00eda internet.<\/p>\n<p><strong>Aula Virtual:<\/strong> Se trabajar\u00e1 en una plataforma Web especialmente dise\u00f1ada para el curso (aula o plataforma virtual), desde donde se podr\u00e1 acceder a los documentos, videos, link de inter\u00e9s e interactuar con el docente y el resto de los participantes del curso.<\/p>\n<p><strong>Foro:<\/strong> En la plataforma del ciclo funcionar\u00e1 un foro por curso donde se podr\u00e1 mantener contacto con los participantes del mismo y con los docentes. Tambi\u00e9n se otorgar\u00e1 el E-mail del docente para poder comunicarse directamente.<\/p>\n<p><strong>Docente:<\/strong> El tutor docente estar\u00e1 disponible para responder las dudas y consultas de los participantes, y para ampliar los contenidos en aquellos aspectos de inter\u00e9s.<\/p>\n<p><strong>Horarios:<\/strong> El curso es en modalidad asincr\u00f3nica, el participante puede acceder en los horarios que mejor le convenga, siempre respetando la cronolog\u00eda del curso.<\/p>\n<p><strong>Trabajos:<\/strong> En el desarrollo del curso se trabajar\u00e1 sobre una planilla Excel, avanzando M\u00f3dulo a M\u00f3dulo, se programar\u00e1 una entrega intermedia y otra final para la correcci\u00f3n por parte del Docente.<\/p>\n<h4>Docente:<\/h4>\n<p><strong>Martin Aboaf Petit de Murat<\/strong><\/p>\n<p>IBM Senior Programmer \u2013 Microsoft Excel Expert Specialist \u2013 Certified Microsoft Innovative Educator<br \/>\nDocente ISEA-SRA, Cambio Rural, ACHA, AACREA, Fund. Libertad, INAFCI y FEPALE \u2013 Consultor de la C\u00e1mara Nicarag\u00fcense del Sector L\u00e1cteo. Ex Asesor de la Subsecretar\u00eda de Lecher\u00eda de la Naci\u00f3n \u2013 Consultor: www.todoagro.com.ar<\/p>\n<p>LinkedIn: http:\/\/ar.linkedin.com\/in\/mapdm<\/p>\n<p>Twitter: https:\/\/twitter.com\/ExcelAgro<\/p>\n<p>Instagram: https:\/\/www.instagram.com\/excelparaelagro\/<\/p>\n<p>Facebook: www.facebook.com\/Excel.para.el.Agro.<\/p>\n<h4>Costos:<\/h4>\n<p><strong>Costo del curso USD 150<\/strong><\/p>\n<p><strong>Costo Socios FEPALE USD 120<\/strong><\/p>\n<p style=\"text-align: center\"><a href=\"https:\/\/forms.gle\/gXqDMR6LZgLboriB6\" target=\"_blank\" rel=\"noopener\"><strong>FORMULARIO DE INSCRIPCI\u00d3N AQU\u00cd<\/strong><\/a><\/p>\n","protected":false},"excerpt":{"rendered":"<p><strong>Organizan:\u00a0<\/strong><\/p>\n<p><img loading=\"lazy\" decoding=\"async\" class=\"alignnone size-medium wp-image-5156\" src=\"https:\/\/fepale.org\/capacitacion\/wp-content\/uploads\/2025\/04\/logofepaleexcel.fw_-300x93.png\" alt=\"\" width=\"300\" height=\"93\" srcset=\"https:\/\/fepale.org\/capacitacion\/wp-content\/uploads\/2025\/04\/logofepaleexcel.fw_-300x93.png 300w, https:\/\/fepale.org\/capacitacion\/wp-content\/uploads\/2025\/04\/logofepaleexcel.fw_-1024x319.png 1024w, https:\/\/fepale.org\/capacitacion\/wp-content\/uploads\/2025\/04\/logofepaleexcel.fw_-768x239.png 768w, https:\/\/fepale.org\/capacitacion\/wp-content\/uploads\/2025\/04\/logofepaleexcel.fw_-1536x478.png 1536w, https:\/\/fepale.org\/capacitacion\/wp-content\/uploads\/2025\/04\/logofepaleexcel.fw_-2048x638.png 2048w, https:\/\/fepale.org\/capacitacion\/wp-content\/uploads\/2025\/04\/logofepaleexcel.fw_-1080x336.png 1080w, https:\/\/fepale.org\/capacitacion\/wp-content\/uploads\/2025\/04\/logofepaleexcel.fw_-600x187.png 600w\" sizes=\"auto, (max-width: 300px) 100vw, 300px\" \/><\/p>\n","protected":false},"featured_media":5182,"template":"","meta":[],"pwb-brand":[],"product_brand":[],"product_cat":[102],"product_tag":[],"class_list":{"0":"post-5172","1":"product","2":"type-product","3":"status-publish","4":"has-post-thumbnail","6":"product_cat-102","8":"first","9":"instock","10":"shipping-taxable","11":"product-type-simple"},"brands":[],"_links":{"self":[{"href":"https:\/\/fepale.org\/capacitacion\/wp-json\/wp\/v2\/product\/5172","targetHints":{"allow":["GET"]}}],"collection":[{"href":"https:\/\/fepale.org\/capacitacion\/wp-json\/wp\/v2\/product"}],"about":[{"href":"https:\/\/fepale.org\/capacitacion\/wp-json\/wp\/v2\/types\/product"}],"wp:featuredmedia":[{"embeddable":true,"href":"https:\/\/fepale.org\/capacitacion\/wp-json\/wp\/v2\/media\/5182"}],"wp:attachment":[{"href":"https:\/\/fepale.org\/capacitacion\/wp-json\/wp\/v2\/media?parent=5172"}],"wp:term":[{"taxonomy":"pwb-brand","embeddable":true,"href":"https:\/\/fepale.org\/capacitacion\/wp-json\/wp\/v2\/pwb-brand?post=5172"},{"taxonomy":"product_brand","embeddable":true,"href":"https:\/\/fepale.org\/capacitacion\/wp-json\/wp\/v2\/product_brand?post=5172"},{"taxonomy":"product_cat","embeddable":true,"href":"https:\/\/fepale.org\/capacitacion\/wp-json\/wp\/v2\/product_cat?post=5172"},{"taxonomy":"product_tag","embeddable":true,"href":"https:\/\/fepale.org\/capacitacion\/wp-json\/wp\/v2\/product_tag?post=5172"}],"curies":[{"name":"wp","href":"https:\/\/api.w.org\/{rel}","templated":true}]}}