{"id":5158,"date":"2025-04-29T14:36:10","date_gmt":"2025-04-29T17:36:10","guid":{"rendered":"https:\/\/fepale.org\/capacitacion\/?post_type=product&#038;p=5158"},"modified":"2025-07-08T11:18:02","modified_gmt":"2025-07-08T14:18:02","slug":"gestion-economica-para-lecheria-con-excel-nivel-2-inicio-4-de-agosto-2025","status":"publish","type":"product","link":"https:\/\/fepale.org\/capacitacion\/producto\/gestion-economica-para-lecheria-con-excel-nivel-2-inicio-4-de-agosto-2025\/","title":{"rendered":"Gesti\u00f3n Econ\u00f3mica para Lecher\u00eda con Excel &#8211; Nivel 2 &#8211; Inicio 4 de agosto 2025"},"content":{"rendered":"<h4>Gesti\u00f3n Econ\u00f3mica para Lecher\u00eda con Excel &#8211; Nivel 2<\/h4>\n<p><strong>Inicio 4 de agosto 2025<\/strong><\/p>\n<h4>Presentaci\u00f3n:<\/h4>\n<p>Este curso de nivel m\u00e1s avanzado, es la continuaci\u00f3n del Curso de Gesti\u00f3n Operativa y Financiera para la Finca Lechera con Excel y, tiene por objeto fundamental, incorporar al m\u00f3dulo que armamos de gesti\u00f3n operativa financiera, adem\u00e1s de varias funcionalidades, herramientas, macros, etc., etc. para agregarle una visi\u00f3n m\u00e1s orientada al concepto econ\u00f3mico y ya no s\u00f3lo a lo financiero. Y parte, pr\u00e1cticamente desde d\u00f3nde se termin\u00f3 el curso anterior, en concreto ser\u00eda la continuidad del primero, no un archivo nuevo. El curso cuenta tambi\u00e9n con videos de apoyo para todas las unidades.<\/p>\n<p>En este, como en todos nuestros cursos de \u201cExcel para el Agro\u201d, tenemos un \u201cdoble prop\u00f3sito\u201d, agregar a nuestra gesti\u00f3n todo lo que detallaremos a continuaci\u00f3n y, que siga siendo inmediatamente aplicable a la actividad, mientras incorporamos herramientas de Excel que servir\u00e1n para capacitarnos y para mejorar viejas planillas o crear nuevas en funci\u00f3n de lo que aprendamos.<\/p>\n<p>Yendo al contenido en s\u00ed mismo, a lo financiero (entra y sale, saldos de caja, percibido, etc.), vamos a incorporarle ahora lo devengado (compras y ventas), sin importar si se pag\u00f3 o se cobr\u00f3, no as\u00ed el an\u00e1lisis patrimonial que se lo dejamos a nuestros contadores, de manera de hacer algo que no sea tan engorroso de llevar y que por lo tanto sea perdurable en el tiempo. En el material extra se agrega a partir de este a\u00f1o una Introducci\u00f3n a la inteligencia artificial con ejemplos espec\u00edficos para el sector agropecuario.<\/p>\n<h4><strong>Los puntos m\u00e1s importantes que vamos a aprender y\/o agregar son:<\/strong><\/h4>\n<p>\u2022 El desglose del IVA.<br \/>\n\u2022 Las amortizaciones de todos nuestros bienes de uso (herramientas, maquinarias, etc.) vistos desde un<br \/>\npunto de vista de \u201ccaja de ahorro virtual\u201d al momento en que empecemos.<br \/>\n\u2022 Usar Tablas y gr\u00e1ficos din\u00e1micos para tener el detalle de nuestros subrubros.<br \/>\n\u2022 Armando de un \u201cdashboard\u201d o tablero de comando intercativo.<br \/>\n\u2022 Usar macros para automatizar tareas que, en el curso anterior, eran unidades opcionales.<br \/>\n\u2022 C\u00f3mo hacer para llevar los datos en moneda constante o valores de cambio (carne, leche, granos, etc.), que representen mejor la situaci\u00f3n real, tratando de despejar los temas inflacionarios.<br \/>\n\u2022 Generar consultas mensuales pasadas a cualquiera de las distintas variables como el valor del litro de leche, valor del d\u00f3lar o de la tonelada de granos. lo que a lo largo de un ciclo\/ejercicio\/a\u00f1o completo, nos van a dar los resultados que podremos comparar con otros ejercicios anteriores, etc.<br \/>\n\u2022 Crear un panel de control como el financiero, pero ahora m\u00e1s orientado a lo econ\u00f3mico y sin IVA y con sus resultados parciales (margen bruto, margen neto, resultado operativo).<br \/>\n\u2022 Armar un \u00edndice interactivo para moverse dentro del libro y tambi\u00e9n acceder a sitios web desde el m\u00f3dulo.<br \/>\n\u2022 Entregaremos un libro de Excel llamado UTILIDADES VARIAS.xlsx del que vamos a ir copiando hojas y rangos para facilitarles el trabajo a realizar. Recomiendo mirarlo un poco.<br \/>\n\u2022 En resumen, no es todo, pero es mucha de la informaci\u00f3n que vamos a generar para tener un posterior an\u00e1lisis econ\u00f3mico y patrimonial a partir de los datos diarios, adem\u00e1s del financiera que ya ten\u00edamos.<br \/>\n\u2022 Se les entregar\u00e1 un Libro de Excel con m\u00e1s de 400 ejemplos de transacciones para usar en el curso y un plan de cuentas que luego cada uno podr\u00e1 adaptar a sus necesidades. Este libro de arranque ya tiene incorporadas todas las funciones que se hicieron en el curso de Nivel 1 (Macros, panel de control financiero, gr\u00e1ficos, etc., etc.) y se recomienda trabajar sobre este, para que im\u00e1genes y resultados, coincidan con lo que ir\u00e1n viendo durante el curso.<\/p>\n<p>El material que se les entregar\u00e1 es para trabajar siguiendo las indicaciones que ir\u00e1n leyendo paso a paso sobre el libro de arranque que recibir\u00e1n (recomendado) o como continuaci\u00f3n del que tengas hecho para la gesti\u00f3n financiera. Contar\u00e1n con una clase semanal de consulta v\u00eda Zoom no obligatoria. La modalidad, que ser\u00e1 siempre<\/p>\n<p>asincr\u00f3nica, es decir que cada uno maneja sus tiempos dentro de las fechas establecidas de finalizaci\u00f3n del mismo. Debe quedar en claro que NO hay que entregar nada obligatoriamente hasta terminar con la Unidad N\u00ba 8 (en donde se enviar\u00e1 el trabajo final para su evaluaci\u00f3n, lo mismo que todas las consultas que tengan sin necesidad de esperar al Zoom semanal y siempre a la casilla de mail: cursos@excelparaelagro.com.ar contando con dos semanas de tiempo posteriores a la finalizaci\u00f3n, para entregar el trabajo realizado.<\/p>\n<p><strong>Aviso:<\/strong> No se recomienda hacer este curso sin haber hecho el anterior (Excel para el Agro 1 o Gesti\u00f3n de la Finca Lechera u Operativa y Financiera). Llegado el caso queda a exclusivo riesgo del consumidor ya que no vamos a estar viendo nuevamente lo hecho en el primero. Se dan por sabidos temas como: validaci\u00f3n de datos, creaci\u00f3n de nombres de rango, inserci\u00f3n de tablas, f\u00f3rmulas como SUMAR.SI.CONJUNTO, BUSCARV, SUBTOTALES, formatos condicionales, etc., etc.<\/p>\n<p>El curso tiene im\u00e1genes y ejemplos de todas las versiones de Excel actualmente vigentes: 2007-2010-2013-2016, 2019, 2021 y 2024 o Microsoft 365. No sirven para este trabajo no las versiones de Libre Office, Star Office, Office On Line, Google Sheets, etc., a las que pueden faltarles funcionalidades que vamos a utilizar. Y, en el caso de las \u00faltimas versiones de Excel para Mac, son pr\u00e1cticamente compatibles salvo un par de funciones que deber\u00e1n consultar previamente).<\/p>\n<h4>Objetivos:<\/h4>\n<p>Se espera lograr que el productor, estudiante o profesional del sector agropecuario, profundice sus conocimientos de Excel a nivel avanzado, al tiempo en que ir\u00e1 creando un M\u00f3dulo que agrega al de Gesti\u00f3n Operativa Financiera un enfoque m\u00e1s \u201cecon\u00f3mico\u201d tratando como siempre que se deba cargar la menor cantidad de informaci\u00f3n posible. Logrando entonces hacer mucho m\u00e1s completo el m\u00f3dulo anterior al que se le incorpora todo lo mencionado antes.<\/p>\n<h4>Programa:<\/h4>\n<p><strong>UNIDAD 1<\/strong><\/p>\n<p>1) Presentaci\u00f3n del curso, libro de arranque, opciones de inicio, nuevas columnas necesarias, desglose de<br \/>\nIVA, inclusi\u00f3n de fecha de \u201cdevengado\u201d y ya no s\u00f3lo de lo \u201cpercibido)<\/p>\n<p><img loading=\"lazy\" decoding=\"async\" class=\"alignnone size-medium wp-image-5159\" src=\"https:\/\/fepale.org\/capacitacion\/wp-content\/uploads\/2025\/04\/1-1-300x53.jpg\" alt=\"\" width=\"300\" height=\"53\" srcset=\"https:\/\/fepale.org\/capacitacion\/wp-content\/uploads\/2025\/04\/1-1-300x53.jpg 300w, https:\/\/fepale.org\/capacitacion\/wp-content\/uploads\/2025\/04\/1-1-768x137.jpg 768w, https:\/\/fepale.org\/capacitacion\/wp-content\/uploads\/2025\/04\/1-1-600x107.jpg 600w, https:\/\/fepale.org\/capacitacion\/wp-content\/uploads\/2025\/04\/1-1.jpg 815w\" sizes=\"auto, (max-width: 300px) 100vw, 300px\" \/><\/p>\n<p><strong>UNIDAD 2<\/strong><\/p>\n<p>2) Adaptaci\u00f3n de la Hoja Resumen a Resumen Financiero y creaci\u00f3n a partir de ella del Tablero de control<br \/>\n\u201cEcon\u00f3mico\u201d, copia de datos de ejemplo para la Base de Datos, etc.:<\/p>\n<p><img loading=\"lazy\" decoding=\"async\" class=\"alignnone size-medium wp-image-5160\" src=\"https:\/\/fepale.org\/capacitacion\/wp-content\/uploads\/2025\/04\/2-1-300x84.jpg\" alt=\"\" width=\"300\" height=\"84\" srcset=\"https:\/\/fepale.org\/capacitacion\/wp-content\/uploads\/2025\/04\/2-1-300x84.jpg 300w, https:\/\/fepale.org\/capacitacion\/wp-content\/uploads\/2025\/04\/2-1-768x216.jpg 768w, https:\/\/fepale.org\/capacitacion\/wp-content\/uploads\/2025\/04\/2-1-600x169.jpg 600w, https:\/\/fepale.org\/capacitacion\/wp-content\/uploads\/2025\/04\/2-1.jpg 793w\" sizes=\"auto, (max-width: 300px) 100vw, 300px\" \/><\/p>\n<p><strong>UNIDAD 3<\/strong><\/p>\n<p>3) Conceptos generales de la gesti\u00f3n \u201cecon\u00f3mica\u201d y sus variantes, incorporaci\u00f3n de las hojas del libro UTILIDADES VARIAS (obtenci\u00f3n de los precios de unidades de conversi\u00f3n de productos, hoja FECHA para el nuevo selector de Resumen Econ\u00f3mico), etc.:<\/p>\n<p><img loading=\"lazy\" decoding=\"async\" class=\"alignnone size-medium wp-image-5161\" src=\"https:\/\/fepale.org\/capacitacion\/wp-content\/uploads\/2025\/04\/3-1-300x122.jpg\" alt=\"\" width=\"300\" height=\"122\" srcset=\"https:\/\/fepale.org\/capacitacion\/wp-content\/uploads\/2025\/04\/3-1-300x122.jpg 300w, https:\/\/fepale.org\/capacitacion\/wp-content\/uploads\/2025\/04\/3-1-768x312.jpg 768w, https:\/\/fepale.org\/capacitacion\/wp-content\/uploads\/2025\/04\/3-1-600x244.jpg 600w, https:\/\/fepale.org\/capacitacion\/wp-content\/uploads\/2025\/04\/3-1.jpg 788w\" sizes=\"auto, (max-width: 300px) 100vw, 300px\" \/><\/p>\n<p><strong>UNIDAD 4<\/strong><\/p>\n<p>4) Rearmado de las f\u00f3rmulas de la hoja Resumen Econ\u00f3mico, selector de per\u00edodos (MES y A\u00d1O, EJERCICIO, ACUMULADO), trabajar con dos ventanas paralelas de un mismo libro para corroborar los datos nuevos sin IVA, funciones, BUSCARV, FECHANUMERO, MIN, usar Nombres de rangos en f\u00f3rmulas, etc.:<\/p>\n<p><img loading=\"lazy\" decoding=\"async\" class=\"alignnone size-medium wp-image-5162\" src=\"https:\/\/fepale.org\/capacitacion\/wp-content\/uploads\/2025\/04\/4-1-300x214.jpg\" alt=\"\" width=\"300\" height=\"214\" srcset=\"https:\/\/fepale.org\/capacitacion\/wp-content\/uploads\/2025\/04\/4-1-300x214.jpg 300w, https:\/\/fepale.org\/capacitacion\/wp-content\/uploads\/2025\/04\/4-1-768x548.jpg 768w, https:\/\/fepale.org\/capacitacion\/wp-content\/uploads\/2025\/04\/4-1-400x284.jpg 400w, https:\/\/fepale.org\/capacitacion\/wp-content\/uploads\/2025\/04\/4-1-600x428.jpg 600w, https:\/\/fepale.org\/capacitacion\/wp-content\/uploads\/2025\/04\/4-1.jpg 797w\" sizes=\"auto, (max-width: 300px) 100vw, 300px\" \/><\/p>\n<p><strong>UNIDAD 5<\/strong><\/p>\n<p>5) Hacemos se puedan pedir que los saldos de las cuentas hist\u00f3ricos, terminamos de armar el selector de consulta por per\u00edodos y comenzamos con el conversor de resultados para poder verlos en moneda constante o unidades de productos (Kg de carne, Tn SOJA, Litro de leche, USD), f\u00f3rmulas a partir de Tablas:<br \/>\n<img loading=\"lazy\" decoding=\"async\" class=\"alignnone size-medium wp-image-5163\" src=\"https:\/\/fepale.org\/capacitacion\/wp-content\/uploads\/2025\/04\/5-1-300x95.jpg\" alt=\"\" width=\"300\" height=\"95\" srcset=\"https:\/\/fepale.org\/capacitacion\/wp-content\/uploads\/2025\/04\/5-1-300x95.jpg 300w, https:\/\/fepale.org\/capacitacion\/wp-content\/uploads\/2025\/04\/5-1-600x190.jpg 600w, https:\/\/fepale.org\/capacitacion\/wp-content\/uploads\/2025\/04\/5-1.jpg 623w\" sizes=\"auto, (max-width: 300px) 100vw, 300px\" \/><\/p>\n<p><strong>UNIDAD 6<\/strong><\/p>\n<p>6) Repaso de lo hecho hasta ac\u00e1, copiar f\u00f3rmulas complejas desde el material, consulta hist\u00f3rica de deudas y cobros pendientes, c\u00f3mo ver el saldo de IVA acumulado y el hist\u00f3rico o actual de un solo mes, algo de teor\u00eda sobre resultados econ\u00f3micos y tratamiento especial de algunos rubros como ARRENDAMIENTO (hipot\u00e9tico y real), TRIBUTOS e IMPUESTOS, RESULTADO OPERATIVO, vamos armando el panel de resultados econ\u00f3micos y c\u00f3mo verlos en pesos, Kg de novillo, Tn de Soja, Litros de Leche, etc.):<\/p>\n<p><img loading=\"lazy\" decoding=\"async\" class=\"alignnone size-medium wp-image-5164\" src=\"https:\/\/fepale.org\/capacitacion\/wp-content\/uploads\/2025\/04\/6-1-300x138.jpg\" alt=\"\" width=\"300\" height=\"138\" srcset=\"https:\/\/fepale.org\/capacitacion\/wp-content\/uploads\/2025\/04\/6-1-300x138.jpg 300w, https:\/\/fepale.org\/capacitacion\/wp-content\/uploads\/2025\/04\/6-1-600x276.jpg 600w, https:\/\/fepale.org\/capacitacion\/wp-content\/uploads\/2025\/04\/6-1.jpg 749w\" sizes=\"auto, (max-width: 300px) 100vw, 300px\" \/><\/p>\n<p><strong>UNIDAD 7<\/strong><\/p>\n<p>7) Incorporamos la tan temida hoja pre armada de AMORTIZACIONES, con su cuotas anuales, caja de ahorro virtual (o no tanto), valor de reventa de los bienes de uso (capital te\u00f3rico realizable), vida \u00fatil, uso de la planilla y ejemplos pr\u00e1cticos, etc.:<\/p>\n<p><img loading=\"lazy\" decoding=\"async\" class=\"alignnone size-medium wp-image-5165\" src=\"https:\/\/fepale.org\/capacitacion\/wp-content\/uploads\/2025\/04\/7-1-300x84.jpg\" alt=\"\" width=\"300\" height=\"84\" srcset=\"https:\/\/fepale.org\/capacitacion\/wp-content\/uploads\/2025\/04\/7-1-300x84.jpg 300w, https:\/\/fepale.org\/capacitacion\/wp-content\/uploads\/2025\/04\/7-1-768x215.jpg 768w, https:\/\/fepale.org\/capacitacion\/wp-content\/uploads\/2025\/04\/7-1-600x168.jpg 600w, https:\/\/fepale.org\/capacitacion\/wp-content\/uploads\/2025\/04\/7-1.jpg 845w\" sizes=\"auto, (max-width: 300px) 100vw, 300px\" \/><\/p>\n<p><strong>UNIDAD 8 (FINAL)<\/strong><\/p>\n<p>8) Creamos la hoja de evoluci\u00f3n de cierres mensuales del panel de resultados \u201cecon\u00f3micos\u201d en moneda constante o convertidos en unidades de producto de forma que podamos comparar mismo per\u00edodo de distinto a\u00f1o, realizar cierres de ejercicios con una macro para guardar dichos cierres, convertir en Tabla y<\/p>\n<p>sus ventajas, gr\u00e1ficos de evoluci\u00f3n de los cierres (gr\u00e1fico combinado de dos ejes), agregamos segmentaci\u00f3n de datos para seleccionar qu\u00e9 queremos ver y\/o comparar, macros para ocultar o ver columnas de resultados, final de nuestro tablero de control \u201cecon\u00f3mico\u201d, etc.:<\/p>\n<p><img loading=\"lazy\" decoding=\"async\" class=\"alignnone size-medium wp-image-5166\" src=\"https:\/\/fepale.org\/capacitacion\/wp-content\/uploads\/2025\/04\/8-1-300x173.jpg\" alt=\"\" width=\"300\" height=\"173\" srcset=\"https:\/\/fepale.org\/capacitacion\/wp-content\/uploads\/2025\/04\/8-1-300x173.jpg 300w, https:\/\/fepale.org\/capacitacion\/wp-content\/uploads\/2025\/04\/8-1-768x443.jpg 768w, https:\/\/fepale.org\/capacitacion\/wp-content\/uploads\/2025\/04\/8-1-600x346.jpg 600w, https:\/\/fepale.org\/capacitacion\/wp-content\/uploads\/2025\/04\/8-1.jpg 879w\" sizes=\"auto, (max-width: 300px) 100vw, 300px\" \/> <img loading=\"lazy\" decoding=\"async\" class=\"alignnone size-medium wp-image-5167\" src=\"https:\/\/fepale.org\/capacitacion\/wp-content\/uploads\/2025\/04\/9-1-300x133.jpg\" alt=\"\" width=\"300\" height=\"133\" srcset=\"https:\/\/fepale.org\/capacitacion\/wp-content\/uploads\/2025\/04\/9-1-300x133.jpg 300w, https:\/\/fepale.org\/capacitacion\/wp-content\/uploads\/2025\/04\/9-1-768x340.jpg 768w, https:\/\/fepale.org\/capacitacion\/wp-content\/uploads\/2025\/04\/9-1-600x266.jpg 600w, https:\/\/fepale.org\/capacitacion\/wp-content\/uploads\/2025\/04\/9-1.jpg 819w\" sizes=\"auto, (max-width: 300px) 100vw, 300px\" \/><\/p>\n<p><strong>EVALUACI\u00d3N FINAL:<\/strong> env\u00edo del trabajo final realizado hasta la UNIDAD 8 inclusive. Con el material de la \u00faltima Unidad se entrega un archivo \u201cBREVE INTRODUCCI\u00d3N A LA INTELIGENCIA ARTIFICIAL\u201d. Y se puede solicitar un plan m\u00e1s complejo para lecher\u00eda o para agricultura y ganader\u00eda de carne.<\/p>\n<h4>Modalidad:<\/h4>\n<p><strong>On \u2013 line:<\/strong> El curso se realizar en modalidad a distancia (e \u2013 learning), v\u00eda internet.<\/p>\n<p>Aula Virtual: Se trabajar\u00e1 en una plataforma Web especialmente dise\u00f1ada para el curso (aula o plataforma virtual), desde donde se podr\u00e1 acceder a los documentos, videos, link de inter\u00e9s e interactuar con el docente y el resto de los participantes del curso.<\/p>\n<p><strong>Foro:<\/strong> En la plataforma del ciclo funcionar\u00e1 un foro por curso donde se podr\u00e1 mantener contacto con los participantes del mismo y con los docentes. Tambi\u00e9n se otorgar\u00e1 el E-mail del docente para poder comunicarse directamente.<\/p>\n<p><strong>Docente:<\/strong> El tutor docente estar\u00e1 disponible para responder las dudas y consultas de los participantes, y para ampliar los contenidos en aquellos aspectos de inter\u00e9s.<\/p>\n<p><strong>Horarios:<\/strong> El curso es en modalidad asincr\u00f3nica, el participante puede acceder en los horarios que mejor le convenga, siempre respetando la cronolog\u00eda del curso.<\/p>\n<p><strong>Trabajos:<\/strong> En el desarrollo del curso se trabajar\u00e1 sobre una planilla Excel, avanzando M\u00f3dulo a M\u00f3dulo, se programar\u00e1 una entrega intermedia y otra final para la correcci\u00f3n por parte del Docente.<\/p>\n<h4>Docente:<\/h4>\n<p><strong>Martin Aboaf Petit de Murat<\/strong><\/p>\n<p>IBM Senior Programmer \u2013 Microsoft Excel Expert Specialist \u2013 Certified Microsoft Innovative Educator<br \/>\nDocente ISEA-SRA, Cambio Rural, ACHA, AACREA, Fund. Libertad, INAFCI y FEPALE \u2013 Consultor de la C\u00e1mara Nicarag\u00fcense del Sector L\u00e1cteo. Ex Asesor de la Subsecretar\u00eda de Lecher\u00eda de la Naci\u00f3n \u2013 Consultor: www.todoagro.com.ar<\/p>\n<p>LinkedIn: http:\/\/ar.linkedin.com\/in\/mapdm<\/p>\n<p>Twitter: https:\/\/twitter.com\/ExcelAgro<\/p>\n<p>Instagram: https:\/\/www.instagram.com\/excelparaelagro\/<\/p>\n<p>Facebook: www.facebook.com\/Excel.para.el.Agro.<\/p>\n<h4>Costos:<\/h4>\n<p><strong>Costo del curso USD 150<\/strong><\/p>\n<p><strong>Costo Socios FEPALE USD 120<\/strong><\/p>\n<p style=\"text-align: center\"><a href=\"https:\/\/forms.gle\/JDfGtthDwUycgqv36\" target=\"_blank\" rel=\"noopener\"><strong>FORMULARIO DE INSCRIPCI\u00d3N AQU\u00cd<\/strong><\/a><\/p>\n","protected":false},"excerpt":{"rendered":"<p><strong>Organizan:<\/strong><\/p>\n<p><img loading=\"lazy\" decoding=\"async\" class=\"alignnone size-medium wp-image-5156\" src=\"https:\/\/fepale.org\/capacitacion\/wp-content\/uploads\/2025\/04\/logofepaleexcel.fw_-300x93.png\" alt=\"\" width=\"300\" height=\"93\" srcset=\"https:\/\/fepale.org\/capacitacion\/wp-content\/uploads\/2025\/04\/logofepaleexcel.fw_-300x93.png 300w, https:\/\/fepale.org\/capacitacion\/wp-content\/uploads\/2025\/04\/logofepaleexcel.fw_-1024x319.png 1024w, https:\/\/fepale.org\/capacitacion\/wp-content\/uploads\/2025\/04\/logofepaleexcel.fw_-768x239.png 768w, https:\/\/fepale.org\/capacitacion\/wp-content\/uploads\/2025\/04\/logofepaleexcel.fw_-1536x478.png 1536w, https:\/\/fepale.org\/capacitacion\/wp-content\/uploads\/2025\/04\/logofepaleexcel.fw_-2048x638.png 2048w, https:\/\/fepale.org\/capacitacion\/wp-content\/uploads\/2025\/04\/logofepaleexcel.fw_-1080x336.png 1080w, https:\/\/fepale.org\/capacitacion\/wp-content\/uploads\/2025\/04\/logofepaleexcel.fw_-600x187.png 600w\" sizes=\"auto, (max-width: 300px) 100vw, 300px\" \/><\/p>\n","protected":false},"featured_media":5168,"template":"","meta":[],"pwb-brand":[],"product_brand":[],"product_cat":[89],"product_tag":[],"class_list":{"0":"post-5158","1":"product","2":"type-product","3":"status-publish","4":"has-post-thumbnail","6":"product_cat-sin-categoria","8":"first","9":"instock","10":"shipping-taxable","11":"purchasable","12":"product-type-simple"},"brands":[],"_links":{"self":[{"href":"https:\/\/fepale.org\/capacitacion\/wp-json\/wp\/v2\/product\/5158","targetHints":{"allow":["GET"]}}],"collection":[{"href":"https:\/\/fepale.org\/capacitacion\/wp-json\/wp\/v2\/product"}],"about":[{"href":"https:\/\/fepale.org\/capacitacion\/wp-json\/wp\/v2\/types\/product"}],"wp:featuredmedia":[{"embeddable":true,"href":"https:\/\/fepale.org\/capacitacion\/wp-json\/wp\/v2\/media\/5168"}],"wp:attachment":[{"href":"https:\/\/fepale.org\/capacitacion\/wp-json\/wp\/v2\/media?parent=5158"}],"wp:term":[{"taxonomy":"pwb-brand","embeddable":true,"href":"https:\/\/fepale.org\/capacitacion\/wp-json\/wp\/v2\/pwb-brand?post=5158"},{"taxonomy":"product_brand","embeddable":true,"href":"https:\/\/fepale.org\/capacitacion\/wp-json\/wp\/v2\/product_brand?post=5158"},{"taxonomy":"product_cat","embeddable":true,"href":"https:\/\/fepale.org\/capacitacion\/wp-json\/wp\/v2\/product_cat?post=5158"},{"taxonomy":"product_tag","embeddable":true,"href":"https:\/\/fepale.org\/capacitacion\/wp-json\/wp\/v2\/product_tag?post=5158"}],"curies":[{"name":"wp","href":"https:\/\/api.w.org\/{rel}","templated":true}]}}