{"id":5146,"date":"2025-04-29T14:05:45","date_gmt":"2025-04-29T17:05:45","guid":{"rendered":"https:\/\/fepale.org\/capacitacion\/?post_type=product&#038;p=5146"},"modified":"2025-07-08T11:18:12","modified_gmt":"2025-07-08T14:18:12","slug":"gestion-operativa-y-financiera-para-lecheria-con-excel-nivel-1-inicio-30-de-junio-2025","status":"publish","type":"product","link":"https:\/\/fepale.org\/capacitacion\/producto\/gestion-operativa-y-financiera-para-lecheria-con-excel-nivel-1-inicio-30-de-junio-2025\/","title":{"rendered":"Gesti\u00f3n Operativa y Financiera para Lecher\u00eda con Excel &#8211; Nivel 1 &#8211; Inicio 30 de junio 2025"},"content":{"rendered":"<h4>Gesti\u00f3n Operativa y Financiera para Lecher\u00eda con Excel &#8211; Nivel 1<\/h4>\n<p><strong>Inicio 30 de junio 2025<\/strong><\/p>\n<h4>Presentaci\u00f3n:<\/h4>\n<p>El curso, en su esencia, consiste en la construcci\u00f3n, durante 6\/8 semanas de un m\u00f3dulo de gesti\u00f3n operativa y financiera dirigido espec\u00edficamente a la actividad lechera. Se incluyen dos planes de cuentas o rubros de distinta complejidad y espec\u00edficos para la finca lechera, para que luego, cada uno decida cu\u00e1l va a utilizar. Como en todos nuestros cursos de Excel para el Agro\u00a9, tenemos un \u201cdoble prop\u00f3sito\u201d: la posibilidad de armar un m\u00f3dulo totalmente funcional para aplicar inmediatamente a nuestra actividad, mientras incorporamos herramientas de Excel que servir\u00e1n para capacitarnos y para mejorar viejas planillas o crear nuevas en funci\u00f3n de lo que aprendamos. El curso es totalmente a distancia e incluye, adem\u00e1s del material escrito con m\u00e1s de 500 im\u00e1genes, <strong>15 videos de apoyo <\/strong>y una <strong>Introducci\u00f3n a la Inteligencia Artificial <\/strong>comparando 7 plataformas diferentes con ejemplos concretos para el agro y la posibilidad de hacer reuniones de consulta v\u00eda Zoom (a coordinar).<\/p>\n<p>Esta es una nueva versi\u00f3n del curso que damos desde el a\u00f1o 2006 con la Federaci\u00f3n Panamericana de Lecher\u00eda, a la que cada a\u00f1o hemos ido mejorando y agregando varios temas nuevos, como por ejemplo: en la hoja Resumen (o tablero de control), entre otras novedades, incluye ahora la posibilidad de realizar consultas por cualquier per\u00edodo de tiempo que necesitemos, adapt\u00e1ndose los gr\u00e1ficos a ellas en forma din\u00e1mica, el manejo de los pendientes (deudas y cobros), proyecci\u00f3n de saldos, control de stock de insumos con avisos de reposici\u00f3n, saldos de cuentas en tiempo real, resultados parciales y globales, seguimiento en valores y gr\u00e1ficos de los par\u00e1metros productivos y de composici\u00f3n e higi\u00e9nico-sanitarios de la leche que vendemos, cierres mensuales en d\u00f3lares o litros de leche, Tablas din\u00e1micas para control de gastos, etc.<\/p>\n<p>En la <strong>Unidad Opcional 1<\/strong>, tendr\u00e1n la posibilidad de incorporar macros desde cero (automatizaci\u00f3n de tareas). Finalmente, y como <strong>Unidad Opcional 2 <\/strong>tendr\u00e1n los temas referidos a seguridad y protecci\u00f3n de datos din\u00e1mica y cierre mensual en moneda constante o litros de leche, etc.<\/p>\n<p>El material, que como ya mencionamos, incluye m\u00e1s de 500 im\u00e1genes y 15 videos de apoyo, se ir\u00e1 habilitando cada semana. Y la idea es comenzar a trabajar siguiendo las indicaciones que ir\u00e1n leyendo paso a paso, sobre un nuevo libro de Excel. Se les entregar\u00e1 tambi\u00e9n un libro complementario con un plan de cuentas y m\u00e1s de 400 ejemplos de todo tipo de transacciones de casi un a\u00f1o de tambo\/finca lechera real, para copiar y pegar, de forma de no tener que estar buscando o inventando durante el curso y para tener la tranquilidad de que las im\u00e1genes y los resultados que vayan obteniendo coincidan entre s\u00ed. Luego, al finalizar, cada uno podr\u00e1 borrar la base de datos de ejemplo y personalizar el plan de cuentas y la lista de proveedores, subrubros y productos que vienen incorporados. (Listas y movimientos lecher\u00eda 1.xlsx)<\/p>\n<p>Debe quedar en claro que NO hay que entregar nada hasta terminar con la PARTE 1 (Unidad 5), momento en el que se enviar\u00e1 lo realizado hasta ese punto, como evaluaci\u00f3n parcial y, finalmente, al terminar con la PARTE 2 (Unidad 8) se deber\u00e1 enviar el trabajo final para su evaluaci\u00f3n, en ambos casos a la casilla de mail: <u><a href=\"mailto:cursos@excelparaelagro.com.ar\">cursos@excelparaelagro.com.ar<\/a><\/u> Aprobando ambas evaluaciones entregaremos un certificado de aprobaci\u00f3n firmado por la presidente de ACHA y Excel para el Agro\u00a9.<\/p>\n<p>Si bien la primera parte es elemental, es necesaria en funci\u00f3n de no limitar el ingreso al curso por no contar con conocimientos previos. A algunos les resultar\u00e1 muy sencilla y para otros ser\u00e1 importante en caso de no tener mucha pr\u00e1ctica con la herramienta. Contar\u00e1n tambi\u00e9n con la posibilidad de solicitar una reuni\u00f3n personal por Zoom, aparte de todas las consultas v\u00eda mail que puedan necesitar.<\/p>\n<p>Para realizar el curso se deber\u00e1 poder leer y\/o imprimir archivos PDF (Acrobat Reader) en general incluido en casi todas la PC (caso contrario se puede descargar en forma gratuita) y tener una versi\u00f3n de Excel de escritorio desde la 2007 en adelante. No sirven las versiones para hojas de c\u00e1lculo \u201con line\u201d como Google Sheets, Excel On Line, Libre Office, etc., ya que carecen de varias de las funciones que vamos a usar en el curso. Las versiones de Excel para Mac son compatibles, pero con algunas diferencias, a partir de la 2016.<\/p>\n<h4>Programa:<\/h4>\n<ol>\n<li>Introducci\u00f3n a la gesti\u00f3n y material nivelatorio de Excel: plan de cuentas o rubros, crear una base de datos (algunos trucos y tipos de datos, archivos y formatos)<\/li>\n<\/ol>\n<p><img loading=\"lazy\" decoding=\"async\" class=\" wp-image-5147 aligncenter\" src=\"https:\/\/fepale.org\/capacitacion\/wp-content\/uploads\/2025\/04\/1-300x66.jpg\" alt=\"\" width=\"391\" height=\"86\" srcset=\"https:\/\/fepale.org\/capacitacion\/wp-content\/uploads\/2025\/04\/1-300x66.jpg 300w, https:\/\/fepale.org\/capacitacion\/wp-content\/uploads\/2025\/04\/1-768x169.jpg 768w, https:\/\/fepale.org\/capacitacion\/wp-content\/uploads\/2025\/04\/1-600x132.jpg 600w, https:\/\/fepale.org\/capacitacion\/wp-content\/uploads\/2025\/04\/1.jpg 913w\" sizes=\"auto, (max-width: 391px) 100vw, 391px\" \/><\/p>\n<p>&nbsp;<\/p>\n<p>2.F\u00f3rmulas y funciones: HOY, SUBTOTALES y sus ventajas, fijar filas para tener resultados a la vista,etc.<\/p>\n<p><img loading=\"lazy\" decoding=\"async\" class=\" wp-image-5148 aligncenter\" src=\"https:\/\/fepale.org\/capacitacion\/wp-content\/uploads\/2025\/04\/2-300x94.jpg\" alt=\"\" width=\"357\" height=\"112\" srcset=\"https:\/\/fepale.org\/capacitacion\/wp-content\/uploads\/2025\/04\/2-300x94.jpg 300w, https:\/\/fepale.org\/capacitacion\/wp-content\/uploads\/2025\/04\/2-768x242.jpg 768w, https:\/\/fepale.org\/capacitacion\/wp-content\/uploads\/2025\/04\/2-600x189.jpg 600w, https:\/\/fepale.org\/capacitacion\/wp-content\/uploads\/2025\/04\/2.jpg 893w\" sizes=\"auto, (max-width: 357px) 100vw, 357px\" \/><\/p>\n<p>&nbsp;<\/p>\n<p style=\"text-align: center\"><strong>UNIDADES 3 Y 4<\/strong><\/p>\n<p>3. Listas de rubros y cuentas, crear nombres de rangos y sus ventajas, insertar tablas, ordenar, Validaci\u00f3n de datos o c\u00f3mo escribir y no errar, etc.<\/p>\n<p><img loading=\"lazy\" decoding=\"async\" class=\" wp-image-5149 aligncenter\" src=\"https:\/\/fepale.org\/capacitacion\/wp-content\/uploads\/2025\/04\/3-300x98.jpg\" alt=\"\" width=\"355\" height=\"116\" srcset=\"https:\/\/fepale.org\/capacitacion\/wp-content\/uploads\/2025\/04\/3-300x98.jpg 300w, https:\/\/fepale.org\/capacitacion\/wp-content\/uploads\/2025\/04\/3-768x251.jpg 768w, https:\/\/fepale.org\/capacitacion\/wp-content\/uploads\/2025\/04\/3-600x196.jpg 600w, https:\/\/fepale.org\/capacitacion\/wp-content\/uploads\/2025\/04\/3.jpg 951w\" sizes=\"auto, (max-width: 355px) 100vw, 355px\" \/><\/p>\n<p>&nbsp;<\/p>\n<p>4. Carga de datos y uso de cada columna, herramienta Filtros y su enorme importancia para realizar Imprimir informes filtrados. Formato condicional.<\/p>\n<p><img loading=\"lazy\" decoding=\"async\" class=\" wp-image-5150 aligncenter\" src=\"https:\/\/fepale.org\/capacitacion\/wp-content\/uploads\/2025\/04\/4-300x88.jpg\" alt=\"\" width=\"324\" height=\"95\" srcset=\"https:\/\/fepale.org\/capacitacion\/wp-content\/uploads\/2025\/04\/4-300x88.jpg 300w, https:\/\/fepale.org\/capacitacion\/wp-content\/uploads\/2025\/04\/4-768x225.jpg 768w, https:\/\/fepale.org\/capacitacion\/wp-content\/uploads\/2025\/04\/4-600x176.jpg 600w, https:\/\/fepale.org\/capacitacion\/wp-content\/uploads\/2025\/04\/4.jpg 1013w\" sizes=\"auto, (max-width: 324px) 100vw, 324px\" \/><\/p>\n<p>&nbsp;<\/p>\n<p style=\"text-align: center\"><strong>UNIDAD 5<\/strong><\/p>\n<p>5. Validaci\u00f3n din\u00e1mica de subrubros o productos, stock en tiempo real con avisos de reposici\u00f3n, compras u deudas por proveedor. Funciones SUMAR.SI, INDIRECTO, Tablas, etc.<\/p>\n<p><img loading=\"lazy\" decoding=\"async\" class=\" wp-image-5151 aligncenter\" src=\"https:\/\/fepale.org\/capacitacion\/wp-content\/uploads\/2025\/04\/5-300x84.jpg\" alt=\"\" width=\"336\" height=\"94\" srcset=\"https:\/\/fepale.org\/capacitacion\/wp-content\/uploads\/2025\/04\/5-300x84.jpg 300w, https:\/\/fepale.org\/capacitacion\/wp-content\/uploads\/2025\/04\/5-768x214.jpg 768w, https:\/\/fepale.org\/capacitacion\/wp-content\/uploads\/2025\/04\/5-600x167.jpg 600w, https:\/\/fepale.org\/capacitacion\/wp-content\/uploads\/2025\/04\/5.jpg 957w\" sizes=\"auto, (max-width: 336px) 100vw, 336px\" \/><\/p>\n<p>&nbsp;<\/p>\n<p><strong>EVALUACI\u00d3N PARCIAL:<\/strong> env\u00edo del trabajo realizado hasta la UNIDAD 5 (PARTE 1) inclusive.<\/p>\n<p><strong>UNIDAD OPCIONAL 1:<\/strong> introducci\u00f3n a las MACROS (AUTOMATIZACI\u00d3N DE TAREAS)<\/p>\n<p style=\"text-align: center\"><strong>UNIDAD 6<\/strong><\/p>\n<p>6. Panel de control: separaci\u00f3n de ingresos, gastos directos, indirectos, impuestos, etc. Cada uno con sus f\u00f3rmulas. Tratamiento de los retiros y movimientos internos de dinero. Resumir y agrupar inteligentemente la informaci\u00f3n de la base de datos. Funciones SI, MIN, SUMAR.SI.CONJUNTO, etc.<\/p>\n<p><img loading=\"lazy\" decoding=\"async\" class=\" wp-image-5152 aligncenter\" src=\"https:\/\/fepale.org\/capacitacion\/wp-content\/uploads\/2025\/04\/6-300x87.jpg\" alt=\"\" width=\"341\" height=\"99\" srcset=\"https:\/\/fepale.org\/capacitacion\/wp-content\/uploads\/2025\/04\/6-300x87.jpg 300w, https:\/\/fepale.org\/capacitacion\/wp-content\/uploads\/2025\/04\/6-768x222.jpg 768w, https:\/\/fepale.org\/capacitacion\/wp-content\/uploads\/2025\/04\/6-600x174.jpg 600w, https:\/\/fepale.org\/capacitacion\/wp-content\/uploads\/2025\/04\/6.jpg 785w\" sizes=\"auto, (max-width: 341px) 100vw, 341px\" \/><\/p>\n<p>&nbsp;<\/p>\n<p style=\"text-align: center\"><strong>UNIDAD 7<\/strong><\/p>\n<p>7. F\u00f3rmulas l\u00f3gicas: SI, MAX, f\u00f3rmulas anidadas y Formato condicional para controlar errores. Saldos de cuentas en tiempo real. Porcentajes de incidencia de cada rubro sobre los ingresos. Deudas y pendientes.<br \/>\nProyecci\u00f3n de saldos. Consultas desde-hasta. Resultados. Imprimir resumen.<\/p>\n<p style=\"text-align: center\"><img loading=\"lazy\" decoding=\"async\" class=\" wp-image-5153 aligncenter\" src=\"https:\/\/fepale.org\/capacitacion\/wp-content\/uploads\/2025\/04\/7-300x183.jpg\" alt=\"\" width=\"334\" height=\"204\" srcset=\"https:\/\/fepale.org\/capacitacion\/wp-content\/uploads\/2025\/04\/7-300x183.jpg 300w, https:\/\/fepale.org\/capacitacion\/wp-content\/uploads\/2025\/04\/7-768x469.jpg 768w, https:\/\/fepale.org\/capacitacion\/wp-content\/uploads\/2025\/04\/7-600x366.jpg 600w, https:\/\/fepale.org\/capacitacion\/wp-content\/uploads\/2025\/04\/7.jpg 863w\" sizes=\"auto, (max-width: 334px) 100vw, 334px\" \/><\/p>\n<p>&nbsp;<\/p>\n<p><strong>UNIDAD 8<\/strong><\/p>\n<p>8. GR\u00c1FICOS: gr\u00e1fico de torta (\u00bfen qu\u00e9 se van nuestros ingresos?). Gr\u00e1fico de columnas con series separadas. Gr\u00e1ficos combinados: graficar distintos tipos de datos como grasa, prote\u00edna, RCS, UFC, litros por d\u00eda por animal en producci\u00f3n, etc. Comando C\u00e1mara para ver datos din\u00e1micos en otras hojas o gr\u00e1ficos, Tablas din\u00e1micas de subrubros, seguimiento de par\u00e1metros productivos, grasa, prote\u00edna, UFC, RCS, etc.<\/p>\n<p>&nbsp;<\/p>\n<p><img loading=\"lazy\" decoding=\"async\" class=\" wp-image-5154 aligncenter\" src=\"https:\/\/fepale.org\/capacitacion\/wp-content\/uploads\/2025\/04\/8-300x213.jpg\" alt=\"\" width=\"363\" height=\"258\" srcset=\"https:\/\/fepale.org\/capacitacion\/wp-content\/uploads\/2025\/04\/8-300x213.jpg 300w, https:\/\/fepale.org\/capacitacion\/wp-content\/uploads\/2025\/04\/8-768x544.jpg 768w, https:\/\/fepale.org\/capacitacion\/wp-content\/uploads\/2025\/04\/8-400x284.jpg 400w, https:\/\/fepale.org\/capacitacion\/wp-content\/uploads\/2025\/04\/8-600x425.jpg 600w, https:\/\/fepale.org\/capacitacion\/wp-content\/uploads\/2025\/04\/8.jpg 899w\" sizes=\"auto, (max-width: 363px) 100vw, 363px\" \/><\/p>\n<p>&nbsp;<\/p>\n<p><strong>EVALUACI\u00d3N FINAL:<\/strong> env\u00edo del trabajo final realizado hasta la UNIDAD 8 (PARTE 2) inclusive.<\/p>\n<p><strong>La UNIDAD OPCIONAL 2<\/strong> incluye: cierres mensuales automatizados en moneda constante, seguridad y protecci\u00f3n de datos, y parte diario para imprimir y\/o carga de datos en celular.<\/p>\n<p>&nbsp;<\/p>\n<p><img loading=\"lazy\" decoding=\"async\" class=\" wp-image-5155 aligncenter\" src=\"https:\/\/fepale.org\/capacitacion\/wp-content\/uploads\/2025\/04\/9-300x81.jpg\" alt=\"\" width=\"352\" height=\"95\" srcset=\"https:\/\/fepale.org\/capacitacion\/wp-content\/uploads\/2025\/04\/9-300x81.jpg 300w, https:\/\/fepale.org\/capacitacion\/wp-content\/uploads\/2025\/04\/9-768x208.jpg 768w, https:\/\/fepale.org\/capacitacion\/wp-content\/uploads\/2025\/04\/9-600x163.jpg 600w, https:\/\/fepale.org\/capacitacion\/wp-content\/uploads\/2025\/04\/9.jpg 873w\" sizes=\"auto, (max-width: 352px) 100vw, 352px\" \/><\/p>\n<p>&nbsp;<\/p>\n<p>&nbsp;<\/p>\n<h4>Modalidad:<\/h4>\n<p><strong>On \u2013 line:<\/strong>\u00a0El curso se realizar en modalidad a distancia (e \u2013 learning), v\u00eda internet.<\/p>\n<p><strong>Aula Virtual:<\/strong>\u00a0Se trabajar\u00e1 en una plataforma Web especialmente dise\u00f1ada para el curso (aula o plataforma virtual), desde donde se podr\u00e1 acceder a los documentos, videos, link de inter\u00e9s e interactuar con el docente y el resto de los participantes del curso.<\/p>\n<p><strong>Foro:<\/strong>\u00a0En la plataforma del ciclo funcionar\u00e1 un foro por curso donde se podr\u00e1 mantener contacto con los participantes del mismo y con los docentes. Tambi\u00e9n se otorgar\u00e1 el E-mail del docente para poder comunicarse directamente.<\/p>\n<p><strong>Docente:<\/strong>\u00a0El tutor docente estar\u00e1 disponible para responder las dudas y consultas de los participantes, y para ampliar los contenidos en aquellos aspectos de inter\u00e9s.<\/p>\n<p><strong>Horarios:<\/strong>\u00a0El curso es en modalidad asincr\u00f3nica, el participante puede acceder en los horarios que mejor le convenga, siempre respetando la cronolog\u00eda del curso.<\/p>\n<p><strong>Trabajos:<\/strong>\u00a0En el desarrollo del curso se trabajar\u00e1 sobre una planilla Excel, avanzando M\u00f3dulo a M\u00f3dulo, se programar\u00e1 una entrega intermedia y otra final para la correcci\u00f3n por parte del Docente.<\/p>\n<h4>Docente:<\/h4>\n<p><strong>Martin Aboaf Petit de Murat<\/strong><\/p>\n<p>IBM Senior Programmer \u2013 Microsoft Excel Expert Specialist \u2013 Certified Microsoft Innovative Educator<br \/>\nDocente ISEA-SRA, Cambio Rural, ACHA, AACREA, Fund. Libertad, INAFCI y FEPALE \u2013 Consultor de la C\u00e1mara Nicarag\u00fcense del Sector L\u00e1cteo. Ex Asesor de la Subsecretar\u00eda de Lecher\u00eda de la Naci\u00f3n \u2013 Consultor:\u00a0<a href=\"http:\/\/www.todoagro.com.ar\/\">www.todoagro.com.ar<\/a><\/p>\n<p>LinkedIn:\u00a0<a href=\"http:\/\/ar.linkedin.com\/in\/mapdm\">http:\/\/ar.linkedin.com\/in\/mapdm<\/a><\/p>\n<p>Twitter:\u00a0<a href=\"https:\/\/twitter.com\/ExcelAgro\">https:\/\/twitter.com\/ExcelAgro<\/a><\/p>\n<p>Instagram:\u00a0<a href=\"https:\/\/www.instagram.com\/excelparaelagro\/\">https:\/\/www.instagram.com\/excelparaelagro\/<\/a><\/p>\n<p>Facebook:\u00a0<a href=\"http:\/\/www.facebook.com\/Excel.para.el.Agro\">www.facebook.com\/Excel.para.el.Agro<\/a>.<\/p>\n<h4>Costos:<\/h4>\n<p><strong>Costo del curso USD 150<\/strong><\/p>\n<p><strong>Costo Socios FEPALE USD 120<\/strong><\/p>\n<p style=\"text-align: center\"><a href=\"https:\/\/forms.gle\/i5Q7691Rc34SkNhC9\" target=\"_blank\" rel=\"noopener\"><strong>FORMULARIO DE INSCRIPCI\u00d3N AQU\u00cd<\/strong><\/a><\/p>\n","protected":false},"excerpt":{"rendered":"<p><strong>Organizan:<\/strong><\/p>\n<p><img loading=\"lazy\" decoding=\"async\" class=\"alignnone size-medium wp-image-5156\" src=\"https:\/\/fepale.org\/capacitacion\/wp-content\/uploads\/2025\/04\/logofepaleexcel.fw_-300x93.png\" alt=\"\" width=\"300\" height=\"93\" srcset=\"https:\/\/fepale.org\/capacitacion\/wp-content\/uploads\/2025\/04\/logofepaleexcel.fw_-300x93.png 300w, https:\/\/fepale.org\/capacitacion\/wp-content\/uploads\/2025\/04\/logofepaleexcel.fw_-1024x319.png 1024w, https:\/\/fepale.org\/capacitacion\/wp-content\/uploads\/2025\/04\/logofepaleexcel.fw_-768x239.png 768w, https:\/\/fepale.org\/capacitacion\/wp-content\/uploads\/2025\/04\/logofepaleexcel.fw_-1536x478.png 1536w, https:\/\/fepale.org\/capacitacion\/wp-content\/uploads\/2025\/04\/logofepaleexcel.fw_-2048x638.png 2048w, https:\/\/fepale.org\/capacitacion\/wp-content\/uploads\/2025\/04\/logofepaleexcel.fw_-1080x336.png 1080w, https:\/\/fepale.org\/capacitacion\/wp-content\/uploads\/2025\/04\/logofepaleexcel.fw_-600x187.png 600w\" sizes=\"auto, (max-width: 300px) 100vw, 300px\" \/><\/p>\n","protected":false},"featured_media":5169,"template":"","meta":[],"pwb-brand":[],"product_brand":[],"product_cat":[89],"product_tag":[],"class_list":{"0":"post-5146","1":"product","2":"type-product","3":"status-publish","4":"has-post-thumbnail","6":"product_cat-sin-categoria","8":"first","9":"instock","10":"shipping-taxable","11":"purchasable","12":"product-type-simple"},"brands":[],"_links":{"self":[{"href":"https:\/\/fepale.org\/capacitacion\/wp-json\/wp\/v2\/product\/5146","targetHints":{"allow":["GET"]}}],"collection":[{"href":"https:\/\/fepale.org\/capacitacion\/wp-json\/wp\/v2\/product"}],"about":[{"href":"https:\/\/fepale.org\/capacitacion\/wp-json\/wp\/v2\/types\/product"}],"wp:featuredmedia":[{"embeddable":true,"href":"https:\/\/fepale.org\/capacitacion\/wp-json\/wp\/v2\/media\/5169"}],"wp:attachment":[{"href":"https:\/\/fepale.org\/capacitacion\/wp-json\/wp\/v2\/media?parent=5146"}],"wp:term":[{"taxonomy":"pwb-brand","embeddable":true,"href":"https:\/\/fepale.org\/capacitacion\/wp-json\/wp\/v2\/pwb-brand?post=5146"},{"taxonomy":"product_brand","embeddable":true,"href":"https:\/\/fepale.org\/capacitacion\/wp-json\/wp\/v2\/product_brand?post=5146"},{"taxonomy":"product_cat","embeddable":true,"href":"https:\/\/fepale.org\/capacitacion\/wp-json\/wp\/v2\/product_cat?post=5146"},{"taxonomy":"product_tag","embeddable":true,"href":"https:\/\/fepale.org\/capacitacion\/wp-json\/wp\/v2\/product_tag?post=5146"}],"curies":[{"name":"wp","href":"https:\/\/api.w.org\/{rel}","templated":true}]}}