{"id":5077,"date":"2025-01-07T17:46:03","date_gmt":"2025-01-07T20:46:03","guid":{"rendered":"https:\/\/fepale.org\/capacitacion\/?post_type=product&#038;p=5077"},"modified":"2026-01-27T10:11:46","modified_gmt":"2026-01-27T13:11:46","slug":"ciclo-de-cursos-de-queseria-inicio-24-de-marzo-2025","status":"publish","type":"product","link":"https:\/\/fepale.org\/capacitacion\/producto\/ciclo-de-cursos-de-queseria-inicio-24-de-marzo-2025\/","title":{"rendered":"Ciclo de Cursos de Queser\u00eda &#8211; Inicio 24 de marzo 2025"},"content":{"rendered":"<h4>INTRODUCCI\u00d3N AL CICLO DE CURSOS DE QUESER\u00cdA:<\/h4>\n<p>Este ciclo de cursos ha sido cuidadosamente dise\u00f1ado para brindar una formaci\u00f3n completa en los fundamentos de la elaboraci\u00f3n de quesos. Dirigido tanto a aficionados como a profesionales del sector l\u00e1cteo, el programa ofrece una inmersi\u00f3n profunda en los procesos, t\u00e9cnicas y conocimientos esenciales para la producci\u00f3n de quesos de alta calidad.<\/p>\n<p>A lo largo del ciclo, se abordar\u00e1n temas cruciales como la composici\u00f3n y an\u00e1lisis de la leche, las diversas tecnolog\u00edas de elaboraci\u00f3n, el control de calidad y los factores que inciden en el rendimiento quesero. Se har\u00e1 especial \u00e9nfasis en la comprensi\u00f3n de los procesos bioqu\u00edmicos y microbiol\u00f3gicos que intervienen en la transformaci\u00f3n de la leche en queso.<\/p>\n<p>Con un enfoque te\u00f3rico-pr\u00e1ctico, este ciclo de cursos proporciona las herramientas necesarias para dominar las bases de la queser\u00eda y sentar las bases para una trayectoria exitosa en la elaboraci\u00f3n de quesos.<\/p>\n<h4>MODALIDAD:<\/h4>\n<p style=\"text-align: left\">El ciclo de cursos se desarrolla en una modalidad online, a trav\u00e9s de una plataforma web que te permitir\u00e1 acceder a los contenidos de las clases, incluyendo documentos y videos. La plataforma tambi\u00e9n cuenta con un foro donde podr\u00e1s interactuar con los docentes y los dem\u00e1s participantes, enriqueciendo tu aprendizaje con el intercambio de ideas y experiencias. Los docentes estar\u00e1n disponibles de forma asincr\u00f3nica para responder tus preguntas y brindar apoyo adicional. Esta modalidad flexible te permite acceder al curso en cualquier momento y lugar, adapt\u00e1ndose a tu propio ritmo y disponibilidad horaria. En la tercera semana de cada curso, deber\u00e1s completar una evaluaci\u00f3n final para obtener la certificaci\u00f3n correspondiente. En general, cada curso tiene una duraci\u00f3n de 3 semanas, con una dedicaci\u00f3n estimada de 6 horas semanales.<\/p>\n<p>El ciclo puede ser tomado de forma completa o cada curso por separado, debajo podr\u00e1s ver los cursos, fechas de inicio y en m\u00e1s informaci\u00f3n accedes a cada programa.<\/p>\n<p><strong>Si deseas inscribirte al Ciclo completo debes rellenar el siguiente formulario:\u00a0<\/strong><\/p>\n<p><a href=\"https:\/\/docs.google.com\/forms\/d\/e\/1FAIpQLSceAyo1XOLjAIIAMmhW5SD3Ys54Er_PbGE7W2O8dHMse0PLug\/viewform?usp=sharing\" target=\"_blank\" rel=\"noopener\">https:\/\/docs.google.com\/forms\/d\/e\/1FAIpQLSceAyo1XOLjAIIAMmhW5SD3Ys54Er_PbGE7W2O8dHMse0PLug\/viewform?usp=sharing<\/a><\/p>\n<p><strong>Si por el contrario, te interesa solo alg\u00fan curso debes ir a M\u00e1s Informaci\u00f3n en cada curso y all\u00ed puedes realizar la inscripci\u00f3n:\u00a0<\/strong><\/p>\n<p>&nbsp;<\/p>\n<p><strong>CURSO I \u2013 Inicio 24 de marzo 2025<\/strong><\/p>\n<p><em><strong>Calidad de leche para elaboraci\u00f3n de quesos<\/strong><\/em><\/p>\n<p>M\u00e1s informaci\u00f3n aqu\u00ed: <a href=\"https:\/\/fepale.org\/capacitacion\/producto\/curso-i-calidad-de-leche-para-elaboracion-de-quesos-inicio-24-de-marzo-2025\/\" target=\"_blank\" rel=\"noopener\">https:\/\/fepale.org\/capacitacion\/producto\/curso-i-calidad-de-leche-para-elaboracion-de-quesos-inicio-24-de-marzo-2025\/<\/a><\/p>\n<p>&nbsp;<\/p>\n<p><strong>CURSO II \u2013 Inicio 21 de abril 2025<\/strong><\/p>\n<p><em><strong>Tecnolog\u00edas de elaboraci\u00f3n de quesos<\/strong><\/em><\/p>\n<p>M\u00e1s informaci\u00f3n aqu\u00ed: <a href=\"https:\/\/fepale.org\/capacitacion\/producto\/curso-ii-tecnologias-de-elaboracion-de-quesos-inicio-21-de-abril-2025\/\" target=\"_blank\" rel=\"noopener\">https:\/\/fepale.org\/capacitacion\/producto\/curso-ii-tecnologias-de-elaboracion-de-quesos-inicio-21-de-abril-2025\/<\/a><\/p>\n<p>&nbsp;<\/p>\n<p><strong>CURSO III \u2013 Inicio 12 de mayo 2025<\/strong><\/p>\n<p><em><strong>Rendimiento Quesero<\/strong><\/em><\/p>\n<p>M\u00e1s informaci\u00f3n aqu\u00ed: <a href=\"https:\/\/fepale.org\/capacitacion\/producto\/curso-iii-rendimiento-quesero-inicio-12-de-mayo-2025\/\" target=\"_blank\" rel=\"noopener\">https:\/\/fepale.org\/capacitacion\/producto\/curso-iii-rendimiento-quesero-inicio-12-de-mayo-2025\/<\/a><\/p>\n<p>&nbsp;<\/p>\n<h4>COSTOS:<\/h4>\n<p><strong>Costo de Ciclo:<\/strong> USD 200 \/ <strong>Socios FEPALE USD<\/strong> 150<\/p>\n<p><strong>Costo por Curso:<\/strong> USD 75 \/ <strong>Socios FEPALE<\/strong> USD 60<\/p>\n<p>&nbsp;<\/p>\n<p><strong>M\u00e1s informaci\u00f3n:<\/strong> infocapacita@fepale.org \/ infocapacita.fepale@gmail.com<\/p>\n","protected":false},"excerpt":{"rendered":"<p><strong>Organiza:<\/strong><\/p>\n<p><img loading=\"lazy\" decoding=\"async\" class=\"alignnone size-medium wp-image-4882\" src=\"https:\/\/fepale.org\/capacitacion\/wp-content\/uploads\/2024\/03\/logosFEPALE-INSTITUTO-300x73.png\" alt=\"\" width=\"300\" height=\"73\" srcset=\"https:\/\/fepale.org\/capacitacion\/wp-content\/uploads\/2024\/03\/logosFEPALE-INSTITUTO-300x73.png 300w, https:\/\/fepale.org\/capacitacion\/wp-content\/uploads\/2024\/03\/logosFEPALE-INSTITUTO-1024x249.png 1024w, https:\/\/fepale.org\/capacitacion\/wp-content\/uploads\/2024\/03\/logosFEPALE-INSTITUTO-768x187.png 768w, https:\/\/fepale.org\/capacitacion\/wp-content\/uploads\/2024\/03\/logosFEPALE-INSTITUTO-1536x373.png 1536w, https:\/\/fepale.org\/capacitacion\/wp-content\/uploads\/2024\/03\/logosFEPALE-INSTITUTO-1080x262.png 1080w, https:\/\/fepale.org\/capacitacion\/wp-content\/uploads\/2024\/03\/logosFEPALE-INSTITUTO-600x146.png 600w, https:\/\/fepale.org\/capacitacion\/wp-content\/uploads\/2024\/03\/logosFEPALE-INSTITUTO.png 1791w\" sizes=\"auto, (max-width: 300px) 100vw, 300px\" \/><\/p>\n","protected":false},"featured_media":5079,"template":"","meta":[],"pwb-brand":[],"product_brand":[],"product_cat":[102],"product_tag":[],"class_list":{"0":"post-5077","1":"product","2":"type-product","3":"status-publish","4":"has-post-thumbnail","6":"product_cat-102","8":"first","9":"instock","10":"shipping-taxable","11":"product-type-simple"},"brands":[],"_links":{"self":[{"href":"https:\/\/fepale.org\/capacitacion\/wp-json\/wp\/v2\/product\/5077","targetHints":{"allow":["GET"]}}],"collection":[{"href":"https:\/\/fepale.org\/capacitacion\/wp-json\/wp\/v2\/product"}],"about":[{"href":"https:\/\/fepale.org\/capacitacion\/wp-json\/wp\/v2\/types\/product"}],"wp:featuredmedia":[{"embeddable":true,"href":"https:\/\/fepale.org\/capacitacion\/wp-json\/wp\/v2\/media\/5079"}],"wp:attachment":[{"href":"https:\/\/fepale.org\/capacitacion\/wp-json\/wp\/v2\/media?parent=5077"}],"wp:term":[{"taxonomy":"pwb-brand","embeddable":true,"href":"https:\/\/fepale.org\/capacitacion\/wp-json\/wp\/v2\/pwb-brand?post=5077"},{"taxonomy":"product_brand","embeddable":true,"href":"https:\/\/fepale.org\/capacitacion\/wp-json\/wp\/v2\/product_brand?post=5077"},{"taxonomy":"product_cat","embeddable":true,"href":"https:\/\/fepale.org\/capacitacion\/wp-json\/wp\/v2\/product_cat?post=5077"},{"taxonomy":"product_tag","embeddable":true,"href":"https:\/\/fepale.org\/capacitacion\/wp-json\/wp\/v2\/product_tag?post=5077"}],"curies":[{"name":"wp","href":"https:\/\/api.w.org\/{rel}","templated":true}]}}