{"id":5030,"date":"2024-10-04T13:18:59","date_gmt":"2024-10-04T16:18:59","guid":{"rendered":"https:\/\/fepale.org\/capacitacion\/?post_type=product&#038;p=5030"},"modified":"2026-01-27T10:14:31","modified_gmt":"2026-01-27T13:14:31","slug":"gestion-administrativa-de-la-produccion-de-leche-inicio-17-de-marzo-2025","status":"publish","type":"product","link":"https:\/\/fepale.org\/capacitacion\/producto\/gestion-administrativa-de-la-produccion-de-leche-inicio-17-de-marzo-2025\/","title":{"rendered":"Gesti\u00f3n Administrativa de la Producci\u00f3n de Leche &#8211; Inicio 17 de marzo 2025"},"content":{"rendered":"<h4>DESCRIPCI\u00d3N DEL CURSO:<\/h4>\n<p>Este curso est\u00e1 dise\u00f1ado para productores, profesionales y asesores del sector l\u00e1cteo que buscan optimizar la gesti\u00f3n administrativa de la producci\u00f3n de leche. A lo largo del curso, los participantes adquirir\u00e1n conocimientos y habilidades clave para mejorar la eficiencia y la rentabilidad de sus operaciones.<\/p>\n<h4>OBJETIVOS:<\/h4>\n<ul>\n<li>Comprender los principios fundamentales de la gesti\u00f3n administrativa en la producci\u00f3n de leche.<\/li>\n<li>Aprender a implementar estrategias efectivas para la gesti\u00f3n de recursos y procesos.<\/li>\n<li>Desarrollar habilidades para la toma de decisiones basadas en datos y an\u00e1lisis.<\/li>\n<li>Conocer las mejores pr\u00e1cticas en la gesti\u00f3n administrativa, de la nutrici\u00f3n, reproducci\u00f3n, gen\u00e9tica de la calidad y la comercializaci\u00f3n en la producci\u00f3n l\u00e1ctea.<\/li>\n<\/ul>\n<h4>P\u00daBLICO OBJETIVO:<\/h4>\n<ul>\n<li>Productores de leche.<\/li>\n<li>Gerentes y administradores de empresas l\u00e1cteas.<\/li>\n<li>Profesionales del sector agropecuario.<\/li>\n<li>Consultores y asesores en producci\u00f3n l\u00e1ctea.<\/li>\n<li>Estudiantes y acad\u00e9micos interesados en la gesti\u00f3n de la producci\u00f3n de leche.<\/li>\n<\/ul>\n<h4>BENEFICIOS:<\/h4>\n<ul>\n<li>Certificado de finalizaci\u00f3n.<\/li>\n<li>Acceso a materiales y recursos exclusivos.<\/li>\n<li>Red de contactos profesionales en el sector l\u00e1cteo.<\/li>\n<\/ul>\n<h4><strong>CRONOGRAMA:<\/strong><\/h4>\n<table style=\"height: 2596px\" width=\"795\">\n<tbody>\n<tr>\n<td rowspan=\"4\" width=\"117\"><strong><em>Introducci\u00f3n<\/em><\/strong><strong><em> M\u00f3dulo 0<\/em><\/strong><\/td>\n<td width=\"441\"><strong>Tutoriales manejo de la plataforma<br \/>\nDescripci\u00f3n y Objetivos<br \/>\nPresentaci\u00f3n del curso y de la modalidad<br \/>\nPresentaciones Equipo Docente<\/strong><\/td>\n<td rowspan=\"4\" width=\"75\"><strong>Semana 1<\/strong><\/td>\n<\/tr>\n<tr>\n<td width=\"441\"><strong>La gesti\u00f3n y la administraci\u00f3n de la finca lechera<\/strong><strong>. Aspectos clave \/ Los registros \/ Tomar decisiones en base a datos.<\/strong><\/td>\n<\/tr>\n<tr>\n<td width=\"441\"><strong>Sistemas de Producci\u00f3n de Leche<\/strong><strong>. Sistemas extensivos o intensivos. Sistemas pastoriles, semipastoriles (semi intensivos) o confinados<\/strong><strong>. <\/strong><strong>Al aire libre o estabulados.<\/strong><\/td>\n<\/tr>\n<tr>\n<td width=\"441\"><\/td>\n<\/tr>\n<tr>\n<td colspan=\"3\" width=\"633\"><strong>\u00a0<\/strong><\/td>\n<\/tr>\n<tr>\n<td rowspan=\"2\" width=\"117\"><strong><em>M\u00f3dulo1 Planificaci\u00f3n de la Finca Lechera<\/em><\/strong><\/td>\n<td width=\"441\"><strong>Planificaci\u00f3n de la Finca Lechera. <\/strong><strong>Aspectos de corto y largo plazo, enfocado\u00a0 en la sustentabilidad econ\u00f3mica, ambiental, social y el bienestar animal.<\/strong><\/td>\n<td rowspan=\"6\" width=\"75\"><strong>Semana 2<\/strong><\/td>\n<\/tr>\n<tr>\n<td width=\"441\"><strong>Planificaci\u00f3n de la Finca Lechera. Aspectos de corto y largo plazo, enfocado en la sustentabilidad econ\u00f3mica, ambiental, social y el bienestar animal. (segunda parte)<\/strong><\/td>\n<\/tr>\n<tr>\n<td rowspan=\"4\" width=\"117\"><strong><em>M\u00f3dulo 2<\/em><\/strong><\/p>\n<p><strong><em>Gesti\u00f3n de la Alimentaci\u00f3n<\/em><\/strong><\/p>\n<p><strong>\u00a0<\/strong><\/td>\n<td width=\"441\"><strong>Gesti\u00f3n de la Alimentaci\u00f3n. <\/strong><strong>\u00a0Nutrici\u00f3n del ganado lechero. Sistemas de alimentaci\u00f3n.<\/strong><\/td>\n<\/tr>\n<tr>\n<td width=\"441\"><strong>Gesti\u00f3n de la Alimentaci\u00f3n. P<\/strong><strong>roducci\u00f3n y gesti\u00f3n de los alimentos.<\/strong><\/td>\n<\/tr>\n<tr>\n<td width=\"441\"><strong>Gesti\u00f3n de la Alimentaci\u00f3n. <\/strong><strong>Gesti\u00f3n de la alimentaci\u00f3n e impacto en el resultado econ\u00f3mico.<\/strong><\/td>\n<\/tr>\n<tr>\n<td width=\"441\"><strong>Gesti\u00f3n de la Alimentaci\u00f3n. <\/strong><strong>Control y reducci\u00f3n de la variabilidad y p\u00e9rdidas en el proceso de alimentaci\u00f3n.<\/strong><\/td>\n<\/tr>\n<tr>\n<td colspan=\"3\" width=\"633\"><strong>\u00a0<\/strong><\/td>\n<\/tr>\n<tr>\n<td rowspan=\"4\" width=\"117\"><strong><em>M\u00f3dulo 3<\/em><\/strong><\/p>\n<p><strong><em>Gesti\u00f3n de la Reproducci\u00f3n y la Gen\u00e9tica<\/em><\/strong><\/p>\n<p><strong>\u00a0<\/strong><\/td>\n<td width=\"441\"><strong>Gesti\u00f3n de la Reproducci\u00f3n y de la Gen\u00e9tica. <\/strong><strong>Impacto de la reproducci\u00f3n en la eficiencia econ\u00f3mica de la empresa. <\/strong><\/td>\n<td rowspan=\"4\" width=\"75\"><strong>Semana 3<\/strong><\/td>\n<\/tr>\n<tr>\n<td width=\"441\"><strong>Gesti\u00f3n de la Reproducci\u00f3n y de la Gen\u00e9tica. <\/strong><strong>Relaci\u00f3n entre reproducci\u00f3n y producci\u00f3n<\/strong><\/td>\n<\/tr>\n<tr>\n<td width=\"441\"><strong>Gesti\u00f3n de la Reproducci\u00f3n y de la Gen\u00e9tica. <\/strong><strong>Indicadores claves para la gesti\u00f3n de la reproducci\u00f3n y la evoluci\u00f3n gen\u00e9tica del rodeo.<\/strong><\/td>\n<\/tr>\n<tr>\n<td width=\"441\"><strong>Gesti\u00f3n de las Crianza y Recr\u00eda en la Explotaci\u00f3n Lechera. Modelos de cr\u00eda y recr\u00eda, gesti\u00f3n y evaluaci\u00f3n del proceso de reposici\u00f3n.<\/strong><\/td>\n<\/tr>\n<tr>\n<td colspan=\"3\" width=\"633\"><strong>\u00a0<\/strong><\/td>\n<\/tr>\n<tr>\n<td rowspan=\"4\" width=\"117\"><strong><em>M\u00f3dulo 4<\/em><\/strong><\/p>\n<p><strong><em>Gesti\u00f3n Administrativa<\/em><\/strong><\/td>\n<td width=\"441\"><strong>Webinar de consultas<\/strong><\/td>\n<td rowspan=\"4\" width=\"75\"><strong>Semana 4<\/strong><\/td>\n<\/tr>\n<tr>\n<td width=\"441\"><strong>Gesti\u00f3n Administrativa. P<\/strong><strong>lanificaci\u00f3n de ingresos y egresos. <\/strong><\/td>\n<\/tr>\n<tr>\n<td width=\"441\"><strong>Gesti\u00f3n Administrativa. <\/strong><strong>An\u00e1lisis de inversi\u00f3n. <\/strong><\/td>\n<\/tr>\n<tr>\n<td width=\"441\"><strong>Gesti\u00f3n Administrativa. <\/strong><strong>An\u00e1lisis de flujos de fondo y din\u00e1mica financieros.<\/strong><\/td>\n<\/tr>\n<tr>\n<td colspan=\"3\" width=\"633\"><strong>\u00a0<\/strong><\/td>\n<\/tr>\n<tr>\n<td rowspan=\"3\" width=\"117\"><strong><em>M\u00f3dulo 5<\/em><\/strong><\/p>\n<p><strong><em>Gesti\u00f3n de la Comercializaci\u00f3n<\/em><\/strong><\/p>\n<p><strong>\u00a0<\/strong><\/td>\n<td width=\"441\"><strong>Gesti\u00f3n de la Comercializaci\u00f3n. <\/strong><strong>Leche de calidad. Aspectos claves para lograr par\u00e1metros de alta calidad. Relaci\u00f3n entre calidad y precio.<\/strong><\/td>\n<td rowspan=\"3\" width=\"75\"><strong>Semana 5<\/strong><\/td>\n<\/tr>\n<tr>\n<td width=\"441\"><strong>Gesti\u00f3n de la Comercializaci\u00f3n. <\/strong><strong>Funcionamiento de la cadena l\u00e1ctea desde el punto de vista de la comercializaci\u00f3n. <\/strong><\/td>\n<\/tr>\n<tr>\n<td width=\"441\"><strong>Gesti\u00f3n de la Comercializaci\u00f3n. <\/strong><strong>Herramientas para gestionar el proceso y estrategias comerciales en la producci\u00f3n de leche.<\/strong><\/td>\n<\/tr>\n<tr>\n<td colspan=\"3\" width=\"633\"><strong>\u00a0<\/strong><\/td>\n<\/tr>\n<tr>\n<td rowspan=\"3\" width=\"117\"><strong><em>Cierre del curso<\/em><\/strong><\/td>\n<td width=\"441\"><strong>Conclusiones<\/strong><\/td>\n<td rowspan=\"3\" width=\"75\"><strong>Semana 6<\/strong><\/td>\n<\/tr>\n<tr>\n<td width=\"441\"><strong>Webinar final <\/strong><\/td>\n<\/tr>\n<tr>\n<td width=\"441\"><strong>Evaluaci\u00f3n final<\/strong><\/td>\n<\/tr>\n<\/tbody>\n<\/table>\n<h4>MODALIDAD:<\/h4>\n<p><strong>On-line:<\/strong>\u00a0el curso se realizar\u00e1 en modalidad E-learning.<\/p>\n<p><strong>Aula virtual:<\/strong>\u00a0Se trabajar\u00e1 en una plataforma Web especialmente dise\u00f1ada para el curso (aula y plataforma virtual), donde se podr\u00e1 acceder a los documentos, videos, link de inter\u00e9s y se facilitar\u00e1 la interacci\u00f3n con los docentes y el resto de los participantes al curso.<\/p>\n<p><strong>Foro:<\/strong>\u00a0Se desarrollar\u00e1 un foro en la plataforma para fomentar el contacto entre los participantes y los docentes, habilitado para consultas de los participantes y para que los docentes dejen consignas para trabajar y debatir en conjunto.<\/p>\n<p><strong>Docentes:<\/strong>\u00a0Los docentes estar\u00e1n disponibles para responder dudas y consultas de los participantes y para ampliar contenidos de inter\u00e9s de los participantes.<\/p>\n<p><strong>Horarios:<\/strong>\u00a0El curso es en modalidad asincr\u00f3nica, el participante puede acceder en los horarios que mejor le convenga, siempre respetando la cronolog\u00eda del curso.<\/p>\n<p><strong>Evaluaciones:<\/strong>\u00a0En el curso se har\u00e1 una evaluaci\u00f3n final obligatoria para la aprobaci\u00f3n del mismo.<\/p>\n<p><strong>Dedicaci\u00f3n:<\/strong> Cada participante deber\u00e1 destinar un m\u00e1ximo de 6 horas de trabajo por semana de curso y el curso est\u00e1 conformado de un programa de 7 semanas.<\/p>\n<h4>COSTOS:<\/h4>\n<p>El costo del curso es de USD 100<\/p>\n<p>Costo para Socios de FEPALE USD 80<\/p>\n<p style=\"text-align: center\"><strong><a href=\"https:\/\/forms.gle\/9K883Atmq3SLgs4t8\" target=\"_blank\" rel=\"noopener\">FORMULARIO DE INSCRIPCI\u00d3N AQU\u00cd<\/a><\/strong><\/p>\n","protected":false},"excerpt":{"rendered":"<p><strong>Organizan:\u00a0<\/strong><\/p>\n<p><img loading=\"lazy\" decoding=\"async\" class=\"alignnone size-medium wp-image-5031\" src=\"https:\/\/fepale.org\/capacitacion\/wp-content\/uploads\/2024\/10\/logos-todos-300x39.png\" alt=\"\" width=\"300\" height=\"39\" srcset=\"https:\/\/fepale.org\/capacitacion\/wp-content\/uploads\/2024\/10\/logos-todos-300x39.png 300w, https:\/\/fepale.org\/capacitacion\/wp-content\/uploads\/2024\/10\/logos-todos-768x99.png 768w, https:\/\/fepale.org\/capacitacion\/wp-content\/uploads\/2024\/10\/logos-todos-600x77.png 600w, https:\/\/fepale.org\/capacitacion\/wp-content\/uploads\/2024\/10\/logos-todos.png 841w\" sizes=\"auto, (max-width: 300px) 100vw, 300px\" \/><\/p>\n","protected":false},"featured_media":5074,"template":"","meta":[],"pwb-brand":[],"product_brand":[],"product_cat":[102],"product_tag":[],"class_list":{"0":"post-5030","1":"product","2":"type-product","3":"status-publish","4":"has-post-thumbnail","6":"product_cat-102","8":"first","9":"instock","10":"shipping-taxable","11":"product-type-simple"},"brands":[],"_links":{"self":[{"href":"https:\/\/fepale.org\/capacitacion\/wp-json\/wp\/v2\/product\/5030","targetHints":{"allow":["GET"]}}],"collection":[{"href":"https:\/\/fepale.org\/capacitacion\/wp-json\/wp\/v2\/product"}],"about":[{"href":"https:\/\/fepale.org\/capacitacion\/wp-json\/wp\/v2\/types\/product"}],"wp:featuredmedia":[{"embeddable":true,"href":"https:\/\/fepale.org\/capacitacion\/wp-json\/wp\/v2\/media\/5074"}],"wp:attachment":[{"href":"https:\/\/fepale.org\/capacitacion\/wp-json\/wp\/v2\/media?parent=5030"}],"wp:term":[{"taxonomy":"pwb-brand","embeddable":true,"href":"https:\/\/fepale.org\/capacitacion\/wp-json\/wp\/v2\/pwb-brand?post=5030"},{"taxonomy":"product_brand","embeddable":true,"href":"https:\/\/fepale.org\/capacitacion\/wp-json\/wp\/v2\/product_brand?post=5030"},{"taxonomy":"product_cat","embeddable":true,"href":"https:\/\/fepale.org\/capacitacion\/wp-json\/wp\/v2\/product_cat?post=5030"},{"taxonomy":"product_tag","embeddable":true,"href":"https:\/\/fepale.org\/capacitacion\/wp-json\/wp\/v2\/product_tag?post=5030"}],"curies":[{"name":"wp","href":"https:\/\/api.w.org\/{rel}","templated":true}]}}