{"id":4986,"date":"2024-08-05T15:28:10","date_gmt":"2024-08-05T18:28:10","guid":{"rendered":"https:\/\/fepale.org\/capacitacion\/?post_type=product&#038;p=4986"},"modified":"2024-11-11T16:56:58","modified_gmt":"2024-11-11T19:56:58","slug":"bienestar-animal-en-sistemas-lecheros-inicio-4-de-noviembre-2024","status":"publish","type":"product","link":"https:\/\/fepale.org\/capacitacion\/producto\/bienestar-animal-en-sistemas-lecheros-inicio-4-de-noviembre-2024\/","title":{"rendered":"Bienestar Animal en Sistemas Lecheros &#8211; Inicio 4 de noviembre 2024"},"content":{"rendered":"<p>El Instituto de Capacitaci\u00f3n para el Sector L\u00e1cteo de FEPALE junto al Centro de Capacitaci\u00f3n Lechero del Sur (Chile), convocan e invitan a participar en el <strong>Curso sobre Bienestar Animal en Sistemas Lecheros\u00a0<\/strong><\/p>\n<p><strong>Inicio 4 de noviembre 2024<\/strong><\/p>\n<p><strong>Organizan:<\/strong><\/p>\n<p><img loading=\"lazy\" decoding=\"async\" class=\"alignnone size-medium wp-image-4469\" src=\"https:\/\/fepale.org\/capacitacion\/wp-content\/uploads\/2022\/12\/logosconchile-300x57.jpg\" alt=\"\" width=\"300\" height=\"57\" srcset=\"https:\/\/fepale.org\/capacitacion\/wp-content\/uploads\/2022\/12\/logosconchile-300x57.jpg 300w, https:\/\/fepale.org\/capacitacion\/wp-content\/uploads\/2022\/12\/logosconchile-1024x194.jpg 1024w, https:\/\/fepale.org\/capacitacion\/wp-content\/uploads\/2022\/12\/logosconchile-768x145.jpg 768w, https:\/\/fepale.org\/capacitacion\/wp-content\/uploads\/2022\/12\/logosconchile-1080x204.jpg 1080w, https:\/\/fepale.org\/capacitacion\/wp-content\/uploads\/2022\/12\/logosconchile-600x113.jpg 600w, https:\/\/fepale.org\/capacitacion\/wp-content\/uploads\/2022\/12\/logosconchile.jpg 1312w\" sizes=\"auto, (max-width: 300px) 100vw, 300px\" \/><\/p>\n<p>&nbsp;<\/p>\n<h4>PRESENTACI\u00d3N:<\/h4>\n<p>El curso de Bienestar Animal en Sistemas Lecheros ofrece una comprensi\u00f3n pr\u00e1ctica y te\u00f3rica sobre la importancia del bienestar animal en la producci\u00f3n lechera. Se abordar\u00e1n t\u00f3picos desde la historia y fundamentos del bienestar animal hasta la aplicaci\u00f3n de normativas de la OMSA, enfoc\u00e1ndose en mejorar las condiciones de vida de los animales y la eficiencia productiva.<\/p>\n<p>A lo largo de cuatro m\u00f3dulos, se explorar\u00e1 la conducta de los bovinos, estrategias de manejo para reducir estr\u00e9s y dolor, adem\u00e1s de los beneficios econ\u00f3micos del bienestar animal.<\/p>\n<p>Al finalizar, los participantes estar\u00e1n capacitados para implementar pr\u00e1cticas que promuevan el bienestar animal, contribuyendo a una industria lechera m\u00e1s \u00e9tica y sostenible.<\/p>\n<p>&nbsp;<\/p>\n<h4>OBJETIVO:<\/h4>\n<p>El objetivo del curso es proporcionar a los participantes un conocimiento integral sobre el bienestar animal en sistemas lecheros, abarcando tanto aspectos te\u00f3ricos como pr\u00e1cticos. Se busca que los asistentes comprendan la importancia del bienestar animal, las normativas internacionales y regionales, as\u00ed como los beneficios econ\u00f3micos que esto conlleva.<\/p>\n<p>&nbsp;<\/p>\n<h4>P\u00daBLICO OBJETIVO:<\/h4>\n<p>El curso est\u00e1 dirigido a productores lecheros, veterinarios, t\u00e9cnicos agr\u00edcolas, estudiantes de ciencias agropecuarias, y cualquier persona interesada en mejorar el bienestar animal dentro de los sistemas de producci\u00f3n lechera en Am\u00e9rica Latina. Tambi\u00e9n es relevante para profesionales que trabajan en el dise\u00f1o y la implementaci\u00f3n de pol\u00edticas y normativas de bienestar animal.<\/p>\n<p>&nbsp;<\/p>\n<h4>CONTENIDOS:<\/h4>\n<p><strong>M\u00f3dulo 1:<\/strong><\/p>\n<p><strong>Bienestar Animal: generalidades y aplicaciones<\/strong><\/p>\n<p>\u2022 Origen e historia del Bienestar Animal<br \/>\n\u2022 OMSA y directrices generales para normativas en Bienestar Animal.<br \/>\n\u2022 Bienestar Animal en sistemas productivos: mediciones de bienestar animal en sistemas lecheros<\/p>\n<p><strong>Docente: Bernardita Collado Gonz\u00e1lez, MV, MgSc.<\/strong><\/p>\n<p><strong>M\u00f3dulo 2:<\/strong><\/p>\n<p><strong>Conducta y comportamiento<\/strong><\/p>\n<p>\u2022 Conducta y comportamiento de bovinos en sistemas lecheros<\/p>\n<p>\u2022 Zona de fuga y arreo.<\/p>\n<p><strong>Docente: Bernardita Collado Gonz\u00e1lez, MV, MgSc.<\/strong><\/p>\n<p><strong>M\u00f3dulo 3:<\/strong><\/p>\n<p><strong>Manejos y Bienestar Animal<\/strong><\/p>\n<p>\u2022 Conceptos claves: estr\u00e9s y dolor<br \/>\n\u2022 Principales manejos en bovinos de lecher\u00eda bajo est\u00e1ndares de Bienestar Animal<\/p>\n<p><strong>Docente: Bernardita Collado Gonz\u00e1lez, MV, MgSc.<\/strong><\/p>\n<p><strong>M\u00f3dulo 4:<\/strong><\/p>\n<p><strong>Impacto Econ\u00f3mico<\/strong><br \/>\n\u2022 Impactos econ\u00f3micos positivos del Bienestar Animal en sistemas lecheros.<\/p>\n<p><strong>Docente: Bernardita Collado Gonz\u00e1lez, MV, MgSc.<\/strong><\/p>\n<p><strong>Evaluaci\u00f3n Final:<\/strong><\/p>\n<p>En el curso se har\u00e1 una evaluaci\u00f3n final obligatoria para la aprobaci\u00f3n del mismo.<\/p>\n<p><strong>Al completar el curso, los asistentes estar\u00e1n en capacidad de:<\/strong><\/p>\n<p>1. Comprender los principios b\u00e1sicos y la evoluci\u00f3n hist\u00f3rica del bienestar animal.<br \/>\n2. Aplicar las directrices de la Organizaci\u00f3n Mundial de Sanidad Animal (OMSA) en la gesti\u00f3n de bienestar animal.<br \/>\n3. Evaluar y medir el bienestar animal en sistemas lecheros.<br \/>\n4. Interpretar y manejar la conducta y comportamiento de los bovinos en sistemas lecheros.<br \/>\n5. Implementar manejos que minimicen el estr\u00e9s y dolor en bovinos, alineados con los est\u00e1ndares de bienestar animal.<br \/>\n6. Identificar y aprovechar los impactos econ\u00f3micos positivos derivados de la implementaci\u00f3n de buenas pr\u00e1cticas de bienestar animal.<\/p>\n<h4>DOCENTE:<\/h4>\n<p><a href=\"https:\/\/fepale.org\/capacitacion\/wp-content\/uploads\/2024\/08\/CV-Bernardita-Collado.pdf\">CV &#8211; Bernardita Collado<\/a><\/p>\n<h4>MODALIDAD:<\/h4>\n<p><strong>On-line:<\/strong>\u00a0el curso se realizar\u00e1 en modalidad E-learning.<\/p>\n<p><strong>Aula virtual:<\/strong>\u00a0Se trabajar\u00e1 en una plataforma Web especialmente dise\u00f1ada para el curso (aula y plataforma virtual), donde se podr\u00e1 acceder a los documentos, videos, link de inter\u00e9s y se facilitar\u00e1 la interacci\u00f3n con los docentes y el resto de los participantes al curso.<br \/>\n<strong>Foro:<\/strong>\u00a0Se desarrollar\u00e1 un foro en la plataforma para fomentar el contacto entre los participantes y los docentes, habilitado para consultas de los participantes y para que los docentes dejen consignas para trabajar y debatir en conjunto.<br \/>\n<strong>Docentes:<\/strong>\u00a0Los docentes estar\u00e1n disponibles para responder dudas y consultas de los participantes y para ampliar contenidos de inter\u00e9s de los participantes.<br \/>\n<strong>Horarios:<\/strong>\u00a0El curso es en modalidad asincr\u00f3nica, el participante puede acceder en los horarios que mejor le convenga, siempre respetando la cronolog\u00eda del curso.<br \/>\n<strong>Evaluaciones:<\/strong>\u00a0En el curso se har\u00e1 una evaluaci\u00f3n final obligatoria para la aprobaci\u00f3n del mismo.<br \/>\n<strong>Dedicaci\u00f3n:<\/strong>\u00a0Cada participante deber\u00e1 destinar un m\u00e1ximo de 6 horas de trabajo por semana de curso y el curso est\u00e1 conformado de un programa de 5 semanas.<\/p>\n<p>&nbsp;<\/p>\n<h4>CERTIFICACI\u00d3N:<\/h4>\n<p>Aquel participante que apruebe la instancia de evaluaci\u00f3n recibir\u00e1:<\/p>\n<p>\u2013 Certificado de Participaci\u00f3n y Aprobaci\u00f3n<br \/>\n\u2013 El certificado del curso es emitido por el Instituto Panamericano de Capacitaci\u00f3n para el Sector L\u00e1cteo de FEPALE junto al Centro de Capacitaci\u00f3n Lechero del Sur (Chile).<\/p>\n<p>&nbsp;<\/p>\n<h4>COSTOS:<\/h4>\n<p>El costo del curso es de\u00a0<strong>USD 150<\/strong><\/p>\n<p>Socios de FEPALE<strong>\u00a020% de DESCUENTO.<\/strong><\/p>\n<p>&nbsp;<\/p>\n<p style=\"text-align: center\"><a href=\"https:\/\/forms.gle\/k9bBpDkxpEReKjyB9\" target=\"_blank\" rel=\"noopener\"><strong>FORMULARIO DE INSCRIPCI\u00d3N<\/strong><\/a><\/p>\n<p>&nbsp;<\/p>\n<p style=\"text-align: right\"><strong>POR CONSULTAS:<\/strong><br \/>\n<strong>Elena Sierra \u2013 \u00c1rea de Capacitaci\u00f3n \u2013 FEPALE<\/strong><br \/>\n<strong>infocapacita@fepale.org\/www.fepale.org<\/strong><\/p>\n","protected":false},"excerpt":{"rendered":"<p><strong>ORGANIZAN:<\/strong><\/p>\n<p><img loading=\"lazy\" decoding=\"async\" class=\"alignnone size-medium wp-image-4929\" src=\"https:\/\/fepale.org\/capacitacion\/wp-content\/uploads\/2024\/06\/logosconchile-300x57.jpg\" alt=\"\" width=\"300\" height=\"57\" srcset=\"https:\/\/fepale.org\/capacitacion\/wp-content\/uploads\/2024\/06\/logosconchile-300x57.jpg 300w, https:\/\/fepale.org\/capacitacion\/wp-content\/uploads\/2024\/06\/logosconchile-1024x194.jpg 1024w, https:\/\/fepale.org\/capacitacion\/wp-content\/uploads\/2024\/06\/logosconchile-768x145.jpg 768w, https:\/\/fepale.org\/capacitacion\/wp-content\/uploads\/2024\/06\/logosconchile-1080x204.jpg 1080w, https:\/\/fepale.org\/capacitacion\/wp-content\/uploads\/2024\/06\/logosconchile-600x113.jpg 600w, https:\/\/fepale.org\/capacitacion\/wp-content\/uploads\/2024\/06\/logosconchile.jpg 1312w\" sizes=\"auto, (max-width: 300px) 100vw, 300px\" \/><\/p>\n","protected":false},"featured_media":4987,"template":"","meta":[],"pwb-brand":[],"product_brand":[],"product_cat":[89],"product_tag":[],"class_list":{"0":"post-4986","1":"product","2":"type-product","3":"status-publish","4":"has-post-thumbnail","6":"product_cat-sin-categoria","8":"first","9":"instock","10":"shipping-taxable","11":"product-type-simple"},"brands":[],"_links":{"self":[{"href":"https:\/\/fepale.org\/capacitacion\/wp-json\/wp\/v2\/product\/4986","targetHints":{"allow":["GET"]}}],"collection":[{"href":"https:\/\/fepale.org\/capacitacion\/wp-json\/wp\/v2\/product"}],"about":[{"href":"https:\/\/fepale.org\/capacitacion\/wp-json\/wp\/v2\/types\/product"}],"wp:featuredmedia":[{"embeddable":true,"href":"https:\/\/fepale.org\/capacitacion\/wp-json\/wp\/v2\/media\/4987"}],"wp:attachment":[{"href":"https:\/\/fepale.org\/capacitacion\/wp-json\/wp\/v2\/media?parent=4986"}],"wp:term":[{"taxonomy":"pwb-brand","embeddable":true,"href":"https:\/\/fepale.org\/capacitacion\/wp-json\/wp\/v2\/pwb-brand?post=4986"},{"taxonomy":"product_brand","embeddable":true,"href":"https:\/\/fepale.org\/capacitacion\/wp-json\/wp\/v2\/product_brand?post=4986"},{"taxonomy":"product_cat","embeddable":true,"href":"https:\/\/fepale.org\/capacitacion\/wp-json\/wp\/v2\/product_cat?post=4986"},{"taxonomy":"product_tag","embeddable":true,"href":"https:\/\/fepale.org\/capacitacion\/wp-json\/wp\/v2\/product_tag?post=4986"}],"curies":[{"name":"wp","href":"https:\/\/api.w.org\/{rel}","templated":true}]}}