{"id":4928,"date":"2024-06-17T13:13:41","date_gmt":"2024-06-17T16:13:41","guid":{"rendered":"https:\/\/fepale.org\/capacitacion\/?post_type=product&#038;p=4928"},"modified":"2024-11-11T16:57:04","modified_gmt":"2024-11-11T19:57:04","slug":"gestion-de-la-reproduccion-en-la-produccion-de-leche-en-base-a-pastoreo-inicio-5-de-agosto-2024","status":"publish","type":"product","link":"https:\/\/fepale.org\/capacitacion\/producto\/gestion-de-la-reproduccion-en-la-produccion-de-leche-en-base-a-pastoreo-inicio-5-de-agosto-2024\/","title":{"rendered":"Gesti\u00f3n de la Reproducci\u00f3n en la producci\u00f3n de leche en base a pastoreo. Inicio 5 de agosto 2024"},"content":{"rendered":"<p>El Instituto de Capacitaci\u00f3n para el Sector L\u00e1cteo de FEPALE junto al Centro de Capacitaci\u00f3n Lechero del Sur (Chile), convocan e invitan a participar en el <strong>Curso sobre Gesti\u00f3n de la Reproducci\u00f3n en la producci\u00f3n de leche en base a pastoreo. <\/strong><\/p>\n<p><strong>Inicio 5 de agosto 2024<\/strong><\/p>\n<p><strong>Organizan:<\/strong><\/p>\n<p><img loading=\"lazy\" decoding=\"async\" class=\"alignnone size-medium wp-image-4469\" src=\"https:\/\/fepale.org\/capacitacion\/wp-content\/uploads\/2022\/12\/logosconchile-300x57.jpg\" alt=\"\" width=\"300\" height=\"57\" srcset=\"https:\/\/fepale.org\/capacitacion\/wp-content\/uploads\/2022\/12\/logosconchile-300x57.jpg 300w, https:\/\/fepale.org\/capacitacion\/wp-content\/uploads\/2022\/12\/logosconchile-1024x194.jpg 1024w, https:\/\/fepale.org\/capacitacion\/wp-content\/uploads\/2022\/12\/logosconchile-768x145.jpg 768w, https:\/\/fepale.org\/capacitacion\/wp-content\/uploads\/2022\/12\/logosconchile-1080x204.jpg 1080w, https:\/\/fepale.org\/capacitacion\/wp-content\/uploads\/2022\/12\/logosconchile-600x113.jpg 600w, https:\/\/fepale.org\/capacitacion\/wp-content\/uploads\/2022\/12\/logosconchile.jpg 1312w\" sizes=\"auto, (max-width: 300px) 100vw, 300px\" \/><\/p>\n<h4>Presentaci\u00f3n<\/h4>\n<p>La producci\u00f3n lechera se sustenta en base a pre\u00f1ar sus vacas cada a\u00f1o para producir leche y as\u00ed lograr este objetivo primordial, para esto es necesario poder gestionar el proceso reproductivo de los animales, tanto desde el punto de vista de conocer, verificar y comprender el ciclo reproductivos de la vaca, as\u00ed como tambi\u00e9n gestionar los recursos necesarios para poder controlar e incidir en mejorar y mantener los indicies reproductivos \u00f3ptimos para que todo el sistema productivo lechero logre su m\u00e1xima eficiencia. El presente curso ofrece las herramientas necesarias para la formaci\u00f3n acad\u00e9mica y pr\u00e1ctica para quienes desean especializarse en los temas mencionados.<\/p>\n<h4>Objetivo<\/h4>\n<p>Ofrecer un curso integral que cubra principios te\u00f3ricos fundamentales y que brinde herramientas de manejo aplicables para la gesti\u00f3n de la reproducci\u00f3n de sus vacas. Las soluciones tecnol\u00f3gicas y herramientas van a contribuir a lograr sistemas rentables, sustentables y amigables con el ambiente, los animales y las personas.<\/p>\n<h4>P\u00fablico Objetivo<\/h4>\n<p>Profesionales, Administradores y encargados de predios, asesores, t\u00e9cnicos de campo, docentes, estudiantes y productores relacionados con la producci\u00f3n lechera que deseen ahondar sus conocimientos en Reproducci\u00f3n Bovina.<\/p>\n<h4>M\u00f3dulo 1<\/h4>\n<p><strong>Anatom\u00eda &#8211; Ciclo Estral.<\/strong><\/p>\n<ul>\n<li>Anatom\u00eda, fisiolog\u00eda y estructuras del sistema reproductivo.<\/li>\n<li>Ciclo estral, funcionamiento hormonal y mecanismos de control hormonal que se pueden utilizar.<\/li>\n<\/ul>\n<p><strong>Docente: Sebasti\u00e1n Bravo<\/strong><\/p>\n<h4>M\u00f3dulo 2<\/h4>\n<p><strong>Manejos reproductivos.<\/strong><\/p>\n<ul>\n<li>Detecci\u00f3n de celo, encaste, sincronizaci\u00f3n de celos, inseminaci\u00f3n artificial y diagn\u00f3stico de pre\u00f1ez<\/li>\n<\/ul>\n<p><strong>Docente: Sebasti\u00e1n Bravo<\/strong><\/p>\n<h4>M\u00f3dulo 3<\/h4>\n<p><strong>Medici\u00f3n de \u00edndices reproductivos.<\/strong><\/p>\n<ul>\n<li>Intervalo entre partos, tasa de detecci\u00f3n de celo, parto primer servicio, parto pre\u00f1ez y tasa de concepci\u00f3n<\/li>\n<\/ul>\n<p><strong>Docente: Sebasti\u00e1n Bravo\u00a0<\/strong><\/p>\n<h4>M\u00f3dulo 4<\/h4>\n<p><strong>Gesti\u00f3n de la reproducci\u00f3n.<\/strong><\/p>\n<ul>\n<li>Anticipaci\u00f3n a la \u00e9poca cr\u00edtica, ajustes de los indicadores reproductivos, metas aplicadas en cada indicador y valorizaci\u00f3n econ\u00f3mica del proceso reproductivo.<\/li>\n<\/ul>\n<p><strong>Docentes: Sebasti\u00e1n Bravo &#8211; Daniela Winkler<\/strong><\/p>\n<h4>Evaluaci\u00f3n Final:<\/h4>\n<p>En el curso se har\u00e1 una evaluaci\u00f3n final obligatoria para la aprobaci\u00f3n del mismo.<\/p>\n<h4>Al completar el curso, los asistentes estar\u00e1n en capacidad de:<\/h4>\n<ul>\n<li>Conocer e identificar el estado reproductivo normal de los bovinos.<\/li>\n<li>Analizar, controlar o modificar el ciclo estral de hembra bovina.<\/li>\n<li>Instaurar manejos reproductivos \u00f3ptimos para su sistema productivo.<\/li>\n<li>Establecer y crear estrategias para mejorar los indicadores reproductivos.<\/li>\n<li>Presupuestar y programar sus manejos reproductivos seg\u00fan su calendario productivo.<\/li>\n<li>Fijar metas para sus indicadores reproductivos.<\/li>\n<li>Valorizar su desempe\u00f1o reproductivo del plantel para mejorar su eficiencia.<\/li>\n<\/ul>\n<h4>Docentes<\/h4>\n<p>Daniela Winkler <a href=\"https:\/\/fepale.org\/capacitacion\/wp-content\/uploads\/2022\/12\/CV-DANIELA-WINKLER.pdf\">CV &#8211; DANIELA WINKLER<\/a><\/p>\n<p>Placido Sebasti\u00e1n Bravo <a href=\"https:\/\/fepale.org\/capacitacion\/wp-content\/uploads\/2022\/12\/CV-PLACIDO-SEBASTIAN-BRAVO.pdf\">CV &#8211; PLACIDO SEBASTI\u00c1N BRAVO<\/a><\/p>\n<h4>Modalidad<\/h4>\n<p><strong>On-line:<\/strong>\u00a0el curso se realizar\u00e1 en modalidad E-learning.<\/p>\n<p><strong>Aula virtual:<\/strong>\u00a0Se trabajar\u00e1 en una plataforma Web especialmente dise\u00f1ada para el curso (aula y plataforma virtual), donde se podr\u00e1 acceder a los documentos, videos, link de inter\u00e9s y se facilitar\u00e1 la interacci\u00f3n con los docentes y el resto de los participantes al curso.<\/p>\n<p><strong>Foro:\u00a0<\/strong>Se desarrollar\u00e1 un foro en la plataforma para fomentar el contacto entre los participantes y los docentes, habilitado para consultas de los participantes y para que los docentes dejen consignas para trabajar y debatir en conjunto.<\/p>\n<p><strong>Equipo de docentes:<\/strong>\u00a0Los tutores estar\u00e1n disponible para responder dudas y consultas de los participantes y para ampliar contenidos de inter\u00e9s de los participantes.<\/p>\n<p><strong>Horarios<\/strong>:\u00a0El curso es en modalidad asincr\u00f3nica, el participante puede acceder en los horarios que mejor le convenga, siempre respetando la cronolog\u00eda del curso.<\/p>\n<p><strong>Evaluaciones:\u00a0<\/strong>En el curso se har\u00e1 una evaluaci\u00f3n Final en formato M\u00faltiple Opci\u00f3n.<\/p>\n<p><strong>Dedicaci\u00f3n<\/strong>: Cada participante deber\u00e1 destinar un m\u00e1ximo de 6 horas de trabajo por semana de curso y el curso est\u00e1 conformado de un programa de 5 semanas.<\/p>\n<h4>Certificaci\u00f3n<\/h4>\n<p>Aquel participante que apruebe la instancia de evaluaci\u00f3n recibir\u00e1:<\/p>\n<p>\u2013 Certificado de Participaci\u00f3n y Aprobaci\u00f3n<br \/>\n\u2013 El certificado del curso es emitido por el Instituto Panamericano de Capacitaci\u00f3n para el Sector L\u00e1cteo de FEPALE junto al Centro de Capacitaci\u00f3n Lechero del Sur (Chile).<\/p>\n<h4>Costo<\/h4>\n<p>El costo del curso es de\u00a0<strong>USD 150<\/strong><\/p>\n<p>Socios de FEPALE<strong>\u00a020% de DESCUENTO.<\/strong><\/p>\n<p style=\"text-align: center\"><a href=\"https:\/\/forms.gle\/diCzTa2uJP4SKTv17\" target=\"_blank\" rel=\"noopener\"><strong>FORMULARIO DE INSCRIPCI\u00d3N AQU\u00cd<\/strong><\/a><\/p>\n<p style=\"text-align: right\"><strong>POR CONSULTAS:<\/strong><br \/>\n<strong>Elena Sierra \u2013 \u00c1rea de Capacitaci\u00f3n \u2013 FEPALE<\/strong><br \/>\n<strong>infocapacita@fepale.org\/www.fepale.org<\/strong><\/p>\n","protected":false},"excerpt":{"rendered":"<p><strong>Organizan:<\/strong><\/p>\n<p><img loading=\"lazy\" decoding=\"async\" class=\"alignnone size-medium wp-image-4929\" src=\"https:\/\/fepale.org\/capacitacion\/wp-content\/uploads\/2024\/06\/logosconchile-300x57.jpg\" alt=\"\" width=\"300\" height=\"57\" srcset=\"https:\/\/fepale.org\/capacitacion\/wp-content\/uploads\/2024\/06\/logosconchile-300x57.jpg 300w, https:\/\/fepale.org\/capacitacion\/wp-content\/uploads\/2024\/06\/logosconchile-1024x194.jpg 1024w, https:\/\/fepale.org\/capacitacion\/wp-content\/uploads\/2024\/06\/logosconchile-768x145.jpg 768w, https:\/\/fepale.org\/capacitacion\/wp-content\/uploads\/2024\/06\/logosconchile-1080x204.jpg 1080w, https:\/\/fepale.org\/capacitacion\/wp-content\/uploads\/2024\/06\/logosconchile-600x113.jpg 600w, https:\/\/fepale.org\/capacitacion\/wp-content\/uploads\/2024\/06\/logosconchile.jpg 1312w\" sizes=\"auto, (max-width: 300px) 100vw, 300px\" \/><\/p>\n","protected":false},"featured_media":4472,"template":"","meta":[],"pwb-brand":[],"product_brand":[],"product_cat":[89],"product_tag":[],"class_list":{"0":"post-4928","1":"product","2":"type-product","3":"status-publish","4":"has-post-thumbnail","6":"product_cat-sin-categoria","8":"first","9":"instock","10":"shipping-taxable","11":"product-type-simple"},"brands":[],"_links":{"self":[{"href":"https:\/\/fepale.org\/capacitacion\/wp-json\/wp\/v2\/product\/4928","targetHints":{"allow":["GET"]}}],"collection":[{"href":"https:\/\/fepale.org\/capacitacion\/wp-json\/wp\/v2\/product"}],"about":[{"href":"https:\/\/fepale.org\/capacitacion\/wp-json\/wp\/v2\/types\/product"}],"wp:featuredmedia":[{"embeddable":true,"href":"https:\/\/fepale.org\/capacitacion\/wp-json\/wp\/v2\/media\/4472"}],"wp:attachment":[{"href":"https:\/\/fepale.org\/capacitacion\/wp-json\/wp\/v2\/media?parent=4928"}],"wp:term":[{"taxonomy":"pwb-brand","embeddable":true,"href":"https:\/\/fepale.org\/capacitacion\/wp-json\/wp\/v2\/pwb-brand?post=4928"},{"taxonomy":"product_brand","embeddable":true,"href":"https:\/\/fepale.org\/capacitacion\/wp-json\/wp\/v2\/product_brand?post=4928"},{"taxonomy":"product_cat","embeddable":true,"href":"https:\/\/fepale.org\/capacitacion\/wp-json\/wp\/v2\/product_cat?post=4928"},{"taxonomy":"product_tag","embeddable":true,"href":"https:\/\/fepale.org\/capacitacion\/wp-json\/wp\/v2\/product_tag?post=4928"}],"curies":[{"name":"wp","href":"https:\/\/api.w.org\/{rel}","templated":true}]}}