{"id":4911,"date":"2024-05-13T13:17:28","date_gmt":"2024-05-13T16:17:28","guid":{"rendered":"https:\/\/fepale.org\/capacitacion\/?post_type=product&#038;p=4911"},"modified":"2026-01-27T10:03:55","modified_gmt":"2026-01-27T13:03:55","slug":"nutricion-del-rodeo-lechero-con-uso-de-excel-inicio-17-de-febrero-2025","status":"publish","type":"product","link":"https:\/\/fepale.org\/capacitacion\/producto\/nutricion-del-rodeo-lechero-con-uso-de-excel-inicio-17-de-febrero-2025\/","title":{"rendered":"Nutrici\u00f3n del Rodeo Lechero con uso de Excel. Inicio 17 de febrero 2025"},"content":{"rendered":"<h4><strong><u>PRESENTACI\u00d3N DEL CURSO DE NUTRICI\u00d3N DEL RODEO LECHERO CON EXCEL:<\/u><\/strong><\/h4>\n<p>Aclaremos de entrada que este curso no pretende remplazar a un profesional, ni a los muy buenos programas enlatados de nutrici\u00f3n que existen en el mercado.<\/p>\n<p>La idea es que, como todos los cursos de Agro Inform\u00e1tica Aplicada (Excel para el Agro), mediante el armado de un m\u00f3dulo completo de nutrici\u00f3n en Excel, podamos aprender el uso de Excel mucho m\u00e1s a fondo, con nuevas f\u00f3rmulas, funciones, macros, objetos, etc. Brindando, por supuesto, conceptos de uso cotidiano sobre los alimentos, sus valores nutricionales y sus aplicaciones. Se incluye adem\u00e1s una tabla con m\u00e1s de 140 alimentos y otra de requerimientos de distintas categor\u00edas de ganado bovino, cada uno con sus componentes detallados.<\/p>\n<p>Como dijimos antes, a trav\u00e9s del aprendizaje de Excel el alumno terminar\u00e1 el curso habiendo creado un m\u00f3dulo al que podr\u00e1 personalizar en funci\u00f3n de sus propias necesidades y que le permitir\u00e1 formular y guardar raciones o dietas, comparar alimentos, trabajar en funci\u00f3n de los requerimientos de distintas razas y categor\u00edas del ganado bovino, tanto lecheras como de carne, sobre ciertas hip\u00f3tesis de objetivos a lograr, plantear proyecciones para distintos rodeos y saber qu\u00e9 alimento nos provee, por ejemplo, la prote\u00edna bruta m\u00e1s econ\u00f3mica, etc. Permitiendo, adem\u00e1s, poder usar luego todo lo aprendido para crear nuevas aplicaciones o mejorar planillas ya existentes.<\/p>\n<p>El curso est\u00e1 dirigido a productores, t\u00e9cnicos, agentes de extensi\u00f3n, administradores y estudiantes de carreras t\u00e9cnicas del sector agropecuario. Resaltando en forma espec\u00edfica que no es un curso te\u00f3rico de nutrici\u00f3n y que no pretendemos suplantar a un nutricionista, sino ense\u00f1ar a crear una herramienta pr\u00e1ctica en Excel para ayudar en la actividad lechera.<\/p>\n<p>Todos los cursos incluyen explicaciones e im\u00e1genes para todas las versiones de Excel abarcando las 2007, 2010, 2013, 2016, 2019, 2021 y Excel 365. No son compatibles las versiones \u201conline\u201d como Google Sheets o Excel On Line de OneDrive, Libre Office y algunas viejas para Mac, etc.<\/p>\n<p>Se provee, para comenzar, una planilla ya armada con m\u00e1s de 140 insumos\/alimentos,\u00a0cada uno con su detalle de composici\u00f3n incluyendo, materia seca, prote\u00edna, fibra detergente neutra,\u00a0energ\u00eda, calcio, f\u00f3sforo, etc. a la que se le podr\u00e1 modificar o agregar alimentos, componentes, etc. Y se explicar\u00e1n, en lenguaje simplificado, qu\u00e9 funci\u00f3n cumple cada uno de los componentes de los alimentos. Tambi\u00e9n, veremos c\u00f3mo nombrar, guardar y recuperar las dietas creadas para reutilizarlas, ya sea como base para armar otras o para compararlas entre ellas, etc. Como opcional veremos el uso de Tablas, Tablas din\u00e1micas y gr\u00e1ficos de costos.<\/p>\n<p>El trabajo planteado consiste en armar una planilla u hoja de c\u00e1lculo que sirva para poder plantear<br \/>\ndietas, comparar insumos, analizar costos, determinar qu\u00e9 alimento nos proporciona el componente\u00a0m\u00e1s econ\u00f3mico, plantear la duraci\u00f3n y costo total y diario de la dieta planteada, ver el costo de la dieta en litros de leche, etc. Esto se har\u00e1 mediante la entrega semanal del material instructivo (pueden ser una o m\u00e1s unidades cada semana), en formato PDF.<\/p>\n<p>Mientras que desarrollamos el trabajo planteado, vamos incorporando nuevas herramientas de Excel como:\u00a0objetos Active X, macros, f\u00f3rmulas complejas anidadas, formatos condicionales, tablas, tablas din\u00e1micas, gr\u00e1ficos, filtros, etc.<\/p>\n<p>La evaluaci\u00f3n consiste en el env\u00edo del trabajo realizado hasta la Unidad 8 inclusive, por correo electr\u00f3nico a: <u><a href=\"mailto:cursos@excelparaelagro.com.ar\">cursos@excelparaelagro.com.ar<\/a><\/u><\/p>\n<p>En definitiva, la idea es que cada uno logre incorporar distintas herramientas a su trabajo diario, el profesional, que ya maneja los conceptos de nutrici\u00f3n, podr\u00e1 incorporar nuevas herramientas de Excel, el productor conceptos de nutrici\u00f3n y herramientas de Excel, etc., todo con el objetivo fundamental de que lo aprendido pueda luego usarse en nuestra actividad y en otras planillas o situaciones en que nos encontremos en adelante.<\/p>\n<p>Nota: se requiere tener alguna versi\u00f3n de Excel (2007 en adelante) y el Acrobat Reader instalados en su PC y, adem\u00e1s, por lo menos tener uso cotidiano y conocimientos b\u00e1sicos de Excel como en temas como formatos de celdas, f\u00f3rmulas, uso de filtros y funciones b\u00e1sicas, etc.<\/p>\n<p>&nbsp;<\/p>\n<h4><strong><u>PROGRAMA Y TEMARIO DEL CURSO<\/u><\/strong><\/h4>\n<h4><strong><u>SEMANA 1<\/u><\/strong><\/h4>\n<p><u>Unidades 1 y 2:<\/u> Introducci\u00f3n, links a p\u00e1ginas de inter\u00e9s sobre nutrici\u00f3n, c\u00f3mo usar la tabla de alimentos (filtros, f\u00f3rmulas, etc.) Definici\u00f3n b\u00e1sica de cada componente (materia seca, prote\u00edna, fibra, etc.). Creaci\u00f3n de un nuevo formulario y vinculaci\u00f3n a la tabla (nuevo objeto: el ComboBox)<\/p>\n<h4><strong><u>SEMANA 2<\/u><\/strong><\/h4>\n<p><u>Unidad 3 y 4:<\/u> Vinculaci\u00f3n de la composici\u00f3n de cada alimento, f\u00f3rmulas BUSCARV(), SUMAPRODUCTO(), SI(), formatos condicionales, etc. Resetear el formulario: Grabar macros, editor de VBA, c\u00f3digo, etc.<\/p>\n<h4><strong><u>SEMANA 3<\/u><\/strong><\/h4>\n<p><u>Unidad 5:<\/u> Armado de dietas combinando alimentos, resultados, costo de dieta por animal, etc.<\/p>\n<h4><strong><u>SEMANA 4<\/u><\/strong><\/h4>\n<p><u>Unidad 6:<\/u> Planteo de objetivos y comparaci\u00f3n con las dietas y creaci\u00f3n de un panel de an\u00e1lisis de costos (formato condicional y f\u00f3rmulas l\u00f3gicas), incorporar la tabla de requerimientos.<\/p>\n<h4><strong><u>SEMANA 5<\/u><\/strong><\/h4>\n<p><u>Unidad 7:<\/u> \u00bfCu\u00e1l es el alimento m\u00e1s econ\u00f3mico en cada componente? Duraci\u00f3n de la dieta, costos por KMS, etc. (f\u00f3rmulas con texto, rangos de celdas con nombres, f\u00f3rmula COINCIDIR (), imprimir y proteger celdas, etc.)<\/p>\n<h4><strong><u>SEMANA 6<\/u><\/strong><\/h4>\n<p><u>Unidad 8:<\/u> \u00bfC\u00f3mo guardar las dietas creadas y poder volver a usarlas y editarlas? Validaci\u00f3n de lista de dietas, macros.<\/p>\n<h4><strong>UNIDAD\u00a0 (Opcional):<\/strong><\/h4>\n<p>Tablas y gr\u00e1ficos din\u00e1micos: uso de los distintos insumos en las distintas mezclas, costos, segmentaci\u00f3n de datos, ventajas del uso de Tablas, etc.<\/p>\n<p>&nbsp;<\/p>\n<h4>Modalidad:<\/h4>\n<p><strong>On \u2013 line:<\/strong> El curso se realizar en modalidad a distancia (e \u2013 learning), v\u00eda internet.<\/p>\n<p><strong>Aula Virtual:<\/strong>\u00a0Se trabajar\u00e1 en una plataforma Web especialmente dise\u00f1ada para el curso (aula o plataforma virtual), desde donde se podr\u00e1 acceder a los documentos, videos, link de inter\u00e9s e interactuar con el docente y el resto de los participantes del curso.<\/p>\n<p><strong>Foro:<\/strong> En la plataforma del ciclo funcionar\u00e1 un foro por curso donde se podr\u00e1 mantener contacto con los participantes del mismo y con los docentes. Tambi\u00e9n se otorgar\u00e1 el E-mail del docente para poder comunicarse directamente.<\/p>\n<p><strong>Docente:<\/strong>\u00a0El tutor docente estar\u00e1 disponible para responder las dudas y consultas de los participantes, y para ampliar los contenidos en aquellos aspectos de inter\u00e9s.<\/p>\n<p><strong>Horarios:<\/strong>\u00a0El curso es en modalidad asincr\u00f3nica, el participante puede acceder en los horarios que mejor le convenga, siempre respetando la cronolog\u00eda del curso.<\/p>\n<p><strong>Trabajos:<\/strong>\u00a0En el desarrollo del curso se trabajar\u00e1 sobre una planilla Excel, avanzando M\u00f3dulo a M\u00f3dulo, se programar\u00e1 una entrega intermedia y otra final para la correcci\u00f3n por parte del Docente.<\/p>\n<h4>Docente:<\/h4>\n<p><strong>Martin Aboaf Petit de Murat<\/strong><\/p>\n<p>IBM Senior Programmer &#8211; Microsoft Excel Expert Specialist \u2013 Certified Microsoft Innovative Educator<br \/>\nDocente ISEA-SRA, Cambio Rural, ACHA, AACREA, Fund. Libertad, INAFCI y FEPALE &#8211; Consultor de la C\u00e1mara Nicarag\u00fcense del Sector L\u00e1cteo. Ex Asesor de la Subsecretar\u00eda de Lecher\u00eda de la Naci\u00f3n &#8211; Consultor: <a href=\"http:\/\/www.todoagro.com.ar\/\">www.todoagro.com.ar<\/a><\/p>\n<p>LinkedIn: <a href=\"http:\/\/ar.linkedin.com\/in\/mapdm\">http:\/\/ar.linkedin.com\/in\/mapdm<\/a><\/p>\n<p>Twitter: <a href=\"https:\/\/twitter.com\/ExcelAgro\">https:\/\/twitter.com\/ExcelAgro<\/a><\/p>\n<p>Instagram: <a href=\"https:\/\/www.instagram.com\/excelparaelagro\/\">https:\/\/www.instagram.com\/excelparaelagro\/<\/a><\/p>\n<p>Facebook: <a href=\"http:\/\/www.facebook.com\/Excel.para.el.Agro\">www.facebook.com\/Excel.para.el.Agro<\/a>.<\/p>\n<p><img loading=\"lazy\" decoding=\"async\" class=\"alignnone size-full wp-image-4521\" src=\"https:\/\/fepale.org\/capacitacion\/wp-content\/uploads\/2023\/02\/logosmartin.jpg\" alt=\"\" width=\"283\" height=\"62\" \/><\/p>\n<h4>Costos:<\/h4>\n<p><strong>Costo del curso USD 180\u00a0<\/strong><\/p>\n<p><strong>Costo Socios FEPALE USD 150<\/strong><\/p>\n<p style=\"text-align: center\"><a href=\"https:\/\/forms.gle\/Adgcxv8FP1X3yFNv7\" target=\"_blank\" rel=\"noopener\"><strong>FORMULARIO DE INSCRIPCI\u00d3N<\/strong><\/a><\/p>\n","protected":false},"excerpt":{"rendered":"<p>PRESENTACI\u00d3N DEL CURSO DE NUTRICI\u00d3N DEL RODEO LECHERO CON EXCEL: Aclaremos de entrada que este curso no pretende remplazar a un profesional, ni a los muy buenos programas enlatados de nutrici\u00f3n que existen en el mercado. La idea es que, como todos los cursos de Agro Inform\u00e1tica Aplicada (Excel para el Agro), mediante el armado [&hellip;]<\/p>\n","protected":false},"featured_media":4522,"template":"","meta":[],"pwb-brand":[],"product_brand":[],"product_cat":[102],"product_tag":[],"class_list":{"0":"post-4911","1":"product","2":"type-product","3":"status-publish","4":"has-post-thumbnail","6":"product_cat-102","8":"first","9":"instock","10":"shipping-taxable","11":"product-type-simple"},"brands":[],"_links":{"self":[{"href":"https:\/\/fepale.org\/capacitacion\/wp-json\/wp\/v2\/product\/4911","targetHints":{"allow":["GET"]}}],"collection":[{"href":"https:\/\/fepale.org\/capacitacion\/wp-json\/wp\/v2\/product"}],"about":[{"href":"https:\/\/fepale.org\/capacitacion\/wp-json\/wp\/v2\/types\/product"}],"wp:featuredmedia":[{"embeddable":true,"href":"https:\/\/fepale.org\/capacitacion\/wp-json\/wp\/v2\/media\/4522"}],"wp:attachment":[{"href":"https:\/\/fepale.org\/capacitacion\/wp-json\/wp\/v2\/media?parent=4911"}],"wp:term":[{"taxonomy":"pwb-brand","embeddable":true,"href":"https:\/\/fepale.org\/capacitacion\/wp-json\/wp\/v2\/pwb-brand?post=4911"},{"taxonomy":"product_brand","embeddable":true,"href":"https:\/\/fepale.org\/capacitacion\/wp-json\/wp\/v2\/product_brand?post=4911"},{"taxonomy":"product_cat","embeddable":true,"href":"https:\/\/fepale.org\/capacitacion\/wp-json\/wp\/v2\/product_cat?post=4911"},{"taxonomy":"product_tag","embeddable":true,"href":"https:\/\/fepale.org\/capacitacion\/wp-json\/wp\/v2\/product_tag?post=4911"}],"curies":[{"name":"wp","href":"https:\/\/api.w.org\/{rel}","templated":true}]}}