{"id":4870,"date":"2024-03-21T15:15:59","date_gmt":"2024-03-21T18:15:59","guid":{"rendered":"https:\/\/fepale.org\/capacitacion\/?post_type=product&#038;p=4870"},"modified":"2024-11-15T12:46:18","modified_gmt":"2024-11-15T15:46:18","slug":"curso-tecnologias-inteligentes-para-profesionales-de-la-lecheria-inicio-26-de-abril-2024","status":"publish","type":"product","link":"https:\/\/fepale.org\/capacitacion\/producto\/curso-tecnologias-inteligentes-para-profesionales-de-la-lecheria-inicio-26-de-abril-2024\/","title":{"rendered":"Curso Tecnolog\u00edas Inteligentes para profesionales de la lecher\u00eda &#8211; Inicio 26 de abril 2024"},"content":{"rendered":"<h4>\u00a0<strong>\u00a1Descubr\u00ed el Futuro de la Lecher\u00eda!\u00a0<\/strong><\/h4>\n<p>Te invitamos a sumarte a una experiencia \u00fanica con el curso <strong>&#8220;Tecnolog\u00edas inteligentes para profesionales de la Lecher\u00eda&#8221;.<\/strong><\/p>\n<p>El INTA se une a las principales empresas del sector para brindarte un evento intensivo, lleno de conocimiento cient\u00edfico y empresarial.<\/p>\n<h4>\n<strong>\u00bfQu\u00e9 pod\u00e9s esperar?<\/strong><\/h4>\n<p><img decoding=\"async\" class=\"an1\" src=\"https:\/\/fonts.gstatic.com\/s\/e\/notoemoji\/15.0\/2705\/32.png\" alt=\"\u2705\" data-emoji=\"\u2705\" aria-label=\"\u2705\" \/>Aprendizaje de los \u00faltimos avances en el tema.<\/p>\n<p><img decoding=\"async\" class=\"an1\" src=\"https:\/\/fonts.gstatic.com\/s\/e\/notoemoji\/15.0\/2705\/32.png\" alt=\"\u2705\" data-emoji=\"\u2705\" aria-label=\"\u2705\" \/>Encuentro con expertos de renombre.<\/p>\n<p><img decoding=\"async\" class=\"an1\" src=\"https:\/\/fonts.gstatic.com\/s\/e\/notoemoji\/15.0\/2705\/32.png\" alt=\"\u2705\" data-emoji=\"\u2705\" aria-label=\"\u2705\" \/>Exploraci\u00f3n de tecnolog\u00edas clave para la lecher\u00eda.<\/p>\n<p>&nbsp;<\/p>\n<h4><strong>MAS INFORMACI\u00d3N AQU\u00cd<\/strong>:<\/h4>\n<p>&nbsp;<\/p>\n<p><strong>ACCEDE AL:<\/strong>\u00a0 <a href=\"https:\/\/fepale.org\/capacitacion\/wp-content\/uploads\/2024\/03\/PROGRAMA-AQUI.pdf\" target=\"_blank\" rel=\"noopener\">PROGRAMA AQU\u00cd<\/a><\/p>\n<p><img decoding=\"async\" class=\"an1\" src=\"https:\/\/fonts.gstatic.com\/s\/e\/notoemoji\/15.0\/1f5d3_fe0f\/32.png\" alt=\"\ud83d\uddd3\ufe0f\" data-emoji=\"\ud83d\uddd3\ufe0f\" aria-label=\"\ud83d\uddd3\ufe0f\" \/>\u00a0<strong>Fecha de inicio:<\/strong> viernes 26 de abril<\/p>\n<p><img decoding=\"async\" class=\"an1\" src=\"https:\/\/fonts.gstatic.com\/s\/e\/notoemoji\/15.0\/1f4bb\/32.png\" alt=\"\ud83d\udcbb\" data-emoji=\"\ud83d\udcbb\" aria-label=\"\ud83d\udcbb\" \/> <strong>Formato online:<\/strong> Accesible desde cualquier lugar del mundo.<\/p>\n<p><img decoding=\"async\" class=\"an1\" src=\"https:\/\/fonts.gstatic.com\/s\/e\/notoemoji\/15.0\/1f30d\/32.png\" alt=\"\ud83c\udf0d\" data-emoji=\"\ud83c\udf0d\" aria-label=\"\ud83c\udf0d\" \/>\u00a0\u00a1Con\u00e9ctate con el futuro de la lecher\u00eda desde la comodidad de tu hogar!<\/p>\n<p>&nbsp;<\/p>\n<h4>COSTO E INSCRIPCI\u00d3N:<\/h4>\n<p style=\"text-align: left\"><strong>COSTO: USD 200<\/strong><\/p>\n<p><img decoding=\"async\" class=\"an1\" src=\"https:\/\/fonts.gstatic.com\/s\/e\/notoemoji\/15.0\/1f517\/32.png\" alt=\"\ud83d\udd17\" data-emoji=\"\ud83d\udd17\" aria-label=\"\ud83d\udd17\" \/><strong> Inscripciones:<\/strong> <a href=\"https:\/\/forms.gle\/5Z7rRH6ecrsgrq4j6\" target=\"_blank\" rel=\"noopener\">https:\/\/forms.gle\/5Z7rRH6ecrsgrq4j6<\/a><\/p>\n<p><img decoding=\"async\" class=\"an1\" src=\"https:\/\/fonts.gstatic.com\/s\/e\/notoemoji\/15.0\/1f4cc\/32.png\" alt=\"\ud83d\udccc\" data-emoji=\"\ud83d\udccc\" aria-label=\"\ud83d\udccc\" \/>\u00a0<strong>Cupos limitados. \u00a1Reserva tu lugar ahora y s\u00e9 parte de esta revoluci\u00f3n en la lecher\u00eda!\u00a0<\/strong><img decoding=\"async\" class=\"an1\" src=\"https:\/\/fonts.gstatic.com\/s\/e\/notoemoji\/15.0\/1f95b\/32.png\" alt=\"\ud83e\udd5b\" data-emoji=\"\ud83e\udd5b\" aria-label=\"\ud83e\udd5b\" \/><img decoding=\"async\" class=\"an1\" src=\"https:\/\/fonts.gstatic.com\/s\/e\/notoemoji\/15.0\/1f50d\/32.png\" alt=\"\ud83d\udd0d\" data-emoji=\"\ud83d\udd0d\" aria-label=\"\ud83d\udd0d\" \/><\/p>\n<p>&nbsp;<\/p>\n<h4><strong>SOCIOS ESTRAT\u00c9GICOS:<\/strong><\/h4>\n<p><img loading=\"lazy\" decoding=\"async\" class=\"size-medium wp-image-4881 alignleft\" src=\"https:\/\/fepale.org\/capacitacion\/wp-content\/uploads\/2024\/03\/socios-1-300x224.jpg\" alt=\"\" width=\"300\" height=\"224\" srcset=\"https:\/\/fepale.org\/capacitacion\/wp-content\/uploads\/2024\/03\/socios-1-300x225.jpg 300w, https:\/\/fepale.org\/capacitacion\/wp-content\/uploads\/2024\/03\/socios-1-1024x765.jpg 1024w, https:\/\/fepale.org\/capacitacion\/wp-content\/uploads\/2024\/03\/socios-1-768x574.jpg 768w, https:\/\/fepale.org\/capacitacion\/wp-content\/uploads\/2024\/03\/socios-1-510x382.jpg 510w, https:\/\/fepale.org\/capacitacion\/wp-content\/uploads\/2024\/03\/socios-1-1080x807.jpg 1080w, https:\/\/fepale.org\/capacitacion\/wp-content\/uploads\/2024\/03\/socios-1-74x55.jpg 74w, https:\/\/fepale.org\/capacitacion\/wp-content\/uploads\/2024\/03\/socios-1-111x83.jpg 111w, https:\/\/fepale.org\/capacitacion\/wp-content\/uploads\/2024\/03\/socios-1-215x161.jpg 215w, https:\/\/fepale.org\/capacitacion\/wp-content\/uploads\/2024\/03\/socios-1-600x448.jpg 600w, https:\/\/fepale.org\/capacitacion\/wp-content\/uploads\/2024\/03\/socios-1.jpg 1500w\" sizes=\"auto, (max-width: 300px) 100vw, 300px\" \/><\/p>\n<p>&nbsp;<\/p>\n<p>&nbsp;<\/p>\n<p>&nbsp;<\/p>\n<p>&nbsp;<\/p>\n<p>&nbsp;<\/p>\n<p>&nbsp;<\/p>\n<p>&nbsp;<\/p>\n<h4><strong>APOYA Y DIFUNDE:<\/strong><\/h4>\n<p><img loading=\"lazy\" decoding=\"async\" class=\"alignnone size-medium wp-image-4882\" src=\"https:\/\/fepale.org\/capacitacion\/wp-content\/uploads\/2024\/03\/logosFEPALE-INSTITUTO-300x73.png\" alt=\"\" width=\"300\" height=\"73\" srcset=\"https:\/\/fepale.org\/capacitacion\/wp-content\/uploads\/2024\/03\/logosFEPALE-INSTITUTO-300x73.png 300w, https:\/\/fepale.org\/capacitacion\/wp-content\/uploads\/2024\/03\/logosFEPALE-INSTITUTO-1024x249.png 1024w, https:\/\/fepale.org\/capacitacion\/wp-content\/uploads\/2024\/03\/logosFEPALE-INSTITUTO-768x187.png 768w, https:\/\/fepale.org\/capacitacion\/wp-content\/uploads\/2024\/03\/logosFEPALE-INSTITUTO-1536x373.png 1536w, https:\/\/fepale.org\/capacitacion\/wp-content\/uploads\/2024\/03\/logosFEPALE-INSTITUTO-1080x262.png 1080w, https:\/\/fepale.org\/capacitacion\/wp-content\/uploads\/2024\/03\/logosFEPALE-INSTITUTO-600x146.png 600w, https:\/\/fepale.org\/capacitacion\/wp-content\/uploads\/2024\/03\/logosFEPALE-INSTITUTO.png 1791w\" sizes=\"auto, (max-width: 300px) 100vw, 300px\" \/><\/p>\n<p>&nbsp;<\/p>\n<p><img decoding=\"async\" class=\"an1\" src=\"https:\/\/fonts.gstatic.com\/s\/e\/notoemoji\/15.0\/1f449\/32.png\" alt=\"\ud83d\udc49\" data-emoji=\"\ud83d\udc49\" aria-label=\"\ud83d\udc49\" \/>\u00a0<strong>\u00a1No te pierdas la oportunidad!<\/strong><\/p>\n","protected":false},"excerpt":{"rendered":"<p><strong>ORGANIZA:<\/strong><\/p>\n<p><img loading=\"lazy\" decoding=\"async\" class=\"alignnone size-full wp-image-4879\" src=\"https:\/\/fepale.org\/capacitacion\/wp-content\/uploads\/2024\/03\/LOGO-INTA.png\" alt=\"\" width=\"68\" height=\"70\" \/><\/p>\n<p><strong>APOYA Y DIFUNDE:<\/strong><\/p>\n<p><img loading=\"lazy\" decoding=\"async\" class=\"alignnone  wp-image-4833\" src=\"https:\/\/fepale.org\/capacitacion\/wp-content\/uploads\/2023\/12\/logo-FEPALE-VERDE-1-300x158.png\" alt=\"\" width=\"173\" height=\"91\" srcset=\"https:\/\/fepale.org\/capacitacion\/wp-content\/uploads\/2023\/12\/logo-FEPALE-VERDE-1-300x158.png 300w, https:\/\/fepale.org\/capacitacion\/wp-content\/uploads\/2023\/12\/logo-FEPALE-VERDE-1-1024x538.png 1024w, https:\/\/fepale.org\/capacitacion\/wp-content\/uploads\/2023\/12\/logo-FEPALE-VERDE-1-768x404.png 768w, https:\/\/fepale.org\/capacitacion\/wp-content\/uploads\/2023\/12\/logo-FEPALE-VERDE-1-1536x807.png 1536w, https:\/\/fepale.org\/capacitacion\/wp-content\/uploads\/2023\/12\/logo-FEPALE-VERDE-1-1080x568.png 1080w, https:\/\/fepale.org\/capacitacion\/wp-content\/uploads\/2023\/12\/logo-FEPALE-VERDE-1-600x315.png 600w, https:\/\/fepale.org\/capacitacion\/wp-content\/uploads\/2023\/12\/logo-FEPALE-VERDE-1.png 1644w\" sizes=\"auto, (max-width: 173px) 100vw, 173px\" \/><\/p>\n","protected":false},"featured_media":4880,"template":"","meta":[],"pwb-brand":[],"product_brand":[],"product_cat":[101],"product_tag":[],"class_list":{"0":"post-4870","1":"product","2":"type-product","3":"status-publish","4":"has-post-thumbnail","6":"product_cat-101","8":"first","9":"instock","10":"shipping-taxable","11":"product-type-simple"},"brands":[],"_links":{"self":[{"href":"https:\/\/fepale.org\/capacitacion\/wp-json\/wp\/v2\/product\/4870","targetHints":{"allow":["GET"]}}],"collection":[{"href":"https:\/\/fepale.org\/capacitacion\/wp-json\/wp\/v2\/product"}],"about":[{"href":"https:\/\/fepale.org\/capacitacion\/wp-json\/wp\/v2\/types\/product"}],"wp:featuredmedia":[{"embeddable":true,"href":"https:\/\/fepale.org\/capacitacion\/wp-json\/wp\/v2\/media\/4880"}],"wp:attachment":[{"href":"https:\/\/fepale.org\/capacitacion\/wp-json\/wp\/v2\/media?parent=4870"}],"wp:term":[{"taxonomy":"pwb-brand","embeddable":true,"href":"https:\/\/fepale.org\/capacitacion\/wp-json\/wp\/v2\/pwb-brand?post=4870"},{"taxonomy":"product_brand","embeddable":true,"href":"https:\/\/fepale.org\/capacitacion\/wp-json\/wp\/v2\/product_brand?post=4870"},{"taxonomy":"product_cat","embeddable":true,"href":"https:\/\/fepale.org\/capacitacion\/wp-json\/wp\/v2\/product_cat?post=4870"},{"taxonomy":"product_tag","embeddable":true,"href":"https:\/\/fepale.org\/capacitacion\/wp-json\/wp\/v2\/product_tag?post=4870"}],"curies":[{"name":"wp","href":"https:\/\/api.w.org\/{rel}","templated":true}]}}