{"id":4830,"date":"2023-12-20T16:50:57","date_gmt":"2023-12-20T19:50:57","guid":{"rendered":"https:\/\/fepale.org\/capacitacion\/?post_type=product&#038;p=4830"},"modified":"2024-11-15T12:46:26","modified_gmt":"2024-11-15T15:46:26","slug":"lecheria-pastoril-aprende-el-negocio-de-transformar-pasto-en-leche-inicio-15-de-abril-2024","status":"publish","type":"product","link":"https:\/\/fepale.org\/capacitacion\/producto\/lecheria-pastoril-aprende-el-negocio-de-transformar-pasto-en-leche-inicio-15-de-abril-2024\/","title":{"rendered":"Lecher\u00eda Pastoril: Aprende el Negocio de Transformar Pasto en Leche &#8211; Inicio 15 de abril 2024"},"content":{"rendered":"<h4>Presentaci\u00f3n:<\/h4>\n<p>Los sistemas de producci\u00f3n de leche sobre base pastoril se basan en la b\u00fasqueda contante de oportunidades para mejorar los costos de producci\u00f3n. La inclusi\u00f3n del pastoreo en la provisi\u00f3n de nutrientes para la dieta permite una reducci\u00f3n importante de los costos de alimentaci\u00f3n con energ\u00eda y prote\u00edna de alta calidad a bajo costo relativo. Pero esto implica un desaf\u00edo. La capacidad de introducir el pastoreo de manera efectiva en los programas de alimentaci\u00f3n requiere de varios componentes operativos y organizacionales que logren impactar en los costos finales de la alimentaci\u00f3n. En los sitios donde el pastoreo es posible, los productores reconocen sus ventajes y complicaciones, y tratan de hacerlo de manera eficiente. Para que los sistemas de producci\u00f3n pastoril funcionen mejor, se debe lograr una m\u00e1xima producci\u00f3n de forraje y de su \u00f3ptima cosecha. Cuando esto funciona, el resultado es un sistema de producci\u00f3n resiliente, rentable y sustentable. Es esencial entender c\u00f3mo interact\u00faan los factores que tienen influencia en el funcionamiento del sistema, tales como suelo, forrajes, animales, infraestructura, personas. Dicho conocimiento permite planificar y poner en pr\u00e1ctica un modelo de producci\u00f3n, y tambi\u00e9n mantenerlo en el tiempo y mejorarlo.<\/p>\n<h4>Objetivos:<\/h4>\n<p>Que cada participante:<\/p>\n<ul>\n<li>Comprenda las bases de los sistemas de producci\u00f3n de leche sobre base pastoril.<\/li>\n<li>Sea capaz de planificar un sistema de producci\u00f3n de leche sobre base pastoril.<\/li>\n<li>Pueda analizar y mejorar la rentabilidad de una ganader\u00eda de leche.<\/li>\n<li>Desarrolle las habilidades para gestionar la alimentaci\u00f3n utilizando pastoreo intensivo.<\/li>\n<\/ul>\n<p><strong>P\u00fablico objetivo:<\/strong> Asesores, Administradores y Due\u00f1os.<\/p>\n<p>Iniciaremos con una semana de Manejo de Plataforma del 15\/04 al 21\/04<\/p>\n<ul>\n<li>Presentaci\u00f3n de los participantes<\/li>\n<li>Manejo y uso de la plataforma<\/li>\n<li>Nivelaci\u00f3n de contenidos<\/li>\n<\/ul>\n<table style=\"height: 625px\" width=\"785\">\n<tbody>\n<tr>\n<td width=\"67\"><strong>M\u00f3dulos<\/strong><\/td>\n<td width=\"91\"><strong>Fechas <\/strong><\/td>\n<td width=\"274\"><strong>Temas <\/strong><\/td>\n<td width=\"142\"><strong>Docente <\/strong><\/td>\n<\/tr>\n<tr>\n<td width=\"67\">1<\/td>\n<td width=\"91\">22\/4 a 28\/4<\/td>\n<td width=\"274\">Elementos esenciales para la producci\u00f3n de pastura. Bases agron\u00f3micas que modifican la producci\u00f3n de pastura.<\/td>\n<td width=\"142\">Carlos Batallas<\/td>\n<\/tr>\n<tr>\n<td width=\"67\">2<\/td>\n<td width=\"91\">29\/4 a 5\/5<\/td>\n<td width=\"274\">Selecci\u00f3n de especies, labores b\u00e1sicas de implantaci\u00f3n de pasturas. Importancia y principios de riego.<\/td>\n<td width=\"142\">Carlos Batallas<\/td>\n<\/tr>\n<tr>\n<td width=\"67\">3<\/td>\n<td width=\"91\">6\/5 a 12\/5<\/td>\n<td width=\"274\">Fundamentos de los sistemas de producci\u00f3n de leche, estrategia de largo plazo.<\/p>\n<p>Bases de gesti\u00f3n, \u00edndices y seguimiento.<\/td>\n<td width=\"142\">Gonzalo Tu\u00f1on<\/td>\n<\/tr>\n<tr>\n<td width=\"67\">4<\/td>\n<td width=\"91\">13\/5 a 19\/5<\/td>\n<td width=\"274\">Conceptualizaci\u00f3n y organizaci\u00f3n del sistema de aprovechamiento de pasturas.<\/p>\n<p>Implementaci\u00f3n y mejoramiento de la gesti\u00f3n pastoril.<\/td>\n<td width=\"142\">Gonzalo Tu\u00f1on<\/td>\n<\/tr>\n<\/tbody>\n<\/table>\n<h4>Semana para la evaluaci\u00f3n final (formato m\u00faltiple opci\u00f3n) 20\/5 al 26\/05<\/h4>\n<h4>Metodolog\u00eda:<\/h4>\n<ul>\n<li>El curso contiene 4 clases grabadas de 2 horas cada una. (Total: 8 horas de clase)<\/li>\n<li>Se brindar\u00e1n 2 Encuentros de Zoom: Al Inicio del Curso y al Final del mismo. Cada Zoom durar\u00e1 1 hora 30&#8242; (Total: 3 horas de Zoom).<\/li>\n<li>Carga Horaria Final: 11 horas divididas en 4 semanas de capacitaci\u00f3n.<\/li>\n<\/ul>\n<h4><strong>Sobre el contenido:<\/strong><\/h4>\n<p>&#8211; Condiciones que le hacen a pastoreo rentable.<\/p>\n<p>&#8211; Definici\u00f3n de sistema de producci\u00f3n caracterizaci\u00f3n.<\/p>\n<p>&#8211; Dise\u00f1o del sistema (planificaci\u00f3n).<\/p>\n<p>&#8211; El sistema y su relaci\u00f3n con: la vaca, el ambiente, la alimentaci\u00f3n, las personas, y la infraestructura.<\/p>\n<h4>Modalidad:<\/h4>\n<p><strong>On-line:<\/strong>\u00a0 E-learning.<br \/>\n<strong>Aula virtual:<\/strong>\u00a0Se trabajar\u00e1 en una plataforma Web especialmente dise\u00f1ada para los cursos (aula y plataforma virtual), donde se podr\u00e1 acceder a los documentos, videos, link de inter\u00e9s y se facilitar\u00e1 la interacci\u00f3n con los docentes y el resto de los participantes.<br \/>\n<strong>Foro de consultas y discusi\u00f3n en l\u00ednea :<\/strong> Whatsapp y la Plataforma de Fepale.<br \/>\n<strong>Docentes:<\/strong>\u00a0Disponibles para responder dudas y consultas de los participantes y para ampliar contenidos de inter\u00e9s.<br \/>\n<strong>Horarios:<\/strong>\u00a0Los cursos son en modalidad asincr\u00f3nica, el participante puede acceder en los horarios que mejor le convenga, siempre respetando la cronolog\u00eda de los cursos.<br \/>\n<strong>Encuentros ZOOM:<\/strong> Obligatorios. En fecha previamente preprogramada e informada. Duraci\u00f3n: 1 hora 30&#8242;.<\/p>\n<h4>Docentes:<\/h4>\n<p>Gonzalo Tu\u00f1on <a href=\"https:\/\/fepale.org\/capacitacion\/wp-content\/uploads\/2023\/12\/CV_Dr.-Gonzalo-Tunon.pdf\">CV_Dr.-Gonzalo-Tunon<\/a><\/p>\n<p>Carlos Batallas <a href=\"https:\/\/fepale.org\/capacitacion\/wp-content\/uploads\/2023\/12\/CV_Ing.-Carlos-Batallas.pdf\">CV_Ing.-Carlos-Batallas<\/a><\/p>\n<h4>Certificaci\u00f3n:<\/h4>\n<p>\u2013 Certificado de Participaci\u00f3n y Aprobaci\u00f3n en formato PDF.<\/p>\n<h4>Costos:<\/h4>\n<p>Costo general <strong>USD 200<\/strong><br \/>\nCosto por inscripci\u00f3n anticipada hasta el <strong>5 de abril 2024 USD 170<\/strong><br \/>\n<strong>Socios FEPALE 20%<\/strong><\/p>\n<p style=\"text-align: center\"><a href=\"https:\/\/forms.gle\/4stsTbKUbHmRhLwy9\" target=\"_blank\" rel=\"noopener\"><strong>FORMULARIO DE INSCRIPCI\u00d3N AQU\u00cd<\/strong><\/a><\/p>\n<p style=\"text-align: right\"><strong>POR CONSULTAS:<\/strong><br \/>\n<strong>Elena Sierra \u2013 \u00c1rea de Capacitaci\u00f3n \u2013 FEPALE<\/strong><br \/>\n<strong>infocapacita@fepale.org\/www.fepale.org<\/strong><\/p>\n","protected":false},"excerpt":{"rendered":"<p><strong>Organiza:<\/strong><\/p>\n<p><img loading=\"lazy\" decoding=\"async\" class=\"alignnone wp-image-4833\" src=\"https:\/\/fepale.org\/capacitacion\/wp-content\/uploads\/2023\/12\/logo-FEPALE-VERDE-1-300x158.png\" alt=\"\" width=\"220\" height=\"116\" srcset=\"https:\/\/fepale.org\/capacitacion\/wp-content\/uploads\/2023\/12\/logo-FEPALE-VERDE-1-300x158.png 300w, https:\/\/fepale.org\/capacitacion\/wp-content\/uploads\/2023\/12\/logo-FEPALE-VERDE-1-1024x538.png 1024w, https:\/\/fepale.org\/capacitacion\/wp-content\/uploads\/2023\/12\/logo-FEPALE-VERDE-1-768x404.png 768w, https:\/\/fepale.org\/capacitacion\/wp-content\/uploads\/2023\/12\/logo-FEPALE-VERDE-1-1536x807.png 1536w, https:\/\/fepale.org\/capacitacion\/wp-content\/uploads\/2023\/12\/logo-FEPALE-VERDE-1-1080x568.png 1080w, https:\/\/fepale.org\/capacitacion\/wp-content\/uploads\/2023\/12\/logo-FEPALE-VERDE-1-600x315.png 600w, https:\/\/fepale.org\/capacitacion\/wp-content\/uploads\/2023\/12\/logo-FEPALE-VERDE-1.png 1644w\" sizes=\"auto, (max-width: 220px) 100vw, 220px\" \/><\/p>\n","protected":false},"featured_media":4834,"template":"","meta":[],"pwb-brand":[],"product_brand":[],"product_cat":[101],"product_tag":[],"class_list":{"0":"post-4830","1":"product","2":"type-product","3":"status-publish","4":"has-post-thumbnail","6":"product_cat-101","8":"first","9":"instock","10":"shipping-taxable","11":"product-type-simple"},"brands":[],"_links":{"self":[{"href":"https:\/\/fepale.org\/capacitacion\/wp-json\/wp\/v2\/product\/4830","targetHints":{"allow":["GET"]}}],"collection":[{"href":"https:\/\/fepale.org\/capacitacion\/wp-json\/wp\/v2\/product"}],"about":[{"href":"https:\/\/fepale.org\/capacitacion\/wp-json\/wp\/v2\/types\/product"}],"wp:featuredmedia":[{"embeddable":true,"href":"https:\/\/fepale.org\/capacitacion\/wp-json\/wp\/v2\/media\/4834"}],"wp:attachment":[{"href":"https:\/\/fepale.org\/capacitacion\/wp-json\/wp\/v2\/media?parent=4830"}],"wp:term":[{"taxonomy":"pwb-brand","embeddable":true,"href":"https:\/\/fepale.org\/capacitacion\/wp-json\/wp\/v2\/pwb-brand?post=4830"},{"taxonomy":"product_brand","embeddable":true,"href":"https:\/\/fepale.org\/capacitacion\/wp-json\/wp\/v2\/product_brand?post=4830"},{"taxonomy":"product_cat","embeddable":true,"href":"https:\/\/fepale.org\/capacitacion\/wp-json\/wp\/v2\/product_cat?post=4830"},{"taxonomy":"product_tag","embeddable":true,"href":"https:\/\/fepale.org\/capacitacion\/wp-json\/wp\/v2\/product_tag?post=4830"}],"curies":[{"name":"wp","href":"https:\/\/api.w.org\/{rel}","templated":true}]}}