{"id":4816,"date":"2023-12-20T16:06:52","date_gmt":"2023-12-20T19:06:52","guid":{"rendered":"https:\/\/fepale.org\/capacitacion\/?post_type=product&#038;p=4816"},"modified":"2024-11-15T12:46:36","modified_gmt":"2024-11-15T15:46:36","slug":"gestion-operativa-financiera-para-lecheria-con-uso-de-excel-inicio-25-de-marzo-2024","status":"publish","type":"product","link":"https:\/\/fepale.org\/capacitacion\/producto\/gestion-operativa-financiera-para-lecheria-con-uso-de-excel-inicio-25-de-marzo-2024\/","title":{"rendered":"Gesti\u00f3n Operativa\/Financiera para Lecher\u00eda con uso de Excel &#8211; Inicio 25 de marzo 2024"},"content":{"rendered":"<h4>Presentaci\u00f3n:<\/h4>\n<p>El curso, en su esencia, consiste en la construcci\u00f3n, durante 6 semanas, de un m\u00f3dulo de gesti\u00f3n operativa y financiera dirigido espec\u00edficamente a la actividad lechera con otras caracter\u00edsticas incorporadas y mucho m\u00e1s completo en varios sentidos que el gen\u00e9rico que damos en otras entidades. Se incluyen dos planes de cuentas o rubros de distinta complejidad para que luego, cada uno decida cu\u00e1l va a utilizar.<\/p>\n<p>Como en todos nuestros cursos de Excel para el Agro, tenemos un \u201cdoble prop\u00f3sito\u201d, la posibilidad de armar un m\u00f3dulo concreto y pr\u00e1ctico mientras incorporamos herramientas de Excel que servir\u00e1n para capacitarnos y para mejorar viejas planillas o crear nuevas en funci\u00f3n de lo que aprendamos.<\/p>\n<p>Esta es una nueva versi\u00f3n del curso que comenzamos a dar all\u00e1 por el a\u00f1o 2006 con la Federaci\u00f3n Panamericana de Lecher\u00eda a la que cada a\u00f1o hemos ido mejorando y agregando, como ya dijimos, varios temas nuevos, como por ejemplo en la hoja Resumen (o tablero de control), entre otras novedades, incluye ahora la posibilidad de realizar consultas por cualquier per\u00edodo de tiempo que necesitemos, adapt\u00e1ndose los gr\u00e1ficos a ellos en forma din\u00e1mica, tambi\u00e9n agregamos el manejo de los pendientes (deudas y cobros), proyecci\u00f3n de saldos, el agregado de la validaci\u00f3n de datos din\u00e1mica, hacer el seguimiento y graficar los par\u00e1metros productivos, de composici\u00f3n e higi\u00e9nico-sanitarios de la leche que vendemos, cierres mensuales en moneda constante, etc. <strong>Adem\u00e1s, contar\u00e1n con 14 videos de apoyo para todas las unidades del curso<\/strong>.<\/p>\n<p>En la Unidad Opcional 1 tendr\u00e1n la posibilidad de incorporar macros desde cero (automatizaci\u00f3n de tareas). Finalmente, y como Opcional 2 al final del curso, tendr\u00e1n los temas referidos a seguridad y protecci\u00f3n de datos din\u00e1mica y cierre mensual en moneda constante o litros de leche.<\/p>\n<p>El material se entrega semanalmente, con lo cual, cada uno manejar\u00e1 sus tiempos. Y consiste en trabajar siguiendo las indicaciones que ir\u00e1n leyendo paso a paso, sobre un nuevo libro de Excel, que deber\u00e1 ser guardado como Libro de Excel habilitado para macros (xlsm).<\/p>\n<p>Se les entregar\u00e1 tambi\u00e9n un libro complementario con un plan de cuentas y m\u00e1s de 400 ejemplos de todo tipo de transacciones de un tambo real, para copiar y pegar, de forma de no tener que estar invent\u00e1ndolas en el curso y que podamos trabajar en coincidencia con las im\u00e1genes del material. Luego, al finalizar, cada uno podr\u00e1 borrar la base de datos de ejemplo y personalizar el plan de cuentas y la lista de proveedores, subrubros y productos que vienen incorporados. (Listas y movimientos lecher\u00eda 1.xlsx)<\/p>\n<p>Debe quedar en claro que NO hay que entregar nada hasta terminar con la Unidad n\u00ba 5 (SEMANA 3) en la que, adem\u00e1s, se provee de un video de apoyo, momento en el que se enviar\u00e1 lo realizado hasta ese punto, como evaluaci\u00f3n parcial y, finalmente, al terminar con la Unidad n\u00ba 8 (SEMANA 6) se deber\u00e1 enviar el trabajo final para su evaluaci\u00f3n, en ambos casos a la casilla de mail: <a href=\"mailto:cursos@excelparaelagro.com.ar\">cursos@excelparaelagro.com.ar<\/a><\/p>\n<p>Si bien la primera parte es elemental, es necesaria en funci\u00f3n de nivelar los conocimientos de cada uno de los participantes. A algunos les resultar\u00e1 muy sencilla y para otros ser\u00e1 importante en caso de no tener mucha pr\u00e1ctica con la herramienta. Como ya mencionamos, junto al material espec\u00edfico del curso y los m\u00e1s de 400 ejemplos de movimientos de una finca lechera (tambo) real de forma de poder ver c\u00f3mo cargar los distintos rubros y transacciones, se entregar\u00e1 un archivo llamado \u201cDiferencias entre versiones de Excel\u201d que puede resultar de mucha utilidad para conocer m\u00e1s sobre la versi\u00f3n que tenemos en uso o si decidimos cambiar a otra. <strong>Contar\u00e1n con tres reuniones v\u00eda Zoom, aparte de los videos y las consultas por mail.<\/strong><\/p>\n<p>Para realizar el curso se deber\u00e1 poder leer y\/o imprimir archivos PDF (Acrobat Reader) en general incluido en casi todas la PC (caso contrario se puede descargar en forma gratuita) y una versi\u00f3n de Excel de escritorio desde la 2007 en adelante. No sirven las versiones para hojas de c\u00e1lculo \u201con line\u201d como Google Sheets, Excel On Line, Libre Office, etc., ya que carecen de varias de las funciones que vamos a usar en el curso. Las versiones de Excel para Mac son compatibles, pero con algunas diferencias, a partir de la 2016.<\/p>\n<h4>Contenidos:<\/h4>\n<p><strong><u>SEMANA 1<\/u><\/strong><\/p>\n<ul>\n<li>Introducci\u00f3n a la gesti\u00f3n y material nivelatorio de Excel: plan de cuentas o rubros, crear una base de datos (algunos trucos y tipos de datos, archivos y formatos)<\/li>\n<\/ul>\n<p><img loading=\"lazy\" decoding=\"async\" class=\"size-medium wp-image-4818 aligncenter\" src=\"https:\/\/fepale.org\/capacitacion\/wp-content\/uploads\/2023\/12\/1-300x86.jpg\" alt=\"\" width=\"300\" height=\"86\" srcset=\"https:\/\/fepale.org\/capacitacion\/wp-content\/uploads\/2023\/12\/1-300x86.jpg 300w, https:\/\/fepale.org\/capacitacion\/wp-content\/uploads\/2023\/12\/1-1024x292.jpg 1024w, https:\/\/fepale.org\/capacitacion\/wp-content\/uploads\/2023\/12\/1-768x219.jpg 768w, https:\/\/fepale.org\/capacitacion\/wp-content\/uploads\/2023\/12\/1-1536x439.jpg 1536w, https:\/\/fepale.org\/capacitacion\/wp-content\/uploads\/2023\/12\/1-1080x308.jpg 1080w, https:\/\/fepale.org\/capacitacion\/wp-content\/uploads\/2023\/12\/1-600x171.jpg 600w, https:\/\/fepale.org\/capacitacion\/wp-content\/uploads\/2023\/12\/1.jpg 1821w\" sizes=\"auto, (max-width: 300px) 100vw, 300px\" \/><\/p>\n<p>&nbsp;<\/p>\n<ul>\n<li>F\u00f3rmulas y funciones: HOY, SUBTOTALES y sus funciones y ventajas, fijar filas para tener resultados a la vista, etc.<\/li>\n<\/ul>\n<p><img loading=\"lazy\" decoding=\"async\" class=\"size-medium wp-image-4819 aligncenter\" src=\"https:\/\/fepale.org\/capacitacion\/wp-content\/uploads\/2023\/12\/2-300x93.jpg\" alt=\"\" width=\"300\" height=\"93\" srcset=\"https:\/\/fepale.org\/capacitacion\/wp-content\/uploads\/2023\/12\/2-300x93.jpg 300w, https:\/\/fepale.org\/capacitacion\/wp-content\/uploads\/2023\/12\/2-1024x317.jpg 1024w, https:\/\/fepale.org\/capacitacion\/wp-content\/uploads\/2023\/12\/2-768x238.jpg 768w, https:\/\/fepale.org\/capacitacion\/wp-content\/uploads\/2023\/12\/2-1536x476.jpg 1536w, https:\/\/fepale.org\/capacitacion\/wp-content\/uploads\/2023\/12\/2-1080x334.jpg 1080w, https:\/\/fepale.org\/capacitacion\/wp-content\/uploads\/2023\/12\/2-600x186.jpg 600w, https:\/\/fepale.org\/capacitacion\/wp-content\/uploads\/2023\/12\/2.jpg 1821w\" sizes=\"auto, (max-width: 300px) 100vw, 300px\" \/><\/p>\n<p>&nbsp;<\/p>\n<p><strong><u>SEMANA 2<\/u><\/strong><\/p>\n<ul>\n<li>Listas de rubros y cuentas, crear nombres de rangos y sus ventajas, insertar tablas, ordenar, Validaci\u00f3n de datos o c\u00f3mo escribir y no errar, etc.<\/li>\n<\/ul>\n<p><img loading=\"lazy\" decoding=\"async\" class=\"size-medium wp-image-4820 aligncenter\" src=\"https:\/\/fepale.org\/capacitacion\/wp-content\/uploads\/2023\/12\/3-300x109.jpg\" alt=\"\" width=\"300\" height=\"109\" srcset=\"https:\/\/fepale.org\/capacitacion\/wp-content\/uploads\/2023\/12\/3-300x109.jpg 300w, https:\/\/fepale.org\/capacitacion\/wp-content\/uploads\/2023\/12\/3-1024x373.jpg 1024w, https:\/\/fepale.org\/capacitacion\/wp-content\/uploads\/2023\/12\/3-768x280.jpg 768w, https:\/\/fepale.org\/capacitacion\/wp-content\/uploads\/2023\/12\/3-1536x560.jpg 1536w, https:\/\/fepale.org\/capacitacion\/wp-content\/uploads\/2023\/12\/3-1080x394.jpg 1080w, https:\/\/fepale.org\/capacitacion\/wp-content\/uploads\/2023\/12\/3-600x219.jpg 600w, https:\/\/fepale.org\/capacitacion\/wp-content\/uploads\/2023\/12\/3.jpg 1775w\" sizes=\"auto, (max-width: 300px) 100vw, 300px\" \/><\/p>\n<p>&nbsp;<\/p>\n<ul>\n<li>Carga de datos y uso de cada columna, herramienta Filtros y su enorme importancia para realizar consultas. Imprimir informes filtrados. Formato condicional.<\/li>\n<\/ul>\n<p><img loading=\"lazy\" decoding=\"async\" class=\"size-medium wp-image-4821 aligncenter\" src=\"https:\/\/fepale.org\/capacitacion\/wp-content\/uploads\/2023\/12\/4-300x85.jpg\" alt=\"\" width=\"300\" height=\"85\" srcset=\"https:\/\/fepale.org\/capacitacion\/wp-content\/uploads\/2023\/12\/4-300x85.jpg 300w, https:\/\/fepale.org\/capacitacion\/wp-content\/uploads\/2023\/12\/4-1024x290.jpg 1024w, https:\/\/fepale.org\/capacitacion\/wp-content\/uploads\/2023\/12\/4-768x217.jpg 768w, https:\/\/fepale.org\/capacitacion\/wp-content\/uploads\/2023\/12\/4-1536x434.jpg 1536w, https:\/\/fepale.org\/capacitacion\/wp-content\/uploads\/2023\/12\/4-1080x305.jpg 1080w, https:\/\/fepale.org\/capacitacion\/wp-content\/uploads\/2023\/12\/4-600x170.jpg 600w, https:\/\/fepale.org\/capacitacion\/wp-content\/uploads\/2023\/12\/4.jpg 1538w\" sizes=\"auto, (max-width: 300px) 100vw, 300px\" \/><\/p>\n<p>&nbsp;<\/p>\n<p><strong><u>SEMANA 3<\/u><\/strong><\/p>\n<ul>\n<li>Validaci\u00f3n din\u00e1mica de subrubros o productos, configuraci\u00f3n de impresi\u00f3n y stock en tiempo real, con avisos de reposici\u00f3n, pagos realizados a proveedores. Funciones SUMAR.SI, INDIRECTO, Tablas, etc.<\/li>\n<\/ul>\n<p><img loading=\"lazy\" decoding=\"async\" class=\"size-medium wp-image-4822 aligncenter\" src=\"https:\/\/fepale.org\/capacitacion\/wp-content\/uploads\/2023\/12\/5-300x49.jpg\" alt=\"\" width=\"300\" height=\"49\" srcset=\"https:\/\/fepale.org\/capacitacion\/wp-content\/uploads\/2023\/12\/5-300x49.jpg 300w, https:\/\/fepale.org\/capacitacion\/wp-content\/uploads\/2023\/12\/5-1024x167.jpg 1024w, https:\/\/fepale.org\/capacitacion\/wp-content\/uploads\/2023\/12\/5-768x125.jpg 768w, https:\/\/fepale.org\/capacitacion\/wp-content\/uploads\/2023\/12\/5-1080x176.jpg 1080w, https:\/\/fepale.org\/capacitacion\/wp-content\/uploads\/2023\/12\/5-600x98.jpg 600w, https:\/\/fepale.org\/capacitacion\/wp-content\/uploads\/2023\/12\/5.jpg 1414w\" sizes=\"auto, (max-width: 300px) 100vw, 300px\" \/> <img loading=\"lazy\" decoding=\"async\" class=\"size-medium wp-image-4823 aligncenter\" src=\"https:\/\/fepale.org\/capacitacion\/wp-content\/uploads\/2023\/12\/6-300x88.jpg\" alt=\"\" width=\"300\" height=\"88\" srcset=\"https:\/\/fepale.org\/capacitacion\/wp-content\/uploads\/2023\/12\/6-300x88.jpg 300w, https:\/\/fepale.org\/capacitacion\/wp-content\/uploads\/2023\/12\/6-1024x299.jpg 1024w, https:\/\/fepale.org\/capacitacion\/wp-content\/uploads\/2023\/12\/6-768x224.jpg 768w, https:\/\/fepale.org\/capacitacion\/wp-content\/uploads\/2023\/12\/6-1080x315.jpg 1080w, https:\/\/fepale.org\/capacitacion\/wp-content\/uploads\/2023\/12\/6-600x175.jpg 600w, https:\/\/fepale.org\/capacitacion\/wp-content\/uploads\/2023\/12\/6.jpg 1217w\" sizes=\"auto, (max-width: 300px) 100vw, 300px\" \/><\/p>\n<p>&nbsp;<\/p>\n<p><strong><u>EVALUACI\u00d3N PARCIAL<\/u><\/strong><u>:<\/u> env\u00edo del trabajo realizado hasta la <strong>UNIDAD<\/strong> <strong>5 (SEMANA 3)<\/strong> inclusive.<\/p>\n<p>Junto con la Unidad 5 se entrega la<strong> UNIDAD OPCIONAL 1: MACROS (AUTOMATIZACI\u00d3N DE TAREAS)<\/strong><\/p>\n<p><strong>\u00a0<\/strong><\/p>\n<p>&nbsp;<\/p>\n<p><strong><u>SEMANA 4<\/u><\/strong><\/p>\n<ul>\n<li>Panel de control: separaci\u00f3n de ingresos, gastos directos, indirectos, impuestos, etc. Cada uno con sus f\u00f3rmulas. Tratamiento de los retiros y movimientos internos de dinero. Resumir y agrupar inteligentemente la informaci\u00f3n de la base de datos. Funciones SI, SUMAR.SI.CONJUNTO, etc.<\/li>\n<\/ul>\n<p><img loading=\"lazy\" decoding=\"async\" class=\"size-medium wp-image-4824 aligncenter\" src=\"https:\/\/fepale.org\/capacitacion\/wp-content\/uploads\/2023\/12\/7-300x209.jpg\" alt=\"\" width=\"300\" height=\"209\" srcset=\"https:\/\/fepale.org\/capacitacion\/wp-content\/uploads\/2023\/12\/7-300x209.jpg 300w, https:\/\/fepale.org\/capacitacion\/wp-content\/uploads\/2023\/12\/7-1024x712.jpg 1024w, https:\/\/fepale.org\/capacitacion\/wp-content\/uploads\/2023\/12\/7-768x534.jpg 768w, https:\/\/fepale.org\/capacitacion\/wp-content\/uploads\/2023\/12\/7-1080x751.jpg 1080w, https:\/\/fepale.org\/capacitacion\/wp-content\/uploads\/2023\/12\/7-600x417.jpg 600w, https:\/\/fepale.org\/capacitacion\/wp-content\/uploads\/2023\/12\/7.jpg 1334w\" sizes=\"auto, (max-width: 300px) 100vw, 300px\" \/><\/p>\n<p>&nbsp;<\/p>\n<p><strong><u>SEMANA 5<\/u><\/strong><\/p>\n<ul>\n<li>F\u00f3rmulas l\u00f3gicas: SI, MAX, f\u00f3rmulas anidadas y Formato condicional para controlar errores. Saldos de cuentas en tiempo real. Porcentajes de incidencia de cada rubro sobre los ingresos. Deudas y pendientes. Proyecci\u00f3n de saldos. Consultas desde-hasta. Resultados. Imprimir resumen.<\/li>\n<\/ul>\n<p><img loading=\"lazy\" decoding=\"async\" class=\"size-medium wp-image-4825 aligncenter\" src=\"https:\/\/fepale.org\/capacitacion\/wp-content\/uploads\/2023\/12\/8-300x210.jpg\" alt=\"\" width=\"300\" height=\"210\" srcset=\"https:\/\/fepale.org\/capacitacion\/wp-content\/uploads\/2023\/12\/8-300x210.jpg 300w, https:\/\/fepale.org\/capacitacion\/wp-content\/uploads\/2023\/12\/8-1024x717.jpg 1024w, https:\/\/fepale.org\/capacitacion\/wp-content\/uploads\/2023\/12\/8-768x538.jpg 768w, https:\/\/fepale.org\/capacitacion\/wp-content\/uploads\/2023\/12\/8-1080x756.jpg 1080w, https:\/\/fepale.org\/capacitacion\/wp-content\/uploads\/2023\/12\/8-600x420.jpg 600w, https:\/\/fepale.org\/capacitacion\/wp-content\/uploads\/2023\/12\/8.jpg 1133w\" sizes=\"auto, (max-width: 300px) 100vw, 300px\" \/><\/p>\n<p>&nbsp;<\/p>\n<p><strong><u>SEMANA 6<\/u><\/strong><\/p>\n<ul>\n<li>GR\u00c1FICOS: gr\u00e1fico de torta (\u00bfen qu\u00e9 se van nuestros ingresos?). Gr\u00e1fico de columnas con series separadas. Gr\u00e1ficos combinados: Seguimiento mensual de producci\u00f3n y calidad de leche (Valor del litro, litros x vaca en orde\u00f1e, grasa, prote\u00edna, RCS y UFC, etc.)graficar distintos tipos de datos como grasa, prote\u00edna, RCS, UFC, litros por d\u00eda por animal en producci\u00f3n, etc. Comando C\u00e1mara para ver datos din\u00e1micos en otras hojas o gr\u00e1ficos, Tablas din\u00e1micas de subrubros, etc.<\/li>\n<\/ul>\n<p><img loading=\"lazy\" decoding=\"async\" class=\"size-medium wp-image-4826 aligncenter\" src=\"https:\/\/fepale.org\/capacitacion\/wp-content\/uploads\/2023\/12\/9-300x218.jpg\" alt=\"\" width=\"300\" height=\"218\" srcset=\"https:\/\/fepale.org\/capacitacion\/wp-content\/uploads\/2023\/12\/9-300x218.jpg 300w, https:\/\/fepale.org\/capacitacion\/wp-content\/uploads\/2023\/12\/9-74x55.jpg 74w, https:\/\/fepale.org\/capacitacion\/wp-content\/uploads\/2023\/12\/9-600x436.jpg 600w, https:\/\/fepale.org\/capacitacion\/wp-content\/uploads\/2023\/12\/9.jpg 646w\" sizes=\"auto, (max-width: 300px) 100vw, 300px\" \/><\/p>\n<p>&nbsp;<\/p>\n<p>&nbsp;<\/p>\n<p><strong><u>EVALUACI\u00d3N FINAL:<\/u><\/strong> env\u00edo del trabajo final realizado hasta la <strong>UNIDAD 8<\/strong> inclusive.<\/p>\n<p>Junto a la Unidad 8 se entrega la <strong>UNIDAD OPCIONAL 2:<\/strong> cierres mensuales automatizados en moneda constante, seguridad y protecci\u00f3n de datos, y parte diario o cargar de datos en celular.<\/p>\n<p>&nbsp;<\/p>\n<p><img loading=\"lazy\" decoding=\"async\" class=\"size-medium wp-image-4827 aligncenter\" src=\"https:\/\/fepale.org\/capacitacion\/wp-content\/uploads\/2023\/12\/10-300x75.jpg\" alt=\"\" width=\"300\" height=\"75\" srcset=\"https:\/\/fepale.org\/capacitacion\/wp-content\/uploads\/2023\/12\/10-300x75.jpg 300w, https:\/\/fepale.org\/capacitacion\/wp-content\/uploads\/2023\/12\/10-1024x256.jpg 1024w, https:\/\/fepale.org\/capacitacion\/wp-content\/uploads\/2023\/12\/10-768x192.jpg 768w, https:\/\/fepale.org\/capacitacion\/wp-content\/uploads\/2023\/12\/10-1536x385.jpg 1536w, https:\/\/fepale.org\/capacitacion\/wp-content\/uploads\/2023\/12\/10-1080x270.jpg 1080w, https:\/\/fepale.org\/capacitacion\/wp-content\/uploads\/2023\/12\/10-600x150.jpg 600w, https:\/\/fepale.org\/capacitacion\/wp-content\/uploads\/2023\/12\/10.jpg 1849w\" sizes=\"auto, (max-width: 300px) 100vw, 300px\" \/><\/p>\n<p>&nbsp;<\/p>\n<h4>Modalidad:<\/h4>\n<p><strong>On \u2013 line:<\/strong> El curso se realizar en modalidad a distancia (e \u2013 learning), v\u00eda internet.<\/p>\n<p><strong>Aula Virtual:<\/strong> Se trabajar\u00e1 en una plataforma Web especialmente dise\u00f1ada para el curso (aula o plataforma virtual), desde donde se podr\u00e1 acceder y descargar los documentos, videos, link de inter\u00e9s e interactuar con el docente y el resto de los participantes del curso.<\/p>\n<p><strong>Foro:<\/strong> En la plataforma del ciclo funcionar\u00e1 un foro por curso donde se podr\u00e1 mantener contacto con los participantes del mismo y con los docentes. Tambi\u00e9n se otorgar\u00e1 el E-mail del docente para poder comunicarse directamente.<\/p>\n<p><strong>Docente:<\/strong> El tutor docente estar\u00e1 disponible para responder las dudas y consultas de los participantes, y para ampliar los contenidos en aquellos aspectos de inter\u00e9s.<\/p>\n<p><strong>Horarios:<\/strong> El curso es en modalidad asincr\u00f3nica, consta de 6 semanas con una carga horaria de 6 horas semanales.<\/p>\n<p>El participante puede acceder en los horarios que mejor le convenga, siempre respetando la cronolog\u00eda del curso.<\/p>\n<p><strong>Encuentros Zoom:<\/strong> Se realizar\u00e1n tres instancias de zoom las cuales est\u00e1n programadas para intercambio y consultas con el Tutor Docente.<\/p>\n<p><strong>Zoom de inicio del Curso: Martes 2\/04 \u2013 16 hs<\/strong> (zona horaria Uruguay)<\/p>\n<p><strong>Zoom intermedio: Martes 16\/04 16 hs<\/strong> (zona horaria Uruguay)<\/p>\n<p><strong>Zoom de Cierre: Martes 07\/05 16 hs<\/strong> (zona horaria Uruguay)<\/p>\n<p>&nbsp;<\/p>\n<h4>Docente:<\/h4>\n<p><strong>Martin Aboaf Petit de Murat<\/strong><\/p>\n<p>IBM Senior Programmer &#8211; Microsoft Excel Expert Specialist \u2013 Certified Microsoft Innovative Educator<br \/>\nDocente ISEA-SRA, ACHA, Fund. Libertad, IPCVA, Cambio Rural, INAFCI y FEPALE \u2013<\/p>\n<p>Consultor de la C\u00e1mara Nicarag\u00fcense del Sector L\u00e1cteo<br \/>\nEx Asesor de la Subsecretar\u00eda de Lecher\u00eda de la Naci\u00f3n &#8211; Consultor: <a href=\"http:\/\/www.todoagro.com.ar\/\">www.todoagro.com.ar<\/a><\/p>\n<p>LinkedIn: <a href=\"http:\/\/ar.linkedin.com\/in\/mapdm\">http:\/\/ar.linkedin.com\/in\/mapdm<\/a><\/p>\n<p>Twitter: <a href=\"https:\/\/twitter.com\/ExcelAgro\">https:\/\/twitter.com\/ExcelAgro<\/a> &#8211; Skype: mapdm<\/p>\n<p>Instagram: https:\/\/www.instagram.com\/excelparaelagro\/<\/p>\n<p>Facebook: <a href=\"http:\/\/www.facebook.com\/Excel.para.el.Agro\">www.facebook.com\/Excel.para.el.Agro<\/a>.<\/p>\n<p>&nbsp;<\/p>\n<h4>Certificaci\u00f3n:<\/h4>\n<p>Aquel participante que apruebe las instancias de evaluaci\u00f3n recibir\u00e1:<\/p>\n<p>Certificado de Participaci\u00f3n y Aprobaci\u00f3n v\u00eda mail en formato PDF.<\/p>\n<p>&nbsp;<\/p>\n<h4>Costos:<\/h4>\n<p>El costo del curso es de U$S 200 (doscientos d\u00f3lares americanos)<\/p>\n<p>Abonando antes del 18 de Marzo 2024 se obtendr\u00e1 un precio bonificado por inscripci\u00f3n anticipada y el costo es de U$S 170 (ciento setenta d\u00f3lares americanos)<\/p>\n<p>Descuento del 20 % para socios de FEPALE<\/p>\n<h3 style=\"text-align: center\"><a href=\"https:\/\/forms.gle\/d93aXMwNSniE55hXA\" target=\"_blank\" rel=\"noopener noreferrer\">FORMULARIO DE INSCRIPCI\u00d3N AQU\u00cd<\/a><\/h3>\n<p style=\"text-align: right\"><strong>POR CONSULTAS:<\/strong><br \/>\n<strong>Elena Sierra \u2013 \u00c1rea de Capacitaci\u00f3n \u2013 FEPALE<\/strong><br \/>\n<strong>infocapacita@fepale.org\/www.fepale.org<\/strong><\/p>\n","protected":false},"excerpt":{"rendered":"<p><strong>Organizan:<\/strong><\/p>\n<p><img loading=\"lazy\" decoding=\"async\" class=\"alignnone size-medium wp-image-4829\" src=\"https:\/\/fepale.org\/capacitacion\/wp-content\/uploads\/2023\/12\/logofepaleexcel.fw_-300x93.png\" alt=\"\" width=\"300\" height=\"93\" srcset=\"https:\/\/fepale.org\/capacitacion\/wp-content\/uploads\/2023\/12\/logofepaleexcel.fw_-300x93.png 300w, https:\/\/fepale.org\/capacitacion\/wp-content\/uploads\/2023\/12\/logofepaleexcel.fw_-1024x319.png 1024w, https:\/\/fepale.org\/capacitacion\/wp-content\/uploads\/2023\/12\/logofepaleexcel.fw_-768x239.png 768w, https:\/\/fepale.org\/capacitacion\/wp-content\/uploads\/2023\/12\/logofepaleexcel.fw_-1536x478.png 1536w, https:\/\/fepale.org\/capacitacion\/wp-content\/uploads\/2023\/12\/logofepaleexcel.fw_-2048x638.png 2048w, https:\/\/fepale.org\/capacitacion\/wp-content\/uploads\/2023\/12\/logofepaleexcel.fw_-1080x336.png 1080w, https:\/\/fepale.org\/capacitacion\/wp-content\/uploads\/2023\/12\/logofepaleexcel.fw_-600x187.png 600w\" sizes=\"auto, (max-width: 300px) 100vw, 300px\" \/><\/p>\n<p>&nbsp;<\/p>\n<h3><\/h3>\n","protected":false},"featured_media":4828,"template":"","meta":[],"pwb-brand":[],"product_brand":[],"product_cat":[101],"product_tag":[84,86,85],"class_list":{"0":"post-4816","1":"product","2":"type-product","3":"status-publish","4":"has-post-thumbnail","6":"product_cat-101","7":"product_tag-excel","8":"product_tag-gestion-operativa","9":"product_tag-lecheria","11":"first","12":"instock","13":"shipping-taxable","14":"product-type-simple"},"brands":[],"_links":{"self":[{"href":"https:\/\/fepale.org\/capacitacion\/wp-json\/wp\/v2\/product\/4816","targetHints":{"allow":["GET"]}}],"collection":[{"href":"https:\/\/fepale.org\/capacitacion\/wp-json\/wp\/v2\/product"}],"about":[{"href":"https:\/\/fepale.org\/capacitacion\/wp-json\/wp\/v2\/types\/product"}],"wp:featuredmedia":[{"embeddable":true,"href":"https:\/\/fepale.org\/capacitacion\/wp-json\/wp\/v2\/media\/4828"}],"wp:attachment":[{"href":"https:\/\/fepale.org\/capacitacion\/wp-json\/wp\/v2\/media?parent=4816"}],"wp:term":[{"taxonomy":"pwb-brand","embeddable":true,"href":"https:\/\/fepale.org\/capacitacion\/wp-json\/wp\/v2\/pwb-brand?post=4816"},{"taxonomy":"product_brand","embeddable":true,"href":"https:\/\/fepale.org\/capacitacion\/wp-json\/wp\/v2\/product_brand?post=4816"},{"taxonomy":"product_cat","embeddable":true,"href":"https:\/\/fepale.org\/capacitacion\/wp-json\/wp\/v2\/product_cat?post=4816"},{"taxonomy":"product_tag","embeddable":true,"href":"https:\/\/fepale.org\/capacitacion\/wp-json\/wp\/v2\/product_tag?post=4816"}],"curies":[{"name":"wp","href":"https:\/\/api.w.org\/{rel}","templated":true}]}}