{"id":4646,"date":"2023-07-31T13:41:50","date_gmt":"2023-07-31T16:41:50","guid":{"rendered":"https:\/\/fepale.org\/capacitacion\/?post_type=product&#038;p=4646"},"modified":"2023-12-13T13:53:03","modified_gmt":"2023-12-13T16:53:03","slug":"curso-internacional-de-sommelier-de-quesos-inicio13-de-noviembre-de-2023","status":"publish","type":"product","link":"https:\/\/fepale.org\/capacitacion\/producto\/curso-internacional-de-sommelier-de-quesos-inicio13-de-noviembre-de-2023\/","title":{"rendered":"Curso Internacional de Sommelier de Quesos. Inicio13 de noviembre de 2023."},"content":{"rendered":"<p><strong>Curso Internacional Sommelier de Quesos\u00a0<\/strong><\/p>\n<p><strong>Del 13 al 17 de noviembre de 2023. <\/strong><\/p>\n<p><strong>Colonia URUGUAY.<\/strong><\/p>\n<p><strong>Sede Colonia La Paz, Unidad Tecnol\u00f3gica de L\u00e1cteos, Instituto Tecnol\u00f3gico Regional Suroeste, Universidad Tecnol\u00f3gica (UTEC).<\/strong><\/p>\n<p><strong>Cupo m\u00e1ximo:<\/strong> 20 participantes<\/p>\n<p><strong>Categor\u00eda:<\/strong> Curso presencial te\u00f3rico y pr\u00e1ctico<\/p>\n<h4>ORGANIZAN:<\/h4>\n<p><img loading=\"lazy\" decoding=\"async\" class=\"alignnone size-medium wp-image-3365\" src=\"https:\/\/fepale.org\/capacitacion\/wp-content\/uploads\/2020\/08\/logofepaleutec-300x100.jpg\" alt=\"\" width=\"300\" height=\"100\" srcset=\"https:\/\/fepale.org\/capacitacion\/wp-content\/uploads\/2020\/08\/logofepaleutec-300x100.jpg 300w, https:\/\/fepale.org\/capacitacion\/wp-content\/uploads\/2020\/08\/logofepaleutec-600x199.jpg 600w, https:\/\/fepale.org\/capacitacion\/wp-content\/uploads\/2020\/08\/logofepaleutec.jpg 734w\" sizes=\"auto, (max-width: 300px) 100vw, 300px\" \/><\/p>\n<h4><strong>PRESENTACI\u00d3N:<\/strong><\/h4>\n<p>El Curso le brindar\u00e1 a cada participante las herramientas necesarias para conocer en profundidad el mundo de los quesos, desarrollar competencias profesionales y adquirir conocimientos en las distintas disciplinas concernientes al mundo del queso. Podr\u00e1 indagar sobre la historia y caracter\u00edsticas de las principales familias y variedades; conocer y comprender sus diferentes tecnolog\u00edas de fabricaci\u00f3n, participar de una elaboraci\u00f3n en planta piloto, visitar queser\u00edas y sobre todo apreciar organol\u00e9pticamente diferentes variedades de queso. Se entrenar\u00e1 a los participantes desde el punto de vista sensorial para reconocer los atributos relevantes y diferenciales de cada queso, aprendiendo a evaluarlos y a percibir potenciales defectos buscando dominar el arte de la correcta valoraci\u00f3n de las principales variedades. Se introducir\u00e1 adem\u00e1s a los participantes al mundo de las catas y concursos de quesos.<\/p>\n<h4>P\u00daBLICO OBJETIVO:<\/h4>\n<p>Este curso se destina a estudiantes, personal t\u00e9cnico, y profesionales que desempe\u00f1an sus actividades en el sector l\u00e1cteo, as\u00ed como a personas vinculadas a las cadenas de distribuci\u00f3n, comercializaci\u00f3n y a la restauraci\u00f3n.<\/p>\n<h4>SEDE DEL CURSO:<\/h4>\n<p>El Curso Internacional de <strong>Sommelier de Quesos<\/strong> ser\u00e1 realizado en las instalaciones de la Unidad Tecnol\u00f3gica de L\u00e1cteos de la Universidad Tecnol\u00f3gica del Uruguay (UTEC), ubicada en Colonia La Paz, Departamento de Colonia, Uruguay.<\/p>\n<h4>IMPLEMENTACI\u00d3N:<\/h4>\n<p>Durante los 5 d\u00edas de duraci\u00f3n del curso, los estudiantes realizar\u00e1n un ciclo intensivo y de alta dedicaci\u00f3n horaria que constar\u00e1 de: clases te\u00f3ricas, pr\u00e1cticas de elaboraci\u00f3n planta piloto, pr\u00e1cticas de evaluaci\u00f3n sensorial y degustaci\u00f3n de quesos, visita a planta elaboradora.<\/p>\n<p>Se trabajar\u00e1 en un aula multiprop\u00f3sito para clases te\u00f3ricas, aula de inform\u00e1tica, planta piloto para realizar elaboraciones, laboratorio de an\u00e1lisis fisicoqu\u00edmico y cabinas de an\u00e1lisis sensorial.<\/p>\n<h4>EVALUACI\u00d3N FINAL:<\/h4>\n<p>Se deber\u00e1 rendir una prueba final consistente en un examen te\u00f3rico v\u00eda plataforma y un examen pr\u00e1ctico de evaluaci\u00f3n sensorial.<\/p>\n<h4>PROGRAMA:<\/h4>\n<table width=\"0\">\n<tbody>\n<tr>\n<td><strong>Clase<\/strong><\/td>\n<td><strong>Temario<\/strong><\/td>\n<\/tr>\n<tr>\n<td rowspan=\"4\"><strong>LUNES DE MA\u00d1ANA<\/strong><\/td>\n<td>INTRODUCCI\u00d3N DEL CURSO E HISTORIA DEL QUESO<\/td>\n<\/tr>\n<tr>\n<td>COMPONENTES DEL QUESO: generalidades de leche. Propiedades f\u00edsicas y qu\u00edmicas de la leche. Las prote\u00ednas y azucares de la leche. Principales componentes del queso y su interacci\u00f3n<\/td>\n<\/tr>\n<tr>\n<td>AN\u00c1LISIS SENSORIAL. Introducci\u00f3n al an\u00e1lisis sensorial. Condiciones para evaluar muestras de queso. Apariencia y Textura manual de quesos<\/td>\n<\/tr>\n<tr>\n<td>Evaluaci\u00f3n de apariencia y de textura manual de quesos. PR\u00c1CTICO DE AN\u00c1LISIS SENSORIAL<\/td>\n<\/tr>\n<tr>\n<td rowspan=\"3\"><strong>LUNES DE TARDE<\/strong><\/td>\n<td>TECNOLOGIAS DE ELABORACI\u00d3N DE QUESOS y CLASIFICACI\u00d3N: Te\u00f3rico de la elaboraci\u00f3n de quesos y su tecnolog\u00eda b\u00e1sica; diferentes tecnolog\u00edas de elaboraci\u00f3n de queso;<\/td>\n<\/tr>\n<tr>\n<td>AN\u00c1LISIS SENSORIAL. Evaluaci\u00f3n de textura bucal y sabores en quesos (TE\u00d3RICO)<\/td>\n<\/tr>\n<tr>\n<td>AN\u00c1LISIS SENSORIAL. Evaluaci\u00f3n de textura bucal y sabores en quesos. PR\u00c1CTICO DE AN\u00c1LISIS SENSORIAL<\/td>\n<\/tr>\n<tr>\n<td rowspan=\"3\"><strong>MARTES DE MA\u00d1ANA<\/strong><\/td>\n<td>MADURACI\u00d3N Y DEFECTOS<\/td>\n<\/tr>\n<tr>\n<td>AN\u00c1LISIS SENSORIAL: Evaluaci\u00f3n de olores en quesos. TE\u00d3RICO<\/td>\n<\/tr>\n<tr>\n<td>AN\u00c1LISIS SENSORIAL: Evaluaci\u00f3n de olores en quesos. PR\u00c1CTICO DE AN\u00c1LISIS SENSORIAL<\/td>\n<\/tr>\n<tr>\n<td><strong>MARTES DE TARDE<\/strong><\/td>\n<td>QUESOS PASTA BLANDA : Principales variedades, descripci\u00f3n de atributos, tecnolog\u00eda y particularidades de su elaboraci\u00f3n, principales defectos, maduraci\u00f3n y conservaci\u00f3n.<\/td>\n<\/tr>\n<tr>\n<td><\/td>\n<td>QUESOS PASTA BLANDA : EVALUACI\u00d3N SENSORIAL<\/td>\n<\/tr>\n<tr>\n<td><\/td>\n<td>QUESOS PASTA HILADA : Principales variedades, descripci\u00f3n de atributos, tecnolog\u00eda y particularidades de su elaboraci\u00f3n, principales defectos, maduraci\u00f3n y conservaci\u00f3n.<\/td>\n<\/tr>\n<tr>\n<td><\/td>\n<td>QUESOS PASTA HILADA : EVALUACI\u00d3N SENSORIAL<\/td>\n<\/tr>\n<tr>\n<td><strong>MI\u00c9RCOLES DE MA\u00d1ANA<\/strong><\/td>\n<td>PR\u00c1CTICA EN PLANTA PILOTO: ELABORACI\u00d3N DE QUESOS<\/td>\n<\/tr>\n<tr>\n<td rowspan=\"4\"><strong>MI\u00c9RCOLES DE TARDE<\/strong><\/td>\n<td>QUESOS de LECHE DE CABRA : Principales variedades, descripci\u00f3n de atributos, tecnolog\u00eda y particularidades de su elaboraci\u00f3n, principales defectos, maduraci\u00f3n y conservaci\u00f3n.<\/td>\n<\/tr>\n<tr>\n<td>QUESOS LECHE DE CABRA: EVALUACI\u00d3N SENSORIAL<\/td>\n<\/tr>\n<tr>\n<td>QUESOS de LECHE DE OVEJA : Principales variedades, descripci\u00f3n de atributos, tecnolog\u00eda y particularidades de su elaboraci\u00f3n, principales defectos, maduraci\u00f3n y conservaci\u00f3n.<\/td>\n<\/tr>\n<tr>\n<td>QUESOS LECHE DE OVEJA : EVALUACI\u00d3N SENSORIAL<\/td>\n<\/tr>\n<tr>\n<td rowspan=\"4\"><strong>JUEVES DE MA\u00d1ANA<\/strong><\/td>\n<td>QUESOS DE PASTA DURA : Principales variedades, descripci\u00f3n de atributos, tecnolog\u00eda y particularidades de su elaboraci\u00f3n, principales defectos, maduraci\u00f3n y conservaci\u00f3n.<\/td>\n<\/tr>\n<tr>\n<td>QUESOS DE PASTA DURA: EVALUACI\u00d3N SENSORIAL<\/td>\n<\/tr>\n<tr>\n<td>QUESOS CON MOHOS : Principales variedades, descripci\u00f3n de atributos, tecnolog\u00eda y particularidades de su elaboraci\u00f3n, principales defectos, maduraci\u00f3n y conservaci\u00f3n.<\/td>\n<\/tr>\n<tr>\n<td>QUESOS CON MOHOS: EVALUACI\u00d3N SENSORIAL<\/td>\n<\/tr>\n<tr>\n<td rowspan=\"4\"><strong>JUEVES DE TARDE<\/strong><\/td>\n<td>QUESOS CON OJOS: Principales variedades, descripci\u00f3n de atributos, tecnolog\u00eda y particularidades de su elaboraci\u00f3n, principales defectos, maduraci\u00f3n y conservaci\u00f3n.<\/td>\n<\/tr>\n<tr>\n<td>QUESOS CON OJOS: EVALUACI\u00d3N SENSORIAL<\/td>\n<\/tr>\n<tr>\n<td>CATA DE QUESOS en concursos (TE\u00d3RICO)<\/td>\n<\/tr>\n<tr>\n<td>CATA DE QUESOS en concursos (PR\u00c1CTICOS)<\/td>\n<\/tr>\n<tr>\n<td rowspan=\"2\"><strong>VIERNES DE MA\u00d1ANA<\/strong><\/td>\n<td>EVALUACI\u00d3N PR\u00c1CTICA: EVALUACI\u00d3N SENSORIAL DE 3 MUESTRAS DE QUESO<\/td>\n<\/tr>\n<tr>\n<td>EVALUACI\u00d3N TE\u00d3RICA: PARCIAL<\/td>\n<\/tr>\n<tr>\n<td><strong>VIERNES DE TARDE<\/strong><\/td>\n<td>VISITA a QUESER\u00cdAS<\/td>\n<\/tr>\n<tr>\n<td><strong>VIERNES DE NOCHE<\/strong><\/td>\n<td><strong>ENTREGA DE DIPLOMAS <\/strong><\/td>\n<\/tr>\n<\/tbody>\n<\/table>\n<h4>DOCENTES:<\/h4>\n<p><strong>Nora Soledad Techeira Pereira<img loading=\"lazy\" decoding=\"async\" class=\" wp-image-4715 alignright\" src=\"https:\/\/fepale.org\/capacitacion\/wp-content\/uploads\/2023\/07\/Foto-Nora-Techeira-1-300x233.jpg\" alt=\"\" width=\"134\" height=\"104\" srcset=\"https:\/\/fepale.org\/capacitacion\/wp-content\/uploads\/2023\/07\/Foto-Nora-Techeira-1-300x233.jpg 300w, https:\/\/fepale.org\/capacitacion\/wp-content\/uploads\/2023\/07\/Foto-Nora-Techeira-1-1024x794.jpg 1024w, https:\/\/fepale.org\/capacitacion\/wp-content\/uploads\/2023\/07\/Foto-Nora-Techeira-1-768x596.jpg 768w, https:\/\/fepale.org\/capacitacion\/wp-content\/uploads\/2023\/07\/Foto-Nora-Techeira-1-1536x1191.jpg 1536w, https:\/\/fepale.org\/capacitacion\/wp-content\/uploads\/2023\/07\/Foto-Nora-Techeira-1-2048x1589.jpg 2048w, https:\/\/fepale.org\/capacitacion\/wp-content\/uploads\/2023\/07\/Foto-Nora-Techeira-1-1080x838.jpg 1080w, https:\/\/fepale.org\/capacitacion\/wp-content\/uploads\/2023\/07\/Foto-Nora-Techeira-1-600x465.jpg 600w\" sizes=\"auto, (max-width: 134px) 100vw, 134px\" \/><\/strong><\/p>\n<p>Ingeniero Agr\u00f3nomo. Magister en Ciencia y Tecnolog\u00eda de Alimentos. Doctora en Ciencia y Tecnolog\u00eda de Alimentos. Docente e investigadora en el \u00e1rea de an\u00e1lisis f\u00edsico, qu\u00edmico y sensorial de leche y productos l\u00e1cteos; Licenciatura en Ciencia y Tecnolog\u00eda de L\u00e1cteos, Universidad Tecnol\u00f3gica. Experiencia de m\u00e1s de 10 a\u00f1os en el dise\u00f1o, desarrollo y optimizaci\u00f3n de productos alimenticios, con \u00e9nfasis en la aplicaci\u00f3n de t\u00e9cnicas de evaluaci\u00f3n sensorial. Ejecuci\u00f3n de estudios de vida \u00fatil sensorial. Juez sensorial en Concursos de quesos en Argentina, Brasil y Uruguay.<\/p>\n<p><strong>Tom\u00e1s L\u00f3pez Pedemonte<img loading=\"lazy\" decoding=\"async\" class=\" wp-image-4717 alignright\" src=\"https:\/\/fepale.org\/capacitacion\/wp-content\/uploads\/2023\/07\/Tomas-Lopez-280x300-1.jpg\" alt=\"\" width=\"124\" height=\"133\" \/><\/strong><\/p>\n<p>Es Qu\u00edmico Farmac\u00e9utico egresado de la Universidad de la Rep\u00fablica-UDELAR, M\u00e1ster y Doctor por la Universidad Aut\u00f3noma de Barcelona (Programa de doctorado en Ciencia y Tecnolog\u00eda de los Alimentos; menci\u00f3n europea otorgada). Es Coordinador de la Licenciatura en Ciencia y Tecnolog\u00eda de L\u00e1cteos de la Universidad Tecnol\u00f3gica (UTEC), Profesor Senior UTEC (Encargado de las unidades curriculares Tecnolog\u00eda de L\u00e1cteos I y II) y es Profesor Agregado del Departamento de Ciencia y Tecnolog\u00eda de Alimentos de la Facultad de Qu\u00edmica (Udelar; encargado de la asignatura Toxicolog\u00eda Alimentaria). Su actividad investigadora abarca: aplicaci\u00f3n de tecnolog\u00edas emergentes para el procesamiento de alimentos (alta presi\u00f3n hidrost\u00e1tica y de altas presiones din\u00e1micas); inocuidad alimentaria; nanotecnolog\u00eda aplicada a alimentos; ciencia y tecnolog\u00eda de productos l\u00e1cteos; desarrollo de productos tradicionales y novedosos. Ha sido responsable de n\u00fameros proyectos de I+D+i nacionales y Project Manager de dos proyectos europeos. En relaci\u00f3n a actividades de extensi\u00f3n, ha sido responsable por Uruguay de una acci\u00f3n de coordinaci\u00f3n de proyectos de investigaci\u00f3n CYTED destinada a la queser\u00eda artesanal y un proyecto de cooperaci\u00f3n Espa\u00f1ola financiado por la AECID destinada a fomentar la articulaci\u00f3n entre el sector acad\u00e9mico y el sector productivo alimentario, en particular con el sector l\u00e1cteo. Colabora desde 2009 con concursos de quesos y dulce de leche organizados en Uruguay, Argentina y Brasil.<\/p>\n<p><strong>Santiago Jorcin, Ing. Alim<\/strong>.<img loading=\"lazy\" decoding=\"async\" class=\" wp-image-4718 alignright\" src=\"https:\/\/fepale.org\/capacitacion\/wp-content\/uploads\/2023\/07\/Santiago-Jorcin-272x300-1.jpg\" alt=\"\" width=\"113\" height=\"125\" \/><\/p>\n<p>12 a\u00f1os de experiencia docente, en tem\u00e1ticas de qu\u00edmica de alimentos, en particular de productos l\u00e1cteos.<br \/>\nProfesor Adjunto, \u00e1rea Ciencia, Tecnolog\u00eda y Procesamiento de L\u00e1cteos.<br \/>\nLicenciatura en Ciencia y Tecnolog\u00eda de L\u00e1cteos, Universidad Tecnol\u00f3gica (UTEC).<br \/>\nProfesor asistente, \u00c1rea Tecnolog\u00eda de Alimentos, Departamento de Ciencia y Tecnolog\u00eda de Alimentos, Facultad de Qu\u00edmica, Universidad de la Rep\u00fablica.<br \/>\nTrabajos como consultor de industria alimentaria con especificidad en desarrollo de productos.<\/p>\n<p>&nbsp;<\/p>\n<h4>COSTOS:<\/h4>\n<p>Costo del curso: <strong>USD 880<\/strong><\/p>\n<p>Costo para Socios de FEPALE: <strong>USD 800<\/strong><\/p>\n<p><strong>El costo incluye:<\/strong><br \/>\n&#8211; Participaci\u00f3n en todas las instancias del curso<br \/>\n&#8211; Materiales<br \/>\n&#8211; Traslado desde los alojamientos recomendados<br \/>\n&#8211; Diploma de aprobaci\u00f3n<br \/>\n&#8211; Almuerzos<br \/>\n&#8211; Visita a planta<br \/>\n&#8211; Degustaci\u00f3n<\/p>\n<p><strong>Consultas por hospedaje:<\/strong> <a href=\"mailto:infocapacita@fepale.org\" target=\"_blank\" rel=\"noopener\">infocapacita@fepale.org<\/a> &#8211; <a href=\"mailto:infocapacita.fepale@gmail.com\" target=\"_blank\" rel=\"noopener\">infocapacita.fepale@gmail.com<\/a><\/p>\n<p style=\"text-align: center\"><a href=\"https:\/\/forms.gle\/kJ8YTEBRCVAuidZP8\" target=\"_blank\" rel=\"noopener\"><strong>FORMULARIO DE INSCRIPCI\u00d3N AQU\u00cd<\/strong><\/a><\/p>\n","protected":false},"excerpt":{"rendered":"<p>Curso Internacional Sommelier de Quesos\u00a0 Del 13 al 17 de noviembre de 2023. Colonia URUGUAY. Sede Colonia La Paz, Unidad Tecnol\u00f3gica de L\u00e1cteos, Instituto Tecnol\u00f3gico Regional Suroeste, Universidad Tecnol\u00f3gica (UTEC). Cupo m\u00e1ximo: 20 participantes Categor\u00eda: Curso presencial te\u00f3rico y pr\u00e1ctico ORGANIZAN: PRESENTACI\u00d3N: El Curso le brindar\u00e1 a cada participante las herramientas necesarias para conocer en [&hellip;]<\/p>\n","protected":false},"featured_media":4651,"template":"","meta":[],"pwb-brand":[],"product_brand":[],"product_cat":[100],"product_tag":[],"class_list":{"0":"post-4646","1":"product","2":"type-product","3":"status-publish","4":"has-post-thumbnail","6":"product_cat-100","8":"first","9":"instock","10":"shipping-taxable","11":"product-type-simple"},"brands":[],"_links":{"self":[{"href":"https:\/\/fepale.org\/capacitacion\/wp-json\/wp\/v2\/product\/4646","targetHints":{"allow":["GET"]}}],"collection":[{"href":"https:\/\/fepale.org\/capacitacion\/wp-json\/wp\/v2\/product"}],"about":[{"href":"https:\/\/fepale.org\/capacitacion\/wp-json\/wp\/v2\/types\/product"}],"wp:featuredmedia":[{"embeddable":true,"href":"https:\/\/fepale.org\/capacitacion\/wp-json\/wp\/v2\/media\/4651"}],"wp:attachment":[{"href":"https:\/\/fepale.org\/capacitacion\/wp-json\/wp\/v2\/media?parent=4646"}],"wp:term":[{"taxonomy":"pwb-brand","embeddable":true,"href":"https:\/\/fepale.org\/capacitacion\/wp-json\/wp\/v2\/pwb-brand?post=4646"},{"taxonomy":"product_brand","embeddable":true,"href":"https:\/\/fepale.org\/capacitacion\/wp-json\/wp\/v2\/product_brand?post=4646"},{"taxonomy":"product_cat","embeddable":true,"href":"https:\/\/fepale.org\/capacitacion\/wp-json\/wp\/v2\/product_cat?post=4646"},{"taxonomy":"product_tag","embeddable":true,"href":"https:\/\/fepale.org\/capacitacion\/wp-json\/wp\/v2\/product_tag?post=4646"}],"curies":[{"name":"wp","href":"https:\/\/api.w.org\/{rel}","templated":true}]}}