{"id":4412,"date":"2022-12-13T13:26:37","date_gmt":"2022-12-13T16:26:37","guid":{"rendered":"https:\/\/fepale.org\/capacitacion\/?post_type=product&#038;p=4412"},"modified":"2023-12-13T12:45:33","modified_gmt":"2023-12-13T15:45:33","slug":"talleres-de-implementacion-practica-para-sistemas-de-produccion-pastoriles-herramientas-de-manejo-para-decisores-inicio-13-de-marzo-2023","status":"publish","type":"product","link":"https:\/\/fepale.org\/capacitacion\/producto\/talleres-de-implementacion-practica-para-sistemas-de-produccion-pastoriles-herramientas-de-manejo-para-decisores-inicio-13-de-marzo-2023\/","title":{"rendered":"Talleres de implementaci\u00f3n practica para sistemas de producci\u00f3n pastoriles. Herramientas de manejo para decisores. Inicio 13 de marzo 2023"},"content":{"rendered":"<p>El Instituto de Capacitaci\u00f3n para el Sector L\u00e1cteo de FEPALE, convoca e invita a participar en los <strong>Talleres de implementaci\u00f3n practica para sistemas de producci\u00f3n pastoriles. Herramientas de manejo para decisores.<\/strong><\/p>\n<p><b>Inicio 13 de marzo 2023<\/b><\/p>\n<p><strong>Finaliza 12 de mayo 2023<\/strong><\/p>\n<p><strong>Organiza:<\/strong><\/p>\n<p><img loading=\"lazy\" decoding=\"async\" class=\"alignnone size-medium wp-image-4274\" src=\"https:\/\/fepale.org\/capacitacion\/wp-content\/uploads\/2022\/05\/cropped-logosFEPALE-INSTITUTO-300x73.png\" alt=\"\" width=\"300\" height=\"73\" srcset=\"https:\/\/fepale.org\/capacitacion\/wp-content\/uploads\/2022\/05\/cropped-logosFEPALE-INSTITUTO-300x73.png 300w, https:\/\/fepale.org\/capacitacion\/wp-content\/uploads\/2022\/05\/cropped-logosFEPALE-INSTITUTO-600x146.png 600w, https:\/\/fepale.org\/capacitacion\/wp-content\/uploads\/2022\/05\/cropped-logosFEPALE-INSTITUTO-1024x249.png 1024w, https:\/\/fepale.org\/capacitacion\/wp-content\/uploads\/2022\/05\/cropped-logosFEPALE-INSTITUTO-768x187.png 768w, https:\/\/fepale.org\/capacitacion\/wp-content\/uploads\/2022\/05\/cropped-logosFEPALE-INSTITUTO-1536x373.png 1536w, https:\/\/fepale.org\/capacitacion\/wp-content\/uploads\/2022\/05\/cropped-logosFEPALE-INSTITUTO-1080x262.png 1080w, https:\/\/fepale.org\/capacitacion\/wp-content\/uploads\/2022\/05\/cropped-logosFEPALE-INSTITUTO.png 1791w\" sizes=\"auto, (max-width: 300px) 100vw, 300px\" \/><\/p>\n<h4><strong>Presentaci\u00f3n<\/strong><\/h4>\n<p>No existen cursos similares. Este paquete de cursos fue pensado para ser destinado a personal operativo y encargados de la alimentaci\u00f3n y producci\u00f3n de leche en sistemas pastoriles, con especial \u00e9nfasis en los \u201cdecisores\u201d, los que toman decisiones a diario que impactan en el negocio. Los talleres son pr\u00e1cticos y est\u00e1n enfocados en facilitar la implementaci\u00f3n.<\/p>\n<h4><strong>P\u00fablico objetivo <\/strong><\/h4>\n<p>En particular (aunque no exclusivo), personas que ya han hecho cursos previos de producci\u00f3n pastoril. T\u00e9cnicos, administradores y personal t\u00e9cnico de lecher\u00edas pastoriles.<\/p>\n<h4><strong>Talleres y Contenidos<\/strong><\/h4>\n<table width=\"0\">\n<tbody>\n<tr>\n<td width=\"61\"><strong>Talleres<\/strong><\/td>\n<td width=\"83\"><strong>Docente<\/strong><\/td>\n<td width=\"189\"><strong>Tema del taller<\/strong><\/td>\n<td width=\"298\"><strong>Contenidos<\/strong><\/td>\n<\/tr>\n<tr>\n<td width=\"61\">1<\/td>\n<td width=\"83\">Carlos Batallas<\/p>\n<p>&nbsp;<\/td>\n<td width=\"189\">Establecimiento de pasturas<\/td>\n<td width=\"298\">Estrategias de preparaci\u00f3n del suelo.<\/p>\n<p>Selecci\u00f3n de plantas<\/p>\n<p>Siembras y resiembras<\/p>\n<p>Principios de utilizaci\u00f3n<\/td>\n<\/tr>\n<tr>\n<td width=\"61\">2<\/td>\n<td width=\"83\">Carlos Batallas<\/p>\n<p>&nbsp;<\/td>\n<td width=\"189\">Manejo de la fertilidad suelo y dise\u00f1o de programas de fertilizaci\u00f3n de pasturas<\/td>\n<td width=\"298\">Manejo de la fertilidad del suelo<\/p>\n<p>An\u00e1lisis de suelos<\/p>\n<p>Dise\u00f1o de programas de fertilizaci\u00f3n<\/p>\n<p>Evaluaci\u00f3n productiva y mejoramiento de pasturas<\/td>\n<\/tr>\n<tr>\n<td width=\"61\">3<\/td>\n<td width=\"83\">Gonzalo Tu\u00f1on<\/td>\n<td width=\"189\">Protocolo de gesti\u00f3n del pastoreo<\/td>\n<td width=\"298\">La pastura como alimento<\/p>\n<p>Programas de cosecha<\/p>\n<p>Evaluaciones de productividad<\/p>\n<p>An\u00e1lisis de costos de alimentaci\u00f3n<\/p>\n<p>&nbsp;<\/td>\n<\/tr>\n<tr>\n<td width=\"61\">4<\/td>\n<td width=\"83\">Gonzalo Tu\u00f1on<\/td>\n<td width=\"189\">Programaci\u00f3n de la alimentaci\u00f3n sobre pastoreo<\/td>\n<td width=\"298\">Nutrici\u00f3n pr\u00e1ctica en pastoreo<\/p>\n<p>Formulaci\u00f3n y reajuste estacional de dietas<\/p>\n<p>Econom\u00eda de la alimentaci\u00f3n<\/p>\n<p>Ejercicios de formulaci\u00f3n en pastoreo<\/td>\n<\/tr>\n<\/tbody>\n<\/table>\n<p><strong>\u00a0<\/strong><\/p>\n<h4><strong>Metodolog\u00eda:\u00a0<\/strong><\/h4>\n<p><strong>Para cada taller habr\u00e1:<\/strong><\/p>\n<ul>\n<li>Entrega de videos de entrenamiento para iniciar el Taller (DIA 1)<\/li>\n<li>7 d\u00edas de aprendizaje y consultas<\/li>\n<li>Ejecuci\u00f3n de taller Zoom para resolver inquietudes, entrega de ejercicios<\/li>\n<li>Una semana de consultas hasta el pr\u00f3ximo taller.<\/li>\n<\/ul>\n<p><strong>Cada Curso dura 2 semanas entre su inicio y el taller de cierre. No hay evaluaciones calificadas. El cumplimiento del taller se obtiene con la entrega de los trabajos enviados.<\/strong><\/p>\n<p><strong>\u00a0<\/strong><\/p>\n<h4><strong>\u00a0<\/strong><strong>Calendario:<\/strong><\/h4>\n<p><strong>Zoom Inicial Viernes 10\/03\/23<\/strong><\/p>\n<table>\n<tbody>\n<tr>\n<td width=\"142\"><strong>Taller<\/strong><\/td>\n<td width=\"142\"><strong>Inicio<\/strong><\/td>\n<td width=\"142\"><strong>Zoom 1<\/strong><\/td>\n<td width=\"142\"><strong>Horario Zoom (zona horaria Uruguay)<\/strong><\/td>\n<\/tr>\n<tr>\n<td width=\"142\">1<\/td>\n<td width=\"142\">13\/03\/23<\/td>\n<td width=\"142\">20\/03\/23<\/td>\n<td width=\"142\">19hs<\/td>\n<\/tr>\n<tr>\n<td width=\"142\">2<\/td>\n<td width=\"142\">27\/03\/23<\/td>\n<td width=\"142\">03\/04\/23<\/td>\n<td width=\"142\">19hs<\/td>\n<\/tr>\n<tr>\n<td width=\"142\">3<\/td>\n<td width=\"142\">10\/04\/23<\/td>\n<td width=\"142\">17\/04\/23<\/td>\n<td width=\"142\">19hs<\/td>\n<\/tr>\n<tr>\n<td width=\"142\">4<\/td>\n<td width=\"142\">24\/04\/23<\/td>\n<td width=\"142\">02\/05\/23<\/td>\n<td width=\"142\">19hs<\/td>\n<\/tr>\n<\/tbody>\n<\/table>\n<p><strong>\u00a0<\/strong><\/p>\n<h4><strong>Alcances<\/strong><\/h4>\n<p>Para cada taller se definir\u00e1 un paquete de \u201cproductos\u201d que obtendr\u00e1n como parte del entrenamiento:<\/p>\n<ul>\n<li>Material de lectura de base<\/li>\n<li>Modelos de implementaci\u00f3n<\/li>\n<li>Hojas de c\u00e1lculo<\/li>\n<li>Hojas de ejercicios<\/li>\n<\/ul>\n<p><strong>\u00a0<\/strong><\/p>\n<h4><strong>Modalidad\u00a0<\/strong><\/h4>\n<p><strong>On-line:<\/strong>\u00a0 E-learning.<br \/>\n<strong>Aula virtual:<\/strong>\u00a0Se trabajar\u00e1 en una plataforma Web especialmente dise\u00f1ada para los cursos (aula y plataforma virtual), donde se podr\u00e1 acceder a los documentos, videos, link de inter\u00e9s y se facilitar\u00e1 la interacci\u00f3n con los docentes y el resto de los participantes.<br \/>\n<strong>Foro de consultas y discusi\u00f3n en l\u00ednea :<\/strong>\u00a0Whatsapp;\u00a0 Plataforma Fepale.<br \/>\n<strong>Docentes:<\/strong>\u00a0Disponibles para responder dudas y consultas de los participantes y para ampliar contenidos de inter\u00e9s.<br \/>\n<strong>Horarios:<\/strong>\u00a0Los cursos son en modalidad asincr\u00f3nica, el participante puede acceder en los horarios que mejor le convenga, siempre respetando la cronolog\u00eda de los cursos.<br \/>\n<strong>Talleres ZOOM:<\/strong>\u00a0Obligatorios. En fecha preprogramada. M\u00e1ximo 2 horas por curso.<br \/>\n<strong>Dedicaci\u00f3n:<\/strong>\u00a0Cada participante deber\u00e1 destinar un m\u00e1ximo de 6 horas de trabajo por semana de curso.<\/p>\n<h4><strong>Docentes<\/strong><\/h4>\n<p>Gonzalo Tu\u00f1on <a href=\"https:\/\/fepale.org\/capacitacion\/wp-content\/uploads\/2022\/12\/CV_Dr.-Gonzalo-Tunon.pdf\">CV_Dr.-Gonzalo-Tunon<\/a><\/p>\n<p>Carlos Batallas <a href=\"https:\/\/fepale.org\/capacitacion\/wp-content\/uploads\/2022\/12\/CV_Ing.-Carlos-Batallas.pdf\">CV_Ing.-Carlos-Batallas<\/a><\/p>\n<p><strong>CERTIFICACI\u00d3N:<\/strong><\/p>\n<p>\u2013 Certificado de Participaci\u00f3n y Aprobaci\u00f3n en formato PDF.<\/p>\n<p><strong>COSTOS:<\/strong><\/p>\n<p>Costo de los talleres: <strong>USD 350<\/strong><\/p>\n<p>Los socios de FEPALE cuentan con un <strong>20% de descuento.<\/strong><\/p>\n<p style=\"text-align: center;\"><a href=\"https:\/\/forms.gle\/67ryj2pwKxHKgTeG9\" target=\"_blank\" rel=\"noopener\"><strong>FORMULARIO DE INSCRIPCI\u00d3N AQU\u00cd<\/strong><\/a><\/p>\n<p style=\"text-align: right;\"><strong>POR CONSULTAS:<\/strong><br \/>\n<strong>Elena Sierra \u2013 \u00c1rea de Capacitaci\u00f3n \u2013 FEPALE<\/strong><br \/>\n<strong>infocapacita@fepale.org\/www.fepale.org<\/strong><\/p>\n","protected":false},"excerpt":{"rendered":"<p>El Instituto de Capacitaci\u00f3n para el Sector L\u00e1cteo de FEPALE, convoca e invita a participar en los Talleres de implementaci\u00f3n practica para sistemas de producci\u00f3n pastoriles. Herramientas de manejo para decisores. Inicio 13 de marzo 2023 Finaliza 12 de mayo 2023 Organiza: Presentaci\u00f3n No existen cursos similares. Este paquete de cursos fue pensado para ser [&hellip;]<\/p>\n","protected":false},"featured_media":4415,"template":"","meta":[],"pwb-brand":[],"product_brand":[],"product_cat":[100],"product_tag":[],"class_list":{"0":"post-4412","1":"product","2":"type-product","3":"status-publish","4":"has-post-thumbnail","6":"product_cat-100","8":"first","9":"instock","10":"shipping-taxable","11":"product-type-simple"},"brands":[],"_links":{"self":[{"href":"https:\/\/fepale.org\/capacitacion\/wp-json\/wp\/v2\/product\/4412","targetHints":{"allow":["GET"]}}],"collection":[{"href":"https:\/\/fepale.org\/capacitacion\/wp-json\/wp\/v2\/product"}],"about":[{"href":"https:\/\/fepale.org\/capacitacion\/wp-json\/wp\/v2\/types\/product"}],"wp:featuredmedia":[{"embeddable":true,"href":"https:\/\/fepale.org\/capacitacion\/wp-json\/wp\/v2\/media\/4415"}],"wp:attachment":[{"href":"https:\/\/fepale.org\/capacitacion\/wp-json\/wp\/v2\/media?parent=4412"}],"wp:term":[{"taxonomy":"pwb-brand","embeddable":true,"href":"https:\/\/fepale.org\/capacitacion\/wp-json\/wp\/v2\/pwb-brand?post=4412"},{"taxonomy":"product_brand","embeddable":true,"href":"https:\/\/fepale.org\/capacitacion\/wp-json\/wp\/v2\/product_brand?post=4412"},{"taxonomy":"product_cat","embeddable":true,"href":"https:\/\/fepale.org\/capacitacion\/wp-json\/wp\/v2\/product_cat?post=4412"},{"taxonomy":"product_tag","embeddable":true,"href":"https:\/\/fepale.org\/capacitacion\/wp-json\/wp\/v2\/product_tag?post=4412"}],"curies":[{"name":"wp","href":"https:\/\/api.w.org\/{rel}","templated":true}]}}