{"id":4114,"date":"2022-05-31T13:40:56","date_gmt":"2022-05-31T16:40:56","guid":{"rendered":"https:\/\/fepale.org\/capacitacion\/?post_type=product&#038;p=4114"},"modified":"2022-12-13T13:53:13","modified_gmt":"2022-12-13T16:53:13","slug":"especializacion-en-produccion-de-pasturas-y-gestion-del-pastoreo-para-produccion-lechera-12-de-septiembre-2022","status":"publish","type":"product","link":"https:\/\/fepale.org\/capacitacion\/producto\/especializacion-en-produccion-de-pasturas-y-gestion-del-pastoreo-para-produccion-lechera-12-de-septiembre-2022\/","title":{"rendered":"Especializaci\u00f3n en producci\u00f3n de pasturas y gesti\u00f3n del pastoreo para producci\u00f3n lechera &#8211; Inicio 12 de septiembre 2022"},"content":{"rendered":"<p><strong>Especializaci\u00f3n en producci\u00f3n de pasturas y gesti\u00f3n del pastoreo para producci\u00f3n lechera<\/strong><\/p>\n<p><strong>Inicio 12 de septiembre 2022<\/strong><\/p>\n<p><strong>Finaliza 9 de diciembre 2022<\/strong><\/p>\n<p><strong>Carga Horaria: 78hs<\/strong><\/p>\n<h4><\/h4>\n<h4><strong>INTRODUCCI\u00d3N:<\/strong><\/h4>\n<p>La producci\u00f3n lechera nunca deja de enfrentar desaf\u00edos para mantener su rentabilidad. La utilizaci\u00f3n eficiente de pasturas permite bajar los costos de alimentaci\u00f3n y contribuye a la estabilidad del sistema. Para que el uso de las pasturas y el pastoreo sean efectivos y eficientes, se requiere conocimiento, dedicaci\u00f3n y mucha metodolog\u00eda, ya que su manejo debe estar preparado para administrar recursos productivos que est\u00e1n expuestos al clima y tienden a ser variables. Los sistemas de producci\u00f3n en pastoreo tienen su propia din\u00e1mica y econom\u00eda; y requieren de administradores y operarios entrenados para aprovechar sus beneficios y enfrentar las dificultades que se presentan para su implementaci\u00f3n exitosa. El presente curso ofrece las herramientas necesarias para la formaci\u00f3n acad\u00e9mica y pr\u00e1ctica para quienes desean especializarse en los temas mencionados.<\/p>\n<h4><strong>OBJETIVOS<\/strong><\/h4>\n<p>Ofrecer un curso integral que cubra principios te\u00f3ricos fundamentales y que brinde herramientas de manejo aplicables para la producci\u00f3n y utilizaci\u00f3n de pasturas. Las soluciones tecnol\u00f3gicas van a contribuir a lograr sistemas rentables, sustentables y amigables con el ambiente, los animales y las personas.<\/p>\n<h4><strong>PUBLICO<\/strong><\/h4>\n<p>Profesionales, Administradores y encargados de predios, asesores, t\u00e9cnicos de campo, docentes, estudiantes y productores relacionados con la producci\u00f3n lechera en sistemas que utilizan el pastoreo.<\/p>\n<h4><strong>CONTENIDOS:<\/strong><\/h4>\n<table style=\"height: 675px\" width=\"820\">\n<tbody>\n<tr>\n<td width=\"85\"><strong>Fechas<\/strong><\/td>\n<td width=\"177\"><strong>M\u00f3dulos<\/strong><\/td>\n<td width=\"362\"><strong>Contenidos<\/strong><\/td>\n<td width=\"75\"><strong>Docente<\/strong><\/td>\n<\/tr>\n<tr>\n<td width=\"85\"><strong>1<\/strong> del 12 al 23 de septiembre<\/td>\n<td width=\"177\"><strong>M\u00f3dulo 1<\/strong><\/p>\n<p>Sistemas de producci\u00f3n<\/td>\n<td width=\"362\">Contexto macro, problem\u00e1tica, desaf\u00edos. Definici\u00f3n de sistemas de producci\u00f3n, factores de rentabilidad, particularidades de los sistemas<\/td>\n<td width=\"75\">Gonzalo Tu\u00f1on<\/td>\n<\/tr>\n<tr>\n<td width=\"85\"><strong>2<\/strong> del 26 de sept al 7 de octubre<\/td>\n<td width=\"177\"><strong>M\u00f3dulo 2<\/strong><\/p>\n<p>Ecofisiolog\u00eda y principios de manejo de la planta<\/td>\n<td width=\"362\">Ecofisiolog\u00eda, crecimiento, comportamiento estacional, composici\u00f3n, principios de manejo<\/td>\n<td width=\"75\">Carlos Batallas<\/td>\n<\/tr>\n<tr>\n<td width=\"85\"><strong>3<\/strong> del 1o al 21 de octubre<\/td>\n<td width=\"177\"><strong>M\u00f3dulo 3<\/strong><\/p>\n<p>La pastura como alimento<\/td>\n<td width=\"362\">Valoraci\u00f3n nutricional, costos, consumo voluntario, composici\u00f3n de dietas<\/td>\n<td width=\"75\">Gonzalo Tu\u00f1on<\/td>\n<\/tr>\n<tr>\n<td width=\"85\"><strong>4<\/strong> del 24 de oct al 4 de noviembre<\/td>\n<td width=\"177\"><strong>M\u00f3dulo 4<\/strong><\/p>\n<p>Producci\u00f3n de pasturas<\/td>\n<td width=\"362\">Manejo integrado de la fertilidad del suelo, establecimiento de potreros, oferta estacional de alimento, fertilizaci\u00f3n, uso del Nitr\u00f3geno<\/td>\n<td width=\"75\">Carlos Batallas<\/td>\n<\/tr>\n<tr>\n<td width=\"85\"><strong>5<\/strong> del 7 al 19 de noviembre<\/td>\n<td width=\"177\"><strong>M\u00f3dulo 5<\/strong><\/p>\n<p>Gesti\u00f3n del pastoreo<\/td>\n<td width=\"362\">Principios, metodolog\u00eda, planificaci\u00f3n, e \u00edndices de evaluaci\u00f3n<\/td>\n<td width=\"75\">Gonzalo Tu\u00f1on<\/td>\n<\/tr>\n<tr>\n<td width=\"85\"><strong>6 <\/strong>21 de nov al 2 de diciembre<\/td>\n<td width=\"177\"><strong>M\u00f3dulo 6<\/strong><\/p>\n<p>Capacitaci\u00f3n del equipo de trabajo<\/td>\n<td width=\"362\">Puesta en marcha del sistema y del equipo de trabajo, entrenamiento, calendarios de trabajo y reportes<\/td>\n<td width=\"75\">Carlos Batallas<\/td>\n<\/tr>\n<\/tbody>\n<\/table>\n<p><strong>Evaluaci\u00f3n Final del 5 al 9 de diciembre.<\/strong><\/p>\n<h4><\/h4>\n<h4><strong>ALCANCES<\/strong><\/h4>\n<p>Al completar el curso, los asistentes estar\u00e1n en capacidad de:<\/p>\n<ul>\n<li>Analizar sistemas de producci\u00f3n ganadera en marcha y calificar su competitividad<\/li>\n<li>Dise\u00f1ar estrategias y actividades para mejorar la producci\u00f3n y el uso de las pasturas<\/li>\n<li>Regular y optimizar el costo de la alimentaci\u00f3n de las vacas utilizando pasturas<\/li>\n<li>Establecer y manejar pasturas de alta producci\u00f3n a trav\u00e9s del dise\u00f1o de protocolos<\/li>\n<li>Presupuestar y programar la inclusi\u00f3n de pasturas en las diferentes estaciones del a\u00f1o<\/li>\n<li>Presupuestar la fabricaci\u00f3n y utilizaci\u00f3n de suplementos forrajeros<\/li>\n<li>Formar, entrenar y monitorear equipos de trabajo para mejorar la gesti\u00f3n forrajera<\/li>\n<\/ul>\n<p>&nbsp;<\/p>\n<h4><strong>MODALIDAD:<\/strong><\/h4>\n<p><strong>On-line:<\/strong>\u00a0La especializaci\u00f3n se realizar\u00e1 en modalidad E-learning.<\/p>\n<p><strong>Aula virtual:<\/strong>\u00a0Se trabajar\u00e1 en una plataforma Web especialmente dise\u00f1ada para los cursos (aula y plataforma virtual), donde se podr\u00e1 acceder a los documentos, videos, link de inter\u00e9s y se facilitar\u00e1 la interacci\u00f3n con los docentes y el resto de los participantes.<\/p>\n<p><strong>Foro:<\/strong>\u00a0Se desarrollar\u00e1 un foro en la plataforma para fomentar el contacto entre los participantes y los docentes, habilitado para consultas de los participantes y para que los docentes dejen consignas para trabajar y debatir en conjunto.<\/p>\n<p><strong>Grupo de WhatsApp:<\/strong> se les solicitar\u00e1 tel\u00e9fono de contacto para agregarlos a un grupo de WhatsApp para intercambio y consultas. Por all\u00ed tambi\u00e9n se organizar\u00e1n las fechas para las actividades sincr\u00f3nicas por zoom.<\/p>\n<p><strong>Docente:<\/strong>\u00a0Los tutores docentes estar\u00e1n disponible para responder dudas y consultas de los participantes y para ampliar contenidos de inter\u00e9s de los participantes.<\/p>\n<p><strong>Horarios:<\/strong>\u00a0Los cursos son en modalidad asincr\u00f3nica, el participante puede acceder en los horarios que mejor le convenga, siempre respetando la cronolog\u00eda de los cursos.<\/p>\n<p><strong>Eventos por zoom:<\/strong> se dictar\u00e1n 2 eventos por zoom los cuales ser\u00e1n avisados con antelaci\u00f3n por el foro de intercambio y el grupo de whatsapp para que puedan reservar fecha y horario con antelaci\u00f3n.<\/p>\n<p><strong>Evaluaciones:<\/strong>\u00a0En el curso se har\u00e1 una evaluaci\u00f3n final obligatoria para la aprobaci\u00f3n del mismo.<\/p>\n<p><strong>Dedicaci\u00f3n:<\/strong>\u00a0Cada participante deber\u00e1 destinar un m\u00e1ximo de 6 horas de trabajo por semana de curso.<\/p>\n<h4><strong>DOCENTES:<\/strong><\/h4>\n<p>Gonzalo Tu\u00f1on <a href=\"https:\/\/fepale.org\/capacitacion\/wp-content\/uploads\/2021\/04\/CV_Dr.-Gonzalo-Tunon.pdf\" target=\"_blank\" rel=\"noopener\">CV_Dr.-Gonzalo-Tu\u00f1on<\/a><\/p>\n<p>Carlos Batallas <a href=\"https:\/\/fepale.org\/capacitacion\/wp-content\/uploads\/2021\/04\/CV_Ing.-Carlos-Batallas.pdf\" target=\"_blank\" rel=\"noopener\">CV_Ing.-Carlos-Batallas<\/a><\/p>\n<h4><strong>CERTIFICACI\u00d3N:<\/strong><\/h4>\n<p>Aquel participante que apruebe las instancias de evaluaci\u00f3n recibir\u00e1:<br \/>\n\u2013 Certificado de Participaci\u00f3n y Aprobaci\u00f3n<br \/>\n\u2013 Constancia de Programa cumplido en el curso<br \/>\nSi el participante cumple los requisitos para recibir estos documentos se enviar\u00e1n v\u00eda correo electr\u00f3nico con las firmas respectivas en archivo PDF, el cual deber\u00e1 imprimir.<\/p>\n<h4><strong>COSTOS:<\/strong><\/h4>\n<p>Costo de la Especializaci\u00f3n: <strong>USD 320<\/strong><\/p>\n<p>Los socios de FEPALE cuentan con un <strong>20% de descuento.<\/strong><\/p>\n<p><strong>\u00a0<\/strong><\/p>\n<p style=\"text-align: center\"><a href=\"https:\/\/forms.gle\/gEW2vXRL3wDVVnzW7\" target=\"_blank\" rel=\"noopener\"><strong>FORMULARIO DE INSCRIPCI\u00d3N AQU\u00cd<\/strong><\/a><\/p>\n<p>&nbsp;<\/p>\n","protected":false},"excerpt":{"rendered":"<p>El Instituto de Capacitaci\u00f3n para el Sector L\u00e1cteo de FEPALE, convoca e invita a participar en la Especializaci\u00f3n en producci\u00f3n de pasturas y gesti\u00f3n del pastoreo para producci\u00f3n lechera.<\/p>\n<p><b>Inicio 12 de septiembre 2022<\/b><\/p>\n<p><strong>Finaliza 9 de diciembre 2022<\/strong><\/p>\n<p><strong>Carga Horaria: 78hs<\/strong><\/p>\n<h4><strong>\u00a0ORGANIZA:<\/strong><\/h4>\n<p><img loading=\"lazy\" decoding=\"async\" class=\"alignnone size-medium wp-image-4115\" src=\"https:\/\/fepale.org\/capacitacion\/wp-content\/uploads\/2022\/05\/logosFEPALE-INSTITUTO-300x73.png\" alt=\"\" width=\"300\" height=\"73\" srcset=\"https:\/\/fepale.org\/capacitacion\/wp-content\/uploads\/2022\/05\/logosFEPALE-INSTITUTO-300x73.png 300w, https:\/\/fepale.org\/capacitacion\/wp-content\/uploads\/2022\/05\/logosFEPALE-INSTITUTO-600x146.png 600w, https:\/\/fepale.org\/capacitacion\/wp-content\/uploads\/2022\/05\/logosFEPALE-INSTITUTO-1024x249.png 1024w, https:\/\/fepale.org\/capacitacion\/wp-content\/uploads\/2022\/05\/logosFEPALE-INSTITUTO-768x187.png 768w, https:\/\/fepale.org\/capacitacion\/wp-content\/uploads\/2022\/05\/logosFEPALE-INSTITUTO-1536x373.png 1536w, https:\/\/fepale.org\/capacitacion\/wp-content\/uploads\/2022\/05\/logosFEPALE-INSTITUTO-1080x262.png 1080w, https:\/\/fepale.org\/capacitacion\/wp-content\/uploads\/2022\/05\/logosFEPALE-INSTITUTO.png 1791w\" sizes=\"auto, (max-width: 300px) 100vw, 300px\" \/><\/p>\n<p>&nbsp;<\/p>\n","protected":false},"featured_media":4116,"template":"","meta":[],"pwb-brand":[],"product_brand":[],"product_cat":[99],"product_tag":[],"class_list":{"0":"post-4114","1":"product","2":"type-product","3":"status-publish","4":"has-post-thumbnail","6":"product_cat-99","8":"first","9":"instock","10":"shipping-taxable","11":"product-type-simple"},"brands":[],"_links":{"self":[{"href":"https:\/\/fepale.org\/capacitacion\/wp-json\/wp\/v2\/product\/4114","targetHints":{"allow":["GET"]}}],"collection":[{"href":"https:\/\/fepale.org\/capacitacion\/wp-json\/wp\/v2\/product"}],"about":[{"href":"https:\/\/fepale.org\/capacitacion\/wp-json\/wp\/v2\/types\/product"}],"wp:featuredmedia":[{"embeddable":true,"href":"https:\/\/fepale.org\/capacitacion\/wp-json\/wp\/v2\/media\/4116"}],"wp:attachment":[{"href":"https:\/\/fepale.org\/capacitacion\/wp-json\/wp\/v2\/media?parent=4114"}],"wp:term":[{"taxonomy":"pwb-brand","embeddable":true,"href":"https:\/\/fepale.org\/capacitacion\/wp-json\/wp\/v2\/pwb-brand?post=4114"},{"taxonomy":"product_brand","embeddable":true,"href":"https:\/\/fepale.org\/capacitacion\/wp-json\/wp\/v2\/product_brand?post=4114"},{"taxonomy":"product_cat","embeddable":true,"href":"https:\/\/fepale.org\/capacitacion\/wp-json\/wp\/v2\/product_cat?post=4114"},{"taxonomy":"product_tag","embeddable":true,"href":"https:\/\/fepale.org\/capacitacion\/wp-json\/wp\/v2\/product_tag?post=4114"}],"curies":[{"name":"wp","href":"https:\/\/api.w.org\/{rel}","templated":true}]}}