{"id":4072,"date":"2022-04-28T12:46:48","date_gmt":"2022-04-28T15:46:48","guid":{"rendered":"https:\/\/fepale.org\/capacitacion\/?post_type=product&#038;p=4072"},"modified":"2022-07-11T17:28:13","modified_gmt":"2022-07-11T20:28:13","slug":"gestion-operativa-financiera-para-lecheria-con-uso-de-excel-18-de-julio-2022","status":"publish","type":"product","link":"https:\/\/fepale.org\/capacitacion\/producto\/gestion-operativa-financiera-para-lecheria-con-uso-de-excel-18-de-julio-2022\/","title":{"rendered":"Gesti\u00f3n Operativa\/Financiera para Lecher\u00eda con uso de Excel &#8211; 18 de julio 2022"},"content":{"rendered":"<h4>Presentaci\u00f3n:<\/h4>\n<p>Este curso es una nueva versi\u00f3n del anterior llamado Gesti\u00f3n de la Finca Lechera con uso de Excel, al que se le han agregado varios temas, y a otros puntos se les ha dado una visi\u00f3n mucho m\u00e1s \u201clechera\u201d que en el anterior (plan de cuentas y rubros), y se han quitado como obligatorias las macros que complicaban a algunos usuarios (ahora estas quedan como una entrega optativa), y se han incluido algunos conceptos nuevos referidos a la gesti\u00f3n operativa-financiera y al seguimiento de la evoluci\u00f3n de par\u00e1metros de calidad y composici\u00f3n de la leche.<\/p>\n<p>En su esencia, contin\u00faa siendo la construcci\u00f3n de un m\u00f3dulo de gesti\u00f3n operativa y financiera dirigido espec\u00edficamente a la actividad lechera con otras caracter\u00edsticas incorporadas y mucho m\u00e1s completo en varios sentidos. Se incluyen dos planes de cuentas o rubros de distinta complejidad para que luego, cada uno decida cu\u00e1l va a utilizar.<\/p>\n<p>Como en todos nuestros cursos tenemos un \u201cdoble prop\u00f3sito\u201d, la posibilidad de armar un m\u00f3dulo de gesti\u00f3n financiera mientras incorporamos herramientas de Excel que servir\u00e1n para capacitarnos y para mejorar viejas planillas o crear nuevas en funci\u00f3n de lo que aprendamos.<\/p>\n<p>Es decir que a esta nueva versi\u00f3n del curso, que comenzamos a dar all\u00e1 por el a\u00f1o 2006, y a la que cada a\u00f1o hemos ido mejorando y corrigiendo, se le han agregado, como ya dijimos, varios temas nuevos, por ejemplo a la hoja Resumen (o tablero de control) que, entre otras novedades, incluye ahora la posibilidad de realizar consultas por cualquier per\u00edodo de tiempo que necesitemos, adapt\u00e1ndose los gr\u00e1ficos a ellos en forma din\u00e1mica, tambi\u00e9n agregamos el manejo de los pendientes (deudas y cobros), proyecci\u00f3n de saldos, el agregado de la validaci\u00f3n de datos din\u00e1mica, hacer el seguimiento y graficar los par\u00e1metros de composici\u00f3n e higi\u00e9nico-sanitarios de la leche que vendemos, etc.<\/p>\n<p>Finalmente, y como opcional 2 al final del curso, tendr\u00e1n los temas referidos a seguridad y protecci\u00f3n de datos.<\/p>\n<p>Tambi\u00e9n al final del curso encontrar\u00e1n un archivo que servir\u00e1 para imprimir y realizar la carga manual de los datos y que es aplicable al uso para carga de movimientos en la versi\u00f3n gratuita de Excel On Line para tel\u00e9fonos inteligentes.<\/p>\n<p>El material que ir\u00e1n bajando o se les entregar\u00e1 impreso, dependiendo de si es en la modalidad a distancia o presencial, es para trabajar siguiendo las indicaciones que ir\u00e1n leyendo paso a paso, sobre un nuevo libro de Excel, que deber\u00e1 ser guardado como Libro de Excel habilitado para macros (xlsm).<\/p>\n<p>Debe quedar en claro que NO hay que entregar nada hasta terminar con la Unidad n\u00ba 5 como evaluaci\u00f3n parcial y, finalmente al terminar con la Unidad n\u00ba 8 en donde se evaluar\u00e1 o enviar\u00e1 el trabajo final para su evaluaci\u00f3n, en ambos casos a la casilla de mail: <a href=\"mailto:cursos@excelparaelagro.com.ar\">cursos@excelparaelagro.com.ar<\/a> o en el curso, siendo este presencial.<\/p>\n<p>Si bien la primera parte es elemental, es necesaria en funci\u00f3n de nivelar los conocimientos de cada uno de los participantes. A algunos les resultar\u00e1 muy sencillo y para otros ser\u00e1 importante en caso de no tener mucha pr\u00e1ctica con la herramienta. Junto al material espec\u00edfico del curso, se entregan los dos planes de cuentas y rubros mencionados, m\u00e1s de 400 ejemplos de movimientos de una finca lechera (tambo) real de forma de poder ver c\u00f3mo cargar los distintos rubros y transacciones.<\/p>\n<h4>Contenidos:<\/h4>\n<p><strong>UNIDAD 1:<\/strong><\/p>\n<ul>\n<li>INTRODUCCI\u00d3N A LA GESTI\u00d3N Y MATERIAL NIVELATORIO DE EXCEL: PLAN DE CUENTAS O RUBROS, CREAR UNA BASE DE DATOS (ALGUNOS TRUCOS Y TIPOS DE DATOS, ARCHIVOS Y FORMATOS)<\/li>\n<\/ul>\n<p><img loading=\"lazy\" decoding=\"async\" class=\" wp-image-4086 aligncenter\" src=\"https:\/\/fepale.org\/capacitacion\/wp-content\/uploads\/2022\/04\/2022-GT-pag-52-2-300x93.png\" alt=\"\" width=\"406\" height=\"126\" srcset=\"https:\/\/fepale.org\/capacitacion\/wp-content\/uploads\/2022\/04\/2022-GT-pag-52-2-300x93.png 300w, https:\/\/fepale.org\/capacitacion\/wp-content\/uploads\/2022\/04\/2022-GT-pag-52-2-600x186.png 600w, https:\/\/fepale.org\/capacitacion\/wp-content\/uploads\/2022\/04\/2022-GT-pag-52-2-1024x317.png 1024w, https:\/\/fepale.org\/capacitacion\/wp-content\/uploads\/2022\/04\/2022-GT-pag-52-2-768x238.png 768w, https:\/\/fepale.org\/capacitacion\/wp-content\/uploads\/2022\/04\/2022-GT-pag-52-2-1536x476.png 1536w, https:\/\/fepale.org\/capacitacion\/wp-content\/uploads\/2022\/04\/2022-GT-pag-52-2-1080x334.png 1080w, https:\/\/fepale.org\/capacitacion\/wp-content\/uploads\/2022\/04\/2022-GT-pag-52-2.png 1821w\" sizes=\"auto, (max-width: 406px) 100vw, 406px\" \/><\/p>\n<p>&nbsp;<\/p>\n<p><strong>UNIDAD 2:<\/strong><\/p>\n<ul>\n<li>F\u00d3RMULAS Y FUNCIONES: HOY, SUBTOTALES Y SUS FUNCIONES Y VENTAJAS, FIJAR FILAS PARA TENER RESULTADOS A LA VISTA, ETC.<\/li>\n<\/ul>\n<p><img loading=\"lazy\" decoding=\"async\" class=\" wp-image-4087 aligncenter\" src=\"https:\/\/fepale.org\/capacitacion\/wp-content\/uploads\/2022\/04\/GEST-TAMBOS-PAG-60-300x105.png\" alt=\"\" width=\"399\" height=\"140\" srcset=\"https:\/\/fepale.org\/capacitacion\/wp-content\/uploads\/2022\/04\/GEST-TAMBOS-PAG-60-300x105.png 300w, https:\/\/fepale.org\/capacitacion\/wp-content\/uploads\/2022\/04\/GEST-TAMBOS-PAG-60-600x211.png 600w, https:\/\/fepale.org\/capacitacion\/wp-content\/uploads\/2022\/04\/GEST-TAMBOS-PAG-60-1024x360.png 1024w, https:\/\/fepale.org\/capacitacion\/wp-content\/uploads\/2022\/04\/GEST-TAMBOS-PAG-60-768x270.png 768w, https:\/\/fepale.org\/capacitacion\/wp-content\/uploads\/2022\/04\/GEST-TAMBOS-PAG-60-1536x539.png 1536w, https:\/\/fepale.org\/capacitacion\/wp-content\/uploads\/2022\/04\/GEST-TAMBOS-PAG-60-1080x379.png 1080w, https:\/\/fepale.org\/capacitacion\/wp-content\/uploads\/2022\/04\/GEST-TAMBOS-PAG-60.png 1620w\" sizes=\"auto, (max-width: 399px) 100vw, 399px\" \/><\/p>\n<p>&nbsp;<\/p>\n<p><strong>UNIDAD 3:<\/strong><\/p>\n<ul>\n<li>LISTAS DE RUBROS Y CUENTAS, CREAR NOMBRES DE RANGOS Y SUS VENTAJAS, INSERTAR TABLAS, ORDENAR, VALIDACI\u00d3N DE DATOS O C\u00d3MO ESCRIBIR Y NO ERRAR, ETC.<\/li>\n<\/ul>\n<p><img loading=\"lazy\" decoding=\"async\" class=\" wp-image-4088 aligncenter\" src=\"https:\/\/fepale.org\/capacitacion\/wp-content\/uploads\/2022\/04\/Listas-y-mov-1-2022-300x109.png\" alt=\"\" width=\"396\" height=\"144\" srcset=\"https:\/\/fepale.org\/capacitacion\/wp-content\/uploads\/2022\/04\/Listas-y-mov-1-2022-300x109.png 300w, https:\/\/fepale.org\/capacitacion\/wp-content\/uploads\/2022\/04\/Listas-y-mov-1-2022-600x219.png 600w, https:\/\/fepale.org\/capacitacion\/wp-content\/uploads\/2022\/04\/Listas-y-mov-1-2022-1024x373.png 1024w, https:\/\/fepale.org\/capacitacion\/wp-content\/uploads\/2022\/04\/Listas-y-mov-1-2022-768x280.png 768w, https:\/\/fepale.org\/capacitacion\/wp-content\/uploads\/2022\/04\/Listas-y-mov-1-2022-1536x560.png 1536w, https:\/\/fepale.org\/capacitacion\/wp-content\/uploads\/2022\/04\/Listas-y-mov-1-2022-1080x394.png 1080w, https:\/\/fepale.org\/capacitacion\/wp-content\/uploads\/2022\/04\/Listas-y-mov-1-2022.png 1775w\" sizes=\"auto, (max-width: 396px) 100vw, 396px\" \/><\/p>\n<p>&nbsp;<\/p>\n<p><strong>UNIDAD 4:<\/strong><\/p>\n<ul>\n<li>CARGA DE DATOS Y USO DE CADA COLUMNA, HERRAMIENTA FILTROS Y SU ENORME IMPORTANCIA PARA REALIZAR CONSULTAS. IMPRIMIR INFORMES FILTRADOS. FORMATO CONDICIONAL.<\/li>\n<\/ul>\n<p><img loading=\"lazy\" decoding=\"async\" class=\" wp-image-4089 aligncenter\" src=\"https:\/\/fepale.org\/capacitacion\/wp-content\/uploads\/2022\/04\/GEST-TAMBOS-PAG-75-B-300x54.png\" alt=\"\" width=\"422\" height=\"76\" srcset=\"https:\/\/fepale.org\/capacitacion\/wp-content\/uploads\/2022\/04\/GEST-TAMBOS-PAG-75-B-300x54.png 300w, https:\/\/fepale.org\/capacitacion\/wp-content\/uploads\/2022\/04\/GEST-TAMBOS-PAG-75-B-600x108.png 600w, https:\/\/fepale.org\/capacitacion\/wp-content\/uploads\/2022\/04\/GEST-TAMBOS-PAG-75-B-1024x185.png 1024w, https:\/\/fepale.org\/capacitacion\/wp-content\/uploads\/2022\/04\/GEST-TAMBOS-PAG-75-B-768x138.png 768w, https:\/\/fepale.org\/capacitacion\/wp-content\/uploads\/2022\/04\/GEST-TAMBOS-PAG-75-B-1080x195.png 1080w, https:\/\/fepale.org\/capacitacion\/wp-content\/uploads\/2022\/04\/GEST-TAMBOS-PAG-75-B.png 1464w\" sizes=\"auto, (max-width: 422px) 100vw, 422px\" \/><\/p>\n<p>&nbsp;<\/p>\n<p><strong>UNIDAD 5:<\/strong><\/p>\n<ul>\n<li>VALIDACI\u00d3N DIN\u00c1MICA DE SUBRUBROS O PRODUCTOS CONFIGURACI\u00d3N DE IMPRESI\u00d3N Y STOCK EN TIEMPO REAL. FUNCIONES SUMAR.SI, INDIRECTO, USO DE TABLAS, ETC.<\/li>\n<\/ul>\n<p><img loading=\"lazy\" decoding=\"async\" class=\" wp-image-4090 aligncenter\" src=\"https:\/\/fepale.org\/capacitacion\/wp-content\/uploads\/2022\/04\/2022-GT-Pag-97-2-300x88.png\" alt=\"\" width=\"423\" height=\"124\" srcset=\"https:\/\/fepale.org\/capacitacion\/wp-content\/uploads\/2022\/04\/2022-GT-Pag-97-2-300x88.png 300w, https:\/\/fepale.org\/capacitacion\/wp-content\/uploads\/2022\/04\/2022-GT-Pag-97-2-600x175.png 600w, https:\/\/fepale.org\/capacitacion\/wp-content\/uploads\/2022\/04\/2022-GT-Pag-97-2-1024x299.png 1024w, https:\/\/fepale.org\/capacitacion\/wp-content\/uploads\/2022\/04\/2022-GT-Pag-97-2-768x224.png 768w, https:\/\/fepale.org\/capacitacion\/wp-content\/uploads\/2022\/04\/2022-GT-Pag-97-2-1080x315.png 1080w, https:\/\/fepale.org\/capacitacion\/wp-content\/uploads\/2022\/04\/2022-GT-Pag-97-2.png 1217w\" sizes=\"auto, (max-width: 423px) 100vw, 423px\" \/><\/p>\n<p>&nbsp;<\/p>\n<p><strong><u>EVALUACI\u00d3N PARCIAL<\/u><\/strong><u>:<\/u> ENV\u00cdO DEL TRABAJO REALIZADO HASTA LA ENTREGA 5 INCLUSIVE.<\/p>\n<p><strong>UNIDAD 6 (Opcional):<\/strong><\/p>\n<p><strong>MACROS (AUTOMATIZACI\u00d3N DE TAREAS)<\/strong><\/p>\n<ul>\n<li>PANEL DE CONTROL: SEPARACI\u00d3N DE INGRESOS, GASTOS DIRECTOS, INDIRECTOS, IMPUESTOS, ETC. CADA UNO CON SUS F\u00d3RMULAS. TRATAMIENTO DE LOS RETIROS Y MOVIMIENTOS INTERNOS DE DINERO. RESUMIENDO Y AGRUPANDO INTELIGENTEMENTE LA INFORMACI\u00d3N DE LA BASE DE DATOS. FUNCI\u00d3NES SUMAR.SI.CONJUNTO, ETC.<\/li>\n<\/ul>\n<p><img loading=\"lazy\" decoding=\"async\" class=\" wp-image-4091 aligncenter\" src=\"https:\/\/fepale.org\/capacitacion\/wp-content\/uploads\/2022\/04\/2022-GT-Pag-155-1-300x145.png\" alt=\"\" width=\"341\" height=\"165\" srcset=\"https:\/\/fepale.org\/capacitacion\/wp-content\/uploads\/2022\/04\/2022-GT-Pag-155-1-300x145.png 300w, https:\/\/fepale.org\/capacitacion\/wp-content\/uploads\/2022\/04\/2022-GT-Pag-155-1-600x290.png 600w, https:\/\/fepale.org\/capacitacion\/wp-content\/uploads\/2022\/04\/2022-GT-Pag-155-1-768x371.png 768w, https:\/\/fepale.org\/capacitacion\/wp-content\/uploads\/2022\/04\/2022-GT-Pag-155-1.png 958w\" sizes=\"auto, (max-width: 341px) 100vw, 341px\" \/><\/p>\n<p>&nbsp;<\/p>\n<p><strong>UNIDAD 7 (Opcional):<\/strong><\/p>\n<ul>\n<li>F\u00d3RMULAS L\u00d3GICAS: SI, MAX, F\u00d3RMULAS ANIDADAS Y FORMATO CONDICIONAL PARA CONTROLAR ERRORES. SALDOS DE CUENTAS EN TIEMPO REAL. PORCENTAJES DE INCIDENCIA DE CADA RUBRO SOBRE LOS INGRESOS. DEUDAS Y PENDIENTES. CONSULTAS DESDE-HASTA. IMPRIMIR RESUMEN.<\/li>\n<\/ul>\n<p><img loading=\"lazy\" decoding=\"async\" class=\" wp-image-4092 aligncenter\" src=\"https:\/\/fepale.org\/capacitacion\/wp-content\/uploads\/2022\/04\/2022-GT-Pag-173-300x213.png\" alt=\"\" width=\"341\" height=\"242\" srcset=\"https:\/\/fepale.org\/capacitacion\/wp-content\/uploads\/2022\/04\/2022-GT-Pag-173-300x213.png 300w, https:\/\/fepale.org\/capacitacion\/wp-content\/uploads\/2022\/04\/2022-GT-Pag-173-600x426.png 600w, https:\/\/fepale.org\/capacitacion\/wp-content\/uploads\/2022\/04\/2022-GT-Pag-173-1024x727.png 1024w, https:\/\/fepale.org\/capacitacion\/wp-content\/uploads\/2022\/04\/2022-GT-Pag-173-768x545.png 768w, https:\/\/fepale.org\/capacitacion\/wp-content\/uploads\/2022\/04\/2022-GT-Pag-173-400x284.png 400w, https:\/\/fepale.org\/capacitacion\/wp-content\/uploads\/2022\/04\/2022-GT-Pag-173-1080x767.png 1080w, https:\/\/fepale.org\/capacitacion\/wp-content\/uploads\/2022\/04\/2022-GT-Pag-173.png 1169w\" sizes=\"auto, (max-width: 341px) 100vw, 341px\" \/><\/p>\n<p>&nbsp;<\/p>\n<p><strong>UNIDAD 8 (Opcional):\u00a0<\/strong><\/p>\n<ul>\n<li>GR\u00c1FICOS: GR\u00c1FICO DE TORTA (\u00bfEN QU\u00c9 SE VAN NUESTROS INGRESOS?). GR\u00c1FICO DE COLUMNAS CON SERIES SEPARADAS. GR\u00c1FICOS COMBINADOS: GRAFICAR DISTINTOS TIPOS DE DATOS COMO GRASA, PROTE\u00cdNA, RCS, UFC, LITROS POR D\u00cdA POR ANIMAL EN PRODUCCI\u00d3N, ETC. COMANDO C\u00c1MARA PARA VER DATOS DIN\u00c1MICOS EN OTRAS HOJAS O GR\u00c1FICOS, TABLAS DIN\u00c1MICAS DE SUBRUBROS.<\/li>\n<\/ul>\n<p><img loading=\"lazy\" decoding=\"async\" class=\"alignnone wp-image-4093\" src=\"https:\/\/fepale.org\/capacitacion\/wp-content\/uploads\/2022\/04\/Tabla-Dinamica-300x130.png\" alt=\"\" width=\"427\" height=\"185\" srcset=\"https:\/\/fepale.org\/capacitacion\/wp-content\/uploads\/2022\/04\/Tabla-Dinamica-300x130.png 300w, https:\/\/fepale.org\/capacitacion\/wp-content\/uploads\/2022\/04\/Tabla-Dinamica-600x261.png 600w, https:\/\/fepale.org\/capacitacion\/wp-content\/uploads\/2022\/04\/Tabla-Dinamica-1024x445.png 1024w, https:\/\/fepale.org\/capacitacion\/wp-content\/uploads\/2022\/04\/Tabla-Dinamica-768x334.png 768w, https:\/\/fepale.org\/capacitacion\/wp-content\/uploads\/2022\/04\/Tabla-Dinamica.png 1077w\" sizes=\"auto, (max-width: 427px) 100vw, 427px\" \/> <img loading=\"lazy\" decoding=\"async\" class=\"alignnone wp-image-4094\" src=\"https:\/\/fepale.org\/capacitacion\/wp-content\/uploads\/2022\/04\/2022-GT-Pag-204-2-300x154.png\" alt=\"\" width=\"390\" height=\"200\" srcset=\"https:\/\/fepale.org\/capacitacion\/wp-content\/uploads\/2022\/04\/2022-GT-Pag-204-2-300x154.png 300w, https:\/\/fepale.org\/capacitacion\/wp-content\/uploads\/2022\/04\/2022-GT-Pag-204-2-600x308.png 600w, https:\/\/fepale.org\/capacitacion\/wp-content\/uploads\/2022\/04\/2022-GT-Pag-204-2-1024x525.png 1024w, https:\/\/fepale.org\/capacitacion\/wp-content\/uploads\/2022\/04\/2022-GT-Pag-204-2-768x394.png 768w, https:\/\/fepale.org\/capacitacion\/wp-content\/uploads\/2022\/04\/2022-GT-Pag-204-2-1536x788.png 1536w, https:\/\/fepale.org\/capacitacion\/wp-content\/uploads\/2022\/04\/2022-GT-Pag-204-2-1080x554.png 1080w, https:\/\/fepale.org\/capacitacion\/wp-content\/uploads\/2022\/04\/2022-GT-Pag-204-2.png 1571w\" sizes=\"auto, (max-width: 390px) 100vw, 390px\" \/> <img loading=\"lazy\" decoding=\"async\" class=\"size-medium wp-image-4095 aligncenter\" src=\"https:\/\/fepale.org\/capacitacion\/wp-content\/uploads\/2022\/04\/2022-GT-Grafico-Torta-300x201.png\" alt=\"\" width=\"300\" height=\"201\" srcset=\"https:\/\/fepale.org\/capacitacion\/wp-content\/uploads\/2022\/04\/2022-GT-Grafico-Torta-300x200.png 300w, https:\/\/fepale.org\/capacitacion\/wp-content\/uploads\/2022\/04\/2022-GT-Grafico-Torta-600x402.png 600w, https:\/\/fepale.org\/capacitacion\/wp-content\/uploads\/2022\/04\/2022-GT-Grafico-Torta-768x514.png 768w, https:\/\/fepale.org\/capacitacion\/wp-content\/uploads\/2022\/04\/2022-GT-Grafico-Torta-414x276.png 414w, https:\/\/fepale.org\/capacitacion\/wp-content\/uploads\/2022\/04\/2022-GT-Grafico-Torta-130x86.png 130w, https:\/\/fepale.org\/capacitacion\/wp-content\/uploads\/2022\/04\/2022-GT-Grafico-Torta-187x124.png 187w, https:\/\/fepale.org\/capacitacion\/wp-content\/uploads\/2022\/04\/2022-GT-Grafico-Torta.png 963w\" sizes=\"auto, (max-width: 300px) 100vw, 300px\" \/><\/p>\n<p>&nbsp;<\/p>\n<p><strong><u>EVALUACI\u00d3N FINAL:<\/u><\/strong> ENV\u00cdO DEL TRABAJO FINAL REALIZADO HASTA LA UNIDAD 8 INCLUSIVE.<\/p>\n<p><strong>EXTRA (Opcional)<\/strong><\/p>\n<ul>\n<li>SEGURIDAD Y PROTECCI\u00d3N DE DATOS, Y PARTE DIARIO O CARGAR DE DATOS EN CELULAR.<\/li>\n<\/ul>\n<h4>Modalidad:<\/h4>\n<p><strong>On \u2013 line:<\/strong> El curso se realizar en modalidad a distancia (e \u2013 learning), v\u00eda internet.<\/p>\n<p><strong>Aula Virtual:<\/strong> Se trabajar\u00e1 en una plataforma Web especialmente dise\u00f1ada para el curso (aula o plataforma virtual), desde donde se podr\u00e1 acceder a los documentos, videos, link de inter\u00e9s e interactuar con el docente y el resto de los participantes del curso.<\/p>\n<p><strong>Foro:<\/strong> En la plataforma del curso funcionar\u00e1 un foro donde se podr\u00e1 mantener contacto con los participantes del mismo y con los docentes.<\/p>\n<p><strong>Docente:<\/strong> El tutor docente estar\u00e1 disponible para responder las dudas y consultas de los participantes, y para ampliar los contenidos en aquellos aspectos de inter\u00e9s.<\/p>\n<p><strong>Horarios:<\/strong> El curso es en modalidad asincr\u00f3nica, el participante puede acceder en los horarios que mejor le convenga, siempre respetando la cronolog\u00eda del curso. Son 8 semanas con una carga horaria de 6hs semanales.<\/p>\n<p><strong>Zoom:<\/strong> se realizar\u00e1 1 Zoom de consultas cada dos semanas (fecha y horario a convenir con los participantes y el docente)<\/p>\n<p><strong>Trabajos:<\/strong> En el desarrollo del curso se trabajar\u00e1 sobre una planilla Excel, avanzando M\u00f3dulo a M\u00f3dulo, se programar\u00e1 una entrega intermedia y otra final para la correcci\u00f3n por parte del Docente.<\/p>\n<h4>Certificaci\u00f3n:<\/h4>\n<p>Aquel participante que apruebe las instancias de evaluaci\u00f3n recibir\u00e1:<\/p>\n<p>Certificado de Participaci\u00f3n y Aprobaci\u00f3n<br \/>\nSi el participante cumple los requisitos para recibir estos documentos se enviar\u00e1n v\u00eda correo electr\u00f3nico con las firmas respectivas en archivo PDF, el cual deber\u00e1 imprimir.<\/p>\n<h4>Costos:<\/h4>\n<p>El costo del curso es de U$S 200 (doscientos d\u00f3lares americanos)<\/p>\n<p>Abonando antes del 11 de julio 2022 se obtendr\u00e1 un precio bonificado por inscripci\u00f3n anticipada y el costo es de U$S 170 (ciento setenta d\u00f3lares americanos)<\/p>\n<p>Descuento del 20 % para socios de FEPALE<\/p>\n<h3 style=\"text-align: center\"><a href=\"https:\/\/forms.gle\/482VtXwTfPTMGrGW8\" target=\"_blank\" rel=\"noopener noreferrer\">FORMULARIO DE INSCRIPCI\u00d3N AQU\u00cd<\/a><\/h3>\n<p style=\"text-align: right\"><strong>POR CONSULTAS:<\/strong><br \/>\n<strong>Elena Sierra \u2013 \u00c1rea de Capacitaci\u00f3n \u2013 FEPALE<\/strong><br \/>\n<strong>infocapacita@fepale.org\/www.fepale.org<\/strong><\/p>\n","protected":false},"excerpt":{"rendered":"<p><strong>Inicio 18 de julio 2022<\/strong><\/p>\n<p>El Instituto de Capacitaci\u00f3n para el Sector L\u00e1cteo \u2013 FEPALE y Excel para el Agro \u2013 convocan e invitan a participar del Curso Internacional a Distancia GESTI\u00d3N OPERATIVA\/FINANCIERA PARA LECHER\u00cdA CON USO DE EXCEL.<\/p>\n<p><strong>Docente: Martin Aboaf Petit de Murat<\/strong><\/p>\n<p><img loading=\"lazy\" decoding=\"async\" class=\"alignnone size-medium wp-image-2439\" src=\"http:\/\/fepale.org\/capacitacion\/wp-content\/uploads\/2018\/02\/logos-fepale-y-excel.fw_-300x76.png\" alt=\"\" width=\"300\" height=\"76\" srcset=\"https:\/\/fepale.org\/capacitacion\/wp-content\/uploads\/2018\/02\/logos-fepale-y-excel.fw_-300x76.png 300w, https:\/\/fepale.org\/capacitacion\/wp-content\/uploads\/2018\/02\/logos-fepale-y-excel.fw_-600x152.png 600w, https:\/\/fepale.org\/capacitacion\/wp-content\/uploads\/2018\/02\/logos-fepale-y-excel.fw_.png 668w\" sizes=\"auto, (max-width: 300px) 100vw, 300px\" \/><\/p>\n<h3><\/h3>\n","protected":false},"featured_media":4084,"template":"","meta":[],"pwb-brand":[],"product_brand":[],"product_cat":[89],"product_tag":[84,86,85],"class_list":{"0":"post-4072","1":"product","2":"type-product","3":"status-publish","4":"has-post-thumbnail","6":"product_cat-sin-categoria","7":"product_tag-excel","8":"product_tag-gestion-operativa","9":"product_tag-lecheria","11":"first","12":"instock","13":"shipping-taxable","14":"product-type-simple"},"brands":[],"_links":{"self":[{"href":"https:\/\/fepale.org\/capacitacion\/wp-json\/wp\/v2\/product\/4072","targetHints":{"allow":["GET"]}}],"collection":[{"href":"https:\/\/fepale.org\/capacitacion\/wp-json\/wp\/v2\/product"}],"about":[{"href":"https:\/\/fepale.org\/capacitacion\/wp-json\/wp\/v2\/types\/product"}],"wp:featuredmedia":[{"embeddable":true,"href":"https:\/\/fepale.org\/capacitacion\/wp-json\/wp\/v2\/media\/4084"}],"wp:attachment":[{"href":"https:\/\/fepale.org\/capacitacion\/wp-json\/wp\/v2\/media?parent=4072"}],"wp:term":[{"taxonomy":"pwb-brand","embeddable":true,"href":"https:\/\/fepale.org\/capacitacion\/wp-json\/wp\/v2\/pwb-brand?post=4072"},{"taxonomy":"product_brand","embeddable":true,"href":"https:\/\/fepale.org\/capacitacion\/wp-json\/wp\/v2\/product_brand?post=4072"},{"taxonomy":"product_cat","embeddable":true,"href":"https:\/\/fepale.org\/capacitacion\/wp-json\/wp\/v2\/product_cat?post=4072"},{"taxonomy":"product_tag","embeddable":true,"href":"https:\/\/fepale.org\/capacitacion\/wp-json\/wp\/v2\/product_tag?post=4072"}],"curies":[{"name":"wp","href":"https:\/\/api.w.org\/{rel}","templated":true}]}}