{"id":4014,"date":"2022-01-26T11:11:28","date_gmt":"2022-01-26T14:11:28","guid":{"rendered":"https:\/\/fepale.org\/capacitacion\/?post_type=product&#038;p=4014"},"modified":"2022-12-13T13:54:21","modified_gmt":"2022-12-13T16:54:21","slug":"especializacion-en-elaboracion-de-quesos-inicio-1-de-septiembre-2022","status":"publish","type":"product","link":"https:\/\/fepale.org\/capacitacion\/producto\/especializacion-en-elaboracion-de-quesos-inicio-1-de-septiembre-2022\/","title":{"rendered":"Especializaci\u00f3n en Elaboraci\u00f3n de Quesos &#8211; Inicio 1\u00b0 de septiembre 2022"},"content":{"rendered":"<h4>Especializaci\u00f3n en Elaboraci\u00f3n de Quesos<\/h4>\n<p><strong>Inicio 1\u00b0 de Septiembre 2022<\/strong><\/p>\n<h4>OBJETIVOS:<\/h4>\n<p>Ofrecer un curso que aporte conocimientos te\u00f3ricos y pr\u00e1cticos para especializarse en queser\u00eda. El curso ser\u00e1\u00a0 integral cubriendo todos los aspectos que hacen desde la producci\u00f3n, calidad de la leche destinada a la queser\u00eda, equipamiento, elaboraci\u00f3n y maduraci\u00f3n del queso hasta la liberaci\u00f3n para la venta.<\/p>\n<p>Comprende las\u00a0 Buenas Pr\u00e1cticas de Higiene, HACCP y las Buenas Pr\u00e1cticas de Manufactura as\u00ed como tambi\u00e9n las necesidades de infraestructura, equipamientos, legislaci\u00f3n y comercializaci\u00f3n.<\/p>\n<p>&nbsp;<\/p>\n<h4>DIRIGIDO A:<\/h4>\n<p>Profesionales vinculados al \u00e1rea de alimentos, supervisores,\u00a0 cargos de direcci\u00f3n, docentes, estudiantes y todas aquellas personas que cuenten con experiencia pr\u00e1ctica en la elaboraci\u00f3n de quesos y\/o\u00a0 tengan formaci\u00f3n espec\u00edfica previa.<\/p>\n<p>&nbsp;<\/p>\n<h4>CONTENIDOS:<\/h4>\n<p>&nbsp;<\/p>\n<table style=\"height: 1390px\" width=\"818\">\n<tbody>\n<tr>\n<td width=\"71\">M\u00f3dulo<\/td>\n<td width=\"79\">Fecha<\/td>\n<td width=\"155\">T\u00edtulo<\/td>\n<td width=\"280\">Contenido<\/td>\n<td width=\"78\">Docente<\/td>\n<td width=\"82\">Duraci\u00f3n<\/td>\n<\/tr>\n<tr>\n<td width=\"71\"><\/td>\n<td width=\"79\"><\/td>\n<td width=\"155\"><\/td>\n<td width=\"280\"><\/td>\n<td width=\"78\"><\/td>\n<td width=\"82\"><\/td>\n<\/tr>\n<tr>\n<td width=\"71\">0<\/td>\n<td width=\"79\">2 y 4 -Set<\/td>\n<td width=\"155\">Introducci\u00f3n<\/td>\n<td width=\"280\">Manejo de plataforma, adaptaci\u00f3n al trabajo en el aula virtual, caracter\u00edsticas del curso. Presentaci\u00f3n de los participantes y los docentes<\/td>\n<td width=\"78\">Elena Sierra<\/td>\n<td width=\"82\">2 d\u00edas<\/td>\n<\/tr>\n<tr>\n<td width=\"71\">1<\/td>\n<td width=\"79\">5 al 9-Set<\/td>\n<td width=\"155\">Alimentos e inocuidad<\/td>\n<td width=\"280\">Inocuidad de los alimentos. Peligros F\u00edsicos, Qu\u00edmicos y Microbiol\u00f3gicos. Identificaci\u00f3n y prevenci\u00f3n. Algunas enfermedades.<\/td>\n<td width=\"78\">Sergio Borbonet<\/td>\n<td width=\"82\">1 semana<\/td>\n<\/tr>\n<tr>\n<td width=\"71\">2<\/td>\n<td width=\"79\">12 al 23-Set<\/td>\n<td width=\"155\">Composici\u00f3n fisicoqu\u00edmica y microbiolog\u00eda de la leche<\/td>\n<td width=\"280\">Composici\u00f3n. Bios\u00edntesis de sus componentes. Cambios fisicoqu\u00edmicos y sensoriales. Microbiolog\u00eda y compuestas bioactivos.<\/td>\n<td width=\"78\">Fanny Lude\u00f1a<\/td>\n<td width=\"82\">2 semanas<\/td>\n<\/tr>\n<tr>\n<td width=\"71\">3<\/td>\n<td width=\"79\">26 al 30-Set<\/td>\n<td width=\"155\">Iniciaci\u00f3n al HACCP<\/td>\n<td width=\"280\">Pre requisitos. Principios. Desinfectantes. Actividad grupal.<\/td>\n<td width=\"78\">Sergio Borbonet<\/td>\n<td width=\"82\">1 semana<\/td>\n<\/tr>\n<tr>\n<td width=\"71\">4<\/td>\n<td width=\"79\">3 al 14- Oct<\/td>\n<td width=\"155\">Equipos, herramientas e instalaciones para elaborar quesos.<\/td>\n<td width=\"280\">Pre tratamientos. Equipos, herramientas e instalaciones. El salado de los quesos y su acondicionamiento.<\/td>\n<td width=\"78\">Oscar Pi\u00f1eyro<\/td>\n<td width=\"82\">2 semanas<\/td>\n<\/tr>\n<tr>\n<td width=\"71\">5<\/td>\n<td width=\"79\">17 al 28-Oct<\/td>\n<td width=\"155\">Cultivos l\u00e1cticos y cuajos \/ coagulantes<\/td>\n<td width=\"280\">Funciones, clasificaci\u00f3n y caracter\u00edsticas. Elecci\u00f3n correcta y dosificaci\u00f3n del cultivo. Definici\u00f3n y tipos de coagulantes. Presentaciones y poder coagulante. Aplicaci\u00f3n y elecci\u00f3n seg\u00fan queso\u00a0 a elaborar. Factores que influyen en la coagulaci\u00f3n.<\/td>\n<td width=\"78\">Gabriela Lans<\/td>\n<td width=\"82\">2 semanas<\/td>\n<\/tr>\n<tr>\n<td width=\"71\">6<\/td>\n<td width=\"79\">31 de Oct al 11 &#8211; Nov<\/td>\n<td width=\"155\">Elaboraci\u00f3n y maduraci\u00f3n de quesos<\/td>\n<td width=\"280\">Metodolog\u00eda de elaboraci\u00f3n de quesos. Par\u00e1metros y controles\u00a0 a tener en cuenta. Manejo de salmuera. Maduraci\u00f3n de quesos. Acondicionamiento para la venta. Trazabilidad.<\/td>\n<td width=\"78\">Rodrigo Irigoytia<\/td>\n<td width=\"82\">2 semanas<\/td>\n<\/tr>\n<tr>\n<td width=\"71\">7<\/td>\n<td width=\"79\">14 al 18-Nov<\/td>\n<td width=\"155\">Defectos en quesos, causas y prevenci\u00f3n.<\/td>\n<td width=\"280\">Defectos qu\u00edmicos, mec\u00e1nicos y biol\u00f3gicos. Causas, prevenci\u00f3n y liberaci\u00f3n al mercado.<\/td>\n<td width=\"78\">Sergio Borbonet<\/td>\n<td width=\"82\">1 semana<\/td>\n<\/tr>\n<tr>\n<td width=\"71\">8<\/td>\n<td width=\"79\">21 al 25-Nov<\/td>\n<td width=\"155\">Evaluaci\u00f3n<\/td>\n<td width=\"280\"><\/td>\n<td width=\"78\"><\/td>\n<td width=\"82\"><\/td>\n<\/tr>\n<\/tbody>\n<\/table>\n<p>&nbsp;<\/p>\n<p><strong>Al completar el curso, los asistentes estar\u00e1n en condiciones de:<\/strong><\/p>\n<ul>\n<li>Analizar la calidad de la leche recibida y tener las herramientas necesarias para poder trabajar con los productores en la mejora necesaria para lograr la calidad \u00f3ptima en la elaboraci\u00f3n de quesos.<\/li>\n<li>Poder seleccionar con la gerencia general a adquisici\u00f3n de equipamiento para mejorar el rendimiento y mantener o mejorar la calidad del producto terminado.<\/li>\n<li>Transmitir conceptos de inocuidad a dem\u00e1s integrantes de colaboradores en la l\u00ednea de producci\u00f3n.<\/li>\n<li>Tener una herramienta como es el HACCP en la empresa y demostrar la inocuidad de sus productos, ante inspecciones de las Autoridades Sanitarias as\u00ed como con compradores.<\/li>\n<li>Seleccionar los cultivos y coagulantes seg\u00fan el queso a elaborar, al conocer sus caracter\u00edsticas.<\/li>\n<li>Obtener la metodolog\u00eda de elaboraci\u00f3n y las condiciones de maduraci\u00f3n de las distintas familias de quesos que est\u00e9 o pueda elaborar en la empresa.<\/li>\n<li>Conocer los posibles defectos, sus causas, prevenci\u00f3n y su posterior liberaci\u00f3n al mercado consumidor.<\/li>\n<\/ul>\n<p>&nbsp;<\/p>\n<h4>MODALIDAD:<\/h4>\n<p><strong>On-line:<\/strong>\u00a0La especializaci\u00f3n se realizar\u00e1 en modalidad E-learning.<\/p>\n<p><strong>Aula virtual:<\/strong>\u00a0Se trabajar\u00e1 en una plataforma Web especialmente dise\u00f1ada para los cursos (aula y plataforma virtual), donde se podr\u00e1 acceder a los documentos, videos, link de inter\u00e9s y se facilitar\u00e1 la interacci\u00f3n con los docentes y el resto de los participantes.<\/p>\n<p><strong>Foro:\u00a0<\/strong>Se desarrollar\u00e1 un foro en la plataforma para fomentar el contacto entre los participantes y los docentes, habilitado para consultas de los participantes y para que los docentes dejen consignas para trabajar y debatir en conjunto.<\/p>\n<p><strong>Docente:<\/strong>\u00a0El tutor docente estar\u00e1 disponible para responder dudas y consultas de los participantes y para ampliar contenidos de inter\u00e9s de los participantes.<\/p>\n<p><strong>Horarios:\u00a0<\/strong>Los cursos son en modalidad asincr\u00f3nica, el participante puede acceder en los horarios que mejor le convenga, siempre respetando la cronolog\u00eda de los cursos.<\/p>\n<p><strong>Evaluaci\u00f3n final:<\/strong> al finalizar el Curso se har\u00e1 una evaluaci\u00f3n final obligatoria para la aprobaci\u00f3n del mismo.<\/p>\n<p><strong>Dedicaci\u00f3n:\u00a0<\/strong>Cada participante deber\u00e1 destinar un m\u00e1ximo de 6 horas de trabajo por semana de curso.<\/p>\n<p>&nbsp;<\/p>\n<h4>DOCENTES:<\/h4>\n<p>Los Docentes est\u00e1n altamente capacitados cient\u00edfica y t\u00e9cnica en forma te\u00f3rica y pr\u00e1ctica, desde el punto de vista andrag\u00f3gico, con actividades en la industria y queser\u00eda artesanal de varios pa\u00edses.<\/p>\n<p>&nbsp;<\/p>\n<h4><strong>CERTIFICACI\u00d3N:<\/strong><\/h4>\n<p><u>Aquel participante que apruebe las instancias de evaluaci\u00f3n recibir\u00e1:<\/u><\/p>\n<p>\u2013 Certificado de Participaci\u00f3n y Aprobaci\u00f3n<br \/>\n\u2013 Constancia de Programa cumplido en el curso<br \/>\nSi el participante cumple los requisitos para recibir estos documentos se enviar\u00e1n v\u00eda correo electr\u00f3nico con las firmas respectivas en archivo PDF, otorgado por el Instituto Panamericano de Capacitaci\u00f3n para el Sector L\u00e1cteo.<\/p>\n<h4>COSTOS<\/h4>\n<p>Costo de la Especializaci\u00f3n:\u00a0<strong>USD 400<\/strong><\/p>\n<p>Los socios de FEPALE cuentan con un\u00a0<strong>20% de descuento.<\/strong><\/p>\n<p style=\"text-align: center\"><a href=\"https:\/\/forms.gle\/GRvT2Wz2Vpm51zzk7\" target=\"_blank\" rel=\"noopener\"><strong>FORMULARIO DE INSCRIPCI\u00d3N AQU\u00cd<\/strong><\/a><\/p>\n","protected":false},"excerpt":{"rendered":"<p>El Instituto de Capacitaci\u00f3n para el Sector L\u00e1cteo de FEPALE, convoca e invita a participar en la Especializaci\u00f3n en Elaboraci\u00f3n de Quesos.<\/p>\n<p>Inicio 1 de septiembre 2022<\/p>\n<p>Organiza:<\/p>\n<p><img loading=\"lazy\" decoding=\"async\" class=\"alignnone size-medium wp-image-3786\" src=\"https:\/\/fepale.org\/capacitacion\/wp-content\/uploads\/2021\/03\/instituto-y-fepale-300x62.jpg\" alt=\"\" width=\"300\" height=\"62\" srcset=\"https:\/\/fepale.org\/capacitacion\/wp-content\/uploads\/2021\/03\/instituto-y-fepale-300x62.jpg 300w, https:\/\/fepale.org\/capacitacion\/wp-content\/uploads\/2021\/03\/instituto-y-fepale-600x123.jpg 600w, https:\/\/fepale.org\/capacitacion\/wp-content\/uploads\/2021\/03\/instituto-y-fepale-768x157.jpg 768w, https:\/\/fepale.org\/capacitacion\/wp-content\/uploads\/2021\/03\/instituto-y-fepale.jpg 956w\" sizes=\"auto, (max-width: 300px) 100vw, 300px\" \/><\/p>\n","protected":false},"featured_media":4015,"template":"","meta":[],"pwb-brand":[],"product_brand":[],"product_cat":[99],"product_tag":[],"class_list":{"0":"post-4014","1":"product","2":"type-product","3":"status-publish","4":"has-post-thumbnail","6":"product_cat-99","8":"first","9":"instock","10":"shipping-taxable","11":"product-type-simple"},"brands":[],"_links":{"self":[{"href":"https:\/\/fepale.org\/capacitacion\/wp-json\/wp\/v2\/product\/4014","targetHints":{"allow":["GET"]}}],"collection":[{"href":"https:\/\/fepale.org\/capacitacion\/wp-json\/wp\/v2\/product"}],"about":[{"href":"https:\/\/fepale.org\/capacitacion\/wp-json\/wp\/v2\/types\/product"}],"wp:featuredmedia":[{"embeddable":true,"href":"https:\/\/fepale.org\/capacitacion\/wp-json\/wp\/v2\/media\/4015"}],"wp:attachment":[{"href":"https:\/\/fepale.org\/capacitacion\/wp-json\/wp\/v2\/media?parent=4014"}],"wp:term":[{"taxonomy":"pwb-brand","embeddable":true,"href":"https:\/\/fepale.org\/capacitacion\/wp-json\/wp\/v2\/pwb-brand?post=4014"},{"taxonomy":"product_brand","embeddable":true,"href":"https:\/\/fepale.org\/capacitacion\/wp-json\/wp\/v2\/product_brand?post=4014"},{"taxonomy":"product_cat","embeddable":true,"href":"https:\/\/fepale.org\/capacitacion\/wp-json\/wp\/v2\/product_cat?post=4014"},{"taxonomy":"product_tag","embeddable":true,"href":"https:\/\/fepale.org\/capacitacion\/wp-json\/wp\/v2\/product_tag?post=4014"}],"curies":[{"name":"wp","href":"https:\/\/api.w.org\/{rel}","templated":true}]}}