{"id":3992,"date":"2021-12-14T14:30:11","date_gmt":"2021-12-14T17:30:11","guid":{"rendered":"https:\/\/fepale.org\/capacitacion\/?post_type=product&#038;p=3992"},"modified":"2022-12-13T13:54:45","modified_gmt":"2022-12-13T16:54:45","slug":"tecnologia-de-elaboracion-de-helados-inicio-16-de-mayo-2022","status":"publish","type":"product","link":"https:\/\/fepale.org\/capacitacion\/producto\/tecnologia-de-elaboracion-de-helados-inicio-16-de-mayo-2022\/","title":{"rendered":"Tecnolog\u00eda de Elaboraci\u00f3n de Helados &#8211; Inicio 16 de mayo 2022"},"content":{"rendered":"<h4><u>PRESENTACI\u00d3N:<\/u><\/h4>\n<p>Actualmente en el mercado se pueden encontrar m\u00faltiples opciones de postres helados en diferentes presentaciones y de variada calidad. La posibilidad de su compra impulsiva \u00a0as\u00ed como de productos familiares en diversos comercios del mundo evidencia una elevada aceptaci\u00f3n por parte de los consumidores y la importancia econ\u00f3mica para la industria l\u00e1ctea.<\/p>\n<p>A pesar de ser un producto de distribuci\u00f3n masiva, la tecnolog\u00eda de elaboraci\u00f3n de helados es compleja e involucra conocimiento actualizado de ingredientes, equipamiento, dise\u00f1o y desarrollo de productos, inocuidad, legislaciones y an\u00e1lisis sensorial, entre otras. Requisitos de calidad cada vez m\u00e1s altos hacen que el desaf\u00edo para la industria y empresas dedicadas a elaborar helados sea cada vez mayor.<\/p>\n<p>Este curso aportar\u00e1 conocimientos te\u00f3ricos seleccionados con aplicaci\u00f3n pr\u00e1ctica real a todos aquellos t\u00e9cnicos y profesionales de la industria l\u00e1ctea involucrados en el dise\u00f1o, elaboraci\u00f3n, procesamiento, distribuci\u00f3n, comercializaci\u00f3n y estudio de la calidad de los helados industriales.<\/p>\n<h4><strong><u>OBJETIVOS<\/u><\/strong><\/h4>\n<ul>\n<li>Introducir a las nuevas tendencias de consumo y al conocimiento del mercado global<\/li>\n<li>Conocer las operaciones y factores m\u00e1s relevantes en el proceso tecnol\u00f3gico de elaboraci\u00f3n de helados.<\/li>\n<li>Profundizar en el conocimiento de ingredientes l\u00e1cteos y no-l\u00e1cteos, sus funciones y su uso adecuado para el desarrollo y\/o ajuste de una formulaci\u00f3n.<\/li>\n<li>Comprender las necesidades de equipamiento en funci\u00f3n de los objetivos perseguidos al realizar una formulaci\u00f3n.<\/li>\n<li>Comprender de forma global todos los aspectos tecnol\u00f3gicos involucrados en el desarrollo de helados industriales as\u00ed como los factores que potencialmente pueden ocasionar defectos en los mismos.<\/li>\n<\/ul>\n<h4><u>CONTENIDOS:<\/u><\/h4>\n<p><strong>Unidad 1:<\/strong><\/p>\n<p>Tendencias e innovaciones mundiales en desarrollo de helados. Denominaciones, nomenclatura e introducci\u00f3n a la tecnolog\u00eda de elaboraci\u00f3n de helados.<\/p>\n<p><strong>Unidad 2:<\/strong><\/p>\n<p>Tecnolog\u00eda de elaboraci\u00f3n de helados: Del precalentamiento al congelado.<\/p>\n<p><strong>Unidad 3:<\/strong><\/p>\n<p>Tecnolog\u00eda de elaboraci\u00f3n de helados: Desde la adici\u00f3n de inclusiones a su distribuci\u00f3n y comercializaci\u00f3n. Evaluaci\u00f3n sensorial y defectos<\/p>\n<p><strong>Unidad 4:<\/strong><\/p>\n<p>Selecci\u00f3n de ingredientes l\u00e1cteos, estabilizantes, emulsificante, edulcorantes cal\u00f3ricos, edulcorantes no cal\u00f3ricos y sustitutos de grasa: funcionalidad, sustituci\u00f3n de ingredientes y aplicaci\u00f3n en industria de helados<\/p>\n<p><strong>Unidad 5:<\/strong><\/p>\n<p>Formulaci\u00f3n de helados, C\u00e1lculos de ingredientes, c\u00e1lculos de par\u00e1metros relevantes para evaluaci\u00f3n de mezclas.<\/p>\n<p><strong>Unidad 6:<\/strong><\/p>\n<p>Nociones de inocuidad y legislaciones vigentes en distintas regiones del mundo.<\/p>\n<p><strong><u>Evaluaci\u00f3n final m\u00faltiple opci\u00f3n<\/u>.<\/strong><\/p>\n<h4>DOCENTES:<img loading=\"lazy\" decoding=\"async\" class=\" wp-image-3362 alignright\" src=\"https:\/\/fepale.org\/capacitacion\/wp-content\/uploads\/2020\/08\/Carlos-Mattos-1-260x300.jpg\" alt=\"\" width=\"111\" height=\"128\" srcset=\"https:\/\/fepale.org\/capacitacion\/wp-content\/uploads\/2020\/08\/Carlos-Mattos-1-260x300.jpg 260w, https:\/\/fepale.org\/capacitacion\/wp-content\/uploads\/2020\/08\/Carlos-Mattos-1-600x692.jpg 600w, https:\/\/fepale.org\/capacitacion\/wp-content\/uploads\/2020\/08\/Carlos-Mattos-1-888x1024.jpg 888w, https:\/\/fepale.org\/capacitacion\/wp-content\/uploads\/2020\/08\/Carlos-Mattos-1-768x885.jpg 768w, https:\/\/fepale.org\/capacitacion\/wp-content\/uploads\/2020\/08\/Carlos-Mattos-1-1333x1536.jpg 1333w, https:\/\/fepale.org\/capacitacion\/wp-content\/uploads\/2020\/08\/Carlos-Mattos-1-1777x2048.jpg 1777w, https:\/\/fepale.org\/capacitacion\/wp-content\/uploads\/2020\/08\/Carlos-Mattos-1-1080x1245.jpg 1080w\" sizes=\"auto, (max-width: 111px) 100vw, 111px\" \/><\/h4>\n<p><strong>Carlos Mattos, Ing. Agr.,MBA.<\/strong><br \/>\nExperiencia de m\u00e1s de 34 a\u00f1os en la Industria L\u00e1ctea del Uruguay (Gerente Industrial de Conaprole), 1975-2009.<br \/>\nGerente General del Instituto Nacional de la Leche 2009-2011.<br \/>\nConsultor de industrias l\u00e1cteas.<br \/>\nDocente Encargado de la Licenciatura en Ciencia y Tecnolog\u00eda de L\u00e1cteos, Universidad Tecnol\u00f3gica (UTEC).<\/p>\n<p><img loading=\"lazy\" decoding=\"async\" class=\" wp-image-3363 alignright\" src=\"https:\/\/fepale.org\/capacitacion\/wp-content\/uploads\/2020\/08\/Santiago-Jorc\u00edn-272x300.jpg\" alt=\"\" width=\"125\" height=\"138\" srcset=\"https:\/\/fepale.org\/capacitacion\/wp-content\/uploads\/2020\/08\/Santiago-Jorc\u00edn-272x300.jpg 272w, https:\/\/fepale.org\/capacitacion\/wp-content\/uploads\/2020\/08\/Santiago-Jorc\u00edn-600x662.jpg 600w, https:\/\/fepale.org\/capacitacion\/wp-content\/uploads\/2020\/08\/Santiago-Jorc\u00edn-928x1024.jpg 928w, https:\/\/fepale.org\/capacitacion\/wp-content\/uploads\/2020\/08\/Santiago-Jorc\u00edn-768x847.jpg 768w, https:\/\/fepale.org\/capacitacion\/wp-content\/uploads\/2020\/08\/Santiago-Jorc\u00edn-1392x1536.jpg 1392w, https:\/\/fepale.org\/capacitacion\/wp-content\/uploads\/2020\/08\/Santiago-Jorc\u00edn-1080x1191.jpg 1080w, https:\/\/fepale.org\/capacitacion\/wp-content\/uploads\/2020\/08\/Santiago-Jorc\u00edn.jpg 1707w\" sizes=\"auto, (max-width: 125px) 100vw, 125px\" \/><\/p>\n<p><strong>Santiago Jorcin, Ing. Alim<\/strong>.<br \/>\n12 a\u00f1os de experiencia docente, en tem\u00e1ticas de qu\u00edmica de alimentos, en particular de productos l\u00e1cteos.<br \/>\nProfesor Adjunto, \u00e1rea Ciencia, Tecnolog\u00eda y Procesamiento de L\u00e1cteos.<br \/>\nLicenciatura en Ciencia y Tecnolog\u00eda de L\u00e1cteos, Universidad Tecnol\u00f3gica (UTEC).<br \/>\nProfesor asistente, \u00c1rea Tecnolog\u00eda de Alimentos, Departamento de Ciencia y Tecnolog\u00eda de Alimentos, Facultad de Qu\u00edmica, Universidad de la Rep\u00fablica.<br \/>\nTrabajos como consultor de industria alimentaria con especificidad en desarrollo de productos.<\/p>\n<p><img loading=\"lazy\" decoding=\"async\" class=\" wp-image-3364 alignright\" src=\"https:\/\/fepale.org\/capacitacion\/wp-content\/uploads\/2020\/08\/Tom\u00e1s-L\u00f3pez-280x300.jpg\" alt=\"\" width=\"131\" height=\"140\" srcset=\"https:\/\/fepale.org\/capacitacion\/wp-content\/uploads\/2020\/08\/Tom\u00e1s-L\u00f3pez-280x300.jpg 280w, https:\/\/fepale.org\/capacitacion\/wp-content\/uploads\/2020\/08\/Tom\u00e1s-L\u00f3pez-600x643.jpg 600w, https:\/\/fepale.org\/capacitacion\/wp-content\/uploads\/2020\/08\/Tom\u00e1s-L\u00f3pez-955x1024.jpg 955w, https:\/\/fepale.org\/capacitacion\/wp-content\/uploads\/2020\/08\/Tom\u00e1s-L\u00f3pez-768x824.jpg 768w, https:\/\/fepale.org\/capacitacion\/wp-content\/uploads\/2020\/08\/Tom\u00e1s-L\u00f3pez-1432x1536.jpg 1432w, https:\/\/fepale.org\/capacitacion\/wp-content\/uploads\/2020\/08\/Tom\u00e1s-L\u00f3pez-1910x2048.jpg 1910w, https:\/\/fepale.org\/capacitacion\/wp-content\/uploads\/2020\/08\/Tom\u00e1s-L\u00f3pez-1080x1158.jpg 1080w\" sizes=\"auto, (max-width: 131px) 100vw, 131px\" \/><\/p>\n<p><strong>Tom\u00e1s L\u00f3pez-Pedemonte, Q.F., Dr. en Ciencia y Tecnolog\u00eda de Alimentos<\/strong>.<br \/>\n20 de a\u00f1os de experiencia docente.<br \/>\nProfesor Senior, \u00e1rea Ciencia, Tecnolog\u00eda y Procesamiento de L\u00e1cteos.<br \/>\nCoordinador, Licenciatura en Ciencia y Tecnolog\u00eda de L\u00e1cteos, Universidad Tecnol\u00f3gica (UTEC).<br \/>\nProfesor Agregado, \u00c1rea Tecnolog\u00eda de Alimentos, Departamento de Ciencia y Tecnolog\u00eda de Alimentos, Facultad de Qu\u00edmica, Universidad de la Rep\u00fablica.<\/p>\n<h4>MODALIDAD:<\/h4>\n<p><strong>On-line:<\/strong>\u00a0el curso se realizar\u00e1 en modalidad E-learning.<br \/>\n<strong>Aula virtual:<\/strong>\u00a0Se trabajar\u00e1 en una plataforma Web especialmente dise\u00f1ada para el curso (aula y plataforma virtual), donde se podr\u00e1 acceder a los documentos, videos, link de inter\u00e9s y se facilitar\u00e1 la interacci\u00f3n con los docentes y el resto de los participantes al curso.<br \/>\n<strong>Foro:<\/strong>\u00a0Se desarrollar\u00e1 un foro en la plataforma para fomentar el contacto entre los participantes y los docentes, habilitado para consultas de los participantes y para que los docentes dejen consignas para trabajar y debatir en conjunto.<br \/>\n<strong>Docentes:<\/strong>\u00a0Los docentes estar\u00e1n disponibles para responder dudas y consultas de los participantes y para ampliar contenidos de inter\u00e9s de los participantes.<br \/>\n<strong>Horarios:<\/strong>\u00a0El curso es en modalidad asincr\u00f3nica, el participante puede acceder en los horarios que mejor le convenga, siempre respetando la cronolog\u00eda del curso.<br \/>\n<strong>Evaluaciones:<\/strong>\u00a0En el curso se har\u00e1 una evaluaci\u00f3n final obligatoria para la aprobaci\u00f3n del mismo.<br \/>\n<strong>Dedicaci\u00f3n:<\/strong>\u00a0Cada participante deber\u00e1 destinar un m\u00e1ximo de 6 horas de trabajo por semana de curso y el curso est\u00e1 conformado de un programa de\u00a0 6 semanas.<\/p>\n<h4>CERTIFICACI\u00d3N:<\/h4>\n<p>Aquel participante que apruebe las instancias de evaluaci\u00f3n de las distintas unidades recibir\u00e1:<\/p>\n<ul>\n<li>Certificado de Participaci\u00f3n y Aprobaci\u00f3n.<\/li>\n<li>El certificado del curso es emitido por el Instituto Panamericano de Capacitaci\u00f3n para el Sector L\u00e1cteo de FEPALE y por la UTEC.<\/li>\n<\/ul>\n<h4>Costos:<\/h4>\n<p>Costo del Curso USD 220<\/p>\n<p>Costo Socios de FEPALE USD 180<\/p>\n<h3 style=\"text-align: center\"><a href=\"https:\/\/forms.gle\/ei5cZa8pxnc3eBEC7\" target=\"_blank\" rel=\"noopener noreferrer\"><strong>FORMULARIO DE INSCRIPCI\u00d3N AQU\u00cd<\/strong><\/a><\/h3>\n<p style=\"text-align: right\"><strong>POR CONSULTAS:<\/strong><br \/>\n<strong>Elena Sierra \u2013 \u00c1rea de Capacitaci\u00f3n \u2013 FEPALE<\/strong><br \/>\n<strong>infocapacita@fepale.org\/www.fepale.org<\/strong><\/p>\n","protected":false},"excerpt":{"rendered":"<p>El Instituto de Capacitaci\u00f3n para el Sector L\u00e1cteo de FEPALE junto a la Universidad Tecnol\u00f3gica UTEC (Uruguay) convocan e invitan a participar del Curso Internacional a Distancia sobre Tecnolog\u00eda de Elaboraci\u00f3n de Helados.<\/p>\n<p>Inicio 16 de mayo 2022<\/p>\n<p>Organizan:<\/p>\n<p><img loading=\"lazy\" decoding=\"async\" class=\"alignnone size-medium wp-image-3781\" src=\"https:\/\/fepale.org\/capacitacion\/wp-content\/uploads\/2021\/03\/logosfeputec-300x54.jpg\" alt=\"\" width=\"300\" height=\"54\" srcset=\"https:\/\/fepale.org\/capacitacion\/wp-content\/uploads\/2021\/03\/logosfeputec-300x54.jpg 300w, https:\/\/fepale.org\/capacitacion\/wp-content\/uploads\/2021\/03\/logosfeputec-600x107.jpg 600w, https:\/\/fepale.org\/capacitacion\/wp-content\/uploads\/2021\/03\/logosfeputec-1024x183.jpg 1024w, https:\/\/fepale.org\/capacitacion\/wp-content\/uploads\/2021\/03\/logosfeputec-768x138.jpg 768w, https:\/\/fepale.org\/capacitacion\/wp-content\/uploads\/2021\/03\/logosfeputec-1080x193.jpg 1080w, https:\/\/fepale.org\/capacitacion\/wp-content\/uploads\/2021\/03\/logosfeputec.jpg 1396w\" sizes=\"auto, (max-width: 300px) 100vw, 300px\" \/><\/p>\n","protected":false},"featured_media":3993,"template":"","meta":[],"pwb-brand":[],"product_brand":[],"product_cat":[99],"product_tag":[],"class_list":{"0":"post-3992","1":"product","2":"type-product","3":"status-publish","4":"has-post-thumbnail","6":"product_cat-99","8":"first","9":"instock","10":"shipping-taxable","11":"product-type-simple"},"brands":[],"_links":{"self":[{"href":"https:\/\/fepale.org\/capacitacion\/wp-json\/wp\/v2\/product\/3992","targetHints":{"allow":["GET"]}}],"collection":[{"href":"https:\/\/fepale.org\/capacitacion\/wp-json\/wp\/v2\/product"}],"about":[{"href":"https:\/\/fepale.org\/capacitacion\/wp-json\/wp\/v2\/types\/product"}],"wp:featuredmedia":[{"embeddable":true,"href":"https:\/\/fepale.org\/capacitacion\/wp-json\/wp\/v2\/media\/3993"}],"wp:attachment":[{"href":"https:\/\/fepale.org\/capacitacion\/wp-json\/wp\/v2\/media?parent=3992"}],"wp:term":[{"taxonomy":"pwb-brand","embeddable":true,"href":"https:\/\/fepale.org\/capacitacion\/wp-json\/wp\/v2\/pwb-brand?post=3992"},{"taxonomy":"product_brand","embeddable":true,"href":"https:\/\/fepale.org\/capacitacion\/wp-json\/wp\/v2\/product_brand?post=3992"},{"taxonomy":"product_cat","embeddable":true,"href":"https:\/\/fepale.org\/capacitacion\/wp-json\/wp\/v2\/product_cat?post=3992"},{"taxonomy":"product_tag","embeddable":true,"href":"https:\/\/fepale.org\/capacitacion\/wp-json\/wp\/v2\/product_tag?post=3992"}],"curies":[{"name":"wp","href":"https:\/\/api.w.org\/{rel}","templated":true}]}}