{"id":3685,"date":"2021-02-19T08:36:36","date_gmt":"2021-02-19T11:36:36","guid":{"rendered":"https:\/\/fepale.org\/capacitacion\/?post_type=product&#038;p=3685"},"modified":"2022-04-06T12:56:53","modified_gmt":"2022-04-06T15:56:53","slug":"como-saber-si-al-consumidor-le-gustan-mis-productos-aplicando-investigacion-cuantitativa","status":"publish","type":"product","link":"https:\/\/fepale.org\/capacitacion\/producto\/como-saber-si-al-consumidor-le-gustan-mis-productos-aplicando-investigacion-cuantitativa\/","title":{"rendered":"C\u00f3mo saber si al consumidor le gustan mis productos \u2013 Aplicando investigaci\u00f3n cuantitativa"},"content":{"rendered":"<h4><strong>PRESENTACI\u00d3N:<\/strong><\/h4>\n<p>En la actualidad la ciencia ha desarrollado instrumentos de medici\u00f3n muy precisos, que permiten que cada producto alcance un \u00f3ptimo nivel de calidad. Sin embargo, el desarrollo de un nuevo producto y su lanzamiento al mercado se convierte en un peligroso juego de azar que puede redundar en p\u00e9rdidas econ\u00f3micas muy significativas para la industria. Teniendo en cuenta que el consumidor es quien finalmente juzga y decide, es posible evitar ese riesgo.<\/p>\n<p>El objetivo del curso es dar a conocer los recursos con los que cuenta el an\u00e1lisis sensorial para analizar aceptaci\u00f3n, preferencia, adecuaci\u00f3n de atributos y percepciones sobre caracter\u00edsticas sensoriales del consumidor y ense\u00f1ar las t\u00e9cnicas cuantitavas m\u00e1s utilizadas en el desarrollo de productos y servicios.<\/p>\n<p>Este curso brinda a Gerentes, Jefes o Encargados de Producci\u00f3n, Mantenimiento, Calidad y Profesionales que se desempe\u00f1an en las \u00e1reas de Investigaci\u00f3n y Desarrollo y de Marketing una oportunidad de tener una visi\u00f3n global y a la vez pr\u00e1ctica, de las actuales metodolog\u00edas de investigaci\u00f3n cuantitativa y sus aplicaciones en la industria l\u00e1ctea.<\/p>\n<h4><strong>OBJETIVOS:<\/strong><\/h4>\n<p>Conocer metodolog\u00edas cuantitativas que ayuden a entender la aceptaci\u00f3n de los consumidores por productos l\u00e1cteos.<\/p>\n<p>Profundizar en conceptos que ayudan a los consumidores a tomar decisiones en la compra de productos alimenticios.<\/p>\n<p>Comprender el proceso de investigaci\u00f3n cuantitativa, permitiendo a las empresas entender y usar dichas herramientas conociendo sus alcances y limitaciones para poder aplicarlas efectivamente.<\/p>\n<h4><strong>CONTENIDOS:<\/strong><\/h4>\n<p><strong>M\u00f3dulo 1:<\/strong><\/p>\n<p>La investigaci\u00f3n cuantitativa en el marco del desarrollo de productos. Introducci\u00f3n al an\u00e1lisis sensorial.<\/p>\n<p><strong>M\u00f3dulo 2:<\/strong><\/p>\n<p>Dise\u00f1o de un estudio con consumidores. Selecci\u00f3n de los consumidores. Dise\u00f1o del cuestionario. Caracterizaci\u00f3n de los consumidores.<\/p>\n<p><strong>M\u00f3dulo 3:<\/strong><\/p>\n<p>Cuantificaci\u00f3n de la respuesta afectiva. Preferencia vs Aceptabilidad. Pruebas afectivas. Elecci\u00f3n de escalas de medici\u00f3n. Escalas hed\u00f3nicas. Escalas afectivas de magnitud. Otros tipos de escalas. An\u00e1lisis de datos.<\/p>\n<p><strong>M\u00f3dulo 4:<\/strong><\/p>\n<p>Preguntas \u201cmarque-todo-lo-que-corresponda\u201d (CATA). Descripci\u00f3n. Implementaci\u00f3n del estudio. Selecci\u00f3n de los atributos. An\u00e1lisis de datos.<\/p>\n<p><strong>M\u00f3dulo 5:<\/strong><\/p>\n<p>Escalas JAR (just-about-right). Descripci\u00f3n. Construcci\u00f3n de las escalas. Selecci\u00f3n de atributos y anclas verbales. Dise\u00f1o del cuestionario. An\u00e1lisis de datos.<\/p>\n<p><strong>M\u00f3dulo 6:<\/strong><\/p>\n<p>Ejemplos de estudios cuantitativos. Discusi\u00f3n de su aplicabilidad.<\/p>\n<p><strong>Evaluaci\u00f3n final.<\/strong><\/p>\n<h4>MODALIDAD:<\/h4>\n<p>Se propone una clase semanal grabada de 1 hora de duraci\u00f3n. Se incluir\u00e1 junto con cada clase material de lectura y ejercicios que los alumnos deber\u00e1n ejecutar durante la semana y discutir con los docentes en el foro.<\/p>\n<p><strong>On-line:<\/strong>\u00a0el curso se realizar\u00e1 en modalidad E-learning.<\/p>\n<p><strong>Aula virtual:<\/strong> Se trabajar\u00e1 en una plataforma Web especialmente dise\u00f1ada para el curso (aula y plataforma virtual), donde se podr\u00e1 acceder a los documentos, videos, link de inter\u00e9s y se facilitar\u00e1 la interacci\u00f3n con la docente y el resto de los participantes al curso.<\/p>\n<p><strong>Foro:<\/strong> Se desarrollar\u00e1 un foro en la plataforma para fomentar el contacto entre los participantes y la docente, habilitado para consultas de los participantes y para que la docente deje trabajos para desarrollar durante cada semana.<\/p>\n<p><strong>Docente:<\/strong> La docente estar\u00e1 disponible para responder dudas y consultas de los participantes y para ampliar contenidos de inter\u00e9s de los participantes.<\/p>\n<p><strong>Horarios:<\/strong>\u00a0El curso es en modalidad asincr\u00f3nica, el participante puede acceder en los horarios que mejor le convenga, siempre respetando la cronolog\u00eda del curso.<\/p>\n<p><strong>Evaluaciones:<\/strong>\u00a0En el curso se har\u00e1 una evaluaci\u00f3n final obligatoria para la aprobaci\u00f3n del mismo.<\/p>\n<p><strong>Dedicaci\u00f3n:<\/strong> Cada participante deber\u00e1 destinar un m\u00e1ximo de 6 horas de trabajo por semana de curso y el curso est\u00e1 conformado de un programa de 6 semanas.<\/p>\n<h4>DOCENTE:<\/h4>\n<p><strong>ADRIANA G\u00c1MBARO. <\/strong><\/p>\n<p>Doctora en Qu\u00edmica. Especialista en An\u00e1lisis Sensorial. Profesora Titular y Directora del Departamento de Alimentos y del \u00c1rea de Evaluaci\u00f3n Sensorial de la Facultad de Qu\u00edmica de la\u00a0 Universidad de la Rep\u00fablica (Uruguay). Con m\u00e1s de 25 a\u00f1os de experiencia en docencia, direcci\u00f3n de proyectos de investigaci\u00f3n y asesoramiento a la industria alimenticia.<\/p>\n<h4>CERTIFICACI\u00d3N:<\/h4>\n<p>Aquel participante que apruebe las instancias de evaluaci\u00f3n de los distintos M\u00f3dulos recibir\u00e1:<br \/>\n\u2013 Certificado de Participaci\u00f3n y Aprobaci\u00f3n<br \/>\n\u2013 El certificado del curso es emitido por el Instituto Panamericano de Capacitaci\u00f3n para el Sector L\u00e1cteo de FEPALE.<\/p>\n<h4>COSTO:<\/h4>\n<p>El costo del curso es de\u00a0<strong>USD 180<\/strong><\/p>\n<p>Socios de FEPALE<strong>\u00a020% de DESCUENTO.<\/strong><\/p>\n<p>&nbsp;<\/p>\n<p style=\"text-align: center\"><a href=\"https:\/\/forms.gle\/8f3WhhRDUSRXYBPN7\" target=\"_blank\" rel=\"noopener\"><strong>FORMULARIO DE INSCRIPCI\u00d3N AQU\u00cd<\/strong><\/a><\/p>\n<p>&nbsp;<\/p>\n","protected":false},"excerpt":{"rendered":"<p><strong>Inicio 9 de agosto 2021\u00a0<\/strong><\/p>\n<p>El Instituto de Capacitaci\u00f3n para el Sector L\u00e1cteo de FEPALE, convoca e invita a participar en el Curso Internacional a Distancia C\u00f3mo saber si al consumidor le gustan mis productos \u2013 Aplicando investigaci\u00f3n cuantitativa<\/p>\n<p><strong>Organiza:<\/strong><\/p>\n<p><img loading=\"lazy\" decoding=\"async\" class=\" wp-image-3567\" src=\"https:\/\/fepale.org\/capacitacion\/wp-content\/uploads\/2020\/12\/FEPALE_Marca-2016_A-01-300x168.jpg\" alt=\"\" width=\"168\" height=\"94\" srcset=\"https:\/\/fepale.org\/capacitacion\/wp-content\/uploads\/2020\/12\/FEPALE_Marca-2016_A-01-300x168.jpg 300w, https:\/\/fepale.org\/capacitacion\/wp-content\/uploads\/2020\/12\/FEPALE_Marca-2016_A-01-215x120.jpg 215w, https:\/\/fepale.org\/capacitacion\/wp-content\/uploads\/2020\/12\/FEPALE_Marca-2016_A-01.jpg 328w\" sizes=\"auto, (max-width: 168px) 100vw, 168px\" \/><\/p>\n","protected":false},"featured_media":3687,"template":"","meta":[],"pwb-brand":[],"product_brand":[],"product_cat":[98],"product_tag":[],"class_list":{"0":"post-3685","1":"product","2":"type-product","3":"status-publish","4":"has-post-thumbnail","6":"product_cat-98","8":"first","9":"instock","10":"shipping-taxable","11":"product-type-simple"},"brands":[],"_links":{"self":[{"href":"https:\/\/fepale.org\/capacitacion\/wp-json\/wp\/v2\/product\/3685","targetHints":{"allow":["GET"]}}],"collection":[{"href":"https:\/\/fepale.org\/capacitacion\/wp-json\/wp\/v2\/product"}],"about":[{"href":"https:\/\/fepale.org\/capacitacion\/wp-json\/wp\/v2\/types\/product"}],"wp:featuredmedia":[{"embeddable":true,"href":"https:\/\/fepale.org\/capacitacion\/wp-json\/wp\/v2\/media\/3687"}],"wp:attachment":[{"href":"https:\/\/fepale.org\/capacitacion\/wp-json\/wp\/v2\/media?parent=3685"}],"wp:term":[{"taxonomy":"pwb-brand","embeddable":true,"href":"https:\/\/fepale.org\/capacitacion\/wp-json\/wp\/v2\/pwb-brand?post=3685"},{"taxonomy":"product_brand","embeddable":true,"href":"https:\/\/fepale.org\/capacitacion\/wp-json\/wp\/v2\/product_brand?post=3685"},{"taxonomy":"product_cat","embeddable":true,"href":"https:\/\/fepale.org\/capacitacion\/wp-json\/wp\/v2\/product_cat?post=3685"},{"taxonomy":"product_tag","embeddable":true,"href":"https:\/\/fepale.org\/capacitacion\/wp-json\/wp\/v2\/product_tag?post=3685"}],"curies":[{"name":"wp","href":"https:\/\/api.w.org\/{rel}","templated":true}]}}