{"id":3563,"date":"2020-12-11T10:29:22","date_gmt":"2020-12-11T13:29:22","guid":{"rendered":"https:\/\/fepale.org\/capacitacion\/?post_type=product&#038;p=3563"},"modified":"2022-04-06T12:57:02","modified_gmt":"2022-04-06T15:57:02","slug":"tu-negocio-en-la-era-de-la-transformacion-digital-aplicacion-para-el-sector-alimentario-inicio-12-de-abril-2021","status":"publish","type":"product","link":"https:\/\/fepale.org\/capacitacion\/producto\/tu-negocio-en-la-era-de-la-transformacion-digital-aplicacion-para-el-sector-alimentario-inicio-12-de-abril-2021\/","title":{"rendered":"Tu Negocio en la era de la transformaci\u00f3n digital. Aplicaci\u00f3n para el sector alimentario."},"content":{"rendered":"<h4><strong>OBJETIVO:<\/strong><\/h4>\n<p>Contribuir a la iniciaci\u00f3n de procesos de transformaci\u00f3n digital en Pymes, sensibilizando y aportando conceptualmente a trav\u00e9s de la identificaci\u00f3n de oportunidades de negocio y el conocimiento de herramientas tecnol\u00f3gicas, estrategias para integrar o mejorar la presencia de su negocio en el mundo de la venta online.<\/p>\n<div class=\"epyt-video-wrapper\"><iframe loading=\"lazy\"  style=\"display: block; margin: 0px auto;\"  id=\"_ytid_10767\"  width=\"1320\" height=\"743\"  data-origwidth=\"1320\" data-origheight=\"743\" src=\"https:\/\/www.youtube.com\/embed\/OpmNWKP9Pbc?enablejsapi=1&#038;autoplay=0&#038;cc_load_policy=0&#038;cc_lang_pref=&#038;iv_load_policy=3&#038;loop=0&#038;rel=0&#038;fs=1&#038;playsinline=0&#038;autohide=2&#038;theme=dark&#038;color=red&#038;controls=1&#038;disablekb=0&#038;\" class=\"__youtube_prefs__  epyt-is-override  no-lazyload\" title=\"YouTube player\"  allow=\"fullscreen; accelerometer; autoplay; clipboard-write; encrypted-media; gyroscope; picture-in-picture; web-share\" referrerpolicy=\"strict-origin-when-cross-origin\" allowfullscreen data-no-lazy=\"1\" data-skipgform_ajax_framebjll=\"\"><\/iframe><\/div>\n<h4>CONTENIDOS:<\/h4>\n<p><strong>M\u00d3DULO 1: LA TRANSFORMACI\u00d3N DIGITAL EN PYME<\/strong><\/p>\n<p><strong>(MODELO SBT)<\/strong><\/p>\n<p><strong>\u00a0<\/strong><strong>Carga horaria 15 horas. (2 semanas)<\/strong><\/p>\n<p><strong>\u00a0<\/strong><strong>Objetivos del m\u00f3dulo: <\/strong><\/p>\n<ul>\n<li>Comprender la importancia de las TIC y la transformaci\u00f3n digital para la sustentabilidad, el desarrollo escalable y din\u00e1mico de la empresa.<\/li>\n<li>Contar con elementos contextuales para valorar la pertinencia de la transformaci\u00f3n y los riesgos de no hacerlo frente a los cambios tecnol\u00f3gicos que se presentan en el sector<\/li>\n<li>Identificar la situaci\u00f3n actual y las necesidades de transformaci\u00f3n digital en la empresa.<\/li>\n<li>Diferenciar las necesidades tecnol\u00f3gicas de las necesidades de mejora de estructura, estrategia y proceso en la empresa.<\/li>\n<li>Contribuir a mejorar la productividad a trav\u00e9s de la creaci\u00f3n y el intercambio de contenidos digitales<\/li>\n<li>Promover la comunicaci\u00f3n y la colaboraci\u00f3n en la empresa.<\/li>\n<\/ul>\n<p><strong>Objetivos de aprendizaje:<\/strong><\/p>\n<ul>\n<li>Diagn\u00f3stico participativo sobre la situaci\u00f3n actual y las necesidades de las empresas<\/li>\n<li>Clasificaci\u00f3n de necesidades (tecnol\u00f3gicas, de estrategia, de proceso)<\/li>\n<li>Identificaci\u00f3n de soluciones, en conjunto con los participantes<\/li>\n<li>Planificaci\u00f3n de acciones de mejora a corto, mediano y largo plazo, enfatizando plan de aplicaci\u00f3n de soluciones tecnol\u00f3gicas.<\/li>\n<\/ul>\n<p><strong>Contenidos:<\/strong><\/p>\n<ul>\n<li>Presentaci\u00f3n del Modelo SBT (Smart Business Transformation)<\/li>\n<li>La Transformaci\u00f3n Digital y sus 4 Pilares Fundamentales\n<ul>\n<li>Estrategia<\/li>\n<li>Cultura<\/li>\n<li>Procesos<\/li>\n<li>Tecnolog\u00eda<\/li>\n<\/ul>\n<\/li>\n<li>Implementando la Transformaci\u00f3n Digital\n<ul>\n<li>Sensibilizaci\u00f3n<\/li>\n<li>Diagnostico\n<ul>\n<li>Revisi\u00f3n del Modelo de Negocio<\/li>\n<li>An\u00e1lisis Pilares de la TD (Estrategia, Cultura y Procesos)<\/li>\n<li>Revisi\u00f3n de usos y aplicaci\u00f3n de la tecnolog\u00eda<\/li>\n<\/ul>\n<\/li>\n<li>Plan de Acci\u00f3n\n<ul>\n<li>Gesti\u00f3n del Cambio<\/li>\n<li>Hoja de Ruta Digital<\/li>\n<\/ul>\n<\/li>\n<li>Crecimiento Sustentable\n<ul>\n<li>Desarrollo Corporativo<\/li>\n<li>TD sustentable<\/li>\n<li>Status digital<\/li>\n<\/ul>\n<\/li>\n<\/ul>\n<\/li>\n<\/ul>\n<p>&nbsp;<\/p>\n<p><strong>M\u00d3DULO 2: COMPETENCIAS DIGITALES PARA EL DESARROLLO DE LA ESTRATEGIA COMERCIAL. <\/strong><\/p>\n<p><strong>Carga horaria 15 horas. (2 semanas)<\/strong><\/p>\n<p><strong>Objetivo del m\u00f3dulo:<\/strong><\/p>\n<ul>\n<li>Contribuir a una visi\u00f3n \u00fanica en la empresa, identificando estrategias clave para el desarrollo del negocio en el marco de la transformaci\u00f3n digital, conocer algunas herramientas para poder desarrollar la presencia online y la difusi\u00f3n de la propuesta comercial utilizando estrategias de marketing digital.<\/li>\n<\/ul>\n<p><strong>Objetivo espec\u00edfico:<\/strong><\/p>\n<ul>\n<li>Optimizar el uso de competencias digitales espec\u00edficas<\/li>\n<li>Desarrollar y aplicar las competencias digitales espec\u00edficas con una finalidad de desarrollo de la estrategia comercial.<\/li>\n<\/ul>\n<p><strong>Objetivos de aprendizaje:<\/strong><\/p>\n<ul>\n<li>Contribuir a una visi\u00f3n \u00fanica de la empresa.<\/li>\n<li>Desarrollo de Competencias digitales para Marketing Digital<\/li>\n<li>Desarrollo de Competencias digitales para E-Commerce<\/li>\n<li>Desarrollo de Competencias digitales para Experiencia de Usuario<\/li>\n<li>Desarrollo de Competencias digitales para Gesti\u00f3n Digital<\/li>\n<\/ul>\n<p><strong>\u00a0<\/strong><strong>Contenidos:<\/strong><\/p>\n<ul>\n<li>Primeros pasos para lograr el \u00e9xito en el mundo online<\/li>\n<li>Visualizar los objetivos<\/li>\n<li>Desarrollo de una presencia online<\/li>\n<li>C\u00f3mo promocionar la presencia online<\/li>\n<li>Necesidad de analizar adaptarse y volver a comenzar<\/li>\n<li>Visualizar el beneficio de contar con una estrategia comercial online<\/li>\n<li>C\u00f3mo aumentar la presencia online si ya la tiene<\/li>\n<li>Los clientes del mundo digital<\/li>\n<li>Visualizar con claridad que lo diferencia de la competencia<\/li>\n<li>La importancia de utilizar metas para mejorar el rendimiento<\/li>\n<li>El comercio electr\u00f3nico<\/li>\n<li>P\u00e1gina web, \u00bfcu\u00e1ndo y para qu\u00e9?<\/li>\n<li>Vender online. El carrito de compras.<\/li>\n<li>Las redes sociales, \u00bfen cu\u00e1l? \u00bfcu\u00e1ndo? \u00bfpara qu\u00e9?<\/li>\n<li>Los Marketplace<\/li>\n<li>Medios de pago para vender online<\/li>\n<li>C\u00f3mo lograr que encuentren mi negocio en internet.\n<ul>\n<li>Los buscadores, la necesidad de ser encontrado<\/li>\n<li>Google Business<\/li>\n<li>Marketing de contenido<\/li>\n<li>Marketing en redes sociales<\/li>\n<li>El email marketing<\/li>\n<\/ul>\n<\/li>\n<\/ul>\n<p>&nbsp;<\/p>\n<p><strong>M\u00d3DULO 3: TALLER, APLICACI\u00d3N EN EL SECTOR L\u00c1CTEO<\/strong><\/p>\n<p><strong>Carga horaria: 6 horas (1 semana)<\/strong><\/p>\n<p><strong>Objetivo general del m\u00f3dulo:<\/strong><\/p>\n<ul>\n<li>Contribuir con una mirada pr\u00e1ctica en la bajada a tierra de todos los conceptos aplicados en el curso en las semanas anteriores.<\/li>\n<\/ul>\n<p><strong>Objetivo espec\u00edfico:<\/strong><\/p>\n<ul>\n<li>Utilizar las nuevas habilidades adquiridas para llevar a la pr\u00e1ctica en un caso concreto.<\/li>\n<\/ul>\n<p><strong>Organizaci\u00f3n del m\u00f3dulo\u200b: \u200b<\/strong><\/p>\n<p>Instancia de taller donde se plantean casos de \u00e9xito.<\/p>\n<p>Resoluci\u00f3n de un caso de uso.<\/p>\n<p><strong>Contenido\u200b: \u200b<\/strong><\/p>\n<ul>\n<li>Aplicaci\u00f3n en el sector l\u00e1cteo de la transformaci\u00f3n digital\n<ul>\n<li>Webinar con casos de \u00e9xito<\/li>\n<li>Trabajo aplicando un caso de uso (se tomar\u00e1 un caso de uno de los participantes y tomando como punto de partida Objetivos y beneficios esperados, se propondr\u00e1 armar la Hoja de ruta digital.<\/li>\n<\/ul>\n<\/li>\n<\/ul>\n<p><strong>Devoluci\u00f3n y Cierre.<\/strong><\/p>\n<h4>DOCENTES:<\/h4>\n<p><b>Alexis Barbitta<br \/>\nDIGITAL TRANSFORMATION LEADER<br \/>\nSENIOR IT MANAGER<\/b><\/p>\n<p>+25 a\u00f1os de experiencia en la gesti\u00f3n de TI en empresas internacionales.<br \/>\nL\u00edder en estrategia de digitalizaci\u00f3n para mejorar las operaciones, procesos y oportunidades de los<br \/>\nnegocios. Autor de la metodolog\u00eda SBT Smart Business Transformation.<br \/>\nMuy buena experiencia en tecnolog\u00edas emergentes como<br \/>\nComputaci\u00f3n en la Nube, Inteligencia Artificial, Big Data y An\u00e1lisis de Datos, y Aplicaciones<br \/>\nM\u00f3viles.<br \/>\nAmplio conocimiento del negocio en los siguientes sectores: Agro y Forestal, Pulpa y Celulosa, Log\u00edstica, Telecomunicaciones, Servicios<br \/>\nProfesionales, Energ\u00eda (Electricidad, Gas), Agua, Sector Publico, Servicios Financieros-<\/p>\n<p><b>Roberto Sierra<br \/>\nCOUCH IT &#8211; PROJECT IT MANAGER<br \/>\nESPECIALIZADO EN E-LEARNING<\/b><\/p>\n<p>+35 a\u00f1os de experiencia en TI y como docente y facilitador en la incorporaci\u00f3n de herramientas digitales. Especializado en Educaci\u00f3n a Distancia, Marketing Digital, es parte del equipo de Coordinaci\u00f3n de EAD y del \u00e1rea de Transformaci\u00f3n Digital de El Abrojo.<\/p>\n<p>Ha realizado tareas de Consultor\u00eda y docencia, en proyectos del BID: Proyecto Cite Virtual ICT4BUS ejecutado por el Latu, Proyecto Plan Senda ejecutado por el IICA y el Mercado Modelo y Apoyado por MIF, IICA, BID\/FOMIN, IDRC \u2013 CRDI y ejecutado la implementaci\u00f3n en m\u00faltiples plataformas web, para el Ministerio de Turismo y Deporte, IICA Uruguay y Brasil, LACAYMCA, ONG El Abrojo, Sociedad de Reumatolog\u00eda, Sociedad de Neurolog\u00eda, Instituto de Neurolog\u00eda, Amnist\u00eda Internacional entre otros.<\/p>\n<h4><strong>\u00a0<\/strong>MODALIDAD:<\/h4>\n<p><strong>On-line:<\/strong>\u00a0el curso se realizar\u00e1 en modalidad E-learning.<\/p>\n<p><strong>Aula virtual:<\/strong> Se trabajar\u00e1 en una plataforma Web especialmente dise\u00f1ada para el curso (aula y plataforma virtual),\u00a0 se realizar\u00e1 una actividad semanal en plataforma zoom donde los participantes recibir\u00e1n la clase por parte de los docentes, generando espacios de interacci\u00f3n y consultas. Las conferencias ser\u00e1n grabadas para poder acceder en la plataforma web y tambi\u00e9n se brindar\u00e1 material complementario.<\/p>\n<p><strong>Foro:<\/strong> Se desarrollar\u00e1 un foro en la plataforma para fomentar el contacto entre los participantes y los docentes, habilitado para consultas de los participantes y para que los docentes dejen consignas para trabajar y debatir en conjunto.<\/p>\n<p><strong>Docentes:<\/strong>\u00a0Los docentes estar\u00e1n disponibles para responder dudas y consultas de los participantes y para ampliar contenidos de inter\u00e9s de los participantes.<\/p>\n<p><strong>Horarios:<\/strong> El curso es en modalidad sincr\u00f3nica-asincr\u00f3nica.<\/p>\n<p><strong>Evaluaciones:<\/strong>\u00a0En el curso se har\u00e1 una evaluaci\u00f3n final obligatoria para la aprobaci\u00f3n del mismo.<\/p>\n<p><strong>Dedicaci\u00f3n:<\/strong> Cada participante deber\u00e1 destinar un m\u00e1ximo de 6 horas de trabajo por semana de curso.<\/p>\n<h4>CERTIFICACI\u00d3N:<\/h4>\n<p>Aquel participante que apruebe las instancias de evaluaci\u00f3n de las distintas unidades recibir\u00e1:<\/p>\n<ul>\n<li>Certificado de Participaci\u00f3n y Aprobaci\u00f3n.<\/li>\n<li>Constancia de Programa cumplido en el curso.<\/li>\n<li>El certificado del curso es emitido por el Instituto Panamericano de Capacitaci\u00f3n para el Sector L\u00e1cteo de FEPALE junto con la ONG El Abrojo.<\/li>\n<\/ul>\n<h4>COSTO:<\/h4>\n<p>El costo del curso es de\u00a0<strong>USD 200.<\/strong><\/p>\n<p>Socios de FEPALE<strong>\u00a020% de DESCUENTO.<\/strong><\/p>\n<p>&nbsp;<\/p>\n<h2 style=\"text-align: center\"><a href=\"https:\/\/forms.gle\/LCRdo2r2aJKWHVS7A\" target=\"_blank\" rel=\"noopener noreferrer\"><strong>FORMULARIO DE INSCRIPCI\u00d3N AQU\u00cd<\/strong><\/a><\/h2>\n","protected":false},"excerpt":{"rendered":"<p><strong>Inicio 12 de Abril 2021<\/strong><\/p>\n<p>El Instituto de Capacitaci\u00f3n para el Sector L\u00e1cteo de FEPALE y la ONG EL ABROJO, convocan e invitan a participar en el Curso Internacional a Distancia Tu Negocio en la era de la transformaci\u00f3n digital. Aplicaci\u00f3n para el sector alimentario.<\/p>\n<p><strong>Organizan:<\/strong><\/p>\n<p><img loading=\"lazy\" decoding=\"async\" class=\"alignnone wp-image-3564\" src=\"https:\/\/fepale.org\/capacitacion\/wp-content\/uploads\/2020\/12\/logos-unidos-300x107.jpg\" alt=\"\" width=\"247\" height=\"88\" srcset=\"https:\/\/fepale.org\/capacitacion\/wp-content\/uploads\/2020\/12\/logos-unidos-300x107.jpg 300w, https:\/\/fepale.org\/capacitacion\/wp-content\/uploads\/2020\/12\/logos-unidos.jpg 355w\" sizes=\"auto, (max-width: 247px) 100vw, 247px\" \/><\/p>\n","protected":false},"featured_media":3565,"template":"","meta":[],"pwb-brand":[],"product_brand":[],"product_cat":[89],"product_tag":[],"class_list":{"0":"post-3563","1":"product","2":"type-product","3":"status-publish","4":"has-post-thumbnail","6":"product_cat-sin-categoria","8":"first","9":"instock","10":"shipping-taxable","11":"product-type-simple"},"brands":[],"_links":{"self":[{"href":"https:\/\/fepale.org\/capacitacion\/wp-json\/wp\/v2\/product\/3563","targetHints":{"allow":["GET"]}}],"collection":[{"href":"https:\/\/fepale.org\/capacitacion\/wp-json\/wp\/v2\/product"}],"about":[{"href":"https:\/\/fepale.org\/capacitacion\/wp-json\/wp\/v2\/types\/product"}],"wp:featuredmedia":[{"embeddable":true,"href":"https:\/\/fepale.org\/capacitacion\/wp-json\/wp\/v2\/media\/3565"}],"wp:attachment":[{"href":"https:\/\/fepale.org\/capacitacion\/wp-json\/wp\/v2\/media?parent=3563"}],"wp:term":[{"taxonomy":"pwb-brand","embeddable":true,"href":"https:\/\/fepale.org\/capacitacion\/wp-json\/wp\/v2\/pwb-brand?post=3563"},{"taxonomy":"product_brand","embeddable":true,"href":"https:\/\/fepale.org\/capacitacion\/wp-json\/wp\/v2\/product_brand?post=3563"},{"taxonomy":"product_cat","embeddable":true,"href":"https:\/\/fepale.org\/capacitacion\/wp-json\/wp\/v2\/product_cat?post=3563"},{"taxonomy":"product_tag","embeddable":true,"href":"https:\/\/fepale.org\/capacitacion\/wp-json\/wp\/v2\/product_tag?post=3563"}],"curies":[{"name":"wp","href":"https:\/\/api.w.org\/{rel}","templated":true}]}}