{"id":3552,"date":"2020-12-04T10:04:44","date_gmt":"2020-12-04T13:04:44","guid":{"rendered":"https:\/\/fepale.org\/capacitacion\/?post_type=product&#038;p=3552"},"modified":"2022-04-06T12:57:29","modified_gmt":"2022-04-06T15:57:29","slug":"tecnico-en-haccp-modalidad-a-distancia-inicio-15-de-marzo-2021","status":"publish","type":"product","link":"https:\/\/fepale.org\/capacitacion\/producto\/tecnico-en-haccp-modalidad-a-distancia-inicio-15-de-marzo-2021\/","title":{"rendered":"T\u00e9cnico en HACCP (Modalidad a distancia)"},"content":{"rendered":"<h4>T\u00c9CNICO EN HACCP \u00a0(Modalidad totalmente A DISTANCIA)<\/h4>\n<h4>ORGANIZAN:<\/h4>\n<p><img loading=\"lazy\" decoding=\"async\" class=\"alignnone size-medium wp-image-3555\" src=\"https:\/\/fepale.org\/capacitacion\/wp-content\/uploads\/2020\/12\/fepalequality-300x97.jpg\" alt=\"\" width=\"300\" height=\"97\" srcset=\"https:\/\/fepale.org\/capacitacion\/wp-content\/uploads\/2020\/12\/fepalequality-300x97.jpg 300w, https:\/\/fepale.org\/capacitacion\/wp-content\/uploads\/2020\/12\/fepalequality-559x181.jpg 559w, https:\/\/fepale.org\/capacitacion\/wp-content\/uploads\/2020\/12\/fepalequality.jpg 562w\" sizes=\"auto, (max-width: 300px) 100vw, 300px\" \/><\/p>\n<p>La capacitaci\u00f3n implica trabajos pr\u00e1cticos seg\u00fan las principales tem\u00e1ticas propuestas y de acuerdo a la metodolog\u00eda de la International HACCP Alliance.<\/p>\n<p><strong>Incluye Acreditaci\u00f3n de International HACCP Alliance de E.E. U.U.<\/strong><\/p>\n<p><img loading=\"lazy\" decoding=\"async\" class=\"alignnone wp-image-3554\" src=\"https:\/\/fepale.org\/capacitacion\/wp-content\/uploads\/2020\/12\/logo2-300x89.jpg\" alt=\"\" width=\"340\" height=\"101\" srcset=\"https:\/\/fepale.org\/capacitacion\/wp-content\/uploads\/2020\/12\/logo2-300x89.jpg 300w, https:\/\/fepale.org\/capacitacion\/wp-content\/uploads\/2020\/12\/logo2.jpg 387w\" sizes=\"auto, (max-width: 340px) 100vw, 340px\" \/><\/p>\n<h4>DIRIGIDO A:<\/h4>\n<ul>\n<li>Gerentes y Jefes de Producci\u00f3n y Calidad e Inocuidad. Consultores y asesores de la industria alimentaria.<\/li>\n<li>Jefes de Plantas procesadoras y Mandos medios de Producci\u00f3n.<\/li>\n<li>Profesionales de Aseguramiento y Control de la Calidad e Inocuidad de alimentos. Profesionales y T\u00e9cnicos de organismos bromatol\u00f3gicos y Entidades reguladoras de alimentos.<\/li>\n<li>Profesionales y estudiantes universitarios de la industria alimentaria. Personal relacionado con el servicio gastron\u00f3mico.<\/li>\n<li>Estudiantes de las Carreras de Veterinaria, Ingenier\u00eda de alimentos, Ingenier\u00eda Qu\u00edmica, etc.<\/li>\n<\/ul>\n<p>&nbsp;<\/p>\n<p>Los participantes quedan registrados en la n\u00f3mina de la International HACCP Alliance, como capacitados seg\u00fan sus lineamientos y metodolog\u00eda, lo que constituye un innegable plus en su CV. La acreditaci\u00f3n ante la Alianza internacional tiene VALIDEZ MUNDIAL y es certificada con la emisi\u00f3n del sello dorado en los respectivos diplomas de aprobaci\u00f3n<\/p>\n<p>La capacitaci\u00f3n implica trabajos pr\u00e1cticos seg\u00fan las principales tem\u00e1ticas propuestas y de acuerdo con la metodolog\u00eda de la International HACCP Alliance<\/p>\n<p><strong>PARA TODA LA INDUSTRIA ALIMENTARIA EN CUALQUIERA DE LAS DISTINTAS ETAPAS DE LA CADENA PRODUCTIVA<\/strong><\/p>\n<p><img loading=\"lazy\" decoding=\"async\" class=\"size-full wp-image-3553 aligncenter\" src=\"https:\/\/fepale.org\/capacitacion\/wp-content\/uploads\/2020\/12\/logo1.jpg\" alt=\"\" width=\"120\" height=\"123\" \/><\/p>\n<p>Se puede ver la lista de los profesionales de toda Am\u00e9rica Latina capacitados por Quality International (m\u00e1s de 2000) y registrados ante la International HACCP Alliance, as\u00ed como la opini\u00f3n que ellos emitieron sobre estos cursos, en:<\/p>\n<p><a href=\"http:\/\/www.quality-international.org\/opiniones-1.html\" target=\"_blank\" rel=\"noopener noreferrer\">http:\/\/www.quality-international.org\/opiniones-1.html<\/a><\/p>\n<h4>OBJETIVOS:<\/h4>\n<p>\u2022 Aportar los conocimientos necesarios para la Implementaci\u00f3n y dise\u00f1o de Planes HACCP, basado en un sistema de autocontrol de peligros en todas las ramas de la industria alimentaria seg\u00fan los conceptos actualizados del Codex alimentarius y los lineamientos generales aplicables a los sistemas de inocuidad.<br \/>\n\u2022 Profundizar el concepto de Validaci\u00f3n\/Verificaci\u00f3n (Principio 6 de HACCP)<br \/>\n\u2022 Reforzar\u00e1 t\u00e9cnicas para la realizaci\u00f3n de Validaci\u00f3n y Verificaci\u00f3n del Sistema HACCP, as\u00ed como las Auditorias de Sistemas de Gesti\u00f3n de Inocuidad de los alimentos.<br \/>\n\u2022 Actualizarse en las Normativas relativas a la gesti\u00f3n de la inocuidad (ISO 22000:2018), gesti\u00f3n de la calidad (9001) y con respecto a las Auditor\u00edas (19011:2018)<br \/>\n\u2022 Como hilo conductor de esta capacitaci\u00f3n, los requisitos de la Norma ISO 22000:2018 y sus antecedentes, son discutidos, as\u00ed como la explicaci\u00f3n de la ex PAS 220:2008 que dej\u00f3 de estar vigente el 1\u00ba de octubre de 2012 pero que contempla pr\u00e1cticamente todos los puntos referidos en la ISO\/TS 22002-1:2009 vigente. Vinculaci\u00f3n de ISO 22000:2018 con ISO 9001:2015<br \/>\n\u2022 Capacitarse en los lineamientos fundamentales de desarrollo de una Auditor\u00eda, tanto desde el rol de auditor como de auditado en diferentes procesos (clientes, proveedores, elaboraci\u00f3n, etc.). Actualizaci\u00f3n seg\u00fan normativa ISO vigente. Estudio de caso pr\u00e1ctico<br \/>\n\u2022 Actualizar conceptos sobre Trazabilidad, reconociendo el papel fundamental que juega en todo lo concerniente a Inocuidad de alimentos<br \/>\n\u2022 Brindar una gu\u00eda y herramientas para la implementaci\u00f3n de sistemas normativos relativos a la inocuidad y la calidad para aquellos que deseen la mejora continua de sus Plantas de producci\u00f3n o decidan encaminarse hacia la certificaci\u00f3n (sistema, productos, procesos)<br \/>\n\u2022 Nociones sobre actualizaci\u00f3n de la nueva ley de modernizaci\u00f3n de inocuidad alimentaria (FSMA): Introducci\u00f3n a PCQI: un paso m\u00e1s del HACCP.<\/p>\n<h4>PROGRAMA:<\/h4>\n<p><strong>1) INTRODUCCI\u00d3N a la Inocuidad Alimentaria \u2013 Generalidades de Normativas ISO y Sistemas Integrados de Gesti\u00f3n. Actualizaci\u00f3n Norma ISO 22000:2018. Peligros e introducci\u00f3n a Enfermedades Trasmitidas por Alimentos (ETA)<\/strong><\/p>\n<ul>\n<li style=\"list-style-type: none\">\n<ul>\n<li>Introducci\u00f3n.<\/li>\n<li>Sistema de gesti\u00f3n<\/li>\n<li>Marco de Calidad e Inocuidad<\/li>\n<li>Antecedentes de la Norma ISO 22000 y sentido de aplicaci\u00f3n de la misma.<\/li>\n<li>ISO 22000 en general\n<ul>\n<li>\u00bfA qu\u00e9 apunta la Norma y para qu\u00e9 adopten un Sistema basado en la ISO 22000?<\/li>\n<li>La norma ISO 22000.<\/li>\n<li>Objetivos de la ISO 22000.<\/li>\n<li>Actualizaci\u00f3n de la Norma ISO 22000 en su versi\u00f3n 2018 (principales cambios)<\/li>\n<li>Elementos clave.<\/li>\n<li>HACCP<\/li>\n<li>Vinculaci\u00f3n de normativas de inocuidad con la Norma ISO 9001<\/li>\n<\/ul>\n<\/li>\n<li>Sistema de Gesti\u00f3n:\n<ul>\n<li>Control de documentos y registros.<\/li>\n<li>Pol\u00edtica y objetivos- Planificaci\u00f3n<\/li>\n<li>Revisi\u00f3n por la Direcci\u00f3n- Roles y Auditor\u00eda<\/li>\n<li>Gesti\u00f3n de los Recursos (humanos, tecnol\u00f3gicos, infraestructura, etc.)<\/li>\n<li>Introducci\u00f3n a la Gesti\u00f3n por competencias<\/li>\n<\/ul>\n<\/li>\n<li>Gesti\u00f3n del proceso en general.\n<ul>\n<li>Proceso y actividad.<\/li>\n<li>Control del proceso.<\/li>\n<li>Ciclo de Deming (Acciones correctivas, No conformidades, etc.)<\/li>\n<li>Proceso del Sistema de Gesti\u00f3n espec\u00edficos de la Inocuidad Alimentaria.<\/li>\n<li>Vinculaci\u00f3n con la Norma ISO 9001:2015 y el pensamiento basado en riesgo.<\/li>\n<\/ul>\n<\/li>\n<\/ul>\n<\/li>\n<\/ul>\n<p>&nbsp;<\/p>\n<p><strong>2) PROGRAMAS DE PRE-REQUISITOS PARA EL SISTEMA HACCP, ex PAS 220:2008; ISO\/TS 22002-1:2009, PPRO y su relaci\u00f3n con los Controles Preventivos en la elaboraci\u00f3n de alimentos de uso humano<\/strong><\/p>\n<ul>\n<li>\u00bfQue son los PPR? Su importancia actual en la inocuidad de los alimentos<\/li>\n<li>Concepto clave para su identificaci\u00f3n<\/li>\n<li>Diferencias entre Planes de PPR y Planes HACCP<\/li>\n<li>Programas de prerrequisito. Interrelaci\u00f3n entre Buenas Pr\u00e1cticas de manufactura (GMP), Procedimientos Operativos Est\u00e1ndar de Saneamiento (SSOP) , HACCP y los 8 PPR que exige el Codex alimentarius y que tambi\u00e9n destaca la FDA.<\/li>\n<li>Otros PPR de significancia en la industria de alimentos. Jerarquizaci\u00f3n e importancia seg\u00fan la industria alimentaria de que se trate<\/li>\n<li>Los PPR seg\u00fan la Norma ISO 22000 (versi\u00f3n anterior 2005 y actual 2018)<\/li>\n<li>Los PPRO<\/li>\n<li>Ex PAS 220<\/li>\n<li>ISO\/TS 22002-1:2009<\/li>\n<li>ISO 22000 sinergizada<\/li>\n<li>Documentaci\u00f3n de los PPR<\/li>\n<li>Validaci\u00f3n de los PPR<\/li>\n<li>Otras referencias Normativas y vinculaci\u00f3n con los Controles preventivos (seg\u00fan nueva ley de inocuidad de alimentos)<\/li>\n<\/ul>\n<p><strong>\u00a0<\/strong><\/p>\n<p><strong>3) Curso Taller: IMPLEMENTACI\u00d3N de Planes HACCP, acreditado por International HACCP Alliance<\/strong><\/p>\n<ul>\n<li>Introducci\u00f3n al sistema HACCP.<\/li>\n<li>Enfermedades transmitidas por alimentos. Impacto en la Salud P\u00fablica y en la Econom\u00eda<\/li>\n<li>Historia del sistema HACCP, impacto de los programas HACCP en la inocuidad alimentaria<\/li>\n<li>Peligros en los alimentos. Identificaci\u00f3n y Control.<\/li>\n<li>Norma ISO 22000:2018- Punto correspondiente<\/li>\n<li>Las 5 actividades pre HACCP<\/li>\n<li>Los 7 principios de HACCP<\/li>\n<li>Discusi\u00f3n y trabajo taller sobre los 7 principios HACCP<\/li>\n<li>Concepto de Trazabilidad<\/li>\n<\/ul>\n<p>&nbsp;<\/p>\n<p><strong>4) Curso Taller: HACCP AVANZADO (Validaci\u00f3n\/Verificaci\u00f3n), acreditado por International HACCP Alliance)<\/strong><\/p>\n<ul>\n<li>Validaci\u00f3n, verificaci\u00f3n y mejora del Sistema de Gesti\u00f3n de la Inocuidad de los alimentos<\/li>\n<li>Verificaci\u00f3n de Programas de Prerrequisito, de Puntos Cr\u00edticos de Control, del Sistema HACCP.<\/li>\n<li>Validaci\u00f3n y reevaluaci\u00f3n del plan de HACCP<\/li>\n<li>Auditor\u00eda de programas HACCP<\/li>\n<li>Auditor\u00edas de conformidad con HACCP y reevaluaci\u00f3n<\/li>\n<li>Discusi\u00f3n y trabajo taller sobre Validaci\u00f3n y Verificaci\u00f3n de PCC y PPR<\/li>\n<\/ul>\n<p>NOTA: en algunas ediciones expresamente se brindar\u00e1 lo relativo a el proceso de Auditor\u00eda y la Norma ISO 9001<\/p>\n<p><strong>5) AUDITOR\u00cdA DE SISTEMAS INTEGRADOS y Auditor L\u00edder Certificado por Quality International <\/strong><\/p>\n<ul>\n<li>Generalidades de Auditor\u00eda (Definici\u00f3n, en que consiste el proceso, introducci\u00f3n)<\/li>\n<li>Vinculaci\u00f3n y aplicaci\u00f3n de otras normativas: ISO (22000:2018, ISO 9001:2015, ISO 9004:2018, etc.)<\/li>\n<li>Perfil, capacidades, competencias y roles del auditor<\/li>\n<li>Herramientas y t\u00e9cnicas del auditor<\/li>\n<li>T\u00e9cnicas de comunicaci\u00f3n vinculadas a la auditor\u00eda\n<ul>\n<li>Norma ISO 19011 (versi\u00f3n vigente y su actualizaci\u00f3n seg\u00fan se viene trabajando para editar nueva versi\u00f3n oficial en noviembre 2018)<\/li>\n<\/ul>\n<\/li>\n<li>Organizaci\u00f3n del equipo auditor, el auditor l\u00edder.<\/li>\n<li>Diferentes formas de clasificaci\u00f3n de auditor\u00edas (seg\u00fan el proceso, el alcance, quienes la realizan y el objetivo)<\/li>\n<li>Programa y Plan de Auditor\u00eda<\/li>\n<li>Desarrollo de la Auditor\u00eda<\/li>\n<li>Instancia de cierre, devoluci\u00f3n y seguimiento de auditor\u00eda<\/li>\n<li>Discusi\u00f3n y trabajo taller sobre Desarrollo y aplicaci\u00f3n de Auditor\u00eda<\/li>\n<\/ul>\n<p>&nbsp;<\/p>\n<h4>MODALIDAD:<\/h4>\n<p>La capacitaci\u00f3n es A DISTANCIA por lo que el participante la puede realizar desde cualquier pa\u00eds o ciudad donde se encuentre.<br \/>\nLos cursos est\u00e1n dise\u00f1ados en un formato de curso \u2013 taller, con an\u00e1lisis de casos pr\u00e1cticos. Toda la capacitaci\u00f3n tiene un fuerte componente pr\u00e1ctico con el objetivo de lograr alimentos inocuos (basado en los procesos tecnol\u00f3gicos, pero tambi\u00e9n en el capital humano de las organizaciones) dado el c\u00famulo de experiencias que, sobre estos temas obtenidos en varios pa\u00edses, tiene el cuerpo docente.<\/p>\n<p>Los conceptos te\u00f3ricos ser\u00e1n siempre ejemplificados con experiencias pr\u00e1cticas, a la que se sumar\u00e1 un trabajo grupal donde predominar\u00e1 un muy eficiente intercambio entre los participantes, con realidades diferentes en muchos casos, pero con objetivos comunes.<\/p>\n<p><strong>Modalidad:<\/strong> asincr\u00f3nica, v\u00eda Internet. El participante adecua sus tiempos de acuerdo a sus necesidades.<\/p>\n<p><strong>Aula Virtual:<\/strong> Se trabaja en una moderna plataforma Moodle, muy amigable, de acceso las 24 horas, especialmente dise\u00f1ada para estos cursos, desde donde se podr\u00e1 acceder a los documentos, clases, videos, link de inter\u00e9s e interactuar con los docentes y el resto de los participantes del curso<\/p>\n<p><strong>Foro:<\/strong> En la plataforma funcionar\u00e1n diferentes foros donde se podr\u00e1 mantener contacto con los participantes del mismo y con los docentes.<\/p>\n<p><strong>Equipo Docente:<\/strong> estar\u00e1n disponibles para responder las dudas y consultas de los participantes, y para ampliar los contenidos en aquellos aspectos de inter\u00e9s en reuniones grupales o personales, previamente fijadas.<\/p>\n<h4>CERTIFICACI\u00d3N:<\/h4>\n<p>Aquel participante que apruebe las instancias de evaluaci\u00f3n de los distintos m\u00f3dulos o cursos, recibir\u00e1:<br \/>\nCertificado de Participaci\u00f3n y Aprobaci\u00f3n<br \/>\nQuienes cumplan con los requisitos previstos en la capacitaci\u00f3n adem\u00e1s recibir\u00e1n certificaci\u00f3n de \u201cImplementaci\u00f3n de Planes HACCP para toda la industria de Alimentos\u201d y \u201cValidaci\u00f3n\/Verificaci\u00f3n = HACCP Avanzado\u201d con sello dorado emitido y controlado por la International HACCP Alliance (USA)<br \/>\nLos diplomas HACCP ser\u00e1n enviados por correo tradicional (si el env\u00edo se realiza por FEDEX, DHL o similar compa\u00f1\u00eda privada o si hay alg\u00fan inconveniente con el pa\u00eds que debe recibir el certificado se sumar\u00e1 un costo adicional de USD 80 aproximadamente)<br \/>\nEl Diploma final de T\u00e9cnico en HACCP validado por Quality International y FEPALE, se env\u00eda de forma digital.<\/p>\n<p><a href=\"http:\/\/www.quality-international.org\/cursos.html\" target=\"_blank\" rel=\"noopener noreferrer\">http:\/\/www.quality-international.org\/cursos.html<\/a><\/p>\n<h4>DOCENTES:<\/h4>\n<p><strong>Lic. Luisa C\u00e1ceres<img loading=\"lazy\" decoding=\"async\" class=\" wp-image-3557 alignright\" src=\"https:\/\/fepale.org\/capacitacion\/wp-content\/uploads\/2020\/12\/luisa-258x300-1.jpg\" alt=\"\" width=\"152\" height=\"177\" \/><\/strong><\/p>\n<p>Directora de Quality International, member of the International HACCP Alliance, Lic. en Psicolog\u00eda, U. de la R. O. del Uruguay. Instructora l\u00edder de International HACCP Alliance, USA. Certificado de competencia profesional en ciencias humanas y sociales CCP 0261, emitido por la Asociaci\u00f3n Euro Americana de Profesionales en Ciencias Humanas y Sociales Coaching&amp;Counseling. Master en Direcci\u00f3n en Recursos Humanos y Master en Calidad, Medio ambiente, Control de procesos y Prevenci\u00f3n de Riesgos laborales<br \/>\nTrain the Trainer. Auditor L\u00edder en Gesti\u00f3n de Calidad Enfocado al Sector Alimentario, Auditor HACCP, y Auditor en Sistemas Integrados. Graduada en responsable y Gerencia de la Calidad seg\u00fan \u00d6VQ (Asociaci\u00f3n Austr\u00edaca para la calidad, miembro de varias sociedades similares de la Uni\u00f3n Europea) Miembro de la Asociaci\u00f3n Euroamericana de Profesionales de las Ciencias Sociales, Coaching y Liderazgo y de Society Human Resources Management. Miembro de la Asociaci\u00f3n Mexicana para la Protecci\u00f3n a los alimentos (AMEPA), afiliada a la International Association for Food Protection (IAFP) Miembro del DIRCON (Directorio de Especialistas en Calidad del Instituto Uruguayo de Normas T\u00e9cnicas UNIT) Ex Jefa de Sistemas Integrados de Calidad e Inocuidad y del Departamento de Certificaciones Integradas de la empresa alimenticia m\u00e1s importante de Uruguay. Especialista en Calidad UNIT \u2013 ISO 9000 y Especialista en Calidad de Servicios UNIT.Ha impartido y coordinado numerosas actividades de capacitaci\u00f3n relativas a cursos, conferencias y talleres sobre HACCP, GMP, SSOP, ISO 9000, ISO 22000, Auditor\u00edas, Competencias Laborales, Normalizaci\u00f3n en la Empresa, Marketing, etc. Coordinadora de diferentes cursos y programas de Diplomado, Especialista, Controles preventivos,etc. Relativos a las tem\u00e1ticas de Inocuidad y calidad. Acreditada en Controles preventivos para alimentos de consumo humano y PCQI (individuo calificado) seg\u00fan la FSPCA (Alianza de Controles preventivos de EEUU, autorizada por FDA) y los lineamientos de FSMA.<\/p>\n<p><strong>Dr. Alejandro Castillo<img loading=\"lazy\" decoding=\"async\" class=\" wp-image-3556 alignright\" src=\"https:\/\/fepale.org\/capacitacion\/wp-content\/uploads\/2020\/12\/alex-233x300-1.jpg\" alt=\"\" width=\"135\" height=\"174\" \/><\/strong><\/p>\n<p>El Dr. Alejandro (Alex) Castillo es profesor asociado de Microbiolog\u00eda de Alimentos en el Departamento de Ciencia de los Animales y en la Facultad de Ciencia y Tecnolog\u00eda de Alimentos en la Universidad de Texas A&amp;M, siendo profesor en Texas A&amp;M desde 2002. Antes fue Profesor Investigador Titular a tiempo completo en la Universidad de Guadalajara, habiendo completado 25 a\u00f1os de servicio docente y de investigaci\u00f3n en esta universidad. Actualmente es miembro del Comit\u00e9 Consultor sobre Alimentos de la FDA en Estados Unidos. Obtuvo su licenciatura como Qu\u00edmico Farmacobi\u00f3logo en 1977, la especialidad en Microbiolog\u00eda Sanitaria en 1980 y la maestr\u00eda en Microbiolog\u00eda e Higiene de Alimentos en 1987, todos de la Universidad de Guadalajara, M\u00e9xico. En 1998 recibi\u00f3 el grado de Doctor (Ph. D.) en Ciencia y Tecnolog\u00eda de Alimentos en la Universidad de Texas A&amp;M. De mayo de 1998 a octubre de 1999 realiz\u00f3 estudios postdoctorales en Microbiolog\u00eda e Inocuidad de Alimentos en Texas A&amp;M. Ha impartido cursos regulares de posgrado por invitaci\u00f3n en la Universidad de Buenos Aires en Argentina, la Universidad del Valle de Guatemala en Guatemala, la Universidad Centroamericana en Nicaragua, la Universidad de Bogot\u00e1 \u201cJorge Tadeo Lozano\u201d en Colombia y la Universidad para el Desarrollo Internacional en Costa Rica. Tambi\u00e9n ha impartido m\u00e1s de 100 cursos de capacitaci\u00f3n en diversos aspectos de la inocuidad alimentaria, incluyendo HACCP, buenas pr\u00e1cticas agr\u00edcolas, buenas pr\u00e1cticas de higiene y fundamentos de microbiolog\u00eda alimentaria, y est\u00e1 acreditado como Instructor L\u00edder de HACCP en la Alianza Internacional de HACCP, como Instructor L\u00edder de An\u00e1lisis de Peligros y Controles Preventivos Basados en el Riesgo en la Alianza de Controles Preventivos en Inocuidad Alimentaria (FSPCA) y como Instructor L\u00edder de la Alianza de Inocuidad de Productos Hortofrut\u00edcolas. Ha impartido numerosas conferencias por invitaci\u00f3n en congresos profesionales en diversas partes del mundo y ha sido invitado como l\u00edder de opini\u00f3n por varias organizaciones dedicadas a proveer de insumos para la inocuidad alimentaria. El Dr. Castillo mantiene un programa de promoci\u00f3n de la inocuidad de alimentos para Latinoam\u00e9rica, que incluye colaboraci\u00f3n con instituciones acad\u00e9micas y organizaciones internacionales para conducir proyectos de investigaci\u00f3n, ense\u00f1anza profesional y capacitaci\u00f3n en la industria sobre inocuidad de alimentos. Sus l\u00edneas de investigaci\u00f3n incluyen la ecolog\u00eda, prevalencia y sobrevivencia de bacterias pat\u00f3genas en frutas y hortalizas crudas y precortadas, dise\u00f1o y validaci\u00f3n de medidas de control para pat\u00f3genos bacterianos en alimentos crudos (frutas y hortalizas crudas, carnes rojas, y alimentos de baja humedad) y el uso de irradiaci\u00f3n con rayo de electrones con prop\u00f3sitos de inocuidad de alimentos. Como parte de su investigaci\u00f3n ha mantenido colaboraciones con varias plantas de proceso o empaque de alimentos, desarrollando y validando procesos para el control de pat\u00f3genos. Ha publicado 77 art\u00edculos en revistas cient\u00edficas arbitradas de difusi\u00f3n internacional, 10 cap\u00edtulos de libro y 3 libros como editor. Actualmente imparte la c\u00e1tedra de Microbiolog\u00eda de Alimentos a nivel de posgrado en Texas A&amp;M. Es editor del International Journal of Food Science y funge como \u00e1rbitro en diversas publicaciones internacionales. Es miembro del Comit\u00e9 de Gesti\u00f3n del Journal of Food Protection, miembro del Comit\u00e9 Directivo de la International Association for Food Protection,y miembro activo de diversas asociaciones profesionales y cient\u00edficas.<\/p>\n<p>Eventualmente podr\u00e1 contarse con docentes invitados.<\/p>\n<h4>COSTOS:<\/h4>\n<p>El costo del curso es de\u00a0<strong>USD 790<\/strong><\/p>\n<p><strong>Socios de FEPALE o QUALITY\u00a0 tienen un 20% de descuento.<\/strong><\/p>\n<p>Se puede acceder a pago en cuotas.<\/p>\n<h3 style=\"text-align: center\"><a href=\"https:\/\/forms.gle\/z6ksCWyM9mE4sQ5D7\" target=\"_blank\" rel=\"noopener noreferrer\"><strong>FORMULARIO DE INSCRIPCI\u00d3N AQU\u00cd<\/strong><\/a><\/h3>\n","protected":false},"excerpt":{"rendered":"<p><strong>INICIO 15 DE MARZO 2021<\/strong><\/p>\n<p>El Instituto de Capacitaci\u00f3n para el Sector L\u00e1cteo de FEPALE y QUALITY INTERNATIONAL, convocan e invitan a participar en el TECNICO EN HACCP(modalidad a distancia)<\/p>\n<p><strong>ORGANIZAN:<\/strong><\/p>\n<p><img loading=\"lazy\" decoding=\"async\" class=\"alignnone wp-image-3555\" src=\"https:\/\/fepale.org\/capacitacion\/wp-content\/uploads\/2020\/12\/fepalequality-300x97.jpg\" alt=\"\" width=\"226\" height=\"73\" srcset=\"https:\/\/fepale.org\/capacitacion\/wp-content\/uploads\/2020\/12\/fepalequality-300x97.jpg 300w, https:\/\/fepale.org\/capacitacion\/wp-content\/uploads\/2020\/12\/fepalequality-550x181.jpg 550w, https:\/\/fepale.org\/capacitacion\/wp-content\/uploads\/2020\/12\/fepalequality-559x181.jpg 559w, https:\/\/fepale.org\/capacitacion\/wp-content\/uploads\/2020\/12\/fepalequality.jpg 562w\" sizes=\"auto, (max-width: 226px) 100vw, 226px\" \/><\/p>\n","protected":false},"featured_media":3558,"template":"","meta":[],"pwb-brand":[],"product_brand":[],"product_cat":[98],"product_tag":[],"class_list":{"0":"post-3552","1":"product","2":"type-product","3":"status-publish","4":"has-post-thumbnail","6":"product_cat-98","8":"first","9":"instock","10":"shipping-taxable","11":"product-type-simple"},"brands":[],"_links":{"self":[{"href":"https:\/\/fepale.org\/capacitacion\/wp-json\/wp\/v2\/product\/3552","targetHints":{"allow":["GET"]}}],"collection":[{"href":"https:\/\/fepale.org\/capacitacion\/wp-json\/wp\/v2\/product"}],"about":[{"href":"https:\/\/fepale.org\/capacitacion\/wp-json\/wp\/v2\/types\/product"}],"wp:featuredmedia":[{"embeddable":true,"href":"https:\/\/fepale.org\/capacitacion\/wp-json\/wp\/v2\/media\/3558"}],"wp:attachment":[{"href":"https:\/\/fepale.org\/capacitacion\/wp-json\/wp\/v2\/media?parent=3552"}],"wp:term":[{"taxonomy":"pwb-brand","embeddable":true,"href":"https:\/\/fepale.org\/capacitacion\/wp-json\/wp\/v2\/pwb-brand?post=3552"},{"taxonomy":"product_brand","embeddable":true,"href":"https:\/\/fepale.org\/capacitacion\/wp-json\/wp\/v2\/product_brand?post=3552"},{"taxonomy":"product_cat","embeddable":true,"href":"https:\/\/fepale.org\/capacitacion\/wp-json\/wp\/v2\/product_cat?post=3552"},{"taxonomy":"product_tag","embeddable":true,"href":"https:\/\/fepale.org\/capacitacion\/wp-json\/wp\/v2\/product_tag?post=3552"}],"curies":[{"name":"wp","href":"https:\/\/api.w.org\/{rel}","templated":true}]}}