{"id":3407,"date":"2020-09-04T09:22:45","date_gmt":"2020-09-04T12:22:45","guid":{"rendered":"https:\/\/fepale.org\/capacitacion\/?post_type=product&#038;p=3407"},"modified":"2022-04-06T12:57:53","modified_gmt":"2022-04-06T15:57:53","slug":"webinar-manejo-ambiental","status":"publish","type":"product","link":"https:\/\/fepale.org\/capacitacion\/producto\/webinar-manejo-ambiental\/","title":{"rendered":"Ciclo de Webinar \u2013 Manejo Ambiental y Puesta en valor de los Efluentes en Establecimientos Lecheros &#8211; Inicio 4 de Noviembre 2020"},"content":{"rendered":"<h4>Ciclo de Webinar \u2013 Manejo Ambiental y Puesta en valor de los Efluentes en Establecimientos Lecheros<\/h4>\n<p><strong>Organizan:\u00a0<\/strong><\/p>\n<p><img loading=\"lazy\" decoding=\"async\" class=\"alignnone size-medium wp-image-3409\" src=\"https:\/\/fepale.org\/capacitacion\/wp-content\/uploads\/2020\/09\/fepaleagrosay.fw_-300x82.png\" alt=\"\" width=\"300\" height=\"82\" srcset=\"https:\/\/fepale.org\/capacitacion\/wp-content\/uploads\/2020\/09\/fepaleagrosay.fw_-300x82.png 300w, https:\/\/fepale.org\/capacitacion\/wp-content\/uploads\/2020\/09\/fepaleagrosay.fw_.png 397w\" sizes=\"auto, (max-width: 300px) 100vw, 300px\" \/><\/p>\n<p><strong>Fechas: 4, 11, 18 y 25 de Noviembre<\/strong><\/p>\n<p><strong>Horario: 11am (zona horaria Uruguay-Argentina).<\/strong><\/p>\n<p><strong>Duraci\u00f3n de las conferencias: 2 horas.<\/strong><\/p>\n<p><strong>Las conferencias se dictar\u00e1n en plataforma ZOOM con un m\u00e1ximo de 100 participantes.<\/strong><\/p>\n<h4>Disertante:<\/h4>\n<p>Claudio M. Kvolek<img loading=\"lazy\" decoding=\"async\" class=\"size-medium wp-image-3408 alignright\" src=\"https:\/\/fepale.org\/capacitacion\/wp-content\/uploads\/2020\/09\/foto-Claudio-300x200.jpg\" alt=\"\" width=\"300\" height=\"200\" srcset=\"https:\/\/fepale.org\/capacitacion\/wp-content\/uploads\/2020\/09\/foto-Claudio-300x200.jpg 300w, https:\/\/fepale.org\/capacitacion\/wp-content\/uploads\/2020\/09\/foto-Claudio-600x400.jpg 600w, https:\/\/fepale.org\/capacitacion\/wp-content\/uploads\/2020\/09\/foto-Claudio-768x511.jpg 768w, https:\/\/fepale.org\/capacitacion\/wp-content\/uploads\/2020\/09\/foto-Claudio-414x276.jpg 414w, https:\/\/fepale.org\/capacitacion\/wp-content\/uploads\/2020\/09\/foto-Claudio-130x86.jpg 130w, https:\/\/fepale.org\/capacitacion\/wp-content\/uploads\/2020\/09\/foto-Claudio-187x124.jpg 187w, https:\/\/fepale.org\/capacitacion\/wp-content\/uploads\/2020\/09\/foto-Claudio.jpg 817w\" sizes=\"auto, (max-width: 300px) 100vw, 300px\" \/><\/p>\n<p>Consultor de Proyectos Agroambientales<\/p>\n<p>El Ingeniero Agr\u00f3nomo Claudio Miguel Kvolek realiz\u00f3 sus estudios de grado en la Facultad de Agronom\u00eda de la Universidad de Buenos Aires. Es adem\u00e1s T\u00e9cnico Qu\u00edmico y curs\u00f3 sus estudios de Magister en Ciencias Ambientales en la Facultad de Ciencias Exactas y Naturales de la Universidad de Buenos Aires.<\/p>\n<p>Preside la Comisi\u00f3n de Medioambiente del CENTRO ARGENTINO DE INGENIEROS AGR\u00d3NOMOS (CADIA)<\/p>\n<p>Es investigador\/extensionista del Centro de Investigaci\u00f3n, Extensi\u00f3n y An\u00e1lisis Agroambientales de la Regi\u00f3n Pampeana (CINVARP)<\/p>\n<p>Se especializ\u00f3 en la Gesti\u00f3n Ambiental Pecuaria, el manejo de los efluentes pecuarios (purines) y agroindustriales, con \u00e9nfasis en su\u00a0uso agron\u00f3mico y la producci\u00f3n de bioenerg\u00eda.<\/p>\n<p>Es autor de LOS LIBROS:\u00a0 <strong>Libro Gesti\u00f3n Ambiental Pecuaria<\/strong> (Primera Edici\u00f3n \u2013 Agosto 2018 &#8211; ISBN 978-987-1922-29-1) y <strong>Libro Efluentes en Establecimientos Lecheros<\/strong> (Primera Edici\u00f3n -Agosto- 2020 \u2013 ISBN 978-987-1922-38-3) de numerosas publicaciones\u00a0t\u00e9cnicas y de divulgaci\u00f3n en revistas del medio.<\/p>\n<p>PERFIL PROFESIONAL<\/p>\n<p><a href=\"https:\/\/www.linkedin.com\/in\/claudiomiguelkvolek\/\" target=\"_blank\" rel=\"noopener noreferrer\">https:\/\/www.linkedin.com\/in\/claudiomiguelkvolek\/<\/a><\/p>\n<h4>L\u00edneas Tem\u00e1ticas:<\/h4>\n<h4>Primer Webinar: <strong>Pensando la sala de Orde\u00f1e desde el Efluente y su valorizaci\u00f3n. <\/strong><\/h4>\n<p><strong><u>Fecha<\/u>: 4\/11<\/strong><\/p>\n<p><strong><u>Hora:<\/u> 11am (Uruguay)<\/strong><\/p>\n<p><strong><u>Duraci\u00f3n<\/u>: 2 hs<\/strong><\/p>\n<p><u>Objetivo<\/u>: Definir el establecimiento lechero. Presentar el manejo de efluentes como un proceso. Introducci\u00f3n sobre factores y herramientas que lo hagan aplicable a la realidad productiva de cada lugar.<\/p>\n<p><u>Contenidos<\/u>: Consideraciones generales. Sala de orde\u00f1e. Uso de sedimentadores de s\u00f3lidos Pesados. Separadores de s\u00f3lidos livianos. Piletas.<\/p>\n<p><strong>\u00a0<u>Disertante<\/u>: Claudio M. Kvolek<\/strong><\/p>\n<p><strong>\u00a0<u>Invitado<\/u>: Experiencias en Uruguay &#8211; Manuel Gim\u00e9nez<img loading=\"lazy\" decoding=\"async\" class=\" wp-image-3410 alignright\" src=\"https:\/\/fepale.org\/capacitacion\/wp-content\/uploads\/2020\/09\/foto-Manuel-300x280.jpg\" alt=\"\" width=\"175\" height=\"163\" srcset=\"https:\/\/fepale.org\/capacitacion\/wp-content\/uploads\/2020\/09\/foto-Manuel-300x280.jpg 300w, https:\/\/fepale.org\/capacitacion\/wp-content\/uploads\/2020\/09\/foto-Manuel-600x560.jpg 600w, https:\/\/fepale.org\/capacitacion\/wp-content\/uploads\/2020\/09\/foto-Manuel-559x520.jpg 559w, https:\/\/fepale.org\/capacitacion\/wp-content\/uploads\/2020\/09\/foto-Manuel.jpg 669w\" sizes=\"auto, (max-width: 175px) 100vw, 175px\" \/><\/strong><\/p>\n<p>Consultor en Efluentes<\/p>\n<p>Ingenier\u00edo Civil. Facultad de Ingenier\u00eda. Universidad de la Rep\u00fablica. UdelaR<\/p>\n<p>Post grado: Maestr\u00eda en Ciencias de la Tierra. Instituto de Geof\u00edsica. Universidad Nacional Aut\u00f3noma de M\u00e9xico. UNAM (En curso).<\/p>\n<p>Diplomatura de Especializaci\u00f3n en Hidrolog\u00eda Subterr\u00e1nea.<\/p>\n<p>Trabaja dise\u00f1ando sistemas de gesti\u00f3n de efluentes en Uruguay desde el a\u00f1o 2016.<br \/>\nEs consultor ambiental y coordinador de un proyecto bid en temas de infraestructura ambiental en tambos.<\/p>\n<p>&nbsp;<\/p>\n<h4><strong>Segundo Webinar: Otros Or\u00edgenes de Efluentes \u2013 Corrales y Viviendas Techadas.<\/strong><\/h4>\n<p><strong><u>Fecha<\/u>: 11\/11<\/strong><\/p>\n<p><strong><u>Hora:<\/u> 11am (Uruguay)<\/strong><\/p>\n<p><strong><u>Duraci\u00f3n<\/u>: 2 hs<\/strong><\/p>\n<p><u>Objetivo<\/u>: Ver otros or\u00edgenes de esti\u00e9rcol y purines e integrarlos a la gesti\u00f3n coordinada de efluentes.<\/p>\n<p><u>Contenidos<\/u>: Conceptos manejo de efluentes a cielo abierto. Open-lots y pistas de alimentaci\u00f3n. Conceptos manejo de efluentes en viviendas techadas. Compost barn y Freestall. Flushing, scrapers y Augers. Modelos conceptuales y flujogramas. Resumen<\/p>\n<p><strong>\u00a0<u>Disertante<\/u>: Claudio M. Kvolek<\/strong><\/p>\n<p><strong>\u00a0<u>Invitado<\/u>: Experiencias en Litoral Argentino &#8211; Bernardo Serra \u2013 Enviroassay &#8211; ARGENTINA<img loading=\"lazy\" decoding=\"async\" class=\" wp-image-3411 alignright\" src=\"https:\/\/fepale.org\/capacitacion\/wp-content\/uploads\/2020\/09\/foto-Bernardo-218x300.jpg\" alt=\"\" width=\"143\" height=\"197\" srcset=\"https:\/\/fepale.org\/capacitacion\/wp-content\/uploads\/2020\/09\/foto-Bernardo-218x300.jpg 218w, https:\/\/fepale.org\/capacitacion\/wp-content\/uploads\/2020\/09\/foto-Bernardo.jpg 509w\" sizes=\"auto, (max-width: 143px) 100vw, 143px\" \/><\/strong><\/p>\n<p>Consultor Ambiental.<\/p>\n<p>M\u00e9dico Veterinario \u2013 (FCV \u2013 UNL)<\/p>\n<p>Consultor Ambiental inscripto en la Secretar\u00eda de Ambiente de la Provincia de Entre R\u00edos.\u00a0 (LEG. N\u00b0 206)<\/p>\n<p>CEO\u00a0 \u201cENVIROASSAY\u201d &#8211;\u00a0 Empresa de Gesti\u00f3n Ambiental Agropecuaria en el litoral argentino<\/p>\n<p>Forma parte del equipo de trabajo de AGROASSAY Am\u00e9rica.<\/p>\n<p>Partner de Ecomanagement en asesoramiento sobre tratamiento de efluentes, compostaje y producci\u00f3n de energ\u00edas a partir de residuos org\u00e1nicos.<\/p>\n<p>&nbsp;<\/p>\n<h4><strong>Tercer Webinar: Econom\u00eda Circular: Valorizaci\u00f3n y uso de los residuos pecuarios lecheros.<\/strong><\/h4>\n<p><strong><u>Fecha<\/u>: 18\/11<\/strong><\/p>\n<p><strong><u>Hora:<\/u> 11am (Uruguay)<\/strong><\/p>\n<p><strong><u>Duraci\u00f3n<\/u>: 2 hs<\/strong><\/p>\n<p><u>Objetivo<\/u>: La valorizaci\u00f3n de los residuos pecuarios. La materia org\u00e1nica como eje central.<\/p>\n<p><u>Contenidos<\/u>: Esti\u00e9rcol, y efluentes. Plan de uso agron\u00f3mico. Valorizaci\u00f3n del esti\u00e9rcol. Compostaje. Biog\u00e1s<\/p>\n<p><strong>\u00a0<u>Disertante<\/u>: Claudio M. Kvolek<\/strong><\/p>\n<p><strong>\u00a0<u>Invitado<\/u>: Experiencias en Grandes proyectos y Biog\u00e1s &#8211; Leonardo Genero \u2013 ECOMANAGEMENT &#8211; <img loading=\"lazy\" decoding=\"async\" class=\" wp-image-3412 alignright\" src=\"https:\/\/fepale.org\/capacitacion\/wp-content\/uploads\/2020\/09\/foto-Leonardo-300x200.jpg\" alt=\"\" width=\"249\" height=\"166\" srcset=\"https:\/\/fepale.org\/capacitacion\/wp-content\/uploads\/2020\/09\/foto-Leonardo-300x200.jpg 300w, https:\/\/fepale.org\/capacitacion\/wp-content\/uploads\/2020\/09\/foto-Leonardo-600x400.jpg 600w, https:\/\/fepale.org\/capacitacion\/wp-content\/uploads\/2020\/09\/foto-Leonardo-414x276.jpg 414w, https:\/\/fepale.org\/capacitacion\/wp-content\/uploads\/2020\/09\/foto-Leonardo-130x86.jpg 130w, https:\/\/fepale.org\/capacitacion\/wp-content\/uploads\/2020\/09\/foto-Leonardo-187x124.jpg 187w, https:\/\/fepale.org\/capacitacion\/wp-content\/uploads\/2020\/09\/foto-Leonardo.jpg 709w\" sizes=\"auto, (max-width: 249px) 100vw, 249px\" \/>ARGENTINA<\/strong><\/p>\n<p>Gerente en proyectos de valorizaci\u00f3n de residuos.<\/p>\n<p>Especialista en biog\u00e1s en el IBBK Stuttgart.<\/p>\n<p>Maestrando en Gesti\u00f3n Ambiental FICH-UNL.<\/p>\n<p>Ingeniero Qu\u00edmico de la FIQ-UNL de Santa Fe.<\/p>\n<p>Investiga sobre biog\u00e1s desde 2003. Fue Coordinador t\u00e9cnico de Fundaci\u00f3n Proteger, Consultor externo de FAO\/Probiomasa y Creador de GENING. Es Miembro de RedBioLaC. Recibi\u00f3 Premio 2010 Young Climate Champion Award Embajada de Gran Breta\u00f1a. Menci\u00f3n especial PEIS Chacra-Galicia 2011.<\/p>\n<p>Hoy: L\u00edder t\u00e9cnico en EcoManagement SAS, empresa del Grupo NORT, desde 2018.<\/p>\n<p>&nbsp;<\/p>\n<h4><strong>Cuarto Webinar: Casos de \u00c9xito en la gesti\u00f3n de loe efluentes lecheros. <\/strong><\/h4>\n<p><strong><u>Fecha<\/u>: 25\/11<\/strong><\/p>\n<p><strong><u>Hora:<\/u> 11am (Uruguay)<\/strong><\/p>\n<p><strong><u>Duraci\u00f3n<\/u>: 2 hs<\/strong><\/p>\n<p><u>Objetivo<\/u>: Estudio de casos concretos donde se aplic\u00f3 el manejo de efluentes lecheros y se pusieron en valor los residuos pecuarios.<\/p>\n<p><u>Contenidos<\/u>: Sala de orde\u00f1e. Vivienda a cielo abierto. Vivienda techada.<\/p>\n<p><strong>\u00a0<u>Disertante<\/u>: Claudio M. Kvolek<\/strong><\/p>\n<p><strong>\u00a0<u>Invitado<\/u>: Experiencias en Costa Rica &#8211; Rebeca Guti\u00e9rrez \u2013 MINISTERIO DE AMBIENTE \u2013 COSTA RICA<img loading=\"lazy\" decoding=\"async\" class=\" wp-image-3413 alignright\" src=\"https:\/\/fepale.org\/capacitacion\/wp-content\/uploads\/2020\/09\/foto-Rebeca-300x292.jpg\" alt=\"\" width=\"184\" height=\"179\" srcset=\"https:\/\/fepale.org\/capacitacion\/wp-content\/uploads\/2020\/09\/foto-Rebeca-300x292.jpg 300w, https:\/\/fepale.org\/capacitacion\/wp-content\/uploads\/2020\/09\/foto-Rebeca-600x583.jpg 600w, https:\/\/fepale.org\/capacitacion\/wp-content\/uploads\/2020\/09\/foto-Rebeca-434x420.jpg 434w, https:\/\/fepale.org\/capacitacion\/wp-content\/uploads\/2020\/09\/foto-Rebeca.jpg 724w\" sizes=\"auto, (max-width: 184px) 100vw, 184px\" \/><\/strong><\/p>\n<p>Consultora agroambiental.<\/p>\n<p>Ingeniera Agr\u00f3noma. Universidad Earth. Costa Rica.<\/p>\n<p>Post grado: Maestr\u00eda en Ambiente.<\/p>\n<p>Se desempe\u00f1\u00f3 como Coordinadora Agroambiental en Cooperativa Dos Pinos SRL. Costa Rica.<\/p>\n<p>Es actualmente integrante \u00a0del Ministerio de Ambiente de Costa Rica en temas relacionados a producciones animales.<\/p>\n<p>&nbsp;<\/p>\n<h4>Certificaci\u00f3n:<\/h4>\n<p>Los participantes recibir\u00e1n un certificado de participaci\u00f3n emitido por el Instituto Panamericano de Capacitaci\u00f3n para el Sector L\u00e1cteo \u2013 FEPALE y AGROASSAY\u00a0 &#8211; Argentina.<\/p>\n<h4>Costos:<\/h4>\n<p>Costo Ciclo Completo <strong>USD 120<\/strong><\/p>\n<p>Costo Ciclo Completo Socios de FEPALE <strong>USD 90<\/strong><\/p>\n<h3 style=\"text-align: center\"><\/h3>\n<h3 style=\"text-align: center\"><a href=\"https:\/\/forms.gle\/HyG73srUegtoBsmL9\" target=\"_blank\" rel=\"noopener noreferrer\">FORMULARIO DE INSCRIPCI\u00d3N AQU\u00cd<\/a><\/h3>\n<p>&nbsp;<\/p>\n<p style=\"text-align: right\"><strong>POR CONSULTAS:<\/strong><br \/>\n<strong>Elena Sierra \u2013 \u00c1rea de Capacitaci\u00f3n \u2013 FEPALE<\/strong><br \/>\n<strong>infocapacita@fepale.org\/www.fepale.org<\/strong><\/p>\n","protected":false},"excerpt":{"rendered":"<p>El Instituto Panamericano de Capacitaci\u00f3n para el Sector L\u00e1cteo junto a AGROASSAY\u00a0 &#8211; Argentina convocan e invitan a participar del Ciclo de Webinar \u2013 Manejo Ambiental y Puesta en valor de los Efluentes en Establecimientos Lecheros.<\/p>\n<p><strong>Fechas: 4, 11, 18 y 25 de Noviembre<\/strong><\/p>\n<p><strong>Organizan:\u00a0<\/strong><\/p>\n<p><img loading=\"lazy\" decoding=\"async\" class=\"alignnone size-medium wp-image-3409\" src=\"https:\/\/fepale.org\/capacitacion\/wp-content\/uploads\/2020\/09\/fepaleagrosay.fw_-300x82.png\" alt=\"\" width=\"300\" height=\"82\" srcset=\"https:\/\/fepale.org\/capacitacion\/wp-content\/uploads\/2020\/09\/fepaleagrosay.fw_-300x82.png 300w, https:\/\/fepale.org\/capacitacion\/wp-content\/uploads\/2020\/09\/fepaleagrosay.fw_.png 397w\" sizes=\"auto, (max-width: 300px) 100vw, 300px\" \/><\/p>\n<p>&nbsp;<\/p>\n","protected":false},"featured_media":3419,"template":"","meta":[],"pwb-brand":[],"product_brand":[],"product_cat":[96],"product_tag":[],"class_list":{"0":"post-3407","1":"product","2":"type-product","3":"status-publish","4":"has-post-thumbnail","6":"product_cat-96","8":"first","9":"instock","10":"shipping-taxable","11":"product-type-simple"},"brands":[],"_links":{"self":[{"href":"https:\/\/fepale.org\/capacitacion\/wp-json\/wp\/v2\/product\/3407","targetHints":{"allow":["GET"]}}],"collection":[{"href":"https:\/\/fepale.org\/capacitacion\/wp-json\/wp\/v2\/product"}],"about":[{"href":"https:\/\/fepale.org\/capacitacion\/wp-json\/wp\/v2\/types\/product"}],"wp:featuredmedia":[{"embeddable":true,"href":"https:\/\/fepale.org\/capacitacion\/wp-json\/wp\/v2\/media\/3419"}],"wp:attachment":[{"href":"https:\/\/fepale.org\/capacitacion\/wp-json\/wp\/v2\/media?parent=3407"}],"wp:term":[{"taxonomy":"pwb-brand","embeddable":true,"href":"https:\/\/fepale.org\/capacitacion\/wp-json\/wp\/v2\/pwb-brand?post=3407"},{"taxonomy":"product_brand","embeddable":true,"href":"https:\/\/fepale.org\/capacitacion\/wp-json\/wp\/v2\/product_brand?post=3407"},{"taxonomy":"product_cat","embeddable":true,"href":"https:\/\/fepale.org\/capacitacion\/wp-json\/wp\/v2\/product_cat?post=3407"},{"taxonomy":"product_tag","embeddable":true,"href":"https:\/\/fepale.org\/capacitacion\/wp-json\/wp\/v2\/product_tag?post=3407"}],"curies":[{"name":"wp","href":"https:\/\/api.w.org\/{rel}","templated":true}]}}