{"id":3329,"date":"2020-07-13T10:45:51","date_gmt":"2020-07-13T13:45:51","guid":{"rendered":"https:\/\/fepale.org\/capacitacion\/?post_type=product&#038;p=3329"},"modified":"2022-04-06T12:58:30","modified_gmt":"2022-04-06T15:58:30","slug":"como-comprender-mejor-al-consumidor-de-productos-lacteos-aplicando-estudios-cualitativos-inicio-21-de-septiembre-2020","status":"publish","type":"product","link":"https:\/\/fepale.org\/capacitacion\/producto\/como-comprender-mejor-al-consumidor-de-productos-lacteos-aplicando-estudios-cualitativos-inicio-21-de-septiembre-2020\/","title":{"rendered":"\u00bfC\u00f3mo comprender mejor al consumidor de productos l\u00e1cteos? &#8211; Aplicando estudios cualitativos. &#8211; Inicio 21 de septiembre 2020"},"content":{"rendered":"<h4>Presentaci\u00f3n:<\/h4>\n<p>En la actualidad la ciencia ha desarrollado instrumentos de medici\u00f3n muy precisos, que permiten que cada producto alcance un \u00f3ptimo nivel de calidad. Sin embargo, el desarrollo de un nuevo producto y su lanzamiento al mercado se convierte en un peligroso juego de azar que puede redundar en p\u00e9rdidas econ\u00f3micas muy significativas para la industria. Teniendo en cuenta que el consumidor es quien finalmente juzga y decide, es posible evitar ese riesgo.<br \/>\nEl objetivo del curso es dar a conocer los recursos con los que cuenta la industria para analizar actitudes y percepciones del consumidor y ense\u00f1ar las t\u00e9cnicas cualitativas m\u00e1s utilizadas en el desarrollo de productos y servicios.<br \/>\nEste curso brinda a Gerentes, Jefes o Encargados de Producci\u00f3n, Mantenimiento, Calidad y Profesionales que se desempe\u00f1an en las \u00e1reas de Investigaci\u00f3n y Desarrollo y de Marketing una oportunidad de tener una visi\u00f3n global y a la vez pr\u00e1ctica, de las actuales metodolog\u00edas de investigaci\u00f3n cualitativa y sus aplicaciones en la industria l\u00e1ctea.<\/p>\n<h4>Objetivos:<\/h4>\n<p>Conocer el potencial de oportunidades para el desarrollo de productos.<br \/>\nConocer metodolog\u00edas cualitativas que ayuden a entender y amplificar las percepciones de los consumidores.<br \/>\nProfundizar en conceptos que ayudan a los consumidores a tomar decisiones en la compra de productos alimenticios.<br \/>\nEntender la edad y las necesidades de los consumidores de forma de orientar la comunicaci\u00f3n de las empresas de alimentos l\u00e1cteos.<br \/>\nComprender el proceso de investigaci\u00f3n cualitativa, permite a las empresas entender y usar dichas herramientas conociendo sus alcances y limitaciones para poder aplicarlas efectivamente.<\/p>\n<h4>Contenidos:<\/h4>\n<p><strong>Semana 1<\/strong><br \/>\nTendencias e innovaciones mundiales en desarrollo de productos l\u00e1cteos. Tendencias en Am\u00e9rica Latina. Tendencias del futuro. El consumidor y sus preferencias. Motivaciones y necesidades del consumidor. La investigaci\u00f3n cualitativa en el marco del desarrollo de productos. \u00bfPor qu\u00e9 es importante escuchar la voz del consumidor?<\/p>\n<p><strong>Semana 2<\/strong><br \/>\nAn\u00e1lisis Cualitativo del Consumidor. M\u00e9todos de Investigaci\u00f3n Cualitativa. Entrevista. Observaci\u00f3n. Focus Group.<\/p>\n<p><strong>Semana 3<\/strong><br \/>\nComportamiento del Consumidor. Comportamiento simb\u00f3lico. Actitudes. Motivaciones. Percepciones. Valores.<\/p>\n<p><strong>Webinar: Discusi\u00f3n sobre video de un Focus Group de productos l\u00e1cteos.<\/strong><\/p>\n<p><strong>Semana 4<\/strong><br \/>\nSegmentaci\u00f3n, generaciones y comunicaci\u00f3n. Generaciones X, Y y Z. Publicidad. Anuncios. Etiquetas seg\u00fan las percepciones de los consumidores.<\/p>\n<p><strong>Semana 5<\/strong><br \/>\nFocus Group. Presencial vs on line. Definici\u00f3n, usos, propuesta de investigaci\u00f3n. Gu\u00eda de sesiones. Conducci\u00f3n. An\u00e1lisis de resultados. Informe.<\/p>\n<p><strong>Semana 6<\/strong><br \/>\nT\u00e9cnicas proyectivas para estudio del consumidor: collage, burbujas, asociaci\u00f3n de palabras y personificaci\u00f3n. Importancia, beneficios, metodolog\u00eda, ejemplos de aplicaci\u00f3n.<\/p>\n<p><strong>Webinar: Discusi\u00f3n sobre publicidad de productos l\u00e1cteos.<\/strong><\/p>\n<p><strong>Evaluaci\u00f3n final m\u00faltiple opci\u00f3n.<br \/>\n<\/strong><\/p>\n<h4>Modalidad:<\/h4>\n<p><strong>On-line:<\/strong>\u00a0el curso se realizar\u00e1 en modalidad E-learning.<br \/>\n<strong>Aula virtual:<\/strong>\u00a0Se trabajar\u00e1 en una plataforma Web especialmente dise\u00f1ada para el curso (aula y plataforma virtual), donde se podr\u00e1 acceder a los documentos, videos, link de inter\u00e9s y se facilitar\u00e1 la interacci\u00f3n con los docentes y el resto de los participantes al curso.<br \/>\n<strong>Foro:<\/strong>\u00a0Se desarrollar\u00e1 un foro en la plataforma para fomentar el contacto entre los participantes y los docentes, habilitado para consultas de los participantes y para que los docentes dejen consignas para trabajar y debatir en conjunto.<br \/>\n<strong>Docentes:<\/strong>\u00a0Los docentes estar\u00e1n disponibles para responder dudas y consultas de los participantes y para ampliar contenidos de inter\u00e9s de los participantes.<br \/>\n<strong>Horarios:<\/strong>\u00a0El curso es en modalidad asincr\u00f3nica, el participante puede acceder en los horarios que mejor le convenga, siempre respetando la cronolog\u00eda del curso.<br \/>\n<strong>Evaluaciones:<\/strong>\u00a0En el curso se har\u00e1 una evaluaci\u00f3n final obligatoria para la aprobaci\u00f3n del mismo.<br \/>\n<strong>Dedicaci\u00f3n:<\/strong> Cada participante deber\u00e1 destinar un m\u00e1ximo de 6 horas de trabajo por semana de curso y el curso est\u00e1 conformado de un programa de\u00a0 6 semanas.<\/p>\n<h4>Docentes:<\/h4>\n<p><strong>CARMEN IVANKOVICH<\/strong>. MSc en Psicolog\u00eda. Ex Profesora Catedr\u00e1tica de la Universidad de Costa Rica. Exprofesora investigadora del Centro de Investigaci\u00f3n en Tecnolog\u00eda de Alimentos (CITA) de Costa Rica. Con m\u00e1s de 25 a\u00f1os de experiencia en la ejecuci\u00f3n de Focus Groups para empresas alimentarias.<\/p>\n<p><strong>ADRIANA G\u00c1MBARO<\/strong>. Doctora en Qu\u00edmica. Especialista en An\u00e1lisis Sensorial. Profesora Titular y Directora del Departamento de Alimentos y del \u00c1rea de Evaluaci\u00f3n Sensorial de la Facultad de Qu\u00edmica de la Universidad de la Rep\u00fablica (Uruguay). Con m\u00e1s de 25 a\u00f1os de experiencia en docencia, direcci\u00f3n de proyectos de investigaci\u00f3n y asesoramiento a la industria alimenticia.<\/p>\n<h4>Certificaci\u00f3n:<\/h4>\n<p>Aquel participante que apruebe las instancias de evaluaci\u00f3n de las distintas unidades recibir\u00e1:<\/p>\n<ul>\n<li>Certificado de Participaci\u00f3n y Aprobaci\u00f3n.<\/li>\n<li>Constancia de Programa cumplido en el curso.<\/li>\n<li>El certificado del curso es emitido por el Instituto Panamericano de Capacitaci\u00f3n para el Sector L\u00e1cteo de FEPALE<\/li>\n<\/ul>\n<h4>Costos:<\/h4>\n<p>Costo del Curso USD 220<\/p>\n<p>Costo Socios de FEPALE USD 180<\/p>\n<h3 style=\"text-align: center\"><a href=\"https:\/\/forms.gle\/QCn2RigNGZsCJabk9\" target=\"_blank\" rel=\"noopener noreferrer\">FORMULARIO DE INSCRIPCI\u00d3N AQU\u00cd<\/a><\/h3>\n","protected":false},"excerpt":{"rendered":"<p>El Instituto Panamericano de Capacitaci\u00f3n para el Sector L\u00e1cteo de FEPALE convoca e invita al Curso \u00bfC\u00f3mo comprender mejor al consumidor de productos l\u00e1cteos? &#8211; Aplicando estudios cualitativos.<\/p>\n<p><strong> Inicio 21 de septiembre 2020<\/strong><\/p>\n<p><strong>Organiza:<\/strong><\/p>\n<p><img loading=\"lazy\" decoding=\"async\" class=\" wp-image-3330\" src=\"https:\/\/fepale.org\/capacitacion\/wp-content\/uploads\/2020\/07\/FEPALE_Marca-2016_A-01-300x168.jpg\" alt=\"\" width=\"180\" height=\"101\" srcset=\"https:\/\/fepale.org\/capacitacion\/wp-content\/uploads\/2020\/07\/FEPALE_Marca-2016_A-01-300x168.jpg 300w, https:\/\/fepale.org\/capacitacion\/wp-content\/uploads\/2020\/07\/FEPALE_Marca-2016_A-01-215x120.jpg 215w, https:\/\/fepale.org\/capacitacion\/wp-content\/uploads\/2020\/07\/FEPALE_Marca-2016_A-01.jpg 328w\" sizes=\"auto, (max-width: 180px) 100vw, 180px\" \/><\/p>\n","protected":false},"featured_media":3331,"template":"","meta":[],"pwb-brand":[],"product_brand":[],"product_cat":[96],"product_tag":[],"class_list":{"0":"post-3329","1":"product","2":"type-product","3":"status-publish","4":"has-post-thumbnail","6":"product_cat-96","8":"first","9":"instock","10":"shipping-taxable","11":"product-type-simple"},"brands":[],"_links":{"self":[{"href":"https:\/\/fepale.org\/capacitacion\/wp-json\/wp\/v2\/product\/3329","targetHints":{"allow":["GET"]}}],"collection":[{"href":"https:\/\/fepale.org\/capacitacion\/wp-json\/wp\/v2\/product"}],"about":[{"href":"https:\/\/fepale.org\/capacitacion\/wp-json\/wp\/v2\/types\/product"}],"wp:featuredmedia":[{"embeddable":true,"href":"https:\/\/fepale.org\/capacitacion\/wp-json\/wp\/v2\/media\/3331"}],"wp:attachment":[{"href":"https:\/\/fepale.org\/capacitacion\/wp-json\/wp\/v2\/media?parent=3329"}],"wp:term":[{"taxonomy":"pwb-brand","embeddable":true,"href":"https:\/\/fepale.org\/capacitacion\/wp-json\/wp\/v2\/pwb-brand?post=3329"},{"taxonomy":"product_brand","embeddable":true,"href":"https:\/\/fepale.org\/capacitacion\/wp-json\/wp\/v2\/product_brand?post=3329"},{"taxonomy":"product_cat","embeddable":true,"href":"https:\/\/fepale.org\/capacitacion\/wp-json\/wp\/v2\/product_cat?post=3329"},{"taxonomy":"product_tag","embeddable":true,"href":"https:\/\/fepale.org\/capacitacion\/wp-json\/wp\/v2\/product_tag?post=3329"}],"curies":[{"name":"wp","href":"https:\/\/api.w.org\/{rel}","templated":true}]}}