{"id":3168,"date":"2020-04-20T09:40:04","date_gmt":"2020-04-20T12:40:04","guid":{"rendered":"https:\/\/fepale.org\/capacitacion\/?post_type=product&#038;p=3168"},"modified":"2020-12-04T09:18:12","modified_gmt":"2020-12-04T12:18:12","slug":"como-organizar-la-finca-lechera-en-tiempos-de-crisis-webinar-29-de-abril-6pm-uruguay","status":"publish","type":"product","link":"https:\/\/fepale.org\/capacitacion\/producto\/como-organizar-la-finca-lechera-en-tiempos-de-crisis-webinar-29-de-abril-6pm-uruguay\/","title":{"rendered":"C\u00f3mo organizar la finca lechera en tiempos de crisis &#8211; Webinar Gratuito &#8211; 29 de Abril &#8211; 6PM (Uruguay)"},"content":{"rendered":"<h4><strong>5 claves fundamentales para ordenarnos en momentos dif\u00edciles<\/strong><\/h4>\n<p>Precios bajos, problemas clim\u00e1ticos, falta de pol\u00edticas de aliento a la producci\u00f3n, pandemia de coronavirus, ca\u00edda del comercio mundial, y esta carrera de obst\u00e1culos sigue y cada d\u00eda nos pone nuevamente a prueba a nosotros como tomadores de decisiones y a nuestras empresas como quien pone a prueba a un maratonista o un corredor de obst\u00e1culos para ver si llegar\u00e1 finalmente a la meta o se quedar\u00e1 en el camino.<\/p>\n<p>Las crisis dejaron de ser eventos extraordinarios para formar parte de nuestra vida cotidiana y ser\u00eda bueno cambiar el temor o el caos que nos generan por el conocimiento de las mismas e incorporarlas al esquema de toma de decisiones de la empresa del mismo modo que se considera el cambio de gen\u00e9tica del rodeo o un nuevo sistema de alimentaci\u00f3n.<\/p>\n<p>En este breve seminario nos enfocaremos en 5 aspectos clave que hay que tener en cuenta cuando debamos enfrentar una situaci\u00f3n de crisis:<\/p>\n<h4><strong>1 \u2013 Comprender la din\u00e1mica de las crisis.<\/strong><\/h4>\n<p>Si no entendemos los cambios y la forma en que se desencadenan y funcionan las crisis, no podremos compensar sus efectos.<\/p>\n<h4><strong>2 \u2013 C\u00f3mo estar preparados siempre.<\/strong><\/h4>\n<p>Algunas condiciones b\u00e1sicas que deber\u00e1n cumplir nuestros sistemas de producci\u00f3n para poder sortear situaciones complicadas ahora y siempre.<\/p>\n<h4><strong>3 \u2013 Y metidos en medio de la tormenta\u2026 \u00bfC\u00f3mo nos mantenemos a flote?<\/strong><\/h4>\n<p>Cuatro aspectos fundamentales para minimizar el riesgo de fundirnos en medio de una situaci\u00f3n cr\u00edtica.<\/p>\n<p>Ordenar la cabeza, cuidar el bolsillo, predisponer a mis empleados y concentrarme en los aspectos cr\u00edticos de la empresa.<\/p>\n<h4><strong>4 \u2013 Pistas para usar el dinero en momentos de escasez.<\/strong><\/h4>\n<p>Aunque uno crea que no se pueden hacer m\u00e1s ajustes siempre hay maneras de ordenar mejor la administraci\u00f3n de los recursos escasos, especialmente el dinero.<\/p>\n<h4><strong>5 \u2013 C\u00f3mo administrar eficazmente nuestra energ\u00eda an\u00edmica <\/strong><\/h4>\n<p>El \u00e1nimo, la energ\u00eda necesaria para salir todos los d\u00edas a seguir dando pelea es otro de los recursos que si no los sabemos administrar se agotan r\u00e1pidamente.<\/p>\n<p>Tocaremos dos o tres herramientas muy simples pero efectivas para cargarnos an\u00edmicamente cuando parece que todo se viene abajo.<\/p>\n<p>Espero poder compartir con ustedes estas herramientas pr\u00e1cticas y que ellas les permitan superar mejor los obst\u00e1culos que la coyuntura nos pone por delante y afianzar un buen futuro para sus empresas y familias.<\/p>\n<p><strong>Orador: \u00a0<a href=\"https:\/\/fepale.org\/capacitacion\/wp-content\/uploads\/2020\/04\/C.V-Ing.-Agr.-Fernando-Ravaglia.pdf\">C.V &#8211; Ing. Agr. Fernando Ravaglia<\/a><\/strong><\/p>\n<h3 style=\"text-align: center\"><a href=\"https:\/\/forms.gle\/Tmf83E28xnv5DRJ66\" target=\"_blank\" rel=\"noopener noreferrer\"><strong>FORMULARIO DE INSCRIPCI\u00d3N AQU\u00cd<\/strong><\/a><\/h3>\n<p style=\"text-align: right\"><strong>POR CONSULTAS:<\/strong><br \/>\nElena Sierra \u2013 \u00c1rea de Capacitaci\u00f3n \u2013 FEPALE<br \/>\nLuis A. de Herrera 1052 Torre B \/ 1507 \u2013 Montevideo \u2013 Uruguay<br \/>\nTEL: (598) 2622 0968 \/ 2622 7538<br \/>\ninfocapacita@fepale.org\/www.fepale.org<\/p>\n<p>&nbsp;<\/p>\n","protected":false},"excerpt":{"rendered":"<p>El Instituto Panamericano del Capacitaci\u00f3n para el Sector L\u00e1cteo junto al Ing. Agr. Fernando Ravaglia convocan e invitan a participar del Webinar Gratuito:\u00a0C\u00f3mo organizar la finca lechera en tiempos de crisis .<\/p>\n<p>Fecha: 29 de Abril<\/p>\n<p>Hora: 6PM (Uruguay)<\/p>\n<p>Organizan:<\/p>\n<p><img loading=\"lazy\" decoding=\"async\" class=\"alignnone size-medium wp-image-3170\" src=\"https:\/\/fepale.org\/capacitacion\/wp-content\/uploads\/2020\/04\/organizanrrhh.fw_-300x106-300x106.png\" alt=\"\" width=\"300\" height=\"106\" \/><\/p>\n","protected":false},"featured_media":3032,"template":"","meta":[],"pwb-brand":[],"product_brand":[],"product_cat":[96],"product_tag":[],"class_list":{"0":"post-3168","1":"product","2":"type-product","3":"status-publish","4":"has-post-thumbnail","6":"product_cat-96","8":"first","9":"instock","10":"shipping-taxable","11":"product-type-simple"},"brands":[],"_links":{"self":[{"href":"https:\/\/fepale.org\/capacitacion\/wp-json\/wp\/v2\/product\/3168","targetHints":{"allow":["GET"]}}],"collection":[{"href":"https:\/\/fepale.org\/capacitacion\/wp-json\/wp\/v2\/product"}],"about":[{"href":"https:\/\/fepale.org\/capacitacion\/wp-json\/wp\/v2\/types\/product"}],"wp:featuredmedia":[{"embeddable":true,"href":"https:\/\/fepale.org\/capacitacion\/wp-json\/wp\/v2\/media\/3032"}],"wp:attachment":[{"href":"https:\/\/fepale.org\/capacitacion\/wp-json\/wp\/v2\/media?parent=3168"}],"wp:term":[{"taxonomy":"pwb-brand","embeddable":true,"href":"https:\/\/fepale.org\/capacitacion\/wp-json\/wp\/v2\/pwb-brand?post=3168"},{"taxonomy":"product_brand","embeddable":true,"href":"https:\/\/fepale.org\/capacitacion\/wp-json\/wp\/v2\/product_brand?post=3168"},{"taxonomy":"product_cat","embeddable":true,"href":"https:\/\/fepale.org\/capacitacion\/wp-json\/wp\/v2\/product_cat?post=3168"},{"taxonomy":"product_tag","embeddable":true,"href":"https:\/\/fepale.org\/capacitacion\/wp-json\/wp\/v2\/product_tag?post=3168"}],"curies":[{"name":"wp","href":"https:\/\/api.w.org\/{rel}","templated":true}]}}