{"id":3131,"date":"2020-03-09T11:30:46","date_gmt":"2020-03-09T14:30:46","guid":{"rendered":"https:\/\/fepale.org\/capacitacion\/?post_type=product&#038;p=3131"},"modified":"2022-04-06T12:58:44","modified_gmt":"2022-04-06T15:58:44","slug":"curso-3-la-vaca-en-el-sistema-pastoril-reproduccion-confort-sanidad-indicadores-de-desempeno-inicio-9-de-noviembre-2020","status":"publish","type":"product","link":"https:\/\/fepale.org\/capacitacion\/producto\/curso-3-la-vaca-en-el-sistema-pastoril-reproduccion-confort-sanidad-indicadores-de-desempeno-inicio-9-de-noviembre-2020\/","title":{"rendered":"Curso 3: La vaca en el sistema pastoril; reproducci\u00f3n, confort, sanidad, indicadores de desempe\u00f1o &#8211; Inicio 9 de noviembre 2020"},"content":{"rendered":"<h4>Presentaci\u00f3n:<\/h4>\n<p>Analiza el desempe\u00f1o productivo del negocio pastoril desde la estructura del componente gen\u00e9tico, considerando que el costo, la salud y la productividad est\u00e1n determinadas por el desempe\u00f1o reproductivo y las caracter\u00edsticas funcionales de las vacas que convierten la producci\u00f3n pastoril y la alimentaci\u00f3n en la leche que es la mayor fuente de ingresos del sistema. Se discute las caracter\u00edsticas funcionales y la visi\u00f3n de selecci\u00f3n dominante para escoger vacas que fortalezcan la rentabilidad por su desempe\u00f1o productivo y econ\u00f3mico en los sistemas pastoriles. <strong>\u00a0<\/strong><\/p>\n<h4>Programa:<\/h4>\n<table style=\"height: 406px\" width=\"895\">\n<tbody>\n<tr>\n<td width=\"78\">M\u00f3dulo<\/td>\n<td width=\"54\">Fecha<\/td>\n<td width=\"398\">Temas<\/td>\n<td width=\"113\">Docente<\/td>\n<\/tr>\n<tr>\n<td width=\"78\">1<\/td>\n<td width=\"54\">9\/11<\/td>\n<td width=\"398\">Desaf\u00edos para la vaca en sistema pastoril, fertilidad, rusticidad, tama\u00f1o, etc<\/td>\n<td width=\"113\">Gonzalo Tu\u00f1on<\/td>\n<\/tr>\n<tr>\n<td width=\"78\">2<\/td>\n<td width=\"54\">16\/11<\/td>\n<td width=\"398\">Biotipo, selecci\u00f3n e \u00edndices de valoraci\u00f3n, como se hace un plan gen\u00e9tico<\/td>\n<td width=\"113\">Carlos Batallas<\/td>\n<\/tr>\n<tr>\n<td width=\"78\">3<\/td>\n<td width=\"54\">23\/11<\/td>\n<td width=\"398\">Confort animal y medicina preventiva; patas, calor, etc<\/td>\n<td width=\"113\">Gonzalo Tu\u00f1on<\/td>\n<\/tr>\n<tr>\n<td width=\"78\">4<\/td>\n<td width=\"54\">30\/11<\/td>\n<td width=\"398\">La vaca del futuro en los sistemas pastoriles. Pensando en el sistema y su rentabilidad.<\/td>\n<td width=\"113\">Carlos Batallas<\/td>\n<\/tr>\n<tr>\n<td width=\"78\">Evaluaci\u00f3n<\/td>\n<td width=\"54\">7\/12<\/td>\n<td width=\"398\">&nbsp;<\/td>\n<td width=\"113\">&nbsp;<\/td>\n<\/tr>\n<\/tbody>\n<\/table>\n<p>&nbsp;<\/p>\n<h4>Metodolog\u00eda:<\/h4>\n<p><strong>On-line:<\/strong> Los cursos se realizar\u00e1n en modalidad E-learning.<br \/>\n<strong>Aula virtual:<\/strong> Se trabajar\u00e1 en una plataforma Web especialmente dise\u00f1ada para los cursos (aula y plataforma virtual), donde se podr\u00e1 acceder a los documentos, videos, link de inter\u00e9s y se facilitar\u00e1 la interacci\u00f3n con los docentes y el resto de los participantes.<br \/>\n<strong>Foro:<\/strong> Se desarrollar\u00e1 un foro en la plataforma para fomentar el contacto entre los participantes y los docentes, habilitado para consultas de los participantes y para que los docentes dejen consignas para trabajar y debatir en conjunto.<br \/>\n<strong>Docente:<\/strong> El tutor docente estar\u00e1 disponible para responder dudas y consultas de los participantes y para ampliar contenidos de inter\u00e9s de los participantes.<br \/>\n<strong>Horarios:<\/strong> Los cursos son en modalidad asincr\u00f3nica, el participante puede acceder en los horarios que mejor le convenga, siempre respetando la cronolog\u00eda de los cursos.<br \/>\n<strong>Evaluaciones:<\/strong> En los curso se har\u00e1 una evaluaci\u00f3n final obligatoria para la aprobaci\u00f3n de los mismos.<br \/>\n<strong>Dedicaci\u00f3n:<\/strong> Cada participante deber\u00e1 destinar un m\u00e1ximo de 6 horas de trabajo por semana de curso.<\/p>\n<h4>Costo:<\/h4>\n<p>Costo del Curso\u00a0<strong>USD 120<\/strong><\/p>\n<p>Costo Socios de FEPALE\u00a0<strong>USD 90<\/strong><\/p>\n<h3 style=\"text-align: center\"><a href=\"https:\/\/forms.gle\/j2C8fqhRPUDusQsb9\" target=\"_blank\" rel=\"noopener noreferrer\">FORMULARIO DE INSCRIPCI\u00d3N AQU\u00cd<\/a><\/h3>\n<p style=\"text-align: right\"><strong>POR CONSULTAS:<\/strong><br \/>\n<strong>Elena Sierra \u2013 \u00c1rea de Capacitaci\u00f3n \u2013 FEPALE<\/strong><br \/>\n<strong>Luis A. de Herrera 1052 Torre B \/ 1507 \u2013 Montevideo \u2013 Uruguay<\/strong><br \/>\n<strong>TEL: (598) 2622 0968 \/ 2622 7538<\/strong><br \/>\n<strong>infocapacita@fepale.org\/www.fepale.org<\/strong><\/p>\n<p>&nbsp;<\/p>\n<p>&nbsp;<\/p>\n","protected":false},"excerpt":{"rendered":"<p>El Instituto Panamericano de Capacitaci\u00f3n para el Sector L\u00e1cteo de FEPALE convoca e invita al\u00a0Curso 3: La vaca en el sistema pastoril; reproducci\u00f3n, confort, sanidad, indicadores de desempe\u00f1o<\/p>\n<p><strong>Inicio 9 de noviembre 2020<\/strong><\/p>\n<p><strong>Organiza:\u00a0<\/strong><\/p>\n<p><img loading=\"lazy\" decoding=\"async\" class=\" wp-image-3076\" src=\"https:\/\/fepale.org\/capacitacion\/wp-content\/uploads\/2020\/02\/FEPALE_Marca-2016_A-01-300x168.jpg\" alt=\"\" width=\"203\" height=\"114\" srcset=\"https:\/\/fepale.org\/capacitacion\/wp-content\/uploads\/2020\/02\/FEPALE_Marca-2016_A-01-300x168.jpg 300w, https:\/\/fepale.org\/capacitacion\/wp-content\/uploads\/2020\/02\/FEPALE_Marca-2016_A-01-215x120.jpg 215w, https:\/\/fepale.org\/capacitacion\/wp-content\/uploads\/2020\/02\/FEPALE_Marca-2016_A-01.jpg 328w\" sizes=\"auto, (max-width: 203px) 100vw, 203px\" \/><\/p>\n","protected":false},"featured_media":3134,"template":"","meta":[],"pwb-brand":[],"product_brand":[],"product_cat":[96],"product_tag":[],"class_list":{"0":"post-3131","1":"product","2":"type-product","3":"status-publish","4":"has-post-thumbnail","6":"product_cat-96","8":"first","9":"instock","10":"shipping-taxable","11":"product-type-simple"},"brands":[],"_links":{"self":[{"href":"https:\/\/fepale.org\/capacitacion\/wp-json\/wp\/v2\/product\/3131","targetHints":{"allow":["GET"]}}],"collection":[{"href":"https:\/\/fepale.org\/capacitacion\/wp-json\/wp\/v2\/product"}],"about":[{"href":"https:\/\/fepale.org\/capacitacion\/wp-json\/wp\/v2\/types\/product"}],"wp:featuredmedia":[{"embeddable":true,"href":"https:\/\/fepale.org\/capacitacion\/wp-json\/wp\/v2\/media\/3134"}],"wp:attachment":[{"href":"https:\/\/fepale.org\/capacitacion\/wp-json\/wp\/v2\/media?parent=3131"}],"wp:term":[{"taxonomy":"pwb-brand","embeddable":true,"href":"https:\/\/fepale.org\/capacitacion\/wp-json\/wp\/v2\/pwb-brand?post=3131"},{"taxonomy":"product_brand","embeddable":true,"href":"https:\/\/fepale.org\/capacitacion\/wp-json\/wp\/v2\/product_brand?post=3131"},{"taxonomy":"product_cat","embeddable":true,"href":"https:\/\/fepale.org\/capacitacion\/wp-json\/wp\/v2\/product_cat?post=3131"},{"taxonomy":"product_tag","embeddable":true,"href":"https:\/\/fepale.org\/capacitacion\/wp-json\/wp\/v2\/product_tag?post=3131"}],"curies":[{"name":"wp","href":"https:\/\/api.w.org\/{rel}","templated":true}]}}