{"id":3127,"date":"2020-03-09T11:09:53","date_gmt":"2020-03-09T14:09:53","guid":{"rendered":"https:\/\/fepale.org\/capacitacion\/?post_type=product&#038;p=3127"},"modified":"2022-04-06T12:58:51","modified_gmt":"2022-04-06T15:58:51","slug":"curso-1-el-sistema-de-produccion-pastoril-y-estrategias-para-la-produccion-y-utilizacion-eficiente-de-forrajes-inicio-4-de-mayo-2020","status":"publish","type":"product","link":"https:\/\/fepale.org\/capacitacion\/producto\/curso-1-el-sistema-de-produccion-pastoril-y-estrategias-para-la-produccion-y-utilizacion-eficiente-de-forrajes-inicio-4-de-mayo-2020\/","title":{"rendered":"Curso 1: El sistema de producci\u00f3n pastoril, estrategias para la producci\u00f3n y utilizaci\u00f3n eficiente de forrajes  &#8211; Inicio 4 de Mayo 2020"},"content":{"rendered":"<h4>Presentaci\u00f3n:<\/h4>\n<p>Integra los componentes claves de la producci\u00f3n lechera relacionados con la alimentaci\u00f3n forrajera. La visi\u00f3n debe primar en la gesti\u00f3n forrajera para lograr una buena producci\u00f3n, utilizaci\u00f3n, y conservaci\u00f3n de los excedentes de pastura, as\u00ed como la utilizaci\u00f3n del forraje conservado en los per\u00edodos de carencia. Adem\u00e1s, el curso incluye las bases y acciones estrat\u00e9gicas a utilizarse para mejorar y mantener la fertilidad del suelo de manera racional y sostenible.<\/p>\n<h4>Programa:<\/h4>\n<table style=\"height: 290px\" width=\"870\">\n<tbody>\n<tr>\n<td width=\"80\">M\u00f3dulo<\/td>\n<td width=\"50\">Fecha<\/td>\n<td width=\"460\">Temas<\/td>\n<td width=\"109\">Docente<\/td>\n<\/tr>\n<tr>\n<td width=\"80\">1<\/td>\n<td width=\"50\">4\/5<\/td>\n<td width=\"460\">Pr\u00e1cticas de producci\u00f3n de forrajes y pasturas<\/td>\n<td width=\"109\">Carlos Batallas<\/td>\n<\/tr>\n<tr>\n<td width=\"80\">2<\/td>\n<td width=\"50\">11\/5<\/td>\n<td width=\"460\">Manejo racional de la fertilidad del suelo<\/td>\n<td width=\"109\">Carlos Batallas<\/td>\n<\/tr>\n<tr>\n<td width=\"80\">3<\/td>\n<td width=\"50\">18\/5<\/td>\n<td width=\"460\">Estrategia de un sistema pastoril, carga animal, partos, tipo de vaca; planificaci\u00f3n de oferta y demanda de alimento<\/td>\n<td width=\"109\">Gonzalo Tu\u00f1on<\/td>\n<\/tr>\n<tr>\n<td width=\"80\">4<\/td>\n<td width=\"50\">25\/5<\/td>\n<td width=\"460\">Gesti\u00f3n del pastoreo; manejo de las reservas forrajeras y suplementaci\u00f3n estrat\u00e9gica<\/td>\n<td width=\"109\">Gonzalo Tu\u00f1on<\/td>\n<\/tr>\n<tr>\n<td width=\"80\">Evaluaci\u00f3n<\/td>\n<td width=\"50\">1\/6<\/td>\n<td width=\"460\"><\/td>\n<td width=\"109\"><\/td>\n<\/tr>\n<\/tbody>\n<\/table>\n<h4>Metodolog\u00eda:<\/h4>\n<p><strong>On-line:<\/strong>\u00a0Los cursos se realizar\u00e1n en modalidad E-learning.<br \/>\n<strong>Aula virtual:<\/strong>\u00a0Se trabajar\u00e1 en una plataforma Web especialmente dise\u00f1ada para los cursos (aula y plataforma virtual), donde se podr\u00e1 acceder a los documentos, videos, link de inter\u00e9s y se facilitar\u00e1 la interacci\u00f3n con los docentes y el resto de los participantes.<br \/>\n<strong>Foro:<\/strong>\u00a0Se desarrollar\u00e1 un foro en la plataforma para fomentar el contacto entre los participantes y los docentes, habilitado para consultas de los participantes y para que los docentes dejen consignas para trabajar y debatir en conjunto.<br \/>\n<strong>Docente:<\/strong>\u00a0El tutor docente estar\u00e1 disponible para responder dudas y consultas de los participantes y para ampliar contenidos de inter\u00e9s de los participantes.<br \/>\n<strong>Horarios:<\/strong>\u00a0Los cursos son en modalidad asincr\u00f3nica, el participante puede acceder en los horarios que mejor le convenga, siempre respetando la cronolog\u00eda de los cursos.<br \/>\n<strong>Evaluaciones:<\/strong>\u00a0En los curso se har\u00e1 una evaluaci\u00f3n final obligatoria para la aprobaci\u00f3n de los mismos.<br \/>\n<strong>Dedicaci\u00f3n:<\/strong>\u00a0Cada participante deber\u00e1 destinar un m\u00e1ximo de 6 horas de trabajo por semana de curso.<\/p>\n<h4>Costo:<\/h4>\n<p>Costo del Curso\u00a0<strong>USD 120<\/strong><\/p>\n<p>Costo Socios de FEPALE\u00a0<strong>USD 90<\/strong><\/p>\n<h4>Siguientes Cursos del Ciclo:<\/h4>\n<p><a href=\"https:\/\/fepale.org\/capacitacion\/producto\/curso-2-manejo-de-la-nutricion-y-alimentacion-en-el-sistema-pastoril-inicio-9-de-agosto-2020\/\" target=\"_blank\" rel=\"noopener noreferrer\">Curso 2: Manejo de la nutrici\u00f3n y alimentaci\u00f3n en el sistema pastoril \u2013 10\/8\/20 a 7\/9\/20<\/a><\/p>\n<p><a href=\"https:\/\/fepale.org\/capacitacion\/producto\/curso-3-la-vaca-en-el-sistema-pastoril-reproduccion-confort-sanidad-indicadores-de-desempeno-inicio-9-de-noviembre-2020\/\" target=\"_blank\" rel=\"noopener noreferrer\">Curso 3: La vaca en el sistema pastoril; reproducci\u00f3n, confort, sanidad, indicadores de desempe\u00f1o \u2013 9\/11\/20 a 7\/12\/20<\/a><\/p>\n<p>&nbsp;<\/p>\n<h3 style=\"text-align: center\"><a href=\"https:\/\/forms.gle\/VPQAXhhEb5X9tymb9\" target=\"_blank\" rel=\"noopener noreferrer\">FORMULARIO DE INSCRIPCI\u00d3N AQU\u00cd<\/a><\/h3>\n<p style=\"text-align: right\"><strong>POR CONSULTAS:<\/strong><br \/>\n<strong>Elena Sierra \u2013 \u00c1rea de Capacitaci\u00f3n \u2013 FEPALE<\/strong><br \/>\n<strong>Luis A. de Herrera 1052 Torre B \/ 1507 \u2013 Montevideo \u2013 Uruguay<\/strong><br \/>\n<strong>TEL: (598) 2622 0968 \/ 2622 7538<\/strong><br \/>\n<strong>infocapacita@fepale.org\/www.fepale.org<\/strong><\/p>\n","protected":false},"excerpt":{"rendered":"<p>El Instituto Panamericano de Capacitaci\u00f3n para el Sector L\u00e1cteo de FEPALE convoca e invita al\u00a0Curso 1: El sistema de producci\u00f3n pastoril, estrategias para la producci\u00f3n y utilizaci\u00f3n eficiente de forrajes<\/p>\n<p><strong> Inicio 4 de Mayo 2020<\/strong><\/p>\n<p><strong>Organiza:<\/strong><\/p>\n<p><img loading=\"lazy\" decoding=\"async\" class=\" wp-image-3076\" src=\"https:\/\/fepale.org\/capacitacion\/wp-content\/uploads\/2020\/02\/FEPALE_Marca-2016_A-01-300x168.jpg\" alt=\"\" width=\"184\" height=\"103\" srcset=\"https:\/\/fepale.org\/capacitacion\/wp-content\/uploads\/2020\/02\/FEPALE_Marca-2016_A-01-300x168.jpg 300w, https:\/\/fepale.org\/capacitacion\/wp-content\/uploads\/2020\/02\/FEPALE_Marca-2016_A-01-215x120.jpg 215w, https:\/\/fepale.org\/capacitacion\/wp-content\/uploads\/2020\/02\/FEPALE_Marca-2016_A-01.jpg 328w\" sizes=\"auto, (max-width: 184px) 100vw, 184px\" \/><\/p>\n","protected":false},"featured_media":3128,"template":"","meta":[],"pwb-brand":[],"product_brand":[],"product_cat":[96],"product_tag":[],"class_list":{"0":"post-3127","1":"product","2":"type-product","3":"status-publish","4":"has-post-thumbnail","6":"product_cat-96","8":"first","9":"instock","10":"shipping-taxable","11":"product-type-simple"},"brands":[],"_links":{"self":[{"href":"https:\/\/fepale.org\/capacitacion\/wp-json\/wp\/v2\/product\/3127","targetHints":{"allow":["GET"]}}],"collection":[{"href":"https:\/\/fepale.org\/capacitacion\/wp-json\/wp\/v2\/product"}],"about":[{"href":"https:\/\/fepale.org\/capacitacion\/wp-json\/wp\/v2\/types\/product"}],"wp:featuredmedia":[{"embeddable":true,"href":"https:\/\/fepale.org\/capacitacion\/wp-json\/wp\/v2\/media\/3128"}],"wp:attachment":[{"href":"https:\/\/fepale.org\/capacitacion\/wp-json\/wp\/v2\/media?parent=3127"}],"wp:term":[{"taxonomy":"pwb-brand","embeddable":true,"href":"https:\/\/fepale.org\/capacitacion\/wp-json\/wp\/v2\/pwb-brand?post=3127"},{"taxonomy":"product_brand","embeddable":true,"href":"https:\/\/fepale.org\/capacitacion\/wp-json\/wp\/v2\/product_brand?post=3127"},{"taxonomy":"product_cat","embeddable":true,"href":"https:\/\/fepale.org\/capacitacion\/wp-json\/wp\/v2\/product_cat?post=3127"},{"taxonomy":"product_tag","embeddable":true,"href":"https:\/\/fepale.org\/capacitacion\/wp-json\/wp\/v2\/product_tag?post=3127"}],"curies":[{"name":"wp","href":"https:\/\/api.w.org\/{rel}","templated":true}]}}