{"id":3123,"date":"2020-03-09T11:02:04","date_gmt":"2020-03-09T14:02:04","guid":{"rendered":"https:\/\/fepale.org\/capacitacion\/?post_type=product&#038;p=3123"},"modified":"2022-04-06T12:58:58","modified_gmt":"2022-04-06T15:58:58","slug":"ciclo-de-cursos-sobre-produccion-de-leche-en-sistemas-pastoriles","status":"publish","type":"product","link":"https:\/\/fepale.org\/capacitacion\/producto\/ciclo-de-cursos-sobre-produccion-de-leche-en-sistemas-pastoriles\/","title":{"rendered":"Ciclo de cursos sobre Producci\u00f3n de Leche en Sistemas Pastoriles &#8211; Inicio 4 de Mayo 2020"},"content":{"rendered":"<p>El Ciclo ha sido dise\u00f1ado para fortalecer los fundamentos de implementaci\u00f3n y mejora de los sistemas pastoriles de producci\u00f3n lechera. El enfoque principal est\u00e1 dirigido a fortalecer la rentabilidad con estrategias y herramientas amigables con las personas y animales, y ambiental-mente sostenibles. El ciclo es s\u00f3lido en lo acad\u00e9mico, rico en experiencias pr\u00e1cticas de campo y de formato amigable.<\/p>\n<h4><strong>Objetivos:<\/strong><\/h4>\n<ul>\n<li>Explorar los fundamentos de los sistemas de producci\u00f3n de leche con particular foco en sistemas pastoriles.<\/li>\n<li>Dejar a cada participante herramientas aplicables en la pr\u00e1ctica diaria, \u00fatiles para due\u00f1os, asesores, operarios y estudiantes.<\/li>\n<\/ul>\n<h4><strong>P\u00fablico objetivo:<\/strong><\/h4>\n<ul>\n<li>Productores, empresarios, due\u00f1os de predios lecheros.<\/li>\n<li>Encargados, managers de la gesti\u00f3n de lecher\u00edas.<\/li>\n<li>T\u00e9cnicos asesores.<\/li>\n<li>Estudiantes de carreras afines con la producci\u00f3n de leche.<\/li>\n<li>Todas las personas a las que le entusiasme entender aspectos de la producci\u00f3n lechera en un mundo cambiante que nos trae desaf\u00edos nuevos.<\/li>\n<\/ul>\n<h4>Programa:<\/h4>\n<p><a href=\"https:\/\/fepale.org\/capacitacion\/producto\/curso-1-el-sistema-de-produccion-pastoril-y-estrategias-para-la-produccion-y-utilizacion-eficiente-de-forrajes-inicio-4-de-mayo-2020\/\" target=\"_blank\" rel=\"noopener noreferrer\">Curso 1: El sistema de producci\u00f3n pastoril, estrategias para la producci\u00f3n y utilizaci\u00f3n eficiente de forrajes &#8211; 4\/5\/20 a 1\/6\/20<\/a><\/p>\n<p><a href=\"https:\/\/fepale.org\/capacitacion\/producto\/curso-2-manejo-de-la-nutricion-y-alimentacion-en-el-sistema-pastoril-inicio-9-de-agosto-2020\/\" target=\"_blank\" rel=\"noopener noreferrer\">Curso 2: Manejo de la nutrici\u00f3n y alimentaci\u00f3n en el sistema pastoril &#8211; 10\/8\/20 a 7\/9\/20<\/a><\/p>\n<p><a href=\"https:\/\/fepale.org\/capacitacion\/producto\/curso-3-la-vaca-en-el-sistema-pastoril-reproduccion-confort-sanidad-indicadores-de-desempeno-inicio-9-de-noviembre-2020\/\" target=\"_blank\" rel=\"noopener noreferrer\">Curso 3: La vaca en el sistema pastoril; reproducci\u00f3n, confort, sanidad, indicadores de desempe\u00f1o &#8211; 9\/11\/20 a 7\/12\/20<\/a><\/p>\n<p>El participante podr\u00e1 optar por realizar el Ciclo de Cursos completo compuesto por tres Cursos, que ser\u00e1n dictados durante el presente a\u00f1o, o pueden optar por realizar el Cursos que desee, ya que los tres est\u00e1n dise\u00f1ados independientemente.<\/p>\n<p>El presente Ciclo est\u00e1 constituido por tres Cursos, cada uno lleva su evaluaci\u00f3n correspondiente y al superarla obtendr\u00e1 un Certificado correspondiente a dicho Cursos.<\/p>\n<p>Si opta por realizar el Ciclo completo, se realizar\u00e1 la evaluaci\u00f3n de cada Cursos y al superarla estar\u00e1 apto para continuar con la siguiente etapa, finalmente habr\u00e1 una evaluaci\u00f3n que al aprobarla quedar\u00e1 Certificado el Ciclo completo.<\/p>\n<h4><strong>Modalidad de los cursos:<\/strong><\/h4>\n<p><strong>On-line:<\/strong> Los cursos se realizar\u00e1n en modalidad E-learning.<br \/>\n<strong>Aula virtual:<\/strong> Se trabajar\u00e1 en una plataforma Web especialmente dise\u00f1ada para los cursos (aula y plataforma virtual), donde se podr\u00e1 acceder a los documentos, videos, link de inter\u00e9s y se facilitar\u00e1 la interacci\u00f3n con los docentes y el resto de los participantes.<br \/>\n<strong>Foro:<\/strong> Se desarrollar\u00e1 un foro en la plataforma para fomentar el contacto entre los participantes y los docentes, habilitado para consultas de los participantes y para que los docentes dejen consignas para trabajar y debatir en conjunto.<br \/>\n<strong>Docente:<\/strong> El tutor docente estar\u00e1 disponible para responder dudas y consultas de los participantes y para ampliar contenidos de inter\u00e9s de los participantes.<br \/>\n<strong>Horarios:<\/strong> Los cursos son en modalidad asincr\u00f3nica, el participante puede acceder en los horarios que mejor le convenga, siempre respetando la cronolog\u00eda de los cursos.<br \/>\n<strong>Evaluaciones:<\/strong> En los curso se har\u00e1 una evaluaci\u00f3n final obligatoria para la aprobaci\u00f3n de los mismos.<br \/>\n<strong>Dedicaci\u00f3n:<\/strong> Cada participante deber\u00e1 destinar un m\u00e1ximo de 6 horas de trabajo por semana de curso.<\/p>\n<h4><strong>Docentes:<\/strong><\/h4>\n<p>Gonzalo Tu\u00f1on\u00a0<a href=\"https:\/\/fepale.org\/capacitacion\/wp-content\/uploads\/2020\/03\/CV_Dr.-Gonzalo-Tu\u00f1on.pdf\">CV_Dr. Gonzalo Tu\u00f1on<\/a><\/p>\n<p>Carlos Batallas\u00a0<a href=\"https:\/\/fepale.org\/capacitacion\/wp-content\/uploads\/2020\/03\/CV_Ing.-Carlos-Batallas.pdf\">CV_Ing. Carlos Batallas<\/a><\/p>\n<h4>Certificaci\u00f3n:<\/h4>\n<p>Aquel participante que apruebe las instancias de evaluaci\u00f3n recibir\u00e1:<br \/>\n\u2013 Certificado de Participaci\u00f3n y Aprobaci\u00f3n<br \/>\n\u2013 Constancia de Programa cumplido en el curso<br \/>\nSi el participante cumple los requisitos para recibir estos documentos se enviar\u00e1n v\u00eda correo electr\u00f3nico con las firmas respectivas en archivo PDF, el cual deber\u00e1 imprimir.<\/p>\n<h4>Costos:<\/h4>\n<p>Costo del Ciclo Completo\u00a0<strong>USD 320<\/strong><\/p>\n<p>Costo para socios de FEPALE\u00a0<strong>USD 240<\/strong><\/p>\n<h3 style=\"text-align: center\"><a href=\"https:\/\/forms.gle\/3ig7sxP8sxytb6iE8\" target=\"_blank\" rel=\"noopener noreferrer\">FORMULARIO DE INSCRIPCI\u00d3N AQU\u00cd<\/a><\/h3>\n<p style=\"text-align: right\"><strong>POR CONSULTAS:<\/strong><br \/>\n<strong>Elena Sierra \u2013 \u00c1rea de Capacitaci\u00f3n \u2013 FEPALE<\/strong><br \/>\n<strong>Luis A. de Herrera 1052 Torre B \/ 1507 \u2013 Montevideo \u2013 Uruguay<\/strong><br \/>\n<strong>TEL: (598) 2622 0968 \/ 2622 7538<\/strong><br \/>\n<strong>infocapacita@fepale.org\/www.fepale.org<\/strong><\/p>\n","protected":false},"excerpt":{"rendered":"<p>El Instituto Panamericano de Capacitaci\u00f3n para el Sector L\u00e1cteo de FEPALE convoca e invita al Ciclo\u00a0de cursos sobre Producci\u00f3n de Leche en Sistemas Pastoriles.<\/p>\n<p><strong>Inicio: 04 de Mayo 2020<\/strong><\/p>\n<p><strong>Organiza:\u00a0<\/strong><\/p>\n<p><img loading=\"lazy\" decoding=\"async\" class=\" wp-image-3076\" src=\"https:\/\/fepale.org\/capacitacion\/wp-content\/uploads\/2020\/02\/FEPALE_Marca-2016_A-01-300x168.jpg\" alt=\"\" width=\"193\" height=\"108\" srcset=\"https:\/\/fepale.org\/capacitacion\/wp-content\/uploads\/2020\/02\/FEPALE_Marca-2016_A-01-300x168.jpg 300w, https:\/\/fepale.org\/capacitacion\/wp-content\/uploads\/2020\/02\/FEPALE_Marca-2016_A-01-215x120.jpg 215w, https:\/\/fepale.org\/capacitacion\/wp-content\/uploads\/2020\/02\/FEPALE_Marca-2016_A-01.jpg 328w\" sizes=\"auto, (max-width: 193px) 100vw, 193px\" \/><\/p>\n","protected":false},"featured_media":3126,"template":"","meta":[],"pwb-brand":[],"product_brand":[],"product_cat":[96],"product_tag":[],"class_list":{"0":"post-3123","1":"product","2":"type-product","3":"status-publish","4":"has-post-thumbnail","6":"product_cat-96","8":"first","9":"instock","10":"shipping-taxable","11":"product-type-simple"},"brands":[],"_links":{"self":[{"href":"https:\/\/fepale.org\/capacitacion\/wp-json\/wp\/v2\/product\/3123","targetHints":{"allow":["GET"]}}],"collection":[{"href":"https:\/\/fepale.org\/capacitacion\/wp-json\/wp\/v2\/product"}],"about":[{"href":"https:\/\/fepale.org\/capacitacion\/wp-json\/wp\/v2\/types\/product"}],"wp:featuredmedia":[{"embeddable":true,"href":"https:\/\/fepale.org\/capacitacion\/wp-json\/wp\/v2\/media\/3126"}],"wp:attachment":[{"href":"https:\/\/fepale.org\/capacitacion\/wp-json\/wp\/v2\/media?parent=3123"}],"wp:term":[{"taxonomy":"pwb-brand","embeddable":true,"href":"https:\/\/fepale.org\/capacitacion\/wp-json\/wp\/v2\/pwb-brand?post=3123"},{"taxonomy":"product_brand","embeddable":true,"href":"https:\/\/fepale.org\/capacitacion\/wp-json\/wp\/v2\/product_brand?post=3123"},{"taxonomy":"product_cat","embeddable":true,"href":"https:\/\/fepale.org\/capacitacion\/wp-json\/wp\/v2\/product_cat?post=3123"},{"taxonomy":"product_tag","embeddable":true,"href":"https:\/\/fepale.org\/capacitacion\/wp-json\/wp\/v2\/product_tag?post=3123"}],"curies":[{"name":"wp","href":"https:\/\/api.w.org\/{rel}","templated":true}]}}