{"id":3075,"date":"2020-02-03T12:21:49","date_gmt":"2020-02-03T15:21:49","guid":{"rendered":"https:\/\/fepale.org\/capacitacion\/?post_type=product&#038;p=3075"},"modified":"2022-04-06T12:59:41","modified_gmt":"2022-04-06T15:59:41","slug":"ciclo-de-cursos-sobre-queseria-2020","status":"publish","type":"product","link":"https:\/\/fepale.org\/capacitacion\/producto\/ciclo-de-cursos-sobre-queseria-2020\/","title":{"rendered":"Ciclo de Cursos sobre Queser\u00eda 2020 &#8211; Inicio 23 de marzo 2020"},"content":{"rendered":"<h4>Objetivos del Ciclo:<\/h4>\n<p>Conocer, comprender y aplicar los procedimientos necesarios para producir quesos de calidad y asegurando la inocuidad.<\/p>\n<p>Fortalecer los recursos humanos de las empresas elaboradoras y de las personas que se est\u00e9n iniciando o que quieran actualizarse en el rubro de elaboraci\u00f3n de quesos con base en conocimientos pr\u00e1cticos, cient\u00edficos y t\u00e9cnicos en procesos de elaboraci\u00f3n y de maduraci\u00f3n, aplicando las buenas pr\u00e1cticas de higiene y de manufactura.<\/p>\n<h4>P\u00fablico objetivo:<\/h4>\n<p>El curso est\u00e1 dirigido a quienes poseen conocimientos b\u00e1sicos, que est\u00e9n trabajando en industrias alimentarias, queser\u00edas o quieran ampliar sus conocimientos en el rubro.<\/p>\n<p>Est\u00e1 dirigido a todas aquellas personas que trabajan como operarios de industrias, queser\u00edas artesanales, t\u00e9cnicos en otros ramos de la elaboraci\u00f3n de alimentos, as\u00ed como tambi\u00e9n a aquellas personas que est\u00e9n proyectando iniciarse en el rubro quesero.<\/p>\n<p>El participante podr\u00e1 optar por realizar el Ciclo de Cursos completo compuesto por tres Cursos, que ser\u00e1n dictados durante el presente a\u00f1o, o pueden optar por realizar el Cursos que desee, ya que los tres est\u00e1n dise\u00f1ados independientemente.<\/p>\n<h4>Programa.<\/h4>\n<p>El presente Ciclo est\u00e1 constituido por tres Cursos, cada uno lleva su evaluaci\u00f3n correspondiente y al superarla obtendr\u00e1 un Certificado correspondiente a dicho Cursos.<\/p>\n<p>Si opta por realizar el Ciclo completo, se realizar\u00e1 la evaluaci\u00f3n de cada Cursos y al superarla estar\u00e1 apto para continuar con la siguiente etapa, finalmente habr\u00e1 una evaluaci\u00f3n que al aprobarla quedar\u00e1 Certificado el Ciclo completo.<\/p>\n<p><a href=\"https:\/\/fepale.org\/capacitacion\/producto\/curso-1-fundamento-de-la-queseria-inicio-23-de-marzo-2020\/\" target=\"_blank\" rel=\"noopener noreferrer\"><strong>Curso 1 &#8211; Fundamentos de la Queser\u00eda- Inicio 23 de Marzo &#8211; Costo USD 120\u00a0<\/strong><\/a><\/p>\n<p><a href=\"https:\/\/fepale.org\/capacitacion\/producto\/curso-2-elaboracion-y-maduracion-de-las-familias-de-quesos-grana-quesos-con-ojos-y-quesos-de-pasta-hilada-inicio-22-de-junio-2020\/\" target=\"_blank\" rel=\"noopener noreferrer\"><strong>Curso 2 &#8211; Elaboraci\u00f3n y maduraci\u00f3n de las Familias de Quesos Grana (pasta dura sin ojos), Quesos con Ojos y Quesos de Pasta Hilada &#8211; Inicio 22 de Junio &#8211; Costo USD 120\u00a0<\/strong><\/a><\/p>\n<p><a href=\"https:\/\/fepale.org\/capacitacion\/producto\/curso-3-principales-defectos-en-quesos-y-como-abordarlos-inicio-12-de-octubre-2020\/\" target=\"_blank\" rel=\"noopener noreferrer\"><strong>Curso 3 \u2013 Principales Defectos en Quesos y como abordarlos &#8211; Inicio 12 de Octubre &#8211; Costo USD 120\u00a0<\/strong><\/a><\/p>\n<h4>Modalidad de los cursos:<\/h4>\n<p><strong>On-line:<\/strong> Los cursos se realizar\u00e1n en modalidad E-learning.<br \/>\n<strong>Aula virtual:<\/strong> Se trabajar\u00e1 en una plataforma Web especialmente dise\u00f1ada para los cursos (aula y plataforma virtual), donde se podr\u00e1 acceder a los documentos, videos, link de inter\u00e9s y se facilitar\u00e1 la interacci\u00f3n con los docentes y el resto de los participantes.<br \/>\n<strong>Foro:<\/strong> Se desarrollar\u00e1 un foro en la plataforma para fomentar el contacto entre los participantes y los docentes, habilitado para consultas de los participantes y para que los docentes dejen consignas para trabajar y debatir en conjunto.<br \/>\n<strong>Docente:<\/strong> El tutor docente estar\u00e1 disponible para responder dudas y consultas de los participantes y para ampliar contenidos de inter\u00e9s de los participantes.<br \/>\n<strong>Horarios:<\/strong> Los cursos son en modalidad asincr\u00f3nica, el participante puede acceder en los horarios que mejor le convenga, siempre respetando la cronolog\u00eda de los cursos.<br \/>\n<strong>Evaluaciones:<\/strong> En los curso se har\u00e1 una evaluaci\u00f3n final obligatoria para la aprobaci\u00f3n de los mismos.<br \/>\n<strong>Dedicaci\u00f3n:<\/strong> Cada participante deber\u00e1 destinar un m\u00e1ximo de 6 horas de trabajo por semana de curso.<\/p>\n<h4>Docentes:<\/h4>\n<p>T.L. Gabriela Lans. &#8211;\u00a0<a href=\"https:\/\/fepale.org\/capacitacion\/wp-content\/uploads\/2020\/02\/C.V.-Gabriela-Lans-1.pdf\">C.V. Gabriela Lans<\/a><br \/>\nLic. Rodrigo Irigoyt\u00eda. &#8211;\u00a0<a href=\"https:\/\/fepale.org\/capacitacion\/wp-content\/uploads\/2020\/02\/C.V.-Rodrigo-Jos\u00e9-Irigoyt\u00eda-Errecarte.pdf\" target=\"_blank\" rel=\"noopener noreferrer\">C.V. Rodrigo Jos\u00e9 Irigoyt\u00eda Errecarte<\/a><br \/>\nT.L. Sergio Borbonet. &#8211;\u00a0<a href=\"https:\/\/fepale.org\/capacitacion\/wp-content\/uploads\/2020\/02\/CV-Sergio-Borbonet-1.pdf\">CV &#8211; Sergio Borbonet<\/a><\/p>\n<h4>Costos:<\/h4>\n<p>Costo del Ciclo Completo <strong>USD 320<\/strong><\/p>\n<p>Costo para socios de FEPALE <strong>USD 240<\/strong><\/p>\n<h3 style=\"text-align: center\"><strong><a href=\"https:\/\/forms.gle\/GG8E2VktHjJB5sDdA\" target=\"_blank\" rel=\"noopener noreferrer\">FORMULARIO DE INSCRIPCI\u00d3N<\/a><\/strong><\/h3>\n<p style=\"text-align: right\"><strong>POR CONSULTAS:<\/strong><br \/>\n<strong>Elena Sierra \u2013 \u00c1rea de Capacitaci\u00f3n \u2013 FEPALE<\/strong><br \/>\n<strong>Luis A. de Herrera 1052 Torre B \/ 1507 \u2013 Montevideo \u2013 Uruguay<\/strong><br \/>\n<strong>TEL: (598) 2622 0968 \/ 2622 7538<\/strong><br \/>\n<strong>infocapacita@fepale.org\/www.fepale.org<\/strong><\/p>\n","protected":false},"excerpt":{"rendered":"<p>El Instituto Panamericano de Capacitaci\u00f3n para el Sector L\u00e1cteo de FEPALE convoca e invita al Ciclo de Cursos sobre Queser\u00eda 2020.<\/p>\n<p><strong>Inicio 23 de marzo 2020<\/strong><\/p>\n<p><strong>Organiza:\u00a0<\/strong><\/p>\n<p><img loading=\"lazy\" decoding=\"async\" class=\" wp-image-3076\" src=\"https:\/\/fepale.org\/capacitacion\/wp-content\/uploads\/2020\/02\/FEPALE_Marca-2016_A-01-300x168.jpg\" alt=\"\" width=\"171\" height=\"96\" srcset=\"https:\/\/fepale.org\/capacitacion\/wp-content\/uploads\/2020\/02\/FEPALE_Marca-2016_A-01-300x168.jpg 300w, https:\/\/fepale.org\/capacitacion\/wp-content\/uploads\/2020\/02\/FEPALE_Marca-2016_A-01-215x120.jpg 215w, https:\/\/fepale.org\/capacitacion\/wp-content\/uploads\/2020\/02\/FEPALE_Marca-2016_A-01.jpg 328w\" sizes=\"auto, (max-width: 171px) 100vw, 171px\" \/><\/p>\n<p>&nbsp;<\/p>\n","protected":false},"featured_media":3077,"template":"","meta":[],"pwb-brand":[],"product_brand":[],"product_cat":[96],"product_tag":[],"class_list":{"0":"post-3075","1":"product","2":"type-product","3":"status-publish","4":"has-post-thumbnail","6":"product_cat-96","8":"first","9":"instock","10":"shipping-taxable","11":"product-type-simple"},"brands":[],"_links":{"self":[{"href":"https:\/\/fepale.org\/capacitacion\/wp-json\/wp\/v2\/product\/3075","targetHints":{"allow":["GET"]}}],"collection":[{"href":"https:\/\/fepale.org\/capacitacion\/wp-json\/wp\/v2\/product"}],"about":[{"href":"https:\/\/fepale.org\/capacitacion\/wp-json\/wp\/v2\/types\/product"}],"wp:featuredmedia":[{"embeddable":true,"href":"https:\/\/fepale.org\/capacitacion\/wp-json\/wp\/v2\/media\/3077"}],"wp:attachment":[{"href":"https:\/\/fepale.org\/capacitacion\/wp-json\/wp\/v2\/media?parent=3075"}],"wp:term":[{"taxonomy":"pwb-brand","embeddable":true,"href":"https:\/\/fepale.org\/capacitacion\/wp-json\/wp\/v2\/pwb-brand?post=3075"},{"taxonomy":"product_brand","embeddable":true,"href":"https:\/\/fepale.org\/capacitacion\/wp-json\/wp\/v2\/product_brand?post=3075"},{"taxonomy":"product_cat","embeddable":true,"href":"https:\/\/fepale.org\/capacitacion\/wp-json\/wp\/v2\/product_cat?post=3075"},{"taxonomy":"product_tag","embeddable":true,"href":"https:\/\/fepale.org\/capacitacion\/wp-json\/wp\/v2\/product_tag?post=3075"}],"curies":[{"name":"wp","href":"https:\/\/api.w.org\/{rel}","templated":true}]}}