{"id":3029,"date":"2019-09-26T11:47:27","date_gmt":"2019-09-26T14:47:27","guid":{"rendered":"https:\/\/fepale.org\/capacitacion\/?post_type=product&#038;p=3029"},"modified":"2022-04-06T13:00:20","modified_gmt":"2022-04-06T16:00:20","slug":"produccion-lechera-innovacion-tecnologia-y-productividad-del-20-al-24-de-abril-2020-presencial","status":"publish","type":"product","link":"https:\/\/fepale.org\/capacitacion\/producto\/produccion-lechera-innovacion-tecnologia-y-productividad-del-20-al-24-de-abril-2020-presencial\/","title":{"rendered":"Producci\u00f3n Lechera &#8211; Innovaci\u00f3n, tecnolog\u00eda y productividad &#8211; Del 20 al 24 de Abril 2020 (Presencial)"},"content":{"rendered":"<h4>PROGRAMA<\/h4>\n<p><strong>LUNES, 20 DE ABRIL DE 2020 \u2013 10.00 a las 17:00<\/strong><\/p>\n<p>Lugar: Sede de INIA La Estanzuela (Colonia, Uruguay)<\/p>\n<p>10.00 &#8211; Apertura y presentaci\u00f3n de los participantes (Ariel Londinsky. FEPALE )<\/p>\n<p>10.15 &#8211; Presentaci\u00f3n del curso, del programa de trabajo y de los docentes. (Dar\u00edo Hirigoyen- INIA)<\/p>\n<p>10.30 &#8211; Presentaci\u00f3n del INIA, \u201cm\u00e1s de un siglo de investigaci\u00f3n agropecuaria\u201d. (Dar\u00edo Hirigoyen- INIA)<\/p>\n<p>11.30 -El mercado internacional de l\u00e1cteos y como juegan los distintos actores en Am\u00e9rica Latina.<\/p>\n<p>(Ariel Londinsky. FEPALE)<\/p>\n<p>12:30 &#8211; Almuerzo<\/p>\n<p>13:30 &#8211;\u00a0 Presentaci\u00f3n de la cadena l\u00e1ctea- ejemplo de Uruguay. (D. Hirigoyen- INIA.FV)<\/p>\n<p>14.30 &#8211;\u00a0Proyecto de producci\u00f3n competitiva de Conaprole. Gesti\u00f3n de indicadores.<\/p>\n<p>15.30\u00a0\u00a0\u00a0\u00a0 &#8211; Presentaci\u00f3n de la Unidad de lecher\u00eda de La Estanzuela- INIA. Comercial y Experimental. Datos e indicadores de producci\u00f3n. Como se maneja. (M. Pla-INIA).<\/p>\n<p>17:00 \u2013 Cierre<\/p>\n<p><strong>MARTES, 21 DE ABRIL DE 2020 &#8211; 08:30 a las 17:00<\/strong><\/p>\n<p>Lugar: Sede de INIA La Estanzuela (Colonia, Uruguay)<\/p>\n<p>08:30 \u2013 Despliegue y avances de los proyectos en el \u00e1rea lecher\u00eda en INIA-Uruguay. (Santiago Fari\u00f1a. INIA)<\/p>\n<p>10.00 &#8211; Plan de uso y manejo de suelos en lecher\u00eda. Impacto ambiental, evoluci\u00f3n del programa. RENARE\/Silvana Delgado.<\/p>\n<p>11:00 \u2013 Milk break<\/p>\n<p>11.30 &#8211; Resultados de Estr\u00e9s cal\u00f3rico y su impacto en la salud y producci\u00f3n de la vaca lechera. Como se gestiona el estr\u00e9s cal\u00f3rico en tambos comerciales.\u00a0 Bienestar animal. (R-Martinez; Alejandro La Manna-INIA)<\/p>\n<p>13:00 &#8211; Almuerzo<\/p>\n<p>14:00 &#8211;\u00a0 Manejo de efluentes en establecimientos lecheros.<\/p>\n<p>15.00- Visita a la Unidad de lecher\u00eda. \u201cInstalaciones y animales del Proyecto 10 mil\u201d. (Alejandro Mendoza. INIA)<\/p>\n<p>17:00 \u2013 Cierre<\/p>\n<p><strong>MIERCOLES, 22 DE ABRIEL DE 2020 &#8211; 08:30 a las 17:00<\/strong><\/p>\n<p>Lugar: Sede de INIA La Estanzuela (Colonia, Uruguay)<\/p>\n<p>08:30 \u2013 Avance de los proyectos FPTA (Carlos Ota\u00f1o. INIA)<\/p>\n<p>9.30 &#8211; Presentaci\u00f3n de sistemas de Orde\u00f1o voluntario \u201cRobotizaci\u00f3n\u201d, en base pastoril. (Santiago Fari\u00f1a; Alejandro La Manna- INIA)<\/p>\n<p>10.30 &#8211; Milk break<\/p>\n<p>11:00 \u2013 Visita al Sistema de Orde\u00f1e Voluntario. INIA La Estanzuela. (M.Pla, J. Negrin. INIA)<\/p>\n<p>13:00 &#8211; Almuerzo<\/p>\n<p>14:00 &#8211;\u00a0 Calidad higi\u00e9nica sanitaria, alteraciones, contaminaci\u00f3n. Factores de riesgos. (Dar\u00edo Hirigoyen INIA-FV)<\/p>\n<p>15.00 &#8211; Salud de Ubre, formas de manejo. Resultados de proyectos de mastitis. (Elena de Torres \/D. Hirigoyen FV-INIA)<\/p>\n<p>16.00 &#8211; Buenas pr\u00e1cticas en el orde\u00f1o \/ Rutina de orde\u00f1o. (Dar\u00edo Hirigoyen -INIA-FV)<\/p>\n<p>17:30 \u2013 Cierre<\/p>\n<p><strong>JUEVES, 23 DE ABRIL DE 2020 &#8211; 08:30 a las 17:00<\/strong><\/p>\n<p>Lugar: Sede de INIA La Estanzuela (Colonia, Uruguay)<\/p>\n<p>8:30 \u2013\u00a0\u00a0 Sistemas pastoriles en clima templado, formas de manejo en lecher\u00eda, variedades de gram\u00edneas y leguminosas utilizadas, implantaci\u00f3n, rendimientos, fertilizaciones, cosecha. (Rodrigo Zarza-INIA)<\/p>\n<p>10:00 \u00a0\u00a0 Sistemas de pago en Uruguay.<\/p>\n<p>11.00\u00a0\u00a0\u00a0\u00a0 Milk break<\/p>\n<p>11:30 \u2013 Cr\u00eda y recr\u00eda de terneras de remplazo. Situaci\u00f3n nacional. Avances del proyecto de salud y sanidad de la crianza de terneros. Plataforma de Salud animal, en INIA-Uruguay. (PSA.INIA)<\/p>\n<p>13:00 &#8211; Almuerzo<\/p>\n<p>14:00 &#8211;\u00a0 Ingesta de las principales categor\u00edas claves del tambo &#8211;\u00a0 Requerimientos nutricionales en la cr\u00eda y recr\u00eda. Dietas preparto y de vacas frescas para alto desempe\u00f1o productivo. Gesti\u00f3n practica del per\u00edodo de transici\u00f3n de la vaca lechera. (Alejandro Mendoza-INIA)<\/p>\n<p>15.30- Visita al laboratorio de calidad de leche. INIA La Estanzuela. (A. Cartaya- INIA)<\/p>\n<p>17:00 \u2013 Cierre<\/p>\n<p><strong>VIERNES, 24 DE ABRIL 2020 &#8211; 08:30 a las 17:00<\/strong><\/p>\n<p>Lugar: Sede de INIA La Estanzuela (Colonia, Uruguay)<\/p>\n<p>08:30 \u2013 Visita a dos establecimientos de orde\u00f1e comerciales de la regi\u00f3n de Colonia.<\/p>\n<p>13.00 &#8211;\u00a0\u00a0\u00a0 Almuerzo<\/p>\n<p>14:30 \u2013 Cierre del curso<\/p>\n<h4>COSTOS<\/h4>\n<p><strong>El Costo del Curso es de USD 520 (d\u00f3lares americanos)\u00a0<\/strong><\/p>\n<p><strong>Incluye:\u00a0<\/strong><\/p>\n<p>&#8211; La Participaci\u00f3n en el Curso<\/p>\n<p>&#8211; Materiales<\/p>\n<p>&#8211; Alimentaci\u00f3n de todos los d\u00edas<\/p>\n<p>&#8211; Traslados del Hotel a la sede del evento y la gira de las Visitas T\u00e9cnicas.<\/p>\n<p><strong>No Incluye Alojamiento <\/strong><\/p>\n<p>Abonando antes del\u00a006 de Abril 2020 se obtendr\u00e1 un precio bonificado y el costo ser\u00e1 de\u00a0<strong>USD 450 (d\u00f3lares americanos)<\/strong><\/p>\n<p><strong>Descuento del 20% para Socios de FEPALE<\/strong><\/p>\n<h4>ALOJAMIENTO RECOMENDADO<\/h4>\n<table style=\"height: 575px\" width=\"899\">\n<tbody>\n<tr>\n<td colspan=\"6\" width=\"795\"><strong>Hoteles en Colonia<\/strong><\/td>\n<\/tr>\n<tr>\n<td width=\"83\"><strong>Hotel<\/strong><\/td>\n<td width=\"109\"><strong>Direcci\u00f3n<\/strong><\/td>\n<td width=\"86\"><strong>Tel\u00e9fono<\/strong><\/td>\n<td width=\"179\"><strong>Mail<\/strong><\/td>\n<td width=\"241\"><strong>Web<\/strong><\/td>\n<td width=\"96\"><strong>Costo aprox.<\/strong><\/td>\n<\/tr>\n<tr>\n<td width=\"83\">Costa Colonia<\/td>\n<td width=\"109\">Rambla Costanera entre Torres Garc\u00eda y Pedro Figari<\/td>\n<td width=\"86\">4522 3097<\/td>\n<td width=\"179\"><u><a href=\"mailto:reservas@costacolonia.com?subject=Contacto%20Web\">reservas@costacolonia.com<\/a><\/u><\/td>\n<td width=\"241\"><u><a href=\"https:\/\/www.costacolonia.com\/costa-colonia\/es\/\">https:\/\/www.costacolonia.com\/costa-colonia\/es\/<\/a><\/u><\/td>\n<td width=\"96\">USD 65 + IVA<\/td>\n<\/tr>\n<tr>\n<td width=\"83\">Posada del Gobernador<\/td>\n<td width=\"109\">18 de Julio 205<\/td>\n<td width=\"86\">4522 2918 \/ 3018<\/td>\n<td width=\"179\"><u><a href=\"mailto:info@delgobernador.com\">info@delgobernador.com<\/a><\/u><\/td>\n<td width=\"241\"><u><a href=\"http:\/\/delgobernador.com\/\">http:\/\/delgobernador.com\/<\/a><\/u><\/td>\n<td width=\"96\">USD 40 + IVA Single<\/td>\n<\/tr>\n<tr>\n<td width=\"83\"><\/td>\n<td width=\"109\"><\/td>\n<td width=\"86\"><\/td>\n<td width=\"179\"><\/td>\n<td width=\"241\"><\/td>\n<td width=\"96\">USD 75 + IVA Doble<\/td>\n<\/tr>\n<tr>\n<td width=\"83\"><\/td>\n<td width=\"109\"><\/td>\n<td width=\"86\"><\/td>\n<td width=\"179\"><\/td>\n<td width=\"241\"><\/td>\n<td width=\"96\"><\/td>\n<\/tr>\n<tr>\n<td width=\"83\"><\/td>\n<td width=\"109\"><\/td>\n<td width=\"86\"><\/td>\n<td width=\"179\"><\/td>\n<td width=\"241\">*Los costos Incluyen desayuno.<\/p>\n<p>**De ser ciudadanos extranjeros no se cobra IVA<\/td>\n<td width=\"96\"><\/td>\n<\/tr>\n<\/tbody>\n<\/table>\n<p><strong>\u00a0<\/strong><\/p>\n<h3 style=\"text-align: center\"><a href=\"https:\/\/forms.gle\/ZSeomKV1mjufBCZ7A\" target=\"_blank\" rel=\"noopener\"><strong>\u00a0<\/strong><strong>\u00a0FORMULARIO DE INSCRIPCI\u00d3N AQU\u00cd<\/strong><\/a><\/h3>\n<p style=\"text-align: right\"><strong>POR CONSULTAS:<\/strong><\/p>\n<p style=\"text-align: right\"><strong>Elena Sierra \u2013 \u00c1rea de Capacitaci\u00f3n \u2013 FEPALE<\/strong><\/p>\n<p style=\"text-align: right\">Luis A. de Herrera 1052 Torre B \/ 1507 \u2013 Montevideo \u2013 Uruguay<\/p>\n<p style=\"text-align: right\">TELEFAX: (598) 2622 0968 \/ 2622 7538<\/p>\n<p style=\"text-align: right\">E-mail:\u00a0<a href=\"mailto:infocapacita@fepale.org\">infocapacita@fepale.org<\/a><br \/>\n<a href=\"http:\/\/www.fepale.org\/\">www.fepale.org<\/a><\/p>\n","protected":false},"excerpt":{"rendered":"<p>La Federaci\u00f3n Panamericana de Lecher\u00eda \u2013 FEPALE junto al Instituto Nacional de Tecnolog\u00eda Agropecuaria \u2013 INIA, convocan e invitan a participar del <strong>Curso Internacional sobre Producci\u00f3n Lechera \u2013 Innovaci\u00f3n, Tecnolog\u00eda y Productividad.<\/strong><\/p>\n<p>El mismo se desarrollar\u00e1 del <strong>20 al 24 de Abril\u00a02020\u00a0<\/strong>en la Estaci\u00f3n Experimental \u201cDr. Alberto Boerger\u201d, La Estanzuela \u2013 Sede INIA. (Colonia del Sacramento \u2013 Uruguay)<\/p>\n<p><strong>Organizan:<\/strong><\/p>\n<p><img loading=\"lazy\" decoding=\"async\" class=\"alignnone size-medium wp-image-3031\" src=\"https:\/\/fepale.org\/capacitacion\/wp-content\/uploads\/2019\/09\/logo-fepale-inia.fw_-1-300x85.png\" alt=\"\" width=\"300\" height=\"85\" srcset=\"https:\/\/fepale.org\/capacitacion\/wp-content\/uploads\/2019\/09\/logo-fepale-inia.fw_-1-300x85.png 300w, https:\/\/fepale.org\/capacitacion\/wp-content\/uploads\/2019\/09\/logo-fepale-inia.fw_-1-600x170.png 600w, https:\/\/fepale.org\/capacitacion\/wp-content\/uploads\/2019\/09\/logo-fepale-inia.fw_-1.png 672w\" sizes=\"auto, (max-width: 300px) 100vw, 300px\" \/><\/p>\n","protected":false},"featured_media":3032,"template":"","meta":[],"pwb-brand":[],"product_brand":[],"product_cat":[89],"product_tag":[],"class_list":{"0":"post-3029","1":"product","2":"type-product","3":"status-publish","4":"has-post-thumbnail","6":"product_cat-sin-categoria","8":"first","9":"instock","10":"shipping-taxable","11":"product-type-simple"},"brands":[],"_links":{"self":[{"href":"https:\/\/fepale.org\/capacitacion\/wp-json\/wp\/v2\/product\/3029","targetHints":{"allow":["GET"]}}],"collection":[{"href":"https:\/\/fepale.org\/capacitacion\/wp-json\/wp\/v2\/product"}],"about":[{"href":"https:\/\/fepale.org\/capacitacion\/wp-json\/wp\/v2\/types\/product"}],"wp:featuredmedia":[{"embeddable":true,"href":"https:\/\/fepale.org\/capacitacion\/wp-json\/wp\/v2\/media\/3032"}],"wp:attachment":[{"href":"https:\/\/fepale.org\/capacitacion\/wp-json\/wp\/v2\/media?parent=3029"}],"wp:term":[{"taxonomy":"pwb-brand","embeddable":true,"href":"https:\/\/fepale.org\/capacitacion\/wp-json\/wp\/v2\/pwb-brand?post=3029"},{"taxonomy":"product_brand","embeddable":true,"href":"https:\/\/fepale.org\/capacitacion\/wp-json\/wp\/v2\/product_brand?post=3029"},{"taxonomy":"product_cat","embeddable":true,"href":"https:\/\/fepale.org\/capacitacion\/wp-json\/wp\/v2\/product_cat?post=3029"},{"taxonomy":"product_tag","embeddable":true,"href":"https:\/\/fepale.org\/capacitacion\/wp-json\/wp\/v2\/product_tag?post=3029"}],"curies":[{"name":"wp","href":"https:\/\/api.w.org\/{rel}","templated":true}]}}