{"id":3025,"date":"2019-09-25T09:15:25","date_gmt":"2019-09-25T12:15:25","guid":{"rendered":"https:\/\/fepale.org\/capacitacion\/?post_type=product&#038;p=3025"},"modified":"2020-02-03T09:05:20","modified_gmt":"2020-02-03T12:05:20","slug":"defectos-en-quesos-medidas-preventivas-y-analisis-de-casos-inicio-11-de-noviembre-2019-modalidad-a-distancia","status":"publish","type":"product","link":"https:\/\/fepale.org\/capacitacion\/producto\/defectos-en-quesos-medidas-preventivas-y-analisis-de-casos-inicio-11-de-noviembre-2019-modalidad-a-distancia\/","title":{"rendered":"Defectos en Quesos &#8211; Medidas preventivas y an\u00e1lisis de casos &#8211; Inicio 11 de Noviembre 2019 (Modalidad a Distancia)"},"content":{"rendered":"<h4>PRESENTACI\u00d3N.<\/h4>\n<p>La elaboraci\u00f3n de quesos de calidad, requiere conocer las mejores t\u00e9cnicas y pr\u00e1cticas de producci\u00f3n, no obstante, lo cual es muy com\u00fan enfrentarse a una gran variedad de defectos que puedan afectar al producto final.<br \/>\nHay defectos sensoriales, biol\u00f3gicos, mec\u00e1nicos, qu\u00edmicos que se deben abordar y por sobre todo prevenir. Este curso incursiona en esos Defectos en Quesos que por diferentes situaciones se puedan presentar y en las t\u00e9cnicas de prevenci\u00f3n.<br \/>\nSe abordar\u00e1n aquellos problemas comunes y otros no tanto, que puede involucrar no solo a una persona sino al sistema de trabajo que tiene la empresa.<br \/>\nEl participante tendr\u00e1 la oportunidad de presentar los problemas que se dan en sus quesos generando as\u00ed un intercambio donde podr\u00e1 recibir asesoramiento t\u00e9cnico y pr\u00e1ctico en la mejora de sus elaboraciones.<\/p>\n<h4>OBJETIVOS.<\/h4>\n<p>Contribuir a mejorar las pr\u00e1cticas de producci\u00f3n de quesos con conocimientos b\u00e1sicos en elaboraci\u00f3n, calidad e inocuidad de una planta quesera.<br \/>\nPropiciar llevar al m\u00ednimo los defectos que se presentan en una queser\u00eda, logrando a su vez disminuir costos y p\u00e9rdidas.<br \/>\nApostar siempre a la capacitaci\u00f3n del personal teniendo presente que los participantes est\u00e1n desarrollando una actividad laboral paralela.<br \/>\nAplicar los conocimientos en las tareas diarias laborales.<br \/>\nMotivar a dem\u00e1s integrantes de la empresa, a capacitarse en prevenir los defectos.<br \/>\nMejorar la calidad del producto final abordando una visi\u00f3n de cadena desde el campo hasta el consumidor, para que los quesos lleguen a todos los consumidores en las mejores condiciones.<\/p>\n<h4>P\u00daBLICO OBJETIVO.<\/h4>\n<p>Personal de planta, t\u00e9cnicos, asesores, consultores, estudiantes de carreras afines a la lactolog\u00eda quesera y aquellos que deseen incursionar en el tema.<br \/>\nEl participante deber\u00e1 tener nociones b\u00e1sicas de leche, composici\u00f3n, propiedades, insumos utilizados en la elaboraci\u00f3n de quesos y conocimientos b\u00e1sicos en maduraci\u00f3n.<\/p>\n<h4>CONTENIDOS<\/h4>\n<p><strong>M\u00f3dulo 1 (una semana).<\/strong><br \/>\nElaboraci\u00f3n de las Grandes familias de quesos: quesos frescos (sin maduraci\u00f3n), quesos grana, quesos de pasta lavada, quesos con ojos, quesos madurados con hongos, quesos de pasta hilada, queso Cheddar.<\/p>\n<p><strong>M\u00f3dulo 2 (una semana).<\/strong><br \/>\nCaracter\u00edsticas de cada familia: sensoriales, qu\u00edmicas y microbiol\u00f3gicas.<\/p>\n<p><strong>M\u00f3dulo 3 (una semana).<\/strong><br \/>\nDefectos biol\u00f3gicos, qu\u00edmicos, sensoriales y mec\u00e1nicos.<\/p>\n<p><strong>M\u00f3dulo 4 (una semana).<\/strong><br \/>\nMedidas preventivas.<br \/>\nPlanteamientos de casos particulares de mis quesos, medidas a tener presentes, y su prevenci\u00f3n.<\/p>\n<p><strong>M\u00f3dulo 5 (una semana)<\/strong>.<br \/>\nEvaluaci\u00f3n (resoluci\u00f3n de caso).<\/p>\n<h4>MODALIDAD<\/h4>\n<p><strong>On-line:<\/strong> el curso se realizar\u00e1 en modalidad E-learning.<br \/>\n<strong>Aula virtual:<\/strong> Se trabajar\u00e1 en una plataforma Web especialmente dise\u00f1ada para el curso (aula y plataforma virtual), donde se podr\u00e1 acceder a los documentos, videos, link de inter\u00e9s y se facilitar\u00e1 la interacci\u00f3n con los docentes y el resto de los participantes al curso.<br \/>\n<strong>Foro:<\/strong> Se desarrollar\u00e1 un foro en la plataforma para fomentar el contacto entre los participantes y los docentes, habilitado para consultas de los participantes y para que los docentes dejen consignas para trabajar y debatir en conjunto.<br \/>\nDocente: El tutor docente estar\u00e1 disponible para responder dudas y consultas de los participantes y para ampliar contenidos de inter\u00e9s de los participantes.<br \/>\n<strong>Horarios:<\/strong> El curso es en modalidad asincr\u00f3nica, el participante puede acceder en los horarios que mejor le convenga, siempre respetando la cronolog\u00eda del curso.<br \/>\n<strong>Evaluaciones:<\/strong> En el curso se har\u00e1 una evaluaci\u00f3n final obligatoria para la aprobaci\u00f3n del mismo.<br \/>\n<strong>Dedicaci\u00f3n:<\/strong> Cada participante deber\u00e1 destinar un m\u00e1ximo de 6 horas de trabajo por semana de curso y el curso est\u00e1 conformado de un programa de 5 semanas.<\/p>\n<h4>DOCENTE<\/h4>\n<p>T\/L Sergio Borbonet. \u2013 <a href=\"https:\/\/fepale.org\/capacitacion\/wp-content\/uploads\/2019\/09\/CV-Sergio-Borbonet.pdf\" target=\"_blank\" rel=\"noopener\">CV &#8211; Sergio Borbonet<\/a><\/p>\n<h4>CERTIFICACI\u00d3N<\/h4>\n<p>Aquel participante que apruebe las instancias de evaluaci\u00f3n de las distintas unidades recibir\u00e1:<br \/>\n\u2013 Certificado de Participaci\u00f3n y Aprobaci\u00f3n<br \/>\n\u2013 Constancia de Programa cumplido en el curso<br \/>\n\u2013 El certificado del curso es emitido por el Instituto Panamericano de Capacitaci\u00f3n para el Sector L\u00e1cteo de FEPALE<\/p>\n<h4>COSTOS<\/h4>\n<p>El costo del curso es de USD 120<br \/>\nSocios FEPALE USD 90<\/p>\n<h3 style=\"text-align: center;\"><a href=\"https:\/\/forms.gle\/BSnR1iMVbgRP6Tcr7\" target=\"_blank\" rel=\"noopener\">FORMULARIO DE INSCRIPCI\u00d3N AQU\u00cd<\/a><\/h3>\n","protected":false},"excerpt":{"rendered":"<p>El Instituto Panamericano de Capacitaci\u00f3n para el Sector L\u00e1cteo de FEPALE convoca e invita al Curso Internacional a Distancia sobre Defectos en Quesos &#8211; Medidas preventivas y an\u00e1lisis de casos.<\/p>\n<p><strong>Inicio 11 de Noviembre 2019<\/strong><\/p>\n<p><strong>Organiza:<\/strong><\/p>\n<p><img loading=\"lazy\" decoding=\"async\" class=\" wp-image-2979\" src=\"https:\/\/fepale.org\/capacitacion\/wp-content\/uploads\/2019\/06\/FEPALE_Marca-2016_A-01-300x168.jpg\" alt=\"\" width=\"198\" height=\"111\" srcset=\"https:\/\/fepale.org\/capacitacion\/wp-content\/uploads\/2019\/06\/FEPALE_Marca-2016_A-01-300x168.jpg 300w, https:\/\/fepale.org\/capacitacion\/wp-content\/uploads\/2019\/06\/FEPALE_Marca-2016_A-01-215x120.jpg 215w, https:\/\/fepale.org\/capacitacion\/wp-content\/uploads\/2019\/06\/FEPALE_Marca-2016_A-01.jpg 328w\" sizes=\"auto, (max-width: 198px) 100vw, 198px\" \/><\/p>\n","protected":false},"featured_media":3027,"template":"","meta":[],"pwb-brand":[],"product_brand":[],"product_cat":[95],"product_tag":[],"class_list":{"0":"post-3025","1":"product","2":"type-product","3":"status-publish","4":"has-post-thumbnail","6":"product_cat-95","8":"first","9":"instock","10":"shipping-taxable","11":"product-type-simple"},"brands":[],"_links":{"self":[{"href":"https:\/\/fepale.org\/capacitacion\/wp-json\/wp\/v2\/product\/3025","targetHints":{"allow":["GET"]}}],"collection":[{"href":"https:\/\/fepale.org\/capacitacion\/wp-json\/wp\/v2\/product"}],"about":[{"href":"https:\/\/fepale.org\/capacitacion\/wp-json\/wp\/v2\/types\/product"}],"wp:featuredmedia":[{"embeddable":true,"href":"https:\/\/fepale.org\/capacitacion\/wp-json\/wp\/v2\/media\/3027"}],"wp:attachment":[{"href":"https:\/\/fepale.org\/capacitacion\/wp-json\/wp\/v2\/media?parent=3025"}],"wp:term":[{"taxonomy":"pwb-brand","embeddable":true,"href":"https:\/\/fepale.org\/capacitacion\/wp-json\/wp\/v2\/pwb-brand?post=3025"},{"taxonomy":"product_brand","embeddable":true,"href":"https:\/\/fepale.org\/capacitacion\/wp-json\/wp\/v2\/product_brand?post=3025"},{"taxonomy":"product_cat","embeddable":true,"href":"https:\/\/fepale.org\/capacitacion\/wp-json\/wp\/v2\/product_cat?post=3025"},{"taxonomy":"product_tag","embeddable":true,"href":"https:\/\/fepale.org\/capacitacion\/wp-json\/wp\/v2\/product_tag?post=3025"}],"curies":[{"name":"wp","href":"https:\/\/api.w.org\/{rel}","templated":true}]}}