{"id":3001,"date":"2019-08-01T11:27:46","date_gmt":"2019-08-01T14:27:46","guid":{"rendered":"https:\/\/fepale.org\/capacitacion\/?post_type=product&#038;p=3001"},"modified":"2022-04-06T13:00:26","modified_gmt":"2022-04-06T16:00:26","slug":"herramientas-estrategicas-para-la-gestion-de-sistemas-de-produccion-de-leche-pastoriles-inicio-14-de-octubre-2019-modalidad-a-distancia","status":"publish","type":"product","link":"https:\/\/fepale.org\/capacitacion\/producto\/herramientas-estrategicas-para-la-gestion-de-sistemas-de-produccion-de-leche-pastoriles-inicio-14-de-octubre-2019-modalidad-a-distancia\/","title":{"rendered":"Herramientas Estrat\u00e9gicas para la Producci\u00f3n de Leche en Sistemas Pastoriles &#8211; Inicio 14 de Octubre 2019 (Modalidad a distancia)"},"content":{"rendered":"<h4>Presentaci\u00f3n:<\/h4>\n<p>El curso explora los fundamentos y acciones que hay detr\u00e1s de los sistemas de producci\u00f3n de leche pastoriles que son eficientes desde el punto de vista integral, \u00a0que son rentables, duraderos y amigables con las personas, animales y con el ambiente. El participante se llevar\u00e1 herramientas \u00fatiles para la puesta en marcha de un sistema de pastoreo. El formato del curso es s\u00f3lido en lo acad\u00e9mico, rico en la transferencia de experiencias de campo y, al mismo tiempo, amigable y entretenido.<\/p>\n<p>El curso consta de nueve m\u00f3dulos semanales; cada m\u00f3dulo tiene una presentaci\u00f3n en Powerpoint de 30 minutos y material de apoyo en forma de publicaciones en varios formatos, con el fin de afianzar conceptos y repasar algunos ejercicios. Durante el curso habr\u00e1 conferencias web y foros para generar un intercambio de experiencias entre los participantes.<\/p>\n<h4>Objetivos:<\/h4>\n<ul>\n<li>Explorar los fundamentos de los sistemas de producci\u00f3n de leche con particular foco en sistemas pastoriles<\/li>\n<li>Dejar herramientas aplicables para la pr\u00e1ctica diaria que son \u00fatiles para due\u00f1os, asesores, operarios y estudiantes.<\/li>\n<li>Aprender de la experiencia de gesti\u00f3n de conocimiento colectivo de la modalidad virtual<\/li>\n<li>Aportar motivaci\u00f3n para generar h\u00e1bitos y cultura en la b\u00fasqueda de sistemas eficientes<\/li>\n<\/ul>\n<h4>P\u00fablico Objetivo:<\/h4>\n<ul>\n<li>Productores, empresarios, due\u00f1os de predios lecheros<\/li>\n<li>Encargados, managers de la gesti\u00f3n de lecher\u00edas<\/li>\n<li>T\u00e9cnicos asesores<\/li>\n<li>Estudiantes de carreras afines con la producci\u00f3n de leche<\/li>\n<li>Todas las personas a las que le entusiasme entender aspectos de la producci\u00f3n lechera en un mundo cambiante que nos trae desaf\u00edos nuevos<\/li>\n<\/ul>\n<h4>Contenidos:<\/h4>\n<p><strong>M\u00f3dulo 0 \u2013 Introducci\u00f3n al uso de Plataforma (1 Semana)<\/strong><\/p>\n<ul>\n<li>Presentaciones del Docente y Participantes.<\/li>\n<li>Foro de Consultas sobre la Plataforma.<\/li>\n<li>Intercambio de experiencias y nivelaci\u00f3n de contenidos.<\/li>\n<\/ul>\n<p style=\"text-align: right\"><strong>Docentes: Gonzalo Tu\u00f1on &#8211; Carlos Batallas\u00a0<\/strong><\/p>\n<p><strong>M\u00f3dulo 1 \u2013 El sistema de producci\u00f3n S\u00ed define la rentabilidad<\/strong><\/p>\n<p>Definici\u00f3n de Sistema, componentes, factores que influyen en la oferta y demanda de alimento; tipos de sistemas y sus desaf\u00edos; infraestructura, factor humano, influencias sociales, econ\u00f3micas, pol\u00edticas en el dise\u00f1o del sistema.<\/p>\n<p style=\"text-align: right\"><strong>Docente: Carlos Batallas\u00a0<\/strong><\/p>\n<p><strong>M\u00f3dulo 2 \u2013 La producci\u00f3n en el sistema pastoril<\/strong><\/p>\n<p>Definici\u00f3n, paradigma y estrategia para un sistema pastoril. Ensayos probando distintos niveles de carga animal y suplementaci\u00f3n, y tipos de vaca. La vaca de pastoreo.<\/p>\n<p style=\"text-align: right\"><strong>Docente: Gonzalo Tu\u00f1on<\/strong><\/p>\n<p><strong>M\u00f3dulo 3 \u2013 Ecofisiolog\u00eda de gram\u00edneas y leguminosas<\/strong><\/p>\n<p>Filocrono, rebrote, fotos\u00edntesis, estado de hojas. Factores involucrados; uso de los conceptos para generar reglas de manejo y toma de decisiones; Comportamiento estacional, factores de competencia, estructura y composici\u00f3n de la pastura.<\/p>\n<p style=\"text-align: right\"><strong>Docente: Carlos Batallas<\/strong><\/p>\n<p><strong>M\u00f3dulo 4 \u2013 Gesti\u00f3n del pastoreo<\/strong><\/p>\n<p>Pilares: convicci\u00f3n, sistema, pr\u00e1ctica; Metodolog\u00eda; Recorrida; Protocolo de estimaci\u00f3n de biomasa, otros m\u00e9todos, c\u00e1lculo de tasa de crecimiento, stock y tasa de aparici\u00f3n de hojas y nudos; registros, planillas.<\/p>\n<p style=\"text-align: right\"><strong>Docente: Gonzalo Tu\u00f1on<\/strong><\/p>\n<p><strong>M\u00f3dulo 5 \u2013 Programando la rotaci\u00f3n<\/strong><\/p>\n<p>Velocidad de pastoreo alineada con indicadores fisiol\u00f3gicos de las plantas; asignaci\u00f3n de \u00e1rea y kg de materia seca; distintos m\u00e9todos; resultados de ensayos. Estrategias de manejo y administraci\u00f3n de la disponibilidad forrajera.<\/p>\n<p style=\"text-align: right\"><strong>Docente: Carlos Batallas<\/strong><\/p>\n<p><strong>M\u00f3dulo 6 \u2013 Control y manejo de remanentes<\/strong><\/p>\n<p>Objetivos, control, correcci\u00f3n; resultados de ensayos; c\u00e1lculo de eficiencia de utilizaci\u00f3n.Composici\u00f3n del remanente, impacto de la estructura del residual. Manejo de densidad y competencia con plantas invasoras.<\/p>\n<p style=\"text-align: right\"><strong>Docente: Gonzalo Tu\u00f1on<\/strong><\/p>\n<p><strong>M\u00f3dulo 7 \u2013 Pisoteo, fertilizaci\u00f3n con N, otros aspectos pr\u00e1cticos<\/strong><\/p>\n<p>Manejo integrado de la fertilidad del suelo y la producci\u00f3n de la pastura. Claves para ganar eficiencia en la gesti\u00f3n de pastoreo en suelos desafiantes; conceptos b\u00e1sicos de la fertilizaci\u00f3n con Nitr\u00f3geno. Tips para un pastoreo \u00f3ptimo.<\/p>\n<p style=\"text-align: right\"><strong>Docente: Carlos Batallas\u00a0<\/strong><\/p>\n<p><strong>M\u00f3dulo 8 \u2013 Adaptando la gesti\u00f3n a un sistema cambiante<\/strong><\/p>\n<p>La puesta en marcha del sistema; como mantener la motivaci\u00f3n, grupos de discusi\u00f3n, benchmarking.<\/p>\n<p style=\"text-align: right\"><strong>Docente: Gonzalo Tu\u00f1on<\/strong><\/p>\n<p><strong>M\u00f3dulo 9 \u2013 El futuro desafiante y rentable<\/strong><\/p>\n<p>Desafios para los sistemas pastoriles con el cambio clim\u00e1tico. Cultivos complementarios en los sistemas pastoriles. Estrategias de adaptaci\u00f3n a una gesti\u00f3n ambiental m\u00e1s regulada del medio productivo.<\/p>\n<p style=\"text-align: right\"><strong>Docente: Carlos Batallas\u00a0<\/strong><\/p>\n<h4>Modalidad:<\/h4>\n<p><strong>On-line:<\/strong> el curso se realizar\u00e1 en modalidad E-learning.<\/p>\n<p><strong>Aula virtual:<\/strong> Se trabajar\u00e1 en una plataforma Web especialmente dise\u00f1ada para el curso (aula y plataforma virtual), donde se podr\u00e1 acceder a los documentos, videos, link de inter\u00e9s y se facilitar\u00e1 la interacci\u00f3n con los docentes y el resto de los participantes al curso.<\/p>\n<p><strong>Foro:<\/strong> Se desarrollar\u00e1 un foro en la plataforma para fomentar el contacto entre los participantes y los docentes, habilitado para consultas de los participantes y para que los docentes dejen consignas para trabajar y debatir en conjunto.<\/p>\n<p><strong>Equipo de docentes:<\/strong> Los tutores estar\u00e1n disponible para responder dudas y consultas de los participantes y para ampliar contenidos de inter\u00e9s de los participantes.<\/p>\n<p><strong>Horarios:<\/strong> El curso es en modalidad asincr\u00f3nica, el participante puede acceder en los horarios que mejor le convenga, siempre respetando la cronolog\u00eda del curso.<\/p>\n<p><strong>Dedicaci\u00f3n:<\/strong> Cada participante deber\u00e1 destinar un m\u00e1ximo de 6 horas de trabajo por semana de curso y el curso est\u00e1 conformado de un programa de 9 semanas.<\/p>\n<h4>Docentes:<\/h4>\n<p>Dr. Gonzalo Tu\u00f1on<\/p>\n<p><a href=\"https:\/\/fepale.org\/capacitacion\/wp-content\/uploads\/2019\/08\/CV_Dr.-Gonzalo-Tu\u00f1on.pdf\">CV_Dr. Gonzalo Tu\u00f1on<\/a><\/p>\n<p>Ing. Carlos Batallas<\/p>\n<p><a href=\"https:\/\/fepale.org\/capacitacion\/wp-content\/uploads\/2019\/08\/CV_Ing.-Carlos-Batallas.pdf\">CV_Ing. Carlos Batallas<\/a><\/p>\n<h4>Certificaci\u00f3n:<\/h4>\n<p>Aquel participante que apruebe las instancias de evaluaci\u00f3n recibir\u00e1:<br \/>\n\u2013 Certificado de Participaci\u00f3n y Aprobaci\u00f3n<br \/>\n\u2013 Constancia de Programa cumplido en el curso<br \/>\nSi el participante cumple los requisitos para recibir estos documentos se enviar\u00e1n v\u00eda correo electr\u00f3nico con las firmas respectivas en archivo PDF, el cual deber\u00e1 imprimir.<\/p>\n<h4>Costos:<\/h4>\n<p>El costo del curso es de\u00a0<strong>U$S 250<\/strong>\u00a0(doscientos cincuenta d\u00f3lares americanos)<br \/>\nAbonando antes del\u00a0<strong>16 de Septiembre de 2019<\/strong>\u00a0obtendr\u00e1 un precio bonificado por inscripci\u00f3n anticipada y el costo es de\u00a0<strong>U$S 200<\/strong>(doscientos d\u00f3lares americanos)<br \/>\n<strong>Socios de FEPALE 20% de descuento.<\/strong><\/p>\n<h3 style=\"text-align: center\"><a href=\"https:\/\/forms.gle\/zmR8mYz4SWrmeHpt9\" target=\"_blank\" rel=\"noopener\">FORMULARIO DE INSCRIPCI\u00d3N AQU\u00cd\u00a0<\/a><\/h3>\n","protected":false},"excerpt":{"rendered":"<p>El Instituto Panamericano de Capacitaci\u00f3n para el Sector L\u00e1cteo de FEPALE convoca e invita al Curso Internacional a Distancia Herramientas Estrat\u00e9gicas para la Producci\u00f3n de Leche en Sistemas Pastoriles<\/p>\n<p><strong> Inicio 14 de Octubre 2019\u00a0<\/strong><\/p>\n<p><strong>Organiza:\u00a0<\/strong><\/p>\n<p><img loading=\"lazy\" decoding=\"async\" class=\" wp-image-2979\" src=\"https:\/\/fepale.org\/capacitacion\/wp-content\/uploads\/2019\/06\/FEPALE_Marca-2016_A-01-300x168.jpg\" alt=\"\" width=\"211\" height=\"118\" srcset=\"https:\/\/fepale.org\/capacitacion\/wp-content\/uploads\/2019\/06\/FEPALE_Marca-2016_A-01-300x168.jpg 300w, https:\/\/fepale.org\/capacitacion\/wp-content\/uploads\/2019\/06\/FEPALE_Marca-2016_A-01-215x120.jpg 215w, https:\/\/fepale.org\/capacitacion\/wp-content\/uploads\/2019\/06\/FEPALE_Marca-2016_A-01.jpg 328w\" sizes=\"auto, (max-width: 211px) 100vw, 211px\" \/><\/p>\n","protected":false},"featured_media":3003,"template":"","meta":[],"pwb-brand":[],"product_brand":[],"product_cat":[95],"product_tag":[],"class_list":{"0":"post-3001","1":"product","2":"type-product","3":"status-publish","4":"has-post-thumbnail","6":"product_cat-95","8":"first","9":"instock","10":"shipping-taxable","11":"product-type-simple"},"brands":[],"_links":{"self":[{"href":"https:\/\/fepale.org\/capacitacion\/wp-json\/wp\/v2\/product\/3001","targetHints":{"allow":["GET"]}}],"collection":[{"href":"https:\/\/fepale.org\/capacitacion\/wp-json\/wp\/v2\/product"}],"about":[{"href":"https:\/\/fepale.org\/capacitacion\/wp-json\/wp\/v2\/types\/product"}],"wp:featuredmedia":[{"embeddable":true,"href":"https:\/\/fepale.org\/capacitacion\/wp-json\/wp\/v2\/media\/3003"}],"wp:attachment":[{"href":"https:\/\/fepale.org\/capacitacion\/wp-json\/wp\/v2\/media?parent=3001"}],"wp:term":[{"taxonomy":"pwb-brand","embeddable":true,"href":"https:\/\/fepale.org\/capacitacion\/wp-json\/wp\/v2\/pwb-brand?post=3001"},{"taxonomy":"product_brand","embeddable":true,"href":"https:\/\/fepale.org\/capacitacion\/wp-json\/wp\/v2\/product_brand?post=3001"},{"taxonomy":"product_cat","embeddable":true,"href":"https:\/\/fepale.org\/capacitacion\/wp-json\/wp\/v2\/product_cat?post=3001"},{"taxonomy":"product_tag","embeddable":true,"href":"https:\/\/fepale.org\/capacitacion\/wp-json\/wp\/v2\/product_tag?post=3001"}],"curies":[{"name":"wp","href":"https:\/\/api.w.org\/{rel}","templated":true}]}}