{"id":2977,"date":"2019-06-27T10:18:42","date_gmt":"2019-06-27T13:18:42","guid":{"rendered":"https:\/\/fepale.org\/capacitacion\/?post_type=product&#038;p=2977"},"modified":"2022-04-06T13:00:40","modified_gmt":"2022-04-06T16:00:40","slug":"pcqi-individuo-calificado-en-controles-preventivos-modalidad-a-distancia-del-16-al-20-de-septiembre-2019","status":"publish","type":"product","link":"https:\/\/fepale.org\/capacitacion\/producto\/pcqi-individuo-calificado-en-controles-preventivos-modalidad-a-distancia-del-16-al-20-de-septiembre-2019\/","title":{"rendered":"PCQI &#8211; Individuo calificado en controles preventivos &#8211; Modalidad a Distancia &#8211; Del 14 al 18 de Octubre 2019"},"content":{"rendered":"<h3 style=\"text-align: center\"><span style=\"color: #000080\"><strong>Curso de Controles Preventivos (PCQI Oficial- Individuo calificado en controles preventivos para alimentos de uso humano) seg\u00fan exigencias por la nueva Ley de Inocuidad de alimentos (FSMA) con reconocimiento de FDA<\/strong><\/span><\/h3>\n<p><strong>CURSO Acreditado por la Alianza Internacional de Controles preventivos (FSPCA) con reconocimiento de FDA de EEUU<\/strong><\/p>\n<h4>Contenidos:<\/h4>\n<p>\u2022 Introducci\u00f3n al curso y controles preventivos<br \/>\n\u2022 Revisi\u00f3n del Plan de inocuidad alimentaria<br \/>\n\u2022 Buenas pr\u00e1cticas de manufactura y otros programas de prerrequisitos<br \/>\n\u2022 Peligros biol\u00f3gicos para la inocuidad alimentaria<br \/>\n\u2022 Peligros qu\u00edmicos, f\u00edsicos y peligros motivados econ\u00f3micamente para la inocuidad alimentaria.<br \/>\n\u2022 Pasos preliminares para elaborar un plan de inocuidad alimentaria<br \/>\n\u2022 Recursos para preparar planes de inocuidad alimentaria<br \/>\n\u2022 An\u00e1lisis de peligros y determinaci\u00f3n de controles preventivos<br \/>\n\u2022 Controles preventivos de proceso<br \/>\n\u2022 Controles preventivos de al\u00e9rgenos alimentarios<br \/>\n\u2022 Controles preventivos de saneamiento<br \/>\n\u2022 Controles preventivos de cadena de suministro<br \/>\n\u2022 Procedimientos de verificaci\u00f3n y validaci\u00f3n<br \/>\n\u2022 Procedimientos para llevar registros<br \/>\n\u2022 Plan de retiros de mercado (Recall)<br \/>\n\u2022 Revisi\u00f3n de la regulaci\u00f3n \u2013 CGMP ,An\u00e1lisis de peligros (HACCP) y controles preventivos basados en el riesgo para alimentos de consumo humano<br \/>\n\u2022 Regulaci\u00f3n de la FDA sobre CGMP, An\u00e1lisis de peligros (HACCP) y controles preventivos basados en el riesgo para alimentos de consumo humano<br \/>\n\u2022 Hojas de trabajo del plan de inocuidad alimentaria.<br \/>\n\u2022 Ejemplo de un plan de inocuidad alimentaria<br \/>\n\u2022 Elementos b\u00e1sicos de saneamiento<br \/>\n\u2022 Informaci\u00f3n suplementaria sobre zonificaci\u00f3n higi\u00e9nica y monitoreo ambiental<\/p>\n<h4>Docente:<\/h4>\n<p><strong>EXPOSITOR DR. ALEJANDRO CASTILLO<\/strong><\/p>\n<p>El Dr. Alejandro (Alex) Castillo es profesor asociado de Microbiolog\u00eda de Alimentos en el Departamento de Ciencia de los <img loading=\"lazy\" decoding=\"async\" class=\" wp-image-2983 alignright\" src=\"https:\/\/fepale.org\/capacitacion\/wp-content\/uploads\/2019\/06\/alex-233x300.jpg\" alt=\"\" width=\"143\" height=\"184\" srcset=\"https:\/\/fepale.org\/capacitacion\/wp-content\/uploads\/2019\/06\/alex-233x300.jpg 233w, https:\/\/fepale.org\/capacitacion\/wp-content\/uploads\/2019\/06\/alex.jpg 247w\" sizes=\"auto, (max-width: 143px) 100vw, 143px\" \/>Animales y en la Facultad de Ciencia y Tecnolog\u00eda de Alimentos en la Universidad de Texas A&amp;M, siendo profesor en Texas A&amp;M desde 2002. Antes fue Profesor Investigador Titular a tiempo completo en la Universidad de Guadalajara, habiendo completado 25 a\u00f1os de servicio docente y de investigaci\u00f3n en esta universidad. Actualmente es miembro<br \/>\ndel Comit\u00e9 Consultor sobre Alimentos de la FDA en Estados Unidos.<br \/>\nObtuvo su licenciatura como Qu\u00edmico Farmacobi\u00f3logo en 1977, la especialidad en Microbiolog\u00eda Sanitaria en 1980 y la maestr\u00eda en Microbiolog\u00eda e Higiene de Alimentos en 1987, todos de la Universidad de Guadalajara, M\u00e9xico. En 1998 recibi\u00f3 el grado de Doctor (Ph. D.) en Ciencia y Tecnolog\u00eda de Alimentos en la Universidad de Texas A&amp;M. De Mayo de 1998 a Octubre de 1999 realiz\u00f3 estudios postdoctorales en Microbiolog\u00eda e Inocuidad de Alimentos en Texas A&amp;M.<br \/>\nHa impartido cursos regulares de posgrado por invitaci\u00f3n en la Universidad de Buenos Aires en Argentina, la Universidad del Valle de Guatemala en Guatemala, la Universidad Centroamericana en Nicaragua, la Universidad de Bogot\u00e1 \u201cJorge Tadeo Lozano\u201d en Colombia y la Universidad para el Desarrollo Internacional en Costa Rica.<br \/>\nTambi\u00e9n ha impartido m\u00e1s de 100 cursos de capacitaci\u00f3n en diversos aspectos de la inocuidad alimentaria, incluyendo HACCP, buenas pr\u00e1cticas agr\u00edcolas, buenas pr\u00e1cticas de higiene y fundamentos de microbiolog\u00eda alimentaria, y est\u00e1 acreditado como Instructor L\u00edder de HACCP en la Alianza Internacional de HACCP, como Instructor L\u00edder de An\u00e1lisis de Peligros y Controles Preventivos Basados en el Riesgo en la Alianza de Controles Preventivos en Inocuidad Alimentaria (FSPCA) y como Instructor L\u00edder de la Alianza de Inocuidad de Productos Hortofrut\u00edcolas.<br \/>\nHa impartido numerosas conferencias por invitaci\u00f3n en congresos profesionales en diversas partes del mundo y ha sido invitado como l\u00edder de opini\u00f3n por varias organizaciones dedicadas a proveer de insumos para la inocuidad alimentaria. El Dr. Castillo mantiene un programa de promoci\u00f3n de la inocuidad de alimentos para Latinoam\u00e9rica, que incluye colaboraci\u00f3n con instituciones acad\u00e9micas y organizaciones internacionales para conducir proyectos de investigaci\u00f3n, ense\u00f1anza profesional y<br \/>\ncapacitaci\u00f3n en la industria sobre inocuidad de alimentos.<br \/>\nSus l\u00edneas de investigaci\u00f3n incluyen la ecolog\u00eda, prevalencia y sobrevivencia de bacterias pat\u00f3genas en frutas y hortalizas crudas y precortadas, dise\u00f1o y validaci\u00f3n de medidas de control para pat\u00f3genos bacterianos en alimentos crudos (frutas y hortalizas crudas, carnes rojas, y alimentos de baja humedad) y el uso de irradiaci\u00f3n con rayo de electrones con prop\u00f3sitos de inocuidad de alimentos. Como parte de su investigaci\u00f3n ha mantenido colaboraciones con varias plantas de proceso o empaque de alimentos, desarrollando y validando procesos para el control de pat\u00f3genos.<br \/>\nHa publicado 77 art\u00edculos en revistas cient\u00edficas arbitradas de difusi\u00f3n internacional, 10 cap\u00edtulos de libro y 3 libros como editor.<br \/>\nActualmente imparte la c\u00e1tedra de Microbiolog\u00eda de Alimentos a nivel de posgrado en Texas A&amp;M. Es editor del International Journal of Food Science y funge como \u00e1rbitro en diversas publicaciones internacionales. Es miembro del Comit\u00e9 de Gesti\u00f3n del Journal of Food Protection, miembro del Comit\u00e9 Directivo de la International Association for Food Protection, y miembro activo de diversas asociaciones profesionales y cient\u00edficas.<\/p>\n<h4>Costos:<\/h4>\n<p>Abonando en Agosto el costo es de: USD 590<\/p>\n<p>Abonando en Septiembre el costo es de: USD 690<\/p>\n<p>Abonando en Octubre el costo es de: USD 790<\/p>\n<p>Hasta en 3 Cuotas sin recargo.<\/p>\n<p>Socios de Fepale 20% de descuento.<\/p>\n<h4>Modalidades de Pago:<\/h4>\n<p><strong>Uruguay:<\/strong> Abitab &#8211; Redpagos &#8211; Tarjetas de cr\u00e9dito: Visa, Master, American\u00a0 &#8211; PayPal &#8211; Transferencia bancaria: Banco Santander o Brou.<\/p>\n<p><strong>Am\u00e9rica y otros pa\u00edses:<\/strong> Western Uni\u00f3n &#8211; Money Gram &#8211; Tarjetas de cr\u00e9dito: Visa, Master, American &#8211; PayPal &#8211; Transferencia bancaria: Banco Santander.<\/p>\n<p style=\"text-align: right\"><strong>POR CONSULTAS:<\/strong><br \/>\nElena Sierra \u2013 \u00c1rea de Capacitaci\u00f3n \u2013 FEPALE<br \/>\nLuis A. de Herrera 1052 Torre B \/ 1507 \u2013 Montevideo \u2013 Uruguay<br \/>\nTEL: (598) 2622 0968 \/ 2622 7538<br \/>\ninfocapacita@fepale.org\/www.fepale.org<\/p>\n","protected":false},"excerpt":{"rendered":"<p>El Instituto de Capacitaci\u00f3n para el Sector L\u00e1cteo de FEPALE y Quality International, convocan e invitan a participar en el Curso PCQI &#8211; Individuo calificado en controles preventivos &#8211; Modalidad a Distancia.<\/p>\n<p><strong>Del 14 al 18 de Octubre 2019<\/strong><\/p>\n<p>Organizan:<\/p>\n<p><img loading=\"lazy\" decoding=\"async\" class=\"alignnone size-medium wp-image-2981\" src=\"https:\/\/fepale.org\/capacitacion\/wp-content\/uploads\/2019\/06\/fepalequality-300x97.jpg\" alt=\"\" width=\"300\" height=\"97\" srcset=\"https:\/\/fepale.org\/capacitacion\/wp-content\/uploads\/2019\/06\/fepalequality-300x97.jpg 300w, https:\/\/fepale.org\/capacitacion\/wp-content\/uploads\/2019\/06\/fepalequality-559x181.jpg 559w, https:\/\/fepale.org\/capacitacion\/wp-content\/uploads\/2019\/06\/fepalequality.jpg 562w\" sizes=\"auto, (max-width: 300px) 100vw, 300px\" \/><\/p>\n","protected":false},"featured_media":2982,"template":"","meta":[],"pwb-brand":[],"product_brand":[],"product_cat":[89],"product_tag":[],"class_list":{"0":"post-2977","1":"product","2":"type-product","3":"status-publish","4":"has-post-thumbnail","6":"product_cat-sin-categoria","8":"first","9":"instock","10":"shipping-taxable","11":"product-type-simple"},"brands":[],"_links":{"self":[{"href":"https:\/\/fepale.org\/capacitacion\/wp-json\/wp\/v2\/product\/2977","targetHints":{"allow":["GET"]}}],"collection":[{"href":"https:\/\/fepale.org\/capacitacion\/wp-json\/wp\/v2\/product"}],"about":[{"href":"https:\/\/fepale.org\/capacitacion\/wp-json\/wp\/v2\/types\/product"}],"wp:featuredmedia":[{"embeddable":true,"href":"https:\/\/fepale.org\/capacitacion\/wp-json\/wp\/v2\/media\/2982"}],"wp:attachment":[{"href":"https:\/\/fepale.org\/capacitacion\/wp-json\/wp\/v2\/media?parent=2977"}],"wp:term":[{"taxonomy":"pwb-brand","embeddable":true,"href":"https:\/\/fepale.org\/capacitacion\/wp-json\/wp\/v2\/pwb-brand?post=2977"},{"taxonomy":"product_brand","embeddable":true,"href":"https:\/\/fepale.org\/capacitacion\/wp-json\/wp\/v2\/product_brand?post=2977"},{"taxonomy":"product_cat","embeddable":true,"href":"https:\/\/fepale.org\/capacitacion\/wp-json\/wp\/v2\/product_cat?post=2977"},{"taxonomy":"product_tag","embeddable":true,"href":"https:\/\/fepale.org\/capacitacion\/wp-json\/wp\/v2\/product_tag?post=2977"}],"curies":[{"name":"wp","href":"https:\/\/api.w.org\/{rel}","templated":true}]}}