{"id":2947,"date":"2019-05-03T11:10:36","date_gmt":"2019-05-03T14:10:36","guid":{"rendered":"https:\/\/fepale.org\/capacitacion\/?post_type=product&#038;p=2947"},"modified":"2022-04-06T13:00:45","modified_gmt":"2022-04-06T16:00:45","slug":"curso-internacional-a-distancia-sobre-efluentes-en-establecimientos-lecheros-el-camino-hacia-la-gestion-ambiental-aplicaciones-practicas-inicio-5-de-agosto-2019","status":"publish","type":"product","link":"https:\/\/fepale.org\/capacitacion\/producto\/curso-internacional-a-distancia-sobre-efluentes-en-establecimientos-lecheros-el-camino-hacia-la-gestion-ambiental-aplicaciones-practicas-inicio-5-de-agosto-2019\/","title":{"rendered":"Efluentes en Establecimientos Lecheros: El camino hacia la gesti\u00f3n ambiental. Aplicaciones pr\u00e1cticas. &#8211; Inicio 5 de Agosto 2019 (Modalidad a Distancia)"},"content":{"rendered":"<h4>Presentaci\u00f3n<\/h4>\n<p>El Instituto Panamericano de Capacitaci\u00f3n para el Sector L\u00e1cteo \u2013 FEPALE, junto a Agroassay\u00a0 de Argentina \u2013 convocan e invitan a participar del\u00a0<strong>Curso Internacional a Distancia sobre Efluentes en Establecimientos Lecheros: El camino hacia la gesti\u00f3n ambiental. Aplicaciones pr\u00e1cticas.<\/strong><br \/>\nEste curso tiene como antecedente tres ediciones en los a\u00f1os 2016, 2017 y 2018, siendo esta nueva edici\u00f3n una versi\u00f3n actualizada con la suma de nuevos contenidos.<\/p>\n<p><strong>El mismo se desarrollar\u00e1 entre 5 de Agosto al 11 de Octubre de 2019.<\/strong><\/p>\n<p><strong>Coordinador Acad\u00e9mico \u2013 Agroassay (Argentina):<\/strong><br \/>\nCLAUDIO MIGUEL KVOLEK<\/p>\n<p><strong>Docentes Invitados de la Universidad Nacional del Litoral (UNL \u2013 Argentina):<\/strong><br \/>\nOSCAR ERNESTO OSAN<br \/>\nNOELIA ROSSLER<br \/>\nMAR\u00cdA ISABEL CASTIGNANI<\/p>\n<p>Con este CURSO PR\u00c1CTICO se pretende que profesionales, productores y estudiantes se informen y sensibilicen sobre esta tem\u00e1tica, de manera tal de poseer los criterios necesarios para pensar en un plan de gesti\u00f3n ambiental de un establecimiento lechero y de los corrales que se asocien a esta actividad, independientemente de la escala, y conozcan alternativas de manejo de efluentes lecheros aplicables a cada realidad. Se discutir\u00e1n casos concretos.<\/p>\n<p><strong>Vista desde Dron &#8211; Tratamiento de Efluentes:<\/strong><\/p>\n<h4>Contenidos:<\/h4>\n<p><strong>\u2022 M\u00d3DULO 1: CONCEPTOS INTRODUCTORIOS SOBRE GESTI\u00d3N AMBIENTAL PECUARIA.<\/strong><\/p>\n<p><strong>Duraci\u00f3n<\/strong>: una semana.<br \/>\n<strong>Objetivo:<\/strong> Brindar a los participantes un marco introductorio a trav\u00e9s de los principales conceptos y fundamentos de la gesti\u00f3n ambiental en sistemas pecuarios poniendo el \u00e9nfasis en los efluentes de la sala de orde\u00f1e y corrales asociados.<br \/>\n<strong>Contenidos:<\/strong> Gesti\u00f3n ambiental en establecimientos pecuarios. Medioambiente y animales estabulados. Conceptos de Estudio de Impacto Ambiental y Plan de Medidas Correctivas. El manejo de efluentes como principal medida de mitigaci\u00f3n. \u00bfCu\u00e1les ser\u00edan los objetivos a cumplir para estar en armon\u00eda con el ambiente?<br \/>\n<strong>Docente: CLAUDIO MIGUEL KVOLEK<\/strong><\/p>\n<p><strong>\u2022 M\u00d3DULO 2: PLAN DE MEDIDAS CORRECTIVAS: EL MANEJO DE EFLUENTES LECHEROS COMO PRINCIPAL MEDIDA A IMPLEMENTAR.<\/strong><\/p>\n<p><strong>Duraci\u00f3n:<\/strong> una semana.<br \/>\n<strong>Objetivo:<\/strong> Presentar a los participantes las principales acciones a realizar para mitigar, compensar y corregir impactos ambientales de la producci\u00f3n pecuaria.<br \/>\n<strong>Contenidos:<\/strong> El Plan de Medidas Correctivas. Pasando del papel a la Acci\u00f3n. Forestaci\u00f3n. Redes Freatim\u00e9tricas, Disposici\u00f3n final de animales muertos y otras medidas. El manejo de efluentes como centro de atenci\u00f3n.<br \/>\n<strong>Docente: CLAUDIO MIGUEL KVOLEK<\/strong><\/p>\n<p><strong>\u2022 M\u00d3DULO 3: EL MANEJO DE EFLUENTES LECHEROS Y SU APLICACI\u00d3N A DIFERENTES SITUACIONES<\/strong><\/p>\n<p><strong>Duraci\u00f3n:<\/strong> dos semanas<br \/>\n<strong>Objetivo:<\/strong> Presentar el manejo de efluentes como un proceso. Introducci\u00f3n sobre factores y herramientas que lo hagan aplicable a la realidad productiva de cada lugar.<br \/>\n<strong>Contenidos:<\/strong> El manejo de efluentes. Criterios de dise\u00f1o y dimensionamiento. Corrales. Sala de orde\u00f1e. Free Stalls. Dry-lots. Canales de conducci\u00f3n. Uso de sedimentadores de s\u00f3lidos Pesados. Separadores de s\u00f3lidos livianos. Sistema de piletas. Impermeabilizaci\u00f3n. Criterios de Funcionamiento. Celdas de Biorretenci\u00f3n y Wetlands artificiales como purificadores de agua de bajo costo. Recuperaci\u00f3n de agua para lavado.<br \/>\n<strong>Docente: CLAUDIO MIGUEL KVOLEK<\/strong><\/p>\n<p><strong>\u2022 M\u00d3DULO 4: USO AGRON\u00d3MICO DE LOS RESIDUOS PECUARIOS: EFLUENTES Y ESTI\u00c9RCOL.<\/strong><\/p>\n<p><strong>Duraci\u00f3n:<\/strong> una semana.<br \/>\n<strong>Objetivo:<\/strong> Conocer la importancia de hacer una disposici\u00f3n final de los residuos pecuarios como enmienda en suelos. Transformar residuos en Insumos.<br \/>\n<strong>Contenidos:<\/strong> El Plan de Manejo Nutricional y Medioambiental del Esti\u00e9rcol. Un aporte de carbono excepcional para los suelos. Medioambiente, esti\u00e9rcol y efluentes. Esti\u00e9rcol: un recurso cuantificable. Plan propiamente dicho. Valorizaci\u00f3n de los residuos pecuarios.<br \/>\n<strong>Docente: CLAUDIO MIGUEL KVOLEK<\/strong><\/p>\n<p><strong>\u2022 MODULO 5: EVALUACI\u00d3N ECON\u00d3MICA Y FINANCIERA DEL PLAN DE MEDIDAS CORRECTIVAS PARA EL MANEJO DE EFLUENTES EN ESTABLECIMIENTOS LECHEROS<\/strong><\/p>\n<p><strong>Duraci\u00f3n:<\/strong> dos semanas<br \/>\n<strong>Objetivo:<\/strong> Introducir a los participantes en la incorporaci\u00f3n de aspectos econ\u00f3micos y financieros vinculados a la gesti\u00f3n, manejo y aprovechamiento de efluentes en establecimientos lecheros a trav\u00e9s de un caso de estudio.<br \/>\nContenidos: Formulaci\u00f3n del proyecto que contempla la incorporaci\u00f3n de medidas correctivas para el manejo de efluentes: determinaci\u00f3n de las inversiones necesarias, estimaci\u00f3n de beneficios y proyecci\u00f3n de indicadores t\u00e9cnicos, econ\u00f3micos, financieros y ambientales. Aplicaci\u00f3n de criterios de evaluaci\u00f3n y cuantificaci\u00f3n del impacto de las propuestas sobre los resultados econ\u00f3micos y financieros de la empresa.<br \/>\n<strong>Metodolog\u00eda de trabajo:<\/strong> sobre un caso de estudio los alumnos deber\u00e1n plantear propuestas de medidas correctivas al problema enunciado en el mismo. Luego planificar\u00e1n la incorporaci\u00f3n de las mismas y analizar\u00e1n la factibilidad econ\u00f3mica y financiera de su implementaci\u00f3n utilizando un modelo sobre Excel desarrollado por nuestro grupo.<br \/>\n<strong>Docentes: OSCAR ERNESTO OSAN &#8211; NOELIA ROSSLER &#8211; MAR\u00cdA ISABEL CASTIGNANI<\/strong><\/p>\n<p><strong>\u2022 M\u00d3DULO 6: ESTUDIO DE CASOS CONCRETOS<\/strong><\/p>\n<p><strong>Duraci\u00f3n:<\/strong> una semana.<br \/>\n<strong>Objetivo:<\/strong> Aplicar los conceptos te\u00f3ricos a situaciones reales.<br \/>\n<strong>Contenidos:<\/strong> Estudio de casos reales de establecimientos lecheros donde se muestra una aplicaci\u00f3n de los contenidos desarrollados en los m\u00f3dulos previos.<br \/>\n<strong>Docente: CLAUDIO MIGUEL KVOLEK &#8211; OSCAR ERNESTO OSAN &#8211; NOELIA ROSSLER &#8211; MAR\u00cdA ISABEL CASTIGNANI<\/strong><\/p>\n<p><strong>\u2022 EVALUACI\u00d3N FINAL INTEGRADORA<\/strong><br \/>\nResoluci\u00f3n de un caso real (provisto por el alumno o por el tutor)<\/p>\n<h4>Modalidad:<\/h4>\n<p><strong>On \u2013 line:<\/strong> El curso se realizar en modalidad a distancia (e \u2013 learning), v\u00eda internet.<\/p>\n<p><strong>Aula Virtual:<\/strong> Se trabajar\u00e1 en una plataforma Web especialmente dise\u00f1ada para el curso (aula o plataforma virtual), desde donde se podr\u00e1 acceder a los documentos, videos, link de inter\u00e9s e interactuar con el docente y el resto de los participantes del curso.<\/p>\n<p><strong>Foro:<\/strong> En la plataforma del curso funcionar\u00e1 un foro donde se podr\u00e1 mantener contacto con los participantes del mismo y con los docentes.<\/p>\n<p><strong>Docente:<\/strong> El tutor docente estar\u00e1 disponible para responder las dudas y consultas de los participantes, y para ampliar los contenidos en aquellos aspectos de inter\u00e9s.<\/p>\n<p><strong>Horarios:<\/strong> El curso es en modalidad asincr\u00f3nica, el participante puede acceder en los horarios que mejor le convenga, siempre respetando la cronolog\u00eda del curso.<\/p>\n<p><strong>Trabajos:<\/strong> En el desarrollo del curso se trabajar\u00e1 sobre ejercicios pr\u00e1cticos los que ser\u00e1n asistidos por el docente y se plantear\u00e1 un Trabajo Final de curso.<\/p>\n<p><strong>Web-Conferencias:<\/strong> se realizar\u00e1n dos web conferencias en tiempo real en fechas que se acordar\u00e1 con los participantes.<\/p>\n<h4>Coordinador Acad\u00e9mico:<\/h4>\n<p><strong>CLAUDIO M. KVOLEK<\/strong><br \/>\nDirector Ejecutivo en Agroassay<\/p>\n<p>El Ingeniero Agr\u00f3nomo Claudio Miguel Kvolek realiz\u00f3 sus estudios de grado en la Facultad de Agronom\u00eda de la Universidad de Buenos Aires. Es adem\u00e1s T\u00e9cnico Qu\u00edmico y curs\u00f3 sus estudios de Magister en Ciencias Ambientales en la Facultad de Ciencias Exactas y Naturales de la Universidad de Buenos Aires.<\/p>\n<p>Es actualmente Consultor en Estudios de Impacto Ambiental de la Naci\u00f3n y varias provincias<br \/>\nargentinas.<\/p>\n<p>Director T\u00e9cnico de tres laboratorios agroambientales.<\/p>\n<p>Preside la Comisi\u00f3n de Medioambiente del CENTRO ARGENTINO DE INGENIEROS AGR\u00d3NOMOS (CADIA)<\/p>\n<p>Es investigador\/extensionista del Centro de Investigaci\u00f3n, Extensi\u00f3n y An\u00e1lisis Agroambientales de la Regi\u00f3n Pampeana (CINVARP)<\/p>\n<p>Se especializ\u00f3 en la Gesti\u00f3n Ambiental Pecuaria, el manejo de los efluentes pecuarios (purines) y agroindustriales, con \u00e9nfasis en su uso agron\u00f3mico y la producci\u00f3n de bioenerg\u00eda.<\/p>\n<p>Es autor del Libro Gesti\u00f3n Ambiental Pecuaria (Primera Edici\u00f3n \u2013 Agosto 2018 &#8211; ISBN 978-987-1922-29-1) y de numerosas publicaciones t\u00e9cnicas y de divulgaci\u00f3n en revistas del medio.<br \/>\nAdem\u00e1s, lleva adelante diferentes cursos y charlas sensibilizando a t\u00e9cnicos y productores sobre estos temas junto a universidades e instituciones nacionales e internacionales.<\/p>\n<p>PERFIL PROFESIONAL<\/p>\n<p><a href=\"http:\/\/ar.linkedin.com\/pub\/claudio-miguel-kvolek\/39\/657\/5a3\" target=\"_blank\" rel=\"noopener\">http:\/\/ar.linkedin.com\/pub\/claudio-miguel-kvolek\/39\/657\/5a3<\/a><\/p>\n<h4>Docentes invitados de la Universidad Nacional del Litoral (UNL \u2013 Argentina)<\/h4>\n<p><strong>OSCAR ERNESTO OSAN<\/strong><br \/>\nIngeniero Agr\u00f3nomo \u2013 Facultad de Agronom\u00eda y Veterinaria de Esperanza \u2013 Universidad Nacional del Litoral. Mag\u00edster en Econom\u00eda Agraria del Programa de Postgrado en Ciencias de la Agricultura de la Facultad de Agronom\u00eda e Ingenier\u00eda Forestal de la Pontificia Universidad Cat\u00f3lica de Chile. Profesor Asociado Dedicaci\u00f3n Exclusiva B en el Departamento de Ciencias Sociales con orientaci\u00f3n a Econom\u00eda. Facultad de Ciencias Agrarias de Esperanza, Universidad Nacional del Litoral.<\/p>\n<p><strong>NOELIA ROSSLER<\/strong><br \/>\nIngeniera Agr\u00f3noma, Facultad de Ciencias Agrarias, Universidad Nacional del Litoral, Esperanza, Santa Fe (2006). Magister Scientiae en Agroeconom\u00eda. Facultad de Ciencias Agrarias, Universidad Nacional de Mar del Plata, Balcarce, Buenos Aires (2012). 2.- Breve descripci\u00f3n de su actividad docente: 2011 al presente. Ayudante de c\u00e1tedra dedicaci\u00f3n exclusiva. Asignatura: Administraci\u00f3n de Organizaciones.<\/p>\n<p><strong>MAR\u00cdA ISABEL CASTIGNANI<\/strong><br \/>\nIngeniera Agr\u00f3noma \u2013 Facultad de Agronom\u00eda y Veterinaria de Esperanza. Universidad Nacional del Litoral. Magister en Econom\u00eda Agraria de la Facultad de Agronom\u00eda e Ingenier\u00eda Forestal de la Pontificia Universidad Cat\u00f3lica de Chile. Profesor Titular dedicaci\u00f3n exclusiva. Ordinario en el Departamento de Ciencias Sociales con orientaci\u00f3n en Administraci\u00f3n de Organizaciones en la Facultad de Ciencias Agrarias (FCA) de la Universidad Nacional del Litoral (UNL).<\/p>\n<h4>Certificaci\u00f3n:<\/h4>\n<p>Aquel participante que apruebe las instancias de evaluaci\u00f3n recibir\u00e1:<br \/>\n\u2013 Certificado de Participaci\u00f3n y Aprobaci\u00f3n<br \/>\n\u2013 Constancia de Programa cumplido en el curso<br \/>\nSi el participante cumple los requisitos para recibir estos documentos se enviar\u00e1n v\u00eda correo electr\u00f3nico con las firmas respectivas en archivo PDF, el cual deber\u00e1 imprimir.<\/p>\n<h4>Costos:<\/h4>\n<p>El costo del curso es de <strong>U$S 280<\/strong> (doscientos ochenta d\u00f3lares americanos)<br \/>\nAbonando antes del <strong>15 de Julio de 2019<\/strong> obtendr\u00e1 un precio bonificado por inscripci\u00f3n anticipada y el costo es de <strong>U$S 230<\/strong> (doscientos treinta d\u00f3lares americanos)<br \/>\n<strong>Socios de FEPALE 20% de descuento.<\/strong><\/p>\n<h3 style=\"text-align: center\"><a href=\"https:\/\/forms.gle\/2oxo4giYyLp1vC7b9\" target=\"_blank\" rel=\"noopener\"><span style=\"color: #008000\"><strong>Formulario de Registro \u2013 clic aqu\u00ed \u2013<\/strong><\/span><\/a><\/h3>\n<p style=\"text-align: right\"><strong>POR CONSULTAS:<\/strong><br \/>\n<strong>Elena Sierra \u2013 \u00c1rea de Capacitaci\u00f3n \u2013 FEPALE<\/strong><br \/>\n<strong>Luis A. de Herrera 1052 Torre B \/ 1507 \u2013 Montevideo \u2013 Uruguay<\/strong><br \/>\n<strong>TEL: (598) 2622 0968 \/ 2622 7538<\/strong><br \/>\n<strong>infocapacita@fepale.org \/ www.fepale.org<\/strong><\/p>\n","protected":false},"excerpt":{"rendered":"<p>El Instituto Panamericano de Capacitaci\u00f3n para el Sector L\u00e1cteo \u2013 FEPALE, junto a Agroassay de Argentina \u2013 convocan e invitan a participar del Curso Internacional a Distancia sobre Efluentes en Establecimientos Lecheros: El camino hacia la gesti\u00f3n ambiental. Aplicaciones pr\u00e1cticas.<\/p>\n<p>Inicio: 6 de Agosto<br \/>\nFinaliza: 11 de Octubre<\/p>\n<p><img loading=\"lazy\" decoding=\"async\" class=\"alignnone size-medium wp-image-2948\" src=\"https:\/\/fepale.org\/capacitacion\/wp-content\/uploads\/2019\/05\/fepaleagrosay.fw_-300x82.png\" alt=\"\" width=\"300\" height=\"82\" srcset=\"https:\/\/fepale.org\/capacitacion\/wp-content\/uploads\/2019\/05\/fepaleagrosay.fw_-300x82.png 300w, https:\/\/fepale.org\/capacitacion\/wp-content\/uploads\/2019\/05\/fepaleagrosay.fw_.png 397w\" sizes=\"auto, (max-width: 300px) 100vw, 300px\" \/><\/p>\n","protected":false},"featured_media":2950,"template":"","meta":[],"pwb-brand":[],"product_brand":[],"product_cat":[95],"product_tag":[],"class_list":{"0":"post-2947","1":"product","2":"type-product","3":"status-publish","4":"has-post-thumbnail","6":"product_cat-95","8":"first","9":"instock","10":"shipping-taxable","11":"product-type-simple"},"brands":[],"_links":{"self":[{"href":"https:\/\/fepale.org\/capacitacion\/wp-json\/wp\/v2\/product\/2947","targetHints":{"allow":["GET"]}}],"collection":[{"href":"https:\/\/fepale.org\/capacitacion\/wp-json\/wp\/v2\/product"}],"about":[{"href":"https:\/\/fepale.org\/capacitacion\/wp-json\/wp\/v2\/types\/product"}],"wp:featuredmedia":[{"embeddable":true,"href":"https:\/\/fepale.org\/capacitacion\/wp-json\/wp\/v2\/media\/2950"}],"wp:attachment":[{"href":"https:\/\/fepale.org\/capacitacion\/wp-json\/wp\/v2\/media?parent=2947"}],"wp:term":[{"taxonomy":"pwb-brand","embeddable":true,"href":"https:\/\/fepale.org\/capacitacion\/wp-json\/wp\/v2\/pwb-brand?post=2947"},{"taxonomy":"product_brand","embeddable":true,"href":"https:\/\/fepale.org\/capacitacion\/wp-json\/wp\/v2\/product_brand?post=2947"},{"taxonomy":"product_cat","embeddable":true,"href":"https:\/\/fepale.org\/capacitacion\/wp-json\/wp\/v2\/product_cat?post=2947"},{"taxonomy":"product_tag","embeddable":true,"href":"https:\/\/fepale.org\/capacitacion\/wp-json\/wp\/v2\/product_tag?post=2947"}],"curies":[{"name":"wp","href":"https:\/\/api.w.org\/{rel}","templated":true}]}}