{"id":2863,"date":"2018-12-21T11:38:18","date_gmt":"2018-12-21T14:38:18","guid":{"rendered":"https:\/\/fepale.org\/capacitacion\/?post_type=product&#038;p=2863"},"modified":"2022-04-06T13:01:11","modified_gmt":"2022-04-06T16:01:11","slug":"ciclo-de-web-conferencias-el-traspaso-generacional-en-la-empresa-familiar-rural-3-10-17-y-24-de-junio-2019","status":"publish","type":"product","link":"https:\/\/fepale.org\/capacitacion\/producto\/ciclo-de-web-conferencias-el-traspaso-generacional-en-la-empresa-familiar-rural-3-10-17-y-24-de-junio-2019\/","title":{"rendered":"El traspaso Generacional en la Empresa Familiar Rural &#8211; 3, 10, 17 y 24 de Junio 2019 (Ciclo de Web Conferencias)"},"content":{"rendered":"<h4>Presentaci\u00f3n:<\/h4>\n<p style=\"text-align: center\"><strong>\u201cEl traspaso Generacional en la Empresa Familiar Rural\u201d<\/strong><br \/>\n<strong>C\u00f3mo pasar de la improvisaci\u00f3n a la planificaci\u00f3n exitosa<\/strong><\/p>\n<p>Las empresas familiares brindan grandes oportunidades a los descendientes que deseen aprender y atesorar la experiencia de sus padres o abuelos y forjarse un futuro que a la vez le d\u00e9 continuidad al negocio.<\/p>\n<p>Sin embargo, el hecho de mezclar los afectos con las decisiones racionales muchas veces lleva, incluso sin malas intenciones, a que se generen importantes conflictos que atentan no solo contra la buena convivencia entre parientes sino tambi\u00e9n contra el funcionamiento de la empresa.<\/p>\n<p>El objetivo de las cuatro conferencias que se detallan a continuaci\u00f3n es justamente el de explicar los errores m\u00e1s habituales que se cometen durante el proceso de traspaso generacional y brindar una serie de pistas y herramientas pr\u00e1cticas que ayuden a resolver el proceso de una manera efectiva y sencilla.<\/p>\n<h4>Web Conferencias:<\/h4>\n<p><strong>1\u00b0 Conferencia. &#8211; 3 de Junio &#8211; 12hs (Uruguay)<\/strong><br \/>\n<strong>Diagn\u00f3stico del problema del Traspaso Generacional.<\/strong><\/p>\n<p>&#8211; Oportunidades y Amenazas que nos brinda trabajar en la empresa familiar.<br \/>\n&#8211; Los errores m\u00e1s comunes que se producen en el proceso de Traspaso Generacional y sus consecuencias.<br \/>\n&#8211; \u00bfPorqu\u00e9 improvisamos en este proceso?<br \/>\n&#8211; La importancia de mostrar una imagen positiva de la empresa y optimista sobre el escenario para interesar a los descendientes.<br \/>\n&#8211; Las consecuencias y riesgos de no implementar el proceso a tiempo.<br \/>\n&#8211; \u201cEl traspaso forzado\u201d.<\/p>\n<p><strong>2\u00b0 Conferencia. &#8211; 10 de Junio &#8211; 12hs (Uruguay)<\/strong><br \/>\n<strong>An\u00e1lisis de la capacidad de la empresa para \u201cAbsorber Familiares\u201d <\/strong><br \/>\n<strong>y evaluaci\u00f3n del inter\u00e9s de los hijos en integrarse.<\/strong><\/p>\n<p>&#8211; C\u00f3mo evaluar las posibilidades econ\u00f3micas de la empresa para sostener otras familias. \u00bfA cu\u00e1ntos descendientes podremos absorber?<br \/>\n&#8211; El planteo de expectativas por parte de los familiares, c\u00f3mo conocer sus objetivos y hacerlos compatibles con los de la empresa.<br \/>\n&#8211; \u201cNadie quiere versus Todos quieren\u201d dos problemas al fin y al cabo.<br \/>\n&#8211; La diferencia entre Sueldo y Retiros.<\/p>\n<p><strong>3\u00b0 Conferencia &#8211; 17 de Junio &#8211; 12hs (Uruguay)<\/strong><br \/>\n<strong>\u00bfOperario o Gerente?, C\u00f3mo capacitar a nuestros sucesores para el manejo de la empresa.<\/strong><\/p>\n<p>&#8211; El problema de dejar la empresa en manos de alguien no preparado para el cargo.<br \/>\n&#8211; Las funciones del gerente de empresas.<br \/>\n&#8211; \u00bfL\u00edder por m\u00e9rito propio o por simple portaci\u00f3n de apellido? .<br \/>\n&#8211; La tarea de ganarse el respeto de los trabajadores de la empresa.<br \/>\n&#8211; \u00c1reas cr\u00edticas en las que debemos capacitar y motivar a nuestros sucesores.<br \/>\n&#8211; Capacitarse, \u00bfDentro o fuera de la empresa familiar?.<\/p>\n<p><strong>4\u00b0 Conferencia. &#8211; 24 de Junio &#8211; 12hs (Uruguay)<\/strong><br \/>\n<strong>El traspaso generacional en la pr\u00e1ctica cotidiana<\/strong><\/p>\n<p>&#8211; Qu\u00e9 es y c\u00f3mo se implementa la delegaci\u00f3n de tareas en la pr\u00e1ctica.<br \/>\n&#8211; El proceso de ir ganando responsabilidad en forma paulatina.<br \/>\n&#8211; La hora de la verdad, el manejo de la chequera.<br \/>\n&#8211; C\u00f3mo definir los honorarios de un hijo para evitar cometer injusticias.<br \/>\n&#8211; La informaci\u00f3n a los familiares no involucrados en la parte productiva. Un reaseguro para mantener las buenas relaciones.<br \/>\n&#8211; \u00bfY los padres?. La importancia de retener algunas actividades placenteras para mantenerse activos y no perder el contacto con la empresa.<\/p>\n<h4>Modalidad:<\/h4>\n<p>\u2022 Sala de Web \u2013 Conferencias: Los Lunes se desarrollar\u00e1 uno de los temas en la web \u2013 conferencia a trav\u00e9s del sistema Webex.<br \/>\nCada participante recibir\u00e1 en su correo electr\u00f3nico una invitaci\u00f3n el d\u00eda de la sesi\u00f3n unos minutos antes.<br \/>\nLa sesi\u00f3n tendr\u00e1 una duraci\u00f3n m\u00e1xima de 1:15 hs, y se seguir\u00e1 el siguiente esquema:<br \/>\n\u2022 Presentaci\u00f3n por parte del docente y desarrollo de 45 minutos del tema a abordar<br \/>\n\u2022 Se abrir\u00e1 el di\u00e1logo entre docente y participantes el cual ser\u00e1 moderado por un coordinador durante 30 minutos.<br \/>\n\u2022 El docente realizar\u00e1 un resumen como cierre de la web Conferencia.<br \/>\nCada sesi\u00f3n ser\u00e1 graba y posteriormente se enviar\u00e1 por correo electr\u00f3nico el link para su descarga.<br \/>\n\u2022 Equipo necesario:<br \/>\n\u2013 PC, Tablet o Celular<br \/>\n\u2013 Conexi\u00f3n a Internet<br \/>\n\u2013 Parlantes \/ Aud\u00edfonos<br \/>\n\u2013 Micr\u00f3fono (opcional)<\/p>\n<h4>Coordinaci\u00f3n Acad\u00e9mica:<\/h4>\n<p><strong>Ing. Agr. Fernando Ravaglia\u00a0<\/strong><\/p>\n<p>Ingeniero Agr\u00f3nomo egresado de la Facultad de Agronom\u00eda de la Universidad de Buenos Aires.<br \/>\nEspecializado en diagn\u00f3stico, optimizaci\u00f3n y manejo de empresas agropecuarias,<br \/>\nAsesoramiento y capacitaci\u00f3n de productores y t\u00e9cnicos rurales en temas de gesti\u00f3n empresaria.<br \/>\n&#8211; Resoluci\u00f3n de Problemas y Mejora Cont\u00ednua de procesos.<br \/>\n&#8211; Uso del tiempo y Organizaci\u00f3n del trabajo<br \/>\n&#8211; T\u00e9cnicas de Consolidaci\u00f3n Institucional.<br \/>\n&#8211; Organizaci\u00f3n y capacitaci\u00f3n de recursos humanos.<br \/>\n&#8211; Manejo de conflictos y organizaci\u00f3n de la Empresa Familiar<br \/>\nEntrenamiento y capacitaci\u00f3n de operarios rurales en aspectos de mejora cont\u00ednua de procesos y<br \/>\norganizaci\u00f3n del trabajo.<br \/>\nSe desempe\u00f1\u00f3 durante 11 a\u00f1os como Coordinador Regional de AACREA \u2013 Asociaci\u00f3n<br \/>\nArgentina de Consorcios Regionales de Experimentaci\u00f3n Agr\u00edcola \u2013 en las zonas Este de Buenos<br \/>\nAires y Centro de Santa Fe, y asesor de numerosos grupos de productores.<br \/>\nHa dictado cursos de perfeccionamiento en Argentina, Uruguay y Alemania para diferentes<br \/>\norganizaciones del pa\u00eds y del exterior &#8211; FAO, Sociedad Argentino Alemana, Sociedades Rurales,<br \/>\nInstituto Plan Agropecuario, Cambio Rural, Cooperativas y Grupos de productores -.<br \/>\nHa organizado numerosos viajes de capacitaci\u00f3n y b\u00fasqueda de oportunidades comerciales<br \/>\npara el sector agropecuario y agroindustrial en EEUU y Europa.<br \/>\nHa sido docente Universitario durante 6 a\u00f1os en las C\u00e1tedras de Seminarios de Campo I y III<br \/>\nde la Facultad de Agronom\u00eda de la Universidad de Buenos Aires,y en los cursos de pos grado<br \/>\npara profesionales de la Facultad de Veterinaria de la Universidad Nacional del Centro de la<br \/>\nProvincia de Buenos Aires.<br \/>\nHa disertado en numerosos congresos de productores agropecuarios sobre temas t\u00e9cnicos y de<br \/>\norganizaci\u00f3n y manejo de empresas . Ha publicado el \u201cManual de Supervivencia para la<br \/>\nEmpresa Agropecuaria\u201d, asimismo publica habitualmente art\u00edculos referidos a temas de<br \/>\ngerenciamiento en diferentes medios gr\u00e1ficos del pa\u00eds.<br \/>\nSu experiencia en trabajos de consultor\u00eda pasa por empresas de diferente escala, desde PyME<br \/>\nhasta empresas de gran envergadura &#8211; m\u00e1s de 150.000 hect\u00e1reas &#8211; en \u00e1reas de producci\u00f3n<br \/>\nprimaria, agroindustria y servicios .<br \/>\nHoy se desempe\u00f1a como Consultor privado en temas de Capacitaci\u00f3n y Organizaci\u00f3n para el sector rural, particularmente en el \u00e1rea de Recursos Humanos y Empresa Familiar.<\/p>\n<h4>Certificaci\u00f3n:<\/h4>\n<p>Al finalizar el ciclo de Web \u2013 Conferencias cada participante recibir\u00e1 un certificado digital de participaci\u00f3n.<br \/>\nEl mismo es emitido por FEPALE y ser\u00e1 enviado v\u00eda correo electr\u00f3nico con las firmas respectivas en archivo PDF, el cual podr\u00e1 imprimir.<\/p>\n<h4>Costos:<\/h4>\n<p>El costo es de U$S 120 (ciento veinte d\u00f3lares americanos)<br \/>\nAbonando antes del 06 de Mayo de 2019 se obtendr\u00e1 un precio bonificado por inscripci\u00f3n anticipada y el costo es de U$S 100 (cien d\u00f3lares americanos)<br \/>\nDescuento del 20 % para socios de FEPALE<\/p>\n<h3 style=\"text-align: center\"><a href=\"https:\/\/goo.gl\/forms\/HFwpOA7GXvkAI6tm1\" target=\"_blank\" rel=\"noopener\"><strong>FORMULARIO DE INSCRIPCI\u00d3N<\/strong><\/a><\/h3>\n<p style=\"text-align: right\"><strong>POR CONSULTAS:<\/strong><br \/>\n<strong>Elena Sierra \u2013 \u00c1rea de Capacitaci\u00f3n \u2013 FEPALE<\/strong><br \/>\n<strong>Luis A. de Herrera 1052 Torre B \/ 1507 \u2013 Montevideo \u2013 Uruguay<\/strong><br \/>\n<strong>TEL: (598) 2622 0968 \/ 2622 7538<\/strong><br \/>\n<strong>infocapacita@fepale.org \/ www.fepale.org<\/strong><\/p>\n","protected":false},"excerpt":{"rendered":"<p>El Instituto Panamericano del Capacitaci\u00f3n para el Sector L\u00e1cteo junto al Ing. Agr. Fernando Ravaglia convocan e invitan a participar del Ciclo de Web Conferencias El traspaso Generacional en la Empresa Familiar Rural.<\/p>\n<p>Fechas: 03, 10, 17 y 24 de Junio 2019<\/p>\n<p>Organiza:<\/p>\n<p><img loading=\"lazy\" decoding=\"async\" class=\"alignnone wp-image-2864\" src=\"https:\/\/fepale.org\/capacitacion\/wp-content\/uploads\/2018\/12\/organizanrrhh.fw_-300x106.png\" alt=\"\" width=\"212\" height=\"75\" srcset=\"https:\/\/fepale.org\/capacitacion\/wp-content\/uploads\/2018\/12\/organizanrrhh.fw_-300x106.png 300w, https:\/\/fepale.org\/capacitacion\/wp-content\/uploads\/2018\/12\/organizanrrhh.fw_.png 489w\" sizes=\"auto, (max-width: 212px) 100vw, 212px\" \/><\/p>\n","protected":false},"featured_media":2865,"template":"","meta":[],"pwb-brand":[],"product_brand":[],"product_cat":[89],"product_tag":[],"class_list":{"0":"post-2863","1":"product","2":"type-product","3":"status-publish","4":"has-post-thumbnail","6":"product_cat-sin-categoria","8":"first","9":"instock","10":"shipping-taxable","11":"product-type-simple"},"brands":[],"_links":{"self":[{"href":"https:\/\/fepale.org\/capacitacion\/wp-json\/wp\/v2\/product\/2863","targetHints":{"allow":["GET"]}}],"collection":[{"href":"https:\/\/fepale.org\/capacitacion\/wp-json\/wp\/v2\/product"}],"about":[{"href":"https:\/\/fepale.org\/capacitacion\/wp-json\/wp\/v2\/types\/product"}],"wp:featuredmedia":[{"embeddable":true,"href":"https:\/\/fepale.org\/capacitacion\/wp-json\/wp\/v2\/media\/2865"}],"wp:attachment":[{"href":"https:\/\/fepale.org\/capacitacion\/wp-json\/wp\/v2\/media?parent=2863"}],"wp:term":[{"taxonomy":"pwb-brand","embeddable":true,"href":"https:\/\/fepale.org\/capacitacion\/wp-json\/wp\/v2\/pwb-brand?post=2863"},{"taxonomy":"product_brand","embeddable":true,"href":"https:\/\/fepale.org\/capacitacion\/wp-json\/wp\/v2\/product_brand?post=2863"},{"taxonomy":"product_cat","embeddable":true,"href":"https:\/\/fepale.org\/capacitacion\/wp-json\/wp\/v2\/product_cat?post=2863"},{"taxonomy":"product_tag","embeddable":true,"href":"https:\/\/fepale.org\/capacitacion\/wp-json\/wp\/v2\/product_tag?post=2863"}],"curies":[{"name":"wp","href":"https:\/\/api.w.org\/{rel}","templated":true}]}}