{"id":2828,"date":"2018-12-06T12:24:46","date_gmt":"2018-12-06T15:24:46","guid":{"rendered":"https:\/\/fepale.org\/capacitacion\/?post_type=product&#038;p=2828"},"modified":"2022-04-06T13:01:37","modified_gmt":"2022-04-06T16:01:37","slug":"curso-internacional-de-automatizacion-para-la-industria-lactea-inicio-abril-2019","status":"publish","type":"product","link":"https:\/\/fepale.org\/capacitacion\/producto\/curso-internacional-de-automatizacion-para-la-industria-lactea-inicio-abril-2019\/","title":{"rendered":"2da Edici\u00f3n &#8211; Automatizaci\u00f3n para la Industria L\u00e1ctea &#8211; Inicio 2 de Septiembre 2019 (Presencial)"},"content":{"rendered":"<h4>Presentaci\u00f3n:<\/h4>\n<p>Un mundo de cambios tecnol\u00f3gicos r\u00e1pidos demanda permanentemente productos y servicios de alta calidad, que solo pueden proporcionarse a trav\u00e9s de un alto nivel de productividad. Este requiere ingenier\u00eda de fabricaci\u00f3n y procesos automatizados. La calidad, el tiempo y los costos son factores clave de la industria de hoy y del futuro.<\/p>\n<p>La mecatr\u00f3nica integra los campos de la mec\u00e1nica general, ingenier\u00eda el\u00e9ctrica, ingenier\u00eda en computaci\u00f3n y tecnolog\u00edas de la informaci\u00f3n, as\u00ed como de la ingenier\u00eda de control de procesos. Est\u00e1 enfocada en la interrelaci\u00f3n entre las diferentes tecnolog\u00edas y t\u00e9cnicas. Estos modernos sistemas han alcanzado un nivel de sofisticaci\u00f3n dif\u00edcil de imaginar utilizando los enfoques y m\u00e9todos tradicionales.<\/p>\n<p>El Curso Internacional de Automatizaci\u00f3n para la Industria Lechera ser\u00e1 realizado en las instalaciones del Centro de Automatizaci\u00f3n Industrial y Mecatr\u00f3nica (CAIME). Este espacio, \u00fanico a nivel regional de capacitaci\u00f3n, asesor\u00eda y generaci\u00f3n de conocimiento.<\/p>\n<p>Durante los cinco d\u00edas de duraci\u00f3n del curso se tratar\u00e1n, y aplicar\u00e1n en la pr\u00e1ctica, los conceptos m\u00e1s importantes de automatizaci\u00f3n industrial moderna, abarcando programaci\u00f3n de PLC y sistemas de supervisi\u00f3n, control y adquisici\u00f3n de datos (SCADA), control de motores el\u00e9ctricos y variadores de velocidad, manejo y selecci\u00f3n de sensores y actuadores, sistemas de comunicaciones industriales y sistemas neum\u00e1ticos (aire comprimido). Toda esta tem\u00e1tica estar\u00e1 enmarcada por la visi\u00f3n integradora de la mecatr\u00f3nica y se expondr\u00e1n m\u00faltiples temas de gerenciamiento industrial aplicado tales como sistemas de manufactura, control de calidad en producci\u00f3n, modelos de mejora institucional e industria 4.0.<\/p>\n<p>Este curso brinda a Gerentes, Jefes o Encargados de Producci\u00f3n, Mantenimiento, Calidad y Profesionales que se desempe\u00f1an en las \u00e1reas de Automatizaci\u00f3n, Control de procesos, Ingenier\u00eda el\u00e9ctrica \/ electr\u00f3nica e Instrumentaci\u00f3n, as\u00ed como a proveedores de tecnolog\u00eda, una oportunidad de tener una visi\u00f3n global y a la vez pr\u00e1ctica, de las actuales tecnolog\u00edas, sus aplicaciones en la industria (l\u00e1ctea), y contribuir\u00e1 a los efectos de poder dimensionar, manejar y seleccionar tecnolog\u00eda de automatizaci\u00f3n industrial.<\/p>\n<h4>Objetivo:<\/h4>\n<p>Incorporar conceptos de automatizaci\u00f3n industrial moderna para su aplicaci\u00f3n en la industria lechera.<\/p>\n<h4>Dirigido a:<\/h4>\n<p>\u2022 Gerentes, jefes o encargados de:<br \/>\no Producci\u00f3n<br \/>\no Planta<br \/>\no Mantenimiento<br \/>\no Procesos<br \/>\no Calidad<br \/>\n\u2022 Profesionales que se desempe\u00f1an en las \u00e1reas de:<br \/>\no Automatizaci\u00f3n<br \/>\no Mecatr\u00f3nica<br \/>\no Control de procesos<br \/>\no Ingenier\u00eda el\u00e9ctrica \/ electr\u00f3nica<br \/>\no Laboratorios<br \/>\no Instrumentaci\u00f3n<br \/>\n\u2022 Proveedores de tecnolog\u00eda que incorporan automatizaci\u00f3n.<br \/>\n\u2022 Empresas de mantenimiento relacionadas con el sector.<\/p>\n<h4>Sede del curso:<\/h4>\n<p>El curso tendr\u00e1 lugar en las instalaciones del Centro de Automatizaci\u00f3n Industrial y Mecatr\u00f3nica (CAIME), situadas en el Laboratorio Tecnol\u00f3gico del Uruguay (LATU).<\/p>\n<p>Este centro es la primera plataforma de alta tecnolog\u00eda de la regi\u00f3n y tiene como fin crear las capacidades necesarias para difundir la tecnolog\u00eda de automatizaci\u00f3n, que colabora con el aumento de la productividad y el cumplimiento de est\u00e1ndares internacionales. Tiene como metas agregar valor a la producci\u00f3n y posicionar a la industria en un grado de desarrollo superior.<\/p>\n<p>El equipo de entrenamiento que posee el Caime es altamente sofisticado y ofrece la posibilidad de trabajar con los equipos m\u00e1s modernos de tecnolog\u00eda de automatizaci\u00f3n de manufactura y empaquetado. Est\u00e1 configurado con componentes industriales que permiten que el participante trabaje con procesos reales.<\/p>\n<p><strong>Presentaci\u00f3n de las Instalaciones del Centro:<\/strong><\/p>\n<h4>Implementaci\u00f3n:<\/h4>\n<p>El curso consta de 5 jornadas de trabajo en las que se montar\u00e1n y programar\u00e1n las distintas partes de una planta automatizada totalmente integrada, incluyendo su sistema Scada.<\/p>\n<p>El enfoque del curso ser\u00e1 fundamentalmente pr\u00e1ctico y cada uno de los participantes contar\u00e1 con los equipos necesarios para la implementaci\u00f3n completa de cada una de las pr\u00e1cticas.<\/p>\n<p>La totalidad de las clases se dictar\u00e1n en el CAIME.<\/p>\n<h4>Contenidos:<\/h4>\n<p><strong>Lunes:<\/strong><\/p>\n<p><strong>1. Charla introductoria:<\/strong><br \/>\nMesa de recepci\u00f3n<br \/>\nDiscurso de bienvenida (Autoridades)<br \/>\nAlcance del curso<\/p>\n<p><strong>2. Conceptos de automatizaci\u00f3n industrial moderna<\/strong><br \/>\nSistemas de producci\u00f3n<br \/>\nOperaciones de manufactura<br \/>\nAutomatizaci\u00f3n industrial<br \/>\nIntegraci\u00f3n del control de calidad en la automatizaci\u00f3n<\/p>\n<p><strong>3. Sistemas de aire comprimido<\/strong><br \/>\nFundamentos de neum\u00e1tica<br \/>\nSensores, l\u00f3gica de control y actuadores<br \/>\nEsquemas de circuitos neum\u00e1ticos y simulaci\u00f3n<br \/>\nControl de magnitudes (Presi\u00f3n, caudal, fuerza, velocidad, etc.)<\/p>\n<p><strong>Martes:<\/strong><\/p>\n<p><strong>4. Sensores industriales<\/strong><br \/>\nClasificaci\u00f3n<br \/>\nPrincipios de funcionamiento<br \/>\nSelecci\u00f3n seg\u00fan aplicaci\u00f3n<br \/>\nIntegraci\u00f3n en las redes industriales<\/p>\n<p><strong>5. Programaci\u00f3n de PLC<\/strong><br \/>\nFundamentos<br \/>\nEtapas de un proyecto de automatizaci\u00f3n con PLC<br \/>\nAmbiente de desarrollo STEP 7<br \/>\nLenguajes de programaci\u00f3n y bloques l\u00f3gicos<br \/>\nProgramaci\u00f3n estructurada<br \/>\nVariables anal\u00f3gicas<\/p>\n<p><strong>Mi\u00e9rcoles:<\/strong><\/p>\n<p><strong>6. Motores el\u00e9ctricos<\/strong><br \/>\nFundamentos y principios de funcionamiento<br \/>\nCaptura de curvas caracter\u00edsticas y an\u00e1lisis<br \/>\nSelecci\u00f3n y aplicaci\u00f3n en la industria<\/p>\n<p><strong>7. Manejo de variadores de velocidad<\/strong><br \/>\nFundamentos<br \/>\nAn\u00e1lisis de carga<br \/>\nSelecci\u00f3n y configuraci\u00f3n<br \/>\nManejo local y remoto<br \/>\nIntegraci\u00f3n en redes de automatizaci\u00f3n<\/p>\n<p><strong>Jueves:<\/strong><\/p>\n<p><strong>8. Comunicaciones industriales<\/strong><br \/>\nFundamentos y modelo de capas industriales<br \/>\nClasificaci\u00f3n seg\u00fan medio f\u00edsico<br \/>\nEstructuras de red<br \/>\nIntegraci\u00f3n de dispositivos en planta<br \/>\nProtocolos de comunicaci\u00f3n populares<br \/>\nRedesEthernet\/ProfiNet, ProfiBus\/MPI y As-i<\/p>\n<p><strong>9. Sistemas SCADA<\/strong><br \/>\nSistemas y componentes HMI<br \/>\nWinCC e integraci\u00f3n en proyectos STEP 7<br \/>\nEnlaces de datos<br \/>\nControles de entrada y salida t\u00edpicos<br \/>\nDise\u00f1o de pantallas y navegaci\u00f3n<\/p>\n<p><strong>10. Calidad en procesos industriales<\/strong><br \/>\nModelos de mejora<br \/>\nPokaYoke: B\u00fasqueda y reducci\u00f3n de errores<br \/>\n5S: Organizaci\u00f3n de puestos de trabajo<br \/>\nTPM: Mantenimiento productivo<\/p>\n<p><strong>Viernes:<\/strong><\/p>\n<p><strong>11. Conclusiones generales<\/strong><br \/>\nMecatr\u00f3nica: Capacitaci\u00f3n para la industria.<br \/>\nLa industria 4.0<\/p>\n<p><strong>12. Otras actividades a confirmar<\/strong><\/p>\n<h4>Costo:<\/h4>\n<p>El costo del curso es de USD 800 (d\u00f3lares americanos)<\/p>\n<p>Realizando el pago antes del 12 de Agosto se obtendr\u00e1 un precio bonificado y el mismo es de USD 700 (d\u00f3lares americanos)<\/p>\n<p>Descuento del 20% para socios de FEPALE.<\/p>\n<h3>Cupos estrictamente limitados a 12 Participantes.<\/h3>\n<h3 style=\"text-align: center\"><a href=\"https:\/\/goo.gl\/forms\/R9AbXZWIbhGX1V262\" target=\"_blank\" rel=\"noopener\"><strong>FORMULARIO DE INSCRIPCI\u00d3N AQU\u00cd<\/strong><\/a><\/h3>\n<p style=\"text-align: right\"><strong>POR CONSULTAS:<\/strong><br \/>\n<strong>Elena Sierra \u2013 \u00c1rea de Capacitaci\u00f3n \u2013 FEPALE<\/strong><br \/>\n<strong>Luis A. de Herrera 1052 Torre B \/ 1507 \u2013 Montevideo \u2013 Uruguay<\/strong><br \/>\n<strong>TEL: (598) 2622 0968 \/ 2622 7538<\/strong><br \/>\n<strong>infocapacita@fepale.org\/www.fepale.org<\/strong><\/p>\n<p>&nbsp;<\/p>\n<h3 style=\"text-align: center\"><\/h3>\n","protected":false},"excerpt":{"rendered":"<p>Con el objetivo de incorporar conceptos de automatizaci\u00f3n industrial moderna para su aplicaci\u00f3n en la industria lechera. el Instituto Panamericano de Capacitaci\u00f3n para el Sector L\u00e1cteo (FEPALE) junto al Centro de Automatizaci\u00f3n Industrial y Mecatr\u00f3nica. (CAIME) convocan e invitan a participar del Curso Internacional de Automatizaci\u00f3n para la Industria L\u00e1ctea.<\/p>\n<h3>Organizan:<\/h3>\n<p><img loading=\"lazy\" decoding=\"async\" class=\"alignnone size-medium wp-image-2428\" src=\"http:\/\/fepale.org\/capacitacion\/wp-content\/uploads\/2018\/02\/fepalecaime-300x81.png\" alt=\"\" width=\"300\" height=\"81\" srcset=\"https:\/\/fepale.org\/capacitacion\/wp-content\/uploads\/2018\/02\/fepalecaime-300x81.png 300w, https:\/\/fepale.org\/capacitacion\/wp-content\/uploads\/2018\/02\/fepalecaime-600x162.png 600w, https:\/\/fepale.org\/capacitacion\/wp-content\/uploads\/2018\/02\/fepalecaime-768x208.png 768w, https:\/\/fepale.org\/capacitacion\/wp-content\/uploads\/2018\/02\/fepalecaime-1024x277.png 1024w, https:\/\/fepale.org\/capacitacion\/wp-content\/uploads\/2018\/02\/fepalecaime-1080x292.png 1080w, https:\/\/fepale.org\/capacitacion\/wp-content\/uploads\/2018\/02\/fepalecaime.png 1262w\" sizes=\"auto, (max-width: 300px) 100vw, 300px\" \/>\u00a0<img loading=\"lazy\" decoding=\"async\" class=\"alignnone size-medium wp-image-2961\" src=\"https:\/\/fepale.org\/capacitacion\/wp-content\/uploads\/2018\/12\/otroslogos-300x86.png\" alt=\"\" width=\"300\" height=\"86\" srcset=\"https:\/\/fepale.org\/capacitacion\/wp-content\/uploads\/2018\/12\/otroslogos-300x86.png 300w, https:\/\/fepale.org\/capacitacion\/wp-content\/uploads\/2018\/12\/otroslogos-600x173.png 600w, https:\/\/fepale.org\/capacitacion\/wp-content\/uploads\/2018\/12\/otroslogos-768x221.png 768w, https:\/\/fepale.org\/capacitacion\/wp-content\/uploads\/2018\/12\/otroslogos-1024x295.png 1024w, https:\/\/fepale.org\/capacitacion\/wp-content\/uploads\/2018\/12\/otroslogos-1080x311.png 1080w, https:\/\/fepale.org\/capacitacion\/wp-content\/uploads\/2018\/12\/otroslogos.png 1184w\" sizes=\"auto, (max-width: 300px) 100vw, 300px\" \/><\/p>\n<h3><\/h3>\n","protected":false},"featured_media":2433,"template":"","meta":[],"pwb-brand":[],"product_brand":[],"product_cat":[89],"product_tag":[],"class_list":{"0":"post-2828","1":"product","2":"type-product","3":"status-publish","4":"has-post-thumbnail","6":"product_cat-sin-categoria","8":"first","9":"instock","10":"shipping-taxable","11":"product-type-simple"},"brands":[],"_links":{"self":[{"href":"https:\/\/fepale.org\/capacitacion\/wp-json\/wp\/v2\/product\/2828","targetHints":{"allow":["GET"]}}],"collection":[{"href":"https:\/\/fepale.org\/capacitacion\/wp-json\/wp\/v2\/product"}],"about":[{"href":"https:\/\/fepale.org\/capacitacion\/wp-json\/wp\/v2\/types\/product"}],"wp:featuredmedia":[{"embeddable":true,"href":"https:\/\/fepale.org\/capacitacion\/wp-json\/wp\/v2\/media\/2433"}],"wp:attachment":[{"href":"https:\/\/fepale.org\/capacitacion\/wp-json\/wp\/v2\/media?parent=2828"}],"wp:term":[{"taxonomy":"pwb-brand","embeddable":true,"href":"https:\/\/fepale.org\/capacitacion\/wp-json\/wp\/v2\/pwb-brand?post=2828"},{"taxonomy":"product_brand","embeddable":true,"href":"https:\/\/fepale.org\/capacitacion\/wp-json\/wp\/v2\/product_brand?post=2828"},{"taxonomy":"product_cat","embeddable":true,"href":"https:\/\/fepale.org\/capacitacion\/wp-json\/wp\/v2\/product_cat?post=2828"},{"taxonomy":"product_tag","embeddable":true,"href":"https:\/\/fepale.org\/capacitacion\/wp-json\/wp\/v2\/product_tag?post=2828"}],"curies":[{"name":"wp","href":"https:\/\/api.w.org\/{rel}","templated":true}]}}