{"id":2778,"date":"2018-10-16T12:03:43","date_gmt":"2018-10-16T15:03:43","guid":{"rendered":"https:\/\/fepale.org\/capacitacion\/?post_type=product&#038;p=2778"},"modified":"2018-12-03T13:34:42","modified_gmt":"2018-12-03T16:34:42","slug":"ciclo-de-web-conferencias-sobre-actualizacion-en-e-learning-19-y-26-de-noviembre-2018-actividad-sin-costo","status":"publish","type":"product","link":"https:\/\/fepale.org\/capacitacion\/producto\/ciclo-de-web-conferencias-sobre-actualizacion-en-e-learning-19-y-26-de-noviembre-2018-actividad-sin-costo\/","title":{"rendered":"Ciclo de Web Conferencias sobre Actualizaci\u00f3n en E-Learning. 19 y 26 de Noviembre 2018 (Actividad sin Costo)"},"content":{"rendered":"<h4><strong>Ciclo de Web Conferencias sobre Actualizaci\u00f3n en E-Learning.<\/strong><\/h4>\n<p><strong>Realizaremos dos conferencias gratuitas donde se presentar\u00e1n las siguientes tem\u00e1ticas:<\/strong><\/p>\n<p><span style=\"color: #008000;\"><strong>1\u00ba) Web conferencia Aportes para el Dise\u00f1o Instruccional en E learning y en Did\u00e1cticaVirtual. <\/strong><\/span><br \/>\n<span style=\"color: #008000;\"><strong>Lunes 19 de Noviembre<\/strong><\/span><br \/>\n<span style=\"color: #008000;\"><strong>20hs (zona horaria Uruguay)<\/strong> <\/span><\/p>\n<p><strong>Coordina Daniel Esp\u00edndola.<\/strong><\/p>\n<p>El objetivo es analizar cr\u00edticamente los aspectos centrales a la hora de dise\u00f1ar cursos a distancia y analizar el rol y las tareas de un tutor virtual.<\/p>\n<p><span style=\"color: #008000;\"><strong>2da) Web Conferencia de Actualizaci\u00f3n en el armado en materiales para E-Learning.<\/strong><\/span><br \/>\n<span style=\"color: #008000;\"><strong>Lunes 26 de Noviembre<\/strong><\/span><br \/>\n<span style=\"color: #008000;\"><strong>12 hs (zona horaria Uruguay)<\/strong><\/span><\/p>\n<p><strong>Coordina Elena Sierra<\/strong><\/p>\n<p>El objetivo de esta conferencia es aportarles herramientas para editar material m\u00e1s interactivo, multimedia y amigable de acuerdo a las nuevas tendencias en E-Learning.<\/p>\n<p><strong>Las actividades durar\u00e1n aproximadamente 1 hora 15\u2019<\/strong><\/p>\n<p>Previamente se recomendar\u00e1 materiales did\u00e1cticos sobre las tem\u00e1ticas.<\/p>\n<h4>Modalidad:<\/h4>\n<p>\u2022 Sala de Web \u2013 Conferencias: Los Lunes se desarrollar\u00e1 uno de los temas en la web \u2013 conferencia a trav\u00e9s del sistema Webex.<br \/>\nCada participante recibir\u00e1 en su correo electr\u00f3nico una invitaci\u00f3n el d\u00eda de la sesi\u00f3n unos minutos antes.<br \/>\nLa sesi\u00f3n tendr\u00e1 una duraci\u00f3n m\u00e1xima de 1:15 hs, y se seguir\u00e1 el siguiente esquema:<br \/>\n\u2022 Presentaci\u00f3n por parte del docente y desarrollo de 45 minutos del tema a abordar<br \/>\n\u2022 Se abrir\u00e1 el di\u00e1logo entre docente y participantes el cual ser\u00e1 moderado por un coordinador durante 30 minutos.<br \/>\n\u2022 El docente realizar\u00e1 un resumen como cierre de la web Conferencia.<br \/>\nCada sesi\u00f3n ser\u00e1 graba y posteriormente se enviar\u00e1 por correo electr\u00f3nico el link para su descarga.<br \/>\n\u2022 Equipo necesario:<br \/>\n\u2013 PC, Tablet o Celular<br \/>\n\u2013 Conexi\u00f3n a Internet<br \/>\n\u2013 Parlantes \/ Aud\u00edfonos<br \/>\n\u2013 Micr\u00f3fono (opcional)<\/p>\n<h4>Certificaci\u00f3n:<\/h4>\n<p>Al finalizar el ciclo de Web \u2013 Conferencias cada participante recibir\u00e1 un certificado digital de participaci\u00f3n.<br \/>\nEl mismo es emitido por FEPALE y ser\u00e1 enviado v\u00eda correo electr\u00f3nico con las firmas respectivas en archivo PDF, el cual podr\u00e1 imprimir.<\/p>\n<h3 style=\"text-align: center;\"><span style=\"color: #008000;\"><strong>ACTIVIDAD GRATUITA\u00a0<\/strong><\/span><\/h3>\n<h3 style=\"text-align: center;\"><a href=\"https:\/\/docs.google.com\/forms\/d\/e\/1FAIpQLSeyJyR-P53KI0-KAPqZCsTMpoxnEpGY_MS_PLY44XAY2HXKVA\/viewform?usp=sf_link\" target=\"_blank\" rel=\"noopener\"><strong>FORMULARIO DE INSCRIPCI\u00d3N AQU\u00cd<\/strong><\/a><\/h3>\n","protected":false},"excerpt":{"rendered":"<p>El Instituto Panamericano de Capacitaci\u00f3n para el Sector L\u00e1cteo de FEPALE convoca e invita al Ciclo de Web Conferencias sobre Actualizaci\u00f3n en E-Learning.<\/p>\n<p>Organiza:\u00a0<img loading=\"lazy\" decoding=\"async\" class=\"wp-image-2552 alignnone\" src=\"https:\/\/fepale.org\/capacitacion\/wp-content\/uploads\/2018\/03\/FEPALE_top-300x152.jpg\" alt=\"\" width=\"199\" height=\"102\" srcset=\"https:\/\/fepale.org\/capacitacion\/wp-content\/uploads\/2018\/03\/FEPALE_top-300x152.jpg 300w, https:\/\/fepale.org\/capacitacion\/wp-content\/uploads\/2018\/03\/FEPALE_top-768x388.jpg 768w, https:\/\/fepale.org\/capacitacion\/wp-content\/uploads\/2018\/03\/FEPALE_top-990x505.jpg 990w\" sizes=\"auto, (max-width: 199px) 100vw, 199px\" \/><\/p>\n","protected":false},"featured_media":2780,"template":"","meta":[],"pwb-brand":[],"product_brand":[],"product_cat":[94],"product_tag":[],"class_list":{"0":"post-2778","1":"product","2":"type-product","3":"status-publish","4":"has-post-thumbnail","6":"product_cat-94","8":"first","9":"instock","10":"shipping-taxable","11":"product-type-simple"},"brands":[],"_links":{"self":[{"href":"https:\/\/fepale.org\/capacitacion\/wp-json\/wp\/v2\/product\/2778","targetHints":{"allow":["GET"]}}],"collection":[{"href":"https:\/\/fepale.org\/capacitacion\/wp-json\/wp\/v2\/product"}],"about":[{"href":"https:\/\/fepale.org\/capacitacion\/wp-json\/wp\/v2\/types\/product"}],"wp:featuredmedia":[{"embeddable":true,"href":"https:\/\/fepale.org\/capacitacion\/wp-json\/wp\/v2\/media\/2780"}],"wp:attachment":[{"href":"https:\/\/fepale.org\/capacitacion\/wp-json\/wp\/v2\/media?parent=2778"}],"wp:term":[{"taxonomy":"pwb-brand","embeddable":true,"href":"https:\/\/fepale.org\/capacitacion\/wp-json\/wp\/v2\/pwb-brand?post=2778"},{"taxonomy":"product_brand","embeddable":true,"href":"https:\/\/fepale.org\/capacitacion\/wp-json\/wp\/v2\/product_brand?post=2778"},{"taxonomy":"product_cat","embeddable":true,"href":"https:\/\/fepale.org\/capacitacion\/wp-json\/wp\/v2\/product_cat?post=2778"},{"taxonomy":"product_tag","embeddable":true,"href":"https:\/\/fepale.org\/capacitacion\/wp-json\/wp\/v2\/product_tag?post=2778"}],"curies":[{"name":"wp","href":"https:\/\/api.w.org\/{rel}","templated":true}]}}