{"id":2722,"date":"2018-08-20T10:50:54","date_gmt":"2018-08-20T13:50:54","guid":{"rendered":"https:\/\/fepale.org\/capacitacion\/?post_type=product&#038;p=2722"},"modified":"2018-12-03T13:32:08","modified_gmt":"2018-12-03T16:32:08","slug":"inlactis-simposio-internacional-en-ciencia-y-tecnologia-de-lacteos-6-y-7-de-noviembre-2018","status":"publish","type":"product","link":"https:\/\/fepale.org\/capacitacion\/producto\/inlactis-simposio-internacional-en-ciencia-y-tecnologia-de-lacteos-6-y-7-de-noviembre-2018\/","title":{"rendered":"Inlactis &#8211; Simposio Internacional en Ciencia y Tecnolog\u00eda de L\u00e1cteos &#8211; 6 y 7 de Noviembre 2018"},"content":{"rendered":"<h4>Presentaci\u00f3n:<\/h4>\n<p>Inlactis es el Simposio Internacional en Ciencia y Tecnolog\u00eda de L\u00e1cteos que se organiza de forma interinstitucional desde Uruguay.<br \/>\nRe\u00fane expertos del m\u00e1s alto nivel con el \u00fanico objetivo de promover y acercar la discusi\u00f3n tecnol\u00f3gica y cient\u00edfica de tem\u00e1ticas de inter\u00e9s a industrias, pymes y empresas artesanales del sector, promoviendo la difusi\u00f3n de conocimientos a profesionales, productores, estudiantes y empresarios del sector l\u00e1cteo industrial nacional y de la regi\u00f3n.<\/p>\n<p>El Simposio se desarrollar\u00e1 el 6 y 7 de noviembre de 2018 en el Radisson Montevideo Victoria Plaza Hotel.<\/p>\n<h4>Tem\u00e1ticas:<\/h4>\n<ul>\n<li>Microbiolog\u00eda de L\u00e1cteos<\/li>\n<li>Calidad e inocuidad<\/li>\n<li>Ingredientes, Componentes y formulaciones l\u00e1cteas<\/li>\n<li>Identificaciones Geogr\u00e1ficas<\/li>\n<li>An\u00e1lisis sensorial y tendencias de consumidores<\/li>\n<li>Procesamiento de l\u00e1cteos<\/li>\n<li>Tecnolog\u00eda de quesos y productos frescos<\/li>\n<\/ul>\n<h4>Conferencistas:<\/h4>\n<p><strong>Dr. Hilton Deeth<\/strong><br \/>\nUniversity of Queensland<br \/>\nAustralia<\/p>\n<p><strong>Dra. MaryAnne Drake<\/strong><br \/>\n(A confirmar)<br \/>\nDepartment of Food Science, North Carolina State University<br \/>\nEstados Unidos<\/p>\n<p><strong>Dr. John Haldemann<\/strong><br \/>\nSwiss Confederation\u2019s centre of excellence for agricultural research (Agroscope)<br \/>\nSuiza<\/p>\n<p><strong>Dr. Federico Harte<\/strong><br \/>\nDepartamento de Ciencia de Alimentos de Pennsylvania State University<br \/>\nEstados Unidos<\/p>\n<p><strong>Dr. Paul McSweeney<\/strong><br \/>\nDepartment of Food and Nutritional Sciences, University College Cork<br \/>\nIrlanda<\/p>\n<p><strong>Dr. Seamus Anthony O\u2019Mahony<\/strong><br \/>\nSchool of Food &amp; Nutritional Sciences, University College Cork<br \/>\nIrlanda<\/p>\n<p><strong>Dra. Roxana Beatriz Paez<\/strong><br \/>\nInstituto Nacional de Tecnolog\u00eda Agropecuaria, INTA<br \/>\nArgentina<\/p>\n<p><strong>Dr. Pierre Schuck<\/strong><br \/>\nNational Institute of Agronomical Research (INRA \u2013 Agrocampus-Ouest), Rennes<br \/>\nFrancia<\/p>\n<h4>Registro Anticipado:<\/h4>\n<p><strong>GENERALES\u00a0<\/strong><br \/>\n<strong>USD 180<\/strong><br \/>\nPrecio bonificado<br \/>\nhasta el 15 de setiembre.<br \/>\nPosteriormente tendr\u00e1 un<br \/>\ncosto de USD 240.<\/p>\n<p><strong>SOCIOS DE FEPALE<\/strong><br \/>\n<strong>USD 162<\/strong><br \/>\nPrecio bonificado<br \/>\nhasta el 15 de setiembre.<br \/>\nPosteriormente tendr\u00e1 un<br \/>\ncosto de USD 216.<\/p>\n<p><strong>ESTUDIANTES<\/strong><br \/>\n<strong>USD 95<\/strong><br \/>\nPrecio bonificado<br \/>\nhasta el 15 de setiembre.<br \/>\nPosteriormente tendr\u00e1 un<br \/>\ncosto de USD 145.<\/p>\n<h4>Contacto:<\/h4>\n<p>Secretar\u00eda Administrativa:<\/p>\n<p>EASY PLANNERS<br \/>\nCongresos y Exposiciones<br \/>\nChan\u00e1 2159, CP 11.200 \u2013 Montevideo, Uruguay<\/p>\n<p>(+598) 2401.2005*<br \/>\ninfo@easyplanners.com<br \/>\n<a href=\"https:\/\/www.easyplanners.com\/\" target=\"_blank\" rel=\"noopener\">www.easyplanners.com<\/a><\/p>\n<p><strong>Mas informaci\u00f3n:<\/strong>\u00a0<a href=\"https:\/\/inlactis.uy\/\" target=\"_blank\" rel=\"noopener\">https:\/\/inlactis.uy\/<\/a><\/p>\n","protected":false},"excerpt":{"rendered":"<p>Inlactis es el Simposio Internacional en Ciencia y Tecnolog\u00eda de L\u00e1cteos que se organiza de forma interinstitucional desde Uruguay.<br \/>\nRe\u00fane expertos del m\u00e1s alto nivel con el \u00fanico objetivo de promover y acercar la discusi\u00f3n tecnol\u00f3gica y cient\u00edfica de tem\u00e1ticas de inter\u00e9s a industrias, pymes y empresas artesanales del sector, promoviendo la difusi\u00f3n de conocimientos a profesionales, productores, estudiantes y empresarios del sector l\u00e1cteo industrial nacional y de la regi\u00f3n.<\/p>\n<p>El Simposio se desarrollar\u00e1 el 6 y 7 de noviembre de 2018 en el Radisson Montevideo Victoria Plaza Hotel.<\/p>\n<p>Organizan:\u00a0\u00a0<img loading=\"lazy\" decoding=\"async\" class=\"alignnone size-medium wp-image-2723\" src=\"https:\/\/fepale.org\/capacitacion\/wp-content\/uploads\/2018\/08\/organizan.fw_-300x64.png\" alt=\"\" width=\"300\" height=\"64\" srcset=\"https:\/\/fepale.org\/capacitacion\/wp-content\/uploads\/2018\/08\/organizan.fw_-300x64.png 300w, https:\/\/fepale.org\/capacitacion\/wp-content\/uploads\/2018\/08\/organizan.fw_.png 509w\" sizes=\"auto, (max-width: 300px) 100vw, 300px\" \/>Apoya:\u00a0\u00a0 \u00a0\u00a0<img loading=\"lazy\" decoding=\"async\" class=\"alignnone wp-image-2552\" src=\"https:\/\/fepale.org\/capacitacion\/wp-content\/uploads\/2018\/03\/FEPALE_top-300x152.jpg\" alt=\"\" width=\"111\" height=\"56\" srcset=\"https:\/\/fepale.org\/capacitacion\/wp-content\/uploads\/2018\/03\/FEPALE_top-300x152.jpg 300w, https:\/\/fepale.org\/capacitacion\/wp-content\/uploads\/2018\/03\/FEPALE_top-600x303.jpg 600w, https:\/\/fepale.org\/capacitacion\/wp-content\/uploads\/2018\/03\/FEPALE_top-768x388.jpg 768w, https:\/\/fepale.org\/capacitacion\/wp-content\/uploads\/2018\/03\/FEPALE_top-990x505.jpg 990w, https:\/\/fepale.org\/capacitacion\/wp-content\/uploads\/2018\/03\/FEPALE_top.jpg 1000w\" sizes=\"auto, (max-width: 111px) 100vw, 111px\" \/><\/p>\n","protected":false},"featured_media":2730,"template":"","meta":[],"pwb-brand":[],"product_brand":[],"product_cat":[94],"product_tag":[],"class_list":{"0":"post-2722","1":"product","2":"type-product","3":"status-publish","4":"has-post-thumbnail","6":"product_cat-94","8":"first","9":"instock","10":"shipping-taxable","11":"product-type-simple"},"brands":[],"_links":{"self":[{"href":"https:\/\/fepale.org\/capacitacion\/wp-json\/wp\/v2\/product\/2722","targetHints":{"allow":["GET"]}}],"collection":[{"href":"https:\/\/fepale.org\/capacitacion\/wp-json\/wp\/v2\/product"}],"about":[{"href":"https:\/\/fepale.org\/capacitacion\/wp-json\/wp\/v2\/types\/product"}],"wp:featuredmedia":[{"embeddable":true,"href":"https:\/\/fepale.org\/capacitacion\/wp-json\/wp\/v2\/media\/2730"}],"wp:attachment":[{"href":"https:\/\/fepale.org\/capacitacion\/wp-json\/wp\/v2\/media?parent=2722"}],"wp:term":[{"taxonomy":"pwb-brand","embeddable":true,"href":"https:\/\/fepale.org\/capacitacion\/wp-json\/wp\/v2\/pwb-brand?post=2722"},{"taxonomy":"product_brand","embeddable":true,"href":"https:\/\/fepale.org\/capacitacion\/wp-json\/wp\/v2\/product_brand?post=2722"},{"taxonomy":"product_cat","embeddable":true,"href":"https:\/\/fepale.org\/capacitacion\/wp-json\/wp\/v2\/product_cat?post=2722"},{"taxonomy":"product_tag","embeddable":true,"href":"https:\/\/fepale.org\/capacitacion\/wp-json\/wp\/v2\/product_tag?post=2722"}],"curies":[{"name":"wp","href":"https:\/\/api.w.org\/{rel}","templated":true}]}}