{"id":2709,"date":"2018-08-06T10:25:25","date_gmt":"2018-08-06T13:25:25","guid":{"rendered":"https:\/\/fepale.org\/capacitacion\/?post_type=product&#038;p=2709"},"modified":"2018-12-03T13:30:52","modified_gmt":"2018-12-03T16:30:52","slug":"curso-internacional-a-distancia-el-valor-nutricional-de-los-lacteos-mitos-y-realidades-cientificas-inicio-8-de-octubre-2018","status":"publish","type":"product","link":"https:\/\/fepale.org\/capacitacion\/producto\/curso-internacional-a-distancia-el-valor-nutricional-de-los-lacteos-mitos-y-realidades-cientificas-inicio-8-de-octubre-2018\/","title":{"rendered":"Curso Internacional a Distancia: El Valor Nutricional de los L\u00e1cteos \u2013 Mitos y Realidades Cient\u00edficas. &#8211;  Inicio 8 de Octubre 2018"},"content":{"rendered":"<h4>PRESENTACI\u00d3N:<\/h4>\n<p>En la actualidad el consumo de productos l\u00e1cteos y su relaci\u00f3n con la salud humana es uno de los t\u00f3picos m\u00e1s investigados por los cient\u00edficos de la nutrici\u00f3n a nivel mundial. A trav\u00e9s de este curso se pretende acercar al estudiante informaci\u00f3n actual, evidencias con un rigor estrictamente cient\u00edfico, a partir de la cual se generar\u00e1 el intercambio y se enriquecer\u00e1 el proceso ense\u00f1anza-aprendizaje, donde cada estudiante podr\u00e1 aportar desde su experiencia personal y profesional.<\/p>\n<p>El Instituto Panamericano de Capacitaci\u00f3n para el Sector L\u00e1cteo brinda la oportunidad de formarse en un \u00e1rea tan importante como la alimentaci\u00f3n humana, de la mano de docentes reconocidos internacionalmente, que cuentan con una amplia experiencia en investigaci\u00f3n cient\u00edfica.<\/p>\n<p><strong>Objetivo del Curso:<\/strong><br \/>\nEl objetivo es analizar a fondo la informaci\u00f3n y desinformaci\u00f3n que existe actualmente en torno a los nutrientes l\u00e1cteos y su relaci\u00f3n con la salud humana. Se abordar\u00e1 temas como composici\u00f3n qu\u00edmica de los l\u00e1cteos, la grasa l\u00e1ctea en la nutrici\u00f3n humana, sus mitos y realidades cient\u00edficas; las prote\u00ednas l\u00e1cteas, p\u00e9ptidos bioactivos; intolerancia a la lactosa; alergias alimentarias y otros.<\/p>\n<p><strong>P\u00fablico Objetivo:<\/strong><br \/>\nEl Curso est\u00e1 dirigido a estudiantes y profesionales del \u00e1mbito de la salud y otros profesionales que se desempe\u00f1an en el sector l\u00e1cteo y de la alimentaci\u00f3n como nutricionistas, dietistas, m\u00e9dicos en general, Ing. en alimentos, t\u00e9cnicos en lecher\u00eda, especialistas en marketing y comunicaci\u00f3n del sector industrial, acad\u00e9micos en general.<\/p>\n<h4>CONTENIDOS:<\/h4>\n<p><strong>MODULO 1: (2 Semanas \u2013 8\/10 \u2013 19\/10)<\/strong><\/p>\n<p><strong>Composici\u00f3n qu\u00edmica de la leche: Macro y Micronutrientes <\/strong><\/p>\n<p><strong>Grasas l\u00e1cteas:<\/strong><\/p>\n<p>&#8211; Clasificaci\u00f3n<br \/>\n&#8211; Tipos<br \/>\n&#8211; Estructuras<br \/>\n&#8211; Actualizaci\u00f3n sobre el CLA<\/p>\n<p><strong>Docente: Dr. Rodrigo Valenzuela \u2013 Sub Director Escuela de Nutrici\u00f3n, Facultad de Medicina, Universidad de Chile<\/strong><\/p>\n<p><strong>Prote\u00ednas l\u00e1cteas:<\/strong><\/p>\n<p>&#8211; Clasificaci\u00f3n y tipos<br \/>\n&#8211; Case\u00ednas<br \/>\n&#8211; Prote\u00ednas del suero<br \/>\n&#8211; Amino\u00e1cidos esenciales<\/p>\n<p><strong>Docente: Lic. Nutrici\u00f3n Rafael Cornes \u2013 Federaci\u00f3n Panamericana de Lecher\u00eda-FEPALE.<\/strong><\/p>\n<p><strong>Calcio l\u00e1cteo:<\/strong><\/p>\n<p>&#8211; Calcio en el organismo humano<br \/>\n&#8211; Contenido y nivel de absorci\u00f3n del calcio l\u00e1cteo y calcio vegetal<br \/>\n&#8211; Diferencias nutricionales entre leche y bebidas vegetales<\/p>\n<p><strong>Docente: Lic. Nutrici\u00f3n Rafael Cornes \u2013 Federaci\u00f3n Panamericana de Lecher\u00eda-FEPALE.<\/strong><\/p>\n<p><strong>MODULO 2: (1 Semana \u201322\/10 \u2013 26\/10) <\/strong><\/p>\n<p><strong>Grasa l\u00e1ctea y su relaci\u00f3n con la salud humana:<\/strong><\/p>\n<p>&#8211; Grasa, grasa saturada, metabolismo de colesterol y enfermedades cardiovasculares<br \/>\n&#8211; Grasa l\u00e1ctea y diabetes tipo 2<br \/>\n&#8211; Grasa l\u00e1ctea y obesidad<\/p>\n<p><strong>Docente: Dr. Moises Torres &#8211; Director of Nutrition Research, National Dairy Council, USA.<\/strong><\/p>\n<p><strong>MODULO 3: (1 Semana \u201329\/10 \u2013 2\/11) <\/strong><\/p>\n<p><strong>Prote\u00edna l\u00e1ctea y su relaci\u00f3n con la salud humana:<\/strong><\/p>\n<p>&#8211; Manejo del peso corporal<br \/>\n&#8211; Tratamiento de la malnutrici\u00f3n<br \/>\n&#8211; Nutrici\u00f3n para adultos mayores<br \/>\n&#8211; Nutrici\u00f3n deportiva<\/p>\n<p><strong>Docente: Dr. Moises Torres &#8211; Director of Nutrition Research, National Dairy Council, USA.<\/strong><\/p>\n<p><strong>MODULO 4: (1 Semana \u20135\/11 \u2013 9\/11) <\/strong><\/p>\n<p><strong>L\u00e1cteos en el crecimiento infantil:<\/strong><\/p>\n<p>&#8211; L\u00e1cteos en la ni\u00f1ez y adolescencia<br \/>\n&#8211; Necesidades nutricionales de calcio en la ni\u00f1ez y adolescencia<br \/>\n&#8211; Ultima evidencia cient\u00edfica sobre consumo de leche en la ni\u00f1ez y adolescencia<\/p>\n<p><strong>Docente: Dra. Cynthia Barrera \u2013 Catedr\u00e1tica, Escuela de Nutrici\u00f3n, Universidad de Chile. Departamento de Nutrici\u00f3n, Facultad de Medicina, Universidad de Chile.<\/strong><\/p>\n<p><strong>MODULO 5: (2 Semanas \u201312\/11 \u2013 23\/11) <\/strong><\/p>\n<p><strong>Mitos y realidades sobre los l\u00e1cteos y la salud humana:<\/strong><\/p>\n<p>&#8211; Origen del consumo de leche y derivados<br \/>\n&#8211; Hombre, \u00fanico mam\u00edfero que consume l\u00e1cteos luego de los 2 a\u00f1os<\/p>\n<p><strong>Docente: Dr. Rodrigo Valenzuela \u2013 Sub Director Escuela de Nutrici\u00f3n, Facultad de Medicina, Universidad de Chile.<\/strong><\/p>\n<p>&#8211; L\u00e1cteos y la intolerancia a la lactosa<\/p>\n<p><strong>Docente: Dr. Mart\u00edn Gotheland &#8211; Departamento de Nutrici\u00f3n, Facultad de Medicina, Universidad de Chile.<\/strong><\/p>\n<p>&#8211; L\u00e1cteos y las alergias alimentarias<\/p>\n<p><strong>Docente: Dra. Sylvia Cruchet &#8211; Instituto de Nutrici\u00f3n y Tecnolog\u00eda de los Alimentos, Universidad de Chile <\/strong><\/p>\n<p><strong>EVALUACI\u00d3N FINAL: (2 Semanas \u201326\/11 \u2013 7\/12) <\/strong><\/p>\n<p>&#8211; Prueba escrita m\u00faltiple opci\u00f3n a trav\u00e9s de la plataforma<\/p>\n<h4>COORDINACI\u00d3N ACAD\u00c9MICA:<\/h4>\n<p><strong>LIC. NUTRICI\u00d3N. RAFAEL CORNES<img loading=\"lazy\" decoding=\"async\" class=\" wp-image-2710 alignright\" src=\"https:\/\/fepale.org\/capacitacion\/wp-content\/uploads\/2018\/08\/Rafa.jpg\" alt=\"\" width=\"140\" height=\"145\" \/><\/strong><\/p>\n<p style=\"font-weight: 400;\"><strong>Lic. Rafael Cornes<\/strong><\/p>\n<p style=\"font-weight: 400;\">Es Coordinador de la Campa\u00f1a Panamericana de Consumo de L\u00e1cteos \u00a1S\u00ed a la leche! de la Federaci\u00f3n Panamericana de Lecher\u00eda-FEPALE, adem\u00e1s fue Profesor Adjunto en el Departamento de Nutrici\u00f3n B\u00e1sica de la Escuela de Nutrici\u00f3n, Universidad de la Rep\u00fablica, Uruguay, del 2000 a 2018.<\/p>\n<p style=\"font-weight: 400;\">Realiz\u00f3 estudios de especializaci\u00f3n en nutrici\u00f3n infantil, nutrici\u00f3n deportiva y cine-antropometr\u00eda y en educaci\u00f3n a distancia<br \/>\nEditor responsable de Libro\u00a0<em>\u201c<\/em><em>L\u00e1cteos, alimentos esenciales para el ser humano\u201d,<\/em>\u00a0editado por FEPALE.<\/p>\n<h4>DOCENTES INVITADOS:<\/h4>\n<p><strong>DR. RODRIGO VALENZUELA<img loading=\"lazy\" decoding=\"async\" class=\" wp-image-2733 alignright\" src=\"https:\/\/fepale.org\/capacitacion\/wp-content\/uploads\/2018\/08\/Dr.-Rodrigo-Valenzuela-300x270.jpg\" alt=\"\" width=\"141\" height=\"127\" srcset=\"https:\/\/fepale.org\/capacitacion\/wp-content\/uploads\/2018\/08\/Dr.-Rodrigo-Valenzuela-300x270.jpg 300w, https:\/\/fepale.org\/capacitacion\/wp-content\/uploads\/2018\/08\/Dr.-Rodrigo-Valenzuela-600x539.jpg 600w, https:\/\/fepale.org\/capacitacion\/wp-content\/uploads\/2018\/08\/Dr.-Rodrigo-Valenzuela-768x690.jpg 768w, https:\/\/fepale.org\/capacitacion\/wp-content\/uploads\/2018\/08\/Dr.-Rodrigo-Valenzuela-1024x920.jpg 1024w, https:\/\/fepale.org\/capacitacion\/wp-content\/uploads\/2018\/08\/Dr.-Rodrigo-Valenzuela-1080x970.jpg 1080w, https:\/\/fepale.org\/capacitacion\/wp-content\/uploads\/2018\/08\/Dr.-Rodrigo-Valenzuela.jpg 1341w\" sizes=\"auto, (max-width: 141px) 100vw, 141px\" \/><\/strong><\/p>\n<p>Rodrigo Valenzuela B\u00e1ez. Licenciado en Nutrici\u00f3n y Diet\u00e9tica (1999 &#8211; 2002), Nutricionista (2003), Mag\u00edster (2007) y Doctor en Nutrici\u00f3n y Alimentos (2012). Todos los grados y t\u00edtulo profesional obtenidos en la Universidad de Chile. Profesor Asociado en el Departamento de Nutrici\u00f3n de la Facultad de Medicina de la Universidad de Chile, jornada completa y acad\u00e9mico responsable del Laboratorio de L\u00edpidos y Cromatograf\u00eda. Profesor de pre grado y post grado. docencia de pre grado en cursos tales como: Ciencias de los Alimentos, Nutrici\u00f3n Humana, Alimentos y Salud, Higiene y Calidad de los Alimentos. Docencia de post grado en cursos tales como Bioqu\u00edmica y Fisiolog\u00eda de Nutrientes, L\u00edpidos en Nutrici\u00f3n y Alimentos, L\u00edpidos &#8211; nutrici\u00f3n y Salud. Director de 6 tesis de Magister en i) Nutrici\u00f3n y Alimentos o ii) Higiene y Calidad de Alimentos. L\u00ednea Principal de Investigaci\u00f3n: Los L\u00edpidos en nutrici\u00f3n y Salud, con especial \u00e9nfasis en el estudio del metabolismo de los \u00e1cidos grasos y su participaci\u00f3n en la prevenci\u00f3n de enfermedades cr\u00f3nicas. Adem\u00e1s de estudiar las propiedades funcionales de los L\u00edpidos presentes en diferentes alimentos. Autor de 68 art\u00edculos cient\u00edficos, 11 cap\u00edtulos de libros e investigador responsable o co-investigador de 14 proyectos. Con m\u00e1s de 100 presentaciones en congresos, simposio o foros relacionados con l\u00edpidos, alimentos, nutrici\u00f3n y salud.<\/p>\n<p><strong>DR. MOIS\u00c9S TORRES GONZ\u00c1LEZ<img loading=\"lazy\" decoding=\"async\" class=\" wp-image-2734 alignright\" src=\"https:\/\/fepale.org\/capacitacion\/wp-content\/uploads\/2018\/08\/Dr.-Mosi\u00e9s-Torres-300x294.jpg\" alt=\"\" width=\"135\" height=\"132\" srcset=\"https:\/\/fepale.org\/capacitacion\/wp-content\/uploads\/2018\/08\/Dr.-Mosi\u00e9s-Torres-300x294.jpg 300w, https:\/\/fepale.org\/capacitacion\/wp-content\/uploads\/2018\/08\/Dr.-Mosi\u00e9s-Torres-600x589.jpg 600w, https:\/\/fepale.org\/capacitacion\/wp-content\/uploads\/2018\/08\/Dr.-Mosi\u00e9s-Torres-768x753.jpg 768w, https:\/\/fepale.org\/capacitacion\/wp-content\/uploads\/2018\/08\/Dr.-Mosi\u00e9s-Torres-1024x1004.jpg 1024w, https:\/\/fepale.org\/capacitacion\/wp-content\/uploads\/2018\/08\/Dr.-Mosi\u00e9s-Torres-1080x1059.jpg 1080w, https:\/\/fepale.org\/capacitacion\/wp-content\/uploads\/2018\/08\/Dr.-Mosi\u00e9s-Torres-434x420.jpg 434w\" sizes=\"auto, (max-width: 135px) 100vw, 135px\" \/><\/strong><\/p>\n<p>Es el Director de Investigaci\u00f3n en Nutrici\u00f3n del Consejo Nacional de Productos L\u00e1cteos (National Dairy Council) en Rosemont, Illinois, Estados Unidos, donde se desempe\u00f1a como el experto en investigaci\u00f3n en el \u00e1rea de prote\u00ednas y grasas derivadas de estos alimentos.<br \/>\nEl Dr. Torres es de formaci\u00f3n Ingeniero Bioqu\u00edmico, graduado con menci\u00f3n honor\u00edfica del Instituto Tecnol\u00f3gico de Colima, M\u00e9xico. Realiz\u00f3 una maestr\u00eda en la misma \u00e1rea en el Instituto Tecnol\u00f3gico de Veracruz, donde recibi\u00f3 el premio como mejor estudiante de su generaci\u00f3n. Adem\u00e1s obtuvo una Maestr\u00eda y un Doctorado en Ciencias de la Nutrici\u00f3n en la Universidad de Connecticut, Estados Unidos. Al final de su doctorado, recibi\u00f3 el premio Robert G. Jensen en Investigaci\u00f3n B\u00e1sica en Nutrici\u00f3n, premio que se otorga al estudiante de doctorado considerado tener el mayor potencial para una carrera como investigador.<br \/>\nHa sido autor y coautor de alrededor de 20 art\u00edculos cient\u00edficos, 3 cap\u00edtulos de libros en el \u00e1rea de consumo de l\u00e1cteos y salud humana, adem\u00e1s de impartir m\u00e1s de 30 conferencias a nivel nacional e internacional. Realiz\u00f3 un post-doctorado en el Instituto de Linus Pauling en la Universidad Estatal de Oreg\u00f3n y fue investigador asociado en la Escuela de Medicina de la Universidad de California en San Diego.<\/p>\n<p><strong>NUTRICIONISTA MSc. PhDc. CYNTHIA BARRERA RAM\u00cdREZ<img loading=\"lazy\" decoding=\"async\" class=\" wp-image-2736 alignright\" src=\"https:\/\/fepale.org\/capacitacion\/wp-content\/uploads\/2018\/08\/Dra.-Cynthia-Barrera-252x300.jpg\" alt=\"\" width=\"121\" height=\"144\" srcset=\"https:\/\/fepale.org\/capacitacion\/wp-content\/uploads\/2018\/08\/Dra.-Cynthia-Barrera-252x300.jpg 252w, https:\/\/fepale.org\/capacitacion\/wp-content\/uploads\/2018\/08\/Dra.-Cynthia-Barrera-768x915.jpg 768w, https:\/\/fepale.org\/capacitacion\/wp-content\/uploads\/2018\/08\/Dra.-Cynthia-Barrera-860x1024.jpg 860w, https:\/\/fepale.org\/capacitacion\/wp-content\/uploads\/2018\/08\/Dra.-Cynthia-Barrera-1080x1286.jpg 1080w\" sizes=\"auto, (max-width: 121px) 100vw, 121px\" \/><\/strong><\/p>\n<p>Profesora Asistente del Departamento de Nutrici\u00f3n de la Facultad de Medicina de la Universidad de Chile. Especialista en el \u00e1rea de la Alimentaci\u00f3n y Nutrici\u00f3n Infantil. Ha participado en jornadas de l\u00e1cteos a nivel nacional e internacional y en la publicaci\u00f3n del libro \u201cL\u00e1cteos, alimentos esenciales para el ser humano\u201d, editado por FEPALE, como autora de cap\u00edtulo &#8220;Importancia del consumo de l\u00e1cteos en la infancia y adolescencia&#8221;.<\/p>\n<p><strong>DR. MART\u00cdN GOTTELAND<img loading=\"lazy\" decoding=\"async\" class=\" wp-image-2735 alignright\" src=\"https:\/\/fepale.org\/capacitacion\/wp-content\/uploads\/2018\/08\/Dr.-Mart\u00edn-Gotheland-300x272.jpg\" alt=\"\" width=\"131\" height=\"119\" srcset=\"https:\/\/fepale.org\/capacitacion\/wp-content\/uploads\/2018\/08\/Dr.-Mart\u00edn-Gotheland-300x272.jpg 300w, https:\/\/fepale.org\/capacitacion\/wp-content\/uploads\/2018\/08\/Dr.-Mart\u00edn-Gotheland.jpg 425w\" sizes=\"auto, (max-width: 131px) 100vw, 131px\" \/><\/strong><\/p>\n<p>Fisiologo, PhD en Fisiologia y Fisiopatologia de la Nutricion Humana, Univ. Denis Diderot, Paris, Francia.<br \/>\nProf. Titular Universidad de Chile, Acad\u00e9mico del Dpto. de Nutrici\u00f3n y Escuela de Nutrici\u00f3n de la Facultad de Medicina, y acedemico del INTA, Univ. de Chile.<br \/>\nExpertise y lineas de investigaci\u00f3n: fisiolog\u00eda digestiva, microbiota intestinal y nutrici\u00f3n; prebioticos, probioticos y polifenoles dietarios; desarrollo de modelos in vitro, animales y de ensayos clinicos para el estudio de la relacion alimento-salud.<br \/>\nMas de 100 publicaciones en revistas nacionales e internacionales.<br \/>\nConsultor para Ministerio de salud, Conicyt y empresas de alimentos y farmaceuticas en Chile, Per\u00fa y Colombia.<\/p>\n<p><strong>DRA. SYLVIA AIDA CRUCHET MU\u00d1OZ<img loading=\"lazy\" decoding=\"async\" class=\" wp-image-2737 alignright\" src=\"https:\/\/fepale.org\/capacitacion\/wp-content\/uploads\/2018\/08\/Dra.-Sylvia-Cruchet-244x300.jpg\" alt=\"\" width=\"119\" height=\"148\" \/><\/strong><\/p>\n<p>M\u00e9dico Cirujano, egresada de la Universidad de Chile en 1985. Magister en Gastroenterolog\u00eda y Nutrici\u00f3n Pedi\u00e1trica, de la Universidad Internacional de Andaluc\u00eda, Espa\u00f1a, 1999, obteniendo el T\u00edtulo de Especialista en Gastroenterolog\u00eda y Pediatr\u00eda. Desde 1990 se desempe\u00f1a como M\u00e9dico-Acad\u00e9mico en la Universidad de Chile, en el Instituto de Nutrici\u00f3n y Tecnolog\u00eda de los Alimentos (INTA). Es adem\u00e1s Profesor Titular y Directora de Extensi\u00f3n, Comunicaciones y RRPP del INTA, desde el a\u00f1o 2010. Ha sido M\u00e9dico-Acad\u00e9mico del Hospital San Borja Arriar\u00e1n en el per\u00edodo 2001 a 2012. Entre sus publicaciones se destacan: 3 Libros Docentes, m\u00e1s de 15 cap\u00edtulos en libros docentes, 3 libros sobre Nutrici\u00f3n, m\u00e1s de 15 cap\u00edtulos en otros libros, m\u00e1s de 40 publicaciones en revistas cient\u00edficas nacionales e internaciones y ha realizado 30 investigaciones. Ha participado de diversas actividades en el Ministerio de Salud de Chile y en diferentes Sociedades Cient\u00edficas.<\/p>\n<h4>MODALIDAD:<\/h4>\n<p><strong>On \u2013 line:<\/strong> El curso es en modalidad &#8220;a distancia&#8221; (e &#8211; learning), toda la actividad ser\u00e1 a trav\u00e9s de internet.<br \/>\n<strong>Horarios:<\/strong> El curso ser\u00e1 principalmente en forma asincr\u00f3nica, es decir que cada participante se podr\u00e1 conectar en los horarios que mejor le convenga, siempre siguiendo el cronograma previsto del curso y las indicaciones de los tutores.<br \/>\n<strong>Web Conferencias:<\/strong> Durante el curso se realizar\u00e1n actividades sincr\u00f3nicas o en tiempo real (on-line) web-conferencias (sobre esto informar\u00e1n oportunamente).<br \/>\n<strong>Aula virtual:<\/strong> Se trabajar\u00e1 en una plataforma (Moodle) especialmente dise\u00f1ada para el curso (aula virtual o entorno virtual de aprendizaje), desde donde se podr\u00e1 acceder a los materiales del curso, realizar tareas, interactuar con los tutores y el resto de los participantes del curso.<br \/>\n<strong>Foros:<\/strong> En la plataforma del curso funcionar\u00e1 un foro donde se podr\u00e1 interactuar con los participantes del mismo y con los docentes.<br \/>\n<strong>Tareas \/ Trabajos:<\/strong> Durante la actividad se realizar\u00e1n tareas, evaluaciones, ejercicios te\u00f3rico\/pr\u00e1cticos, los que ser\u00e1n asistidos por los tutores.<br \/>\n<strong>Docentes:<\/strong> El tutor\/docente de cada unidad estar\u00e1 disponible para responder las dudas y consultas de los participantes, y para ampliar los contenidos en aquellos aspectos de inter\u00e9s.<br \/>\n<strong>Material:<\/strong> El material est\u00e1 basado en documentos, presentaciones con audio e im\u00e1genes, link de inter\u00e9s y videos.<br \/>\n<strong>Evaluaci\u00f3n:<\/strong> una vez finalizado cada M\u00f3dulo, habr\u00e1 una evaluaci\u00f3n escrita con puntuaci\u00f3n, coordinado por el Docente y el Coordinador.<\/p>\n<h4>CERTIFICACI\u00d3N:<\/h4>\n<p>Aquel participante que apruebe las instancias de evaluaci\u00f3n de las distintas unidades recibir\u00e1:<br \/>\n&#8211; Certificado de Participaci\u00f3n y Aprobaci\u00f3n<br \/>\n&#8211; Constancia de Programa cumplido en el curso<br \/>\n&#8211; El certificado del curso es emitido por todas las instituciones participantes<br \/>\n&#8211; Si el participante cumple los requisitos para recibir estos documentos se enviar\u00e1n v\u00eda correo postal.<\/p>\n<h4>COSTOS:<\/h4>\n<p>El costo del curso es de <strong>USD 280<\/strong><br \/>\nPrecio bonificado abonando antes del<strong> 30\u00a0de Septiembre es de USD 230<\/strong><br \/>\n<strong>Descuento del 20% para socios de FEPALE.<\/strong><\/p>\n<h3 style=\"text-align: center;\"><a href=\"https:\/\/docs.google.com\/forms\/d\/e\/1FAIpQLSdCLhyUOm0wjmZUBQyrShIpuTGv2PwgcdDdIkRPj-XUdPGKiQ\/viewform?usp=sf_link\" target=\"_blank\" rel=\"noopener\"><strong>FORMULARIO DE INSCRIPCI\u00d3N AQU\u00cd<\/strong><\/a><\/h3>\n","protected":false},"excerpt":{"rendered":"<p>El Instituto Panamericano de Capacitaci\u00f3n para el Sector L\u00e1cteo de FEPALE convoca e invita al Curso Internacional a Distancia: El Valor Nutricional de los L\u00e1cteos \u2013 Mitos y Realidades Cient\u00edficas.<\/p>\n<p>Inicio: 8 Octubre 2018<br \/>\nFinaliza: 7 Diciembre 2018<\/p>\n<p><img loading=\"lazy\" decoding=\"async\" class=\"alignnone wp-image-2552\" src=\"https:\/\/fepale.org\/capacitacion\/wp-content\/uploads\/2018\/03\/FEPALE_top-300x152.jpg\" alt=\"\" width=\"219\" height=\"111\" srcset=\"https:\/\/fepale.org\/capacitacion\/wp-content\/uploads\/2018\/03\/FEPALE_top-300x152.jpg 300w, https:\/\/fepale.org\/capacitacion\/wp-content\/uploads\/2018\/03\/FEPALE_top-600x303.jpg 600w, https:\/\/fepale.org\/capacitacion\/wp-content\/uploads\/2018\/03\/FEPALE_top-768x388.jpg 768w, https:\/\/fepale.org\/capacitacion\/wp-content\/uploads\/2018\/03\/FEPALE_top-990x505.jpg 990w, https:\/\/fepale.org\/capacitacion\/wp-content\/uploads\/2018\/03\/FEPALE_top.jpg 1000w\" sizes=\"auto, (max-width: 219px) 100vw, 219px\" \/>\u00a0 \u00a0 \u00a0 \u00a0<img loading=\"lazy\" decoding=\"async\" class=\"alignnone wp-image-2713\" src=\"https:\/\/fepale.org\/capacitacion\/wp-content\/uploads\/2018\/08\/SI-A-LA-LECHE_violeta-284x300.jpg\" alt=\"\" width=\"128\" height=\"136\" \/><\/p>\n","protected":false},"featured_media":2712,"template":"","meta":[],"pwb-brand":[],"product_brand":[],"product_cat":[94],"product_tag":[],"class_list":{"0":"post-2709","1":"product","2":"type-product","3":"status-publish","4":"has-post-thumbnail","6":"product_cat-94","8":"first","9":"instock","10":"shipping-taxable","11":"product-type-simple"},"brands":[],"_links":{"self":[{"href":"https:\/\/fepale.org\/capacitacion\/wp-json\/wp\/v2\/product\/2709","targetHints":{"allow":["GET"]}}],"collection":[{"href":"https:\/\/fepale.org\/capacitacion\/wp-json\/wp\/v2\/product"}],"about":[{"href":"https:\/\/fepale.org\/capacitacion\/wp-json\/wp\/v2\/types\/product"}],"wp:featuredmedia":[{"embeddable":true,"href":"https:\/\/fepale.org\/capacitacion\/wp-json\/wp\/v2\/media\/2712"}],"wp:attachment":[{"href":"https:\/\/fepale.org\/capacitacion\/wp-json\/wp\/v2\/media?parent=2709"}],"wp:term":[{"taxonomy":"pwb-brand","embeddable":true,"href":"https:\/\/fepale.org\/capacitacion\/wp-json\/wp\/v2\/pwb-brand?post=2709"},{"taxonomy":"product_brand","embeddable":true,"href":"https:\/\/fepale.org\/capacitacion\/wp-json\/wp\/v2\/product_brand?post=2709"},{"taxonomy":"product_cat","embeddable":true,"href":"https:\/\/fepale.org\/capacitacion\/wp-json\/wp\/v2\/product_cat?post=2709"},{"taxonomy":"product_tag","embeddable":true,"href":"https:\/\/fepale.org\/capacitacion\/wp-json\/wp\/v2\/product_tag?post=2709"}],"curies":[{"name":"wp","href":"https:\/\/api.w.org\/{rel}","templated":true}]}}