{"id":2650,"date":"2018-04-18T10:53:47","date_gmt":"2018-04-18T13:53:47","guid":{"rendered":"https:\/\/fepale.org\/capacitacion\/?post_type=product&#038;p=2650"},"modified":"2018-12-03T13:12:45","modified_gmt":"2018-12-03T16:12:45","slug":"ciclo-de-web-conferencias-el-mercado-mundial-de-lacteos-y-la-liberacion-comercial-de-los-sectores-productivos-4-11-18-y-25-de-junio-2018","status":"publish","type":"product","link":"https:\/\/fepale.org\/capacitacion\/producto\/ciclo-de-web-conferencias-el-mercado-mundial-de-lacteos-y-la-liberacion-comercial-de-los-sectores-productivos-4-11-18-y-25-de-junio-2018\/","title":{"rendered":"Ciclo de Web Conferencias &#8211; El Mercado Mundial de L\u00e1cteos y la Liberaci\u00f3n Comercial de los Sectores Productivos. 4, 11, 18 y 25 de Junio 2018"},"content":{"rendered":"<h4>Presentaci\u00f3n:<\/h4>\n<p>Para cualquier sector productivo, que maneja vol\u00famenes excedentes, es de suma importancia conocer el mercado global de lo que produce, y adem\u00e1s saber c\u00f3mo esto incide en la comercializaci\u00f3n de los mismos.<br \/>\nEs claro que el factor producci\u00f3n es un tema importante, pero el factor comercializaci\u00f3n se vuelve cada vez m\u00e1s complejo por las dificultades globales que se presentan. Desde el punto de vista pol\u00edtico, normativo, comercial y laboral. Raz\u00f3n por la cual debemos profundizar su conocimiento.<br \/>\nEl mundo est\u00e1 desarrollando instrumentos comerciales, los cuales no todos generan los resultados deseados pero si es importante tener claro cu\u00e1les son para saber y entender sus potencialidades de uso. Es importante tener claro con que herramientas se cuenta en la comercializaci\u00f3n internacional y como ellas inciden en el potencial de comercializaci\u00f3n presente y futuro. Para ser claros: que puedo hacer y que no para liberalizar el comercio.<br \/>\nConsiderando a la Uni\u00f3n Europea como un referente en el sector producci\u00f3n y en el sector comercializaci\u00f3n externa, se considera oportuno conocer adem\u00e1s como est\u00e1 funcionando su esquema productivo y de comercializaci\u00f3n interna y externa, y a su vez su relacionamiento con otros pa\u00edses y bloques del punto de los intercambios comerciales en el sector lechero.<\/p>\n<h4>Web Conferencias:<\/h4>\n<p><strong>1\u00aa Web Conferencia: Mercado Mundial de L\u00e1cteos &#8211; 4 de Junio 12hs (zona horaria Uruguay)<\/strong><\/p>\n<p><strong>2\u00aa Web Conferencia:\u00a0\u00bfQu\u00e9 tipo de Acuerdos existen para la liberalizaci\u00f3n comercial de los sectores productivos a nivel global? Caso: Sector Lacteo. &#8211; 11 de Junio 12hs (zona horaria Uruguay)<\/strong><\/p>\n<p>La Organizaci\u00f3n Mundial de Comercio es el ente regulador de todo el comercio exterior (como tambi\u00e9n otros temas por ej: inversiones) de sus pa\u00edses miembros. Casi 170 la conforman y representan el 95% del comercio global, raz\u00f3n por la cual es necesario conocer su funcionamiento e implicancias a la hora de negociar.<\/p>\n<p><strong>3er Web Conferencia:\u00a0\u00bfCu\u00e1les son las herramientas comerciales posibles dentro de los Acuerdos que permiten la liberalizaci\u00f3n del Comercio, y en este caso del Sector L\u00e1cteo? &#8211; 18 de Junio 12hs (zona horaria Uruguay)<\/strong><\/p>\n<p>Es importante tener en cuenta los instrumentos que los Acuerdos permiten para liberalizar el comercio, y cuales tambi\u00e9n terminan volvi\u00e9ndose restrictivos. Actualizaci\u00f3n de c\u00f3mo estos instrumentos han mutado a formas m\u00e1s complejas que dificultan en algunos sectores la comercializaci\u00f3n internacional. Se tomar\u00e1 como ejemplo el sector l\u00e1cteo.<\/p>\n<p><strong>4ta Web Conferencia:\u00a0Bloques comerciales principales, producci\u00f3n y comercio l\u00e1cteo. &#8211; 25 de Junio 12hs (zona horaria Uruguay)<\/strong><\/p>\n<p>Cu\u00e1les son los actores devenidos de este proceso de globalizaci\u00f3n y regulaci\u00f3n por parte de la Organizaci\u00f3n Mundial de Comercio y de las din\u00e1micas pol\u00edticas y comerciales. Impactos de la producci\u00f3n sin cuotas de la Uni\u00f3n Europea en el resto del mundo. Antecedentes, Estrategia, que resultados buscan.<\/p>\n<h4>Modalidad:<\/h4>\n<p><strong>\u2022 Sala de Web \u2013 Conferencias:<\/strong> El <strong>Lunes<\/strong> de cada semana se desarrollar\u00e1 uno de los temas en la web \u2013 conferencia a trav\u00e9s del sistema Webex.<br \/>\nCada participante recibir\u00e1 en su correo electr\u00f3nico una invitaci\u00f3n el d\u00eda de la sesi\u00f3n unos minutos antes.<br \/>\n<strong>La sesi\u00f3n tendr\u00e1 una duraci\u00f3n m\u00e1xima de 1:00 hs, y se seguir\u00e1 el siguiente esquema:<\/strong><br \/>\n\u2022 Presentaci\u00f3n por parte del docente y desarrollo de 30 minutos del tema a abordar<br \/>\n\u2022 Se abrir\u00e1 el di\u00e1logo entre docente y participantes el cual ser\u00e1 moderado por un coordinador durante 30 minutos.<br \/>\n\u2022 El docente realizar\u00e1 un resumen como cierre de la web Conferencia.<br \/>\nCada sesi\u00f3n ser\u00e1 graba y posteriormente se enviar\u00e1 por correo electr\u00f3nico el link para su descarga.<\/p>\n<p><strong>\u2022 Equipo necesario:<\/strong><br \/>\n&#8211; PC<br \/>\n&#8211; Conexi\u00f3n a Internet<br \/>\n&#8211; Parlantes \/ Aud\u00edfonos<br \/>\n&#8211; Micr\u00f3fono (opcional)<\/p>\n<h4>Coordinaci\u00f3n T\u00e9cnica:<\/h4>\n<p><strong>Mag.Gonzalo Oleggini<\/strong><br \/>\nDoctorado en Administraci\u00f3n &#8211; Universidad Cat\u00f3lica Argentina<br \/>\nMaster of International Business &#8211; Universitat Pompeu Fabra &#8211; Barcelona<br \/>\nEspecialista en Negocios con Europa del Este &#8211; Universitat Pompeu Fabra &#8211; Barcelona<br \/>\nPostgrado en Estudios de la Integraci\u00f3n Europea &#8211; ITAM &#8211; M\u00e9xico<br \/>\nLicenciado en Negocios Internacionales e Integraci\u00f3n &#8211; Universidad Cat\u00f3lica del Uruguay<\/p>\n<p>Trabaje como Consultor en la Internacionalizaci\u00f3n de Empresas para la Uni\u00f3n Europea\/ Consultor financiero externo &#8211; Banco Interamericano de Desarrollo. Fui Director de la Licenciatura en Negocios Internacionales e Integraci\u00f3n y de la Licenciatura en Log\u00edstica de la Universidad Cat\u00f3lica del Uruguay.<\/p>\n<p>Actualmente soy consultor en comercio exterior y log\u00edstica y expositor sobre temas relacionados con el comercio internacional en eventos y congresos en Uruguay y en Sudam\u00e9rica. Como por ej.: Seminario Internacional de Lecheria (Florida, Uruguay, 2014) \/<\/p>\n<h4>Certificaci\u00f3n:<\/h4>\n<p>Al finalizar el ciclo de Web \u2013 Conferencias cada participante recibir\u00e1 un certificado digital de participaci\u00f3n.<br \/>\nEl mismo es emitido por FEPALE y ser\u00e1 enviado v\u00eda correo electr\u00f3nico con las firmas respectivas en archivo PDF, el cual podr\u00e1 imprimir.<\/p>\n<p>&nbsp;<\/p>\n<h3 style=\"text-align: center;\"><a href=\"https:\/\/docs.google.com\/forms\/d\/e\/1FAIpQLSdwRHl5Kuanlmvc-w5i7RrTO-2-JAidj8PC7Zp80YPfj04-XA\/viewform?usp=sf_link\" target=\"_blank\" rel=\"noopener\"><strong>FORMULARIO DE INSCRIPCI\u00d3N<\/strong><\/a><\/h3>\n<p style=\"text-align: right;\"><strong>POR CONSULTAS:<\/strong><br \/>\nElena Sierra \u2013 \u00c1rea de Capacitaci\u00f3n \u2013 FEPALE<br \/>\nLuis A. de Herrera 1052 Torre B \/ 1507 \u2013 Montevideo \u2013 Uruguay<br \/>\nTEL: (598) 2622 0968 \/ 2622 7538<br \/>\ninfocapacita@fepale.org\/www.fepale.org<\/p>\n","protected":false},"excerpt":{"rendered":"<p>El Instituto Panamericano del Capacitaci\u00f3n para el Sector L\u00e1cteo junto al\u00a0Mag.Gonzalo Oleggini, convocan e invitan a participar del Ciclo de Web Conferencias:\u00a0El Mercado Mundial de L\u00e1cteos y la Liberaci\u00f3n Comercial de los Sectores Productivos.<\/p>\n<p>Fechas: 4, 11, 18 y 25 de Junio 2018<\/p>\n<p>Organiza:<\/p>\n<p><img loading=\"lazy\" decoding=\"async\" class=\"alignnone wp-image-2552\" src=\"https:\/\/fepale.org\/capacitacion\/wp-content\/uploads\/2018\/03\/FEPALE_top-300x152.jpg\" alt=\"\" width=\"203\" height=\"103\" srcset=\"https:\/\/fepale.org\/capacitacion\/wp-content\/uploads\/2018\/03\/FEPALE_top-300x152.jpg 300w, https:\/\/fepale.org\/capacitacion\/wp-content\/uploads\/2018\/03\/FEPALE_top-600x303.jpg 600w, https:\/\/fepale.org\/capacitacion\/wp-content\/uploads\/2018\/03\/FEPALE_top-768x388.jpg 768w, https:\/\/fepale.org\/capacitacion\/wp-content\/uploads\/2018\/03\/FEPALE_top-990x505.jpg 990w, https:\/\/fepale.org\/capacitacion\/wp-content\/uploads\/2018\/03\/FEPALE_top.jpg 1000w\" sizes=\"auto, (max-width: 203px) 100vw, 203px\" \/><\/p>\n","protected":false},"featured_media":2651,"template":"","meta":[],"pwb-brand":[],"product_brand":[],"product_cat":[94],"product_tag":[],"class_list":{"0":"post-2650","1":"product","2":"type-product","3":"status-publish","4":"has-post-thumbnail","6":"product_cat-94","8":"first","9":"instock","10":"shipping-taxable","11":"product-type-simple"},"brands":[],"_links":{"self":[{"href":"https:\/\/fepale.org\/capacitacion\/wp-json\/wp\/v2\/product\/2650","targetHints":{"allow":["GET"]}}],"collection":[{"href":"https:\/\/fepale.org\/capacitacion\/wp-json\/wp\/v2\/product"}],"about":[{"href":"https:\/\/fepale.org\/capacitacion\/wp-json\/wp\/v2\/types\/product"}],"wp:featuredmedia":[{"embeddable":true,"href":"https:\/\/fepale.org\/capacitacion\/wp-json\/wp\/v2\/media\/2651"}],"wp:attachment":[{"href":"https:\/\/fepale.org\/capacitacion\/wp-json\/wp\/v2\/media?parent=2650"}],"wp:term":[{"taxonomy":"pwb-brand","embeddable":true,"href":"https:\/\/fepale.org\/capacitacion\/wp-json\/wp\/v2\/pwb-brand?post=2650"},{"taxonomy":"product_brand","embeddable":true,"href":"https:\/\/fepale.org\/capacitacion\/wp-json\/wp\/v2\/product_brand?post=2650"},{"taxonomy":"product_cat","embeddable":true,"href":"https:\/\/fepale.org\/capacitacion\/wp-json\/wp\/v2\/product_cat?post=2650"},{"taxonomy":"product_tag","embeddable":true,"href":"https:\/\/fepale.org\/capacitacion\/wp-json\/wp\/v2\/product_tag?post=2650"}],"curies":[{"name":"wp","href":"https:\/\/api.w.org\/{rel}","templated":true}]}}