{"id":2627,"date":"2018-03-26T12:34:42","date_gmt":"2018-03-26T15:34:42","guid":{"rendered":"http:\/\/fepale.org\/capacitacion\/?post_type=product&#038;p=2627"},"modified":"2018-12-03T13:31:31","modified_gmt":"2018-12-03T16:31:31","slug":"curso-internacional-a-distancia-manejo-de-pasturas-para-la-produccion-de-leche-en-condiciones-templadas-inicio-2-de-julio-2018","status":"publish","type":"product","link":"https:\/\/fepale.org\/capacitacion\/producto\/curso-internacional-a-distancia-manejo-de-pasturas-para-la-produccion-de-leche-en-condiciones-templadas-inicio-2-de-julio-2018\/","title":{"rendered":"Curso Internacional a Distancia Manejo de Pasturas para la Producci\u00f3n de Leche en Condiciones Templadas. Inicio 2 de Julio 2018"},"content":{"rendered":"<h4>Presentaci\u00f3n:<\/h4>\n<p>El continente americano es el que presenta la mayor variedad de climas, siendo esto consecuencia de su extensi\u00f3n de norte a sur por lo que lo afectan diversos factores que configuran esta variedad.<\/p>\n<p>Se considera que una regi\u00f3n posee clima templado cuando las temperaturas medias anuales se encuentran en el entorno de los 15 \u00b0C y con precipitaciones medias entre 1000 mm y 2000 mm anuales.<\/p>\n<p>El manejo de pasturas para la Producci\u00f3n de Leche en etas condiciones (clima templado), debe considerar que las cuatro estaciones estar\u00e1n bien definidas: un verano relativamente caliente, un oto\u00f1o con temperaturas gradualmente m\u00e1s bajas con el paso de los d\u00edas, un invierno fr\u00edo, y una primavera, con temperaturas gradualmente m\u00e1s altas con el paso de los d\u00edas.<\/p>\n<p>Esto influye directamente en las condiciones de crecimiento y desarrollo diferente a lo largo del a\u00f1o, las que se deben conocer y manejar para lograr un mayor aprovechamiento del potencial forrajero de las diferentes opciones disponibles.<\/p>\n<p><strong>OBJETIVOS DEL CURSO:<\/strong><br \/>\nIdentificar las especies forrajeras, sus requerimientos, los nutrientes necesarios y el manejo para la producci\u00f3n de leche en regiones de clima templado.<\/p>\n<p><strong>ESTRATEGIAS DEL CURSO:<\/strong><br \/>\nSe abracar\u00e1n aspectos tales como el dise\u00f1o de las rotaciones forrajeras, estrategias de fertilizaci\u00f3n, y aspectos de manejo que impactan sobre la producci\u00f3n animal. A partir del conocimiento b\u00e1sico de las principales especies se espera establecer una cultura forrajera templada que logre la sustentabilidad y rentabilidad en los sistemas lecheros. Considerando un marco global donde, la producci\u00f3n mundial de leche deber\u00e1 crecer y la recuperaci\u00f3n de los precios de los l\u00e1cteos depender\u00e1 de la ca\u00edda de los stocks acumulados en los pa\u00edses exportadores e importadores, es primordial dise\u00f1ar estrategias que permitan acompa\u00f1ar estos procesos.<\/p>\n<p><iframe loading=\"lazy\" src=\"https:\/\/player.vimeo.com\/video\/206570639\" width=\"640\" height=\"360\" frameborder=\"0\" allowfullscreen=\"allowfullscreen\"><\/iframe><\/p>\n<h4>Contenidos:<\/h4>\n<p><strong>M\u00d3DULO 1<\/strong><\/p>\n<p><strong>INTRODUCCI\u00d3N A LAS ROTACIONES FORRAJERAS<\/strong><\/p>\n<p>Recursos forrajeros para la producci\u00f3n lechera en regiones templadas<br \/>\nMorfog\u00e9nesis de las plantas forrajeras<br \/>\nFactores determinantes en el potencial productivo<\/p>\n<p><strong>M\u00d3DULO 2<\/strong><\/p>\n<p><strong>RECURSOS FORRAJEROS TEMPLADOS: ESPECIES Y CULTIVARES<\/strong><\/p>\n<p>Gram\u00edneas perennes y anuales<br \/>\nLeguminosas perennes y anuales<\/p>\n<p><strong>M\u00d3DULO 3<\/strong><\/p>\n<p><strong>PR\u00c1CTICAS CULTURALES<\/strong><\/p>\n<p>Implantaci\u00f3n y establecimiento<br \/>\nPasturas templadas polif\u00edticas<br \/>\nControl de malezas y plagas<\/p>\n<p><strong>M\u00d3DULO 4<\/strong><\/p>\n<p><strong>NUTRICI\u00d3N VEGETAL<\/strong><\/p>\n<p>Fertilizaci\u00f3n, consideraciones para un uso y manejo adecuado para la conservaci\u00f3n de los suelos y aguas<br \/>\nFertilizaci\u00f3n de gram\u00edneas<br \/>\nFertilizaci\u00f3n de leguminosas<\/p>\n<p><strong>M\u00d3DULO 5<\/strong><\/p>\n<p><strong>CRECIMIENTO Y UTILIZACI\u00d3N<\/strong><\/p>\n<p>Distribuci\u00f3n estacional del crecimiento<br \/>\nManejo de la defoliaci\u00f3n y estimaciones del crecimiento<br \/>\nPastoreo rotativo y utilizaci\u00f3n del forraje<\/p>\n<p><strong>M\u00d3DULO 6<\/strong><\/p>\n<p><strong>ROL DE LAS ESPECIES TEMPLADAS EN LA ALIMENTACI\u00d3N DE LOS SISTEMAS LECHEROS.<\/strong><\/p>\n<p>Calidad de pasturas<br \/>\nCosecha y almacenamiento para reservas<\/p>\n<h4>Modalidad:<\/h4>\n<p><strong>On \u2013 line:<\/strong> El curso se realizar en modalidad a distancia (e \u2013 learning), v\u00eda internet.<\/p>\n<p><strong>Aula Virtual:<\/strong> Se trabajar\u00e1 en una plataforma Web especialmente dise\u00f1ada para el curso (aula o plataforma virtual), desde donde se podr\u00e1 acceder a los documentos, videos, link de inter\u00e9s e interactuar con el docente y el resto de los participantes del curso.<\/p>\n<p><strong>Foro:<\/strong> En la plataforma del curso funcionar\u00e1 un foro donde se podr\u00e1 mantener contacto con los participantes del mismo y con los docentes.<\/p>\n<p><strong>Docente:<\/strong> El tutor docente estar\u00e1 disponible para responder las dudas y consultas de los participantes, y para ampliar los contenidos en aquellos aspectos de inter\u00e9s.<\/p>\n<p><strong>Horarios:<\/strong> El curso es en modalidad asincr\u00f3nica, el participante puede acceder en los horarios que mejor le convenga, siempre respetando la cronolog\u00eda del curso.<\/p>\n<p><strong>Trabajos:<\/strong> En el desarrollo del curso se trabajar\u00e1 sobre ejercicios pr\u00e1cticos los que ser\u00e1n asistidos por el docente y se plantear\u00e1 un Trabajo Final de curso.<\/p>\n<p><strong>Consultas en tiempo real:<\/strong> el tutor docente estar\u00e1 disponible a trav\u00e9s de instancias de webconferencias previamente pautadas para consultas de los alumnos durante el curso.<\/p>\n<h4>Certificaci\u00f3n:<\/h4>\n<p>Aquel participante que apruebe las instancias de evaluaci\u00f3n recibir\u00e1:<\/p>\n<p>Certificado de Participaci\u00f3n y Aprobaci\u00f3n<br \/>\nConstancia de Programa cumplido en el curso<br \/>\nSi el participante cumple los requisitos para recibir estos documentos se enviar\u00e1n v\u00eda correo electr\u00f3nico con las firmas respectivas en archivo PDF, el cual deber\u00e1 imprimir.<\/p>\n<h4>Costos:<\/h4>\n<p>El costo del curso es de U$S 180 (d\u00f3lares americanos)<\/p>\n<p>Abonando antes del 2 de Junio de 2018 se obtendr\u00e1 un precio bonificado por inscripci\u00f3n anticipada y el costo es de U$S 150 (d\u00f3lares americanos)<\/p>\n<p>Descuento del 20 % para socios de FEPALE<\/p>\n<h3 style=\"text-align: center;\"><a href=\"https:\/\/docs.google.com\/forms\/d\/e\/1FAIpQLSfEXuG9WNx4bnCOfUDZ-6uTel3muEHLDzH6GW-q1nGvOIPMuA\/viewform?usp=sf_link\" target=\"_blank\" rel=\"noopener\"><strong>FORMULARIO DE REGISTRO<\/strong><\/a><\/h3>\n<p style=\"text-align: right;\"><strong>POR CONSULTAS:<\/strong><br \/>\n<strong>Elena Sierra \u2013 \u00c1rea de Capacitaci\u00f3n \u2013 FEPALE<\/strong><br \/>\n<strong>Luis A. de Herrera 1052 Torre B \/ 1507 \u2013 Montevideo \u2013 Uruguay<\/strong><br \/>\n<strong>TEL: (598) 2622 0968 \/ 2622 7538<\/strong><br \/>\n<strong>infocapacita@fepale.org\/www.fepale.org<\/strong><\/p>\n","protected":false},"excerpt":{"rendered":"<p>El Instituto Panamericano de Capacitaci\u00f3n para el Sector L\u00e1cteo \u2013 FEPALE y Instituto Nacional de Investigaci\u00f3n Agropecuaria \u2013 INIA \u00a0convocan e invitan a participar del\u00a0Curso Internacional a Distancia Manejo de Pasturas para la Producci\u00f3n de Leche en Condiciones Templadas.<\/p>\n<p>Inicio: 2 de Julio<\/p>\n<p>Finaliza: 10 de Agosto<\/p>\n<p><img loading=\"lazy\" decoding=\"async\" class=\"alignnone size-medium wp-image-2628\" src=\"http:\/\/fepale.org\/capacitacion\/wp-content\/uploads\/2018\/03\/logo-fepale-inia.fw_-300x85.png\" alt=\"\" width=\"300\" height=\"85\" srcset=\"https:\/\/fepale.org\/capacitacion\/wp-content\/uploads\/2018\/03\/logo-fepale-inia.fw_-300x85.png 300w, https:\/\/fepale.org\/capacitacion\/wp-content\/uploads\/2018\/03\/logo-fepale-inia.fw_-600x170.png 600w, https:\/\/fepale.org\/capacitacion\/wp-content\/uploads\/2018\/03\/logo-fepale-inia.fw_.png 672w\" sizes=\"auto, (max-width: 300px) 100vw, 300px\" \/><\/p>\n","protected":false},"featured_media":2629,"template":"","meta":[],"pwb-brand":[],"product_brand":[],"product_cat":[94],"product_tag":[],"class_list":{"0":"post-2627","1":"product","2":"type-product","3":"status-publish","4":"has-post-thumbnail","6":"product_cat-94","8":"first","9":"instock","10":"shipping-taxable","11":"product-type-simple"},"brands":[],"_links":{"self":[{"href":"https:\/\/fepale.org\/capacitacion\/wp-json\/wp\/v2\/product\/2627","targetHints":{"allow":["GET"]}}],"collection":[{"href":"https:\/\/fepale.org\/capacitacion\/wp-json\/wp\/v2\/product"}],"about":[{"href":"https:\/\/fepale.org\/capacitacion\/wp-json\/wp\/v2\/types\/product"}],"wp:featuredmedia":[{"embeddable":true,"href":"https:\/\/fepale.org\/capacitacion\/wp-json\/wp\/v2\/media\/2629"}],"wp:attachment":[{"href":"https:\/\/fepale.org\/capacitacion\/wp-json\/wp\/v2\/media?parent=2627"}],"wp:term":[{"taxonomy":"pwb-brand","embeddable":true,"href":"https:\/\/fepale.org\/capacitacion\/wp-json\/wp\/v2\/pwb-brand?post=2627"},{"taxonomy":"product_brand","embeddable":true,"href":"https:\/\/fepale.org\/capacitacion\/wp-json\/wp\/v2\/product_brand?post=2627"},{"taxonomy":"product_cat","embeddable":true,"href":"https:\/\/fepale.org\/capacitacion\/wp-json\/wp\/v2\/product_cat?post=2627"},{"taxonomy":"product_tag","embeddable":true,"href":"https:\/\/fepale.org\/capacitacion\/wp-json\/wp\/v2\/product_tag?post=2627"}],"curies":[{"name":"wp","href":"https:\/\/api.w.org\/{rel}","templated":true}]}}