{"id":2579,"date":"2018-03-13T13:04:45","date_gmt":"2018-03-13T16:04:45","guid":{"rendered":"http:\/\/fepale.org\/capacitacion\/?post_type=product&#038;p=2579"},"modified":"2022-04-06T13:01:54","modified_gmt":"2022-04-06T16:01:54","slug":"curso-internacional-a-distancia-gestion-de-costos-lecheros-con-uso-de-excel","status":"publish","type":"product","link":"https:\/\/fepale.org\/capacitacion\/producto\/curso-internacional-a-distancia-gestion-de-costos-lecheros-con-uso-de-excel\/","title":{"rendered":"Gesti\u00f3n de Costos Lecheros con uso de Excel. Inicio 3 de Junio 2019 (Modalidad a Distancia)"},"content":{"rendered":"<h4>Presentaci\u00f3n:<\/h4>\n<p>Hace ya varios a\u00f1os (2006), cuando arrancamos con FEPALE con el curso de gesti\u00f3n para la finca lechera con Excel, la idea era, aparte de ense\u00f1ar esta herramienta en forma pr\u00e1ctica y aplicada a las actividades del sector que, aunque sea, se lograra llevar una gesti\u00f3n operativa o financiera que nos permitiera saber d\u00f3nde estamos parados.<br \/>\nObviamente que hay sistemas enlatados y formas de hacer esto mucho m\u00e1s completas y formalmente correctas, pero tambi\u00e9n m\u00e1s complejas y detalladas, por lo que en su momento me decid\u00ed por hacer algo relativamente simple, pero ampliable y, fundamentalmente, sustentable en el tiempo. Las experiencias me indicaban que cuando no proponemos metas muy complejas, lo perfecto termina siendo enemigo de lo bueno y el tedio y las urgencias terminan haciendo que fracasen estos muy nobles intentos, con las consiguientes frustraciones, enojos y la vuelta al punto de partida.<br \/>\nPor todo ello es que en este curso nuevo que iniciamos en 2016 y volvemos a realizar en el 2017, hemos tratado de repetir estos conceptos b\u00e1sicos, es decir, hacer una herramienta lo m\u00e1s completa y \u00fatil posible, pero siendo conscientes de que la actividad principal del lector no es la inform\u00e1tica, sino producir, asesorar o estudiar.<br \/>\nPor ende, vamos a tratar de lograr que, al finalizar el curso, tengamos en nuestro poder, aparte de los conocimientos adquiridos de Excel en s\u00ed, un m\u00f3dulo funcional que nos permita tener una mejor aproximaci\u00f3n a conocer el costo de producir un litro de leche o lo que sea que tengamos como actividad agropecuaria, con todas las opciones de an\u00e1lisis de sus variables y situaciones coyunturales, de manera tal que nos permita plantear distintos escenarios y cu\u00e1l ser\u00eda nuestra situaci\u00f3n en cada uno de ellos.<br \/>\nSabemos bien que en nuestra Am\u00e9rica Latina estas coyunturas suelen variar y determinar\u00e1n todos los otros factores que no dependen de nosotros, pero que si nos atrapan sabiendo d\u00f3nde estamos parados, nos permitir\u00e1n decidir si vamos a meter la cabeza bajo la tierra como el avestruz (o \u00f1and\u00fa) y esperar a que cambie el viento o nos ponemos a pelearla desde las variables que podemos manejar.<br \/>\nEsto, por lo tanto, nos deja la sola posibilidad de llevar gesti\u00f3n y trabajar sobre nuestros costos para tratar de dar sustentabilidad al \u201cnegocio\u201d de la lecher\u00eda.<\/p>\n<p style=\"text-align: right\"><strong>Mart\u00edn Aboaf Petit de Mourat<\/strong><br \/>\n<strong>DOCENTE DEL CURSO<\/strong><\/p>\n<h4>Contenidos:<\/h4>\n<p><strong>PROGRAMA DEL CURSO DE COSTOS CON EXCEL O COSTO DEL LITRO DE LECHE CON USO DE EXCEL:<\/strong><br \/>\nA trav\u00e9s del armado de una planilla de Excel que nos sirva para poder obtener nuestro costo de producci\u00f3n del litro de leche, iremos recorriendo conceptos te\u00f3ricos sobre el tema, ejemplos de varios pa\u00edses y trataremos de dejar planteada la discusi\u00f3n sobre un tema tan trillado como es \u00e9ste y en el cual no hay verdades absolutas.<br \/>\nDurante el armado de la planilla de Excel, que haremos en ocho entregas semanales, y que tiene como fundamento b\u00e1sico lograr algo que sea posible de mantener en el tiempo y que no requiera informaci\u00f3n imposible de obtener, iremos incorporando herramientas de esta aplicaci\u00f3n como son, entre otras, la validaci\u00f3n de datos, la creaci\u00f3n de f\u00f3rmulas l\u00f3gicas, los formatos condicionales, distintas formas de crear gr\u00e1ficos y vincular datos y varios trucos m\u00e1s.<br \/>\nTodo a partir de un libro de Excel de arranque que viene pre cargado con listas de insumos agr\u00edcolas, alimentos, tablas de laboreos, tablas de amortizaci\u00f3n de bienes, y &#8220;calculadoras&#8221; que les ayudar\u00e1n a obtener los datos m\u00e1s complejos como son la suplementaci\u00f3n y los costos de implantaci\u00f3n de praderas, verdeos, etc.<\/p>\n<p><strong>ALGUNAS IM\u00c1GENES DE REFERENCIAS DE LO QUE LOGRAREMOS EN EL CURSO:<\/strong><\/p>\n<p><img loading=\"lazy\" decoding=\"async\" class=\"alignnone wp-image-2580\" src=\"http:\/\/fepale.org\/capacitacion\/wp-content\/uploads\/2018\/03\/1-300x235.jpg\" alt=\"\" width=\"365\" height=\"286\" srcset=\"https:\/\/fepale.org\/capacitacion\/wp-content\/uploads\/2018\/03\/1-300x235.jpg 300w, https:\/\/fepale.org\/capacitacion\/wp-content\/uploads\/2018\/03\/1-600x470.jpg 600w, https:\/\/fepale.org\/capacitacion\/wp-content\/uploads\/2018\/03\/1.jpg 729w\" sizes=\"auto, (max-width: 365px) 100vw, 365px\" \/> <img loading=\"lazy\" decoding=\"async\" class=\" wp-image-2581 alignright\" src=\"http:\/\/fepale.org\/capacitacion\/wp-content\/uploads\/2018\/03\/2-300x168.jpg\" alt=\"\" width=\"439\" height=\"246\" srcset=\"https:\/\/fepale.org\/capacitacion\/wp-content\/uploads\/2018\/03\/2-300x168.jpg 300w, https:\/\/fepale.org\/capacitacion\/wp-content\/uploads\/2018\/03\/2-600x335.jpg 600w, https:\/\/fepale.org\/capacitacion\/wp-content\/uploads\/2018\/03\/2-768x429.jpg 768w, https:\/\/fepale.org\/capacitacion\/wp-content\/uploads\/2018\/03\/2-1024x572.jpg 1024w, https:\/\/fepale.org\/capacitacion\/wp-content\/uploads\/2018\/03\/2-1080x603.jpg 1080w, https:\/\/fepale.org\/capacitacion\/wp-content\/uploads\/2018\/03\/2-990x556.jpg 990w, https:\/\/fepale.org\/capacitacion\/wp-content\/uploads\/2018\/03\/2-470x264.jpg 470w, https:\/\/fepale.org\/capacitacion\/wp-content\/uploads\/2018\/03\/2-640x360.jpg 640w, https:\/\/fepale.org\/capacitacion\/wp-content\/uploads\/2018\/03\/2-215x120.jpg 215w, https:\/\/fepale.org\/capacitacion\/wp-content\/uploads\/2018\/03\/2-414x232.jpg 414w, https:\/\/fepale.org\/capacitacion\/wp-content\/uploads\/2018\/03\/2.jpg 1251w\" sizes=\"auto, (max-width: 439px) 100vw, 439px\" \/> <img loading=\"lazy\" decoding=\"async\" class=\"alignnone wp-image-2582\" src=\"http:\/\/fepale.org\/capacitacion\/wp-content\/uploads\/2018\/03\/3-300x102.jpg\" alt=\"\" width=\"427\" height=\"145\" srcset=\"https:\/\/fepale.org\/capacitacion\/wp-content\/uploads\/2018\/03\/3-300x102.jpg 300w, https:\/\/fepale.org\/capacitacion\/wp-content\/uploads\/2018\/03\/3-600x204.jpg 600w, https:\/\/fepale.org\/capacitacion\/wp-content\/uploads\/2018\/03\/3-768x262.jpg 768w, https:\/\/fepale.org\/capacitacion\/wp-content\/uploads\/2018\/03\/3-1024x349.jpg 1024w, https:\/\/fepale.org\/capacitacion\/wp-content\/uploads\/2018\/03\/3-1080x368.jpg 1080w, https:\/\/fepale.org\/capacitacion\/wp-content\/uploads\/2018\/03\/3.jpg 1157w\" sizes=\"auto, (max-width: 427px) 100vw, 427px\" \/> <img loading=\"lazy\" decoding=\"async\" class=\" wp-image-2583 alignright\" src=\"http:\/\/fepale.org\/capacitacion\/wp-content\/uploads\/2018\/03\/4-300x197.jpg\" alt=\"\" width=\"367\" height=\"241\" srcset=\"https:\/\/fepale.org\/capacitacion\/wp-content\/uploads\/2018\/03\/4-300x197.jpg 300w, https:\/\/fepale.org\/capacitacion\/wp-content\/uploads\/2018\/03\/4-600x394.jpg 600w, https:\/\/fepale.org\/capacitacion\/wp-content\/uploads\/2018\/03\/4-768x505.jpg 768w, https:\/\/fepale.org\/capacitacion\/wp-content\/uploads\/2018\/03\/4-1024x673.jpg 1024w, https:\/\/fepale.org\/capacitacion\/wp-content\/uploads\/2018\/03\/4-130x86.jpg 130w, https:\/\/fepale.org\/capacitacion\/wp-content\/uploads\/2018\/03\/4-187x124.jpg 187w, https:\/\/fepale.org\/capacitacion\/wp-content\/uploads\/2018\/03\/4.jpg 1056w\" sizes=\"auto, (max-width: 367px) 100vw, 367px\" \/> <img loading=\"lazy\" decoding=\"async\" class=\"alignnone wp-image-2584\" src=\"http:\/\/fepale.org\/capacitacion\/wp-content\/uploads\/2018\/03\/5-300x104.jpg\" alt=\"\" width=\"441\" height=\"153\" srcset=\"https:\/\/fepale.org\/capacitacion\/wp-content\/uploads\/2018\/03\/5-300x104.jpg 300w, https:\/\/fepale.org\/capacitacion\/wp-content\/uploads\/2018\/03\/5-600x208.jpg 600w, https:\/\/fepale.org\/capacitacion\/wp-content\/uploads\/2018\/03\/5-768x266.jpg 768w, https:\/\/fepale.org\/capacitacion\/wp-content\/uploads\/2018\/03\/5-1024x354.jpg 1024w, https:\/\/fepale.org\/capacitacion\/wp-content\/uploads\/2018\/03\/5-1080x374.jpg 1080w, https:\/\/fepale.org\/capacitacion\/wp-content\/uploads\/2018\/03\/5.jpg 1245w\" sizes=\"auto, (max-width: 441px) 100vw, 441px\" \/><\/p>\n<h4>Docente:<\/h4>\n<p>Mart\u00edn Aboaf Petit de Murat<\/p>\n<p>\u2022 IBM Senior Programmer<br \/>\n\u2022 Microsoft Excel Expert Specialist<br \/>\n\u2022 Certified Microsoft Innovative Educator<br \/>\n\u2022 Docente ISEA-SRA, AACREA, Fund. Libertad, CADIA, Univ. de la Empresa y FEPALE<br \/>\n\u2022 Asesor T\u00e9cnico de la Subsecretar\u00eda de Lecher\u00eda de la Naci\u00f3n<\/p>\n<h4>Modalidad:<\/h4>\n<p><strong>On \u2013 line:<\/strong> El curso se realizar en modalidad a distancia (e &#8211; learning), v\u00eda internet.<br \/>\n<strong>Aula Virtual:<\/strong> Se trabajar\u00e1 en una plataforma Web especialmente dise\u00f1ada para el curso (aula o plataforma virtual), desde donde se podr\u00e1 acceder a los documentos, videos, link de inter\u00e9s e interactuar con el docente y el resto de los participantes del curso.<br \/>\n<strong>Foro:<\/strong> En la plataforma del curso funcionar\u00e1 un foro donde se podr\u00e1 mantener contacto con los participantes del mismo y con los docentes.<br \/>\n<strong>Docente:<\/strong> El tutor docente estar\u00e1 disponible para responder las dudas y consultas de los participantes, y para ampliar los contenidos en aquellos aspectos de inter\u00e9s.<br \/>\n<strong>Horarios:<\/strong> El curso es en modalidad asincr\u00f3nica, el participante puede acceder en los horarios que mejor le convenga, siempre respetando la cronolog\u00eda del curso.<br \/>\n<strong>Trabajos:<\/strong> En el desarrollo del curso se trabajar\u00e1 sobre una planilla Excel, avanzando M\u00f3dulo a M\u00f3dulo, se programar\u00e1 una entrega intermedia y otra final para la correcci\u00f3n por parte del Docente.<\/p>\n<h4>Certificaci\u00f3n:<\/h4>\n<p>Aquel participante que apruebe las instancias de evaluaci\u00f3n recibir\u00e1:<br \/>\n&#8211; Certificado de Participaci\u00f3n y Aprobaci\u00f3n<br \/>\n&#8211; Constancia de Programa cumplido en el curso<br \/>\nSi el participante cumple los requisitos para recibir estos documentos se enviar\u00e1n v\u00eda correo electr\u00f3nico con las firmas respectivas en archivo PDF, el cual deber\u00e1 imprimir.<\/p>\n<h4>Costos:<\/h4>\n<p>El costo del curso es de <strong>U$S 200<\/strong> (doscientos d\u00f3lares americanos)<\/p>\n<p>Abonando antes del <strong>20\u00a0<\/strong><strong>de Mayo de 2019<\/strong>\u00a0se obtendr\u00e1 un precio bonificado por inscripci\u00f3n anticipada y el costo es de<strong> U$S 170<\/strong> (ciento setenta d\u00f3lares americanos)<\/p>\n<p><strong>Descuento del 20 % para socios de FEPALE<\/strong><\/p>\n<h3 style=\"text-align: center\"><a href=\"https:\/\/goo.gl\/forms\/YM3HVUCcbaCHdUjo1\" target=\"_blank\" rel=\"noopener\">FORMULARIO DE INSCRIPCI\u00d3N AQU\u00cd<\/a><\/h3>\n<p style=\"text-align: right\"><strong>POR CONSULTAS:<\/strong><br \/>\n<strong>Elena Sierra \u2013 \u00c1rea de Capacitaci\u00f3n \u2013 FEPALE<\/strong><br \/>\n<strong>Luis A. de Herrera 1052 Torre B \/ 1507 \u2013 Montevideo \u2013 Uruguay<\/strong><br \/>\n<strong>TEL: (598) 2622 0968 \/ 2622 7538<\/strong><br \/>\n<strong>infocapacita@fepale.org\/www.fepale.org<\/strong><\/p>\n<p>&nbsp;<\/p>\n","protected":false},"excerpt":{"rendered":"<p>El Instituto de Capacitaci\u00f3n para el Sector L\u00e1cteo &#8211; FEPALE\u00a0 y Excel para el Agro &#8211;\u00a0 convocan e invitan a participar del Curso Internacional a Distancia GESTI\u00d3N DE COSTOS LECHEROS CON USO DE EXCEL.<\/p>\n<p>Inicio: 3 de Junio 2019<br \/>\nDocente: Martin Aboaf Petit de Murat<\/p>\n<p><img loading=\"lazy\" decoding=\"async\" class=\"alignnone size-medium wp-image-2439\" src=\"http:\/\/fepale.org\/capacitacion\/wp-content\/uploads\/2018\/02\/logos-fepale-y-excel.fw_-300x76.png\" alt=\"\" width=\"300\" height=\"76\" srcset=\"https:\/\/fepale.org\/capacitacion\/wp-content\/uploads\/2018\/02\/logos-fepale-y-excel.fw_-300x76.png 300w, https:\/\/fepale.org\/capacitacion\/wp-content\/uploads\/2018\/02\/logos-fepale-y-excel.fw_-600x152.png 600w, https:\/\/fepale.org\/capacitacion\/wp-content\/uploads\/2018\/02\/logos-fepale-y-excel.fw_.png 668w\" sizes=\"auto, (max-width: 300px) 100vw, 300px\" \/><\/p>\n","protected":false},"featured_media":2585,"template":"","meta":[],"pwb-brand":[],"product_brand":[],"product_cat":[95],"product_tag":[],"class_list":{"0":"post-2579","1":"product","2":"type-product","3":"status-publish","4":"has-post-thumbnail","6":"product_cat-95","8":"first","9":"instock","10":"shipping-taxable","11":"product-type-simple"},"brands":[],"_links":{"self":[{"href":"https:\/\/fepale.org\/capacitacion\/wp-json\/wp\/v2\/product\/2579","targetHints":{"allow":["GET"]}}],"collection":[{"href":"https:\/\/fepale.org\/capacitacion\/wp-json\/wp\/v2\/product"}],"about":[{"href":"https:\/\/fepale.org\/capacitacion\/wp-json\/wp\/v2\/types\/product"}],"wp:featuredmedia":[{"embeddable":true,"href":"https:\/\/fepale.org\/capacitacion\/wp-json\/wp\/v2\/media\/2585"}],"wp:attachment":[{"href":"https:\/\/fepale.org\/capacitacion\/wp-json\/wp\/v2\/media?parent=2579"}],"wp:term":[{"taxonomy":"pwb-brand","embeddable":true,"href":"https:\/\/fepale.org\/capacitacion\/wp-json\/wp\/v2\/pwb-brand?post=2579"},{"taxonomy":"product_brand","embeddable":true,"href":"https:\/\/fepale.org\/capacitacion\/wp-json\/wp\/v2\/product_brand?post=2579"},{"taxonomy":"product_cat","embeddable":true,"href":"https:\/\/fepale.org\/capacitacion\/wp-json\/wp\/v2\/product_cat?post=2579"},{"taxonomy":"product_tag","embeddable":true,"href":"https:\/\/fepale.org\/capacitacion\/wp-json\/wp\/v2\/product_tag?post=2579"}],"curies":[{"name":"wp","href":"https:\/\/api.w.org\/{rel}","templated":true}]}}