{"id":2524,"date":"2018-02-15T11:08:54","date_gmt":"2018-02-15T14:08:54","guid":{"rendered":"http:\/\/fepale.org\/capacitacion\/?post_type=product&#038;p=2524"},"modified":"2022-04-06T13:02:01","modified_gmt":"2022-04-06T16:02:01","slug":"diplomado-internacional-en-produccion-lechera-modalidad-a-distancia","status":"publish","type":"product","link":"https:\/\/fepale.org\/capacitacion\/producto\/diplomado-internacional-en-produccion-lechera-modalidad-a-distancia\/","title":{"rendered":"Diplomado Internacional en Producci\u00f3n Lechera &#8211; Implementaci\u00f3n Te\u00f3rico-Pr\u00e1ctica &#8211; Inicio 29 de Abril 2019"},"content":{"rendered":"<h4>Presentaci\u00f3n:<\/h4>\n<p>El crecimiento de la producci\u00f3n lechera y las exigencias de los mercados nacionales e internacionales, hacen cada vez m\u00e1s necesaria una actualizaci\u00f3n profesional y obligan a productores y asesores a estar informados y capacitados en las \u00faltimas novedades que hacen a la producci\u00f3n de leche.<\/p>\n<p>FEPALE junto a las principales instituciones de investigaci\u00f3n y formaci\u00f3n agropecuaria de la regi\u00f3n invitan a participar en el DIPLOMADO INTERNACIONAL EN PRODUCCION LECHERA en modalidad a distancia -IMPLEMENTACI\u00d3N TE\u00d3RICO-PR\u00c1CTICA.<\/p>\n<p>El curso permite la combinaci\u00f3n del trabajo con el estudio, a la vez que los conocimientos adquiridos pueden ser aplicados inmediatamente en la producci\u00f3n. Adem\u00e1s brinda la posibilidad de interactuar con el equipo docente integrado por especialistas e investigadores de primer nivel internacional.<\/p>\n<p>El programa del curso abarca los principales aspectos que hacen a la producci\u00f3n de leche, los cuales son abordados en profundidad en una modalidad amena y de constante intercambio.<\/p>\n<p><strong>OBJETIVOS<\/strong><\/p>\n<p>El curso tiene por objetivo capacitar y actualizar en los principales temas que hacen a la producci\u00f3n de leche con las \u00faltimas novedades y tendencias en cada uno de los temas que se abordar\u00e1n.<\/p>\n<p>Tambi\u00e9n se busca crear un marco de intercambio entre docentes y participantes a trav\u00e9s de las variadas herramientas de interacci\u00f3n, teniendo en cuenta el marco enriquecedor que se da en la actividad por contar con docentes y participantes de variados pa\u00edses y con realidades diversas.<\/p>\n<h4>Contenidos:<\/h4>\n<p><strong>Unidad 0:<\/strong><\/p>\n<p><strong>Introducci\u00f3n y mercado de l\u00e1cteos<\/strong><\/p>\n<p>Presentaci\u00f3n del curso, del programa de trabajo, de los docentes, manejo y uso de la Plataforma mediante una Web Conferencia coordinada con anticipaci\u00f3n.<br \/>\nAdaptaci\u00f3n al trabajo en el aula virtual.<br \/>\nEl mercado internacional de l\u00e1cteos y el posicionamiento de Am\u00e9rica Latina.<\/p>\n<p style=\"text-align: right\"><strong>DOCENTE:<\/strong><br \/>\n<strong>FEPALE \u2013 Uruguay<\/strong><br \/>\n<strong>Dr. Ariel Londinsky<\/strong><\/p>\n<p><strong>Unidad 1:\u00a0<\/strong><\/p>\n<p><strong>Vaca en Transici\u00f3n<\/strong><\/p>\n<p>Metabolismo y endocrinolog\u00eda de la Vaca lechera en Transici\u00f3n<br \/>\nPistas metab\u00f3licas para la prevenci\u00f3n de enfermedades y buena performance productiva.<br \/>\nRequerimientos nutricionales del peri parto, dietas preparto y de vacas frescas para alto desempe\u00f1o productivo.<br \/>\nGesti\u00f3n practica del per\u00edodo de transici\u00f3n de la vaca lechera.<\/p>\n<p style=\"text-align: right\"><strong>DOCENTES:<\/strong><br \/>\n<strong>INIA \u2013 Uruguay<\/strong><br \/>\n<strong>Ing. Alejandro Mendoza<\/strong><br \/>\n<strong>Fac. de Veterinaria \u2013 Uruguay<\/strong><br \/>\n<strong>Dra. Ana Meikle<\/strong><\/p>\n<p style=\"text-align: left\"><strong>Unidad 2:\u00a0<\/strong><\/p>\n<p><strong>Pasturas y alimentaci\u00f3n operativa de la vaca lechera<\/strong><\/p>\n<p>Implantaci\u00f3n y manejo agron\u00f3mico de pasturas templadas y tropicales ( gram\u00edneas y leguminosas).<br \/>\nEl comportamiento ingestivo de la vaca lechera como base del pastoreo exitoso.<br \/>\nGesti\u00f3n del proceso de pastoreo para una m\u00e1xima producci\u00f3n leche y utilizaci\u00f3n del recurso forrajero. (Sistemas templados y tropicales).<\/p>\n<p style=\"text-align: right\"><strong>DOCENTES:<\/strong><\/p>\n<p style=\"text-align: right\"><strong>Ing. Agr. Carlos Batallas<\/strong><\/p>\n<p style=\"text-align: right\"><strong>INIA \u2013 Uruguay<\/strong><br \/>\n<strong>Ing. Gonzalo Tu\u00f1\u00f3n<\/strong><\/p>\n<p><strong>Unidad 3:<\/strong><\/p>\n<p><strong>Cria y recria de terneras de remplazo<\/strong><\/p>\n<p>Gesti\u00f3n operativa del proceso de crianza (Objetivos, factores de riesgo, organizaci\u00f3n de una guachera).<br \/>\nGesti\u00f3n sanitaria y manejo del proceso de cr\u00eda y recr\u00eda (Herramientas para el monitoreo sanitario).<br \/>\nRequerimientos nutricionales y gesti\u00f3n de las dietas de la cr\u00eda y recr\u00eda.<br \/>\nHerramientas para determinar el costo de su cr\u00eda y recr\u00eda.<\/p>\n<p style=\"text-align: right\"><strong>DOCENTES:<\/strong><br \/>\n<strong>INTA \u2013 Argentina<\/strong><br \/>\n<strong>Dr. Guillermo Berra<br \/>\n<\/strong><strong>Ing. Agr. Guillermina Osacar<\/strong><\/p>\n<p><strong>Unidad 4:<\/strong><\/p>\n<p><strong>Gesti\u00f3n reproductiva de la vaca lechera<\/strong><\/p>\n<p>Bases fisiol\u00f3gicas de los programas reproductivos en lecher\u00eda.<br \/>\nProgramas de manejo reproductivo: sincronizaci\u00f3n de celos e inseminaci\u00f3n a tiempo fijo en vacas en lactancia y en vaquillonas.<br \/>\nAspectos fundamentales de la gesti\u00f3n de la inseminaci\u00f3n en producci\u00f3n lechera.<br \/>\nProgramas de trabajo con semen sexado.<\/p>\n<p style=\"text-align: right\"><strong>DOCENTE:<br \/>\nIng. Jos\u00e9 Luis Franco<\/strong><\/p>\n<p><strong>Unidad 5:\u00a0<\/strong><\/p>\n<p><strong>Orde\u00f1e y calidad de leche<\/strong><\/p>\n<p>Fisiolog\u00eda de la lactancia y del orde\u00f1o.<br \/>\nRutina de orde\u00f1o.<br \/>\nCalidad e inocuidad de leche \u2013 Puntos cr\u00edticos.<br \/>\nIncidencia en la calidad de los productos l\u00e1cteos.<br \/>\nSalud de Ubre: factores de riesgo asociados al orde\u00f1o.<\/p>\n<p style=\"text-align: right\"><strong>DOCENTES:<\/strong><br \/>\n<strong>INTA \u2013 Argentina<\/strong><br \/>\n<strong>Ing. Miguel Taverna<\/strong><br \/>\n<strong>Dra. Roxana Paez<\/strong><br \/>\n<strong>Dra. Luciana Costabel<\/strong><br \/>\n<strong>Ing. Dianela Costamagna<\/strong><\/p>\n<p><strong>Unidad 6:<\/strong><\/p>\n<p><strong>Bienestar animal<\/strong><\/p>\n<p>Instalaciones e infraestructura para limitar el impacto del estr\u00e9s cal\u00f3rico y del barro.<br \/>\nInstalaciones orde\u00f1o: tipos, dimensionamiento, eficiencia. Aspectos ergonom\u00e9tricos.<br \/>\nInstalaciones para una gesti\u00f3n integral de los efluentes.<\/p>\n<p style=\"text-align: right\"><strong>DOCENTES:<\/strong><br \/>\n<strong>INTA \u2013 Argentina<\/strong><br \/>\n<strong>Ing. Miguel Taverna<\/strong><br \/>\n<strong>Ing. JOrge Ghiano<\/strong><br \/>\n<strong>Lic. Karina Garc\u00eda<\/strong><br \/>\n<strong>Tco. Emilio Walter<\/strong><\/p>\n<p><strong>Unidad 7:\u00a0<\/strong><\/p>\n<p><strong>Tarea Final Integradora<\/strong><\/p>\n<p style=\"text-align: right\">Carga Horaria: 8 horas semanales.<br \/>\nCarga Horaria Total: 168 Horas<\/p>\n<h4>Coordinaci\u00f3n Acad\u00e9mica:<\/h4>\n<p><strong>DANIEL GUSTAVO FERRARO<\/strong><\/p>\n<p>1. M\u00e9dico Veterinario, Facultad de Veterinaria. Universidad de Buenos Aires, Argentina.<br \/>\n1988<br \/>\n2. Diplomado en Medicina Productiva del Ganado Lechero, Universidad de Florida, USAUniversidad<br \/>\nde La Pampa, Buenos Aires, Argentina. 2007<br \/>\n3. Auditor ISO S9001\/2000, Sistemas de Gesti\u00f3n de la Calidad. MHSA, Argentina 2004<br \/>\n4. Especialista en Calidad e Inocuidad Agroalimentaria, Universidad de Buenos Aires,<br \/>\nArgentina. 2002<br \/>\n5. Especialista en Calidad de Leche y Mastitis, asesor en producci\u00f3n primaria en Programas<br \/>\nde Calidad de Leche Mastellone Hnos, La Serenisima, Argentina 1995-2007 (147 a 258<br \/>\ntambos\/a\u00f1o visitados en asistencia t\u00e9cnica y extensi\u00f3n).<br \/>\n6. Miembro de la Comisi\u00f3n T\u00e9cnica de APROCAL, (Asociaci\u00f3n Pro calidad de Leche y<br \/>\nderivados) Argentina. 2000-2007<br \/>\n7. Miembro de Comit\u00e9 T\u00e9cnico IRAM, equipos de orde\u00f1o 2006-2008<br \/>\n8. Miembro de Comisi\u00f3n Equipos de Orde\u00f1o, CNLM, Bogot\u00e1 Colombia.<br \/>\n10. Realiz\u00f3 trabajos de consultor\u00eda para: DeLaval, Bayer, Mastellone Hnos, NepH<br \/>\n(Francia), Mercol\u00e1tea\/Infortambo, y trabajos conjuntos con INTA (Instituto Nacional de<br \/>\ntecnolog\u00eda Agropecuaria).<br \/>\nPanelista y moderador en diversos congresos Mercol\u00e1ctea, FEPALE, Norbrook Ltd Ireland,<br \/>\nINTI L\u00e1cteos, ha dictado cursos en Bogot\u00e1, Medell\u00edn, y Santa Rosa de Osos de producci\u00f3n<br \/>\nprimaria y calidad de leche.<br \/>\nDisertante en Mercol\u00e1ctea desde 2000 hasta 2008, jornadas ALMAST-APROCAL, cursos y<br \/>\njornadas t\u00e9cnicas de La Serenisima, Curso El Profesional Tambero INTA, FEPALE, Curso<br \/>\nAGROCENTRO de cuidado de patas y pezu\u00f1as, Curso AGROCENTRO de INTAmbo,<br \/>\nsoftware de gesti\u00f3n administrativa,<br \/>\nAsesor\u00f3 establecimientos lecheros por m\u00e1s de 21000 VO.<br \/>\nHa dictado cursos de actualizaci\u00f3n en Argentina para veterinarios, productores y orde\u00f1adores.<br \/>\nSus escritos t\u00e9cnicos se han publicado en varias ediciones nacionales e internacionales.<\/p>\n<h3 style=\"text-align: center\"><a href=\"http:\/\/fepale.org\/capacitacion\/wp-content\/uploads\/2018\/02\/Modalidad-del-Curso-Ver-Aqu\u00ed.-1.pdf\" target=\"_blank\" rel=\"noopener\">Modalidad del Curso &#8211; Ver Aqu\u00ed.<\/a><\/h3>\n<h4>Certificaci\u00f3n:<\/h4>\n<p>Aquel participante que apruebe las instancias de evaluaci\u00f3n de las distintas unidades recibir\u00e1:<\/p>\n<p>Certificado de Participaci\u00f3n y Aprobaci\u00f3n<br \/>\nConstancia de Programa cumplido en el curso<br \/>\nEl certificado del curso es emitido por todas las instituciones participantes<\/p>\n<p>Si el participante cumple los requisitos para recibir estos documentos se enviar\u00e1n v\u00eda correo postal.<\/p>\n<h4>Costos:<\/h4>\n<p>El costo del curso es de USD 1.200 (mil doscientos d\u00f3lares americanos)<\/p>\n<p>Precio bonificado hasta el 15 de Abril 2019 es de USD1.080 (mil ochenta d\u00f3lares americanos)<\/p>\n<p>Pago hasta en 2 cuotas.<\/p>\n<p>Descuento del 20% para socios de FEPALE.<\/p>\n<h3 style=\"text-align: center\"><a href=\"https:\/\/goo.gl\/forms\/EWY3lR3gMGEEUE573\" target=\"_blank\" rel=\"noopener\"><strong>FORMULARIO DE INSCRIPCI\u00d3N AQU\u00cd<\/strong><\/a><\/h3>\n<h3 style=\"text-align: center\"><\/h3>\n<p style=\"text-align: right\"><strong>POR CONSULTAS:<\/strong><br \/>\n<strong>Elena Sierra \u2013 \u00c1rea de Capacitaci\u00f3n \u2013 FEPALE<\/strong><br \/>\n<strong>Luis A. de Herrera 1052 Torre B \/ 1507 \u2013 Montevideo \u2013 Uruguay<\/strong><br \/>\n<strong>TEL: (598) 2622 0968 \/ 2622 7538<\/strong><br \/>\n<strong>infocapacita@fepale.org\/www.fepale.org<\/strong><\/p>\n<p>&nbsp;<\/p>\n","protected":false},"excerpt":{"rendered":"<p>El Instituto Panamericano de Capacitaci\u00f3n para el Sector L\u00e1cteo de <strong>FEPALE <\/strong>junto a\u00a0<strong> INIA, INTA y FCA-UDE\u00a0<\/strong>\u00a0convocan e invitan a participar en el <strong>DIPLOMADO INTERNACIONAL EN PRODUCCI\u00d3N LECHERA (modalidad a distancia). &#8211; IMPLEMENTACI\u00d3N TE\u00d3RICO-PR\u00c1CTICA.<\/strong><\/p>\n<p><strong>Inicio: 29 de Abril 2019<\/strong><\/p>\n<p><strong>Organizan:<\/strong><\/p>\n<p><img loading=\"lazy\" decoding=\"async\" class=\"alignnone wp-image-2529\" src=\"http:\/\/fepale.org\/capacitacion\/wp-content\/uploads\/2018\/02\/organizan.fw_-1-300x48.png\" alt=\"\" width=\"438\" height=\"70\" srcset=\"https:\/\/fepale.org\/capacitacion\/wp-content\/uploads\/2018\/02\/organizan.fw_-1-300x48.png 300w, https:\/\/fepale.org\/capacitacion\/wp-content\/uploads\/2018\/02\/organizan.fw_-1-600x96.png 600w, https:\/\/fepale.org\/capacitacion\/wp-content\/uploads\/2018\/02\/organizan.fw_-1-768x122.png 768w, https:\/\/fepale.org\/capacitacion\/wp-content\/uploads\/2018\/02\/organizan.fw_-1.png 878w\" sizes=\"auto, (max-width: 438px) 100vw, 438px\" \/><\/p>\n<p>&nbsp;<\/p>\n","protected":false},"featured_media":2525,"template":"","meta":[],"pwb-brand":[],"product_brand":[],"product_cat":[89],"product_tag":[],"class_list":{"0":"post-2524","1":"product","2":"type-product","3":"status-publish","4":"has-post-thumbnail","6":"product_cat-sin-categoria","8":"first","9":"instock","10":"shipping-taxable","11":"product-type-simple"},"brands":[],"_links":{"self":[{"href":"https:\/\/fepale.org\/capacitacion\/wp-json\/wp\/v2\/product\/2524","targetHints":{"allow":["GET"]}}],"collection":[{"href":"https:\/\/fepale.org\/capacitacion\/wp-json\/wp\/v2\/product"}],"about":[{"href":"https:\/\/fepale.org\/capacitacion\/wp-json\/wp\/v2\/types\/product"}],"wp:featuredmedia":[{"embeddable":true,"href":"https:\/\/fepale.org\/capacitacion\/wp-json\/wp\/v2\/media\/2525"}],"wp:attachment":[{"href":"https:\/\/fepale.org\/capacitacion\/wp-json\/wp\/v2\/media?parent=2524"}],"wp:term":[{"taxonomy":"pwb-brand","embeddable":true,"href":"https:\/\/fepale.org\/capacitacion\/wp-json\/wp\/v2\/pwb-brand?post=2524"},{"taxonomy":"product_brand","embeddable":true,"href":"https:\/\/fepale.org\/capacitacion\/wp-json\/wp\/v2\/product_brand?post=2524"},{"taxonomy":"product_cat","embeddable":true,"href":"https:\/\/fepale.org\/capacitacion\/wp-json\/wp\/v2\/product_cat?post=2524"},{"taxonomy":"product_tag","embeddable":true,"href":"https:\/\/fepale.org\/capacitacion\/wp-json\/wp\/v2\/product_tag?post=2524"}],"curies":[{"name":"wp","href":"https:\/\/api.w.org\/{rel}","templated":true}]}}