{"id":2436,"date":"2018-02-07T13:07:45","date_gmt":"2018-02-07T16:07:45","guid":{"rendered":"http:\/\/fepale.org\/capacitacion\/?post_type=product&#038;p=2436"},"modified":"2019-06-06T13:18:34","modified_gmt":"2019-06-06T16:18:34","slug":"curso-internacional-sobre-produccion-lechera-innovacion-tecnologia-y-productividad","status":"publish","type":"product","link":"https:\/\/fepale.org\/capacitacion\/producto\/curso-internacional-sobre-produccion-lechera-innovacion-tecnologia-y-productividad\/","title":{"rendered":"Curso Internacional sobre Producci\u00f3n Lechera \u201cInnovaci\u00f3n, Tecnolog\u00eda y Productividad\u201d. &#8211; Inicio Noviembre 2018"},"content":{"rendered":"<h4>Contenidos:<\/h4>\n<p><strong>LUNES<\/strong><\/p>\n<p>Lugar: Sede de INIA La Estanzuela (Colonia, Uruguay)<\/p>\n<p>Apertura y presentaci\u00f3n de los participantes<br \/>\nPresentaci\u00f3n del curso, del programa de trabajo y de los docentes. Ariel Londinsky \u2013 FEPALE.<br \/>\nPresentaci\u00f3n del INIA, \u201cm\u00e1s de un siglo de investigaci\u00f3n agropecuaria\u201d. Dar\u00edo Hirigoyen \u2013 INIA.<br \/>\nMilk break<br \/>\nEl mercado internacional de l\u00e1cteos y como juegan los distintos actores en Am\u00e9rica Latina. Ariel Londinsky \u2013 FEPALE.<br \/>\nAlmuerzo<br \/>\nPresentaci\u00f3n de la cadena l\u00e1ctea- ejemplo de Uruguay. Dar\u00edo Hirigoyen \u2013 INIA \u2013 Facultad de Veterinaria.<br \/>\nPresentaci\u00f3n de la Unidad de lecher\u00eda de La Estanzuela- INIA. Comercial y Experimental. Datos e indicadores de producci\u00f3n. Como se maneja. Silvana Delgado \u2013 RENARE \u2013 Marcelo Pla \u2013 INIA.<br \/>\nDespliegue y avances de los proyectos en el \u00e1rea lecher\u00eda que tienen lugar en INIA-Uruguay. Santiago Fari\u00f1a \u2013 INIA.<br \/>\nCierre<\/p>\n<p><strong>MARTES<\/strong><\/p>\n<p>Lugar: Sede de INIA La Estanzuela (Colonia, Uruguay)<\/p>\n<p>M\u00f3dulos de Intensificaci\u00f3n Lechera (Proyecto 10-MIL). Santiago Fari\u00f1a \u2013 INIA<br \/>\nPlan de uso y manejo de suelos en lecher\u00eda. Impacto ambiental, evoluci\u00f3n del programa. Silvana Delgado \u2013 RENARE<br \/>\nMilk break<br \/>\nResultados de Estr\u00e9s cal\u00f3rico y su impacto en la salud y producci\u00f3n de la vaca lechera. Como se gestiona el estr\u00e9s cal\u00f3rico en tambos comerciales. Bienestar animal. Ramiro Marquez \u2013 INIA.<br \/>\nMejora gen\u00e9tica en los sistemas lecheros. Avance en INIA y Uruguay. Ignacio A \u2013 INIA<br \/>\nAlmuerzo<br \/>\nVisita a la Unidad de lecher\u00eda. \u201cInstalaciones y animales del Proyecto 10 mil\u201d. Santiago Fari\u00f1a \u2013 INIA.<br \/>\nVisita de las instalaciones de la Unidad de lecher\u00eda de La Estanzuela- INIA. Marcelo Pla.<br \/>\nCierre<\/p>\n<p><strong>MIERCOLES<\/strong><\/p>\n<p>Lugar: Sede de INIA La Estanzuela (Colonia, Uruguay)<\/p>\n<p>Avance de los proyectos FPTA. Gonzalo Tu\u00f1\u00f3n. INIA<br \/>\nSalud de Ubre, formas de manejo. Resultados de proyectos de mastitis. Joaqu\u00edn Barca \u2013 INIA \u2013 Facultad de Veterinaria.<br \/>\nMilk break<br \/>\nBuenas pr\u00e1cticas en el orde\u00f1o \/ Rutina de orde\u00f1o. Dar\u00edo Hirigoyen -INIA \u2013 Facultad de Veterinaria.<br \/>\nAlmuerzo<br \/>\nCalidad higi\u00e9nica sanitaria, alteraciones, contaminaci\u00f3n. Factores de riesgos. Dar\u00edo Hirigoyen -INIA-Facultad de Veterinaria.<br \/>\nPresentaci\u00f3n de sistemas de Orde\u00f1o voluntario \u201cRobotizaci\u00f3n\u201d, en base pastoril. Santiago Fari\u00f1a \u2013 INIA \u2013 Dar\u00edo Hirigoyen \u2013 INIA.<br \/>\nVisita al Sistema de Orde\u00f1e Voluntario. INIA La Estanzuela. Santiago Fari\u00f1a. INIA.<br \/>\nCierre<\/p>\n<p><strong>JUEVES<\/strong><\/p>\n<p>Lugar: Sede de INIA La Estanzuela (Colonia, Uruguay)<\/p>\n<p>Sistemas pastoriles en clima templado, formas de manejo en lecher\u00eda, variedades de gram\u00edneas y leguminosas utilizadas, implantaci\u00f3n, rendimientos, fertilizaciones, cosecha. Ing. Rodrigo Zarza \u2013 INIA<br \/>\nSistemas de pago en Uruguay. Facultad de Veterinaria \u2013 Silvana Carro<br \/>\nMilk break<br \/>\nCr\u00eda y recr\u00eda de terneras de remplazo. Situaci\u00f3n nacional. Avances del proyecto de salud y sanidad de la crianza de terneros. Plataforma de Salud animal, en INIA-Uruguay.<br \/>\nAlmuerzo<br \/>\nIngesta de las principales categor\u00edas claves del tambo \u2013 Requerimientos nutricionales en la cr\u00eda y recr\u00eda. Dietas preparto y de vacas frescas para alto desempe\u00f1o productivo. Gesti\u00f3n practica del per\u00edodo de transici\u00f3n de la vaca lechera. Alejandro Mendoza \u2013 INIA.<br \/>\nVisita al laboratorio de calidad de leche. INIA La Estanzuela. Andrea Cartella \u2013 INIA.<br \/>\nCierre<\/p>\n<p><strong>VIERNES<\/strong><\/p>\n<p>Lugar: Sede de INIA La Estanzuela (Colonia, Uruguay)<\/p>\n<p>Visita a dos establecimientos de orde\u00f1e comerciales de la regi\u00f3n de Colonia. Ernesto Restaino \u2013 INIA \u2013 Dar\u00edo Hirigoyen \u2013 INIA<br \/>\nAlmuerzo<br \/>\nCierre del curso<\/p>\n<h4>Costos:<\/h4>\n<p>El Costo del Curso es de<strong> USD 450 (d\u00f3lares americanos)<\/strong><\/p>\n<p><strong>Incluye:<\/strong><\/p>\n<p>\u2013 La Participaci\u00f3n en el Curso<\/p>\n<p>\u2013 Materiales<\/p>\n<p>\u2013 Alimentaci\u00f3n de todos los d\u00edas<\/p>\n<p>\u2013 Traslados del Hotel a la sede del evento y la gira de las Visitas T\u00e9cnicas.<\/p>\n<p>No Incluye Alojamiento<\/p>\n<p><strong>Descuento del 20% para Socios de FEPALE<\/strong><\/p>\n<h3 style=\"text-align: center;\"><a href=\"https:\/\/docs.google.com\/forms\/d\/e\/1FAIpQLSeTA5szKXs3EexxcPAoTY9IheDlbJBniolYfh4hkRBtVoATcw\/viewform?usp=sf_link\" target=\"_blank\" rel=\"noopener\"><strong>FORMULARIO DE INSCRIPCI\u00d3N AQU\u00cd<\/strong><\/a><\/h3>\n<p style=\"text-align: right;\"><strong>POR CONSULTAS:<\/strong><\/p>\n<p style=\"text-align: right;\">Elena Sierra \u2013 \u00c1rea de Capacitaci\u00f3n \u2013 FEPALE<\/p>\n<p style=\"text-align: right;\">Luis A. de Herrera 1052 Torre B \/ 1507 \u2013 Montevideo \u2013 Uruguay<\/p>\n<p style=\"text-align: right;\">TELEFAX: (598) 2622 0968 \/ 2622 7538<\/p>\n<p style=\"text-align: right;\">E-mail: infocapacita@fepale.org<br \/>\nwww.fepale.org<\/p>\n","protected":false},"excerpt":{"rendered":"<p>En el marco de las actividades del Instituto Latinoamericano de Capacitaci\u00f3n para el Sector L\u00e1cteo de FEPALE y en alianza con el INIA \u2013 Uruguay y con el objetivo de actualizar conocimientos, abordar las \u00faltimas tecnolog\u00edas y analizar los aspectos que hacen a la productividad lechera los invitamos a participar en el Curso Internacional sobre Producci\u00f3n Lechera \u201cInnovaci\u00f3n, Tecnolog\u00eda y Productividad\u201d.<\/p>\n<p>Con una visi\u00f3n integral y pr\u00e1ctica de los aspectos productivos, el manejo del rodeo, la gesti\u00f3n del hato, el cuidado del medio ambiente y la incorporaci\u00f3n de tecnolog\u00eda de punta, de la mano de los investigadores y especialistas del INIA, se llevar\u00e1 a cabo este curso de alto nivel que busca adem\u00e1s generar una interacci\u00f3n entre los participantes de diferentes pa\u00edses.<\/p>\n<p>La confluencia de actividades te\u00f3ricas, trabajo en los laboratorios y tambo (finca) experimental y visitas a establecimientos de producci\u00f3n de leche dar\u00e1n un marco de excelencia para el aprendizaje y la conformaci\u00f3n de redes de intercambio y camarader\u00eda entre colegas vinculados a la producci\u00f3n de leche de Am\u00e9rica Latina.<\/p>\n<p><img loading=\"lazy\" decoding=\"async\" class=\"alignnone size-medium wp-image-2437\" src=\"http:\/\/fepale.org\/capacitacion\/wp-content\/uploads\/2018\/02\/logo-fepale-inia.fw_-300x85.png\" alt=\"\" width=\"300\" height=\"85\" srcset=\"https:\/\/fepale.org\/capacitacion\/wp-content\/uploads\/2018\/02\/logo-fepale-inia.fw_-300x85.png 300w, https:\/\/fepale.org\/capacitacion\/wp-content\/uploads\/2018\/02\/logo-fepale-inia.fw_-600x170.png 600w, https:\/\/fepale.org\/capacitacion\/wp-content\/uploads\/2018\/02\/logo-fepale-inia.fw_.png 672w\" sizes=\"auto, (max-width: 300px) 100vw, 300px\" \/><\/p>\n<h3><strong>Noviembre 2018<\/strong><\/h3>\n","protected":false},"featured_media":2348,"template":"","meta":[],"pwb-brand":[],"product_brand":[],"product_cat":[89],"product_tag":[],"class_list":{"0":"post-2436","1":"product","2":"type-product","3":"status-publish","4":"has-post-thumbnail","6":"product_cat-sin-categoria","8":"first","9":"instock","10":"shipping-taxable","11":"product-type-simple"},"brands":[],"_links":{"self":[{"href":"https:\/\/fepale.org\/capacitacion\/wp-json\/wp\/v2\/product\/2436","targetHints":{"allow":["GET"]}}],"collection":[{"href":"https:\/\/fepale.org\/capacitacion\/wp-json\/wp\/v2\/product"}],"about":[{"href":"https:\/\/fepale.org\/capacitacion\/wp-json\/wp\/v2\/types\/product"}],"wp:featuredmedia":[{"embeddable":true,"href":"https:\/\/fepale.org\/capacitacion\/wp-json\/wp\/v2\/media\/2348"}],"wp:attachment":[{"href":"https:\/\/fepale.org\/capacitacion\/wp-json\/wp\/v2\/media?parent=2436"}],"wp:term":[{"taxonomy":"pwb-brand","embeddable":true,"href":"https:\/\/fepale.org\/capacitacion\/wp-json\/wp\/v2\/pwb-brand?post=2436"},{"taxonomy":"product_brand","embeddable":true,"href":"https:\/\/fepale.org\/capacitacion\/wp-json\/wp\/v2\/product_brand?post=2436"},{"taxonomy":"product_cat","embeddable":true,"href":"https:\/\/fepale.org\/capacitacion\/wp-json\/wp\/v2\/product_cat?post=2436"},{"taxonomy":"product_tag","embeddable":true,"href":"https:\/\/fepale.org\/capacitacion\/wp-json\/wp\/v2\/product_tag?post=2436"}],"curies":[{"name":"wp","href":"https:\/\/api.w.org\/{rel}","templated":true}]}}