{"id":2421,"date":"2018-02-07T12:18:00","date_gmt":"2018-02-07T15:18:00","guid":{"rendered":"http:\/\/fepale.org\/capacitacion\/?post_type=product&#038;p=2421"},"modified":"2018-12-03T13:35:52","modified_gmt":"2018-12-03T16:35:52","slug":"curso-internacional-de-automatizacion-para-la-industria-lactea","status":"publish","type":"product","link":"https:\/\/fepale.org\/capacitacion\/producto\/curso-internacional-de-automatizacion-para-la-industria-lactea\/","title":{"rendered":"Curso Internacional de Automatizaci\u00f3n para la Industria L\u00e1ctea &#8211; Inicio 9 de Abril 2018."},"content":{"rendered":"<h4>Presentaci\u00f3n:<\/h4>\n<p>Un mundo de cambios tecnol\u00f3gicos r\u00e1pidos demanda permanentemente productos y servicios de alta calidad, que solo pueden proporcionarse a trav\u00e9s de un alto nivel de productividad. Este requiere ingenier\u00eda de fabricaci\u00f3n y procesos automatizados. La calidad, el tiempo y los costos son factores clave de la industria de hoy y del futuro.<\/p>\n<p>La mecatr\u00f3nica integra los campos de la mec\u00e1nica general, ingenier\u00eda el\u00e9ctrica, ingenier\u00eda en computaci\u00f3n y tecnolog\u00edas de la informaci\u00f3n, as\u00ed como de la ingenier\u00eda de control de procesos. Est\u00e1 enfocada en la interrelaci\u00f3n entre las diferentes tecnolog\u00edas y t\u00e9cnicas. Estos modernos sistemas han alcanzado un nivel de sofisticaci\u00f3n dif\u00edcil de imaginar utilizando los enfoques y m\u00e9todos tradicionales.<\/p>\n<p>El Curso Internacional de Automatizaci\u00f3n para la Industria Lechera ser\u00e1 realizado en las instalaciones del Centro de Automatizaci\u00f3n Industrial y Mecatr\u00f3nica (CAIME). Este espacio, \u00fanico a nivel regional de capacitaci\u00f3n, asesor\u00eda y generaci\u00f3n de conocimiento.<\/p>\n<p>Durante los cinco d\u00edas de duraci\u00f3n del curso se tratar\u00e1n, y aplicar\u00e1n en la pr\u00e1ctica, los conceptos m\u00e1s importantes de automatizaci\u00f3n industrial moderna, abarcando programaci\u00f3n de PLC y sistemas de supervisi\u00f3n, control y adquisici\u00f3n de datos (SCADA), control de motores el\u00e9ctricos y variadores de velocidad, manejo y selecci\u00f3n de sensores y actuadores, sistemas de comunicaciones industriales y sistemas neum\u00e1ticos (aire comprimido). Toda esta tem\u00e1tica estar\u00e1 enmarcada por la visi\u00f3n integradora de la mecatr\u00f3nica y se expondr\u00e1n m\u00faltiples temas de gerenciamiento industrial aplicado tales como sistemas de manufactura, control de calidad en producci\u00f3n, modelos de mejora institucional e industria 4.0.<\/p>\n<p>Este curso brinda a Gerentes, Jefes o Encargados de Producci\u00f3n, Mantenimiento, Calidad y Profesionales que se desempe\u00f1an en las \u00e1reas de Automatizaci\u00f3n, Control de procesos, Ingenier\u00eda el\u00e9ctrica \/ electr\u00f3nica e Instrumentaci\u00f3n, as\u00ed como a proveedores de tecnolog\u00eda, una oportunidad de tener una visi\u00f3n global y a la vez pr\u00e1ctica, de las actuales tecnolog\u00edas, sus aplicaciones en la industria (l\u00e1ctea), y contribuir\u00e1 a los efectos de poder dimensionar, manejar y seleccionar tecnolog\u00eda de automatizaci\u00f3n industrial.<\/p>\n<h4>Sede del curso:<\/h4>\n<p>El curso tendr\u00e1 lugar del 9 al 13 de abril de 2018 en las instalaciones del Centro de Automatizaci\u00f3n Industrial y Mecatr\u00f3nica (CAIME), situadas en el Laboratorio Tecnol\u00f3gico del Uruguay (LATU).<\/p>\n<p>Este centro es la primera plataforma de alta tecnolog\u00eda de la regi\u00f3n y tiene como fin crear las capacidades necesarias para difundir la tecnolog\u00eda de automatizaci\u00f3n, que colabora con el aumento de la productividad y el cumplimiento de est\u00e1ndares internacionales. Tiene como metas agregar valor a la producci\u00f3n y posicionar a la industria en un grado de desarrollo superior.<\/p>\n<p>El equipo de entrenamiento que posee el Caime es altamente sofisticado y ofrece la posibilidad de trabajar con los equipos m\u00e1s modernos de tecnolog\u00eda de automatizaci\u00f3n de manufactura y empaquetado. Est\u00e1 configurado con componentes industriales que permiten que el participante trabaje con procesos reales.<\/p>\n<p><strong>Presentaci\u00f3n de las Instalaciones del Centro:<\/strong><\/p>\n<p><iframe loading=\"lazy\" src=\"https:\/\/www.youtube.com\/embed\/KJtbabeRFGA\" width=\"560\" height=\"315\" frameborder=\"0\" allowfullscreen=\"allowfullscreen\"><\/iframe><\/p>\n<h4>Implementaci\u00f3n:<\/h4>\n<p>El curso consta de 5 jornadas de trabajo en las que se montar\u00e1n y programar\u00e1n las distintas partes de una planta automatizada totalmente integrada, incluyendo su sistema Scada.<\/p>\n<p>El enfoque del curso ser\u00e1 fundamentalmente pr\u00e1ctico y cada uno de los participantes contar\u00e1 con los equipos necesarios para la implementaci\u00f3n completa de cada una de las pr\u00e1cticas.<\/p>\n<p>La totalidad de las clases se dictar\u00e1n en el CAIME en el horario de 9 a 17 hs.<\/p>\n<h4>Programa de trabajo:<\/h4>\n<p><strong>Lunes:<\/strong><\/p>\n<p>Charla introductoria<br \/>\nMesa de recepci\u00f3n<\/p>\n<p>Discurso de bienvenida (Autoridades)<\/p>\n<p>Alcance del curso<\/p>\n<p>Conceptos de automatizaci\u00f3n industrial moderna<br \/>\nSistemas de producci\u00f3n<\/p>\n<p>Operaciones de manufactura<\/p>\n<p>Automatizaci\u00f3n industrial<\/p>\n<p>Integraci\u00f3n del control de calidad en la automatizaci\u00f3n<\/p>\n<p><strong>Martes:<\/strong><\/p>\n<p>Sistemas de aire comprimido<br \/>\nFundamentos de neum\u00e1tica<\/p>\n<p>Sensores, l\u00f3gica de control y actuadores<\/p>\n<p>Esquemas de circuitos neum\u00e1ticos y simulaci\u00f3n<\/p>\n<p>Control de magnitudes (Presi\u00f3n, caudal, fuerza, velocidad, etc.)<\/p>\n<p>Sensores industriales<br \/>\nClasificaci\u00f3n<\/p>\n<p>Principios de funcionamiento<\/p>\n<p>Selecci\u00f3n seg\u00fan aplicaci\u00f3n<\/p>\n<p>Integraci\u00f3n en las redes industriales<\/p>\n<p>Programaci\u00f3n de PLC<br \/>\nFundamentos<\/p>\n<p>Etapas de un proyecto de automatizaci\u00f3n con PLC<\/p>\n<p>Ambiente de desarrollo STEP 7<\/p>\n<p>Lenguajes de programaci\u00f3n y bloques l\u00f3gicos<\/p>\n<p>Programaci\u00f3n estructurada<\/p>\n<p>Variables anal\u00f3gicas<\/p>\n<p><strong>Mi\u00e9rcoles:<\/strong><\/p>\n<p>Motores el\u00e9ctricos<br \/>\nFundamentos y principios de funcionamiento<\/p>\n<p>Captura de curvas caracter\u00edsticas y an\u00e1lisis<\/p>\n<p>Selecci\u00f3n y aplicaci\u00f3n en la industria<\/p>\n<p>Manejo de variadores de velocidad<br \/>\nFundamentos<\/p>\n<p>An\u00e1lisis de carga<\/p>\n<p>Selecci\u00f3n y configuraci\u00f3n<\/p>\n<p>Manejo local y remoto<\/p>\n<p>Integraci\u00f3n en redes de automatizaci\u00f3n<\/p>\n<p><strong>Jueves:<\/strong><\/p>\n<p>Comunicaciones industriales<br \/>\nFundamentos y modelo de capas industriales<\/p>\n<p>Clasificaci\u00f3n seg\u00fan medio f\u00edsico<\/p>\n<p>Estructuras de red<\/p>\n<p>Integraci\u00f3n de dispositivos en planta<\/p>\n<p>Protocolos de comunicaci\u00f3n populares<\/p>\n<p>RedesEthernet\/ProfiNet, ProfiBus\/MPI y As-i<\/p>\n<p>Sistemas SCADA<br \/>\nSistemas y componentes HMI<\/p>\n<p>WinCC e integraci\u00f3n en proyectos STEP 7<\/p>\n<p>Enlaces de datos<\/p>\n<p>Controles de entrada y salida t\u00edpicos<\/p>\n<p>Dise\u00f1o de pantallas y navegaci\u00f3n<\/p>\n<p>Calidad en procesos industriales<br \/>\nModelos de mejora<\/p>\n<p>PokaYoke: B\u00fasqueda y reducci\u00f3n de errores<\/p>\n<p>5S: Organizaci\u00f3n de puestos de trabajo<\/p>\n<p>TPM: Mantenimiento productivo<\/p>\n<p><strong>Viernes:<\/strong><\/p>\n<p>Conclusiones generales<br \/>\nMecatr\u00f3nica: Capacitaci\u00f3n para la industria.<\/p>\n<p>La industria 4.0<\/p>\n<p>Charlas de proveedores<\/p>\n<h4>Costos:<\/h4>\n<p>El costo del curso es de USD 610 (d\u00f3lares americanos)<\/p>\n<p>Realizando el pago antes del 28 de Febrero se obtendr\u00e1 un precio bonificado y el mismo es de USD 550 (d\u00f3lares americanos)<\/p>\n<p>Descuento del 20% para socios de FEPALE.<\/p>\n<p style=\"text-align: right;\"><strong>POR CONSULTAS:<\/strong><br \/>\n<strong>Elena Sierra \u2013 \u00c1rea de Capacitaci\u00f3n \u2013 FEPALE<\/strong><br \/>\n<strong>Luis A. de Herrera 1052 Torre B \/ 1507 \u2013 Montevideo \u2013 Uruguay<\/strong><br \/>\n<strong>TEL: (598) 2622 0968 \/ 2622 7538<\/strong><br \/>\n<strong>infocapacita@fepale.org\/www.fepale.org<\/strong><\/p>\n<p>&nbsp;<\/p>\n<h3 style=\"text-align: center;\"><a href=\"https:\/\/docs.google.com\/forms\/d\/e\/1FAIpQLScE0TvoTz2KSFcGQceGkpXJgFxpTXno7Fw0SoKy4eeXHc-09g\/viewform?usp=sf_link\" target=\"_blank\" rel=\"noopener\">FORMULARIO DE REGISTRO AQU\u00cd<\/a><\/h3>\n","protected":false},"excerpt":{"rendered":"<p>Con el objetivo de incorporar conceptos de automatizaci\u00f3n industrial moderna para su aplicaci\u00f3n en la industria lechera. el Instituto Panamericano de Capacitaci\u00f3n para el Sector L\u00e1cteo (FEPALE) junto al Centro de Automatizaci\u00f3n Industrial y Mecatr\u00f3nica. (CAIME) convocan e invitan a participar del Curso Internacional de Automatizaci\u00f3n para la Industria L\u00e1ctea.<\/p>\n<p><img loading=\"lazy\" decoding=\"async\" class=\"alignnone size-medium wp-image-2428\" src=\"http:\/\/fepale.org\/capacitacion\/wp-content\/uploads\/2018\/02\/fepalecaime-300x81.png\" alt=\"\" width=\"300\" height=\"81\" srcset=\"https:\/\/fepale.org\/capacitacion\/wp-content\/uploads\/2018\/02\/fepalecaime-300x81.png 300w, https:\/\/fepale.org\/capacitacion\/wp-content\/uploads\/2018\/02\/fepalecaime-600x162.png 600w, https:\/\/fepale.org\/capacitacion\/wp-content\/uploads\/2018\/02\/fepalecaime-768x208.png 768w, https:\/\/fepale.org\/capacitacion\/wp-content\/uploads\/2018\/02\/fepalecaime-1024x277.png 1024w, https:\/\/fepale.org\/capacitacion\/wp-content\/uploads\/2018\/02\/fepalecaime-1080x292.png 1080w, https:\/\/fepale.org\/capacitacion\/wp-content\/uploads\/2018\/02\/fepalecaime.png 1262w\" sizes=\"auto, (max-width: 300px) 100vw, 300px\" \/><\/p>\n<h3>9 al 13 de abril de 2018, en Montevideo, Uruguay.<\/h3>\n","protected":false},"featured_media":2433,"template":"","meta":[],"pwb-brand":[],"product_brand":[],"product_cat":[94],"product_tag":[],"class_list":{"0":"post-2421","1":"product","2":"type-product","3":"status-publish","4":"has-post-thumbnail","6":"product_cat-94","8":"first","9":"instock","10":"shipping-taxable","11":"product-type-simple"},"brands":[],"_links":{"self":[{"href":"https:\/\/fepale.org\/capacitacion\/wp-json\/wp\/v2\/product\/2421","targetHints":{"allow":["GET"]}}],"collection":[{"href":"https:\/\/fepale.org\/capacitacion\/wp-json\/wp\/v2\/product"}],"about":[{"href":"https:\/\/fepale.org\/capacitacion\/wp-json\/wp\/v2\/types\/product"}],"wp:featuredmedia":[{"embeddable":true,"href":"https:\/\/fepale.org\/capacitacion\/wp-json\/wp\/v2\/media\/2433"}],"wp:attachment":[{"href":"https:\/\/fepale.org\/capacitacion\/wp-json\/wp\/v2\/media?parent=2421"}],"wp:term":[{"taxonomy":"pwb-brand","embeddable":true,"href":"https:\/\/fepale.org\/capacitacion\/wp-json\/wp\/v2\/pwb-brand?post=2421"},{"taxonomy":"product_brand","embeddable":true,"href":"https:\/\/fepale.org\/capacitacion\/wp-json\/wp\/v2\/product_brand?post=2421"},{"taxonomy":"product_cat","embeddable":true,"href":"https:\/\/fepale.org\/capacitacion\/wp-json\/wp\/v2\/product_cat?post=2421"},{"taxonomy":"product_tag","embeddable":true,"href":"https:\/\/fepale.org\/capacitacion\/wp-json\/wp\/v2\/product_tag?post=2421"}],"curies":[{"name":"wp","href":"https:\/\/api.w.org\/{rel}","templated":true}]}}