{"id":2351,"date":"2018-02-06T10:41:33","date_gmt":"2018-02-06T13:41:33","guid":{"rendered":"http:\/\/fepale.org\/capacitacion\/?post_type=product&#038;p=2351"},"modified":"2022-04-06T13:02:16","modified_gmt":"2022-04-06T16:02:16","slug":"curso-internacional-de-especializacion-en-tecnologia-de-quesos-modalidad-a-distancia","status":"publish","type":"product","link":"https:\/\/fepale.org\/capacitacion\/producto\/curso-internacional-de-especializacion-en-tecnologia-de-quesos-modalidad-a-distancia\/","title":{"rendered":"Especializaci\u00f3n en Tecnolog\u00eda de Quesos &#8211; 25 de Marzo 2019 (Modalidad a Distancia)"},"content":{"rendered":"<h4>Presentaci\u00f3n:<\/h4>\n<p>El\u00a0 incremento de la producci\u00f3n de leche y el aumento del consumo de quesos, lleva a que el Sector Industrial Quesero deba estar actualizado y capacitado en el uso de tecnolog\u00eda modernas, para cumplir con las exigencias de los mercados.<\/p>\n<p>La Federaci\u00f3n Panamericana de la Leche receptiva de solicitudes y ante llamados de interesados en conocer y profundizar en metodolog\u00edas de elaboraci\u00f3n\u00a0 as\u00ed como en adquirir conocimientos para competir por mercados emergentes, ofrece esta herramienta en la modalidad a distancia, a todas aquellas personas que de una u otra manera est\u00e1n ligadas al queso.<\/p>\n<p>Permite as\u00ed que el participante pueda cumplir laboralmente y en los horarios propicios\u00a0 para avanzar en forma coordinada con docentes altamente calificados y reconocidos e intercambiar conocimientos y experiencias con dem\u00e1s participantes.<\/p>\n<h4>Objetivos:<\/h4>\n<p>El participante a la finalizaci\u00f3n del curso habr\u00e1 adquirido conocimientos, para tomar decisiones responsables al momento de elaborar los quesos, madurar y controlar seg\u00fan los niveles de exigencias del consumidor.<\/p>\n<h4>Contenidos:<\/h4>\n<p><strong>Presentaciones Individuales y Uso del Aula Virtual\u00a0<\/strong><\/p>\n<p>Iniciar con web Conferencia explicativa y de consultas.<br \/>\n\u2022 Modalidad del Curso<br \/>\n\u2022 Tutorial del Uso de la herramienta<br \/>\n\u2022 Foro de consultas sobre plataforma<br \/>\n\u2022 Foro de Presentaci\u00f3n<\/p>\n<p><strong>M\u00f3dulo 1\u2013 Producci\u00f3n mundial de quesos, comercio internacional.\u00a0<\/strong><\/p>\n<p>\u2022 Comercio internacional de l\u00e1cteos<br \/>\n\u2022 Normativas<br \/>\n\u2022 Producci\u00f3n y Pol\u00edticas lecheras: Producci\u00f3n y consumo mundial y regional de leche y productos l\u00e1cteos. Cuencas lecheras en pa\u00edses de Am\u00e9rica, importaciones-exportaciones y pol\u00edticas de desarrollo en pa\u00edses de Am\u00e9rica Latina.<\/p>\n<p style=\"text-align: right\"><strong>Docente: Ariel Londinsky \u2013 Uruguay &#8211; FEPALE<\/strong><\/p>\n<p><strong>M\u00f3dulo 2 &#8211;\u00a0\u00a0<\/strong><strong>La Leche, composici\u00f3n, propiedades, microbiolog\u00eda y anal\u00edtica.\u00a0<\/strong><\/p>\n<p>\u2022 Leche.<br \/>\n\u2022 Producci\u00f3n de leche higi\u00e9nica.<br \/>\n\u2022 Composici\u00f3n de la leche<br \/>\n\u2022 Propiedades f\u00edsicas y qu\u00edmicas de la leche.<br \/>\n\u2022 Microbiolog\u00eda de la leche.<br \/>\n\u2022 Cambios f\u00edsico-qu\u00edmicos y sensoriales de la leche.<br \/>\n\u2022 M\u00e9todos de muestreo y an\u00e1lisis.<\/p>\n<p>&nbsp;<\/p>\n<p style=\"text-align: right\"><strong>Docente: Fanny Ludue\u00f1a \u2013 Univ. La Molina &#8211; Per\u00fa<\/strong><\/p>\n<p><strong>M\u00f3dulo 3 \u2013\u00a0<\/strong><strong>Evaluaci\u00f3n Sensorial en quesos.\u00a0<\/strong><\/p>\n<p>\u2022 Importancia de la Evaluaci\u00f3n de la Calidad Sensorial.<br \/>\n\u2022 Metodolog\u00eda anal\u00edtica.<br \/>\n\u2022 Importancia del evaluador.<br \/>\n\u2022 Etapas de formaci\u00f3n del evaluador.<br \/>\n\u2022 Definiciones de perfil, atributos y defectos.<br \/>\n\u2022 Caracter\u00edsticas sensoriales de los quesos.<br \/>\n\u2022 Caracteres a percibir.<br \/>\n\u2022 La evaluaci\u00f3n sensorial como control interno y la importancia de participar en Concursos.<\/p>\n<p style=\"text-align: right\"><strong>Docente: Adriana Gambaro &#8211; Uruguay<\/strong><\/p>\n<p><strong>M\u00f3dulo 4 \u2013 Valor Nutricional de la Leche y el Queso.\u00a0<\/strong><\/p>\n<p>\u2022 Valor nutricional de la leche.<br \/>\nLa Leche como fuente de Nutrientes esenciales para la nutrici\u00f3n humana en todas las etapas de la vida.<br \/>\nProte\u00ednas, Calcio, Lactosa, Grasas l\u00e1cteas, y su relaci\u00f3n con la salud. Quesos y su valor nutricional.<\/p>\n<p style=\"text-align: right\"><strong>Docente: Rafael Cornes \u2013 FEPALE &#8211; Uruguay<\/strong><\/p>\n<p><strong>M\u00f3dulo 5 \u2013 Pre-tratamientos de la leche a Quesos.\u00a0<\/strong><\/p>\n<p>\u2022 Pasteurizaci\u00f3n en queser\u00eda, importancia y Equipamiento<br \/>\n\u2022 Equipos intermedios, tk b\u00fafer, pre maduradores, dosificadores de polvos, concentraci\u00f3n de prote\u00ednas por uf, deslactosado.<br \/>\n\u2022 Equipos de coagulaci\u00f3n, tinas, coaguladores, carros.<br \/>\n\u2022 Sistemas de molde, estabilizadores de ph, rotura de masa, chedarizado.<br \/>\n\u2022 Salado, acondicionado de las salmuera, cuidado de las cortezas.<br \/>\n\u2022 Envasado, hilado, oreo, aplicaci\u00f3n de coberturas, dep\u00f3sitos, cuidados al madurar.<br \/>\n\u2022 Servicios perif\u00e9ricos<\/p>\n<p style=\"text-align: right\"><strong>Docente: Oscar Pi\u00f1eyro \u2013 Argentina &#8211; Consultor privado.<\/strong><\/p>\n<p><strong>M\u00f3dulo 6 \u2013 Quesos.\u00a0<\/strong><\/p>\n<p>\u2022 Definici\u00f3n.<br \/>\n\u2022 Origen del queso<br \/>\n\u2022 Etapas de una elaboraci\u00f3n tipo.<br \/>\n\u2022 Fermentos o starters. Importancia. Clasificaci\u00f3n.<br \/>\n\u2022 Enz\u00edmas cuagulantes. Importancia de la Selecci\u00f3n.<br \/>\n\u2022 Familias de Quesos:<br \/>\nQuesos de Pasta lavada.<br \/>\nQuesos con ojos.<br \/>\nQuesos grana.<br \/>\nQuesos de pasta hilada.<br \/>\nQuesos con Hongos.<br \/>\nQueso Cheddar.<br \/>\nOtros.<br \/>\n\u2022 Salmuera: preparaci\u00f3n e importancia<br \/>\n\u2022 C\u00e1maras de maduraci\u00f3n: fr\u00eda y caliente.<br \/>\nTerminaci\u00f3n y presentaci\u00f3n.<\/p>\n<p style=\"text-align: right\"><strong>Docente: Sergio Borbonet \u2013 Uruguay.<\/strong><\/p>\n<p><strong>M\u00f3dulo 7 \u2013 Aprovechamiento de Suero de Queser\u00eda.<\/strong><\/p>\n<p>\u2022 Tratamiento en piletas<br \/>\n\u2022 M\u00e9todos \/ Sistemas de obtenci\u00f3n de ingredientes del suero<br \/>\n\u2022 Utilizaci\u00f3n de prote\u00ednas de suero.<\/p>\n<p style=\"text-align: right\"><strong>Docente: Diana Viquez &#8211; Costa Rica \u2013 CITA<\/strong><\/p>\n<p><strong>M\u00f3dulo 8 \u2013 Inocuidad.<\/strong><\/p>\n<p><strong>Cap\u00edtulo 1 Introducci\u00f3n a los conceptos de Inocuidad alimentaria<\/strong><\/p>\n<p>\u2022 \u00bfQu\u00e9 entendemos por inocuidad alimentaria?<br \/>\n\u2022 EL ASEGURAMIENTO DE LA INOCUIDAD<br \/>\n\u2022 Percepci\u00f3n de la inocuidad de los alimentos<br \/>\n\u2022 Breve historia de la Inocuidad<br \/>\n\u2022 \u00bfPor qu\u00e9 el auge de la INOCUIDAD?<br \/>\n\u2022 Algunos datos relevantes de ETA<br \/>\n\u2022 Introducci\u00f3n a las Normas ISO<br \/>\n\u2022 Conceptos de Sistemas Integrados de Gesti\u00f3n<br \/>\n\u2022 Introducci\u00f3n a la Norma ISO 22000:2005 Sistemas de gesti\u00f3n de la Inocuidad de los alimentos<\/p>\n<p><strong>Cap\u00edtulo 2 Peligros Asociados a los Alimentos<\/strong><\/p>\n<p>\u2022 Tipos de peligros asociados a los alimentos<br \/>\n\u2022 Concepto de Riesgo<\/p>\n<p><strong>Cap\u00edtulo 3 Programas de Pre-requisitos con \u00e9nfasis en la industria l\u00e1ctea<\/strong><\/p>\n<p>\u2022 Objetivos de los PPR<br \/>\n\u2022 Historia de los PPR<br \/>\n\u2022 Diferencias entre Programas de pre-requisito y HACCP<br \/>\n\u2022 ALGUNOS PROGRAMAS QUE PUEDEN SER CONSIDERADOS COMO PRE-REQUISITO<br \/>\n\u2022 Estudios de varios PPR de importancia en la industria l\u00e1ctea en particular<\/p>\n<p><strong>Cap\u00edtulo 4 HACCP<\/strong><\/p>\n<p>\u2022 \u00bfQu\u00e9 es HACCP? Problemas de traducci\u00f3n<br \/>\n\u2022 Prop\u00f3sito y objetivo de HACCP<br \/>\n\u2022 Historia de HACCP y razones para su aplicaci\u00f3n<br \/>\n\u2022 Interrelaci\u00f3n entre el comercio internacional y HACCP en la actualidad<br \/>\n\u2022 Actividades Pre HACCP<br \/>\n\u2022 Los 7 principios HACCP<br \/>\n\u2022 Discusi\u00f3n de un Plan HACCP en la elaboraci\u00f3n de queso<br \/>\n\u2022 Implementaci\u00f3n y Mantenimiento del Sistema HACCP<\/p>\n<p style=\"text-align: right\"><strong>Docente: Quality International &#8211; Uruguay<\/strong><\/p>\n<p>&nbsp;<\/p>\n<p><strong>M\u00f3dulo 9 \u2013Gesti\u00f3n de la empresa Lechera. \u00bfC\u00f3mo realizar negocios responsables?\u00a0<\/strong><\/p>\n<p>\u2022 Gesti\u00f3n Econ\u00f3mica (Costos y finanzas).<br \/>\n\u2022 Gesti\u00f3n Social (Mercado y relaciones de gesti\u00f3n con el Estado, Comunidad y Empleados).<br \/>\n\u2022 Gesti\u00f3n Ambiental.<\/p>\n<p style=\"text-align: right\"><strong>Docente: Norberto Purstchert &#8211; Ecuador<\/strong><\/p>\n<p><strong>M\u00f3dulo 10 &#8211; Panel sobre Quesos Regionales.\u00a0<\/strong><\/p>\n<p>\u2022 Quesos andinos<br \/>\n\u2022 Quesos del Cono Sur<br \/>\n\u2022 Quesos de Brasil<br \/>\n\u2022 Quesos de Centro Am\u00e9rica<\/p>\n<p style=\"text-align: right\"><strong>Carga Horaria: 8 horas semanales. (Total 150 Horas)<\/strong><\/p>\n<p>&nbsp;<\/p>\n<h3 style=\"text-align: center\"><a href=\"http:\/\/fepale.org\/capacitacion\/wp-content\/uploads\/2018\/02\/Modalidad-del-Curso-Ver-Aqu\u00ed..pdf\" target=\"_blank\" rel=\"noopener\">Modalidad del Curso &#8211; Ver Aqu\u00ed.<\/a><\/h3>\n<h4>Coordinaci\u00f3n Acad\u00e9mica:<\/h4>\n<p>T\/L Sergio Borbonet. \u2013 <a href=\"https:\/\/fepale.org\/capacitacion\/wp-content\/uploads\/2018\/02\/CV-Sergio-Borbonet-1.pdf\">CV &#8211; Sergio Borbonet<\/a><\/p>\n<p>Fanny Ludue\u00f1a \u2013 Universidad La Molina &#8211; <a href=\"https:\/\/fepale.org\/capacitacion\/wp-content\/uploads\/2018\/02\/C.V.-Fanny-Lude\u00f1a.pdf\">C.V. &#8211; Fanny Lude\u00f1a<\/a><\/p>\n<h4>Certificaci\u00f3n:<\/h4>\n<p>Aquel participante que apruebe las instancias de evaluaci\u00f3n de las distintas unidades recibir\u00e1:<\/p>\n<p>Certificado de Participaci\u00f3n y Aprobaci\u00f3n<br \/>\nConstancia de Programa cumplido en el curso<br \/>\nEl certificado del curso es emitido por todas las instituciones participantes<\/p>\n<p>Si el participante cumple los requisitos para recibir estos documentos se enviar\u00e1n v\u00eda correo postal.<\/p>\n<h4>Costos:<\/h4>\n<p>El costo del curso es de USD 1.200 (mil doscientos d\u00f3lares americanos)<\/p>\n<p>Abonando antes del 25 de Febrero 2019 cuenta con un precio bonificado de USD 1.080 (mil ochenta d\u00f3lares americanos)<\/p>\n<p>Descuento del 20% para socios de FEPALE.<\/p>\n<p>Se puede abonar hasta en 2 cuotas.<br \/>\nRecomendamos confirmar la participaci\u00f3n ya que en esta oportunidad los cupos son estrictamente limitados, los mismos se ir\u00e1n otorgando por orden de confirmaci\u00f3n y con el pago del curso o de la primer cuota.<\/p>\n<h3 style=\"text-align: center\"><a href=\"https:\/\/goo.gl\/forms\/xPLZwU7WOPA8L3WJ3\" target=\"_blank\" rel=\"noopener\">FORMULARIO DE INSCRIPCI\u00d3N AQU\u00cd<\/a><\/h3>\n<h3 style=\"text-align: center\"><\/h3>\n<p style=\"text-align: right\"><strong>POR CONSULTAS:<\/strong><br \/>\n<strong>Elena Sierra \u2013 \u00c1rea de Capacitaci\u00f3n \u2013 FEPALE<\/strong><br \/>\n<strong>Luis A. de Herrera 1052 Torre B \/ 1507 \u2013 Montevideo \u2013 Uruguay<\/strong><br \/>\n<strong>TEL: (598) 2622 0968 \/ 2622 7538<\/strong><br \/>\n<strong>infocapacita@fepale.org\/www.fepale.org<\/strong><\/p>\n","protected":false},"excerpt":{"rendered":"<p>El Instituto de Capacitaci\u00f3n para el Sector L\u00e1cteo de FEPALE y la UNIVERSIDAD NACIONAL AGRARIA LA MOLINA, PER\u00da, convocan e invitan a participar en el CURSO INTERNACIONAL DE ESPECIALIZACI\u00d3N EN TECNOLOG\u00cdA DE QUESOS. (modalidad a distancia).<\/p>\n<p><img loading=\"lazy\" decoding=\"async\" class=\"alignnone size-medium wp-image-2403\" src=\"http:\/\/fepale.org\/capacitacion\/wp-content\/uploads\/2018\/02\/fepaleymolina-300x73.jpg\" alt=\"\" width=\"300\" height=\"73\" srcset=\"https:\/\/fepale.org\/capacitacion\/wp-content\/uploads\/2018\/02\/fepaleymolina-300x73.jpg 300w, https:\/\/fepale.org\/capacitacion\/wp-content\/uploads\/2018\/02\/fepaleymolina-600x145.jpg 600w, https:\/\/fepale.org\/capacitacion\/wp-content\/uploads\/2018\/02\/fepaleymolina-768x186.jpg 768w, https:\/\/fepale.org\/capacitacion\/wp-content\/uploads\/2018\/02\/fepaleymolina.jpg 821w\" sizes=\"auto, (max-width: 300px) 100vw, 300px\" \/><\/p>\n<h3>Inicio: 25 de Marzo 2019<\/h3>\n","protected":false},"featured_media":2365,"template":"","meta":[],"pwb-brand":[],"product_brand":[],"product_cat":[95],"product_tag":[80,79,82,81],"class_list":{"0":"post-2351","1":"product","2":"type-product","3":"status-publish","4":"has-post-thumbnail","6":"product_cat-95","7":"product_tag-curso","8":"product_tag-diplomado","9":"product_tag-especializacion","10":"product_tag-quesos","12":"first","13":"instock","14":"shipping-taxable","15":"product-type-simple"},"brands":[],"_links":{"self":[{"href":"https:\/\/fepale.org\/capacitacion\/wp-json\/wp\/v2\/product\/2351","targetHints":{"allow":["GET"]}}],"collection":[{"href":"https:\/\/fepale.org\/capacitacion\/wp-json\/wp\/v2\/product"}],"about":[{"href":"https:\/\/fepale.org\/capacitacion\/wp-json\/wp\/v2\/types\/product"}],"wp:featuredmedia":[{"embeddable":true,"href":"https:\/\/fepale.org\/capacitacion\/wp-json\/wp\/v2\/media\/2365"}],"wp:attachment":[{"href":"https:\/\/fepale.org\/capacitacion\/wp-json\/wp\/v2\/media?parent=2351"}],"wp:term":[{"taxonomy":"pwb-brand","embeddable":true,"href":"https:\/\/fepale.org\/capacitacion\/wp-json\/wp\/v2\/pwb-brand?post=2351"},{"taxonomy":"product_brand","embeddable":true,"href":"https:\/\/fepale.org\/capacitacion\/wp-json\/wp\/v2\/product_brand?post=2351"},{"taxonomy":"product_cat","embeddable":true,"href":"https:\/\/fepale.org\/capacitacion\/wp-json\/wp\/v2\/product_cat?post=2351"},{"taxonomy":"product_tag","embeddable":true,"href":"https:\/\/fepale.org\/capacitacion\/wp-json\/wp\/v2\/product_tag?post=2351"}],"curies":[{"name":"wp","href":"https:\/\/api.w.org\/{rel}","templated":true}]}}